{"id":159531,"date":"2024-04-12T11:51:02","date_gmt":"2024-04-12T16:51:02","guid":{"rendered":"https:\/\/hairuwear.com\/?page_id=159531"},"modified":"2024-09-17T15:18:05","modified_gmt":"2024-09-17T20:18:05","slug":"wig-faq","status":"publish","type":"page","link":"https:\/\/www.hairuwear.com\/de\/wig-faq\/","title":{"rendered":"Per\u00fccke FAQ's"},"content":{"rendered":"<div data-elementor-type=\"wp-page\" data-elementor-id=\"159531\" class=\"elementor elementor-159531\" data-elementor-post-type=\"page\">\n\t\t\t\t\t\t<section class=\"elementor-section elementor-top-section elementor-element elementor-element-36e254c elementor-section-boxed elementor-section-height-default elementor-section-height-default\" data-id=\"36e254c\" data-element_type=\"section\">\n\t\t\t\t\t\t<div class=\"elementor-container elementor-column-gap-default\">\n\t\t\t\t\t<div class=\"elementor-column elementor-col-100 elementor-top-column elementor-element elementor-element-38fb514\" data-id=\"38fb514\" data-element_type=\"column\">\n\t\t\t<div class=\"elementor-widget-wrap elementor-element-populated\">\n\t\t\t\t\t\t<div class=\"elementor-element elementor-element-b4ebd17 elementor-widget elementor-widget-heading\" data-id=\"b4ebd17\" data-element_type=\"widget\" data-widget_type=\"heading.default\">\n\t\t\t\t<div class=\"elementor-widget-container\">\n\t\t\t\t\t<h2 class=\"elementor-heading-title elementor-size-default\">Per\u00fccke FAQ's<\/h2>\t\t\t\t<\/div>\n\t\t\t\t<\/div>\n\t\t\t\t<div class=\"elementor-element elementor-element-4cd95d8 elementor-widget elementor-widget-heading\" data-id=\"4cd95d8\" data-element_type=\"widget\" data-widget_type=\"heading.default\">\n\t\t\t\t<div class=\"elementor-widget-container\">\n\t\t\t\t\t<h3 class=\"elementor-heading-title elementor-size-default\">von hairuwear<\/h3>\t\t\t\t<\/div>\n\t\t\t\t<\/div>\n\t\t\t\t\t<\/div>\n\t\t<\/div>\n\t\t\t\t\t<\/div>\n\t\t<\/section>\n\t\t\t\t<section class=\"elementor-section elementor-top-section elementor-element elementor-element-7a4f19b elementor-section-boxed elementor-section-height-default elementor-section-height-default\" data-id=\"7a4f19b\" data-element_type=\"section\">\n\t\t\t\t\t\t<div class=\"elementor-container elementor-column-gap-wider\">\n\t\t\t\t\t<div class=\"elementor-column elementor-col-50 elementor-top-column elementor-element elementor-element-1d5131f\" data-id=\"1d5131f\" data-element_type=\"column\">\n\t\t\t<div class=\"elementor-widget-wrap elementor-element-populated\">\n\t\t\t\t\t\t<div class=\"elementor-element elementor-element-732c7c7 elementor-widget elementor-widget-heading\" data-id=\"732c7c7\" data-element_type=\"widget\" data-widget_type=\"heading.default\">\n\t\t\t\t<div class=\"elementor-widget-container\">\n\t\t\t\t\t<h4 class=\"elementor-heading-title elementor-size-default\">Allgemein<\/h4>\t\t\t\t<\/div>\n\t\t\t\t<\/div>\n\t\t\t\t<div class=\"elementor-element elementor-element-620d6c6 elementor-widget elementor-widget-toggle\" data-id=\"620d6c6\" data-element_type=\"widget\" data-widget_type=\"toggle.default\">\n\t\t\t\t<div class=\"elementor-widget-container\">\n\t\t\t\t\t\t\t<div class=\"elementor-toggle\">\n\t\t\t\t\t\t\t<div class=\"elementor-toggle-item\">\n\t\t\t\t\t<div id=\"elementor-tab-title-1021\" class=\"elementor-tab-title\" data-tab=\"1\" role=\"button\" aria-controls=\"elementor-tab-content-1021\" aria-expanded=\"false\">\n\t\t\t\t\t\t\t\t\t\t\t\t<span class=\"elementor-toggle-icon elementor-toggle-icon-left\" aria-hidden=\"true\">\n\t\t\t\t\t\t\t\t\t\t\t\t\t\t\t<span class=\"elementor-toggle-icon-closed\"><i class=\"fas fa-caret-right\"><\/i><\/span>\n\t\t\t\t\t\t\t\t<span class=\"elementor-toggle-icon-opened\"><i class=\"elementor-toggle-icon-opened fas fa-caret-up\"><\/i><\/span>\n\t\t\t\t\t\t\t\t\t\t\t\t\t<\/span>\n\t\t\t\t\t\t\t\t\t\t\t\t<a class=\"elementor-toggle-title\" tabindex=\"0\">Wie messen Sie Ihren Kopf?<\/a>\n\t\t\t\t\t<\/div>\n\n\t\t\t\t\t<div id=\"elementor-tab-content-1021\" class=\"elementor-tab-content elementor-clearfix\" data-tab=\"1\" role=\"region\" aria-labelledby=\"elementor-tab-title-1021\"><p>Ermitteln Sie Ihre Per\u00fcckenkappengr\u00f6\u00dfe, indem Sie den Umfang um den Haaransatz herum messen. Bei ma\u00dfgefertigten Per\u00fccken m\u00fcssen Sie auch von Ohr zu Ohr und von vorne nach hinten messen. HairUWear bietet <a href=\"\/de\/products-solutions\/?swoof=1&amp;pa_cap-size=petite\" target=\"_blank\" rel=\"noopener\">Petite<\/a>, <a href=\"\/de\/products-solutions\/?swoof=1&amp;pa_cap-size=petite-average\" target=\"_blank\" rel=\"noopener\">Petite Average<\/a>, <a href=\"\/de\/products-solutions\/?swoof=1&amp;pa_cap-size=average\" target=\"_blank\" rel=\"noopener\">Average<\/a>, <a href=\"\/de\/products-solutions\/?swoof=1&amp;pa_cap-size=average-large\" target=\"_blank\" rel=\"noopener\">Average Large<\/a> Und <a href=\"\/de\/products-solutions\/?swoof=1&amp;pa_cap-size=large\" target=\"_blank\" rel=\"noopener\">Large<\/a> Per\u00fccken in Kappengr\u00f6\u00dfe. <a href=\"https:\/\/www.youtube.com\/watch?v=lOtBUgeVL9Y\" target=\"_blank\" rel=\"noopener\">Sehen Sie sich hier eine Anleitung an.<\/a><\/p><\/div>\n\t\t\t\t<\/div>\n\t\t\t\t\t\t\t<div class=\"elementor-toggle-item\">\n\t\t\t\t\t<div id=\"elementor-tab-title-1022\" class=\"elementor-tab-title\" data-tab=\"2\" role=\"button\" aria-controls=\"elementor-tab-content-1022\" aria-expanded=\"false\">\n\t\t\t\t\t\t\t\t\t\t\t\t<span class=\"elementor-toggle-icon elementor-toggle-icon-left\" aria-hidden=\"true\">\n\t\t\t\t\t\t\t\t\t\t\t\t\t\t\t<span class=\"elementor-toggle-icon-closed\"><i class=\"fas fa-caret-right\"><\/i><\/span>\n\t\t\t\t\t\t\t\t<span class=\"elementor-toggle-icon-opened\"><i class=\"elementor-toggle-icon-opened fas fa-caret-up\"><\/i><\/span>\n\t\t\t\t\t\t\t\t\t\t\t\t\t<\/span>\n\t\t\t\t\t\t\t\t\t\t\t\t<a class=\"elementor-toggle-title\" tabindex=\"0\">Wie setzt man eine Per\u00fccke auf?<\/a>\n\t\t\t\t\t<\/div>\n\n\t\t\t\t\t<div id=\"elementor-tab-content-1022\" class=\"elementor-tab-content elementor-clearfix\" data-tab=\"2\" role=\"region\" aria-labelledby=\"elementor-tab-title-1022\"><p>Bereiten Sie l\u00e4ngeres Haar auf das Tragen einer Per\u00fccke vor, indem Sie es mit Haarklemmen in einer glatten, eng am Kopf anliegenden Wicklung befestigen. <a href=\"https:\/\/www.youtube.com\/watch?v=44XiI-ylDU8\" target=\"_blank\" rel=\"noopener\">Sehen Sie sich hier ein Video \u00fcber Haarwickel an.<\/a><\/p><p>Um eine Per\u00fccke aufzusetzen, sch\u00fctteln Sie sie zun\u00e4chst leicht. Die Anh\u00e4nger befinden sich im Nacken der Per\u00fccke. Legen Sie die Vorderseite der Per\u00fccke an Ihre Stirn und ziehen Sie die Per\u00fccke nach hinten \u00fcber Ihren Kopf. Ziehen Sie bei Bedarf die B\u00e4nder fest oder lockern Sie sie. <a href=\"https:\/\/www.youtube.com\/watch?v=DrEbyWmQivk\" target=\"_blank\" rel=\"noopener\">Sehen Sie sich hier eine Anleitung zum Aufsetzen einer Per\u00fccke an.<\/a><\/p><p><a href=\"\/de\/how-to-put-on-a-wig\/\">F\u00fcr Anweisungen in weiteren Sprachen klicken Sie hier.<\/a><\/p><\/div>\n\t\t\t\t<\/div>\n\t\t\t\t\t\t\t<div class=\"elementor-toggle-item\">\n\t\t\t\t\t<div id=\"elementor-tab-title-1023\" class=\"elementor-tab-title\" data-tab=\"3\" role=\"button\" aria-controls=\"elementor-tab-content-1023\" aria-expanded=\"false\">\n\t\t\t\t\t\t\t\t\t\t\t\t<span class=\"elementor-toggle-icon elementor-toggle-icon-left\" aria-hidden=\"true\">\n\t\t\t\t\t\t\t\t\t\t\t\t\t\t\t<span class=\"elementor-toggle-icon-closed\"><i class=\"fas fa-caret-right\"><\/i><\/span>\n\t\t\t\t\t\t\t\t<span class=\"elementor-toggle-icon-opened\"><i class=\"elementor-toggle-icon-opened fas fa-caret-up\"><\/i><\/span>\n\t\t\t\t\t\t\t\t\t\t\t\t\t<\/span>\n\t\t\t\t\t\t\t\t\t\t\t\t<a class=\"elementor-toggle-title\" tabindex=\"0\">Auswahl einer Per\u00fccke<\/a>\n\t\t\t\t\t<\/div>\n\n\t\t\t\t\t<div id=\"elementor-tab-content-1023\" class=\"elementor-tab-content elementor-clearfix\" data-tab=\"3\" role=\"region\" aria-labelledby=\"elementor-tab-title-1023\"><p>Bei der Wahl einer Per\u00fccke sollten Sie auf die Kappenkonstruktion, besondere Merkmale wie Spitzen und Monofilamentbereiche, Echthaar oder Kunstfaser sowie L\u00e4nge, Schnitt, Struktur und Farbe achten. <a href=\"https:\/\/www.youtube.com\/watch?v=K1yzdvaNVWI\" target=\"_blank\" rel=\"noopener\">Was ist bei der Auswahl einer Per\u00fccke zu beachten?<\/a><\/p><p>Die Bestimmung Ihrer Gesichtsform kann Ihnen bei der Wahl einer neuen Per\u00fccke Stilvorschl\u00e4ge machen. <a href=\"\/de\/wig-faq\/face-shape\/\">Finden Sie Ihre Gesichtsform.<\/a><\/p><\/div>\n\t\t\t\t<\/div>\n\t\t\t\t\t\t\t\t<\/div>\n\t\t\t\t\t\t<\/div>\n\t\t\t\t<\/div>\n\t\t\t\t\t<\/div>\n\t\t<\/div>\n\t\t\t\t<div class=\"elementor-column elementor-col-50 elementor-top-column elementor-element elementor-element-33a530a\" data-id=\"33a530a\" data-element_type=\"column\">\n\t\t\t<div class=\"elementor-widget-wrap elementor-element-populated\">\n\t\t\t\t\t\t<div class=\"elementor-element elementor-element-b4d8392 elementor-widget elementor-widget-heading\" data-id=\"b4d8392\" data-element_type=\"widget\" data-widget_type=\"heading.default\">\n\t\t\t\t<div class=\"elementor-widget-container\">\n\t\t\t\t\t<h4 class=\"elementor-heading-title elementor-size-default\">Styling &amp; Care<\/h4>\t\t\t\t<\/div>\n\t\t\t\t<\/div>\n\t\t\t\t<div class=\"elementor-element elementor-element-a97b246 elementor-widget elementor-widget-toggle\" data-id=\"a97b246\" data-element_type=\"widget\" data-widget_type=\"toggle.default\">\n\t\t\t\t<div class=\"elementor-widget-container\">\n\t\t\t\t\t\t\t<div class=\"elementor-toggle\">\n\t\t\t\t\t\t\t<div class=\"elementor-toggle-item\">\n\t\t\t\t\t<div id=\"elementor-tab-title-1771\" class=\"elementor-tab-title\" data-tab=\"1\" role=\"button\" aria-controls=\"elementor-tab-content-1771\" aria-expanded=\"false\">\n\t\t\t\t\t\t\t\t\t\t\t\t<span class=\"elementor-toggle-icon elementor-toggle-icon-left\" aria-hidden=\"true\">\n\t\t\t\t\t\t\t\t\t\t\t\t\t\t\t<span class=\"elementor-toggle-icon-closed\"><i class=\"fas fa-caret-right\"><\/i><\/span>\n\t\t\t\t\t\t\t\t<span class=\"elementor-toggle-icon-opened\"><i class=\"elementor-toggle-icon-opened fas fa-caret-up\"><\/i><\/span>\n\t\t\t\t\t\t\t\t\t\t\t\t\t<\/span>\n\t\t\t\t\t\t\t\t\t\t\t\t<a class=\"elementor-toggle-title\" tabindex=\"0\">Auspacken der Per\u00fccke<\/a>\n\t\t\t\t\t<\/div>\n\n\t\t\t\t\t<div id=\"elementor-tab-content-1771\" class=\"elementor-tab-content elementor-clearfix\" data-tab=\"1\" role=\"region\" aria-labelledby=\"elementor-tab-title-1771\"><p>Einige Per\u00fcckenmodelle sind von innen nach au\u00dfen verpackt, um das Styling zu erhalten. Wenn Sie Ihre neue Per\u00fccke zum ersten Mal erhalten, lesen Sie bitte unbedingt alle Anweisungen in der Verpackung, auf dem Anh\u00e4nger und den Etiketten im Inneren der Per\u00fccke. <a href=\"https:\/\/www.youtube.com\/watch?v=TEt1udiYTNU\" target=\"_blank\" rel=\"noopener\">Was beim Auspacken einer Per\u00fccke zu beachten ist.<\/a><\/p><p>Einige Per\u00fccken sind mit einer Schutzeinlage versehen, die einen zus\u00e4tzlichen hygienischen Schutz bietet. <a href=\"https:\/\/www.youtube.com\/watch?v=pQZ3x5JMAgw\" target=\"_blank\" rel=\"noopener\">Was ist eine Schutzfolie?<\/a> Probieren Sie die Per\u00fccke mit eingesetztem Schutzfutter an. Da die Schutzeinlage nicht dehnbar ist, kann sich die Passform eng anf\u00fchlen und\/oder die Per\u00fccke nicht richtig sitzen. Beurteilen Sie die Passform nicht mit aufgesetzter Schutzeinlage. Wenn Ihnen Ihre neue Per\u00fccke gef\u00e4llt und Sie sich entschieden haben, sie zu behalten, ist es nun an der Zeit, die Schutzeinlage zu entfernen. Entfernen Sie die Schutzeinlage, indem Sie vorsichtig die F\u00e4den abschneiden, mit denen sie an der Per\u00fcckenkappe befestigt ist. Am besten funktioniert das mit einer kleinen Schere oder einem Nahttrenner. Arbeiten Sie langsam und achten Sie darauf, dass Sie nicht an der Per\u00fcckenkappe ziehen, rei\u00dfen oder schneiden. <em>Die Per\u00fccke kann nicht zur\u00fcckgegeben oder umgetauscht werden, wenn entweder das Innenfutter oder das Hangtag entfernt wurde.<\/em><\/p><\/div>\n\t\t\t\t<\/div>\n\t\t\t\t\t\t\t<div class=\"elementor-toggle-item\">\n\t\t\t\t\t<div id=\"elementor-tab-title-1772\" class=\"elementor-tab-title\" data-tab=\"2\" role=\"button\" aria-controls=\"elementor-tab-content-1772\" aria-expanded=\"false\">\n\t\t\t\t\t\t\t\t\t\t\t\t<span class=\"elementor-toggle-icon elementor-toggle-icon-left\" aria-hidden=\"true\">\n\t\t\t\t\t\t\t\t\t\t\t\t\t\t\t<span class=\"elementor-toggle-icon-closed\"><i class=\"fas fa-caret-right\"><\/i><\/span>\n\t\t\t\t\t\t\t\t<span class=\"elementor-toggle-icon-opened\"><i class=\"elementor-toggle-icon-opened fas fa-caret-up\"><\/i><\/span>\n\t\t\t\t\t\t\t\t\t\t\t\t\t<\/span>\n\t\t\t\t\t\t\t\t\t\t\t\t<a class=\"elementor-toggle-title\" tabindex=\"0\">Wie man eine Per\u00fccke stylt und pflegt<\/a>\n\t\t\t\t\t<\/div>\n\n\t\t\t\t\t<div id=\"elementor-tab-content-1772\" class=\"elementor-tab-content elementor-clearfix\" data-tab=\"2\" role=\"region\" aria-labelledby=\"elementor-tab-title-1772\"><p>Die Pflegehinweise h\u00e4ngen von den Haarfasern der Per\u00fccke ab.<\/p><p><a href=\"\/de\/hair-fibers-care\/#huw-kff\" target=\"_blank\" rel=\"noopener\">Kanekalon Flexlite Faserpflege<\/a><\/p><p><a href=\"\/de\/hair-fibers-care\/#huw-kehfsh\" target=\"_blank\" rel=\"noopener\">Kanekalon Excelle Hitzevertr\u00e4gliche Synthetik-Haarpflege<\/a><\/p><p><a href=\"\/de\/hair-fibers-care\/#huw-t2l\" target=\"_blank\" rel=\"noopener\">Tru2Life Hitzebest\u00e4ndige Synthetik-Haarpflege<\/a><\/p><p><a href=\"\/de\/hair-fibers-care\/#huw-kvf\" target=\"_blank\" rel=\"noopener\">Kanekalon Vibralite Faser Pflege<\/a><\/p><p><a href=\"\/de\/hair-fibers-care\/#huw-crhh\" target=\"_blank\" rel=\"noopener\">Zertifizierte Remy-Echthaarpflege<\/a><\/p><p><a href=\"\/de\/hair-fibers-care\/#huw-hh\" target=\"_blank\" rel=\"noopener\">Echthaarpflege<\/a><\/p><\/div>\n\t\t\t\t<\/div>\n\t\t\t\t\t\t\t<div class=\"elementor-toggle-item\">\n\t\t\t\t\t<div id=\"elementor-tab-title-1773\" class=\"elementor-tab-title\" data-tab=\"3\" role=\"button\" aria-controls=\"elementor-tab-content-1773\" aria-expanded=\"false\">\n\t\t\t\t\t\t\t\t\t\t\t\t<span class=\"elementor-toggle-icon elementor-toggle-icon-left\" aria-hidden=\"true\">\n\t\t\t\t\t\t\t\t\t\t\t\t\t\t\t<span class=\"elementor-toggle-icon-closed\"><i class=\"fas fa-caret-right\"><\/i><\/span>\n\t\t\t\t\t\t\t\t<span class=\"elementor-toggle-icon-opened\"><i class=\"elementor-toggle-icon-opened fas fa-caret-up\"><\/i><\/span>\n\t\t\t\t\t\t\t\t\t\t\t\t\t<\/span>\n\t\t\t\t\t\t\t\t\t\t\t\t<a class=\"elementor-toggle-title\" tabindex=\"0\">Wie man eine Per\u00fccke w\u00e4scht<\/a>\n\t\t\t\t\t<\/div>\n\n\t\t\t\t\t<div id=\"elementor-tab-content-1773\" class=\"elementor-tab-content elementor-clearfix\" data-tab=\"3\" role=\"region\" aria-labelledby=\"elementor-tab-title-1773\"><p>Waschen Sie Ihre Kunsthaarper\u00fccke vorsichtig, indem Sie diese einfachen Schritte zum sanften Entwirren, Reinigen, Absp\u00fclen und Trocknen befolgen. <a href=\"https:\/\/www.youtube.com\/watch?v=ymohn4XDcII\" target=\"_blank\" rel=\"noopener\">Schritte zum schonenden Entwirren, Reinigen, Aussp\u00fclen und Trocknen von Kunsthaarper\u00fccken.<\/a> Bitte beachten Sie auch die Pflegehinweise, die Ihrer Raquel Welch, Gabor, Hairdo oder HIM Per\u00fccke beiliegen.<\/p><p>Zum Gl\u00e4tten der hitzefreundlichen Tru2Life- oder Excelle-Faser: Waschen, pflegen und bespr\u00fchen mit <a href=\"\/de\/product\/restore\/\" target=\"_blank\" rel=\"noopener\">Restore Leave-in Conditioner<\/a> von HairUWear, dann bei niedriger bis mittlerer Hitze f\u00f6hnen. Bei einer zu hohen Hitzeeinstellung wird die Faser besch\u00e4digt. Wir empfehlen nicht, das Haar w\u00e4hrend des Tragens zu locken, zu f\u00f6hnen oder zu gl\u00e4tten; die hitzefreundliche Kunstfaser wird sehr hei\u00df und kann Verbrennungen verursachen. <a href=\"https:\/\/www.youtube.com\/watch?v=dt3nWKdB6Ew\" target=\"_blank\" rel=\"noopener\">Wie man hitzefreundliche Fasern erh\u00e4lt.<\/a><\/p><\/div>\n\t\t\t\t<\/div>\n\t\t\t\t\t\t\t\t<\/div>\n\t\t\t\t\t\t<\/div>\n\t\t\t\t<\/div>\n\t\t\t\t\t<\/div>\n\t\t<\/div>\n\t\t\t\t\t<\/div>\n\t\t<\/section>\n\t\t\t\t<\/div>","protected":false},"excerpt":{"rendered":"<p>Per\u00fccke FAQ's von hairuwear Allgemein Wie messen Sie Ihren Kopf? Ermitteln Sie Ihre Per\u00fcckenkappengr\u00f6\u00dfe, indem Sie den Umfang um den Haaransatz herum messen. Bei ma\u00dfgefertigten Per\u00fccken m\u00fcssen Sie auch von Ohr zu Ohr und von vorne nach hinten messen. HairUWear bietet Per\u00fccken in den Gr\u00f6\u00dfen Petite, Petite Average, Average, Average Large und Large an. Sehen Sie sich hier eine Anleitung an. Wie [...]<\/p>","protected":false},"author":2,"featured_media":33245,"parent":0,"menu_order":0,"comment_status":"closed","ping_status":"closed","template":"page-templates\/homepage.php","meta":{"footnotes":""},"class_list":["post-159531","page","type-page","status-publish","has-post-thumbnail","hentry"],"yoast_head":"<!-- This site is optimized with the Yoast SEO plugin v25.3.1 - https:\/\/yoast.com\/wordpress\/plugins\/seo\/ -->\n<title>Wig FAQ&#039;s - HairUWear<\/title>\n<meta name=\"robots\" content=\"index, follow, max-snippet:-1, max-image-preview:large, max-video-preview:-1\" \/>\n<link rel=\"canonical\" href=\"http:\/\/www.hairuwear.com\/de\/wig-faq\/\" \/>\n<meta property=\"og:locale\" content=\"de_DE\" \/>\n<meta property=\"og:type\" content=\"article\" \/>\n<meta property=\"og:title\" content=\"Wig FAQ&#039;s - HairUWear\" \/>\n<meta property=\"og:description\" content=\"Wig FAQ&#8217;s by hairuwear General How do you measure your head? Find your wig cap size by measuring the circumference around the hairline. Custom wigs require ear to ear and front to back measurements as well. HairUWear offers Petite, Petite Average, Average, Average Large and Large cap size wigs. Watch a tutorial here. How do [&hellip;]\" \/>\n<meta property=\"og:url\" content=\"http:\/\/www.hairuwear.com\/de\/wig-faq\/\" \/>\n<meta property=\"og:site_name\" content=\"HairUWear\" \/>\n<meta property=\"article:publisher\" content=\"https:\/\/www.facebook.com\/HairUWearINC\" \/>\n<meta property=\"article:modified_time\" content=\"2024-09-17T20:18:05+00:00\" \/>\n<meta property=\"og:image\" content=\"http:\/\/www.hairuwear.com\/wp-content\/uploads\/2022\/08\/RW-Group-Model-Cool-Tones-2019-1-square-scaled.jpg\" \/>\n\t<meta property=\"og:image:width\" content=\"2560\" \/>\n\t<meta property=\"og:image:height\" content=\"2560\" \/>\n\t<meta property=\"og:image:type\" content=\"image\/jpeg\" \/>\n<meta name=\"twitter:card\" content=\"summary_large_image\" \/>\n<meta name=\"twitter:label1\" content=\"Est. reading time\" \/>\n\t<meta name=\"twitter:data1\" content=\"3 Minuten\" \/>\n<script type=\"application\/ld+json\" class=\"yoast-schema-graph\">{\"@context\":\"https:\/\/schema.org\",\"@graph\":[{\"@type\":\"WebPage\",\"@id\":\"http:\/\/www.hairuwear.com\/wig-faq\/\",\"url\":\"http:\/\/www.hairuwear.com\/wig-faq\/\",\"name\":\"Wig FAQ's - HairUWear\",\"isPartOf\":{\"@id\":\"https:\/\/www.hairuwear.com\/nl\/#website\"},\"primaryImageOfPage\":{\"@id\":\"http:\/\/www.hairuwear.com\/wig-faq\/#primaryimage\"},\"image\":{\"@id\":\"http:\/\/www.hairuwear.com\/wig-faq\/#primaryimage\"},\"thumbnailUrl\":\"https:\/\/www.hairuwear.com\/wp-content\/uploads\/2022\/08\/RW-Group-Model-Cool-Tones-2019-1-square-scaled.jpg\",\"datePublished\":\"2024-04-12T16:51:02+00:00\",\"dateModified\":\"2024-09-17T20:18:05+00:00\",\"breadcrumb\":{\"@id\":\"http:\/\/www.hairuwear.com\/wig-faq\/#breadcrumb\"},\"inLanguage\":\"de-DE\",\"potentialAction\":[{\"@type\":\"ReadAction\",\"target\":[\"http:\/\/www.hairuwear.com\/wig-faq\/\"]}]},{\"@type\":\"ImageObject\",\"inLanguage\":\"de-DE\",\"@id\":\"http:\/\/www.hairuwear.com\/wig-faq\/#primaryimage\",\"url\":\"https:\/\/www.hairuwear.com\/wp-content\/uploads\/2022\/08\/RW-Group-Model-Cool-Tones-2019-1-square-scaled.jpg\",\"contentUrl\":\"https:\/\/www.hairuwear.com\/wp-content\/uploads\/2022\/08\/RW-Group-Model-Cool-Tones-2019-1-square-scaled.jpg\",\"width\":2560,\"height\":2560,\"caption\":\"Models wearing Raquel Welch wigs in cool tones\"},{\"@type\":\"BreadcrumbList\",\"@id\":\"http:\/\/www.hairuwear.com\/wig-faq\/#breadcrumb\",\"itemListElement\":[{\"@type\":\"ListItem\",\"position\":1,\"name\":\"Home\",\"item\":\"https:\/\/www.hairuwear.com\/\"},{\"@type\":\"ListItem\",\"position\":2,\"name\":\"Wig FAQ&#8217;s\"}]},{\"@type\":\"WebSite\",\"@id\":\"https:\/\/www.hairuwear.com\/nl\/#website\",\"url\":\"https:\/\/www.hairuwear.com\/nl\/\",\"name\":\"HairUWear\",\"description\":\"We inspire women and men throughout the world to see all the possibilities of alternative hair.\",\"publisher\":{\"@id\":\"https:\/\/www.hairuwear.com\/nl\/#organization\"},\"potentialAction\":[{\"@type\":\"SearchAction\",\"target\":{\"@type\":\"EntryPoint\",\"urlTemplate\":\"https:\/\/www.hairuwear.com\/nl\/?s={search_term_string}\"},\"query-input\":{\"@type\":\"PropertyValueSpecification\",\"valueRequired\":true,\"valueName\":\"search_term_string\"}}],\"inLanguage\":\"de-DE\"},{\"@type\":\"Organization\",\"@id\":\"https:\/\/www.hairuwear.com\/nl\/#organization\",\"name\":\"HairUWear\",\"url\":\"https:\/\/www.hairuwear.com\/nl\/\",\"logo\":{\"@type\":\"ImageObject\",\"inLanguage\":\"de-DE\",\"@id\":\"https:\/\/www.hairuwear.com\/nl\/#\/schema\/logo\/image\/\",\"url\":\"https:\/\/hairuwear.com\/wp-content\/uploads\/2024\/02\/HUW-logo-black-square.jpg\",\"contentUrl\":\"https:\/\/hairuwear.com\/wp-content\/uploads\/2024\/02\/HUW-logo-black-square.jpg\",\"width\":1000,\"height\":1000,\"caption\":\"HairUWear\"},\"image\":{\"@id\":\"https:\/\/www.hairuwear.com\/nl\/#\/schema\/logo\/image\/\"},\"sameAs\":[\"https:\/\/www.facebook.com\/HairUWearINC\",\"https:\/\/www.instagram.com\/hairuwear_inc\/\",\"https:\/\/www.youtube.com\/channel\/UCooHA3ZvNM3CfbjxHAUUZlg\",\"https:\/\/www.linkedin.com\/company\/hairuwear\/\",\"https:\/\/www.pinterest.com\/hairuwear\/?invite_code=060417bbf4384977ac59e5e49e9e2f4a\"]}]}<\/script>\n<!-- \/ Yoast SEO plugin. -->","yoast_head_json":{"title":"Wig FAQ's - HairUWear","robots":{"index":"index","follow":"follow","max-snippet":"max-snippet:-1","max-image-preview":"max-image-preview:large","max-video-preview":"max-video-preview:-1"},"canonical":"http:\/\/www.hairuwear.com\/de\/wig-faq\/","og_locale":"de_DE","og_type":"article","og_title":"Wig FAQ's - HairUWear","og_description":"Wig FAQ&#8217;s by hairuwear General How do you measure your head? Find your wig cap size by measuring the circumference around the hairline. Custom wigs require ear to ear and front to back measurements as well. HairUWear offers Petite, Petite Average, Average, Average Large and Large cap size wigs. Watch a tutorial here. How do [&hellip;]","og_url":"http:\/\/www.hairuwear.com\/de\/wig-faq\/","og_site_name":"HairUWear","article_publisher":"https:\/\/www.facebook.com\/HairUWearINC","article_modified_time":"2024-09-17T20:18:05+00:00","og_image":[{"width":2560,"height":2560,"url":"http:\/\/www.hairuwear.com\/wp-content\/uploads\/2022\/08\/RW-Group-Model-Cool-Tones-2019-1-square-scaled.jpg","type":"image\/jpeg"}],"twitter_card":"summary_large_image","twitter_misc":{"Est. reading time":"3 Minuten"},"schema":{"@context":"https:\/\/schema.org","@graph":[{"@type":"WebPage","@id":"http:\/\/www.hairuwear.com\/wig-faq\/","url":"http:\/\/www.hairuwear.com\/wig-faq\/","name":"Wig FAQ's - HairUWear","isPartOf":{"@id":"https:\/\/www.hairuwear.com\/nl\/#website"},"primaryImageOfPage":{"@id":"http:\/\/www.hairuwear.com\/wig-faq\/#primaryimage"},"image":{"@id":"http:\/\/www.hairuwear.com\/wig-faq\/#primaryimage"},"thumbnailUrl":"https:\/\/www.hairuwear.com\/wp-content\/uploads\/2022\/08\/RW-Group-Model-Cool-Tones-2019-1-square-scaled.jpg","datePublished":"2024-04-12T16:51:02+00:00","dateModified":"2024-09-17T20:18:05+00:00","breadcrumb":{"@id":"http:\/\/www.hairuwear.com\/wig-faq\/#breadcrumb"},"inLanguage":"de-DE","potentialAction":[{"@type":"ReadAction","target":["http:\/\/www.hairuwear.com\/wig-faq\/"]}]},{"@type":"ImageObject","inLanguage":"de-DE","@id":"http:\/\/www.hairuwear.com\/wig-faq\/#primaryimage","url":"https:\/\/www.hairuwear.com\/wp-content\/uploads\/2022\/08\/RW-Group-Model-Cool-Tones-2019-1-square-scaled.jpg","contentUrl":"https:\/\/www.hairuwear.com\/wp-content\/uploads\/2022\/08\/RW-Group-Model-Cool-Tones-2019-1-square-scaled.jpg","width":2560,"height":2560,"caption":"Models wearing Raquel Welch wigs in cool tones"},{"@type":"BreadcrumbList","@id":"http:\/\/www.hairuwear.com\/wig-faq\/#breadcrumb","itemListElement":[{"@type":"ListItem","position":1,"name":"Home","item":"https:\/\/www.hairuwear.com\/"},{"@type":"ListItem","position":2,"name":"Wig FAQ&#8217;s"}]},{"@type":"WebSite","@id":"https:\/\/www.hairuwear.com\/nl\/#website","url":"https:\/\/www.hairuwear.com\/nl\/","name":"HairUWear","description":"We inspire women and men throughout the world to see all the possibilities of alternative hair.","publisher":{"@id":"https:\/\/www.hairuwear.com\/nl\/#organization"},"potentialAction":[{"@type":"SearchAction","target":{"@type":"EntryPoint","urlTemplate":"https:\/\/www.hairuwear.com\/nl\/?s={search_term_string}"},"query-input":{"@type":"PropertyValueSpecification","valueRequired":true,"valueName":"search_term_string"}}],"inLanguage":"de-DE"},{"@type":"Organization","@id":"https:\/\/www.hairuwear.com\/nl\/#organization","name":"HairUWear","url":"https:\/\/www.hairuwear.com\/nl\/","logo":{"@type":"ImageObject","inLanguage":"de-DE","@id":"https:\/\/www.hairuwear.com\/nl\/#\/schema\/logo\/image\/","url":"https:\/\/hairuwear.com\/wp-content\/uploads\/2024\/02\/HUW-logo-black-square.jpg","contentUrl":"https:\/\/hairuwear.com\/wp-content\/uploads\/2024\/02\/HUW-logo-black-square.jpg","width":1000,"height":1000,"caption":"HairUWear"},"image":{"@id":"https:\/\/www.hairuwear.com\/nl\/#\/schema\/logo\/image\/"},"sameAs":["https:\/\/www.facebook.com\/HairUWearINC","https:\/\/www.instagram.com\/hairuwear_inc\/","https:\/\/www.youtube.com\/channel\/UCooHA3ZvNM3CfbjxHAUUZlg","https:\/\/www.linkedin.com\/company\/hairuwear\/","https:\/\/www.pinterest.com\/hairuwear\/?invite_code=060417bbf4384977ac59e5e49e9e2f4a"]}]}},"_links":{"self":[{"href":"https:\/\/www.hairuwear.com\/de\/wp-json\/wp\/v2\/pages\/159531","targetHints":{"allow":["GET"]}}],"collection":[{"href":"https:\/\/www.hairuwear.com\/de\/wp-json\/wp\/v2\/pages"}],"about":[{"href":"https:\/\/www.hairuwear.com\/de\/wp-json\/wp\/v2\/types\/page"}],"author":[{"embeddable":true,"href":"https:\/\/www.hairuwear.com\/de\/wp-json\/wp\/v2\/users\/2"}],"replies":[{"embeddable":true,"href":"https:\/\/www.hairuwear.com\/de\/wp-json\/wp\/v2\/comments?post=159531"}],"version-history":[{"count":21,"href":"https:\/\/www.hairuwear.com\/de\/wp-json\/wp\/v2\/pages\/159531\/revisions"}],"predecessor-version":[{"id":245297,"href":"https:\/\/www.hairuwear.com\/de\/wp-json\/wp\/v2\/pages\/159531\/revisions\/245297"}],"wp:featuredmedia":[{"embeddable":true,"href":"https:\/\/www.hairuwear.com\/de\/wp-json\/wp\/v2\/media\/33245"}],"wp:attachment":[{"href":"https:\/\/www.hairuwear.com\/de\/wp-json\/wp\/v2\/media?parent=159531"}],"curies":[{"name":"wp","href":"https:\/\/api.w.org\/{rel}","templated":true}]}}