{"id":38743,"date":"2023-01-06T10:49:02","date_gmt":"2023-01-06T16:49:02","guid":{"rendered":"https:\/\/live-huw-2023.pantheonsite.io\/?post_type=product&#038;p=38743"},"modified":"2023-09-20T12:07:04","modified_gmt":"2023-09-20T17:07:04","slug":"hairuwear-sheers","status":"publish","type":"product","link":"https:\/\/www.hairuwear.com\/de\/product\/hairuwear-sheers\/","title":{"rendered":"HairUWear\u00ae Sheers"},"content":{"rendered":"","protected":false},"excerpt":{"rendered":"<p>Diese hochwertigen Schneide- und Strukturierungsscheren sind ideal f\u00fcr die Anpassung von Kunst- und Echthaarper\u00fccken und Haarteilen, ohne dass Ihre teuren Scheren stumpf werden. Verwenden Sie die Schneideschere (A), um die L\u00e4nge anzupassen oder einfach nur, um das Gesicht Ihrer Kundin zu umrahmen. Verwenden Sie die Texturierungsschere (B), um die Dichte zu reduzieren oder der Per\u00fccke Ihrer Kundin mehr Volumen zu verleihen. Einzeln oder als preisg\u00fcnstiges Paar erh\u00e4ltlich!<\/p>","protected":false},"featured_media":38746,"template":"","meta":[],"product_brand":[],"product_cat":[293,209],"product_tag":[],"class_list":{"0":"post-38743","1":"product","2":"type-product","3":"status-publish","4":"has-post-thumbnail","6":"product_cat-for-professionals","7":"product_cat-view-all","8":"pa_categories-styling-and-care-products","11":"first","12":"instock","13":"shipping-taxable","14":"product-type-simple"},"yoast_head":"<!-- This site is optimized with the Yoast SEO plugin v25.3.1 - https:\/\/yoast.com\/wordpress\/plugins\/seo\/ -->\n<title>HairUWear\u00ae Sheers - HairUWear<\/title>\n<meta name=\"description\" content=\"These high-quality cutting and texturizing shears are ideal for customizing synthetic and human hair wigs and hairpieces without dulling your expensive shears. Use the cutting shears (A) to adjust the length or simply to frame your client\u2019s face. Use the texturizing shears (B) to reduce density or add volume to your client\u2019s wig. Purchase individually or as a money-saving pair!\" \/>\n<meta name=\"robots\" content=\"index, follow, max-snippet:-1, max-image-preview:large, max-video-preview:-1\" \/>\n<link rel=\"canonical\" href=\"http:\/\/www.hairuwear.com\/de\/product\/hairuwear-sheers\/\" \/>\n<meta property=\"og:locale\" content=\"de_DE\" \/>\n<meta property=\"og:type\" content=\"article\" \/>\n<meta property=\"og:title\" content=\"HairUWear\u00ae Sheers - HairUWear\" \/>\n<meta property=\"og:description\" content=\"These high-quality cutting and texturizing shears are ideal for customizing synthetic and human hair wigs and hairpieces without dulling your expensive shears. Use the cutting shears (A) to adjust the length or simply to frame your client\u2019s face. Use the texturizing shears (B) to reduce density or add volume to your client\u2019s wig. Purchase individually or as a money-saving pair!\" \/>\n<meta property=\"og:url\" content=\"http:\/\/www.hairuwear.com\/de\/product\/hairuwear-sheers\/\" \/>\n<meta property=\"og:site_name\" content=\"HairUWear\" \/>\n<meta property=\"article:publisher\" content=\"https:\/\/www.facebook.com\/HairUWearINC\" \/>\n<meta property=\"article:modified_time\" content=\"2023-09-20T17:07:04+00:00\" \/>\n<meta property=\"og:image\" content=\"http:\/\/www.hairuwear.com\/wp-content\/uploads\/2023\/01\/HairUWear-Shears-scaled.jpg\" \/>\n\t<meta property=\"og:image:width\" content=\"2046\" \/>\n\t<meta property=\"og:image:height\" content=\"2560\" \/>\n\t<meta property=\"og:image:type\" content=\"image\/jpeg\" \/>\n<meta name=\"twitter:card\" content=\"summary_large_image\" \/>\n<script type=\"application\/ld+json\" class=\"yoast-schema-graph\">{\"@context\":\"https:\/\/schema.org\",\"@graph\":[{\"@type\":\"WebPage\",\"@id\":\"http:\/\/www.hairuwear.com\/product\/hairuwear-sheers\/\",\"url\":\"http:\/\/www.hairuwear.com\/product\/hairuwear-sheers\/\",\"name\":\"HairUWear\u00ae Sheers - HairUWear\",\"isPartOf\":{\"@id\":\"https:\/\/www.hairuwear.com\/nl\/#website\"},\"primaryImageOfPage\":{\"@id\":\"http:\/\/www.hairuwear.com\/product\/hairuwear-sheers\/#primaryimage\"},\"image\":{\"@id\":\"http:\/\/www.hairuwear.com\/product\/hairuwear-sheers\/#primaryimage\"},\"thumbnailUrl\":\"https:\/\/www.hairuwear.com\/wp-content\/uploads\/2023\/01\/HairUWear-Shears-scaled.jpg\",\"datePublished\":\"2023-01-06T16:49:02+00:00\",\"dateModified\":\"2023-09-20T17:07:04+00:00\",\"description\":\"These high-quality cutting and texturizing shears are ideal for customizing synthetic and human hair wigs and hairpieces without dulling your expensive shears. Use the cutting shears (A) to adjust the length or simply to frame your client\u2019s face. Use the texturizing shears (B) to reduce density or add volume to your client\u2019s wig. Purchase individually or as a money-saving pair!\",\"breadcrumb\":{\"@id\":\"http:\/\/www.hairuwear.com\/product\/hairuwear-sheers\/#breadcrumb\"},\"inLanguage\":\"de-DE\",\"potentialAction\":[{\"@type\":\"ReadAction\",\"target\":[\"http:\/\/www.hairuwear.com\/product\/hairuwear-sheers\/\"]}]},{\"@type\":\"ImageObject\",\"inLanguage\":\"de-DE\",\"@id\":\"http:\/\/www.hairuwear.com\/product\/hairuwear-sheers\/#primaryimage\",\"url\":\"https:\/\/www.hairuwear.com\/wp-content\/uploads\/2023\/01\/HairUWear-Shears-scaled.jpg\",\"contentUrl\":\"https:\/\/www.hairuwear.com\/wp-content\/uploads\/2023\/01\/HairUWear-Shears-scaled.jpg\",\"width\":2046,\"height\":2560,\"caption\":\"HairUWear\u00ae Sheers\"},{\"@type\":\"BreadcrumbList\",\"@id\":\"http:\/\/www.hairuwear.com\/product\/hairuwear-sheers\/#breadcrumb\",\"itemListElement\":[{\"@type\":\"ListItem\",\"position\":1,\"name\":\"Home\",\"item\":\"https:\/\/www.hairuwear.com\/\"},{\"@type\":\"ListItem\",\"position\":2,\"name\":\"Products &#038; Solutions\",\"item\":\"https:\/\/www.hairuwear.com\/es\/products-solutions\/\"},{\"@type\":\"ListItem\",\"position\":3,\"name\":\"HairUWear\u00ae Sheers\"}]},{\"@type\":\"WebSite\",\"@id\":\"https:\/\/www.hairuwear.com\/nl\/#website\",\"url\":\"https:\/\/www.hairuwear.com\/nl\/\",\"name\":\"HairUWear\",\"description\":\"We inspire women and men throughout the world to see all the possibilities of alternative hair.\",\"publisher\":{\"@id\":\"https:\/\/www.hairuwear.com\/nl\/#organization\"},\"potentialAction\":[{\"@type\":\"SearchAction\",\"target\":{\"@type\":\"EntryPoint\",\"urlTemplate\":\"https:\/\/www.hairuwear.com\/nl\/?s={search_term_string}\"},\"query-input\":{\"@type\":\"PropertyValueSpecification\",\"valueRequired\":true,\"valueName\":\"search_term_string\"}}],\"inLanguage\":\"de-DE\"},{\"@type\":\"Organization\",\"@id\":\"https:\/\/www.hairuwear.com\/nl\/#organization\",\"name\":\"HairUWear\",\"url\":\"https:\/\/www.hairuwear.com\/nl\/\",\"logo\":{\"@type\":\"ImageObject\",\"inLanguage\":\"de-DE\",\"@id\":\"https:\/\/www.hairuwear.com\/nl\/#\/schema\/logo\/image\/\",\"url\":\"https:\/\/hairuwear.com\/wp-content\/uploads\/2024\/02\/HUW-logo-black-square.jpg\",\"contentUrl\":\"https:\/\/hairuwear.com\/wp-content\/uploads\/2024\/02\/HUW-logo-black-square.jpg\",\"width\":1000,\"height\":1000,\"caption\":\"HairUWear\"},\"image\":{\"@id\":\"https:\/\/www.hairuwear.com\/nl\/#\/schema\/logo\/image\/\"},\"sameAs\":[\"https:\/\/www.facebook.com\/HairUWearINC\",\"https:\/\/www.instagram.com\/hairuwear_inc\/\",\"https:\/\/www.youtube.com\/channel\/UCooHA3ZvNM3CfbjxHAUUZlg\",\"https:\/\/www.linkedin.com\/company\/hairuwear\/\",\"https:\/\/www.pinterest.com\/hairuwear\/?invite_code=060417bbf4384977ac59e5e49e9e2f4a\"]}]}<\/script>\n<!-- \/ Yoast SEO plugin. -->","yoast_head_json":{"title":"HairUWear\u00ae Sheers - HairUWear","description":"These high-quality cutting and texturizing shears are ideal for customizing synthetic and human hair wigs and hairpieces without dulling your expensive shears. Use the cutting shears (A) to adjust the length or simply to frame your client\u2019s face. Use the texturizing shears (B) to reduce density or add volume to your client\u2019s wig. Purchase individually or as a money-saving pair!","robots":{"index":"index","follow":"follow","max-snippet":"max-snippet:-1","max-image-preview":"max-image-preview:large","max-video-preview":"max-video-preview:-1"},"canonical":"http:\/\/www.hairuwear.com\/de\/product\/hairuwear-sheers\/","og_locale":"de_DE","og_type":"article","og_title":"HairUWear\u00ae Sheers - HairUWear","og_description":"These high-quality cutting and texturizing shears are ideal for customizing synthetic and human hair wigs and hairpieces without dulling your expensive shears. Use the cutting shears (A) to adjust the length or simply to frame your client\u2019s face. Use the texturizing shears (B) to reduce density or add volume to your client\u2019s wig. Purchase individually or as a money-saving pair!","og_url":"http:\/\/www.hairuwear.com\/de\/product\/hairuwear-sheers\/","og_site_name":"HairUWear","article_publisher":"https:\/\/www.facebook.com\/HairUWearINC","article_modified_time":"2023-09-20T17:07:04+00:00","og_image":[{"width":2046,"height":2560,"url":"http:\/\/www.hairuwear.com\/wp-content\/uploads\/2023\/01\/HairUWear-Shears-scaled.jpg","type":"image\/jpeg"}],"twitter_card":"summary_large_image","schema":{"@context":"https:\/\/schema.org","@graph":[{"@type":"WebPage","@id":"http:\/\/www.hairuwear.com\/product\/hairuwear-sheers\/","url":"http:\/\/www.hairuwear.com\/product\/hairuwear-sheers\/","name":"HairUWear\u00ae Sheers - HairUWear","isPartOf":{"@id":"https:\/\/www.hairuwear.com\/nl\/#website"},"primaryImageOfPage":{"@id":"http:\/\/www.hairuwear.com\/product\/hairuwear-sheers\/#primaryimage"},"image":{"@id":"http:\/\/www.hairuwear.com\/product\/hairuwear-sheers\/#primaryimage"},"thumbnailUrl":"https:\/\/www.hairuwear.com\/wp-content\/uploads\/2023\/01\/HairUWear-Shears-scaled.jpg","datePublished":"2023-01-06T16:49:02+00:00","dateModified":"2023-09-20T17:07:04+00:00","description":"These high-quality cutting and texturizing shears are ideal for customizing synthetic and human hair wigs and hairpieces without dulling your expensive shears. Use the cutting shears (A) to adjust the length or simply to frame your client\u2019s face. Use the texturizing shears (B) to reduce density or add volume to your client\u2019s wig. Purchase individually or as a money-saving pair!","breadcrumb":{"@id":"http:\/\/www.hairuwear.com\/product\/hairuwear-sheers\/#breadcrumb"},"inLanguage":"de-DE","potentialAction":[{"@type":"ReadAction","target":["http:\/\/www.hairuwear.com\/product\/hairuwear-sheers\/"]}]},{"@type":"ImageObject","inLanguage":"de-DE","@id":"http:\/\/www.hairuwear.com\/product\/hairuwear-sheers\/#primaryimage","url":"https:\/\/www.hairuwear.com\/wp-content\/uploads\/2023\/01\/HairUWear-Shears-scaled.jpg","contentUrl":"https:\/\/www.hairuwear.com\/wp-content\/uploads\/2023\/01\/HairUWear-Shears-scaled.jpg","width":2046,"height":2560,"caption":"HairUWear\u00ae Sheers"},{"@type":"BreadcrumbList","@id":"http:\/\/www.hairuwear.com\/product\/hairuwear-sheers\/#breadcrumb","itemListElement":[{"@type":"ListItem","position":1,"name":"Home","item":"https:\/\/www.hairuwear.com\/"},{"@type":"ListItem","position":2,"name":"Products &#038; Solutions","item":"https:\/\/www.hairuwear.com\/es\/products-solutions\/"},{"@type":"ListItem","position":3,"name":"HairUWear\u00ae Sheers"}]},{"@type":"WebSite","@id":"https:\/\/www.hairuwear.com\/nl\/#website","url":"https:\/\/www.hairuwear.com\/nl\/","name":"HairUWear","description":"We inspire women and men throughout the world to see all the possibilities of alternative hair.","publisher":{"@id":"https:\/\/www.hairuwear.com\/nl\/#organization"},"potentialAction":[{"@type":"SearchAction","target":{"@type":"EntryPoint","urlTemplate":"https:\/\/www.hairuwear.com\/nl\/?s={search_term_string}"},"query-input":{"@type":"PropertyValueSpecification","valueRequired":true,"valueName":"search_term_string"}}],"inLanguage":"de-DE"},{"@type":"Organization","@id":"https:\/\/www.hairuwear.com\/nl\/#organization","name":"HairUWear","url":"https:\/\/www.hairuwear.com\/nl\/","logo":{"@type":"ImageObject","inLanguage":"de-DE","@id":"https:\/\/www.hairuwear.com\/nl\/#\/schema\/logo\/image\/","url":"https:\/\/hairuwear.com\/wp-content\/uploads\/2024\/02\/HUW-logo-black-square.jpg","contentUrl":"https:\/\/hairuwear.com\/wp-content\/uploads\/2024\/02\/HUW-logo-black-square.jpg","width":1000,"height":1000,"caption":"HairUWear"},"image":{"@id":"https:\/\/www.hairuwear.com\/nl\/#\/schema\/logo\/image\/"},"sameAs":["https:\/\/www.facebook.com\/HairUWearINC","https:\/\/www.instagram.com\/hairuwear_inc\/","https:\/\/www.youtube.com\/channel\/UCooHA3ZvNM3CfbjxHAUUZlg","https:\/\/www.linkedin.com\/company\/hairuwear\/","https:\/\/www.pinterest.com\/hairuwear\/?invite_code=060417bbf4384977ac59e5e49e9e2f4a"]}]}},"_links":{"self":[{"href":"https:\/\/www.hairuwear.com\/de\/wp-json\/wp\/v2\/product\/38743","targetHints":{"allow":["GET"]}}],"collection":[{"href":"https:\/\/www.hairuwear.com\/de\/wp-json\/wp\/v2\/product"}],"about":[{"href":"https:\/\/www.hairuwear.com\/de\/wp-json\/wp\/v2\/types\/product"}],"version-history":[{"count":1,"href":"https:\/\/www.hairuwear.com\/de\/wp-json\/wp\/v2\/product\/38743\/revisions"}],"predecessor-version":[{"id":38744,"href":"https:\/\/www.hairuwear.com\/de\/wp-json\/wp\/v2\/product\/38743\/revisions\/38744"}],"wp:featuredmedia":[{"embeddable":true,"href":"https:\/\/www.hairuwear.com\/de\/wp-json\/wp\/v2\/media\/38746"}],"wp:attachment":[{"href":"https:\/\/www.hairuwear.com\/de\/wp-json\/wp\/v2\/media?parent=38743"}],"wp:term":[{"taxonomy":"product_brand","embeddable":true,"href":"https:\/\/www.hairuwear.com\/de\/wp-json\/wp\/v2\/product_brand?post=38743"},{"taxonomy":"product_cat","embeddable":true,"href":"https:\/\/www.hairuwear.com\/de\/wp-json\/wp\/v2\/product_cat?post=38743"},{"taxonomy":"product_tag","embeddable":true,"href":"https:\/\/www.hairuwear.com\/de\/wp-json\/wp\/v2\/product_tag?post=38743"}],"curies":[{"name":"wp","href":"https:\/\/api.w.org\/{rel}","templated":true}]}}