{"id":38790,"date":"2023-01-09T15:04:50","date_gmt":"2023-01-09T21:04:50","guid":{"rendered":"https:\/\/live-huw-2023.pantheonsite.io\/?post_type=product&#038;p=38790"},"modified":"2023-09-20T12:06:18","modified_gmt":"2023-09-20T17:06:18","slug":"wig-grip-band","status":"publish","type":"product","link":"https:\/\/www.hairuwear.com\/de\/product\/wig-grip-band\/","title":{"rendered":"Wig Grip Band"},"content":{"rendered":"","protected":false},"excerpt":{"rendered":"<div>\n<p>Der bequeme, rutschfeste Weg, um Ihre Per\u00fccke ohne Clips, K\u00e4mme oder Klebstoff zu fixieren! Hergestellt aus weichem, doppelseitigem Samt, ist dies ein unverzichtbares Accessoire f\u00fcr alle Per\u00fcckentr\u00e4gerinnen. Eine Seite schmiegt sich an Ihren Kopf, egal wie viel oder wie wenig Haar Sie haben. Die zweite Seite h\u00e4lt sich an Ihrer Per\u00fccke oder Kopfbedeckung fest. Funktioniert auch mit H\u00fcten, Schals, Stirnb\u00e4ndern und anderen Kopfbedeckungen.<\/p>\n<\/div>\n<hr \/>\n<p>One size fits all.<\/p>\n<hr \/>\n<p>Erh\u00e4ltlich in Schwarz, Schokoladenbraun, Grau oder Hellbraun.<\/p>\n<p><img decoding=\"async\" class=\"alignnone wp-image-40667\" src=\"\/wp-content\/uploads\/2023\/03\/black-swatch-150x150.jpg\" alt=\"\" width=\"40\" height=\"40\" \/><img decoding=\"async\" class=\"alignnone wp-image-40666\" src=\"\/wp-content\/uploads\/2023\/03\/chocolate-brown-swatch-150x150.jpg\" alt=\"\" width=\"40\" height=\"40\" \/><img decoding=\"async\" class=\"alignnone wp-image-40668\" src=\"\/wp-content\/uploads\/2023\/03\/grey-swatch-150x150.jpg\" alt=\"\" width=\"40\" height=\"40\" \/><img loading=\"lazy\" decoding=\"async\" class=\"alignnone wp-image-40669\" src=\"\/wp-content\/uploads\/2023\/03\/tan-swatch-150x150.jpg\" alt=\"\" width=\"40\" height=\"40\" \/><\/p>","protected":false},"featured_media":39204,"template":"","meta":[],"product_brand":[],"product_cat":[209,207],"product_tag":[],"class_list":{"0":"post-38790","1":"product","2":"type-product","3":"status-publish","4":"has-post-thumbnail","6":"product_cat-view-all","7":"product_cat-huw-hair-accessories","8":"pa_categories-styling-and-care-products","11":"first","12":"instock","13":"shipping-taxable","14":"product-type-simple"},"yoast_head":"<!-- This site is optimized with the Yoast SEO plugin v25.3.1 - https:\/\/yoast.com\/wordpress\/plugins\/seo\/ -->\n<title>Wig Grip Band - HairUWear<\/title>\n<meta name=\"description\" content=\"The comfortable, no-slip way to keep your wig in place without clips, combs or adhesive! Made with soft, double-sided velvet, this is a must-have accessory for all wig wearers. One side grips to your head, no matter how much or how little hair you have.\" \/>\n<meta name=\"robots\" content=\"index, follow, max-snippet:-1, max-image-preview:large, max-video-preview:-1\" \/>\n<link rel=\"canonical\" href=\"http:\/\/www.hairuwear.com\/de\/product\/wig-grip-band\/\" \/>\n<meta property=\"og:locale\" content=\"de_DE\" \/>\n<meta property=\"og:type\" content=\"article\" \/>\n<meta property=\"og:title\" content=\"Wig Grip Band - HairUWear\" \/>\n<meta property=\"og:description\" content=\"The comfortable, no-slip way to keep your wig in place without clips, combs or adhesive! Made with soft, double-sided velvet, this is a must-have accessory for all wig wearers. One side grips to your head, no matter how much or how little hair you have.\" \/>\n<meta property=\"og:url\" content=\"http:\/\/www.hairuwear.com\/de\/product\/wig-grip-band\/\" \/>\n<meta property=\"og:site_name\" content=\"HairUWear\" \/>\n<meta property=\"article:publisher\" content=\"https:\/\/www.facebook.com\/HairUWearINC\" \/>\n<meta property=\"article:modified_time\" content=\"2023-09-20T17:06:18+00:00\" \/>\n<meta property=\"og:image\" content=\"http:\/\/www.hairuwear.com\/wp-content\/uploads\/2023\/01\/Wig-Grip-Band-1-scaled.jpg\" \/>\n\t<meta property=\"og:image:width\" content=\"2047\" \/>\n\t<meta property=\"og:image:height\" content=\"2560\" \/>\n\t<meta property=\"og:image:type\" content=\"image\/jpeg\" \/>\n<meta name=\"twitter:card\" content=\"summary_large_image\" \/>\n<script type=\"application\/ld+json\" class=\"yoast-schema-graph\">{\"@context\":\"https:\/\/schema.org\",\"@graph\":[{\"@type\":\"WebPage\",\"@id\":\"http:\/\/www.hairuwear.com\/product\/wig-grip-band\/\",\"url\":\"http:\/\/www.hairuwear.com\/product\/wig-grip-band\/\",\"name\":\"Wig Grip Band - HairUWear\",\"isPartOf\":{\"@id\":\"https:\/\/www.hairuwear.com\/nl\/#website\"},\"primaryImageOfPage\":{\"@id\":\"http:\/\/www.hairuwear.com\/product\/wig-grip-band\/#primaryimage\"},\"image\":{\"@id\":\"http:\/\/www.hairuwear.com\/product\/wig-grip-band\/#primaryimage\"},\"thumbnailUrl\":\"https:\/\/www.hairuwear.com\/wp-content\/uploads\/2023\/01\/Wig-Grip-Band-1-scaled.jpg\",\"datePublished\":\"2023-01-09T21:04:50+00:00\",\"dateModified\":\"2023-09-20T17:06:18+00:00\",\"description\":\"The comfortable, no-slip way to keep your wig in place without clips, combs or adhesive! Made with soft, double-sided velvet, this is a must-have accessory for all wig wearers. One side grips to your head, no matter how much or how little hair you have.\",\"breadcrumb\":{\"@id\":\"http:\/\/www.hairuwear.com\/product\/wig-grip-band\/#breadcrumb\"},\"inLanguage\":\"de-DE\",\"potentialAction\":[{\"@type\":\"ReadAction\",\"target\":[\"http:\/\/www.hairuwear.com\/product\/wig-grip-band\/\"]}]},{\"@type\":\"ImageObject\",\"inLanguage\":\"de-DE\",\"@id\":\"http:\/\/www.hairuwear.com\/product\/wig-grip-band\/#primaryimage\",\"url\":\"https:\/\/www.hairuwear.com\/wp-content\/uploads\/2023\/01\/Wig-Grip-Band-1-scaled.jpg\",\"contentUrl\":\"https:\/\/www.hairuwear.com\/wp-content\/uploads\/2023\/01\/Wig-Grip-Band-1-scaled.jpg\",\"width\":2047,\"height\":2560},{\"@type\":\"BreadcrumbList\",\"@id\":\"http:\/\/www.hairuwear.com\/product\/wig-grip-band\/#breadcrumb\",\"itemListElement\":[{\"@type\":\"ListItem\",\"position\":1,\"name\":\"Home\",\"item\":\"https:\/\/www.hairuwear.com\/\"},{\"@type\":\"ListItem\",\"position\":2,\"name\":\"Products &#038; Solutions\",\"item\":\"https:\/\/www.hairuwear.com\/es\/products-solutions\/\"},{\"@type\":\"ListItem\",\"position\":3,\"name\":\"Wig Grip Band\"}]},{\"@type\":\"WebSite\",\"@id\":\"https:\/\/www.hairuwear.com\/nl\/#website\",\"url\":\"https:\/\/www.hairuwear.com\/nl\/\",\"name\":\"HairUWear\",\"description\":\"We inspire women and men throughout the world to see all the possibilities of alternative hair.\",\"publisher\":{\"@id\":\"https:\/\/www.hairuwear.com\/nl\/#organization\"},\"potentialAction\":[{\"@type\":\"SearchAction\",\"target\":{\"@type\":\"EntryPoint\",\"urlTemplate\":\"https:\/\/www.hairuwear.com\/nl\/?s={search_term_string}\"},\"query-input\":{\"@type\":\"PropertyValueSpecification\",\"valueRequired\":true,\"valueName\":\"search_term_string\"}}],\"inLanguage\":\"de-DE\"},{\"@type\":\"Organization\",\"@id\":\"https:\/\/www.hairuwear.com\/nl\/#organization\",\"name\":\"HairUWear\",\"url\":\"https:\/\/www.hairuwear.com\/nl\/\",\"logo\":{\"@type\":\"ImageObject\",\"inLanguage\":\"de-DE\",\"@id\":\"https:\/\/www.hairuwear.com\/nl\/#\/schema\/logo\/image\/\",\"url\":\"https:\/\/hairuwear.com\/wp-content\/uploads\/2024\/02\/HUW-logo-black-square.jpg\",\"contentUrl\":\"https:\/\/hairuwear.com\/wp-content\/uploads\/2024\/02\/HUW-logo-black-square.jpg\",\"width\":1000,\"height\":1000,\"caption\":\"HairUWear\"},\"image\":{\"@id\":\"https:\/\/www.hairuwear.com\/nl\/#\/schema\/logo\/image\/\"},\"sameAs\":[\"https:\/\/www.facebook.com\/HairUWearINC\",\"https:\/\/www.instagram.com\/hairuwear_inc\/\",\"https:\/\/www.youtube.com\/channel\/UCooHA3ZvNM3CfbjxHAUUZlg\",\"https:\/\/www.linkedin.com\/company\/hairuwear\/\",\"https:\/\/www.pinterest.com\/hairuwear\/?invite_code=060417bbf4384977ac59e5e49e9e2f4a\"]}]}<\/script>\n<!-- \/ Yoast SEO plugin. -->","yoast_head_json":{"title":"Wig Grip Band - HairUWear","description":"The comfortable, no-slip way to keep your wig in place without clips, combs or adhesive! Made with soft, double-sided velvet, this is a must-have accessory for all wig wearers. One side grips to your head, no matter how much or how little hair you have.","robots":{"index":"index","follow":"follow","max-snippet":"max-snippet:-1","max-image-preview":"max-image-preview:large","max-video-preview":"max-video-preview:-1"},"canonical":"http:\/\/www.hairuwear.com\/de\/product\/wig-grip-band\/","og_locale":"de_DE","og_type":"article","og_title":"Wig Grip Band - HairUWear","og_description":"The comfortable, no-slip way to keep your wig in place without clips, combs or adhesive! Made with soft, double-sided velvet, this is a must-have accessory for all wig wearers. One side grips to your head, no matter how much or how little hair you have.","og_url":"http:\/\/www.hairuwear.com\/de\/product\/wig-grip-band\/","og_site_name":"HairUWear","article_publisher":"https:\/\/www.facebook.com\/HairUWearINC","article_modified_time":"2023-09-20T17:06:18+00:00","og_image":[{"width":2047,"height":2560,"url":"http:\/\/www.hairuwear.com\/wp-content\/uploads\/2023\/01\/Wig-Grip-Band-1-scaled.jpg","type":"image\/jpeg"}],"twitter_card":"summary_large_image","schema":{"@context":"https:\/\/schema.org","@graph":[{"@type":"WebPage","@id":"http:\/\/www.hairuwear.com\/product\/wig-grip-band\/","url":"http:\/\/www.hairuwear.com\/product\/wig-grip-band\/","name":"Wig Grip Band - HairUWear","isPartOf":{"@id":"https:\/\/www.hairuwear.com\/nl\/#website"},"primaryImageOfPage":{"@id":"http:\/\/www.hairuwear.com\/product\/wig-grip-band\/#primaryimage"},"image":{"@id":"http:\/\/www.hairuwear.com\/product\/wig-grip-band\/#primaryimage"},"thumbnailUrl":"https:\/\/www.hairuwear.com\/wp-content\/uploads\/2023\/01\/Wig-Grip-Band-1-scaled.jpg","datePublished":"2023-01-09T21:04:50+00:00","dateModified":"2023-09-20T17:06:18+00:00","description":"The comfortable, no-slip way to keep your wig in place without clips, combs or adhesive! Made with soft, double-sided velvet, this is a must-have accessory for all wig wearers. One side grips to your head, no matter how much or how little hair you have.","breadcrumb":{"@id":"http:\/\/www.hairuwear.com\/product\/wig-grip-band\/#breadcrumb"},"inLanguage":"de-DE","potentialAction":[{"@type":"ReadAction","target":["http:\/\/www.hairuwear.com\/product\/wig-grip-band\/"]}]},{"@type":"ImageObject","inLanguage":"de-DE","@id":"http:\/\/www.hairuwear.com\/product\/wig-grip-band\/#primaryimage","url":"https:\/\/www.hairuwear.com\/wp-content\/uploads\/2023\/01\/Wig-Grip-Band-1-scaled.jpg","contentUrl":"https:\/\/www.hairuwear.com\/wp-content\/uploads\/2023\/01\/Wig-Grip-Band-1-scaled.jpg","width":2047,"height":2560},{"@type":"BreadcrumbList","@id":"http:\/\/www.hairuwear.com\/product\/wig-grip-band\/#breadcrumb","itemListElement":[{"@type":"ListItem","position":1,"name":"Home","item":"https:\/\/www.hairuwear.com\/"},{"@type":"ListItem","position":2,"name":"Products &#038; Solutions","item":"https:\/\/www.hairuwear.com\/es\/products-solutions\/"},{"@type":"ListItem","position":3,"name":"Wig Grip Band"}]},{"@type":"WebSite","@id":"https:\/\/www.hairuwear.com\/nl\/#website","url":"https:\/\/www.hairuwear.com\/nl\/","name":"HairUWear","description":"We inspire women and men throughout the world to see all the possibilities of alternative hair.","publisher":{"@id":"https:\/\/www.hairuwear.com\/nl\/#organization"},"potentialAction":[{"@type":"SearchAction","target":{"@type":"EntryPoint","urlTemplate":"https:\/\/www.hairuwear.com\/nl\/?s={search_term_string}"},"query-input":{"@type":"PropertyValueSpecification","valueRequired":true,"valueName":"search_term_string"}}],"inLanguage":"de-DE"},{"@type":"Organization","@id":"https:\/\/www.hairuwear.com\/nl\/#organization","name":"HairUWear","url":"https:\/\/www.hairuwear.com\/nl\/","logo":{"@type":"ImageObject","inLanguage":"de-DE","@id":"https:\/\/www.hairuwear.com\/nl\/#\/schema\/logo\/image\/","url":"https:\/\/hairuwear.com\/wp-content\/uploads\/2024\/02\/HUW-logo-black-square.jpg","contentUrl":"https:\/\/hairuwear.com\/wp-content\/uploads\/2024\/02\/HUW-logo-black-square.jpg","width":1000,"height":1000,"caption":"HairUWear"},"image":{"@id":"https:\/\/www.hairuwear.com\/nl\/#\/schema\/logo\/image\/"},"sameAs":["https:\/\/www.facebook.com\/HairUWearINC","https:\/\/www.instagram.com\/hairuwear_inc\/","https:\/\/www.youtube.com\/channel\/UCooHA3ZvNM3CfbjxHAUUZlg","https:\/\/www.linkedin.com\/company\/hairuwear\/","https:\/\/www.pinterest.com\/hairuwear\/?invite_code=060417bbf4384977ac59e5e49e9e2f4a"]}]}},"_links":{"self":[{"href":"https:\/\/www.hairuwear.com\/de\/wp-json\/wp\/v2\/product\/38790","targetHints":{"allow":["GET"]}}],"collection":[{"href":"https:\/\/www.hairuwear.com\/de\/wp-json\/wp\/v2\/product"}],"about":[{"href":"https:\/\/www.hairuwear.com\/de\/wp-json\/wp\/v2\/types\/product"}],"version-history":[{"count":12,"href":"https:\/\/www.hairuwear.com\/de\/wp-json\/wp\/v2\/product\/38790\/revisions"}],"predecessor-version":[{"id":40680,"href":"https:\/\/www.hairuwear.com\/de\/wp-json\/wp\/v2\/product\/38790\/revisions\/40680"}],"wp:featuredmedia":[{"embeddable":true,"href":"https:\/\/www.hairuwear.com\/de\/wp-json\/wp\/v2\/media\/39204"}],"wp:attachment":[{"href":"https:\/\/www.hairuwear.com\/de\/wp-json\/wp\/v2\/media?parent=38790"}],"wp:term":[{"taxonomy":"product_brand","embeddable":true,"href":"https:\/\/www.hairuwear.com\/de\/wp-json\/wp\/v2\/product_brand?post=38790"},{"taxonomy":"product_cat","embeddable":true,"href":"https:\/\/www.hairuwear.com\/de\/wp-json\/wp\/v2\/product_cat?post=38790"},{"taxonomy":"product_tag","embeddable":true,"href":"https:\/\/www.hairuwear.com\/de\/wp-json\/wp\/v2\/product_tag?post=38790"}],"curies":[{"name":"wp","href":"https:\/\/api.w.org\/{rel}","templated":true}]}}