{"id":44057,"date":"2023-05-08T08:22:42","date_gmt":"2023-05-08T13:22:42","guid":{"rendered":"https:\/\/live-huw-2023.pantheonsite.io\/?post_type=product&#038;p=44057"},"modified":"2024-01-25T08:17:08","modified_gmt":"2024-01-25T14:17:08","slug":"gratitude","status":"publish","type":"product","link":"https:\/\/www.hairuwear.com\/de\/product\/gratitude\/","title":{"rendered":"Gratitude"},"content":{"rendered":"<div id=\"content-desktop\">\n<div id='gallery-1' class='gallery galleryid-44057 gallery-columns-6 gallery-size-full'><figure class='gallery-item'>\n\t\t\t<div class='gallery-icon landscape'>\n\t\t\t\t<img fetchpriority=\"high\" decoding=\"async\" width=\"350\" height=\"350\" src=\"https:\/\/www.hairuwear.com\/wp-content\/uploads\/2022\/05\/Tru2Life-black-swatch.jpg\" class=\"attachment-full size-full\" alt=\"Black\" aria-describedby=\"gallery-1-28049\" \/>\n\t\t\t<\/div>\n\t\t\t\t<figcaption class='wp-caption-text gallery-caption' id='gallery-1-28049'>\n\t\t\t\tSchwarz\n\t\t\t\t<\/figcaption><\/figure><figure class='gallery-item'>\n\t\t\t<div class='gallery-icon landscape'>\n\t\t\t\t<img decoding=\"async\" width=\"350\" height=\"350\" src=\"https:\/\/www.hairuwear.com\/wp-content\/uploads\/2022\/05\/Tru2Life-dark-brown-swatch.jpg\" class=\"attachment-full size-full\" alt=\"Dark Brown\" aria-describedby=\"gallery-1-28053\" \/>\n\t\t\t<\/div>\n\t\t\t\t<figcaption class='wp-caption-text gallery-caption' id='gallery-1-28053'>\n\t\t\t\tDunkelbraun\n\t\t\t\t<\/figcaption><\/figure><figure class='gallery-item'>\n\t\t\t<div class='gallery-icon landscape'>\n\t\t\t\t<img decoding=\"async\" width=\"350\" height=\"350\" src=\"https:\/\/www.hairuwear.com\/wp-content\/uploads\/2022\/05\/Tru2Life-medium-brown-swatch.jpg\" class=\"attachment-full size-full\" alt=\"Medium Brown\" aria-describedby=\"gallery-1-28067\" \/>\n\t\t\t<\/div>\n\t\t\t\t<figcaption class='wp-caption-text gallery-caption' id='gallery-1-28067'>\n\t\t\t\tMittelbraun\n\t\t\t\t<\/figcaption><\/figure><figure class='gallery-item'>\n\t\t\t<div class='gallery-icon landscape'>\n\t\t\t\t<img loading=\"lazy\" decoding=\"async\" width=\"350\" height=\"350\" src=\"https:\/\/www.hairuwear.com\/wp-content\/uploads\/2022\/05\/Tru2Life-light-brown-swatch.jpg\" class=\"attachment-full size-full\" alt=\"Light Brown\" aria-describedby=\"gallery-1-28073\" \/>\n\t\t\t<\/div>\n\t\t\t\t<figcaption class='wp-caption-text gallery-caption' id='gallery-1-28073'>\n\t\t\t\tHellbraun\n\t\t\t\t<\/figcaption><\/figure><figure class='gallery-item'>\n\t\t\t<div class='gallery-icon landscape'>\n\t\t\t\t<img loading=\"lazy\" decoding=\"async\" width=\"350\" height=\"350\" src=\"https:\/\/www.hairuwear.com\/wp-content\/uploads\/2022\/05\/Tru2Life-brown-blonde-swatch.jpg\" class=\"attachment-full size-full\" alt=\"Brown Blonde\" aria-describedby=\"gallery-1-28050\" \/>\n\t\t\t<\/div>\n\t\t\t\t<figcaption class='wp-caption-text gallery-caption' id='gallery-1-28050'>\n\t\t\t\tBraun\/Blond\n\t\t\t\t<\/figcaption><\/figure><figure class='gallery-item'>\n\t\t\t<div class='gallery-icon landscape'>\n\t\t\t\t<img loading=\"lazy\" decoding=\"async\" width=\"350\" height=\"350\" src=\"https:\/\/www.hairuwear.com\/wp-content\/uploads\/2022\/05\/Tru2Life-dark-blonde-swatch.jpg\" class=\"attachment-full size-full\" alt=\"Dark Blonde\" aria-describedby=\"gallery-1-28052\" \/>\n\t\t\t<\/div>\n\t\t\t\t<figcaption class='wp-caption-text gallery-caption' id='gallery-1-28052'>\n\t\t\t\tDunkelblond\n\t\t\t\t<\/figcaption><\/figure><figure class='gallery-item'>\n\t\t\t<div class='gallery-icon landscape'>\n\t\t\t\t<img loading=\"lazy\" decoding=\"async\" width=\"350\" height=\"350\" src=\"https:\/\/www.hairuwear.com\/wp-content\/uploads\/2022\/05\/Tru2Life-medium-blonde-swatch.jpg\" class=\"attachment-full size-full\" alt=\"Medium Blonde\" aria-describedby=\"gallery-1-28072\" \/>\n\t\t\t<\/div>\n\t\t\t\t<figcaption class='wp-caption-text gallery-caption' id='gallery-1-28072'>\n\t\t\t\tMittelblond\n\t\t\t\t<\/figcaption><\/figure><figure class='gallery-item'>\n\t\t\t<div class='gallery-icon landscape'>\n\t\t\t\t<img loading=\"lazy\" decoding=\"async\" width=\"350\" height=\"350\" src=\"https:\/\/www.hairuwear.com\/wp-content\/uploads\/2022\/05\/Tru2Life-light-blonde-swatch.jpg\" class=\"attachment-full size-full\" alt=\"Light Blonde\" aria-describedby=\"gallery-1-28075\" \/>\n\t\t\t<\/div>\n\t\t\t\t<figcaption class='wp-caption-text gallery-caption' id='gallery-1-28075'>\n\t\t\t\tHellblond\n\t\t\t\t<\/figcaption><\/figure><figure class='gallery-item'>\n\t\t\t<div class='gallery-icon landscape'>\n\t\t\t\t<img loading=\"lazy\" decoding=\"async\" width=\"350\" height=\"350\" src=\"https:\/\/www.hairuwear.com\/wp-content\/uploads\/2022\/05\/Tru2Life-light-red-swatch.jpg\" class=\"attachment-full size-full\" alt=\"Light Red\" aria-describedby=\"gallery-1-28071\" \/>\n\t\t\t<\/div>\n\t\t\t\t<figcaption class='wp-caption-text gallery-caption' id='gallery-1-28071'>\n\t\t\t\tHellrot\n\t\t\t\t<\/figcaption><\/figure><figure class='gallery-item'>\n\t\t\t<div class='gallery-icon landscape'>\n\t\t\t\t<img loading=\"lazy\" decoding=\"async\" width=\"350\" height=\"350\" src=\"https:\/\/www.hairuwear.com\/wp-content\/uploads\/2022\/05\/GB-Essentials-Colors-Medium-Red-swatch.jpg\" class=\"attachment-full size-full\" alt=\"Medium Red\" aria-describedby=\"gallery-1-28068\" \/>\n\t\t\t<\/div>\n\t\t\t\t<figcaption class='wp-caption-text gallery-caption' id='gallery-1-28068'>\n\t\t\t\tMittelrot\n\t\t\t\t<\/figcaption><\/figure><figure class='gallery-item'>\n\t\t\t<div class='gallery-icon landscape'>\n\t\t\t\t<img loading=\"lazy\" decoding=\"async\" width=\"350\" height=\"350\" src=\"https:\/\/www.hairuwear.com\/wp-content\/uploads\/2022\/05\/Tru2Life-brown-grey-swatch.jpg\" class=\"attachment-full size-full\" alt=\"Brown Grey\" aria-describedby=\"gallery-1-28051\" \/>\n\t\t\t<\/div>\n\t\t\t\t<figcaption class='wp-caption-text gallery-caption' id='gallery-1-28051'>\n\t\t\t\tBraun Grau\n\t\t\t\t<\/figcaption><\/figure><figure class='gallery-item'>\n\t\t\t<div class='gallery-icon landscape'>\n\t\t\t\t<img loading=\"lazy\" decoding=\"async\" width=\"350\" height=\"350\" src=\"https:\/\/www.hairuwear.com\/wp-content\/uploads\/2022\/05\/Tru2Life-light-grey-swatch.jpg\" class=\"attachment-full size-full\" alt=\"Light Grey\" aria-describedby=\"gallery-1-28074\" \/>\n\t\t\t<\/div>\n\t\t\t\t<figcaption class='wp-caption-text gallery-caption' id='gallery-1-28074'>\n\t\t\t\tHellgrau\n\t\t\t\t<\/figcaption><\/figure>\n\t\t<\/div>\n\n<\/div>\n<div id=\"content-mobile\">\n<div id='gallery-2' class='gallery galleryid-44057 gallery-columns-3 gallery-size-thumbnail'><figure class='gallery-item'>\n\t\t\t<div class='gallery-icon landscape'>\n\t\t\t\t<img loading=\"lazy\" decoding=\"async\" width=\"150\" height=\"150\" src=\"https:\/\/www.hairuwear.com\/wp-content\/uploads\/2022\/05\/Tru2Life-black-swatch-150x150.jpg\" class=\"attachment-thumbnail size-thumbnail\" alt=\"Black\" aria-describedby=\"gallery-2-28049\" \/>\n\t\t\t<\/div>\n\t\t\t\t<figcaption class='wp-caption-text gallery-caption' id='gallery-2-28049'>\n\t\t\t\tSchwarz\n\t\t\t\t<\/figcaption><\/figure><figure class='gallery-item'>\n\t\t\t<div class='gallery-icon landscape'>\n\t\t\t\t<img loading=\"lazy\" decoding=\"async\" width=\"150\" height=\"150\" src=\"https:\/\/www.hairuwear.com\/wp-content\/uploads\/2022\/05\/Tru2Life-dark-brown-swatch-150x150.jpg\" class=\"attachment-thumbnail size-thumbnail\" alt=\"Dark Brown\" aria-describedby=\"gallery-2-28053\" \/>\n\t\t\t<\/div>\n\t\t\t\t<figcaption class='wp-caption-text gallery-caption' id='gallery-2-28053'>\n\t\t\t\tDunkelbraun\n\t\t\t\t<\/figcaption><\/figure><figure class='gallery-item'>\n\t\t\t<div class='gallery-icon landscape'>\n\t\t\t\t<img loading=\"lazy\" decoding=\"async\" width=\"150\" height=\"150\" src=\"https:\/\/www.hairuwear.com\/wp-content\/uploads\/2022\/05\/Tru2Life-medium-brown-swatch-150x150.jpg\" class=\"attachment-thumbnail size-thumbnail\" alt=\"Medium Brown\" aria-describedby=\"gallery-2-28067\" \/>\n\t\t\t<\/div>\n\t\t\t\t<figcaption class='wp-caption-text gallery-caption' id='gallery-2-28067'>\n\t\t\t\tMittelbraun\n\t\t\t\t<\/figcaption><\/figure><figure class='gallery-item'>\n\t\t\t<div class='gallery-icon landscape'>\n\t\t\t\t<img loading=\"lazy\" decoding=\"async\" width=\"150\" height=\"150\" src=\"https:\/\/www.hairuwear.com\/wp-content\/uploads\/2022\/05\/Tru2Life-light-brown-swatch-150x150.jpg\" class=\"attachment-thumbnail size-thumbnail\" alt=\"Light Brown\" aria-describedby=\"gallery-2-28073\" \/>\n\t\t\t<\/div>\n\t\t\t\t<figcaption class='wp-caption-text gallery-caption' id='gallery-2-28073'>\n\t\t\t\tHellbraun\n\t\t\t\t<\/figcaption><\/figure><figure class='gallery-item'>\n\t\t\t<div class='gallery-icon landscape'>\n\t\t\t\t<img loading=\"lazy\" decoding=\"async\" width=\"150\" height=\"150\" src=\"https:\/\/www.hairuwear.com\/wp-content\/uploads\/2022\/05\/Tru2Life-brown-blonde-swatch-150x150.jpg\" class=\"attachment-thumbnail size-thumbnail\" alt=\"Brown Blonde\" aria-describedby=\"gallery-2-28050\" \/>\n\t\t\t<\/div>\n\t\t\t\t<figcaption class='wp-caption-text gallery-caption' id='gallery-2-28050'>\n\t\t\t\tBraun\/Blond\n\t\t\t\t<\/figcaption><\/figure><figure class='gallery-item'>\n\t\t\t<div class='gallery-icon landscape'>\n\t\t\t\t<img loading=\"lazy\" decoding=\"async\" width=\"150\" height=\"150\" src=\"https:\/\/www.hairuwear.com\/wp-content\/uploads\/2022\/05\/Tru2Life-dark-blonde-swatch-150x150.jpg\" class=\"attachment-thumbnail size-thumbnail\" alt=\"Dark Blonde\" aria-describedby=\"gallery-2-28052\" \/>\n\t\t\t<\/div>\n\t\t\t\t<figcaption class='wp-caption-text gallery-caption' id='gallery-2-28052'>\n\t\t\t\tDunkelblond\n\t\t\t\t<\/figcaption><\/figure><figure class='gallery-item'>\n\t\t\t<div class='gallery-icon landscape'>\n\t\t\t\t<img loading=\"lazy\" decoding=\"async\" width=\"150\" height=\"150\" src=\"https:\/\/www.hairuwear.com\/wp-content\/uploads\/2022\/05\/Tru2Life-medium-blonde-swatch-150x150.jpg\" class=\"attachment-thumbnail size-thumbnail\" alt=\"Medium Blonde\" aria-describedby=\"gallery-2-28072\" \/>\n\t\t\t<\/div>\n\t\t\t\t<figcaption class='wp-caption-text gallery-caption' id='gallery-2-28072'>\n\t\t\t\tMittelblond\n\t\t\t\t<\/figcaption><\/figure><figure class='gallery-item'>\n\t\t\t<div class='gallery-icon landscape'>\n\t\t\t\t<img loading=\"lazy\" decoding=\"async\" width=\"150\" height=\"150\" src=\"https:\/\/www.hairuwear.com\/wp-content\/uploads\/2022\/05\/Tru2Life-light-blonde-swatch-150x150.jpg\" class=\"attachment-thumbnail size-thumbnail\" alt=\"Light Blonde\" aria-describedby=\"gallery-2-28075\" \/>\n\t\t\t<\/div>\n\t\t\t\t<figcaption class='wp-caption-text gallery-caption' id='gallery-2-28075'>\n\t\t\t\tHellblond\n\t\t\t\t<\/figcaption><\/figure><figure class='gallery-item'>\n\t\t\t<div class='gallery-icon landscape'>\n\t\t\t\t<img loading=\"lazy\" decoding=\"async\" width=\"150\" height=\"150\" src=\"https:\/\/www.hairuwear.com\/wp-content\/uploads\/2022\/05\/Tru2Life-light-red-swatch-150x150.jpg\" class=\"attachment-thumbnail size-thumbnail\" alt=\"Light Red\" aria-describedby=\"gallery-2-28071\" \/>\n\t\t\t<\/div>\n\t\t\t\t<figcaption class='wp-caption-text gallery-caption' id='gallery-2-28071'>\n\t\t\t\tHellrot\n\t\t\t\t<\/figcaption><\/figure><figure class='gallery-item'>\n\t\t\t<div class='gallery-icon landscape'>\n\t\t\t\t<img loading=\"lazy\" decoding=\"async\" width=\"150\" height=\"150\" src=\"https:\/\/www.hairuwear.com\/wp-content\/uploads\/2022\/05\/GB-Essentials-Colors-Medium-Red-swatch-150x150.jpg\" class=\"attachment-thumbnail size-thumbnail\" alt=\"Medium Red\" aria-describedby=\"gallery-2-28068\" \/>\n\t\t\t<\/div>\n\t\t\t\t<figcaption class='wp-caption-text gallery-caption' id='gallery-2-28068'>\n\t\t\t\tMittelrot\n\t\t\t\t<\/figcaption><\/figure><figure class='gallery-item'>\n\t\t\t<div class='gallery-icon landscape'>\n\t\t\t\t<img loading=\"lazy\" decoding=\"async\" width=\"150\" height=\"150\" src=\"https:\/\/www.hairuwear.com\/wp-content\/uploads\/2022\/05\/Tru2Life-brown-grey-swatch-150x150.jpg\" class=\"attachment-thumbnail size-thumbnail\" alt=\"Brown Grey\" aria-describedby=\"gallery-2-28051\" \/>\n\t\t\t<\/div>\n\t\t\t\t<figcaption class='wp-caption-text gallery-caption' id='gallery-2-28051'>\n\t\t\t\tBraun Grau\n\t\t\t\t<\/figcaption><\/figure><figure class='gallery-item'>\n\t\t\t<div class='gallery-icon landscape'>\n\t\t\t\t<img loading=\"lazy\" decoding=\"async\" width=\"150\" height=\"150\" src=\"https:\/\/www.hairuwear.com\/wp-content\/uploads\/2022\/05\/Tru2Life-light-grey-swatch-150x150.jpg\" class=\"attachment-thumbnail size-thumbnail\" alt=\"Light Grey\" aria-describedby=\"gallery-2-28074\" \/>\n\t\t\t<\/div>\n\t\t\t\t<figcaption class='wp-caption-text gallery-caption' id='gallery-2-28074'>\n\t\t\t\tHellgrau\n\t\t\t\t<\/figcaption><\/figure>\n\t\t<\/div>\n\n<\/div>","protected":false},"excerpt":{"rendered":"<p>Ein locker gestufter Kurzhaarschnitt mit zus\u00e4tzlichem Volumen im Scheitel und einem modischen Wimpernkranz. Stylen Sie es nach vorne, um das Gesicht zu umrahmen, oder b\u00fcrsten Sie es zur\u00fcck f\u00fcr einen raffinierten Look.<\/p>\n<hr \/>\n<p>Wide Velvet Comfort Band\u2122<br \/>\nOpen Wefted Top<br \/>\nInside \u201cHidden\u201d Weft<br \/>\nOpen Ear Tabs<br \/>\nOpen Extended Nape<br \/>\n<a href=\"\/de\/gabor\/hair-types\/#kanekalon-excelle\" target=\"_blank\" rel=\"noopener\">Kanekalon Excelle<sup>\u00ae<\/sup> Heat-friendly Synthetic Hair<\/a><\/p>\n<hr \/>\n<p>Cap Size: Average<\/p>\n<hr \/>\n<p>Front: 5\u00bc\u201d<\/p>\n<hr \/>\n<p>Krone: 5\u00be\"<\/p>\n<hr \/>\n<p>Sides: 4\u00bc\u201d<\/p>\n<hr \/>\n<p>R\u00fccken: 5\"<\/p>\n<hr \/>\n<p>Nacken: 4\"<\/p>\n<hr \/>\n<p>Weight: 2.7 oz<\/p>","protected":false},"featured_media":44061,"template":"","meta":[],"product_brand":[160],"product_cat":[209,193,197],"product_tag":[],"class_list":{"0":"post-44057","1":"product","2":"type-product","3":"status-publish","4":"has-post-thumbnail","6":"product_brand-gabor","7":"product_cat-view-all","8":"product_cat-gabor","9":"product_cat-gb-essentials","10":"pa_application-type-ready-to-wear","11":"pa_brand-gabor","12":"pa_cap-size-average","13":"pa_categories-wigs","14":"pa_color-family-blonde","15":"pa_color-family-brunette","16":"pa_color-family-gray","17":"pa_color-family-red","18":"pa_department-women","19":"pa_hair-type-heat-styleable-synthetic","20":"pa_wig-features-with-bangs","21":"pa_wig-length-short","22":"pa_wig-style-straight","25":"first","26":"instock","27":"shipping-taxable","28":"product-type-simple"},"yoast_head":"<!-- This site is optimized with the Yoast SEO plugin v25.3.1 - https:\/\/yoast.com\/wordpress\/plugins\/seo\/ -->\n<title>Gratitude - HairUWear<\/title>\n<meta name=\"description\" content=\"An all-over, loosely layered, cropped shag with added volume in the crown and a fashionable eyelash bang. Style it forward to frame the face or brush it back for a more sophisticated look.\" \/>\n<meta name=\"robots\" content=\"index, follow, max-snippet:-1, max-image-preview:large, max-video-preview:-1\" \/>\n<link rel=\"canonical\" href=\"http:\/\/www.hairuwear.com\/de\/product\/gratitude\/\" \/>\n<meta property=\"og:locale\" content=\"de_DE\" \/>\n<meta property=\"og:type\" content=\"article\" \/>\n<meta property=\"og:title\" content=\"Gratitude - HairUWear\" \/>\n<meta property=\"og:description\" content=\"An all-over, loosely layered, cropped shag with added volume in the crown and a fashionable eyelash bang. Style it forward to frame the face or brush it back for a more sophisticated look.\" \/>\n<meta property=\"og:url\" content=\"http:\/\/www.hairuwear.com\/de\/product\/gratitude\/\" \/>\n<meta property=\"og:site_name\" content=\"HairUWear\" \/>\n<meta property=\"article:publisher\" content=\"https:\/\/www.facebook.com\/HairUWearINC\" \/>\n<meta property=\"article:modified_time\" content=\"2024-01-25T14:17:08+00:00\" \/>\n<meta property=\"og:image\" content=\"http:\/\/www.hairuwear.com\/wp-content\/uploads\/2023\/05\/GB-Gratitude-Model-Front-2-scaled.jpg\" \/>\n\t<meta property=\"og:image:width\" content=\"2045\" \/>\n\t<meta property=\"og:image:height\" content=\"2560\" \/>\n\t<meta property=\"og:image:type\" content=\"image\/jpeg\" \/>\n<meta name=\"twitter:card\" content=\"summary_large_image\" \/>\n<meta name=\"twitter:label1\" content=\"Est. reading time\" \/>\n\t<meta name=\"twitter:data1\" content=\"1 Minute\" \/>\n<script type=\"application\/ld+json\" class=\"yoast-schema-graph\">{\"@context\":\"https:\/\/schema.org\",\"@graph\":[{\"@type\":\"WebPage\",\"@id\":\"http:\/\/www.hairuwear.com\/product\/gratitude\/\",\"url\":\"http:\/\/www.hairuwear.com\/product\/gratitude\/\",\"name\":\"Gratitude - HairUWear\",\"isPartOf\":{\"@id\":\"https:\/\/www.hairuwear.com\/nl\/#website\"},\"primaryImageOfPage\":{\"@id\":\"http:\/\/www.hairuwear.com\/product\/gratitude\/#primaryimage\"},\"image\":{\"@id\":\"http:\/\/www.hairuwear.com\/product\/gratitude\/#primaryimage\"},\"thumbnailUrl\":\"https:\/\/www.hairuwear.com\/wp-content\/uploads\/2023\/05\/GB-Gratitude-Model-Front-2-scaled.jpg\",\"datePublished\":\"2023-05-08T13:22:42+00:00\",\"dateModified\":\"2024-01-25T14:17:08+00:00\",\"description\":\"An all-over, loosely layered, cropped shag with added volume in the crown and a fashionable eyelash bang. Style it forward to frame the face or brush it back for a more sophisticated look.\",\"breadcrumb\":{\"@id\":\"http:\/\/www.hairuwear.com\/product\/gratitude\/#breadcrumb\"},\"inLanguage\":\"de-DE\",\"potentialAction\":[{\"@type\":\"ReadAction\",\"target\":[\"http:\/\/www.hairuwear.com\/product\/gratitude\/\"]}]},{\"@type\":\"ImageObject\",\"inLanguage\":\"de-DE\",\"@id\":\"http:\/\/www.hairuwear.com\/product\/gratitude\/#primaryimage\",\"url\":\"https:\/\/www.hairuwear.com\/wp-content\/uploads\/2023\/05\/GB-Gratitude-Model-Front-2-scaled.jpg\",\"contentUrl\":\"https:\/\/www.hairuwear.com\/wp-content\/uploads\/2023\/05\/GB-Gratitude-Model-Front-2-scaled.jpg\",\"width\":2045,\"height\":2560,\"caption\":\"Gratitude in Brown\/Blonde\"},{\"@type\":\"BreadcrumbList\",\"@id\":\"http:\/\/www.hairuwear.com\/product\/gratitude\/#breadcrumb\",\"itemListElement\":[{\"@type\":\"ListItem\",\"position\":1,\"name\":\"Home\",\"item\":\"https:\/\/www.hairuwear.com\/\"},{\"@type\":\"ListItem\",\"position\":2,\"name\":\"Products &#038; Solutions\",\"item\":\"https:\/\/www.hairuwear.com\/es\/products-solutions\/\"},{\"@type\":\"ListItem\",\"position\":3,\"name\":\"Gratitude\"}]},{\"@type\":\"WebSite\",\"@id\":\"https:\/\/www.hairuwear.com\/nl\/#website\",\"url\":\"https:\/\/www.hairuwear.com\/nl\/\",\"name\":\"HairUWear\",\"description\":\"We inspire women and men throughout the world to see all the possibilities of alternative hair.\",\"publisher\":{\"@id\":\"https:\/\/www.hairuwear.com\/nl\/#organization\"},\"potentialAction\":[{\"@type\":\"SearchAction\",\"target\":{\"@type\":\"EntryPoint\",\"urlTemplate\":\"https:\/\/www.hairuwear.com\/nl\/?s={search_term_string}\"},\"query-input\":{\"@type\":\"PropertyValueSpecification\",\"valueRequired\":true,\"valueName\":\"search_term_string\"}}],\"inLanguage\":\"de-DE\"},{\"@type\":\"Organization\",\"@id\":\"https:\/\/www.hairuwear.com\/nl\/#organization\",\"name\":\"HairUWear\",\"url\":\"https:\/\/www.hairuwear.com\/nl\/\",\"logo\":{\"@type\":\"ImageObject\",\"inLanguage\":\"de-DE\",\"@id\":\"https:\/\/www.hairuwear.com\/nl\/#\/schema\/logo\/image\/\",\"url\":\"https:\/\/hairuwear.com\/wp-content\/uploads\/2024\/02\/HUW-logo-black-square.jpg\",\"contentUrl\":\"https:\/\/hairuwear.com\/wp-content\/uploads\/2024\/02\/HUW-logo-black-square.jpg\",\"width\":1000,\"height\":1000,\"caption\":\"HairUWear\"},\"image\":{\"@id\":\"https:\/\/www.hairuwear.com\/nl\/#\/schema\/logo\/image\/\"},\"sameAs\":[\"https:\/\/www.facebook.com\/HairUWearINC\",\"https:\/\/www.instagram.com\/hairuwear_inc\/\",\"https:\/\/www.youtube.com\/channel\/UCooHA3ZvNM3CfbjxHAUUZlg\",\"https:\/\/www.linkedin.com\/company\/hairuwear\/\",\"https:\/\/www.pinterest.com\/hairuwear\/?invite_code=060417bbf4384977ac59e5e49e9e2f4a\"]}]}<\/script>\n<!-- \/ Yoast SEO plugin. -->","yoast_head_json":{"title":"Gratitude - HairUWear","description":"An all-over, loosely layered, cropped shag with added volume in the crown and a fashionable eyelash bang. Style it forward to frame the face or brush it back for a more sophisticated look.","robots":{"index":"index","follow":"follow","max-snippet":"max-snippet:-1","max-image-preview":"max-image-preview:large","max-video-preview":"max-video-preview:-1"},"canonical":"http:\/\/www.hairuwear.com\/de\/product\/gratitude\/","og_locale":"de_DE","og_type":"article","og_title":"Gratitude - HairUWear","og_description":"An all-over, loosely layered, cropped shag with added volume in the crown and a fashionable eyelash bang. Style it forward to frame the face or brush it back for a more sophisticated look.","og_url":"http:\/\/www.hairuwear.com\/de\/product\/gratitude\/","og_site_name":"HairUWear","article_publisher":"https:\/\/www.facebook.com\/HairUWearINC","article_modified_time":"2024-01-25T14:17:08+00:00","og_image":[{"width":2045,"height":2560,"url":"http:\/\/www.hairuwear.com\/wp-content\/uploads\/2023\/05\/GB-Gratitude-Model-Front-2-scaled.jpg","type":"image\/jpeg"}],"twitter_card":"summary_large_image","twitter_misc":{"Est. reading time":"1 Minute"},"schema":{"@context":"https:\/\/schema.org","@graph":[{"@type":"WebPage","@id":"http:\/\/www.hairuwear.com\/product\/gratitude\/","url":"http:\/\/www.hairuwear.com\/product\/gratitude\/","name":"Gratitude - HairUWear","isPartOf":{"@id":"https:\/\/www.hairuwear.com\/nl\/#website"},"primaryImageOfPage":{"@id":"http:\/\/www.hairuwear.com\/product\/gratitude\/#primaryimage"},"image":{"@id":"http:\/\/www.hairuwear.com\/product\/gratitude\/#primaryimage"},"thumbnailUrl":"https:\/\/www.hairuwear.com\/wp-content\/uploads\/2023\/05\/GB-Gratitude-Model-Front-2-scaled.jpg","datePublished":"2023-05-08T13:22:42+00:00","dateModified":"2024-01-25T14:17:08+00:00","description":"An all-over, loosely layered, cropped shag with added volume in the crown and a fashionable eyelash bang. Style it forward to frame the face or brush it back for a more sophisticated look.","breadcrumb":{"@id":"http:\/\/www.hairuwear.com\/product\/gratitude\/#breadcrumb"},"inLanguage":"de-DE","potentialAction":[{"@type":"ReadAction","target":["http:\/\/www.hairuwear.com\/product\/gratitude\/"]}]},{"@type":"ImageObject","inLanguage":"de-DE","@id":"http:\/\/www.hairuwear.com\/product\/gratitude\/#primaryimage","url":"https:\/\/www.hairuwear.com\/wp-content\/uploads\/2023\/05\/GB-Gratitude-Model-Front-2-scaled.jpg","contentUrl":"https:\/\/www.hairuwear.com\/wp-content\/uploads\/2023\/05\/GB-Gratitude-Model-Front-2-scaled.jpg","width":2045,"height":2560,"caption":"Gratitude in Brown\/Blonde"},{"@type":"BreadcrumbList","@id":"http:\/\/www.hairuwear.com\/product\/gratitude\/#breadcrumb","itemListElement":[{"@type":"ListItem","position":1,"name":"Home","item":"https:\/\/www.hairuwear.com\/"},{"@type":"ListItem","position":2,"name":"Products &#038; Solutions","item":"https:\/\/www.hairuwear.com\/es\/products-solutions\/"},{"@type":"ListItem","position":3,"name":"Gratitude"}]},{"@type":"WebSite","@id":"https:\/\/www.hairuwear.com\/nl\/#website","url":"https:\/\/www.hairuwear.com\/nl\/","name":"HairUWear","description":"We inspire women and men throughout the world to see all the possibilities of alternative hair.","publisher":{"@id":"https:\/\/www.hairuwear.com\/nl\/#organization"},"potentialAction":[{"@type":"SearchAction","target":{"@type":"EntryPoint","urlTemplate":"https:\/\/www.hairuwear.com\/nl\/?s={search_term_string}"},"query-input":{"@type":"PropertyValueSpecification","valueRequired":true,"valueName":"search_term_string"}}],"inLanguage":"de-DE"},{"@type":"Organization","@id":"https:\/\/www.hairuwear.com\/nl\/#organization","name":"HairUWear","url":"https:\/\/www.hairuwear.com\/nl\/","logo":{"@type":"ImageObject","inLanguage":"de-DE","@id":"https:\/\/www.hairuwear.com\/nl\/#\/schema\/logo\/image\/","url":"https:\/\/hairuwear.com\/wp-content\/uploads\/2024\/02\/HUW-logo-black-square.jpg","contentUrl":"https:\/\/hairuwear.com\/wp-content\/uploads\/2024\/02\/HUW-logo-black-square.jpg","width":1000,"height":1000,"caption":"HairUWear"},"image":{"@id":"https:\/\/www.hairuwear.com\/nl\/#\/schema\/logo\/image\/"},"sameAs":["https:\/\/www.facebook.com\/HairUWearINC","https:\/\/www.instagram.com\/hairuwear_inc\/","https:\/\/www.youtube.com\/channel\/UCooHA3ZvNM3CfbjxHAUUZlg","https:\/\/www.linkedin.com\/company\/hairuwear\/","https:\/\/www.pinterest.com\/hairuwear\/?invite_code=060417bbf4384977ac59e5e49e9e2f4a"]}]}},"_links":{"self":[{"href":"https:\/\/www.hairuwear.com\/de\/wp-json\/wp\/v2\/product\/44057","targetHints":{"allow":["GET"]}}],"collection":[{"href":"https:\/\/www.hairuwear.com\/de\/wp-json\/wp\/v2\/product"}],"about":[{"href":"https:\/\/www.hairuwear.com\/de\/wp-json\/wp\/v2\/types\/product"}],"version-history":[{"count":2,"href":"https:\/\/www.hairuwear.com\/de\/wp-json\/wp\/v2\/product\/44057\/revisions"}],"predecessor-version":[{"id":112635,"href":"https:\/\/www.hairuwear.com\/de\/wp-json\/wp\/v2\/product\/44057\/revisions\/112635"}],"wp:featuredmedia":[{"embeddable":true,"href":"https:\/\/www.hairuwear.com\/de\/wp-json\/wp\/v2\/media\/44061"}],"wp:attachment":[{"href":"https:\/\/www.hairuwear.com\/de\/wp-json\/wp\/v2\/media?parent=44057"}],"wp:term":[{"taxonomy":"product_brand","embeddable":true,"href":"https:\/\/www.hairuwear.com\/de\/wp-json\/wp\/v2\/product_brand?post=44057"},{"taxonomy":"product_cat","embeddable":true,"href":"https:\/\/www.hairuwear.com\/de\/wp-json\/wp\/v2\/product_cat?post=44057"},{"taxonomy":"product_tag","embeddable":true,"href":"https:\/\/www.hairuwear.com\/de\/wp-json\/wp\/v2\/product_tag?post=44057"}],"curies":[{"name":"wp","href":"https:\/\/api.w.org\/{rel}","templated":true}]}}