{"id":46973,"date":"2023-06-22T08:45:40","date_gmt":"2023-06-22T13:45:40","guid":{"rendered":"https:\/\/live-huw-2023.pantheonsite.io\/?post_type=product&#038;p=46973"},"modified":"2024-05-02T08:10:19","modified_gmt":"2024-05-02T13:10:19","slug":"instant-short-cut","status":"publish","type":"product","link":"https:\/\/www.hairuwear.com\/de\/product\/instant-short-cut\/","title":{"rendered":"Instant Short Cut"},"content":{"rendered":"<div id=\"content-desktop\">\n<div id='gallery-1' class='gallery galleryid-46973 gallery-columns-6 gallery-size-full'><figure class='gallery-item'>\n\t\t\t<div class='gallery-icon landscape'>\n\t\t\t\t<img fetchpriority=\"high\" decoding=\"async\" width=\"350\" height=\"350\" src=\"https:\/\/www.hairuwear.com\/wp-content\/uploads\/2022\/04\/Tru2Life-R2-ebony-swatch.jpg\" class=\"attachment-full size-full\" alt=\"R2 Ebony\" aria-describedby=\"gallery-1-27462\" \/>\n\t\t\t<\/div>\n\t\t\t\t<figcaption class='wp-caption-text gallery-caption' id='gallery-1-27462'>\n\t\t\t\tR2 Ebony\n\t\t\t\t<\/figcaption><\/figure><figure class='gallery-item'>\n\t\t\t<div class='gallery-icon landscape'>\n\t\t\t\t<img decoding=\"async\" width=\"350\" height=\"350\" src=\"https:\/\/www.hairuwear.com\/wp-content\/uploads\/2022\/04\/Tru2Life-R4-midnight-brown-swatch.jpg\" class=\"attachment-full size-full\" alt=\"R4 Midnight Brown\" aria-describedby=\"gallery-1-27465\" \/>\n\t\t\t<\/div>\n\t\t\t\t<figcaption class='wp-caption-text gallery-caption' id='gallery-1-27465'>\n\t\t\t\tR4 Midnight Brown\n\t\t\t\t<\/figcaption><\/figure><figure class='gallery-item'>\n\t\t\t<div class='gallery-icon landscape'>\n\t\t\t\t<img decoding=\"async\" width=\"350\" height=\"350\" src=\"https:\/\/www.hairuwear.com\/wp-content\/uploads\/2023\/06\/HD-Tru2Life-R6-30H-Chocolate-Copper-swatch.jpg\" class=\"attachment-full size-full\" alt=\"R6\/30H Chocolate Copper\" aria-describedby=\"gallery-1-46520\" \/>\n\t\t\t<\/div>\n\t\t\t\t<figcaption class='wp-caption-text gallery-caption' id='gallery-1-46520'>\n\t\t\t\tR6\/30H Chocolate Copper\n\t\t\t\t<\/figcaption><\/figure><figure class='gallery-item'>\n\t\t\t<div class='gallery-icon landscape'>\n\t\t\t\t<img loading=\"lazy\" decoding=\"async\" width=\"350\" height=\"350\" src=\"https:\/\/www.hairuwear.com\/wp-content\/uploads\/2022\/04\/RW-Vibralite-R10-Chestnut.jpg\" class=\"attachment-full size-full\" alt=\"R10 Chestnut\" aria-describedby=\"gallery-1-27469\" \/>\n\t\t\t<\/div>\n\t\t\t\t<figcaption class='wp-caption-text gallery-caption' id='gallery-1-27469'>\n\t\t\t\tR10 Chestnut\n\t\t\t\t<\/figcaption><\/figure><figure class='gallery-item'>\n\t\t\t<div class='gallery-icon landscape'>\n\t\t\t\t<img loading=\"lazy\" decoding=\"async\" width=\"350\" height=\"350\" src=\"https:\/\/www.hairuwear.com\/wp-content\/uploads\/2022\/04\/Tru2Life-R829S-S-Glazed-Hazelnut.jpg\" class=\"attachment-full size-full\" alt=\"R829S+ Glazed Hazelnut\" aria-describedby=\"gallery-1-27495\" \/>\n\t\t\t<\/div>\n\t\t\t\t<figcaption class='wp-caption-text gallery-caption' id='gallery-1-27495'>\n\t\t\t\tR829S+ Glazed Hazelnut\n\t\t\t\t<\/figcaption><\/figure><figure class='gallery-item'>\n\t\t\t<div class='gallery-icon landscape'>\n\t\t\t\t<img loading=\"lazy\" decoding=\"async\" width=\"350\" height=\"350\" src=\"https:\/\/www.hairuwear.com\/wp-content\/uploads\/2023\/06\/HD-Tru2life-R11S-Glazed-Mocha.jpg\" class=\"attachment-full size-full\" alt=\"R11S+ Glazed Mocha\" aria-describedby=\"gallery-1-46527\" \/>\n\t\t\t<\/div>\n\t\t\t\t<figcaption class='wp-caption-text gallery-caption' id='gallery-1-46527'>\n\t\t\t\tR11S+ Glazed Mocha\n\t\t\t\t<\/figcaption><\/figure><figure class='gallery-item'>\n\t\t\t<div class='gallery-icon landscape'>\n\t\t\t\t<img loading=\"lazy\" decoding=\"async\" width=\"350\" height=\"350\" src=\"https:\/\/www.hairuwear.com\/wp-content\/uploads\/2023\/06\/HD-Tru2Life-R3025S-Glazed-Cinnamon.jpg\" class=\"attachment-full size-full\" alt=\"R3025S+ Glazed Cinnamon\" aria-describedby=\"gallery-1-46529\" \/>\n\t\t\t<\/div>\n\t\t\t\t<figcaption class='wp-caption-text gallery-caption' id='gallery-1-46529'>\n\t\t\t\tR3025S+ Glazed Cinnamon\n\t\t\t\t<\/figcaption><\/figure><figure class='gallery-item'>\n\t\t\t<div class='gallery-icon landscape'>\n\t\t\t\t<img loading=\"lazy\" decoding=\"async\" width=\"350\" height=\"350\" src=\"https:\/\/www.hairuwear.com\/wp-content\/uploads\/2023\/06\/HD-Tru2Life-RL511-Sugar-Charcoal.jpg\" class=\"attachment-full size-full\" alt=\"RL511 Sugar &amp; Charcoal\" aria-describedby=\"gallery-1-46565\" \/>\n\t\t\t<\/div>\n\t\t\t\t<figcaption class='wp-caption-text gallery-caption' id='gallery-1-46565'>\n\t\t\t\tRL511 Sugar &amp; Charcoal\n\t\t\t\t<\/figcaption><\/figure><figure class='gallery-item'>\n\t\t\t<div class='gallery-icon landscape'>\n\t\t\t\t<img loading=\"lazy\" decoding=\"async\" width=\"350\" height=\"350\" src=\"https:\/\/www.hairuwear.com\/wp-content\/uploads\/2022\/04\/Tru2Life-R56-60-silver-mist-swatch.jpg\" class=\"attachment-full size-full\" alt=\"R56\/60 Silver Mist\" aria-describedby=\"gallery-1-27489\" \/>\n\t\t\t<\/div>\n\t\t\t\t<figcaption class='wp-caption-text gallery-caption' id='gallery-1-27489'>\n\t\t\t\tR56\/60 Silver Mist\n\t\t\t\t<\/figcaption><\/figure><figure class='gallery-item'>\n\t\t\t<div class='gallery-icon landscape'>\n\t\t\t\t<img loading=\"lazy\" decoding=\"async\" width=\"350\" height=\"350\" src=\"https:\/\/www.hairuwear.com\/wp-content\/uploads\/2022\/04\/Tru2Life-SS14-88-rooted-golden-wheat-swatch.jpg\" class=\"attachment-full size-full\" alt=\"SS14\/88 Rooted Golden Wheat\" aria-describedby=\"gallery-1-27510\" \/>\n\t\t\t<\/div>\n\t\t\t\t<figcaption class='wp-caption-text gallery-caption' id='gallery-1-27510'>\n\t\t\t\tSS14\/88 Rooted Golden Wheat\n\t\t\t\t<\/figcaption><\/figure><figure class='gallery-item'>\n\t\t\t<div class='gallery-icon landscape'>\n\t\t\t\t<img loading=\"lazy\" decoding=\"async\" width=\"350\" height=\"350\" src=\"https:\/\/www.hairuwear.com\/wp-content\/uploads\/2022\/04\/Tru2Life-SS25-rooted-ginger-blonde-swatch.jpg\" class=\"attachment-full size-full\" alt=\"SS25 Rooted Ginger Blonde\" aria-describedby=\"gallery-1-27512\" \/>\n\t\t\t<\/div>\n\t\t\t\t<figcaption class='wp-caption-text gallery-caption' id='gallery-1-27512'>\n\t\t\t\tSS25 Rooted Ginger Blonde\n\t\t\t\t<\/figcaption><\/figure>\n\t\t<\/div>\n\n<\/div>\n<div id=\"content-mobile\">\n<div id='gallery-2' class='gallery galleryid-46973 gallery-columns-3 gallery-size-thumbnail'><figure class='gallery-item'>\n\t\t\t<div class='gallery-icon landscape'>\n\t\t\t\t<img loading=\"lazy\" decoding=\"async\" width=\"150\" height=\"150\" src=\"https:\/\/www.hairuwear.com\/wp-content\/uploads\/2022\/04\/Tru2Life-R2-ebony-swatch-150x150.jpg\" class=\"attachment-thumbnail size-thumbnail\" alt=\"R2 Ebony\" aria-describedby=\"gallery-2-27462\" \/>\n\t\t\t<\/div>\n\t\t\t\t<figcaption class='wp-caption-text gallery-caption' id='gallery-2-27462'>\n\t\t\t\tR2 Ebony\n\t\t\t\t<\/figcaption><\/figure><figure class='gallery-item'>\n\t\t\t<div class='gallery-icon landscape'>\n\t\t\t\t<img loading=\"lazy\" decoding=\"async\" width=\"150\" height=\"150\" src=\"https:\/\/www.hairuwear.com\/wp-content\/uploads\/2022\/04\/Tru2Life-R4-midnight-brown-swatch-150x150.jpg\" class=\"attachment-thumbnail size-thumbnail\" alt=\"R4 Midnight Brown\" aria-describedby=\"gallery-2-27465\" \/>\n\t\t\t<\/div>\n\t\t\t\t<figcaption class='wp-caption-text gallery-caption' id='gallery-2-27465'>\n\t\t\t\tR4 Midnight Brown\n\t\t\t\t<\/figcaption><\/figure><figure class='gallery-item'>\n\t\t\t<div class='gallery-icon landscape'>\n\t\t\t\t<img loading=\"lazy\" decoding=\"async\" width=\"150\" height=\"150\" src=\"https:\/\/www.hairuwear.com\/wp-content\/uploads\/2023\/06\/HD-Tru2Life-R6-30H-Chocolate-Copper-swatch-150x150.jpg\" class=\"attachment-thumbnail size-thumbnail\" alt=\"R6\/30H Chocolate Copper\" aria-describedby=\"gallery-2-46520\" \/>\n\t\t\t<\/div>\n\t\t\t\t<figcaption class='wp-caption-text gallery-caption' id='gallery-2-46520'>\n\t\t\t\tR6\/30H Chocolate Copper\n\t\t\t\t<\/figcaption><\/figure><figure class='gallery-item'>\n\t\t\t<div class='gallery-icon landscape'>\n\t\t\t\t<img loading=\"lazy\" decoding=\"async\" width=\"150\" height=\"150\" src=\"https:\/\/www.hairuwear.com\/wp-content\/uploads\/2022\/04\/RW-Vibralite-R10-Chestnut-150x150.jpg\" class=\"attachment-thumbnail size-thumbnail\" alt=\"R10 Chestnut\" aria-describedby=\"gallery-2-27469\" \/>\n\t\t\t<\/div>\n\t\t\t\t<figcaption class='wp-caption-text gallery-caption' id='gallery-2-27469'>\n\t\t\t\tR10 Chestnut\n\t\t\t\t<\/figcaption><\/figure><figure class='gallery-item'>\n\t\t\t<div class='gallery-icon landscape'>\n\t\t\t\t<img loading=\"lazy\" decoding=\"async\" width=\"150\" height=\"150\" src=\"https:\/\/www.hairuwear.com\/wp-content\/uploads\/2022\/04\/Tru2Life-R829S-S-Glazed-Hazelnut-150x150.jpg\" class=\"attachment-thumbnail size-thumbnail\" alt=\"R829S+ Glazed Hazelnut\" aria-describedby=\"gallery-2-27495\" \/>\n\t\t\t<\/div>\n\t\t\t\t<figcaption class='wp-caption-text gallery-caption' id='gallery-2-27495'>\n\t\t\t\tR829S+ Glazed Hazelnut\n\t\t\t\t<\/figcaption><\/figure><figure class='gallery-item'>\n\t\t\t<div class='gallery-icon landscape'>\n\t\t\t\t<img loading=\"lazy\" decoding=\"async\" width=\"150\" height=\"150\" src=\"https:\/\/www.hairuwear.com\/wp-content\/uploads\/2023\/06\/HD-Tru2life-R11S-Glazed-Mocha-150x150.jpg\" class=\"attachment-thumbnail size-thumbnail\" alt=\"R11S+ Glazed Mocha\" aria-describedby=\"gallery-2-46527\" \/>\n\t\t\t<\/div>\n\t\t\t\t<figcaption class='wp-caption-text gallery-caption' id='gallery-2-46527'>\n\t\t\t\tR11S+ Glazed Mocha\n\t\t\t\t<\/figcaption><\/figure><figure class='gallery-item'>\n\t\t\t<div class='gallery-icon landscape'>\n\t\t\t\t<img loading=\"lazy\" decoding=\"async\" width=\"150\" height=\"150\" src=\"https:\/\/www.hairuwear.com\/wp-content\/uploads\/2023\/06\/HD-Tru2Life-R3025S-Glazed-Cinnamon-150x150.jpg\" class=\"attachment-thumbnail size-thumbnail\" alt=\"R3025S+ Glazed Cinnamon\" aria-describedby=\"gallery-2-46529\" \/>\n\t\t\t<\/div>\n\t\t\t\t<figcaption class='wp-caption-text gallery-caption' id='gallery-2-46529'>\n\t\t\t\tR3025S+ Glazed Cinnamon\n\t\t\t\t<\/figcaption><\/figure><figure class='gallery-item'>\n\t\t\t<div class='gallery-icon landscape'>\n\t\t\t\t<img loading=\"lazy\" decoding=\"async\" width=\"150\" height=\"150\" src=\"https:\/\/www.hairuwear.com\/wp-content\/uploads\/2023\/06\/HD-Tru2Life-RL511-Sugar-Charcoal-150x150.jpg\" class=\"attachment-thumbnail size-thumbnail\" alt=\"RL511 Sugar &amp; Charcoal\" aria-describedby=\"gallery-2-46565\" \/>\n\t\t\t<\/div>\n\t\t\t\t<figcaption class='wp-caption-text gallery-caption' id='gallery-2-46565'>\n\t\t\t\tRL511 Sugar &amp; Charcoal\n\t\t\t\t<\/figcaption><\/figure><figure class='gallery-item'>\n\t\t\t<div class='gallery-icon landscape'>\n\t\t\t\t<img loading=\"lazy\" decoding=\"async\" width=\"150\" height=\"150\" src=\"https:\/\/www.hairuwear.com\/wp-content\/uploads\/2022\/04\/Tru2Life-R56-60-silver-mist-swatch-150x150.jpg\" class=\"attachment-thumbnail size-thumbnail\" alt=\"R56\/60 Silver Mist\" aria-describedby=\"gallery-2-27489\" \/>\n\t\t\t<\/div>\n\t\t\t\t<figcaption class='wp-caption-text gallery-caption' id='gallery-2-27489'>\n\t\t\t\tR56\/60 Silver Mist\n\t\t\t\t<\/figcaption><\/figure><figure class='gallery-item'>\n\t\t\t<div class='gallery-icon landscape'>\n\t\t\t\t<img loading=\"lazy\" decoding=\"async\" width=\"150\" height=\"150\" src=\"https:\/\/www.hairuwear.com\/wp-content\/uploads\/2022\/04\/Tru2Life-SS14-88-rooted-golden-wheat-swatch-150x150.jpg\" class=\"attachment-thumbnail size-thumbnail\" alt=\"SS14\/88 Rooted Golden Wheat\" aria-describedby=\"gallery-2-27510\" \/>\n\t\t\t<\/div>\n\t\t\t\t<figcaption class='wp-caption-text gallery-caption' id='gallery-2-27510'>\n\t\t\t\tSS14\/88 Rooted Golden Wheat\n\t\t\t\t<\/figcaption><\/figure><figure class='gallery-item'>\n\t\t\t<div class='gallery-icon landscape'>\n\t\t\t\t<img loading=\"lazy\" decoding=\"async\" width=\"150\" height=\"150\" src=\"https:\/\/www.hairuwear.com\/wp-content\/uploads\/2022\/04\/Tru2Life-SS25-rooted-ginger-blonde-swatch-150x150.jpg\" class=\"attachment-thumbnail size-thumbnail\" alt=\"SS25 Rooted Ginger Blonde\" aria-describedby=\"gallery-2-27512\" \/>\n\t\t\t<\/div>\n\t\t\t\t<figcaption class='wp-caption-text gallery-caption' id='gallery-2-27512'>\n\t\t\t\tSS25 Rooted Ginger Blonde\n\t\t\t\t<\/figcaption><\/figure>\n\t\t<\/div>\n\n<\/div>","protected":false},"excerpt":{"rendered":"<p>Die perfekte Wahl, wenn ein kurzer Schnitt mit viel Lagenbewegung gew\u00fcnscht ist. Lockere und leichte Lagen sorgen f\u00fcr eine frische und zerzauste Silhouette, die nach vorne ins Gesicht getragen, weggefegt oder l\u00e4ssig hinter die Ohren gesteckt werden kann. Ein federbetontes Nackenband verleiht dem Haar einen Hauch von Weiblichkeit.<\/p>\n<hr \/>\n<p>Wide Velvet Comfort Band\u2122<br \/>\nInside \u201cHidden\u201d Weft<br \/>\nVelvet-Lined Ear Tabs<br \/>\nVelvet-Lined Extended Nape<br \/>\n<a href=\"\/de\/hairdo\/hair-types\/#HD-tru2life\" target=\"_blank\" rel=\"noopener\">Tru2Life\u00ae Heat-Friendly Synthetic Hair<\/a><\/p>\n<hr \/>\n<p>Cap Size: Average<\/p>\n<hr \/>\n<p>Front: 5\u2033<\/p>\n<hr \/>\n<p>Crown: 5\u2033<\/p>\n<hr \/>\n<p>Sides: 2\u00bd\u2033<\/p>\n<hr \/>\n<p>Back: 3\u00bd\u2033<\/p>\n<hr \/>\n<p>Nape: 2\u00bd\u201d<\/p>\n<hr \/>\n<p>Weight: 2.25 oz<\/p>","protected":false},"featured_media":46968,"template":"","meta":[],"product_brand":[161],"product_cat":[209,174,180],"product_tag":[],"class_list":{"0":"post-46973","1":"product","2":"type-product","3":"status-publish","4":"has-post-thumbnail","6":"product_brand-hairdo","7":"product_cat-view-all","8":"product_cat-hairdo","9":"product_cat-hd-fashion-wigs","10":"pa_application-type-ready-to-wear","11":"pa_brand-hairdo","12":"pa_cap-size-average","13":"pa_categories-wigs","14":"pa_color-family-blonde","15":"pa_color-family-brunette","16":"pa_color-family-gray","17":"pa_color-family-red","18":"pa_color-family-shadow-shades","19":"pa_department-women","20":"pa_hair-type-heat-styleable-synthetic","21":"pa_wig-length-short","22":"pa_wig-style-straight","25":"first","26":"instock","27":"shipping-taxable","28":"product-type-simple"},"yoast_head":"<!-- This site is optimized with the Yoast SEO plugin v25.3.1 - https:\/\/yoast.com\/wordpress\/plugins\/seo\/ -->\n<title>Instant Short Cut - HairUWear<\/title>\n<meta name=\"description\" content=\"The perfect choice when a short cut with tons of layered movement is desired. Loose and light layers make for a fresh and tousled silhouette that can be worn forward onto the face, swept away, or casually tucked behind the ears. A feather-cut nape adds to an overall feel of femininity.\" \/>\n<meta name=\"robots\" content=\"index, follow, max-snippet:-1, max-image-preview:large, max-video-preview:-1\" \/>\n<link rel=\"canonical\" href=\"https:\/\/www.hairuwear.com\/de\/product\/instant-short-cut\/\" \/>\n<meta property=\"og:locale\" content=\"de_DE\" \/>\n<meta property=\"og:type\" content=\"article\" \/>\n<meta property=\"og:title\" content=\"Instant Short Cut - HairUWear\" \/>\n<meta property=\"og:description\" content=\"The perfect choice when a short cut with tons of layered movement is desired. Loose and light layers make for a fresh and tousled silhouette that can be worn forward onto the face, swept away, or casually tucked behind the ears. A feather-cut nape adds to an overall feel of femininity.\" \/>\n<meta property=\"og:url\" content=\"https:\/\/www.hairuwear.com\/de\/product\/instant-short-cut\/\" \/>\n<meta property=\"og:site_name\" content=\"HairUWear\" \/>\n<meta property=\"article:publisher\" content=\"https:\/\/www.facebook.com\/HairUWearINC\" \/>\n<meta property=\"article:modified_time\" content=\"2024-05-02T13:10:19+00:00\" \/>\n<meta property=\"og:image\" content=\"https:\/\/www.hairuwear.com\/wp-content\/uploads\/2023\/06\/HD-Instant-Short-Cut-Model-Front-2-scaled.jpg\" \/>\n\t<meta property=\"og:image:width\" content=\"2046\" \/>\n\t<meta property=\"og:image:height\" content=\"2560\" \/>\n\t<meta property=\"og:image:type\" content=\"image\/jpeg\" \/>\n<meta name=\"twitter:card\" content=\"summary_large_image\" \/>\n<meta name=\"twitter:label1\" content=\"Est. reading time\" \/>\n\t<meta name=\"twitter:data1\" content=\"1 Minute\" \/>\n<script type=\"application\/ld+json\" class=\"yoast-schema-graph\">{\"@context\":\"https:\/\/schema.org\",\"@graph\":[{\"@type\":\"WebPage\",\"@id\":\"https:\/\/www.hairuwear.com\/pt\/product\/instant-short-cut\/\",\"url\":\"https:\/\/www.hairuwear.com\/pt\/product\/instant-short-cut\/\",\"name\":\"Instant Short Cut - HairUWear\",\"isPartOf\":{\"@id\":\"https:\/\/www.hairuwear.com\/nl\/#website\"},\"primaryImageOfPage\":{\"@id\":\"https:\/\/www.hairuwear.com\/pt\/product\/instant-short-cut\/#primaryimage\"},\"image\":{\"@id\":\"https:\/\/www.hairuwear.com\/pt\/product\/instant-short-cut\/#primaryimage\"},\"thumbnailUrl\":\"https:\/\/www.hairuwear.com\/wp-content\/uploads\/2023\/06\/HD-Instant-Short-Cut-Model-Front-2-scaled.jpg\",\"datePublished\":\"2023-06-22T13:45:40+00:00\",\"dateModified\":\"2024-05-02T13:10:19+00:00\",\"description\":\"The perfect choice when a short cut with tons of layered movement is desired. Loose and light layers make for a fresh and tousled silhouette that can be worn forward onto the face, swept away, or casually tucked behind the ears. A feather-cut nape adds to an overall feel of femininity.\",\"breadcrumb\":{\"@id\":\"https:\/\/www.hairuwear.com\/pt\/product\/instant-short-cut\/#breadcrumb\"},\"inLanguage\":\"de-DE\",\"potentialAction\":[{\"@type\":\"ReadAction\",\"target\":[\"https:\/\/www.hairuwear.com\/pt\/product\/instant-short-cut\/\"]}]},{\"@type\":\"ImageObject\",\"inLanguage\":\"de-DE\",\"@id\":\"https:\/\/www.hairuwear.com\/pt\/product\/instant-short-cut\/#primaryimage\",\"url\":\"https:\/\/www.hairuwear.com\/wp-content\/uploads\/2023\/06\/HD-Instant-Short-Cut-Model-Front-2-scaled.jpg\",\"contentUrl\":\"https:\/\/www.hairuwear.com\/wp-content\/uploads\/2023\/06\/HD-Instant-Short-Cut-Model-Front-2-scaled.jpg\",\"width\":2046,\"height\":2560,\"caption\":\"Instant Short Cut in R3025S+ Glazed Cinnamon\"},{\"@type\":\"BreadcrumbList\",\"@id\":\"https:\/\/www.hairuwear.com\/pt\/product\/instant-short-cut\/#breadcrumb\",\"itemListElement\":[{\"@type\":\"ListItem\",\"position\":1,\"name\":\"Home\",\"item\":\"https:\/\/www.hairuwear.com\/\"},{\"@type\":\"ListItem\",\"position\":2,\"name\":\"Products &#038; Solutions\",\"item\":\"https:\/\/www.hairuwear.com\/es\/products-solutions\/\"},{\"@type\":\"ListItem\",\"position\":3,\"name\":\"Instant Short Cut\"}]},{\"@type\":\"WebSite\",\"@id\":\"https:\/\/www.hairuwear.com\/nl\/#website\",\"url\":\"https:\/\/www.hairuwear.com\/nl\/\",\"name\":\"HairUWear\",\"description\":\"We inspire women and men throughout the world to see all the possibilities of alternative hair.\",\"publisher\":{\"@id\":\"https:\/\/www.hairuwear.com\/nl\/#organization\"},\"potentialAction\":[{\"@type\":\"SearchAction\",\"target\":{\"@type\":\"EntryPoint\",\"urlTemplate\":\"https:\/\/www.hairuwear.com\/nl\/?s={search_term_string}\"},\"query-input\":{\"@type\":\"PropertyValueSpecification\",\"valueRequired\":true,\"valueName\":\"search_term_string\"}}],\"inLanguage\":\"de-DE\"},{\"@type\":\"Organization\",\"@id\":\"https:\/\/www.hairuwear.com\/nl\/#organization\",\"name\":\"HairUWear\",\"url\":\"https:\/\/www.hairuwear.com\/nl\/\",\"logo\":{\"@type\":\"ImageObject\",\"inLanguage\":\"de-DE\",\"@id\":\"https:\/\/www.hairuwear.com\/nl\/#\/schema\/logo\/image\/\",\"url\":\"https:\/\/hairuwear.com\/wp-content\/uploads\/2024\/02\/HUW-logo-black-square.jpg\",\"contentUrl\":\"https:\/\/hairuwear.com\/wp-content\/uploads\/2024\/02\/HUW-logo-black-square.jpg\",\"width\":1000,\"height\":1000,\"caption\":\"HairUWear\"},\"image\":{\"@id\":\"https:\/\/www.hairuwear.com\/nl\/#\/schema\/logo\/image\/\"},\"sameAs\":[\"https:\/\/www.facebook.com\/HairUWearINC\",\"https:\/\/www.instagram.com\/hairuwear_inc\/\",\"https:\/\/www.youtube.com\/channel\/UCooHA3ZvNM3CfbjxHAUUZlg\",\"https:\/\/www.linkedin.com\/company\/hairuwear\/\",\"https:\/\/www.pinterest.com\/hairuwear\/?invite_code=060417bbf4384977ac59e5e49e9e2f4a\"]}]}<\/script>\n<!-- \/ Yoast SEO plugin. -->","yoast_head_json":{"title":"Instant Short Cut - HairUWear","description":"The perfect choice when a short cut with tons of layered movement is desired. Loose and light layers make for a fresh and tousled silhouette that can be worn forward onto the face, swept away, or casually tucked behind the ears. A feather-cut nape adds to an overall feel of femininity.","robots":{"index":"index","follow":"follow","max-snippet":"max-snippet:-1","max-image-preview":"max-image-preview:large","max-video-preview":"max-video-preview:-1"},"canonical":"https:\/\/www.hairuwear.com\/de\/product\/instant-short-cut\/","og_locale":"de_DE","og_type":"article","og_title":"Instant Short Cut - HairUWear","og_description":"The perfect choice when a short cut with tons of layered movement is desired. Loose and light layers make for a fresh and tousled silhouette that can be worn forward onto the face, swept away, or casually tucked behind the ears. A feather-cut nape adds to an overall feel of femininity.","og_url":"https:\/\/www.hairuwear.com\/de\/product\/instant-short-cut\/","og_site_name":"HairUWear","article_publisher":"https:\/\/www.facebook.com\/HairUWearINC","article_modified_time":"2024-05-02T13:10:19+00:00","og_image":[{"width":2046,"height":2560,"url":"https:\/\/www.hairuwear.com\/wp-content\/uploads\/2023\/06\/HD-Instant-Short-Cut-Model-Front-2-scaled.jpg","type":"image\/jpeg"}],"twitter_card":"summary_large_image","twitter_misc":{"Est. reading time":"1 Minute"},"schema":{"@context":"https:\/\/schema.org","@graph":[{"@type":"WebPage","@id":"https:\/\/www.hairuwear.com\/pt\/product\/instant-short-cut\/","url":"https:\/\/www.hairuwear.com\/pt\/product\/instant-short-cut\/","name":"Instant Short Cut - HairUWear","isPartOf":{"@id":"https:\/\/www.hairuwear.com\/nl\/#website"},"primaryImageOfPage":{"@id":"https:\/\/www.hairuwear.com\/pt\/product\/instant-short-cut\/#primaryimage"},"image":{"@id":"https:\/\/www.hairuwear.com\/pt\/product\/instant-short-cut\/#primaryimage"},"thumbnailUrl":"https:\/\/www.hairuwear.com\/wp-content\/uploads\/2023\/06\/HD-Instant-Short-Cut-Model-Front-2-scaled.jpg","datePublished":"2023-06-22T13:45:40+00:00","dateModified":"2024-05-02T13:10:19+00:00","description":"The perfect choice when a short cut with tons of layered movement is desired. Loose and light layers make for a fresh and tousled silhouette that can be worn forward onto the face, swept away, or casually tucked behind the ears. A feather-cut nape adds to an overall feel of femininity.","breadcrumb":{"@id":"https:\/\/www.hairuwear.com\/pt\/product\/instant-short-cut\/#breadcrumb"},"inLanguage":"de-DE","potentialAction":[{"@type":"ReadAction","target":["https:\/\/www.hairuwear.com\/pt\/product\/instant-short-cut\/"]}]},{"@type":"ImageObject","inLanguage":"de-DE","@id":"https:\/\/www.hairuwear.com\/pt\/product\/instant-short-cut\/#primaryimage","url":"https:\/\/www.hairuwear.com\/wp-content\/uploads\/2023\/06\/HD-Instant-Short-Cut-Model-Front-2-scaled.jpg","contentUrl":"https:\/\/www.hairuwear.com\/wp-content\/uploads\/2023\/06\/HD-Instant-Short-Cut-Model-Front-2-scaled.jpg","width":2046,"height":2560,"caption":"Instant Short Cut in R3025S+ Glazed Cinnamon"},{"@type":"BreadcrumbList","@id":"https:\/\/www.hairuwear.com\/pt\/product\/instant-short-cut\/#breadcrumb","itemListElement":[{"@type":"ListItem","position":1,"name":"Home","item":"https:\/\/www.hairuwear.com\/"},{"@type":"ListItem","position":2,"name":"Products &#038; Solutions","item":"https:\/\/www.hairuwear.com\/es\/products-solutions\/"},{"@type":"ListItem","position":3,"name":"Instant Short Cut"}]},{"@type":"WebSite","@id":"https:\/\/www.hairuwear.com\/nl\/#website","url":"https:\/\/www.hairuwear.com\/nl\/","name":"HairUWear","description":"We inspire women and men throughout the world to see all the possibilities of alternative hair.","publisher":{"@id":"https:\/\/www.hairuwear.com\/nl\/#organization"},"potentialAction":[{"@type":"SearchAction","target":{"@type":"EntryPoint","urlTemplate":"https:\/\/www.hairuwear.com\/nl\/?s={search_term_string}"},"query-input":{"@type":"PropertyValueSpecification","valueRequired":true,"valueName":"search_term_string"}}],"inLanguage":"de-DE"},{"@type":"Organization","@id":"https:\/\/www.hairuwear.com\/nl\/#organization","name":"HairUWear","url":"https:\/\/www.hairuwear.com\/nl\/","logo":{"@type":"ImageObject","inLanguage":"de-DE","@id":"https:\/\/www.hairuwear.com\/nl\/#\/schema\/logo\/image\/","url":"https:\/\/hairuwear.com\/wp-content\/uploads\/2024\/02\/HUW-logo-black-square.jpg","contentUrl":"https:\/\/hairuwear.com\/wp-content\/uploads\/2024\/02\/HUW-logo-black-square.jpg","width":1000,"height":1000,"caption":"HairUWear"},"image":{"@id":"https:\/\/www.hairuwear.com\/nl\/#\/schema\/logo\/image\/"},"sameAs":["https:\/\/www.facebook.com\/HairUWearINC","https:\/\/www.instagram.com\/hairuwear_inc\/","https:\/\/www.youtube.com\/channel\/UCooHA3ZvNM3CfbjxHAUUZlg","https:\/\/www.linkedin.com\/company\/hairuwear\/","https:\/\/www.pinterest.com\/hairuwear\/?invite_code=060417bbf4384977ac59e5e49e9e2f4a"]}]}},"_links":{"self":[{"href":"https:\/\/www.hairuwear.com\/de\/wp-json\/wp\/v2\/product\/46973","targetHints":{"allow":["GET"]}}],"collection":[{"href":"https:\/\/www.hairuwear.com\/de\/wp-json\/wp\/v2\/product"}],"about":[{"href":"https:\/\/www.hairuwear.com\/de\/wp-json\/wp\/v2\/types\/product"}],"version-history":[{"count":6,"href":"https:\/\/www.hairuwear.com\/de\/wp-json\/wp\/v2\/product\/46973\/revisions"}],"predecessor-version":[{"id":172443,"href":"https:\/\/www.hairuwear.com\/de\/wp-json\/wp\/v2\/product\/46973\/revisions\/172443"}],"wp:featuredmedia":[{"embeddable":true,"href":"https:\/\/www.hairuwear.com\/de\/wp-json\/wp\/v2\/media\/46968"}],"wp:attachment":[{"href":"https:\/\/www.hairuwear.com\/de\/wp-json\/wp\/v2\/media?parent=46973"}],"wp:term":[{"taxonomy":"product_brand","embeddable":true,"href":"https:\/\/www.hairuwear.com\/de\/wp-json\/wp\/v2\/product_brand?post=46973"},{"taxonomy":"product_cat","embeddable":true,"href":"https:\/\/www.hairuwear.com\/de\/wp-json\/wp\/v2\/product_cat?post=46973"},{"taxonomy":"product_tag","embeddable":true,"href":"https:\/\/www.hairuwear.com\/de\/wp-json\/wp\/v2\/product_tag?post=46973"}],"curies":[{"name":"wp","href":"https:\/\/api.w.org\/{rel}","templated":true}]}}