{"id":47452,"date":"2023-06-27T09:53:57","date_gmt":"2023-06-27T14:53:57","guid":{"rendered":"https:\/\/live-huw-2023.pantheonsite.io\/?post_type=product&#038;p=47452"},"modified":"2023-09-20T09:28:35","modified_gmt":"2023-09-20T14:28:35","slug":"sugared-pearl","status":"publish","type":"product","link":"https:\/\/www.hairuwear.com\/de\/product\/sugared-pearl\/","title":{"rendered":"Gezuckerte Perle"},"content":{"rendered":"","protected":false},"excerpt":{"rendered":"<p><em>Das ist der Stoff, aus dem die Haartr\u00e4ume sind<\/em><\/p>\n<p>\u00dcppige L\u00e4nge, platinfarbene Str\u00e4hnen und ein elegantes Finish... was will ein M\u00e4dchen mehr? Tragen Sie das Haar offen oder offen und kreieren Sie alle erdenklichen Looks. Stylen Sie mit Hitze lange, lockere Wellen, gro\u00dfe, federnde Locken oder glatte Enden. Schneiden Sie den seitlich geschwungenen Pony auf Ihre bevorzugte L\u00e4nge.<\/p>\n<hr \/>\n<p>Velvet Front Rim<br \/>\nInside \u201cHidden\u201d Weft<br \/>\nOpen Ear Tabs<br \/>\nVelvet-Lined Extended Nape<br \/>\n<a href=\"\/de\/hairdo\/hair-types\/#HD-tru2life\" target=\"_blank\" rel=\"noopener\">Tru2Life\u00ae Heat-Friendly Synthetic Hair<\/a><\/p>\n<hr \/>\n<p>Cap Size: Average<\/p>\n<hr \/>\n<p>Front: 5\u00bc\u201d<\/p>\n<hr \/>\n<p>Crown: 16\u2033<\/p>\n<hr \/>\n<p>Seiten: 16\u2033<\/p>\n<hr \/>\n<p>Back: 16\u2033<\/p>\n<hr \/>\n<p>Nacken: 18\u2033<\/p>\n<hr \/>\n<p>Weight: 7.8 oz<\/p>","protected":false},"featured_media":47456,"template":"","meta":[],"product_brand":[161],"product_cat":[209,174,179],"product_tag":[],"class_list":{"0":"post-47452","1":"product","2":"type-product","3":"status-publish","4":"has-post-thumbnail","6":"product_brand-hairdo","7":"product_cat-view-all","8":"product_cat-hairdo","9":"product_cat-hd-fantasy-wigs","10":"pa_application-type-ready-to-wear","11":"pa_brand-hairdo","12":"pa_cap-size-average","13":"pa_categories-wigs","14":"pa_color-family-fantasy-colors","15":"pa_department-women","16":"pa_hair-type-heat-styleable-synthetic","17":"pa_wig-length-long","18":"pa_wig-style-straight","21":"first","22":"instock","23":"shipping-taxable","24":"product-type-simple"},"yoast_head":"<!-- This site is optimized with the Yoast SEO plugin v25.3.1 - https:\/\/yoast.com\/wordpress\/plugins\/seo\/ -->\n<title>Sugared Pearl - HairUWear<\/title>\n<meta name=\"description\" content=\"Lavish length, platinum strands and a sleek finish\u2026 what more could a girl want? Wear it down or up and create all the looks you can imagine. Heat-style with long loose waves, large bouncy curls, or stick straight ends. Trim the side swept bang to your preferred length.\" \/>\n<meta name=\"robots\" content=\"index, follow, max-snippet:-1, max-image-preview:large, max-video-preview:-1\" \/>\n<link rel=\"canonical\" href=\"http:\/\/www.hairuwear.com\/de\/product\/sugared-pearl\/\" \/>\n<meta property=\"og:locale\" content=\"de_DE\" \/>\n<meta property=\"og:type\" content=\"article\" \/>\n<meta property=\"og:title\" content=\"Sugared Pearl - HairUWear\" \/>\n<meta property=\"og:description\" content=\"Lavish length, platinum strands and a sleek finish\u2026 what more could a girl want? Wear it down or up and create all the looks you can imagine. Heat-style with long loose waves, large bouncy curls, or stick straight ends. Trim the side swept bang to your preferred length.\" \/>\n<meta property=\"og:url\" content=\"http:\/\/www.hairuwear.com\/de\/product\/sugared-pearl\/\" \/>\n<meta property=\"og:site_name\" content=\"HairUWear\" \/>\n<meta property=\"article:publisher\" content=\"https:\/\/www.facebook.com\/HairUWearINC\" \/>\n<meta property=\"article:modified_time\" content=\"2023-09-20T14:28:35+00:00\" \/>\n<meta property=\"og:image\" content=\"http:\/\/www.hairuwear.com\/wp-content\/uploads\/2023\/06\/HD-Sugared-Pearl-Model-Front-1-scaled.jpg\" \/>\n\t<meta property=\"og:image:width\" content=\"2046\" \/>\n\t<meta property=\"og:image:height\" content=\"2560\" \/>\n\t<meta property=\"og:image:type\" content=\"image\/jpeg\" \/>\n<meta name=\"twitter:card\" content=\"summary_large_image\" \/>\n<script type=\"application\/ld+json\" class=\"yoast-schema-graph\">{\"@context\":\"https:\/\/schema.org\",\"@graph\":[{\"@type\":\"WebPage\",\"@id\":\"http:\/\/www.hairuwear.com\/product\/sugared-pearl\/\",\"url\":\"http:\/\/www.hairuwear.com\/product\/sugared-pearl\/\",\"name\":\"Sugared Pearl - HairUWear\",\"isPartOf\":{\"@id\":\"https:\/\/www.hairuwear.com\/nl\/#website\"},\"primaryImageOfPage\":{\"@id\":\"http:\/\/www.hairuwear.com\/product\/sugared-pearl\/#primaryimage\"},\"image\":{\"@id\":\"http:\/\/www.hairuwear.com\/product\/sugared-pearl\/#primaryimage\"},\"thumbnailUrl\":\"https:\/\/www.hairuwear.com\/wp-content\/uploads\/2023\/06\/HD-Sugared-Pearl-Model-Front-1-scaled.jpg\",\"datePublished\":\"2023-06-27T14:53:57+00:00\",\"dateModified\":\"2023-09-20T14:28:35+00:00\",\"description\":\"Lavish length, platinum strands and a sleek finish\u2026 what more could a girl want? Wear it down or up and create all the looks you can imagine. Heat-style with long loose waves, large bouncy curls, or stick straight ends. Trim the side swept bang to your preferred length.\",\"breadcrumb\":{\"@id\":\"http:\/\/www.hairuwear.com\/product\/sugared-pearl\/#breadcrumb\"},\"inLanguage\":\"de-DE\",\"potentialAction\":[{\"@type\":\"ReadAction\",\"target\":[\"http:\/\/www.hairuwear.com\/product\/sugared-pearl\/\"]}]},{\"@type\":\"ImageObject\",\"inLanguage\":\"de-DE\",\"@id\":\"http:\/\/www.hairuwear.com\/product\/sugared-pearl\/#primaryimage\",\"url\":\"https:\/\/www.hairuwear.com\/wp-content\/uploads\/2023\/06\/HD-Sugared-Pearl-Model-Front-1-scaled.jpg\",\"contentUrl\":\"https:\/\/www.hairuwear.com\/wp-content\/uploads\/2023\/06\/HD-Sugared-Pearl-Model-Front-1-scaled.jpg\",\"width\":2046,\"height\":2560,\"caption\":\"Sugared Pearl\"},{\"@type\":\"BreadcrumbList\",\"@id\":\"http:\/\/www.hairuwear.com\/product\/sugared-pearl\/#breadcrumb\",\"itemListElement\":[{\"@type\":\"ListItem\",\"position\":1,\"name\":\"Home\",\"item\":\"https:\/\/www.hairuwear.com\/\"},{\"@type\":\"ListItem\",\"position\":2,\"name\":\"Products &#038; Solutions\",\"item\":\"https:\/\/www.hairuwear.com\/es\/products-solutions\/\"},{\"@type\":\"ListItem\",\"position\":3,\"name\":\"Sugared Pearl\"}]},{\"@type\":\"WebSite\",\"@id\":\"https:\/\/www.hairuwear.com\/nl\/#website\",\"url\":\"https:\/\/www.hairuwear.com\/nl\/\",\"name\":\"HairUWear\",\"description\":\"We inspire women and men throughout the world to see all the possibilities of alternative hair.\",\"publisher\":{\"@id\":\"https:\/\/www.hairuwear.com\/nl\/#organization\"},\"potentialAction\":[{\"@type\":\"SearchAction\",\"target\":{\"@type\":\"EntryPoint\",\"urlTemplate\":\"https:\/\/www.hairuwear.com\/nl\/?s={search_term_string}\"},\"query-input\":{\"@type\":\"PropertyValueSpecification\",\"valueRequired\":true,\"valueName\":\"search_term_string\"}}],\"inLanguage\":\"de-DE\"},{\"@type\":\"Organization\",\"@id\":\"https:\/\/www.hairuwear.com\/nl\/#organization\",\"name\":\"HairUWear\",\"url\":\"https:\/\/www.hairuwear.com\/nl\/\",\"logo\":{\"@type\":\"ImageObject\",\"inLanguage\":\"de-DE\",\"@id\":\"https:\/\/www.hairuwear.com\/nl\/#\/schema\/logo\/image\/\",\"url\":\"https:\/\/hairuwear.com\/wp-content\/uploads\/2024\/02\/HUW-logo-black-square.jpg\",\"contentUrl\":\"https:\/\/hairuwear.com\/wp-content\/uploads\/2024\/02\/HUW-logo-black-square.jpg\",\"width\":1000,\"height\":1000,\"caption\":\"HairUWear\"},\"image\":{\"@id\":\"https:\/\/www.hairuwear.com\/nl\/#\/schema\/logo\/image\/\"},\"sameAs\":[\"https:\/\/www.facebook.com\/HairUWearINC\",\"https:\/\/www.instagram.com\/hairuwear_inc\/\",\"https:\/\/www.youtube.com\/channel\/UCooHA3ZvNM3CfbjxHAUUZlg\",\"https:\/\/www.linkedin.com\/company\/hairuwear\/\",\"https:\/\/www.pinterest.com\/hairuwear\/?invite_code=060417bbf4384977ac59e5e49e9e2f4a\"]}]}<\/script>\n<!-- \/ Yoast SEO plugin. -->","yoast_head_json":{"title":"Sugared Pearl - HairUWear","description":"Lavish length, platinum strands and a sleek finish\u2026 what more could a girl want? Wear it down or up and create all the looks you can imagine. Heat-style with long loose waves, large bouncy curls, or stick straight ends. Trim the side swept bang to your preferred length.","robots":{"index":"index","follow":"follow","max-snippet":"max-snippet:-1","max-image-preview":"max-image-preview:large","max-video-preview":"max-video-preview:-1"},"canonical":"http:\/\/www.hairuwear.com\/de\/product\/sugared-pearl\/","og_locale":"de_DE","og_type":"article","og_title":"Sugared Pearl - HairUWear","og_description":"Lavish length, platinum strands and a sleek finish\u2026 what more could a girl want? Wear it down or up and create all the looks you can imagine. Heat-style with long loose waves, large bouncy curls, or stick straight ends. Trim the side swept bang to your preferred length.","og_url":"http:\/\/www.hairuwear.com\/de\/product\/sugared-pearl\/","og_site_name":"HairUWear","article_publisher":"https:\/\/www.facebook.com\/HairUWearINC","article_modified_time":"2023-09-20T14:28:35+00:00","og_image":[{"width":2046,"height":2560,"url":"http:\/\/www.hairuwear.com\/wp-content\/uploads\/2023\/06\/HD-Sugared-Pearl-Model-Front-1-scaled.jpg","type":"image\/jpeg"}],"twitter_card":"summary_large_image","schema":{"@context":"https:\/\/schema.org","@graph":[{"@type":"WebPage","@id":"http:\/\/www.hairuwear.com\/product\/sugared-pearl\/","url":"http:\/\/www.hairuwear.com\/product\/sugared-pearl\/","name":"Sugared Pearl - HairUWear","isPartOf":{"@id":"https:\/\/www.hairuwear.com\/nl\/#website"},"primaryImageOfPage":{"@id":"http:\/\/www.hairuwear.com\/product\/sugared-pearl\/#primaryimage"},"image":{"@id":"http:\/\/www.hairuwear.com\/product\/sugared-pearl\/#primaryimage"},"thumbnailUrl":"https:\/\/www.hairuwear.com\/wp-content\/uploads\/2023\/06\/HD-Sugared-Pearl-Model-Front-1-scaled.jpg","datePublished":"2023-06-27T14:53:57+00:00","dateModified":"2023-09-20T14:28:35+00:00","description":"Lavish length, platinum strands and a sleek finish\u2026 what more could a girl want? Wear it down or up and create all the looks you can imagine. Heat-style with long loose waves, large bouncy curls, or stick straight ends. Trim the side swept bang to your preferred length.","breadcrumb":{"@id":"http:\/\/www.hairuwear.com\/product\/sugared-pearl\/#breadcrumb"},"inLanguage":"de-DE","potentialAction":[{"@type":"ReadAction","target":["http:\/\/www.hairuwear.com\/product\/sugared-pearl\/"]}]},{"@type":"ImageObject","inLanguage":"de-DE","@id":"http:\/\/www.hairuwear.com\/product\/sugared-pearl\/#primaryimage","url":"https:\/\/www.hairuwear.com\/wp-content\/uploads\/2023\/06\/HD-Sugared-Pearl-Model-Front-1-scaled.jpg","contentUrl":"https:\/\/www.hairuwear.com\/wp-content\/uploads\/2023\/06\/HD-Sugared-Pearl-Model-Front-1-scaled.jpg","width":2046,"height":2560,"caption":"Sugared Pearl"},{"@type":"BreadcrumbList","@id":"http:\/\/www.hairuwear.com\/product\/sugared-pearl\/#breadcrumb","itemListElement":[{"@type":"ListItem","position":1,"name":"Home","item":"https:\/\/www.hairuwear.com\/"},{"@type":"ListItem","position":2,"name":"Products &#038; Solutions","item":"https:\/\/www.hairuwear.com\/es\/products-solutions\/"},{"@type":"ListItem","position":3,"name":"Sugared Pearl"}]},{"@type":"WebSite","@id":"https:\/\/www.hairuwear.com\/nl\/#website","url":"https:\/\/www.hairuwear.com\/nl\/","name":"HairUWear","description":"We inspire women and men throughout the world to see all the possibilities of alternative hair.","publisher":{"@id":"https:\/\/www.hairuwear.com\/nl\/#organization"},"potentialAction":[{"@type":"SearchAction","target":{"@type":"EntryPoint","urlTemplate":"https:\/\/www.hairuwear.com\/nl\/?s={search_term_string}"},"query-input":{"@type":"PropertyValueSpecification","valueRequired":true,"valueName":"search_term_string"}}],"inLanguage":"de-DE"},{"@type":"Organization","@id":"https:\/\/www.hairuwear.com\/nl\/#organization","name":"HairUWear","url":"https:\/\/www.hairuwear.com\/nl\/","logo":{"@type":"ImageObject","inLanguage":"de-DE","@id":"https:\/\/www.hairuwear.com\/nl\/#\/schema\/logo\/image\/","url":"https:\/\/hairuwear.com\/wp-content\/uploads\/2024\/02\/HUW-logo-black-square.jpg","contentUrl":"https:\/\/hairuwear.com\/wp-content\/uploads\/2024\/02\/HUW-logo-black-square.jpg","width":1000,"height":1000,"caption":"HairUWear"},"image":{"@id":"https:\/\/www.hairuwear.com\/nl\/#\/schema\/logo\/image\/"},"sameAs":["https:\/\/www.facebook.com\/HairUWearINC","https:\/\/www.instagram.com\/hairuwear_inc\/","https:\/\/www.youtube.com\/channel\/UCooHA3ZvNM3CfbjxHAUUZlg","https:\/\/www.linkedin.com\/company\/hairuwear\/","https:\/\/www.pinterest.com\/hairuwear\/?invite_code=060417bbf4384977ac59e5e49e9e2f4a"]}]}},"_links":{"self":[{"href":"https:\/\/www.hairuwear.com\/de\/wp-json\/wp\/v2\/product\/47452","targetHints":{"allow":["GET"]}}],"collection":[{"href":"https:\/\/www.hairuwear.com\/de\/wp-json\/wp\/v2\/product"}],"about":[{"href":"https:\/\/www.hairuwear.com\/de\/wp-json\/wp\/v2\/types\/product"}],"version-history":[{"count":1,"href":"https:\/\/www.hairuwear.com\/de\/wp-json\/wp\/v2\/product\/47452\/revisions"}],"predecessor-version":[{"id":47461,"href":"https:\/\/www.hairuwear.com\/de\/wp-json\/wp\/v2\/product\/47452\/revisions\/47461"}],"wp:featuredmedia":[{"embeddable":true,"href":"https:\/\/www.hairuwear.com\/de\/wp-json\/wp\/v2\/media\/47456"}],"wp:attachment":[{"href":"https:\/\/www.hairuwear.com\/de\/wp-json\/wp\/v2\/media?parent=47452"}],"wp:term":[{"taxonomy":"product_brand","embeddable":true,"href":"https:\/\/www.hairuwear.com\/de\/wp-json\/wp\/v2\/product_brand?post=47452"},{"taxonomy":"product_cat","embeddable":true,"href":"https:\/\/www.hairuwear.com\/de\/wp-json\/wp\/v2\/product_cat?post=47452"},{"taxonomy":"product_tag","embeddable":true,"href":"https:\/\/www.hairuwear.com\/de\/wp-json\/wp\/v2\/product_tag?post=47452"}],"curies":[{"name":"wp","href":"https:\/\/api.w.org\/{rel}","templated":true}]}}