{"id":74983,"date":"2023-10-31T11:22:57","date_gmt":"2023-10-31T16:22:57","guid":{"rendered":"https:\/\/live-huw-2023.pantheonsite.io\/?post_type=product&#038;p=74983"},"modified":"2024-10-02T11:51:36","modified_gmt":"2024-10-02T16:51:36","slug":"refresh","status":"publish","type":"product","link":"https:\/\/www.hairuwear.com\/de\/product\/refresh\/","title":{"rendered":"NEU! Refresh"},"content":{"rendered":"","protected":false},"excerpt":{"rendered":"<p>Dieser ultraleichte Erfrischungsnebel enth\u00e4lt eine sanfte Mischung aus Duft und geruchsbeseitigenden Inhaltsstoffen. Je nach Bedarf verwenden, um den Geruch der Per\u00fccke oder des Haarteils frisch zu halten und die Zeit zwischen den W\u00e4schen zu verl\u00e4ngern. Bespr\u00fchen Sie das Innere der Per\u00fccke oder den Ansatz eines Haarteils. Kann auch direkt auf die Haarfasern aufgespr\u00fcht werden.<\/p>\n<hr \/>\n<p>Die sanft pflegenden und speziell f\u00fcr Kunsthaar entwickelten HairUWear-Haarpflegeprodukte sind umweltvertr\u00e4glich und enthalten keine tierischen Produkte. Es werden absolut keine Tierversuche durchgef\u00fchrt.<\/p>","protected":false},"featured_media":108131,"template":"","meta":[],"product_brand":[],"product_cat":[209,208],"product_tag":[],"class_list":{"0":"post-74983","1":"product","2":"type-product","3":"status-publish","4":"has-post-thumbnail","6":"product_cat-view-all","7":"product_cat-huw-hair-care","8":"pa_categories-styling-and-care-products","11":"first","12":"instock","13":"shipping-taxable","14":"product-type-simple"},"yoast_head":"<!-- This site is optimized with the Yoast SEO plugin v25.3.1 - https:\/\/yoast.com\/wordpress\/plugins\/seo\/ -->\n<title>NEW! Refresh - HairUWear<\/title>\n<meta name=\"description\" content=\"A gentle blend of fragrance and odor-eliminating ingredients come together in this ultra-light refreshing mist. Use as needed to keep the wig or hairpiece smelling fresh and extend the time between washings. Spray the interior of the wig or the base of a hairpiece. Can also be misted directly onto hair fibers.\" \/>\n<meta name=\"robots\" content=\"index, follow, max-snippet:-1, max-image-preview:large, max-video-preview:-1\" \/>\n<link rel=\"canonical\" href=\"https:\/\/www.hairuwear.com\/de\/product\/refresh\/\" \/>\n<meta property=\"og:locale\" content=\"de_DE\" \/>\n<meta property=\"og:type\" content=\"article\" \/>\n<meta property=\"og:title\" content=\"NEW! Refresh - HairUWear\" \/>\n<meta property=\"og:description\" content=\"A gentle blend of fragrance and odor-eliminating ingredients come together in this ultra-light refreshing mist. Use as needed to keep the wig or hairpiece smelling fresh and extend the time between washings. Spray the interior of the wig or the base of a hairpiece. Can also be misted directly onto hair fibers.\" \/>\n<meta property=\"og:url\" content=\"https:\/\/www.hairuwear.com\/de\/product\/refresh\/\" \/>\n<meta property=\"og:site_name\" content=\"HairUWear\" \/>\n<meta property=\"article:publisher\" content=\"https:\/\/www.facebook.com\/HairUWearINC\" \/>\n<meta property=\"article:modified_time\" content=\"2024-10-02T16:51:36+00:00\" \/>\n<meta property=\"og:image\" content=\"https:\/\/www.hairuwear.com\/wp-content\/uploads\/2024\/01\/HUW-Hair-Care-Products-Refresh-high-res-scaled.jpg\" \/>\n\t<meta property=\"og:image:width\" content=\"2046\" \/>\n\t<meta property=\"og:image:height\" content=\"2560\" \/>\n\t<meta property=\"og:image:type\" content=\"image\/jpeg\" \/>\n<meta name=\"twitter:card\" content=\"summary_large_image\" \/>\n<script type=\"application\/ld+json\" class=\"yoast-schema-graph\">{\"@context\":\"https:\/\/schema.org\",\"@graph\":[{\"@type\":\"WebPage\",\"@id\":\"https:\/\/www.hairuwear.com\/fr\/product\/refresh\/\",\"url\":\"https:\/\/www.hairuwear.com\/fr\/product\/refresh\/\",\"name\":\"NEW! Refresh - HairUWear\",\"isPartOf\":{\"@id\":\"https:\/\/www.hairuwear.com\/nl\/#website\"},\"primaryImageOfPage\":{\"@id\":\"https:\/\/www.hairuwear.com\/fr\/product\/refresh\/#primaryimage\"},\"image\":{\"@id\":\"https:\/\/www.hairuwear.com\/fr\/product\/refresh\/#primaryimage\"},\"thumbnailUrl\":\"https:\/\/www.hairuwear.com\/wp-content\/uploads\/2024\/01\/HUW-Hair-Care-Products-Refresh-high-res-scaled.jpg\",\"datePublished\":\"2023-10-31T16:22:57+00:00\",\"dateModified\":\"2024-10-02T16:51:36+00:00\",\"description\":\"A gentle blend of fragrance and odor-eliminating ingredients come together in this ultra-light refreshing mist. Use as needed to keep the wig or hairpiece smelling fresh and extend the time between washings. Spray the interior of the wig or the base of a hairpiece. Can also be misted directly onto hair fibers.\",\"breadcrumb\":{\"@id\":\"https:\/\/www.hairuwear.com\/fr\/product\/refresh\/#breadcrumb\"},\"inLanguage\":\"de-DE\",\"potentialAction\":[{\"@type\":\"ReadAction\",\"target\":[\"https:\/\/www.hairuwear.com\/fr\/product\/refresh\/\"]}]},{\"@type\":\"ImageObject\",\"inLanguage\":\"de-DE\",\"@id\":\"https:\/\/www.hairuwear.com\/fr\/product\/refresh\/#primaryimage\",\"url\":\"https:\/\/www.hairuwear.com\/wp-content\/uploads\/2024\/01\/HUW-Hair-Care-Products-Refresh-high-res-scaled.jpg\",\"contentUrl\":\"https:\/\/www.hairuwear.com\/wp-content\/uploads\/2024\/01\/HUW-Hair-Care-Products-Refresh-high-res-scaled.jpg\",\"width\":2046,\"height\":2560,\"caption\":\"Refresh Neutralizing Spray\"},{\"@type\":\"BreadcrumbList\",\"@id\":\"https:\/\/www.hairuwear.com\/fr\/product\/refresh\/#breadcrumb\",\"itemListElement\":[{\"@type\":\"ListItem\",\"position\":1,\"name\":\"Home\",\"item\":\"https:\/\/www.hairuwear.com\/\"},{\"@type\":\"ListItem\",\"position\":2,\"name\":\"Products &#038; Solutions\",\"item\":\"https:\/\/www.hairuwear.com\/es\/products-solutions\/\"},{\"@type\":\"ListItem\",\"position\":3,\"name\":\"NEW! Refresh\"}]},{\"@type\":\"WebSite\",\"@id\":\"https:\/\/www.hairuwear.com\/nl\/#website\",\"url\":\"https:\/\/www.hairuwear.com\/nl\/\",\"name\":\"HairUWear\",\"description\":\"We inspire women and men throughout the world to see all the possibilities of alternative hair.\",\"publisher\":{\"@id\":\"https:\/\/www.hairuwear.com\/nl\/#organization\"},\"potentialAction\":[{\"@type\":\"SearchAction\",\"target\":{\"@type\":\"EntryPoint\",\"urlTemplate\":\"https:\/\/www.hairuwear.com\/nl\/?s={search_term_string}\"},\"query-input\":{\"@type\":\"PropertyValueSpecification\",\"valueRequired\":true,\"valueName\":\"search_term_string\"}}],\"inLanguage\":\"de-DE\"},{\"@type\":\"Organization\",\"@id\":\"https:\/\/www.hairuwear.com\/nl\/#organization\",\"name\":\"HairUWear\",\"url\":\"https:\/\/www.hairuwear.com\/nl\/\",\"logo\":{\"@type\":\"ImageObject\",\"inLanguage\":\"de-DE\",\"@id\":\"https:\/\/www.hairuwear.com\/nl\/#\/schema\/logo\/image\/\",\"url\":\"https:\/\/hairuwear.com\/wp-content\/uploads\/2024\/02\/HUW-logo-black-square.jpg\",\"contentUrl\":\"https:\/\/hairuwear.com\/wp-content\/uploads\/2024\/02\/HUW-logo-black-square.jpg\",\"width\":1000,\"height\":1000,\"caption\":\"HairUWear\"},\"image\":{\"@id\":\"https:\/\/www.hairuwear.com\/nl\/#\/schema\/logo\/image\/\"},\"sameAs\":[\"https:\/\/www.facebook.com\/HairUWearINC\",\"https:\/\/www.instagram.com\/hairuwear_inc\/\",\"https:\/\/www.youtube.com\/channel\/UCooHA3ZvNM3CfbjxHAUUZlg\",\"https:\/\/www.linkedin.com\/company\/hairuwear\/\",\"https:\/\/www.pinterest.com\/hairuwear\/?invite_code=060417bbf4384977ac59e5e49e9e2f4a\"]}]}<\/script>\n<!-- \/ Yoast SEO plugin. -->","yoast_head_json":{"title":"NEW! Refresh - HairUWear","description":"A gentle blend of fragrance and odor-eliminating ingredients come together in this ultra-light refreshing mist. Use as needed to keep the wig or hairpiece smelling fresh and extend the time between washings. Spray the interior of the wig or the base of a hairpiece. Can also be misted directly onto hair fibers.","robots":{"index":"index","follow":"follow","max-snippet":"max-snippet:-1","max-image-preview":"max-image-preview:large","max-video-preview":"max-video-preview:-1"},"canonical":"https:\/\/www.hairuwear.com\/de\/product\/refresh\/","og_locale":"de_DE","og_type":"article","og_title":"NEW! Refresh - HairUWear","og_description":"A gentle blend of fragrance and odor-eliminating ingredients come together in this ultra-light refreshing mist. Use as needed to keep the wig or hairpiece smelling fresh and extend the time between washings. Spray the interior of the wig or the base of a hairpiece. Can also be misted directly onto hair fibers.","og_url":"https:\/\/www.hairuwear.com\/de\/product\/refresh\/","og_site_name":"HairUWear","article_publisher":"https:\/\/www.facebook.com\/HairUWearINC","article_modified_time":"2024-10-02T16:51:36+00:00","og_image":[{"width":2046,"height":2560,"url":"https:\/\/www.hairuwear.com\/wp-content\/uploads\/2024\/01\/HUW-Hair-Care-Products-Refresh-high-res-scaled.jpg","type":"image\/jpeg"}],"twitter_card":"summary_large_image","schema":{"@context":"https:\/\/schema.org","@graph":[{"@type":"WebPage","@id":"https:\/\/www.hairuwear.com\/fr\/product\/refresh\/","url":"https:\/\/www.hairuwear.com\/fr\/product\/refresh\/","name":"NEW! Refresh - HairUWear","isPartOf":{"@id":"https:\/\/www.hairuwear.com\/nl\/#website"},"primaryImageOfPage":{"@id":"https:\/\/www.hairuwear.com\/fr\/product\/refresh\/#primaryimage"},"image":{"@id":"https:\/\/www.hairuwear.com\/fr\/product\/refresh\/#primaryimage"},"thumbnailUrl":"https:\/\/www.hairuwear.com\/wp-content\/uploads\/2024\/01\/HUW-Hair-Care-Products-Refresh-high-res-scaled.jpg","datePublished":"2023-10-31T16:22:57+00:00","dateModified":"2024-10-02T16:51:36+00:00","description":"A gentle blend of fragrance and odor-eliminating ingredients come together in this ultra-light refreshing mist. Use as needed to keep the wig or hairpiece smelling fresh and extend the time between washings. Spray the interior of the wig or the base of a hairpiece. Can also be misted directly onto hair fibers.","breadcrumb":{"@id":"https:\/\/www.hairuwear.com\/fr\/product\/refresh\/#breadcrumb"},"inLanguage":"de-DE","potentialAction":[{"@type":"ReadAction","target":["https:\/\/www.hairuwear.com\/fr\/product\/refresh\/"]}]},{"@type":"ImageObject","inLanguage":"de-DE","@id":"https:\/\/www.hairuwear.com\/fr\/product\/refresh\/#primaryimage","url":"https:\/\/www.hairuwear.com\/wp-content\/uploads\/2024\/01\/HUW-Hair-Care-Products-Refresh-high-res-scaled.jpg","contentUrl":"https:\/\/www.hairuwear.com\/wp-content\/uploads\/2024\/01\/HUW-Hair-Care-Products-Refresh-high-res-scaled.jpg","width":2046,"height":2560,"caption":"Refresh Neutralizing Spray"},{"@type":"BreadcrumbList","@id":"https:\/\/www.hairuwear.com\/fr\/product\/refresh\/#breadcrumb","itemListElement":[{"@type":"ListItem","position":1,"name":"Home","item":"https:\/\/www.hairuwear.com\/"},{"@type":"ListItem","position":2,"name":"Products &#038; Solutions","item":"https:\/\/www.hairuwear.com\/es\/products-solutions\/"},{"@type":"ListItem","position":3,"name":"NEW! Refresh"}]},{"@type":"WebSite","@id":"https:\/\/www.hairuwear.com\/nl\/#website","url":"https:\/\/www.hairuwear.com\/nl\/","name":"HairUWear","description":"We inspire women and men throughout the world to see all the possibilities of alternative hair.","publisher":{"@id":"https:\/\/www.hairuwear.com\/nl\/#organization"},"potentialAction":[{"@type":"SearchAction","target":{"@type":"EntryPoint","urlTemplate":"https:\/\/www.hairuwear.com\/nl\/?s={search_term_string}"},"query-input":{"@type":"PropertyValueSpecification","valueRequired":true,"valueName":"search_term_string"}}],"inLanguage":"de-DE"},{"@type":"Organization","@id":"https:\/\/www.hairuwear.com\/nl\/#organization","name":"HairUWear","url":"https:\/\/www.hairuwear.com\/nl\/","logo":{"@type":"ImageObject","inLanguage":"de-DE","@id":"https:\/\/www.hairuwear.com\/nl\/#\/schema\/logo\/image\/","url":"https:\/\/hairuwear.com\/wp-content\/uploads\/2024\/02\/HUW-logo-black-square.jpg","contentUrl":"https:\/\/hairuwear.com\/wp-content\/uploads\/2024\/02\/HUW-logo-black-square.jpg","width":1000,"height":1000,"caption":"HairUWear"},"image":{"@id":"https:\/\/www.hairuwear.com\/nl\/#\/schema\/logo\/image\/"},"sameAs":["https:\/\/www.facebook.com\/HairUWearINC","https:\/\/www.instagram.com\/hairuwear_inc\/","https:\/\/www.youtube.com\/channel\/UCooHA3ZvNM3CfbjxHAUUZlg","https:\/\/www.linkedin.com\/company\/hairuwear\/","https:\/\/www.pinterest.com\/hairuwear\/?invite_code=060417bbf4384977ac59e5e49e9e2f4a"]}]}},"_links":{"self":[{"href":"https:\/\/www.hairuwear.com\/de\/wp-json\/wp\/v2\/product\/74983","targetHints":{"allow":["GET"]}}],"collection":[{"href":"https:\/\/www.hairuwear.com\/de\/wp-json\/wp\/v2\/product"}],"about":[{"href":"https:\/\/www.hairuwear.com\/de\/wp-json\/wp\/v2\/types\/product"}],"version-history":[{"count":2,"href":"https:\/\/www.hairuwear.com\/de\/wp-json\/wp\/v2\/product\/74983\/revisions"}],"predecessor-version":[{"id":76390,"href":"https:\/\/www.hairuwear.com\/de\/wp-json\/wp\/v2\/product\/74983\/revisions\/76390"}],"wp:featuredmedia":[{"embeddable":true,"href":"https:\/\/www.hairuwear.com\/de\/wp-json\/wp\/v2\/media\/108131"}],"wp:attachment":[{"href":"https:\/\/www.hairuwear.com\/de\/wp-json\/wp\/v2\/media?parent=74983"}],"wp:term":[{"taxonomy":"product_brand","embeddable":true,"href":"https:\/\/www.hairuwear.com\/de\/wp-json\/wp\/v2\/product_brand?post=74983"},{"taxonomy":"product_cat","embeddable":true,"href":"https:\/\/www.hairuwear.com\/de\/wp-json\/wp\/v2\/product_cat?post=74983"},{"taxonomy":"product_tag","embeddable":true,"href":"https:\/\/www.hairuwear.com\/de\/wp-json\/wp\/v2\/product_tag?post=74983"}],"curies":[{"name":"wp","href":"https:\/\/api.w.org\/{rel}","templated":true}]}}