{"id":90426,"date":"2023-01-18T09:25:00","date_gmt":"2023-01-18T15:25:00","guid":{"rendered":"https:\/\/live-huw-2023.pantheonsite.io\/?post_type=product&#038;p=90426"},"modified":"2023-12-07T12:21:46","modified_gmt":"2023-12-07T18:21:46","slug":"glamour-pix","status":"publish","type":"product","link":"https:\/\/www.hairuwear.com\/de\/product\/glamour-pix\/","title":{"rendered":"Glamour Pix"},"content":{"rendered":"<div id=\"content-desktop\">\n<div id='gallery-1' class='gallery galleryid-90426 gallery-columns-6 gallery-size-full'><figure class='gallery-item'>\n\t\t\t<div class='gallery-icon landscape'>\n\t\t\t\t<img fetchpriority=\"high\" decoding=\"async\" width=\"350\" height=\"350\" src=\"https:\/\/www.hairuwear.com\/wp-content\/uploads\/2022\/04\/Tru2Life-R4-midnight-brown-swatch.jpg\" class=\"attachment-full size-full\" alt=\"R4 Midnight Brown\" aria-describedby=\"gallery-1-27465\" \/>\n\t\t\t<\/div>\n\t\t\t\t<figcaption class='wp-caption-text gallery-caption' id='gallery-1-27465'>\n\t\t\t\tR4 Midnight Brown\n\t\t\t\t<\/figcaption><\/figure><figure class='gallery-item'>\n\t\t\t<div class='gallery-icon landscape'>\n\t\t\t\t<img decoding=\"async\" width=\"350\" height=\"350\" src=\"https:\/\/www.hairuwear.com\/wp-content\/uploads\/2022\/04\/RW-Vibralite-R10-Chestnut.jpg\" class=\"attachment-full size-full\" alt=\"R10 Chestnut\" aria-describedby=\"gallery-1-27469\" \/>\n\t\t\t<\/div>\n\t\t\t\t<figcaption class='wp-caption-text gallery-caption' id='gallery-1-27469'>\n\t\t\t\tR10 Chestnut\n\t\t\t\t<\/figcaption><\/figure><figure class='gallery-item'>\n\t\t\t<div class='gallery-icon landscape'>\n\t\t\t\t<img decoding=\"async\" width=\"350\" height=\"350\" src=\"https:\/\/www.hairuwear.com\/wp-content\/uploads\/2023\/06\/HD-Tru2life-R11S-Glazed-Mocha.jpg\" class=\"attachment-full size-full\" alt=\"R11S+ Glazed Mocha\" aria-describedby=\"gallery-1-46527\" \/>\n\t\t\t<\/div>\n\t\t\t\t<figcaption class='wp-caption-text gallery-caption' id='gallery-1-46527'>\n\t\t\t\tR11S+ Glazed Mocha\n\t\t\t\t<\/figcaption><\/figure><figure class='gallery-item'>\n\t\t\t<div class='gallery-icon landscape'>\n\t\t\t\t<img loading=\"lazy\" decoding=\"async\" width=\"350\" height=\"350\" src=\"https:\/\/www.hairuwear.com\/wp-content\/uploads\/2023\/06\/HD-Tru2Life-R3025S-Glazed-Cinnamon.jpg\" class=\"attachment-full size-full\" alt=\"R3025S+ Glazed Cinnamon\" aria-describedby=\"gallery-1-46529\" \/>\n\t\t\t<\/div>\n\t\t\t\t<figcaption class='wp-caption-text gallery-caption' id='gallery-1-46529'>\n\t\t\t\tR3025S+ Glazed Cinnamon\n\t\t\t\t<\/figcaption><\/figure><figure class='gallery-item'>\n\t\t\t<div class='gallery-icon landscape'>\n\t\t\t\t<img loading=\"lazy\" decoding=\"async\" width=\"350\" height=\"350\" src=\"https:\/\/www.hairuwear.com\/wp-content\/uploads\/2022\/04\/Tru2Life-R56-60-silver-mist-swatch.jpg\" class=\"attachment-full size-full\" alt=\"R56\/60 Silver Mist\" aria-describedby=\"gallery-1-27489\" \/>\n\t\t\t<\/div>\n\t\t\t\t<figcaption class='wp-caption-text gallery-caption' id='gallery-1-27489'>\n\t\t\t\tR56\/60 Silver Mist\n\t\t\t\t<\/figcaption><\/figure><figure class='gallery-item'>\n\t\t\t<div class='gallery-icon landscape'>\n\t\t\t\t<img loading=\"lazy\" decoding=\"async\" width=\"350\" height=\"350\" src=\"https:\/\/www.hairuwear.com\/wp-content\/uploads\/2022\/04\/Tru2Life-SS14-88-rooted-golden-wheat-swatch.jpg\" class=\"attachment-full size-full\" alt=\"SS14\/88 Rooted Golden Wheat\" aria-describedby=\"gallery-1-27510\" \/>\n\t\t\t<\/div>\n\t\t\t\t<figcaption class='wp-caption-text gallery-caption' id='gallery-1-27510'>\n\t\t\t\tSS14\/88 Rooted Golden Wheat\n\t\t\t\t<\/figcaption><\/figure>\n\t\t<\/div>\n\n<\/div>\n<div id=\"content-mobile\">\n<div id='gallery-2' class='gallery galleryid-90426 gallery-columns-3 gallery-size-thumbnail'><figure class='gallery-item'>\n\t\t\t<div class='gallery-icon landscape'>\n\t\t\t\t<img loading=\"lazy\" decoding=\"async\" width=\"150\" height=\"150\" src=\"https:\/\/www.hairuwear.com\/wp-content\/uploads\/2022\/04\/Tru2Life-R4-midnight-brown-swatch-150x150.jpg\" class=\"attachment-thumbnail size-thumbnail\" alt=\"R4 Midnight Brown\" aria-describedby=\"gallery-2-27465\" \/>\n\t\t\t<\/div>\n\t\t\t\t<figcaption class='wp-caption-text gallery-caption' id='gallery-2-27465'>\n\t\t\t\tR4 Midnight Brown\n\t\t\t\t<\/figcaption><\/figure><figure class='gallery-item'>\n\t\t\t<div class='gallery-icon landscape'>\n\t\t\t\t<img loading=\"lazy\" decoding=\"async\" width=\"150\" height=\"150\" src=\"https:\/\/www.hairuwear.com\/wp-content\/uploads\/2022\/04\/RW-Vibralite-R10-Chestnut-150x150.jpg\" class=\"attachment-thumbnail size-thumbnail\" alt=\"R10 Chestnut\" aria-describedby=\"gallery-2-27469\" \/>\n\t\t\t<\/div>\n\t\t\t\t<figcaption class='wp-caption-text gallery-caption' id='gallery-2-27469'>\n\t\t\t\tR10 Chestnut\n\t\t\t\t<\/figcaption><\/figure><figure class='gallery-item'>\n\t\t\t<div class='gallery-icon landscape'>\n\t\t\t\t<img loading=\"lazy\" decoding=\"async\" width=\"150\" height=\"150\" src=\"https:\/\/www.hairuwear.com\/wp-content\/uploads\/2023\/06\/HD-Tru2life-R11S-Glazed-Mocha-150x150.jpg\" class=\"attachment-thumbnail size-thumbnail\" alt=\"R11S+ Glazed Mocha\" aria-describedby=\"gallery-2-46527\" \/>\n\t\t\t<\/div>\n\t\t\t\t<figcaption class='wp-caption-text gallery-caption' id='gallery-2-46527'>\n\t\t\t\tR11S+ Glazed Mocha\n\t\t\t\t<\/figcaption><\/figure><figure class='gallery-item'>\n\t\t\t<div class='gallery-icon landscape'>\n\t\t\t\t<img loading=\"lazy\" decoding=\"async\" width=\"150\" height=\"150\" src=\"https:\/\/www.hairuwear.com\/wp-content\/uploads\/2023\/06\/HD-Tru2Life-R3025S-Glazed-Cinnamon-150x150.jpg\" class=\"attachment-thumbnail size-thumbnail\" alt=\"R3025S+ Glazed Cinnamon\" aria-describedby=\"gallery-2-46529\" \/>\n\t\t\t<\/div>\n\t\t\t\t<figcaption class='wp-caption-text gallery-caption' id='gallery-2-46529'>\n\t\t\t\tR3025S+ Glazed Cinnamon\n\t\t\t\t<\/figcaption><\/figure><figure class='gallery-item'>\n\t\t\t<div class='gallery-icon landscape'>\n\t\t\t\t<img loading=\"lazy\" decoding=\"async\" width=\"150\" height=\"150\" src=\"https:\/\/www.hairuwear.com\/wp-content\/uploads\/2022\/04\/Tru2Life-R56-60-silver-mist-swatch-150x150.jpg\" class=\"attachment-thumbnail size-thumbnail\" alt=\"R56\/60 Silver Mist\" aria-describedby=\"gallery-2-27489\" \/>\n\t\t\t<\/div>\n\t\t\t\t<figcaption class='wp-caption-text gallery-caption' id='gallery-2-27489'>\n\t\t\t\tR56\/60 Silver Mist\n\t\t\t\t<\/figcaption><\/figure><figure class='gallery-item'>\n\t\t\t<div class='gallery-icon landscape'>\n\t\t\t\t<img loading=\"lazy\" decoding=\"async\" width=\"150\" height=\"150\" src=\"https:\/\/www.hairuwear.com\/wp-content\/uploads\/2022\/04\/Tru2Life-SS14-88-rooted-golden-wheat-swatch-150x150.jpg\" class=\"attachment-thumbnail size-thumbnail\" alt=\"SS14\/88 Rooted Golden Wheat\" aria-describedby=\"gallery-2-27510\" \/>\n\t\t\t<\/div>\n\t\t\t\t<figcaption class='wp-caption-text gallery-caption' id='gallery-2-27510'>\n\t\t\t\tSS14\/88 Rooted Golden Wheat\n\t\t\t\t<\/figcaption><\/figure>\n\t\t<\/div>\n\n<\/div>","protected":false},"excerpt":{"rendered":"<p>Dieser kurze, gestufte Pixie hat eine leichte, wuschelige Textur, die verschiedene Stylingoptionen zul\u00e4sst, von sanft und subtil bis hin zu stachelig und st\u00fcckig. Die rasiermesserscharf geschnittenen Seiten und der spitz zulaufende Nacken machen diese Frisur zu einer coolen und einfachen Wahl. Die hitzefreundliche Tru2Life-Faser l\u00e4sst sich locken oder gl\u00e4tten, um den gew\u00fcnschten Look zu erzielen.<\/p>\n<hr \/>\n<p><a href=\"\/de\/hairdo\/hair-types\/#HD-tru2life\" target=\"_blank\" rel=\"noopener\">Tru2Life\u00ae Heat-Friendly Synthetic Hair<\/a><\/p>\n<hr \/>\n<p>Cap Size: Average<\/p>\n<hr \/>\n<p>Vorderseite: 3\u2033.<\/p>\n<hr \/>\n<p>Crown: 4\u00bd\u201d<\/p>\n<hr \/>\n<p>Sides: 2\u00bd\u2033<\/p>\n<hr \/>\n<p>Back: 3\u2033<\/p>\n<hr \/>\n<p>Nape: 1\u00be\u2033<\/p>\n<hr \/>\n<p>Gewicht: 3 Unzen<\/p>","protected":false},"featured_media":90428,"template":"","meta":[],"product_brand":[161],"product_cat":[209,174,180],"product_tag":[],"class_list":{"0":"post-90426","1":"product","2":"type-product","3":"status-publish","4":"has-post-thumbnail","6":"product_brand-hairdo","7":"product_cat-view-all","8":"product_cat-hairdo","9":"product_cat-hd-fashion-wigs","10":"pa_application-type-ready-to-wear","11":"pa_brand-hairdo","12":"pa_cap-size-average","13":"pa_categories-wigs","14":"pa_color-family-blonde","15":"pa_color-family-brunette","16":"pa_color-family-gray","17":"pa_color-family-red","18":"pa_color-family-shadow-shades","19":"pa_department-women","20":"pa_discontinued-discontinued","21":"pa_hair-type-heat-styleable-synthetic","22":"pa_wig-features-with-bangs","23":"pa_wig-length-short","24":"pa_wig-style-straight","27":"first","28":"instock","29":"shipping-taxable","30":"product-type-simple"},"yoast_head":"<!-- This site is optimized with the Yoast SEO plugin v25.3.1 - https:\/\/yoast.com\/wordpress\/plugins\/seo\/ -->\n<title>Glamour Pix - HairUWear<\/title>\n<meta name=\"description\" content=\"This short, layered pixie has a light, wispy texture that allows for multiple styling options from soft and subtle to spikey and piecey. The razor-cut sides and tapered neck make this a cool and easy choice.\" \/>\n<meta name=\"robots\" content=\"index, follow, max-snippet:-1, max-image-preview:large, max-video-preview:-1\" \/>\n<link rel=\"canonical\" href=\"https:\/\/www.hairuwear.com\/de\/product\/glamour-pix\/\" \/>\n<meta property=\"og:locale\" content=\"de_DE\" \/>\n<meta property=\"og:type\" content=\"article\" \/>\n<meta property=\"og:title\" content=\"Glamour Pix - HairUWear\" \/>\n<meta property=\"og:description\" content=\"This short, layered pixie has a light, wispy texture that allows for multiple styling options from soft and subtle to spikey and piecey. The razor-cut sides and tapered neck make this a cool and easy choice.\" \/>\n<meta property=\"og:url\" content=\"https:\/\/www.hairuwear.com\/de\/product\/glamour-pix\/\" \/>\n<meta property=\"og:site_name\" content=\"HairUWear\" \/>\n<meta property=\"article:publisher\" content=\"https:\/\/www.facebook.com\/HairUWearINC\" \/>\n<meta property=\"article:modified_time\" content=\"2023-12-07T18:21:46+00:00\" \/>\n<meta property=\"og:image\" content=\"https:\/\/www.hairuwear.com\/wp-content\/uploads\/2023\/12\/HD-Glamour-Pix-Model-Fron-2-scaled.jpg\" \/>\n\t<meta property=\"og:image:width\" content=\"2046\" \/>\n\t<meta property=\"og:image:height\" content=\"2560\" \/>\n\t<meta property=\"og:image:type\" content=\"image\/jpeg\" \/>\n<meta name=\"twitter:card\" content=\"summary_large_image\" \/>\n<meta name=\"twitter:label1\" content=\"Est. reading time\" \/>\n\t<meta name=\"twitter:data1\" content=\"1 Minute\" \/>\n<script type=\"application\/ld+json\" class=\"yoast-schema-graph\">{\"@context\":\"https:\/\/schema.org\",\"@graph\":[{\"@type\":\"WebPage\",\"@id\":\"https:\/\/www.hairuwear.com\/it\/product\/glamour-pix\/\",\"url\":\"https:\/\/www.hairuwear.com\/it\/product\/glamour-pix\/\",\"name\":\"Glamour Pix - HairUWear\",\"isPartOf\":{\"@id\":\"https:\/\/www.hairuwear.com\/nl\/#website\"},\"primaryImageOfPage\":{\"@id\":\"https:\/\/www.hairuwear.com\/it\/product\/glamour-pix\/#primaryimage\"},\"image\":{\"@id\":\"https:\/\/www.hairuwear.com\/it\/product\/glamour-pix\/#primaryimage\"},\"thumbnailUrl\":\"https:\/\/www.hairuwear.com\/wp-content\/uploads\/2023\/12\/HD-Glamour-Pix-Model-Fron-2-scaled.jpg\",\"datePublished\":\"2023-01-18T15:25:00+00:00\",\"dateModified\":\"2023-12-07T18:21:46+00:00\",\"description\":\"This short, layered pixie has a light, wispy texture that allows for multiple styling options from soft and subtle to spikey and piecey. The razor-cut sides and tapered neck make this a cool and easy choice.\",\"breadcrumb\":{\"@id\":\"https:\/\/www.hairuwear.com\/it\/product\/glamour-pix\/#breadcrumb\"},\"inLanguage\":\"de-DE\",\"potentialAction\":[{\"@type\":\"ReadAction\",\"target\":[\"https:\/\/www.hairuwear.com\/it\/product\/glamour-pix\/\"]}]},{\"@type\":\"ImageObject\",\"inLanguage\":\"de-DE\",\"@id\":\"https:\/\/www.hairuwear.com\/it\/product\/glamour-pix\/#primaryimage\",\"url\":\"https:\/\/www.hairuwear.com\/wp-content\/uploads\/2023\/12\/HD-Glamour-Pix-Model-Fron-2-scaled.jpg\",\"contentUrl\":\"https:\/\/www.hairuwear.com\/wp-content\/uploads\/2023\/12\/HD-Glamour-Pix-Model-Fron-2-scaled.jpg\",\"width\":2046,\"height\":2560,\"caption\":\"Glamour Pix in SS14\/88 Rooted Golden Wheat\"},{\"@type\":\"BreadcrumbList\",\"@id\":\"https:\/\/www.hairuwear.com\/it\/product\/glamour-pix\/#breadcrumb\",\"itemListElement\":[{\"@type\":\"ListItem\",\"position\":1,\"name\":\"Home\",\"item\":\"https:\/\/www.hairuwear.com\/\"},{\"@type\":\"ListItem\",\"position\":2,\"name\":\"Products &#038; Solutions\",\"item\":\"https:\/\/www.hairuwear.com\/es\/products-solutions\/\"},{\"@type\":\"ListItem\",\"position\":3,\"name\":\"Glamour Pix\"}]},{\"@type\":\"WebSite\",\"@id\":\"https:\/\/www.hairuwear.com\/nl\/#website\",\"url\":\"https:\/\/www.hairuwear.com\/nl\/\",\"name\":\"HairUWear\",\"description\":\"We inspire women and men throughout the world to see all the possibilities of alternative hair.\",\"publisher\":{\"@id\":\"https:\/\/www.hairuwear.com\/nl\/#organization\"},\"potentialAction\":[{\"@type\":\"SearchAction\",\"target\":{\"@type\":\"EntryPoint\",\"urlTemplate\":\"https:\/\/www.hairuwear.com\/nl\/?s={search_term_string}\"},\"query-input\":{\"@type\":\"PropertyValueSpecification\",\"valueRequired\":true,\"valueName\":\"search_term_string\"}}],\"inLanguage\":\"de-DE\"},{\"@type\":\"Organization\",\"@id\":\"https:\/\/www.hairuwear.com\/nl\/#organization\",\"name\":\"HairUWear\",\"url\":\"https:\/\/www.hairuwear.com\/nl\/\",\"logo\":{\"@type\":\"ImageObject\",\"inLanguage\":\"de-DE\",\"@id\":\"https:\/\/www.hairuwear.com\/nl\/#\/schema\/logo\/image\/\",\"url\":\"https:\/\/hairuwear.com\/wp-content\/uploads\/2024\/02\/HUW-logo-black-square.jpg\",\"contentUrl\":\"https:\/\/hairuwear.com\/wp-content\/uploads\/2024\/02\/HUW-logo-black-square.jpg\",\"width\":1000,\"height\":1000,\"caption\":\"HairUWear\"},\"image\":{\"@id\":\"https:\/\/www.hairuwear.com\/nl\/#\/schema\/logo\/image\/\"},\"sameAs\":[\"https:\/\/www.facebook.com\/HairUWearINC\",\"https:\/\/www.instagram.com\/hairuwear_inc\/\",\"https:\/\/www.youtube.com\/channel\/UCooHA3ZvNM3CfbjxHAUUZlg\",\"https:\/\/www.linkedin.com\/company\/hairuwear\/\",\"https:\/\/www.pinterest.com\/hairuwear\/?invite_code=060417bbf4384977ac59e5e49e9e2f4a\"]}]}<\/script>\n<!-- \/ Yoast SEO plugin. -->","yoast_head_json":{"title":"Glamour Pix - HairUWear","description":"This short, layered pixie has a light, wispy texture that allows for multiple styling options from soft and subtle to spikey and piecey. The razor-cut sides and tapered neck make this a cool and easy choice.","robots":{"index":"index","follow":"follow","max-snippet":"max-snippet:-1","max-image-preview":"max-image-preview:large","max-video-preview":"max-video-preview:-1"},"canonical":"https:\/\/www.hairuwear.com\/de\/product\/glamour-pix\/","og_locale":"de_DE","og_type":"article","og_title":"Glamour Pix - HairUWear","og_description":"This short, layered pixie has a light, wispy texture that allows for multiple styling options from soft and subtle to spikey and piecey. The razor-cut sides and tapered neck make this a cool and easy choice.","og_url":"https:\/\/www.hairuwear.com\/de\/product\/glamour-pix\/","og_site_name":"HairUWear","article_publisher":"https:\/\/www.facebook.com\/HairUWearINC","article_modified_time":"2023-12-07T18:21:46+00:00","og_image":[{"width":2046,"height":2560,"url":"https:\/\/www.hairuwear.com\/wp-content\/uploads\/2023\/12\/HD-Glamour-Pix-Model-Fron-2-scaled.jpg","type":"image\/jpeg"}],"twitter_card":"summary_large_image","twitter_misc":{"Est. reading time":"1 Minute"},"schema":{"@context":"https:\/\/schema.org","@graph":[{"@type":"WebPage","@id":"https:\/\/www.hairuwear.com\/it\/product\/glamour-pix\/","url":"https:\/\/www.hairuwear.com\/it\/product\/glamour-pix\/","name":"Glamour Pix - HairUWear","isPartOf":{"@id":"https:\/\/www.hairuwear.com\/nl\/#website"},"primaryImageOfPage":{"@id":"https:\/\/www.hairuwear.com\/it\/product\/glamour-pix\/#primaryimage"},"image":{"@id":"https:\/\/www.hairuwear.com\/it\/product\/glamour-pix\/#primaryimage"},"thumbnailUrl":"https:\/\/www.hairuwear.com\/wp-content\/uploads\/2023\/12\/HD-Glamour-Pix-Model-Fron-2-scaled.jpg","datePublished":"2023-01-18T15:25:00+00:00","dateModified":"2023-12-07T18:21:46+00:00","description":"This short, layered pixie has a light, wispy texture that allows for multiple styling options from soft and subtle to spikey and piecey. The razor-cut sides and tapered neck make this a cool and easy choice.","breadcrumb":{"@id":"https:\/\/www.hairuwear.com\/it\/product\/glamour-pix\/#breadcrumb"},"inLanguage":"de-DE","potentialAction":[{"@type":"ReadAction","target":["https:\/\/www.hairuwear.com\/it\/product\/glamour-pix\/"]}]},{"@type":"ImageObject","inLanguage":"de-DE","@id":"https:\/\/www.hairuwear.com\/it\/product\/glamour-pix\/#primaryimage","url":"https:\/\/www.hairuwear.com\/wp-content\/uploads\/2023\/12\/HD-Glamour-Pix-Model-Fron-2-scaled.jpg","contentUrl":"https:\/\/www.hairuwear.com\/wp-content\/uploads\/2023\/12\/HD-Glamour-Pix-Model-Fron-2-scaled.jpg","width":2046,"height":2560,"caption":"Glamour Pix in SS14\/88 Rooted Golden Wheat"},{"@type":"BreadcrumbList","@id":"https:\/\/www.hairuwear.com\/it\/product\/glamour-pix\/#breadcrumb","itemListElement":[{"@type":"ListItem","position":1,"name":"Home","item":"https:\/\/www.hairuwear.com\/"},{"@type":"ListItem","position":2,"name":"Products &#038; Solutions","item":"https:\/\/www.hairuwear.com\/es\/products-solutions\/"},{"@type":"ListItem","position":3,"name":"Glamour Pix"}]},{"@type":"WebSite","@id":"https:\/\/www.hairuwear.com\/nl\/#website","url":"https:\/\/www.hairuwear.com\/nl\/","name":"HairUWear","description":"We inspire women and men throughout the world to see all the possibilities of alternative hair.","publisher":{"@id":"https:\/\/www.hairuwear.com\/nl\/#organization"},"potentialAction":[{"@type":"SearchAction","target":{"@type":"EntryPoint","urlTemplate":"https:\/\/www.hairuwear.com\/nl\/?s={search_term_string}"},"query-input":{"@type":"PropertyValueSpecification","valueRequired":true,"valueName":"search_term_string"}}],"inLanguage":"de-DE"},{"@type":"Organization","@id":"https:\/\/www.hairuwear.com\/nl\/#organization","name":"HairUWear","url":"https:\/\/www.hairuwear.com\/nl\/","logo":{"@type":"ImageObject","inLanguage":"de-DE","@id":"https:\/\/www.hairuwear.com\/nl\/#\/schema\/logo\/image\/","url":"https:\/\/hairuwear.com\/wp-content\/uploads\/2024\/02\/HUW-logo-black-square.jpg","contentUrl":"https:\/\/hairuwear.com\/wp-content\/uploads\/2024\/02\/HUW-logo-black-square.jpg","width":1000,"height":1000,"caption":"HairUWear"},"image":{"@id":"https:\/\/www.hairuwear.com\/nl\/#\/schema\/logo\/image\/"},"sameAs":["https:\/\/www.facebook.com\/HairUWearINC","https:\/\/www.instagram.com\/hairuwear_inc\/","https:\/\/www.youtube.com\/channel\/UCooHA3ZvNM3CfbjxHAUUZlg","https:\/\/www.linkedin.com\/company\/hairuwear\/","https:\/\/www.pinterest.com\/hairuwear\/?invite_code=060417bbf4384977ac59e5e49e9e2f4a"]}]}},"_links":{"self":[{"href":"https:\/\/www.hairuwear.com\/de\/wp-json\/wp\/v2\/product\/90426","targetHints":{"allow":["GET"]}}],"collection":[{"href":"https:\/\/www.hairuwear.com\/de\/wp-json\/wp\/v2\/product"}],"about":[{"href":"https:\/\/www.hairuwear.com\/de\/wp-json\/wp\/v2\/types\/product"}],"version-history":[{"count":1,"href":"https:\/\/www.hairuwear.com\/de\/wp-json\/wp\/v2\/product\/90426\/revisions"}],"predecessor-version":[{"id":90427,"href":"https:\/\/www.hairuwear.com\/de\/wp-json\/wp\/v2\/product\/90426\/revisions\/90427"}],"wp:featuredmedia":[{"embeddable":true,"href":"https:\/\/www.hairuwear.com\/de\/wp-json\/wp\/v2\/media\/90428"}],"wp:attachment":[{"href":"https:\/\/www.hairuwear.com\/de\/wp-json\/wp\/v2\/media?parent=90426"}],"wp:term":[{"taxonomy":"product_brand","embeddable":true,"href":"https:\/\/www.hairuwear.com\/de\/wp-json\/wp\/v2\/product_brand?post=90426"},{"taxonomy":"product_cat","embeddable":true,"href":"https:\/\/www.hairuwear.com\/de\/wp-json\/wp\/v2\/product_cat?post=90426"},{"taxonomy":"product_tag","embeddable":true,"href":"https:\/\/www.hairuwear.com\/de\/wp-json\/wp\/v2\/product_tag?post=90426"}],"curies":[{"name":"wp","href":"https:\/\/api.w.org\/{rel}","templated":true}]}}