{"id":92306,"date":"2023-01-18T11:25:53","date_gmt":"2023-01-18T17:25:53","guid":{"rendered":"https:\/\/live-huw-2023.pantheonsite.io\/?post_type=product&#038;p=92306"},"modified":"2025-07-23T15:25:35","modified_gmt":"2025-07-23T20:25:35","slug":"18in-10-piece-remy-human-hair-kit","status":"publish","type":"product","link":"https:\/\/www.hairuwear.com\/de\/product\/18in-10-piece-remy-human-hair-kit\/","title":{"rendered":"18\u2033 10-teiliges Echthaar-Kit"},"content":{"rendered":"<div id=\"content-desktop\">\n<div id='gallery-1' class='gallery galleryid-92306 gallery-columns-6 gallery-size-full'><figure class='gallery-item'>\n\t\t\t<div class='gallery-icon landscape'>\n\t\t\t\t<img fetchpriority=\"high\" decoding=\"async\" width=\"350\" height=\"350\" src=\"https:\/\/www.hairuwear.com\/wp-content\/uploads\/2023\/06\/HD-Human-Hair-R5HH-Light-Reddish-Brown-swatch.jpg\" class=\"attachment-full size-full\" alt=\"R5HH Light Reddish Brown\" aria-describedby=\"gallery-1-46636\" \/>\n\t\t\t<\/div>\n\t\t\t\t<figcaption class='wp-caption-text gallery-caption' id='gallery-1-46636'>\n\t\t\t\tR5HH Light Reddish Brown\n\t\t\t\t<\/figcaption><\/figure><figure class='gallery-item'>\n\t\t\t<div class='gallery-icon landscape'>\n\t\t\t\t<img decoding=\"async\" width=\"350\" height=\"350\" src=\"https:\/\/www.hairuwear.com\/wp-content\/uploads\/2023\/05\/R6HH-Medium-Auburn-swatch.jpg\" class=\"attachment-full size-full\" alt=\"R6HH Medium Auburn\" aria-describedby=\"gallery-1-43791\" \/>\n\t\t\t<\/div>\n\t\t\t\t<figcaption class='wp-caption-text gallery-caption' id='gallery-1-43791'>\n\t\t\t\tR6HH Medium Auburn\n\t\t\t\t<\/figcaption><\/figure><figure class='gallery-item'>\n\t\t\t<div class='gallery-icon landscape'>\n\t\t\t\t<img decoding=\"async\" width=\"350\" height=\"350\" src=\"https:\/\/www.hairuwear.com\/wp-content\/uploads\/2023\/06\/HD-Human-Hair-R25-Ginger-Blonde.-swatch.jpg\" class=\"attachment-full size-full\" alt=\"R25 Ginger Blonde\" aria-describedby=\"gallery-1-46611\" \/>\n\t\t\t<\/div>\n\t\t\t\t<figcaption class='wp-caption-text gallery-caption' id='gallery-1-46611'>\n\t\t\t\tR25 Ginger Blonde\n\t\t\t\t<\/figcaption><\/figure>\n\t\t<\/div>\n\n<\/div>\n<div id=\"content-mobile\">\n<div id='gallery-2' class='gallery galleryid-92306 gallery-columns-3 gallery-size-thumbnail'><figure class='gallery-item'>\n\t\t\t<div class='gallery-icon landscape'>\n\t\t\t\t<img loading=\"lazy\" decoding=\"async\" width=\"150\" height=\"150\" src=\"https:\/\/www.hairuwear.com\/wp-content\/uploads\/2023\/06\/HD-Human-Hair-R5HH-Light-Reddish-Brown-swatch-150x150.jpg\" class=\"attachment-thumbnail size-thumbnail\" alt=\"R5HH Light Reddish Brown\" aria-describedby=\"gallery-2-46636\" \/>\n\t\t\t<\/div>\n\t\t\t\t<figcaption class='wp-caption-text gallery-caption' id='gallery-2-46636'>\n\t\t\t\tR5HH Light Reddish Brown\n\t\t\t\t<\/figcaption><\/figure><figure class='gallery-item'>\n\t\t\t<div class='gallery-icon landscape'>\n\t\t\t\t<img loading=\"lazy\" decoding=\"async\" width=\"150\" height=\"150\" src=\"https:\/\/www.hairuwear.com\/wp-content\/uploads\/2023\/05\/R6HH-Medium-Auburn-swatch-150x150.jpg\" class=\"attachment-thumbnail size-thumbnail\" alt=\"R6HH Medium Auburn\" aria-describedby=\"gallery-2-43791\" \/>\n\t\t\t<\/div>\n\t\t\t\t<figcaption class='wp-caption-text gallery-caption' id='gallery-2-43791'>\n\t\t\t\tR6HH Medium Auburn\n\t\t\t\t<\/figcaption><\/figure><figure class='gallery-item'>\n\t\t\t<div class='gallery-icon landscape'>\n\t\t\t\t<img loading=\"lazy\" decoding=\"async\" width=\"150\" height=\"150\" src=\"https:\/\/www.hairuwear.com\/wp-content\/uploads\/2023\/06\/HD-Human-Hair-R25-Ginger-Blonde.-swatch-150x150.jpg\" class=\"attachment-thumbnail size-thumbnail\" alt=\"R25 Ginger Blonde\" aria-describedby=\"gallery-2-46611\" \/>\n\t\t\t<\/div>\n\t\t\t\t<figcaption class='wp-caption-text gallery-caption' id='gallery-2-46611'>\n\t\t\t\tR25 Ginger Blonde\n\t\t\t\t<\/figcaption><\/figure>\n\t\t<\/div>\n\n<\/div>","protected":false},"excerpt":{"rendered":"<p>Mega luxuri\u00f6ses Volumen und wundersch\u00f6ne L\u00e4nge sind ein Kinderspiel mit diesem 10-teiligen Certified Authentic\u2122 100% Remy Echthaar-Kit. Erzielen Sie im Handumdrehen den Look teurer Haarverl\u00e4ngerungen aus dem Salon, ohne Kleber, Klebeband oder Verpflichtungen. Ob Sie Ihr Haar schneiden, locken oder glatt tragen, bleibt ganz Ihnen \u00fcberlassen! Eine ausf\u00fchrliche Styling- und Pflegeanleitung ist in jedem Set enthalten.<\/p>\n<hr \/>\n<p>Enth\u00e4lt zehn 18\u2033-St\u00fccke in diesen Breiten:<br \/>\n- Ein 8\" St\u00fcck<br \/>\n- Ein 7\"-St\u00fcck<br \/>\n- Zwei 6\"-St\u00fccke<br \/>\n- Zwei 4\"-St\u00fccke<br \/>\n- Vier 3\"-St\u00fccke<\/p>\n<hr \/>\n<p>Made with <a href=\"\/de\/hairdo\/hair-types\/#HD-HH\" target=\"_blank\" rel=\"noopener\">100% Remy Echthaar<\/a> that boasts the most natural look and feel as well as incredible ease of styling.<\/p>\n<hr \/>\n<p>Watch the <a href=\"https:\/\/youtu.be\/tiaeh83gwVQ\" target=\"_blank\" rel=\"noopener\">How To: Clip-In Extension Kit video<\/a>!<\/p>","protected":false},"featured_media":92300,"template":"","meta":[],"product_brand":[161],"product_cat":[209,174,178],"product_tag":[],"class_list":{"0":"post-92306","1":"product","2":"type-product","3":"status-publish","4":"has-post-thumbnail","6":"product_brand-hairdo","7":"product_cat-view-all","8":"product_cat-hairdo","9":"product_cat-hd-hair-extensions","10":"pa_application-type-ready-to-wear","11":"pa_brand-hairdo","12":"pa_categories-extensions","13":"pa_color-family-blonde","14":"pa_color-family-red","15":"pa_department-women","16":"pa_discontinued-discontinued","17":"pa_hair-type-human-hair","18":"pa_hair-type-remy-human-hair","21":"first","22":"instock","23":"shipping-taxable","24":"product-type-simple"},"yoast_head":"<!-- This site is optimized with the Yoast SEO plugin v25.3.1 - https:\/\/yoast.com\/wordpress\/plugins\/seo\/ -->\n<title>18&quot; 10-Piece Remy Human Hair Kit - HairUWear<\/title>\n<meta name=\"description\" content=\"Mega luxe volume and gorgeous length are a snap with this 10-piece Certified Authentic\u2122 100% Remy human hair kit. Instantly achieve the look of expensive salon extensions without glue, tape or commitment.\" \/>\n<meta name=\"robots\" content=\"index, follow, max-snippet:-1, max-image-preview:large, max-video-preview:-1\" \/>\n<link rel=\"canonical\" href=\"https:\/\/www.hairuwear.com\/de\/product\/18in-10-piece-remy-human-hair-kit\/\" \/>\n<meta property=\"og:locale\" content=\"de_DE\" \/>\n<meta property=\"og:type\" content=\"article\" \/>\n<meta property=\"og:title\" content=\"18&quot; 10-Piece Remy Human Hair Kit - HairUWear\" \/>\n<meta property=\"og:description\" content=\"Mega luxe volume and gorgeous length are a snap with this 10-piece Certified Authentic\u2122 100% Remy human hair kit. Instantly achieve the look of expensive salon extensions without glue, tape or commitment.\" \/>\n<meta property=\"og:url\" content=\"https:\/\/www.hairuwear.com\/de\/product\/18in-10-piece-remy-human-hair-kit\/\" \/>\n<meta property=\"og:site_name\" content=\"HairUWear\" \/>\n<meta property=\"article:publisher\" content=\"https:\/\/www.facebook.com\/HairUWearINC\" \/>\n<meta property=\"article:modified_time\" content=\"2025-07-23T20:25:35+00:00\" \/>\n<meta property=\"og:image\" content=\"https:\/\/www.hairuwear.com\/wp-content\/uploads\/2023\/12\/HD-18in-10-Piece-Remy-Human-Hair-Kit-Model-Front-1-scaled.jpg\" \/>\n\t<meta property=\"og:image:width\" content=\"2045\" \/>\n\t<meta property=\"og:image:height\" content=\"2560\" \/>\n\t<meta property=\"og:image:type\" content=\"image\/jpeg\" \/>\n<meta name=\"twitter:card\" content=\"summary_large_image\" \/>\n<meta name=\"twitter:label1\" content=\"Est. reading time\" \/>\n\t<meta name=\"twitter:data1\" content=\"1 Minute\" \/>\n<script type=\"application\/ld+json\" class=\"yoast-schema-graph\">{\"@context\":\"https:\/\/schema.org\",\"@graph\":[{\"@type\":\"WebPage\",\"@id\":\"https:\/\/www.hairuwear.com\/it\/product\/18in-10-piece-remy-human-hair-kit\/\",\"url\":\"https:\/\/www.hairuwear.com\/it\/product\/18in-10-piece-remy-human-hair-kit\/\",\"name\":\"18\\\" 10-Piece Remy Human Hair Kit - HairUWear\",\"isPartOf\":{\"@id\":\"https:\/\/www.hairuwear.com\/nl\/#website\"},\"primaryImageOfPage\":{\"@id\":\"https:\/\/www.hairuwear.com\/it\/product\/18in-10-piece-remy-human-hair-kit\/#primaryimage\"},\"image\":{\"@id\":\"https:\/\/www.hairuwear.com\/it\/product\/18in-10-piece-remy-human-hair-kit\/#primaryimage\"},\"thumbnailUrl\":\"https:\/\/www.hairuwear.com\/wp-content\/uploads\/2023\/12\/HD-18in-10-Piece-Remy-Human-Hair-Kit-Model-Front-1-scaled.jpg\",\"datePublished\":\"2023-01-18T17:25:53+00:00\",\"dateModified\":\"2025-07-23T20:25:35+00:00\",\"description\":\"Mega luxe volume and gorgeous length are a snap with this 10-piece Certified Authentic\u2122 100% Remy human hair kit. Instantly achieve the look of expensive salon extensions without glue, tape or commitment.\",\"breadcrumb\":{\"@id\":\"https:\/\/www.hairuwear.com\/it\/product\/18in-10-piece-remy-human-hair-kit\/#breadcrumb\"},\"inLanguage\":\"de-DE\",\"potentialAction\":[{\"@type\":\"ReadAction\",\"target\":[\"https:\/\/www.hairuwear.com\/it\/product\/18in-10-piece-remy-human-hair-kit\/\"]}]},{\"@type\":\"ImageObject\",\"inLanguage\":\"de-DE\",\"@id\":\"https:\/\/www.hairuwear.com\/it\/product\/18in-10-piece-remy-human-hair-kit\/#primaryimage\",\"url\":\"https:\/\/www.hairuwear.com\/wp-content\/uploads\/2023\/12\/HD-18in-10-Piece-Remy-Human-Hair-Kit-Model-Front-1-scaled.jpg\",\"contentUrl\":\"https:\/\/www.hairuwear.com\/wp-content\/uploads\/2023\/12\/HD-18in-10-Piece-Remy-Human-Hair-Kit-Model-Front-1-scaled.jpg\",\"width\":2045,\"height\":2560,\"caption\":\"18\\\" 10-Piece Remy Human Hair Kit in R25 Ginger Blonde\"},{\"@type\":\"BreadcrumbList\",\"@id\":\"https:\/\/www.hairuwear.com\/it\/product\/18in-10-piece-remy-human-hair-kit\/#breadcrumb\",\"itemListElement\":[{\"@type\":\"ListItem\",\"position\":1,\"name\":\"Home\",\"item\":\"https:\/\/www.hairuwear.com\/\"},{\"@type\":\"ListItem\",\"position\":2,\"name\":\"Products &#038; Solutions\",\"item\":\"https:\/\/www.hairuwear.com\/es\/products-solutions\/\"},{\"@type\":\"ListItem\",\"position\":3,\"name\":\"18&#8243; 10-Piece Remy Human Hair Kit\"}]},{\"@type\":\"WebSite\",\"@id\":\"https:\/\/www.hairuwear.com\/nl\/#website\",\"url\":\"https:\/\/www.hairuwear.com\/nl\/\",\"name\":\"HairUWear\",\"description\":\"We inspire women and men throughout the world to see all the possibilities of alternative hair.\",\"publisher\":{\"@id\":\"https:\/\/www.hairuwear.com\/nl\/#organization\"},\"potentialAction\":[{\"@type\":\"SearchAction\",\"target\":{\"@type\":\"EntryPoint\",\"urlTemplate\":\"https:\/\/www.hairuwear.com\/nl\/?s={search_term_string}\"},\"query-input\":{\"@type\":\"PropertyValueSpecification\",\"valueRequired\":true,\"valueName\":\"search_term_string\"}}],\"inLanguage\":\"de-DE\"},{\"@type\":\"Organization\",\"@id\":\"https:\/\/www.hairuwear.com\/nl\/#organization\",\"name\":\"HairUWear\",\"url\":\"https:\/\/www.hairuwear.com\/nl\/\",\"logo\":{\"@type\":\"ImageObject\",\"inLanguage\":\"de-DE\",\"@id\":\"https:\/\/www.hairuwear.com\/nl\/#\/schema\/logo\/image\/\",\"url\":\"https:\/\/hairuwear.com\/wp-content\/uploads\/2024\/02\/HUW-logo-black-square.jpg\",\"contentUrl\":\"https:\/\/hairuwear.com\/wp-content\/uploads\/2024\/02\/HUW-logo-black-square.jpg\",\"width\":1000,\"height\":1000,\"caption\":\"HairUWear\"},\"image\":{\"@id\":\"https:\/\/www.hairuwear.com\/nl\/#\/schema\/logo\/image\/\"},\"sameAs\":[\"https:\/\/www.facebook.com\/HairUWearINC\",\"https:\/\/www.instagram.com\/hairuwear_inc\/\",\"https:\/\/www.youtube.com\/channel\/UCooHA3ZvNM3CfbjxHAUUZlg\",\"https:\/\/www.linkedin.com\/company\/hairuwear\/\",\"https:\/\/www.pinterest.com\/hairuwear\/?invite_code=060417bbf4384977ac59e5e49e9e2f4a\"]}]}<\/script>\n<!-- \/ Yoast SEO plugin. -->","yoast_head_json":{"title":"18\" 10-Piece Remy Human Hair Kit - HairUWear","description":"Mega luxe volume and gorgeous length are a snap with this 10-piece Certified Authentic\u2122 100% Remy human hair kit. Instantly achieve the look of expensive salon extensions without glue, tape or commitment.","robots":{"index":"index","follow":"follow","max-snippet":"max-snippet:-1","max-image-preview":"max-image-preview:large","max-video-preview":"max-video-preview:-1"},"canonical":"https:\/\/www.hairuwear.com\/de\/product\/18in-10-piece-remy-human-hair-kit\/","og_locale":"de_DE","og_type":"article","og_title":"18\" 10-Piece Remy Human Hair Kit - HairUWear","og_description":"Mega luxe volume and gorgeous length are a snap with this 10-piece Certified Authentic\u2122 100% Remy human hair kit. Instantly achieve the look of expensive salon extensions without glue, tape or commitment.","og_url":"https:\/\/www.hairuwear.com\/de\/product\/18in-10-piece-remy-human-hair-kit\/","og_site_name":"HairUWear","article_publisher":"https:\/\/www.facebook.com\/HairUWearINC","article_modified_time":"2025-07-23T20:25:35+00:00","og_image":[{"width":2045,"height":2560,"url":"https:\/\/www.hairuwear.com\/wp-content\/uploads\/2023\/12\/HD-18in-10-Piece-Remy-Human-Hair-Kit-Model-Front-1-scaled.jpg","type":"image\/jpeg"}],"twitter_card":"summary_large_image","twitter_misc":{"Est. reading time":"1 Minute"},"schema":{"@context":"https:\/\/schema.org","@graph":[{"@type":"WebPage","@id":"https:\/\/www.hairuwear.com\/it\/product\/18in-10-piece-remy-human-hair-kit\/","url":"https:\/\/www.hairuwear.com\/it\/product\/18in-10-piece-remy-human-hair-kit\/","name":"18\" 10-Piece Remy Human Hair Kit - HairUWear","isPartOf":{"@id":"https:\/\/www.hairuwear.com\/nl\/#website"},"primaryImageOfPage":{"@id":"https:\/\/www.hairuwear.com\/it\/product\/18in-10-piece-remy-human-hair-kit\/#primaryimage"},"image":{"@id":"https:\/\/www.hairuwear.com\/it\/product\/18in-10-piece-remy-human-hair-kit\/#primaryimage"},"thumbnailUrl":"https:\/\/www.hairuwear.com\/wp-content\/uploads\/2023\/12\/HD-18in-10-Piece-Remy-Human-Hair-Kit-Model-Front-1-scaled.jpg","datePublished":"2023-01-18T17:25:53+00:00","dateModified":"2025-07-23T20:25:35+00:00","description":"Mega luxe volume and gorgeous length are a snap with this 10-piece Certified Authentic\u2122 100% Remy human hair kit. Instantly achieve the look of expensive salon extensions without glue, tape or commitment.","breadcrumb":{"@id":"https:\/\/www.hairuwear.com\/it\/product\/18in-10-piece-remy-human-hair-kit\/#breadcrumb"},"inLanguage":"de-DE","potentialAction":[{"@type":"ReadAction","target":["https:\/\/www.hairuwear.com\/it\/product\/18in-10-piece-remy-human-hair-kit\/"]}]},{"@type":"ImageObject","inLanguage":"de-DE","@id":"https:\/\/www.hairuwear.com\/it\/product\/18in-10-piece-remy-human-hair-kit\/#primaryimage","url":"https:\/\/www.hairuwear.com\/wp-content\/uploads\/2023\/12\/HD-18in-10-Piece-Remy-Human-Hair-Kit-Model-Front-1-scaled.jpg","contentUrl":"https:\/\/www.hairuwear.com\/wp-content\/uploads\/2023\/12\/HD-18in-10-Piece-Remy-Human-Hair-Kit-Model-Front-1-scaled.jpg","width":2045,"height":2560,"caption":"18\" 10-Piece Remy Human Hair Kit in R25 Ginger Blonde"},{"@type":"BreadcrumbList","@id":"https:\/\/www.hairuwear.com\/it\/product\/18in-10-piece-remy-human-hair-kit\/#breadcrumb","itemListElement":[{"@type":"ListItem","position":1,"name":"Home","item":"https:\/\/www.hairuwear.com\/"},{"@type":"ListItem","position":2,"name":"Products &#038; Solutions","item":"https:\/\/www.hairuwear.com\/es\/products-solutions\/"},{"@type":"ListItem","position":3,"name":"18&#8243; 10-Piece Remy Human Hair Kit"}]},{"@type":"WebSite","@id":"https:\/\/www.hairuwear.com\/nl\/#website","url":"https:\/\/www.hairuwear.com\/nl\/","name":"HairUWear","description":"We inspire women and men throughout the world to see all the possibilities of alternative hair.","publisher":{"@id":"https:\/\/www.hairuwear.com\/nl\/#organization"},"potentialAction":[{"@type":"SearchAction","target":{"@type":"EntryPoint","urlTemplate":"https:\/\/www.hairuwear.com\/nl\/?s={search_term_string}"},"query-input":{"@type":"PropertyValueSpecification","valueRequired":true,"valueName":"search_term_string"}}],"inLanguage":"de-DE"},{"@type":"Organization","@id":"https:\/\/www.hairuwear.com\/nl\/#organization","name":"HairUWear","url":"https:\/\/www.hairuwear.com\/nl\/","logo":{"@type":"ImageObject","inLanguage":"de-DE","@id":"https:\/\/www.hairuwear.com\/nl\/#\/schema\/logo\/image\/","url":"https:\/\/hairuwear.com\/wp-content\/uploads\/2024\/02\/HUW-logo-black-square.jpg","contentUrl":"https:\/\/hairuwear.com\/wp-content\/uploads\/2024\/02\/HUW-logo-black-square.jpg","width":1000,"height":1000,"caption":"HairUWear"},"image":{"@id":"https:\/\/www.hairuwear.com\/nl\/#\/schema\/logo\/image\/"},"sameAs":["https:\/\/www.facebook.com\/HairUWearINC","https:\/\/www.instagram.com\/hairuwear_inc\/","https:\/\/www.youtube.com\/channel\/UCooHA3ZvNM3CfbjxHAUUZlg","https:\/\/www.linkedin.com\/company\/hairuwear\/","https:\/\/www.pinterest.com\/hairuwear\/?invite_code=060417bbf4384977ac59e5e49e9e2f4a"]}]}},"_links":{"self":[{"href":"https:\/\/www.hairuwear.com\/de\/wp-json\/wp\/v2\/product\/92306","targetHints":{"allow":["GET"]}}],"collection":[{"href":"https:\/\/www.hairuwear.com\/de\/wp-json\/wp\/v2\/product"}],"about":[{"href":"https:\/\/www.hairuwear.com\/de\/wp-json\/wp\/v2\/types\/product"}],"version-history":[{"count":2,"href":"https:\/\/www.hairuwear.com\/de\/wp-json\/wp\/v2\/product\/92306\/revisions"}],"predecessor-version":[{"id":262916,"href":"https:\/\/www.hairuwear.com\/de\/wp-json\/wp\/v2\/product\/92306\/revisions\/262916"}],"wp:featuredmedia":[{"embeddable":true,"href":"https:\/\/www.hairuwear.com\/de\/wp-json\/wp\/v2\/media\/92300"}],"wp:attachment":[{"href":"https:\/\/www.hairuwear.com\/de\/wp-json\/wp\/v2\/media?parent=92306"}],"wp:term":[{"taxonomy":"product_brand","embeddable":true,"href":"https:\/\/www.hairuwear.com\/de\/wp-json\/wp\/v2\/product_brand?post=92306"},{"taxonomy":"product_cat","embeddable":true,"href":"https:\/\/www.hairuwear.com\/de\/wp-json\/wp\/v2\/product_cat?post=92306"},{"taxonomy":"product_tag","embeddable":true,"href":"https:\/\/www.hairuwear.com\/de\/wp-json\/wp\/v2\/product_tag?post=92306"}],"curies":[{"name":"wp","href":"https:\/\/api.w.org\/{rel}","templated":true}]}}