{"id":38747,"date":"2023-01-06T11:12:04","date_gmt":"2023-01-06T17:12:04","guid":{"rendered":"https:\/\/live-huw-2023.pantheonsite.io\/?post_type=product&#038;p=38747"},"modified":"2023-09-20T12:06:50","modified_gmt":"2023-09-20T17:06:50","slug":"hairuwear-steamer","status":"publish","type":"product","link":"https:\/\/www.hairuwear.com\/es\/product\/hairuwear-steamer\/","title":{"rendered":"HairUWear\u00ae Steamer"},"content":{"rendered":"","protected":false},"excerpt":{"rendered":"<p>S\u00f3lo para uso profesional, este vaporizador es ideal para remodelar pelucas y postizos de cabello sint\u00e9tico y humano. F\u00e1cil de usar y ligero, este vaporizador compacto y port\u00e1til cuenta con un dep\u00f3sito de agua de 4,7 oz. para prolongar el tiempo de vaporizaci\u00f3n. Instrucciones incluidas.<\/p>\n<hr \/>\n<p>900 vatios \/ AC 120V \/ ETL Listed.<\/p>","protected":false},"featured_media":38750,"template":"","meta":[],"product_brand":[],"product_cat":[293,209],"product_tag":[],"class_list":{"0":"post-38747","1":"product","2":"type-product","3":"status-publish","4":"has-post-thumbnail","6":"product_cat-for-professionals","7":"product_cat-view-all","8":"pa_categories-styling-and-care-products","11":"first","12":"instock","13":"shipping-taxable","14":"product-type-simple"},"yoast_head":"<!-- This site is optimized with the Yoast SEO plugin v25.3.1 - https:\/\/yoast.com\/wordpress\/plugins\/seo\/ -->\n<title>HairUWear\u00ae Steamer - HairUWear<\/title>\n<meta name=\"description\" content=\"For professional use only, this steamer is ideal for restyling synthetic and human hair wigs and hairpieces. Both easy to use and lightweight in design, this compact and portable steamer features a 4.7 oz. water reservoir for extended steaming time. Instructions included.\" \/>\n<meta name=\"robots\" content=\"index, follow, max-snippet:-1, max-image-preview:large, max-video-preview:-1\" \/>\n<link rel=\"canonical\" href=\"https:\/\/www.hairuwear.com\/es\/product\/hairuwear-steamer\/\" \/>\n<meta property=\"og:locale\" content=\"es_MX\" \/>\n<meta property=\"og:type\" content=\"article\" \/>\n<meta property=\"og:title\" content=\"HairUWear\u00ae Steamer - HairUWear\" \/>\n<meta property=\"og:description\" content=\"For professional use only, this steamer is ideal for restyling synthetic and human hair wigs and hairpieces. Both easy to use and lightweight in design, this compact and portable steamer features a 4.7 oz. water reservoir for extended steaming time. Instructions included.\" \/>\n<meta property=\"og:url\" content=\"https:\/\/www.hairuwear.com\/es\/product\/hairuwear-steamer\/\" \/>\n<meta property=\"og:site_name\" content=\"HairUWear\" \/>\n<meta property=\"article:publisher\" content=\"https:\/\/www.facebook.com\/HairUWearINC\" \/>\n<meta property=\"article:modified_time\" content=\"2023-09-20T17:06:50+00:00\" \/>\n<meta property=\"og:image\" content=\"https:\/\/www.hairuwear.com\/wp-content\/uploads\/2023\/01\/GB-HairUWear-Steamer-1-scaled.jpg\" \/>\n\t<meta property=\"og:image:width\" content=\"2046\" \/>\n\t<meta property=\"og:image:height\" content=\"2560\" \/>\n\t<meta property=\"og:image:type\" content=\"image\/jpeg\" \/>\n<meta name=\"twitter:card\" content=\"summary_large_image\" \/>\n<script type=\"application\/ld+json\" class=\"yoast-schema-graph\">{\"@context\":\"https:\/\/schema.org\",\"@graph\":[{\"@type\":\"WebPage\",\"@id\":\"https:\/\/www.hairuwear.com\/nl\/product\/hairuwear-steamer\/\",\"url\":\"https:\/\/www.hairuwear.com\/nl\/product\/hairuwear-steamer\/\",\"name\":\"HairUWear\u00ae Steamer - HairUWear\",\"isPartOf\":{\"@id\":\"https:\/\/www.hairuwear.com\/nl\/#website\"},\"primaryImageOfPage\":{\"@id\":\"https:\/\/www.hairuwear.com\/nl\/product\/hairuwear-steamer\/#primaryimage\"},\"image\":{\"@id\":\"https:\/\/www.hairuwear.com\/nl\/product\/hairuwear-steamer\/#primaryimage\"},\"thumbnailUrl\":\"https:\/\/www.hairuwear.com\/wp-content\/uploads\/2023\/01\/GB-HairUWear-Steamer-1-scaled.jpg\",\"datePublished\":\"2023-01-06T17:12:04+00:00\",\"dateModified\":\"2023-09-20T17:06:50+00:00\",\"description\":\"For professional use only, this steamer is ideal for restyling synthetic and human hair wigs and hairpieces. Both easy to use and lightweight in design, this compact and portable steamer features a 4.7 oz. water reservoir for extended steaming time. Instructions included.\",\"breadcrumb\":{\"@id\":\"https:\/\/www.hairuwear.com\/nl\/product\/hairuwear-steamer\/#breadcrumb\"},\"inLanguage\":\"es-MX\",\"potentialAction\":[{\"@type\":\"ReadAction\",\"target\":[\"https:\/\/www.hairuwear.com\/nl\/product\/hairuwear-steamer\/\"]}]},{\"@type\":\"ImageObject\",\"inLanguage\":\"es-MX\",\"@id\":\"https:\/\/www.hairuwear.com\/nl\/product\/hairuwear-steamer\/#primaryimage\",\"url\":\"https:\/\/www.hairuwear.com\/wp-content\/uploads\/2023\/01\/GB-HairUWear-Steamer-1-scaled.jpg\",\"contentUrl\":\"https:\/\/www.hairuwear.com\/wp-content\/uploads\/2023\/01\/GB-HairUWear-Steamer-1-scaled.jpg\",\"width\":2046,\"height\":2560,\"caption\":\"HairUWear\u00ae Steamer\"},{\"@type\":\"BreadcrumbList\",\"@id\":\"https:\/\/www.hairuwear.com\/nl\/product\/hairuwear-steamer\/#breadcrumb\",\"itemListElement\":[{\"@type\":\"ListItem\",\"position\":1,\"name\":\"Home\",\"item\":\"https:\/\/www.hairuwear.com\/\"},{\"@type\":\"ListItem\",\"position\":2,\"name\":\"Products &#038; Solutions\",\"item\":\"https:\/\/www.hairuwear.com\/es\/products-solutions\/\"},{\"@type\":\"ListItem\",\"position\":3,\"name\":\"HairUWear\u00ae Steamer\"}]},{\"@type\":\"WebSite\",\"@id\":\"https:\/\/www.hairuwear.com\/nl\/#website\",\"url\":\"https:\/\/www.hairuwear.com\/nl\/\",\"name\":\"HairUWear\",\"description\":\"We inspire women and men throughout the world to see all the possibilities of alternative hair.\",\"publisher\":{\"@id\":\"https:\/\/www.hairuwear.com\/nl\/#organization\"},\"potentialAction\":[{\"@type\":\"SearchAction\",\"target\":{\"@type\":\"EntryPoint\",\"urlTemplate\":\"https:\/\/www.hairuwear.com\/nl\/?s={search_term_string}\"},\"query-input\":{\"@type\":\"PropertyValueSpecification\",\"valueRequired\":true,\"valueName\":\"search_term_string\"}}],\"inLanguage\":\"es-MX\"},{\"@type\":\"Organization\",\"@id\":\"https:\/\/www.hairuwear.com\/nl\/#organization\",\"name\":\"HairUWear\",\"url\":\"https:\/\/www.hairuwear.com\/nl\/\",\"logo\":{\"@type\":\"ImageObject\",\"inLanguage\":\"es-MX\",\"@id\":\"https:\/\/www.hairuwear.com\/nl\/#\/schema\/logo\/image\/\",\"url\":\"https:\/\/hairuwear.com\/wp-content\/uploads\/2024\/02\/HUW-logo-black-square.jpg\",\"contentUrl\":\"https:\/\/hairuwear.com\/wp-content\/uploads\/2024\/02\/HUW-logo-black-square.jpg\",\"width\":1000,\"height\":1000,\"caption\":\"HairUWear\"},\"image\":{\"@id\":\"https:\/\/www.hairuwear.com\/nl\/#\/schema\/logo\/image\/\"},\"sameAs\":[\"https:\/\/www.facebook.com\/HairUWearINC\",\"https:\/\/www.instagram.com\/hairuwear_inc\/\",\"https:\/\/www.youtube.com\/channel\/UCooHA3ZvNM3CfbjxHAUUZlg\",\"https:\/\/www.linkedin.com\/company\/hairuwear\/\",\"https:\/\/www.pinterest.com\/hairuwear\/?invite_code=060417bbf4384977ac59e5e49e9e2f4a\"]}]}<\/script>\n<!-- \/ Yoast SEO plugin. -->","yoast_head_json":{"title":"HairUWear\u00ae Steamer - HairUWear","description":"For professional use only, this steamer is ideal for restyling synthetic and human hair wigs and hairpieces. Both easy to use and lightweight in design, this compact and portable steamer features a 4.7 oz. water reservoir for extended steaming time. Instructions included.","robots":{"index":"index","follow":"follow","max-snippet":"max-snippet:-1","max-image-preview":"max-image-preview:large","max-video-preview":"max-video-preview:-1"},"canonical":"https:\/\/www.hairuwear.com\/es\/product\/hairuwear-steamer\/","og_locale":"es_MX","og_type":"article","og_title":"HairUWear\u00ae Steamer - HairUWear","og_description":"For professional use only, this steamer is ideal for restyling synthetic and human hair wigs and hairpieces. Both easy to use and lightweight in design, this compact and portable steamer features a 4.7 oz. water reservoir for extended steaming time. Instructions included.","og_url":"https:\/\/www.hairuwear.com\/es\/product\/hairuwear-steamer\/","og_site_name":"HairUWear","article_publisher":"https:\/\/www.facebook.com\/HairUWearINC","article_modified_time":"2023-09-20T17:06:50+00:00","og_image":[{"width":2046,"height":2560,"url":"https:\/\/www.hairuwear.com\/wp-content\/uploads\/2023\/01\/GB-HairUWear-Steamer-1-scaled.jpg","type":"image\/jpeg"}],"twitter_card":"summary_large_image","schema":{"@context":"https:\/\/schema.org","@graph":[{"@type":"WebPage","@id":"https:\/\/www.hairuwear.com\/nl\/product\/hairuwear-steamer\/","url":"https:\/\/www.hairuwear.com\/nl\/product\/hairuwear-steamer\/","name":"HairUWear\u00ae Steamer - HairUWear","isPartOf":{"@id":"https:\/\/www.hairuwear.com\/nl\/#website"},"primaryImageOfPage":{"@id":"https:\/\/www.hairuwear.com\/nl\/product\/hairuwear-steamer\/#primaryimage"},"image":{"@id":"https:\/\/www.hairuwear.com\/nl\/product\/hairuwear-steamer\/#primaryimage"},"thumbnailUrl":"https:\/\/www.hairuwear.com\/wp-content\/uploads\/2023\/01\/GB-HairUWear-Steamer-1-scaled.jpg","datePublished":"2023-01-06T17:12:04+00:00","dateModified":"2023-09-20T17:06:50+00:00","description":"For professional use only, this steamer is ideal for restyling synthetic and human hair wigs and hairpieces. Both easy to use and lightweight in design, this compact and portable steamer features a 4.7 oz. water reservoir for extended steaming time. Instructions included.","breadcrumb":{"@id":"https:\/\/www.hairuwear.com\/nl\/product\/hairuwear-steamer\/#breadcrumb"},"inLanguage":"es-MX","potentialAction":[{"@type":"ReadAction","target":["https:\/\/www.hairuwear.com\/nl\/product\/hairuwear-steamer\/"]}]},{"@type":"ImageObject","inLanguage":"es-MX","@id":"https:\/\/www.hairuwear.com\/nl\/product\/hairuwear-steamer\/#primaryimage","url":"https:\/\/www.hairuwear.com\/wp-content\/uploads\/2023\/01\/GB-HairUWear-Steamer-1-scaled.jpg","contentUrl":"https:\/\/www.hairuwear.com\/wp-content\/uploads\/2023\/01\/GB-HairUWear-Steamer-1-scaled.jpg","width":2046,"height":2560,"caption":"HairUWear\u00ae Steamer"},{"@type":"BreadcrumbList","@id":"https:\/\/www.hairuwear.com\/nl\/product\/hairuwear-steamer\/#breadcrumb","itemListElement":[{"@type":"ListItem","position":1,"name":"Home","item":"https:\/\/www.hairuwear.com\/"},{"@type":"ListItem","position":2,"name":"Products &#038; Solutions","item":"https:\/\/www.hairuwear.com\/es\/products-solutions\/"},{"@type":"ListItem","position":3,"name":"HairUWear\u00ae Steamer"}]},{"@type":"WebSite","@id":"https:\/\/www.hairuwear.com\/nl\/#website","url":"https:\/\/www.hairuwear.com\/nl\/","name":"HairUWear","description":"We inspire women and men throughout the world to see all the possibilities of alternative hair.","publisher":{"@id":"https:\/\/www.hairuwear.com\/nl\/#organization"},"potentialAction":[{"@type":"SearchAction","target":{"@type":"EntryPoint","urlTemplate":"https:\/\/www.hairuwear.com\/nl\/?s={search_term_string}"},"query-input":{"@type":"PropertyValueSpecification","valueRequired":true,"valueName":"search_term_string"}}],"inLanguage":"es-MX"},{"@type":"Organization","@id":"https:\/\/www.hairuwear.com\/nl\/#organization","name":"HairUWear","url":"https:\/\/www.hairuwear.com\/nl\/","logo":{"@type":"ImageObject","inLanguage":"es-MX","@id":"https:\/\/www.hairuwear.com\/nl\/#\/schema\/logo\/image\/","url":"https:\/\/hairuwear.com\/wp-content\/uploads\/2024\/02\/HUW-logo-black-square.jpg","contentUrl":"https:\/\/hairuwear.com\/wp-content\/uploads\/2024\/02\/HUW-logo-black-square.jpg","width":1000,"height":1000,"caption":"HairUWear"},"image":{"@id":"https:\/\/www.hairuwear.com\/nl\/#\/schema\/logo\/image\/"},"sameAs":["https:\/\/www.facebook.com\/HairUWearINC","https:\/\/www.instagram.com\/hairuwear_inc\/","https:\/\/www.youtube.com\/channel\/UCooHA3ZvNM3CfbjxHAUUZlg","https:\/\/www.linkedin.com\/company\/hairuwear\/","https:\/\/www.pinterest.com\/hairuwear\/?invite_code=060417bbf4384977ac59e5e49e9e2f4a"]}]}},"_links":{"self":[{"href":"https:\/\/www.hairuwear.com\/es\/wp-json\/wp\/v2\/product\/38747","targetHints":{"allow":["GET"]}}],"collection":[{"href":"https:\/\/www.hairuwear.com\/es\/wp-json\/wp\/v2\/product"}],"about":[{"href":"https:\/\/www.hairuwear.com\/es\/wp-json\/wp\/v2\/types\/product"}],"version-history":[{"count":1,"href":"https:\/\/www.hairuwear.com\/es\/wp-json\/wp\/v2\/product\/38747\/revisions"}],"predecessor-version":[{"id":38749,"href":"https:\/\/www.hairuwear.com\/es\/wp-json\/wp\/v2\/product\/38747\/revisions\/38749"}],"wp:featuredmedia":[{"embeddable":true,"href":"https:\/\/www.hairuwear.com\/es\/wp-json\/wp\/v2\/media\/38750"}],"wp:attachment":[{"href":"https:\/\/www.hairuwear.com\/es\/wp-json\/wp\/v2\/media?parent=38747"}],"wp:term":[{"taxonomy":"product_brand","embeddable":true,"href":"https:\/\/www.hairuwear.com\/es\/wp-json\/wp\/v2\/product_brand?post=38747"},{"taxonomy":"product_cat","embeddable":true,"href":"https:\/\/www.hairuwear.com\/es\/wp-json\/wp\/v2\/product_cat?post=38747"},{"taxonomy":"product_tag","embeddable":true,"href":"https:\/\/www.hairuwear.com\/es\/wp-json\/wp\/v2\/product_tag?post=38747"}],"curies":[{"name":"wp","href":"https:\/\/api.w.org\/{rel}","templated":true}]}}