{"id":38795,"date":"2023-07-14T01:00:19","date_gmt":"2023-07-14T06:00:19","guid":{"rendered":"https:\/\/live-huw-2023.pantheonsite.io\/?post_type=product&#038;p=38795"},"modified":"2023-09-20T08:54:46","modified_gmt":"2023-09-20T13:54:46","slug":"duo-pro-open-fusion-technology-tape","status":"publish","type":"product","link":"https:\/\/www.hairuwear.com\/es\/product\/duo-pro-open-fusion-technology-tape\/","title":{"rendered":"Duo-Pro\u2122 Open Fusion Technology Tape"},"content":{"rendered":"","protected":false},"excerpt":{"rendered":"<p>Esta cinta de doble cara est\u00e1 dise\u00f1ada para su uso con sistemas Open Fusion Technology. Una cara est\u00e1 hecha para adherirse al biopelo, mientras que la otra est\u00e1 optimizada para adherirse al sistema. El tama\u00f1o precortado las hace r\u00e1pidas y f\u00e1ciles de usar.<\/p>\n<hr \/>\n<p>120 comprimidos.<\/p>","protected":false},"featured_media":38797,"template":"","meta":[],"product_brand":[],"product_cat":[293,209],"product_tag":[],"class_list":{"0":"post-38795","1":"product","2":"type-product","3":"status-publish","4":"has-post-thumbnail","6":"product_cat-for-professionals","7":"product_cat-view-all","8":"pa_categories-styling-and-care-products","11":"first","12":"instock","13":"shipping-taxable","14":"product-type-simple"},"yoast_head":"<!-- This site is optimized with the Yoast SEO plugin v25.3.1 - https:\/\/yoast.com\/wordpress\/plugins\/seo\/ -->\n<title>Duo-Pro\u2122 Open Fusion Technology Tape - HairUWear<\/title>\n<meta name=\"description\" content=\"This double-sided tape is designed for use with Open Fusion Technology systems. One side is made to adhere to bio hair, while the other is optimized to bond to the system. The precut size makes them quick and easy to use.\" \/>\n<meta name=\"robots\" content=\"index, follow, max-snippet:-1, max-image-preview:large, max-video-preview:-1\" \/>\n<link rel=\"canonical\" href=\"https:\/\/www.hairuwear.com\/es\/product\/duo-pro-open-fusion-technology-tape\/\" \/>\n<meta property=\"og:locale\" content=\"es_MX\" \/>\n<meta property=\"og:type\" content=\"article\" \/>\n<meta property=\"og:title\" content=\"Duo-Pro\u2122 Open Fusion Technology Tape - HairUWear\" \/>\n<meta property=\"og:description\" content=\"This double-sided tape is designed for use with Open Fusion Technology systems. One side is made to adhere to bio hair, while the other is optimized to bond to the system. The precut size makes them quick and easy to use.\" \/>\n<meta property=\"og:url\" content=\"https:\/\/www.hairuwear.com\/es\/product\/duo-pro-open-fusion-technology-tape\/\" \/>\n<meta property=\"og:site_name\" content=\"HairUWear\" \/>\n<meta property=\"article:publisher\" content=\"https:\/\/www.facebook.com\/HairUWearINC\" \/>\n<meta property=\"article:modified_time\" content=\"2023-09-20T13:54:46+00:00\" \/>\n<meta property=\"og:image\" content=\"https:\/\/www.hairuwear.com\/wp-content\/uploads\/2023\/01\/AHL-Duo-Pro-Hair-Extension-Tape-scaled.jpg\" \/>\n\t<meta property=\"og:image:width\" content=\"2047\" \/>\n\t<meta property=\"og:image:height\" content=\"2560\" \/>\n\t<meta property=\"og:image:type\" content=\"image\/jpeg\" \/>\n<meta name=\"twitter:card\" content=\"summary_large_image\" \/>\n<script type=\"application\/ld+json\" class=\"yoast-schema-graph\">{\"@context\":\"https:\/\/schema.org\",\"@graph\":[{\"@type\":\"WebPage\",\"@id\":\"https:\/\/www.hairuwear.com\/fr\/product\/duo-pro-open-fusion-technology-tape\/\",\"url\":\"https:\/\/www.hairuwear.com\/fr\/product\/duo-pro-open-fusion-technology-tape\/\",\"name\":\"Duo-Pro\u2122 Open Fusion Technology Tape - HairUWear\",\"isPartOf\":{\"@id\":\"https:\/\/www.hairuwear.com\/nl\/#website\"},\"primaryImageOfPage\":{\"@id\":\"https:\/\/www.hairuwear.com\/fr\/product\/duo-pro-open-fusion-technology-tape\/#primaryimage\"},\"image\":{\"@id\":\"https:\/\/www.hairuwear.com\/fr\/product\/duo-pro-open-fusion-technology-tape\/#primaryimage\"},\"thumbnailUrl\":\"https:\/\/www.hairuwear.com\/wp-content\/uploads\/2023\/01\/AHL-Duo-Pro-Hair-Extension-Tape-scaled.jpg\",\"datePublished\":\"2023-07-14T06:00:19+00:00\",\"dateModified\":\"2023-09-20T13:54:46+00:00\",\"description\":\"This double-sided tape is designed for use with Open Fusion Technology systems. One side is made to adhere to bio hair, while the other is optimized to bond to the system. The precut size makes them quick and easy to use.\",\"breadcrumb\":{\"@id\":\"https:\/\/www.hairuwear.com\/fr\/product\/duo-pro-open-fusion-technology-tape\/#breadcrumb\"},\"inLanguage\":\"es-MX\",\"potentialAction\":[{\"@type\":\"ReadAction\",\"target\":[\"https:\/\/www.hairuwear.com\/fr\/product\/duo-pro-open-fusion-technology-tape\/\"]}]},{\"@type\":\"ImageObject\",\"inLanguage\":\"es-MX\",\"@id\":\"https:\/\/www.hairuwear.com\/fr\/product\/duo-pro-open-fusion-technology-tape\/#primaryimage\",\"url\":\"https:\/\/www.hairuwear.com\/wp-content\/uploads\/2023\/01\/AHL-Duo-Pro-Hair-Extension-Tape-scaled.jpg\",\"contentUrl\":\"https:\/\/www.hairuwear.com\/wp-content\/uploads\/2023\/01\/AHL-Duo-Pro-Hair-Extension-Tape-scaled.jpg\",\"width\":2047,\"height\":2560,\"caption\":\"Duo-Pro\u2122 Open Fusion Technology Tape\"},{\"@type\":\"BreadcrumbList\",\"@id\":\"https:\/\/www.hairuwear.com\/fr\/product\/duo-pro-open-fusion-technology-tape\/#breadcrumb\",\"itemListElement\":[{\"@type\":\"ListItem\",\"position\":1,\"name\":\"Home\",\"item\":\"https:\/\/www.hairuwear.com\/\"},{\"@type\":\"ListItem\",\"position\":2,\"name\":\"Products &#038; Solutions\",\"item\":\"https:\/\/www.hairuwear.com\/es\/products-solutions\/\"},{\"@type\":\"ListItem\",\"position\":3,\"name\":\"Duo-Pro\u2122 Open Fusion Technology Tape\"}]},{\"@type\":\"WebSite\",\"@id\":\"https:\/\/www.hairuwear.com\/nl\/#website\",\"url\":\"https:\/\/www.hairuwear.com\/nl\/\",\"name\":\"HairUWear\",\"description\":\"We inspire women and men throughout the world to see all the possibilities of alternative hair.\",\"publisher\":{\"@id\":\"https:\/\/www.hairuwear.com\/nl\/#organization\"},\"potentialAction\":[{\"@type\":\"SearchAction\",\"target\":{\"@type\":\"EntryPoint\",\"urlTemplate\":\"https:\/\/www.hairuwear.com\/nl\/?s={search_term_string}\"},\"query-input\":{\"@type\":\"PropertyValueSpecification\",\"valueRequired\":true,\"valueName\":\"search_term_string\"}}],\"inLanguage\":\"es-MX\"},{\"@type\":\"Organization\",\"@id\":\"https:\/\/www.hairuwear.com\/nl\/#organization\",\"name\":\"HairUWear\",\"url\":\"https:\/\/www.hairuwear.com\/nl\/\",\"logo\":{\"@type\":\"ImageObject\",\"inLanguage\":\"es-MX\",\"@id\":\"https:\/\/www.hairuwear.com\/nl\/#\/schema\/logo\/image\/\",\"url\":\"https:\/\/hairuwear.com\/wp-content\/uploads\/2024\/02\/HUW-logo-black-square.jpg\",\"contentUrl\":\"https:\/\/hairuwear.com\/wp-content\/uploads\/2024\/02\/HUW-logo-black-square.jpg\",\"width\":1000,\"height\":1000,\"caption\":\"HairUWear\"},\"image\":{\"@id\":\"https:\/\/www.hairuwear.com\/nl\/#\/schema\/logo\/image\/\"},\"sameAs\":[\"https:\/\/www.facebook.com\/HairUWearINC\",\"https:\/\/www.instagram.com\/hairuwear_inc\/\",\"https:\/\/www.youtube.com\/channel\/UCooHA3ZvNM3CfbjxHAUUZlg\",\"https:\/\/www.linkedin.com\/company\/hairuwear\/\",\"https:\/\/www.pinterest.com\/hairuwear\/?invite_code=060417bbf4384977ac59e5e49e9e2f4a\"]}]}<\/script>\n<!-- \/ Yoast SEO plugin. -->","yoast_head_json":{"title":"Duo-Pro\u2122 Open Fusion Technology Tape - HairUWear","description":"This double-sided tape is designed for use with Open Fusion Technology systems. One side is made to adhere to bio hair, while the other is optimized to bond to the system. The precut size makes them quick and easy to use.","robots":{"index":"index","follow":"follow","max-snippet":"max-snippet:-1","max-image-preview":"max-image-preview:large","max-video-preview":"max-video-preview:-1"},"canonical":"https:\/\/www.hairuwear.com\/es\/product\/duo-pro-open-fusion-technology-tape\/","og_locale":"es_MX","og_type":"article","og_title":"Duo-Pro\u2122 Open Fusion Technology Tape - HairUWear","og_description":"This double-sided tape is designed for use with Open Fusion Technology systems. One side is made to adhere to bio hair, while the other is optimized to bond to the system. The precut size makes them quick and easy to use.","og_url":"https:\/\/www.hairuwear.com\/es\/product\/duo-pro-open-fusion-technology-tape\/","og_site_name":"HairUWear","article_publisher":"https:\/\/www.facebook.com\/HairUWearINC","article_modified_time":"2023-09-20T13:54:46+00:00","og_image":[{"width":2047,"height":2560,"url":"https:\/\/www.hairuwear.com\/wp-content\/uploads\/2023\/01\/AHL-Duo-Pro-Hair-Extension-Tape-scaled.jpg","type":"image\/jpeg"}],"twitter_card":"summary_large_image","schema":{"@context":"https:\/\/schema.org","@graph":[{"@type":"WebPage","@id":"https:\/\/www.hairuwear.com\/fr\/product\/duo-pro-open-fusion-technology-tape\/","url":"https:\/\/www.hairuwear.com\/fr\/product\/duo-pro-open-fusion-technology-tape\/","name":"Duo-Pro\u2122 Open Fusion Technology Tape - HairUWear","isPartOf":{"@id":"https:\/\/www.hairuwear.com\/nl\/#website"},"primaryImageOfPage":{"@id":"https:\/\/www.hairuwear.com\/fr\/product\/duo-pro-open-fusion-technology-tape\/#primaryimage"},"image":{"@id":"https:\/\/www.hairuwear.com\/fr\/product\/duo-pro-open-fusion-technology-tape\/#primaryimage"},"thumbnailUrl":"https:\/\/www.hairuwear.com\/wp-content\/uploads\/2023\/01\/AHL-Duo-Pro-Hair-Extension-Tape-scaled.jpg","datePublished":"2023-07-14T06:00:19+00:00","dateModified":"2023-09-20T13:54:46+00:00","description":"This double-sided tape is designed for use with Open Fusion Technology systems. One side is made to adhere to bio hair, while the other is optimized to bond to the system. The precut size makes them quick and easy to use.","breadcrumb":{"@id":"https:\/\/www.hairuwear.com\/fr\/product\/duo-pro-open-fusion-technology-tape\/#breadcrumb"},"inLanguage":"es-MX","potentialAction":[{"@type":"ReadAction","target":["https:\/\/www.hairuwear.com\/fr\/product\/duo-pro-open-fusion-technology-tape\/"]}]},{"@type":"ImageObject","inLanguage":"es-MX","@id":"https:\/\/www.hairuwear.com\/fr\/product\/duo-pro-open-fusion-technology-tape\/#primaryimage","url":"https:\/\/www.hairuwear.com\/wp-content\/uploads\/2023\/01\/AHL-Duo-Pro-Hair-Extension-Tape-scaled.jpg","contentUrl":"https:\/\/www.hairuwear.com\/wp-content\/uploads\/2023\/01\/AHL-Duo-Pro-Hair-Extension-Tape-scaled.jpg","width":2047,"height":2560,"caption":"Duo-Pro\u2122 Open Fusion Technology Tape"},{"@type":"BreadcrumbList","@id":"https:\/\/www.hairuwear.com\/fr\/product\/duo-pro-open-fusion-technology-tape\/#breadcrumb","itemListElement":[{"@type":"ListItem","position":1,"name":"Home","item":"https:\/\/www.hairuwear.com\/"},{"@type":"ListItem","position":2,"name":"Products &#038; Solutions","item":"https:\/\/www.hairuwear.com\/es\/products-solutions\/"},{"@type":"ListItem","position":3,"name":"Duo-Pro\u2122 Open Fusion Technology Tape"}]},{"@type":"WebSite","@id":"https:\/\/www.hairuwear.com\/nl\/#website","url":"https:\/\/www.hairuwear.com\/nl\/","name":"HairUWear","description":"We inspire women and men throughout the world to see all the possibilities of alternative hair.","publisher":{"@id":"https:\/\/www.hairuwear.com\/nl\/#organization"},"potentialAction":[{"@type":"SearchAction","target":{"@type":"EntryPoint","urlTemplate":"https:\/\/www.hairuwear.com\/nl\/?s={search_term_string}"},"query-input":{"@type":"PropertyValueSpecification","valueRequired":true,"valueName":"search_term_string"}}],"inLanguage":"es-MX"},{"@type":"Organization","@id":"https:\/\/www.hairuwear.com\/nl\/#organization","name":"HairUWear","url":"https:\/\/www.hairuwear.com\/nl\/","logo":{"@type":"ImageObject","inLanguage":"es-MX","@id":"https:\/\/www.hairuwear.com\/nl\/#\/schema\/logo\/image\/","url":"https:\/\/hairuwear.com\/wp-content\/uploads\/2024\/02\/HUW-logo-black-square.jpg","contentUrl":"https:\/\/hairuwear.com\/wp-content\/uploads\/2024\/02\/HUW-logo-black-square.jpg","width":1000,"height":1000,"caption":"HairUWear"},"image":{"@id":"https:\/\/www.hairuwear.com\/nl\/#\/schema\/logo\/image\/"},"sameAs":["https:\/\/www.facebook.com\/HairUWearINC","https:\/\/www.instagram.com\/hairuwear_inc\/","https:\/\/www.youtube.com\/channel\/UCooHA3ZvNM3CfbjxHAUUZlg","https:\/\/www.linkedin.com\/company\/hairuwear\/","https:\/\/www.pinterest.com\/hairuwear\/?invite_code=060417bbf4384977ac59e5e49e9e2f4a"]}]}},"_links":{"self":[{"href":"https:\/\/www.hairuwear.com\/es\/wp-json\/wp\/v2\/product\/38795","targetHints":{"allow":["GET"]}}],"collection":[{"href":"https:\/\/www.hairuwear.com\/es\/wp-json\/wp\/v2\/product"}],"about":[{"href":"https:\/\/www.hairuwear.com\/es\/wp-json\/wp\/v2\/types\/product"}],"version-history":[{"count":1,"href":"https:\/\/www.hairuwear.com\/es\/wp-json\/wp\/v2\/product\/38795\/revisions"}],"predecessor-version":[{"id":38796,"href":"https:\/\/www.hairuwear.com\/es\/wp-json\/wp\/v2\/product\/38795\/revisions\/38796"}],"wp:featuredmedia":[{"embeddable":true,"href":"https:\/\/www.hairuwear.com\/es\/wp-json\/wp\/v2\/media\/38797"}],"wp:attachment":[{"href":"https:\/\/www.hairuwear.com\/es\/wp-json\/wp\/v2\/media?parent=38795"}],"wp:term":[{"taxonomy":"product_brand","embeddable":true,"href":"https:\/\/www.hairuwear.com\/es\/wp-json\/wp\/v2\/product_brand?post=38795"},{"taxonomy":"product_cat","embeddable":true,"href":"https:\/\/www.hairuwear.com\/es\/wp-json\/wp\/v2\/product_cat?post=38795"},{"taxonomy":"product_tag","embeddable":true,"href":"https:\/\/www.hairuwear.com\/es\/wp-json\/wp\/v2\/product_tag?post=38795"}],"curies":[{"name":"wp","href":"https:\/\/api.w.org\/{rel}","templated":true}]}}