{"id":47255,"date":"2023-06-23T10:21:18","date_gmt":"2023-06-23T15:21:18","guid":{"rendered":"https:\/\/live-huw-2023.pantheonsite.io\/?post_type=product&#038;p=47255"},"modified":"2023-09-20T09:34:44","modified_gmt":"2023-09-20T14:34:44","slug":"super-mane","status":"publish","type":"product","link":"https:\/\/www.hairuwear.com\/es\/product\/super-mane\/","title":{"rendered":"Super Mane"},"content":{"rendered":"<div id=\"content-desktop\">\n<div id='gallery-1' class='gallery galleryid-47255 gallery-columns-6 gallery-size-full'><figure class='gallery-item'>\n\t\t\t<div class='gallery-icon landscape'>\n\t\t\t\t<img fetchpriority=\"high\" decoding=\"async\" width=\"350\" height=\"350\" src=\"https:\/\/www.hairuwear.com\/wp-content\/uploads\/2022\/04\/Tru2Life-R4-midnight-brown-swatch.jpg\" class=\"attachment-full size-full\" alt=\"R4 Midnight Brown\" aria-describedby=\"gallery-1-27465\" \/>\n\t\t\t<\/div>\n\t\t\t\t<figcaption class='wp-caption-text gallery-caption' id='gallery-1-27465'>\n\t\t\t\tR4 Midnight Brown\n\t\t\t\t<\/figcaption><\/figure><figure class='gallery-item'>\n\t\t\t<div class='gallery-icon landscape'>\n\t\t\t\t<img decoding=\"async\" width=\"350\" height=\"350\" src=\"https:\/\/www.hairuwear.com\/wp-content\/uploads\/2022\/04\/Tru2Life-R6-dark-chocolate-swatch.jpg\" class=\"attachment-full size-full\" alt=\"R6 Dark Chocolate\" aria-describedby=\"gallery-1-27467\" \/>\n\t\t\t<\/div>\n\t\t\t\t<figcaption class='wp-caption-text gallery-caption' id='gallery-1-27467'>\n\t\t\t\tR6 Dark Chocolate\n\t\t\t\t<\/figcaption><\/figure><figure class='gallery-item'>\n\t\t\t<div class='gallery-icon landscape'>\n\t\t\t\t<img decoding=\"async\" width=\"350\" height=\"350\" src=\"https:\/\/www.hairuwear.com\/wp-content\/uploads\/2023\/06\/HD-Tru2Life-R10-Chestnut.jpg\" class=\"attachment-full size-full\" alt=\"R10 Chestnut\" aria-describedby=\"gallery-1-46521\" \/>\n\t\t\t<\/div>\n\t\t\t\t<figcaption class='wp-caption-text gallery-caption' id='gallery-1-46521'>\n\t\t\t\tR10 Chestnut\n\t\t\t\t<\/figcaption><\/figure><figure class='gallery-item'>\n\t\t\t<div class='gallery-icon landscape'>\n\t\t\t\t<img loading=\"lazy\" decoding=\"async\" width=\"350\" height=\"350\" src=\"https:\/\/www.hairuwear.com\/wp-content\/uploads\/2022\/04\/HD-tru2life-R12T-PECAN-BROWN-swatch.jpg\" class=\"attachment-full size-full\" alt=\"R12T Pecan Brown\" aria-describedby=\"gallery-1-27471\" \/>\n\t\t\t<\/div>\n\t\t\t\t<figcaption class='wp-caption-text gallery-caption' id='gallery-1-27471'>\n\t\t\t\tR12T Pecan Brown\n\t\t\t\t<\/figcaption><\/figure><figure class='gallery-item'>\n\t\t\t<div class='gallery-icon landscape'>\n\t\t\t\t<img loading=\"lazy\" decoding=\"async\" width=\"350\" height=\"350\" src=\"https:\/\/www.hairuwear.com\/wp-content\/uploads\/2022\/04\/Tru2Life-R27T-ginger-red-swatch.jpg\" class=\"attachment-full size-full\" alt=\"R27T Ginger Red\" aria-describedby=\"gallery-1-27483\" \/>\n\t\t\t<\/div>\n\t\t\t\t<figcaption class='wp-caption-text gallery-caption' id='gallery-1-27483'>\n\t\t\t\tR27T Ginger Red\n\t\t\t\t<\/figcaption><\/figure><figure class='gallery-item'>\n\t\t\t<div class='gallery-icon landscape'>\n\t\t\t\t<img loading=\"lazy\" decoding=\"async\" width=\"350\" height=\"350\" src=\"https:\/\/www.hairuwear.com\/wp-content\/uploads\/2022\/04\/Tru2Life-R1416T-buttered-toast-swatch.jpg\" class=\"attachment-full size-full\" alt=\"R1416T Buttered Toast\" aria-describedby=\"gallery-1-27497\" \/>\n\t\t\t<\/div>\n\t\t\t\t<figcaption class='wp-caption-text gallery-caption' id='gallery-1-27497'>\n\t\t\t\tR1416T Buttered Toast\n\t\t\t\t<\/figcaption><\/figure><figure class='gallery-item'>\n\t\t\t<div class='gallery-icon landscape'>\n\t\t\t\t<img loading=\"lazy\" decoding=\"async\" width=\"350\" height=\"350\" src=\"https:\/\/www.hairuwear.com\/wp-content\/uploads\/2023\/06\/KIDZ-Tru2Life-R16-Honey-Blonde-swatch.jpg\" class=\"attachment-full size-full\" alt=\"R16 Honey Blonde\" aria-describedby=\"gallery-1-47184\" \/>\n\t\t\t<\/div>\n\t\t\t\t<figcaption class='wp-caption-text gallery-caption' id='gallery-1-47184'>\n\t\t\t\tR16 Honey Blonde\n\t\t\t\t<\/figcaption><\/figure><figure class='gallery-item'>\n\t\t\t<div class='gallery-icon landscape'>\n\t\t\t\t<img loading=\"lazy\" decoding=\"async\" width=\"350\" height=\"350\" src=\"https:\/\/www.hairuwear.com\/wp-content\/uploads\/2023\/06\/HD-Tru2Life-R14-88H-Golden-Wheat.jpg\" class=\"attachment-full size-full\" alt=\"R14\/88H Golden Wheat\" aria-describedby=\"gallery-1-46557\" \/>\n\t\t\t<\/div>\n\t\t\t\t<figcaption class='wp-caption-text gallery-caption' id='gallery-1-46557'>\n\t\t\t\tR14\/88H Golden Wheat\n\t\t\t\t<\/figcaption><\/figure>\n\t\t<\/div>\n\n<\/div>\n<div id=\"content-mobile\">\n<div id='gallery-2' class='gallery galleryid-47255 gallery-columns-3 gallery-size-thumbnail'><figure class='gallery-item'>\n\t\t\t<div class='gallery-icon landscape'>\n\t\t\t\t<img loading=\"lazy\" decoding=\"async\" width=\"150\" height=\"150\" src=\"https:\/\/www.hairuwear.com\/wp-content\/uploads\/2022\/04\/Tru2Life-R4-midnight-brown-swatch-150x150.jpg\" class=\"attachment-thumbnail size-thumbnail\" alt=\"R4 Midnight Brown\" aria-describedby=\"gallery-2-27465\" \/>\n\t\t\t<\/div>\n\t\t\t\t<figcaption class='wp-caption-text gallery-caption' id='gallery-2-27465'>\n\t\t\t\tR4 Midnight Brown\n\t\t\t\t<\/figcaption><\/figure><figure class='gallery-item'>\n\t\t\t<div class='gallery-icon landscape'>\n\t\t\t\t<img loading=\"lazy\" decoding=\"async\" width=\"150\" height=\"150\" src=\"https:\/\/www.hairuwear.com\/wp-content\/uploads\/2022\/04\/Tru2Life-R6-dark-chocolate-swatch-150x150.jpg\" class=\"attachment-thumbnail size-thumbnail\" alt=\"R6 Dark Chocolate\" aria-describedby=\"gallery-2-27467\" \/>\n\t\t\t<\/div>\n\t\t\t\t<figcaption class='wp-caption-text gallery-caption' id='gallery-2-27467'>\n\t\t\t\tR6 Dark Chocolate\n\t\t\t\t<\/figcaption><\/figure><figure class='gallery-item'>\n\t\t\t<div class='gallery-icon landscape'>\n\t\t\t\t<img loading=\"lazy\" decoding=\"async\" width=\"150\" height=\"150\" src=\"https:\/\/www.hairuwear.com\/wp-content\/uploads\/2023\/06\/HD-Tru2Life-R10-Chestnut-150x150.jpg\" class=\"attachment-thumbnail size-thumbnail\" alt=\"R10 Chestnut\" aria-describedby=\"gallery-2-46521\" \/>\n\t\t\t<\/div>\n\t\t\t\t<figcaption class='wp-caption-text gallery-caption' id='gallery-2-46521'>\n\t\t\t\tR10 Chestnut\n\t\t\t\t<\/figcaption><\/figure><figure class='gallery-item'>\n\t\t\t<div class='gallery-icon landscape'>\n\t\t\t\t<img loading=\"lazy\" decoding=\"async\" width=\"150\" height=\"150\" src=\"https:\/\/www.hairuwear.com\/wp-content\/uploads\/2022\/04\/HD-tru2life-R12T-PECAN-BROWN-swatch-150x150.jpg\" class=\"attachment-thumbnail size-thumbnail\" alt=\"R12T Pecan Brown\" aria-describedby=\"gallery-2-27471\" \/>\n\t\t\t<\/div>\n\t\t\t\t<figcaption class='wp-caption-text gallery-caption' id='gallery-2-27471'>\n\t\t\t\tR12T Pecan Brown\n\t\t\t\t<\/figcaption><\/figure><figure class='gallery-item'>\n\t\t\t<div class='gallery-icon landscape'>\n\t\t\t\t<img loading=\"lazy\" decoding=\"async\" width=\"150\" height=\"150\" src=\"https:\/\/www.hairuwear.com\/wp-content\/uploads\/2022\/04\/Tru2Life-R27T-ginger-red-swatch-150x150.jpg\" class=\"attachment-thumbnail size-thumbnail\" alt=\"R27T Ginger Red\" aria-describedby=\"gallery-2-27483\" \/>\n\t\t\t<\/div>\n\t\t\t\t<figcaption class='wp-caption-text gallery-caption' id='gallery-2-27483'>\n\t\t\t\tR27T Ginger Red\n\t\t\t\t<\/figcaption><\/figure><figure class='gallery-item'>\n\t\t\t<div class='gallery-icon landscape'>\n\t\t\t\t<img loading=\"lazy\" decoding=\"async\" width=\"150\" height=\"150\" src=\"https:\/\/www.hairuwear.com\/wp-content\/uploads\/2022\/04\/Tru2Life-R1416T-buttered-toast-swatch-150x150.jpg\" class=\"attachment-thumbnail size-thumbnail\" alt=\"R1416T Buttered Toast\" aria-describedby=\"gallery-2-27497\" \/>\n\t\t\t<\/div>\n\t\t\t\t<figcaption class='wp-caption-text gallery-caption' id='gallery-2-27497'>\n\t\t\t\tR1416T Buttered Toast\n\t\t\t\t<\/figcaption><\/figure><figure class='gallery-item'>\n\t\t\t<div class='gallery-icon landscape'>\n\t\t\t\t<img loading=\"lazy\" decoding=\"async\" width=\"150\" height=\"150\" src=\"https:\/\/www.hairuwear.com\/wp-content\/uploads\/2023\/06\/KIDZ-Tru2Life-R16-Honey-Blonde-swatch-150x150.jpg\" class=\"attachment-thumbnail size-thumbnail\" alt=\"R16 Honey Blonde\" aria-describedby=\"gallery-2-47184\" \/>\n\t\t\t<\/div>\n\t\t\t\t<figcaption class='wp-caption-text gallery-caption' id='gallery-2-47184'>\n\t\t\t\tR16 Honey Blonde\n\t\t\t\t<\/figcaption><\/figure><figure class='gallery-item'>\n\t\t\t<div class='gallery-icon landscape'>\n\t\t\t\t<img loading=\"lazy\" decoding=\"async\" width=\"150\" height=\"150\" src=\"https:\/\/www.hairuwear.com\/wp-content\/uploads\/2023\/06\/HD-Tru2Life-R14-88H-Golden-Wheat-150x150.jpg\" class=\"attachment-thumbnail size-thumbnail\" alt=\"R14\/88H Golden Wheat\" aria-describedby=\"gallery-2-46557\" \/>\n\t\t\t<\/div>\n\t\t\t\t<figcaption class='wp-caption-text gallery-caption' id='gallery-2-46557'>\n\t\t\t\tR14\/88H Golden Wheat\n\t\t\t\t<\/figcaption><\/figure>\n\t\t<\/div>\n\n<\/div>","protected":false},"excerpt":{"rendered":"<p>Da rienda suelta a su esp\u00edritu valiente con este corte reci\u00e9n salido de la peluquer\u00eda. Incluso al viento, la raya del pelo tiene un aspecto natural, realista y de superh\u00e9roe guapo.<\/p>\n<hr \/>\n<p>Frente de encaje<br \/>\nVelvet Front Rim<br \/>\nMonofilament Crown<br \/>\nOrejeras forradas de silicona<br \/>\nNuca alargada con forro de silicona<br \/>\n<a href=\"\/es\/hairdo\/hair-types\/#HD-tru2life\" target=\"_blank\" rel=\"noopener\">Tru2Life\u00ae Cabello sint\u00e9tico resistente al calor<\/a><\/p>\n<hr \/>\n<p>Head Size: Ultra Petite<\/p>\n<hr \/>\n<p>Frente: 2\u00bd\"<\/p>\n<hr \/>\n<p>Corona: 3\u00bc\"<\/p>\n<hr \/>\n<p>Laterales: 2\u2033<\/p>\n<hr \/>\n<p>Espalda: 2\u00bd\"<\/p>\n<hr \/>\n<p>Nuca: 1\u00bd\"<\/p>\n<hr \/>\n<p>Peso: 1,8 oz.<\/p>","protected":false},"featured_media":47259,"template":"","meta":[],"product_brand":[163],"product_cat":[209,174,181],"product_tag":[],"class_list":{"0":"post-47255","1":"product","2":"type-product","3":"status-publish","4":"has-post-thumbnail","6":"product_brand-kidz-hairdo","7":"product_cat-view-all","8":"product_cat-hairdo","9":"product_cat-hd-kidz","10":"pa_application-type-ready-to-wear","11":"pa_brand-hairdo","12":"pa_brand-kidz-by-hairdo","13":"pa_cap-size-ultra-petite","14":"pa_categories-wigs","15":"pa_color-family-blonde","16":"pa_color-family-brunette","17":"pa_color-family-red","18":"pa_department-children","19":"pa_hair-type-heat-styleable-synthetic","20":"pa_wig-features-lace-front","21":"pa_wig-features-monofilament","22":"pa_wig-length-short","23":"pa_wig-style-straight","26":"first","27":"instock","28":"shipping-taxable","29":"product-type-simple"},"yoast_head":"<!-- This site is optimized with the Yoast SEO plugin v25.3.1 - https:\/\/yoast.com\/wordpress\/plugins\/seo\/ -->\n<title>Super Mane - HairUWear<\/title>\n<meta name=\"description\" content=\"Unleash his courageous spirit with this fresh-from-the-barbershop cut. Even when windblown, the hairline looks natural, realistic and superhero handsome.\" \/>\n<meta name=\"robots\" content=\"index, follow, max-snippet:-1, max-image-preview:large, max-video-preview:-1\" \/>\n<link rel=\"canonical\" href=\"https:\/\/www.hairuwear.com\/es\/product\/super-mane\/\" \/>\n<meta property=\"og:locale\" content=\"es_MX\" \/>\n<meta property=\"og:type\" content=\"article\" \/>\n<meta property=\"og:title\" content=\"Super Mane - HairUWear\" \/>\n<meta property=\"og:description\" content=\"Unleash his courageous spirit with this fresh-from-the-barbershop cut. Even when windblown, the hairline looks natural, realistic and superhero handsome.\" \/>\n<meta property=\"og:url\" content=\"https:\/\/www.hairuwear.com\/es\/product\/super-mane\/\" \/>\n<meta property=\"og:site_name\" content=\"HairUWear\" \/>\n<meta property=\"article:publisher\" content=\"https:\/\/www.facebook.com\/HairUWearINC\" \/>\n<meta property=\"article:modified_time\" content=\"2023-09-20T14:34:44+00:00\" \/>\n<meta property=\"og:image\" content=\"https:\/\/www.hairuwear.com\/wp-content\/uploads\/2023\/06\/KIDZ-Super-Mane-Model-Front-2-scaled.jpg\" \/>\n\t<meta property=\"og:image:width\" content=\"2047\" \/>\n\t<meta property=\"og:image:height\" content=\"2560\" \/>\n\t<meta property=\"og:image:type\" content=\"image\/jpeg\" \/>\n<meta name=\"twitter:card\" content=\"summary_large_image\" \/>\n<meta name=\"twitter:label1\" content=\"Est. reading time\" \/>\n\t<meta name=\"twitter:data1\" content=\"1 minute\" \/>\n<script type=\"application\/ld+json\" class=\"yoast-schema-graph\">{\"@context\":\"https:\/\/schema.org\",\"@graph\":[{\"@type\":\"WebPage\",\"@id\":\"https:\/\/www.hairuwear.com\/sv\/product\/super-mane\/\",\"url\":\"https:\/\/www.hairuwear.com\/sv\/product\/super-mane\/\",\"name\":\"Super Mane - HairUWear\",\"isPartOf\":{\"@id\":\"https:\/\/www.hairuwear.com\/nl\/#website\"},\"primaryImageOfPage\":{\"@id\":\"https:\/\/www.hairuwear.com\/sv\/product\/super-mane\/#primaryimage\"},\"image\":{\"@id\":\"https:\/\/www.hairuwear.com\/sv\/product\/super-mane\/#primaryimage\"},\"thumbnailUrl\":\"https:\/\/www.hairuwear.com\/wp-content\/uploads\/2023\/06\/KIDZ-Super-Mane-Model-Front-2-scaled.jpg\",\"datePublished\":\"2023-06-23T15:21:18+00:00\",\"dateModified\":\"2023-09-20T14:34:44+00:00\",\"description\":\"Unleash his courageous spirit with this fresh-from-the-barbershop cut. Even when windblown, the hairline looks natural, realistic and superhero handsome.\",\"breadcrumb\":{\"@id\":\"https:\/\/www.hairuwear.com\/sv\/product\/super-mane\/#breadcrumb\"},\"inLanguage\":\"es-MX\",\"potentialAction\":[{\"@type\":\"ReadAction\",\"target\":[\"https:\/\/www.hairuwear.com\/sv\/product\/super-mane\/\"]}]},{\"@type\":\"ImageObject\",\"inLanguage\":\"es-MX\",\"@id\":\"https:\/\/www.hairuwear.com\/sv\/product\/super-mane\/#primaryimage\",\"url\":\"https:\/\/www.hairuwear.com\/wp-content\/uploads\/2023\/06\/KIDZ-Super-Mane-Model-Front-2-scaled.jpg\",\"contentUrl\":\"https:\/\/www.hairuwear.com\/wp-content\/uploads\/2023\/06\/KIDZ-Super-Mane-Model-Front-2-scaled.jpg\",\"width\":2047,\"height\":2560,\"caption\":\"Super Mane in R10 Chestnut\"},{\"@type\":\"BreadcrumbList\",\"@id\":\"https:\/\/www.hairuwear.com\/sv\/product\/super-mane\/#breadcrumb\",\"itemListElement\":[{\"@type\":\"ListItem\",\"position\":1,\"name\":\"Home\",\"item\":\"https:\/\/www.hairuwear.com\/\"},{\"@type\":\"ListItem\",\"position\":2,\"name\":\"Products &#038; Solutions\",\"item\":\"https:\/\/www.hairuwear.com\/es\/products-solutions\/\"},{\"@type\":\"ListItem\",\"position\":3,\"name\":\"Super Mane\"}]},{\"@type\":\"WebSite\",\"@id\":\"https:\/\/www.hairuwear.com\/nl\/#website\",\"url\":\"https:\/\/www.hairuwear.com\/nl\/\",\"name\":\"HairUWear\",\"description\":\"We inspire women and men throughout the world to see all the possibilities of alternative hair.\",\"publisher\":{\"@id\":\"https:\/\/www.hairuwear.com\/nl\/#organization\"},\"potentialAction\":[{\"@type\":\"SearchAction\",\"target\":{\"@type\":\"EntryPoint\",\"urlTemplate\":\"https:\/\/www.hairuwear.com\/nl\/?s={search_term_string}\"},\"query-input\":{\"@type\":\"PropertyValueSpecification\",\"valueRequired\":true,\"valueName\":\"search_term_string\"}}],\"inLanguage\":\"es-MX\"},{\"@type\":\"Organization\",\"@id\":\"https:\/\/www.hairuwear.com\/nl\/#organization\",\"name\":\"HairUWear\",\"url\":\"https:\/\/www.hairuwear.com\/nl\/\",\"logo\":{\"@type\":\"ImageObject\",\"inLanguage\":\"es-MX\",\"@id\":\"https:\/\/www.hairuwear.com\/nl\/#\/schema\/logo\/image\/\",\"url\":\"https:\/\/hairuwear.com\/wp-content\/uploads\/2024\/02\/HUW-logo-black-square.jpg\",\"contentUrl\":\"https:\/\/hairuwear.com\/wp-content\/uploads\/2024\/02\/HUW-logo-black-square.jpg\",\"width\":1000,\"height\":1000,\"caption\":\"HairUWear\"},\"image\":{\"@id\":\"https:\/\/www.hairuwear.com\/nl\/#\/schema\/logo\/image\/\"},\"sameAs\":[\"https:\/\/www.facebook.com\/HairUWearINC\",\"https:\/\/www.instagram.com\/hairuwear_inc\/\",\"https:\/\/www.youtube.com\/channel\/UCooHA3ZvNM3CfbjxHAUUZlg\",\"https:\/\/www.linkedin.com\/company\/hairuwear\/\",\"https:\/\/www.pinterest.com\/hairuwear\/?invite_code=060417bbf4384977ac59e5e49e9e2f4a\"]}]}<\/script>\n<!-- \/ Yoast SEO plugin. -->","yoast_head_json":{"title":"Super Mane - HairUWear","description":"Unleash his courageous spirit with this fresh-from-the-barbershop cut. Even when windblown, the hairline looks natural, realistic and superhero handsome.","robots":{"index":"index","follow":"follow","max-snippet":"max-snippet:-1","max-image-preview":"max-image-preview:large","max-video-preview":"max-video-preview:-1"},"canonical":"https:\/\/www.hairuwear.com\/es\/product\/super-mane\/","og_locale":"es_MX","og_type":"article","og_title":"Super Mane - HairUWear","og_description":"Unleash his courageous spirit with this fresh-from-the-barbershop cut. Even when windblown, the hairline looks natural, realistic and superhero handsome.","og_url":"https:\/\/www.hairuwear.com\/es\/product\/super-mane\/","og_site_name":"HairUWear","article_publisher":"https:\/\/www.facebook.com\/HairUWearINC","article_modified_time":"2023-09-20T14:34:44+00:00","og_image":[{"width":2047,"height":2560,"url":"https:\/\/www.hairuwear.com\/wp-content\/uploads\/2023\/06\/KIDZ-Super-Mane-Model-Front-2-scaled.jpg","type":"image\/jpeg"}],"twitter_card":"summary_large_image","twitter_misc":{"Est. reading time":"1 minute"},"schema":{"@context":"https:\/\/schema.org","@graph":[{"@type":"WebPage","@id":"https:\/\/www.hairuwear.com\/sv\/product\/super-mane\/","url":"https:\/\/www.hairuwear.com\/sv\/product\/super-mane\/","name":"Super Mane - HairUWear","isPartOf":{"@id":"https:\/\/www.hairuwear.com\/nl\/#website"},"primaryImageOfPage":{"@id":"https:\/\/www.hairuwear.com\/sv\/product\/super-mane\/#primaryimage"},"image":{"@id":"https:\/\/www.hairuwear.com\/sv\/product\/super-mane\/#primaryimage"},"thumbnailUrl":"https:\/\/www.hairuwear.com\/wp-content\/uploads\/2023\/06\/KIDZ-Super-Mane-Model-Front-2-scaled.jpg","datePublished":"2023-06-23T15:21:18+00:00","dateModified":"2023-09-20T14:34:44+00:00","description":"Unleash his courageous spirit with this fresh-from-the-barbershop cut. Even when windblown, the hairline looks natural, realistic and superhero handsome.","breadcrumb":{"@id":"https:\/\/www.hairuwear.com\/sv\/product\/super-mane\/#breadcrumb"},"inLanguage":"es-MX","potentialAction":[{"@type":"ReadAction","target":["https:\/\/www.hairuwear.com\/sv\/product\/super-mane\/"]}]},{"@type":"ImageObject","inLanguage":"es-MX","@id":"https:\/\/www.hairuwear.com\/sv\/product\/super-mane\/#primaryimage","url":"https:\/\/www.hairuwear.com\/wp-content\/uploads\/2023\/06\/KIDZ-Super-Mane-Model-Front-2-scaled.jpg","contentUrl":"https:\/\/www.hairuwear.com\/wp-content\/uploads\/2023\/06\/KIDZ-Super-Mane-Model-Front-2-scaled.jpg","width":2047,"height":2560,"caption":"Super Mane in R10 Chestnut"},{"@type":"BreadcrumbList","@id":"https:\/\/www.hairuwear.com\/sv\/product\/super-mane\/#breadcrumb","itemListElement":[{"@type":"ListItem","position":1,"name":"Home","item":"https:\/\/www.hairuwear.com\/"},{"@type":"ListItem","position":2,"name":"Products &#038; Solutions","item":"https:\/\/www.hairuwear.com\/es\/products-solutions\/"},{"@type":"ListItem","position":3,"name":"Super Mane"}]},{"@type":"WebSite","@id":"https:\/\/www.hairuwear.com\/nl\/#website","url":"https:\/\/www.hairuwear.com\/nl\/","name":"HairUWear","description":"We inspire women and men throughout the world to see all the possibilities of alternative hair.","publisher":{"@id":"https:\/\/www.hairuwear.com\/nl\/#organization"},"potentialAction":[{"@type":"SearchAction","target":{"@type":"EntryPoint","urlTemplate":"https:\/\/www.hairuwear.com\/nl\/?s={search_term_string}"},"query-input":{"@type":"PropertyValueSpecification","valueRequired":true,"valueName":"search_term_string"}}],"inLanguage":"es-MX"},{"@type":"Organization","@id":"https:\/\/www.hairuwear.com\/nl\/#organization","name":"HairUWear","url":"https:\/\/www.hairuwear.com\/nl\/","logo":{"@type":"ImageObject","inLanguage":"es-MX","@id":"https:\/\/www.hairuwear.com\/nl\/#\/schema\/logo\/image\/","url":"https:\/\/hairuwear.com\/wp-content\/uploads\/2024\/02\/HUW-logo-black-square.jpg","contentUrl":"https:\/\/hairuwear.com\/wp-content\/uploads\/2024\/02\/HUW-logo-black-square.jpg","width":1000,"height":1000,"caption":"HairUWear"},"image":{"@id":"https:\/\/www.hairuwear.com\/nl\/#\/schema\/logo\/image\/"},"sameAs":["https:\/\/www.facebook.com\/HairUWearINC","https:\/\/www.instagram.com\/hairuwear_inc\/","https:\/\/www.youtube.com\/channel\/UCooHA3ZvNM3CfbjxHAUUZlg","https:\/\/www.linkedin.com\/company\/hairuwear\/","https:\/\/www.pinterest.com\/hairuwear\/?invite_code=060417bbf4384977ac59e5e49e9e2f4a"]}]}},"_links":{"self":[{"href":"https:\/\/www.hairuwear.com\/es\/wp-json\/wp\/v2\/product\/47255","targetHints":{"allow":["GET"]}}],"collection":[{"href":"https:\/\/www.hairuwear.com\/es\/wp-json\/wp\/v2\/product"}],"about":[{"href":"https:\/\/www.hairuwear.com\/es\/wp-json\/wp\/v2\/types\/product"}],"version-history":[{"count":5,"href":"https:\/\/www.hairuwear.com\/es\/wp-json\/wp\/v2\/product\/47255\/revisions"}],"predecessor-version":[{"id":47260,"href":"https:\/\/www.hairuwear.com\/es\/wp-json\/wp\/v2\/product\/47255\/revisions\/47260"}],"wp:featuredmedia":[{"embeddable":true,"href":"https:\/\/www.hairuwear.com\/es\/wp-json\/wp\/v2\/media\/47259"}],"wp:attachment":[{"href":"https:\/\/www.hairuwear.com\/es\/wp-json\/wp\/v2\/media?parent=47255"}],"wp:term":[{"taxonomy":"product_brand","embeddable":true,"href":"https:\/\/www.hairuwear.com\/es\/wp-json\/wp\/v2\/product_brand?post=47255"},{"taxonomy":"product_cat","embeddable":true,"href":"https:\/\/www.hairuwear.com\/es\/wp-json\/wp\/v2\/product_cat?post=47255"},{"taxonomy":"product_tag","embeddable":true,"href":"https:\/\/www.hairuwear.com\/es\/wp-json\/wp\/v2\/product_tag?post=47255"}],"curies":[{"name":"wp","href":"https:\/\/api.w.org\/{rel}","templated":true}]}}