{"id":47462,"date":"2023-06-27T09:59:22","date_gmt":"2023-06-27T14:59:22","guid":{"rendered":"https:\/\/live-huw-2023.pantheonsite.io\/?post_type=product&#038;p=47462"},"modified":"2023-09-20T09:28:26","modified_gmt":"2023-09-20T14:28:26","slug":"whiteout","status":"publish","type":"product","link":"https:\/\/www.hairuwear.com\/es\/product\/whiteout\/","title":{"rendered":"Whiteout"},"content":{"rendered":"","protected":false},"excerpt":{"rendered":"<p><em>Wow en blanco invernal<\/em><\/p>\n<p>La base blanca plateada escarchada y las ra\u00edces m\u00e1s oscuras lucen incre\u00edbles en todas las que prueban este tono rubio hielo. Ll\u00e9valo con volumen nada m\u00e1s sacarlo de la caja para conseguir un look de chica glamurosa en cuesti\u00f3n de segundos, \u00a1o c\u00e1mbialo! Utiliza tus herramientas calientes para crear una ventisca de rizos o pl\u00e1nchalo suave como el hielo.<\/p>\n<hr \/>\n<p>Wide Velvet Comfort Band\u2122<br \/>\nInside \u201cHidden\u201d Weft<br \/>\nOpen Ear Tabs<br \/>\nOpen Extended Nape<br \/>\n<a href=\"\/es\/hairdo\/hair-types\/#HD-tru2life\" target=\"_blank\" rel=\"noopener\">Tru2Life\u00ae Cabello sint\u00e9tico resistente al calor<\/a><\/p>\n<hr \/>\n<p>Cap Size: Average<\/p>\n<hr \/>\n<p>Delantero: 10\u00bd\"<\/p>\n<hr \/>\n<p>Crown: 10\u00bd\u201d<\/p>\n<hr \/>\n<p>Laterales: 13\u00bd\"<\/p>\n<hr \/>\n<p>Espalda: 13\u00bd\u2033.<\/p>\n<hr \/>\n<p>Nuca: 13\u00bd\u2033.<\/p>\n<hr \/>\n<p>Weight: 5.4 oz<\/p>","protected":false},"featured_media":47465,"template":"","meta":[],"product_brand":[161],"product_cat":[209,174,179],"product_tag":[],"class_list":{"0":"post-47462","1":"product","2":"type-product","3":"status-publish","4":"has-post-thumbnail","6":"product_brand-hairdo","7":"product_cat-view-all","8":"product_cat-hairdo","9":"product_cat-hd-fantasy-wigs","10":"pa_application-type-ready-to-wear","11":"pa_brand-hairdo","12":"pa_cap-size-average","13":"pa_categories-wigs","14":"pa_color-family-fantasy-colors","15":"pa_department-women","16":"pa_hair-type-heat-styleable-synthetic","17":"pa_wig-length-mid-length","18":"pa_wig-style-straight","19":"pa_wig-style-wavy","22":"first","23":"instock","24":"shipping-taxable","25":"product-type-simple"},"yoast_head":"<!-- This site is optimized with the Yoast SEO plugin v25.3.1 - https:\/\/yoast.com\/wordpress\/plugins\/seo\/ -->\n<title>Whiteout - HairUWear<\/title>\n<meta name=\"description\" content=\"The frosty silver white base and darker roots look amazing on everyone who tries this icy blonde shade. Wear it voluminous right out of the box for a cool glam girl look in seconds, or change it up! Use your hot tools to create a blizzard of curls or flat iron it smooth as ice.\" \/>\n<meta name=\"robots\" content=\"index, follow, max-snippet:-1, max-image-preview:large, max-video-preview:-1\" \/>\n<link rel=\"canonical\" href=\"http:\/\/www.hairuwear.com\/es\/product\/whiteout\/\" \/>\n<meta property=\"og:locale\" content=\"es_MX\" \/>\n<meta property=\"og:type\" content=\"article\" \/>\n<meta property=\"og:title\" content=\"Whiteout - HairUWear\" \/>\n<meta property=\"og:description\" content=\"The frosty silver white base and darker roots look amazing on everyone who tries this icy blonde shade. Wear it voluminous right out of the box for a cool glam girl look in seconds, or change it up! Use your hot tools to create a blizzard of curls or flat iron it smooth as ice.\" \/>\n<meta property=\"og:url\" content=\"http:\/\/www.hairuwear.com\/es\/product\/whiteout\/\" \/>\n<meta property=\"og:site_name\" content=\"HairUWear\" \/>\n<meta property=\"article:publisher\" content=\"https:\/\/www.facebook.com\/HairUWearINC\" \/>\n<meta property=\"article:modified_time\" content=\"2023-09-20T14:28:26+00:00\" \/>\n<meta property=\"og:image\" content=\"http:\/\/www.hairuwear.com\/wp-content\/uploads\/2023\/06\/HD-Whiteout-Model-Editorial-1-scaled.jpg\" \/>\n\t<meta property=\"og:image:width\" content=\"2046\" \/>\n\t<meta property=\"og:image:height\" content=\"2560\" \/>\n\t<meta property=\"og:image:type\" content=\"image\/jpeg\" \/>\n<meta name=\"twitter:card\" content=\"summary_large_image\" \/>\n<script type=\"application\/ld+json\" class=\"yoast-schema-graph\">{\"@context\":\"https:\/\/schema.org\",\"@graph\":[{\"@type\":\"WebPage\",\"@id\":\"http:\/\/www.hairuwear.com\/product\/whiteout\/\",\"url\":\"http:\/\/www.hairuwear.com\/product\/whiteout\/\",\"name\":\"Whiteout - HairUWear\",\"isPartOf\":{\"@id\":\"https:\/\/www.hairuwear.com\/nl\/#website\"},\"primaryImageOfPage\":{\"@id\":\"http:\/\/www.hairuwear.com\/product\/whiteout\/#primaryimage\"},\"image\":{\"@id\":\"http:\/\/www.hairuwear.com\/product\/whiteout\/#primaryimage\"},\"thumbnailUrl\":\"https:\/\/www.hairuwear.com\/wp-content\/uploads\/2023\/06\/HD-Whiteout-Model-Editorial-1-scaled.jpg\",\"datePublished\":\"2023-06-27T14:59:22+00:00\",\"dateModified\":\"2023-09-20T14:28:26+00:00\",\"description\":\"The frosty silver white base and darker roots look amazing on everyone who tries this icy blonde shade. Wear it voluminous right out of the box for a cool glam girl look in seconds, or change it up! Use your hot tools to create a blizzard of curls or flat iron it smooth as ice.\",\"breadcrumb\":{\"@id\":\"http:\/\/www.hairuwear.com\/product\/whiteout\/#breadcrumb\"},\"inLanguage\":\"es-MX\",\"potentialAction\":[{\"@type\":\"ReadAction\",\"target\":[\"http:\/\/www.hairuwear.com\/product\/whiteout\/\"]}]},{\"@type\":\"ImageObject\",\"inLanguage\":\"es-MX\",\"@id\":\"http:\/\/www.hairuwear.com\/product\/whiteout\/#primaryimage\",\"url\":\"https:\/\/www.hairuwear.com\/wp-content\/uploads\/2023\/06\/HD-Whiteout-Model-Editorial-1-scaled.jpg\",\"contentUrl\":\"https:\/\/www.hairuwear.com\/wp-content\/uploads\/2023\/06\/HD-Whiteout-Model-Editorial-1-scaled.jpg\",\"width\":2046,\"height\":2560,\"caption\":\"Whiteout\"},{\"@type\":\"BreadcrumbList\",\"@id\":\"http:\/\/www.hairuwear.com\/product\/whiteout\/#breadcrumb\",\"itemListElement\":[{\"@type\":\"ListItem\",\"position\":1,\"name\":\"Home\",\"item\":\"https:\/\/www.hairuwear.com\/\"},{\"@type\":\"ListItem\",\"position\":2,\"name\":\"Products &#038; Solutions\",\"item\":\"https:\/\/www.hairuwear.com\/es\/products-solutions\/\"},{\"@type\":\"ListItem\",\"position\":3,\"name\":\"Whiteout\"}]},{\"@type\":\"WebSite\",\"@id\":\"https:\/\/www.hairuwear.com\/nl\/#website\",\"url\":\"https:\/\/www.hairuwear.com\/nl\/\",\"name\":\"HairUWear\",\"description\":\"We inspire women and men throughout the world to see all the possibilities of alternative hair.\",\"publisher\":{\"@id\":\"https:\/\/www.hairuwear.com\/nl\/#organization\"},\"potentialAction\":[{\"@type\":\"SearchAction\",\"target\":{\"@type\":\"EntryPoint\",\"urlTemplate\":\"https:\/\/www.hairuwear.com\/nl\/?s={search_term_string}\"},\"query-input\":{\"@type\":\"PropertyValueSpecification\",\"valueRequired\":true,\"valueName\":\"search_term_string\"}}],\"inLanguage\":\"es-MX\"},{\"@type\":\"Organization\",\"@id\":\"https:\/\/www.hairuwear.com\/nl\/#organization\",\"name\":\"HairUWear\",\"url\":\"https:\/\/www.hairuwear.com\/nl\/\",\"logo\":{\"@type\":\"ImageObject\",\"inLanguage\":\"es-MX\",\"@id\":\"https:\/\/www.hairuwear.com\/nl\/#\/schema\/logo\/image\/\",\"url\":\"https:\/\/hairuwear.com\/wp-content\/uploads\/2024\/02\/HUW-logo-black-square.jpg\",\"contentUrl\":\"https:\/\/hairuwear.com\/wp-content\/uploads\/2024\/02\/HUW-logo-black-square.jpg\",\"width\":1000,\"height\":1000,\"caption\":\"HairUWear\"},\"image\":{\"@id\":\"https:\/\/www.hairuwear.com\/nl\/#\/schema\/logo\/image\/\"},\"sameAs\":[\"https:\/\/www.facebook.com\/HairUWearINC\",\"https:\/\/www.instagram.com\/hairuwear_inc\/\",\"https:\/\/www.youtube.com\/channel\/UCooHA3ZvNM3CfbjxHAUUZlg\",\"https:\/\/www.linkedin.com\/company\/hairuwear\/\",\"https:\/\/www.pinterest.com\/hairuwear\/?invite_code=060417bbf4384977ac59e5e49e9e2f4a\"]}]}<\/script>\n<!-- \/ Yoast SEO plugin. -->","yoast_head_json":{"title":"Whiteout - HairUWear","description":"The frosty silver white base and darker roots look amazing on everyone who tries this icy blonde shade. Wear it voluminous right out of the box for a cool glam girl look in seconds, or change it up! Use your hot tools to create a blizzard of curls or flat iron it smooth as ice.","robots":{"index":"index","follow":"follow","max-snippet":"max-snippet:-1","max-image-preview":"max-image-preview:large","max-video-preview":"max-video-preview:-1"},"canonical":"http:\/\/www.hairuwear.com\/es\/product\/whiteout\/","og_locale":"es_MX","og_type":"article","og_title":"Whiteout - HairUWear","og_description":"The frosty silver white base and darker roots look amazing on everyone who tries this icy blonde shade. Wear it voluminous right out of the box for a cool glam girl look in seconds, or change it up! Use your hot tools to create a blizzard of curls or flat iron it smooth as ice.","og_url":"http:\/\/www.hairuwear.com\/es\/product\/whiteout\/","og_site_name":"HairUWear","article_publisher":"https:\/\/www.facebook.com\/HairUWearINC","article_modified_time":"2023-09-20T14:28:26+00:00","og_image":[{"width":2046,"height":2560,"url":"http:\/\/www.hairuwear.com\/wp-content\/uploads\/2023\/06\/HD-Whiteout-Model-Editorial-1-scaled.jpg","type":"image\/jpeg"}],"twitter_card":"summary_large_image","schema":{"@context":"https:\/\/schema.org","@graph":[{"@type":"WebPage","@id":"http:\/\/www.hairuwear.com\/product\/whiteout\/","url":"http:\/\/www.hairuwear.com\/product\/whiteout\/","name":"Whiteout - HairUWear","isPartOf":{"@id":"https:\/\/www.hairuwear.com\/nl\/#website"},"primaryImageOfPage":{"@id":"http:\/\/www.hairuwear.com\/product\/whiteout\/#primaryimage"},"image":{"@id":"http:\/\/www.hairuwear.com\/product\/whiteout\/#primaryimage"},"thumbnailUrl":"https:\/\/www.hairuwear.com\/wp-content\/uploads\/2023\/06\/HD-Whiteout-Model-Editorial-1-scaled.jpg","datePublished":"2023-06-27T14:59:22+00:00","dateModified":"2023-09-20T14:28:26+00:00","description":"The frosty silver white base and darker roots look amazing on everyone who tries this icy blonde shade. Wear it voluminous right out of the box for a cool glam girl look in seconds, or change it up! Use your hot tools to create a blizzard of curls or flat iron it smooth as ice.","breadcrumb":{"@id":"http:\/\/www.hairuwear.com\/product\/whiteout\/#breadcrumb"},"inLanguage":"es-MX","potentialAction":[{"@type":"ReadAction","target":["http:\/\/www.hairuwear.com\/product\/whiteout\/"]}]},{"@type":"ImageObject","inLanguage":"es-MX","@id":"http:\/\/www.hairuwear.com\/product\/whiteout\/#primaryimage","url":"https:\/\/www.hairuwear.com\/wp-content\/uploads\/2023\/06\/HD-Whiteout-Model-Editorial-1-scaled.jpg","contentUrl":"https:\/\/www.hairuwear.com\/wp-content\/uploads\/2023\/06\/HD-Whiteout-Model-Editorial-1-scaled.jpg","width":2046,"height":2560,"caption":"Whiteout"},{"@type":"BreadcrumbList","@id":"http:\/\/www.hairuwear.com\/product\/whiteout\/#breadcrumb","itemListElement":[{"@type":"ListItem","position":1,"name":"Home","item":"https:\/\/www.hairuwear.com\/"},{"@type":"ListItem","position":2,"name":"Products &#038; Solutions","item":"https:\/\/www.hairuwear.com\/es\/products-solutions\/"},{"@type":"ListItem","position":3,"name":"Whiteout"}]},{"@type":"WebSite","@id":"https:\/\/www.hairuwear.com\/nl\/#website","url":"https:\/\/www.hairuwear.com\/nl\/","name":"HairUWear","description":"We inspire women and men throughout the world to see all the possibilities of alternative hair.","publisher":{"@id":"https:\/\/www.hairuwear.com\/nl\/#organization"},"potentialAction":[{"@type":"SearchAction","target":{"@type":"EntryPoint","urlTemplate":"https:\/\/www.hairuwear.com\/nl\/?s={search_term_string}"},"query-input":{"@type":"PropertyValueSpecification","valueRequired":true,"valueName":"search_term_string"}}],"inLanguage":"es-MX"},{"@type":"Organization","@id":"https:\/\/www.hairuwear.com\/nl\/#organization","name":"HairUWear","url":"https:\/\/www.hairuwear.com\/nl\/","logo":{"@type":"ImageObject","inLanguage":"es-MX","@id":"https:\/\/www.hairuwear.com\/nl\/#\/schema\/logo\/image\/","url":"https:\/\/hairuwear.com\/wp-content\/uploads\/2024\/02\/HUW-logo-black-square.jpg","contentUrl":"https:\/\/hairuwear.com\/wp-content\/uploads\/2024\/02\/HUW-logo-black-square.jpg","width":1000,"height":1000,"caption":"HairUWear"},"image":{"@id":"https:\/\/www.hairuwear.com\/nl\/#\/schema\/logo\/image\/"},"sameAs":["https:\/\/www.facebook.com\/HairUWearINC","https:\/\/www.instagram.com\/hairuwear_inc\/","https:\/\/www.youtube.com\/channel\/UCooHA3ZvNM3CfbjxHAUUZlg","https:\/\/www.linkedin.com\/company\/hairuwear\/","https:\/\/www.pinterest.com\/hairuwear\/?invite_code=060417bbf4384977ac59e5e49e9e2f4a"]}]}},"_links":{"self":[{"href":"https:\/\/www.hairuwear.com\/es\/wp-json\/wp\/v2\/product\/47462","targetHints":{"allow":["GET"]}}],"collection":[{"href":"https:\/\/www.hairuwear.com\/es\/wp-json\/wp\/v2\/product"}],"about":[{"href":"https:\/\/www.hairuwear.com\/es\/wp-json\/wp\/v2\/types\/product"}],"version-history":[{"count":1,"href":"https:\/\/www.hairuwear.com\/es\/wp-json\/wp\/v2\/product\/47462\/revisions"}],"predecessor-version":[{"id":47463,"href":"https:\/\/www.hairuwear.com\/es\/wp-json\/wp\/v2\/product\/47462\/revisions\/47463"}],"wp:featuredmedia":[{"embeddable":true,"href":"https:\/\/www.hairuwear.com\/es\/wp-json\/wp\/v2\/media\/47465"}],"wp:attachment":[{"href":"https:\/\/www.hairuwear.com\/es\/wp-json\/wp\/v2\/media?parent=47462"}],"wp:term":[{"taxonomy":"product_brand","embeddable":true,"href":"https:\/\/www.hairuwear.com\/es\/wp-json\/wp\/v2\/product_brand?post=47462"},{"taxonomy":"product_cat","embeddable":true,"href":"https:\/\/www.hairuwear.com\/es\/wp-json\/wp\/v2\/product_cat?post=47462"},{"taxonomy":"product_tag","embeddable":true,"href":"https:\/\/www.hairuwear.com\/es\/wp-json\/wp\/v2\/product_tag?post=47462"}],"curies":[{"name":"wp","href":"https:\/\/api.w.org\/{rel}","templated":true}]}}