{"id":91795,"date":"2023-01-18T09:18:55","date_gmt":"2023-01-18T15:18:55","guid":{"rendered":"https:\/\/live-huw-2023.pantheonsite.io\/?post_type=product&#038;p=91795"},"modified":"2025-04-21T11:30:38","modified_gmt":"2025-04-21T16:30:38","slug":"6-piece-straight-color-extension-kit","status":"publish","type":"product","link":"https:\/\/www.hairuwear.com\/es\/product\/6-piece-straight-color-extension-kit\/","title":{"rendered":"Kit de extensi\u00f3n de color recto de 6 piezas"},"content":{"rendered":"<div id=\"content-desktop\">\n<div id='gallery-1' class='gallery galleryid-91795 gallery-columns-6 gallery-size-full'><figure class='gallery-item'>\n\t\t\t<div class='gallery-icon landscape'>\n\t\t\t\t<img fetchpriority=\"high\" decoding=\"async\" width=\"350\" height=\"350\" src=\"https:\/\/www.hairuwear.com\/wp-content\/uploads\/2024\/08\/HD-Tru2Life-Iced-Violet-swatch.jpg\" class=\"attachment-full size-full\" alt=\"Iced Violet\" aria-describedby=\"gallery-1-221975\" \/>\n\t\t\t<\/div>\n\t\t\t\t<figcaption class='wp-caption-text gallery-caption' id='gallery-1-221975'>\n\t\t\t\tIced Violet\n\t\t\t\t<\/figcaption><\/figure><figure class='gallery-item'>\n\t\t\t<div class='gallery-icon landscape'>\n\t\t\t\t<img decoding=\"async\" width=\"350\" height=\"350\" src=\"https:\/\/www.hairuwear.com\/wp-content\/uploads\/2023\/12\/HD-Tru2Life-Berry-Sorbet-swatch.jpg\" class=\"attachment-full size-full\" alt=\"Berry Sorbet\" aria-describedby=\"gallery-1-91800\" \/>\n\t\t\t<\/div>\n\t\t\t\t<figcaption class='wp-caption-text gallery-caption' id='gallery-1-91800'>\n\t\t\t\tSorbete de bayas\n\t\t\t\t<\/figcaption><\/figure><figure class='gallery-item'>\n\t\t\t<div class='gallery-icon landscape'>\n\t\t\t\t<img decoding=\"async\" width=\"350\" height=\"350\" src=\"https:\/\/www.hairuwear.com\/wp-content\/uploads\/2023\/12\/HD-Tru2Life-Chrome-Mist-swatch.jpg\" class=\"attachment-full size-full\" alt=\"Chrome Mist\" aria-describedby=\"gallery-1-91801\" \/>\n\t\t\t<\/div>\n\t\t\t\t<figcaption class='wp-caption-text gallery-caption' id='gallery-1-91801'>\n\t\t\t\tNiebla cromada\n\t\t\t\t<\/figcaption><\/figure><figure class='gallery-item'>\n\t\t\t<div class='gallery-icon landscape'>\n\t\t\t\t<img loading=\"lazy\" decoding=\"async\" width=\"350\" height=\"350\" src=\"https:\/\/www.hairuwear.com\/wp-content\/uploads\/2023\/12\/HD-Tru2Life-Stormy-Blue-swatch.jpg\" class=\"attachment-full size-full\" alt=\"Stormy Blue\" aria-describedby=\"gallery-1-91799\" \/>\n\t\t\t<\/div>\n\t\t\t\t<figcaption class='wp-caption-text gallery-caption' id='gallery-1-91799'>\n\t\t\t\tAzul tormenta\n\t\t\t\t<\/figcaption><\/figure>\n\t\t<\/div>\n\n<\/div>\n<div id=\"content-mobile\">\n<div id='gallery-2' class='gallery galleryid-91795 gallery-columns-3 gallery-size-thumbnail'><figure class='gallery-item'>\n\t\t\t<div class='gallery-icon landscape'>\n\t\t\t\t<img loading=\"lazy\" decoding=\"async\" width=\"150\" height=\"150\" src=\"https:\/\/www.hairuwear.com\/wp-content\/uploads\/2024\/08\/HD-Tru2Life-Iced-Violet-swatch-150x150.jpg\" class=\"attachment-thumbnail size-thumbnail\" alt=\"Iced Violet\" aria-describedby=\"gallery-2-221975\" \/>\n\t\t\t<\/div>\n\t\t\t\t<figcaption class='wp-caption-text gallery-caption' id='gallery-2-221975'>\n\t\t\t\tIced Violet\n\t\t\t\t<\/figcaption><\/figure><figure class='gallery-item'>\n\t\t\t<div class='gallery-icon landscape'>\n\t\t\t\t<img loading=\"lazy\" decoding=\"async\" width=\"150\" height=\"150\" src=\"https:\/\/www.hairuwear.com\/wp-content\/uploads\/2023\/12\/HD-Tru2Life-Berry-Sorbet-swatch-150x150.jpg\" class=\"attachment-thumbnail size-thumbnail\" alt=\"Berry Sorbet\" aria-describedby=\"gallery-2-91800\" \/>\n\t\t\t<\/div>\n\t\t\t\t<figcaption class='wp-caption-text gallery-caption' id='gallery-2-91800'>\n\t\t\t\tSorbete de bayas\n\t\t\t\t<\/figcaption><\/figure><figure class='gallery-item'>\n\t\t\t<div class='gallery-icon landscape'>\n\t\t\t\t<img loading=\"lazy\" decoding=\"async\" width=\"150\" height=\"150\" src=\"https:\/\/www.hairuwear.com\/wp-content\/uploads\/2023\/12\/HD-Tru2Life-Chrome-Mist-swatch-150x150.jpg\" class=\"attachment-thumbnail size-thumbnail\" alt=\"Chrome Mist\" aria-describedby=\"gallery-2-91801\" \/>\n\t\t\t<\/div>\n\t\t\t\t<figcaption class='wp-caption-text gallery-caption' id='gallery-2-91801'>\n\t\t\t\tNiebla cromada\n\t\t\t\t<\/figcaption><\/figure><figure class='gallery-item'>\n\t\t\t<div class='gallery-icon landscape'>\n\t\t\t\t<img loading=\"lazy\" decoding=\"async\" width=\"150\" height=\"150\" src=\"https:\/\/www.hairuwear.com\/wp-content\/uploads\/2023\/12\/HD-Tru2Life-Stormy-Blue-swatch-150x150.jpg\" class=\"attachment-thumbnail size-thumbnail\" alt=\"Stormy Blue\" aria-describedby=\"gallery-2-91799\" \/>\n\t\t\t<\/div>\n\t\t\t\t<figcaption class='wp-caption-text gallery-caption' id='gallery-2-91799'>\n\t\t\t\tAzul tormenta\n\t\t\t\t<\/figcaption><\/figure>\n\t\t<\/div>\n\n<\/div>","protected":false},"excerpt":{"rendered":"<p>Colores pastel elegantes o aceros deslumbrantes que aportan el toque final al cabello. Colores met\u00e1licos suaves crean la cantidad perfecta de pop con los kits de extensi\u00f3n de color por Hairdo. Estos colores personalizados de 23\" de largo mostrar\u00e1n tu estilo \u00fanico y a\u00f1adir\u00e1n longitud con un color a la moda. Coloque las piezas alrededor de la capa superior de su cabello o crear un efecto diferente mediante la personalizaci\u00f3n de la colocaci\u00f3n.<\/p>\n<hr \/>\n<p>Incluye seis piezas de 4\u2033 de ancho y 23\u2033 de largo<\/p>\n<hr \/>\n<p>Made with <a href=\"\/es\/hairdo\/hair-types\/#HD-tru2life\" target=\"_blank\" rel=\"noopener\">Tru2Life\u00ae Cabello sint\u00e9tico resistente al calor<\/a> that can be flat-ironed, curled or blown out. (See packaging insert for complete directions.)<\/p>\n<hr \/>\n<p>Watch the <a href=\"https:\/\/youtu.be\/tiaeh83gwVQ\" target=\"_blank\" rel=\"noopener\">How To: Clip-In Extension Kit video<\/a>!<\/p>","protected":false},"featured_media":91793,"template":"","meta":[],"product_brand":[161],"product_cat":[209,174,178],"product_tag":[],"class_list":{"0":"post-91795","1":"product","2":"type-product","3":"status-publish","4":"has-post-thumbnail","6":"product_brand-hairdo","7":"product_cat-view-all","8":"product_cat-hairdo","9":"product_cat-hd-hair-extensions","10":"pa_application-type-ready-to-wear","11":"pa_brand-hairdo","12":"pa_categories-extensions","13":"pa_color-family-accent","14":"pa_department-women","15":"pa_discontinued-discontinued","16":"pa_hair-type-heat-styleable-synthetic","19":"first","20":"instock","21":"shipping-taxable","22":"product-type-simple"},"yoast_head":"<!-- This site is optimized with the Yoast SEO plugin v25.3.1 - https:\/\/yoast.com\/wordpress\/plugins\/seo\/ -->\n<title>6-Piece Straight Color Extension Kit - HairUWear<\/title>\n<meta name=\"description\" content=\"Poshly pastel or stunning steel add the ultimate hair enhancement! Soft metallic colors create the perfect amount of pop with the Color Extension Kits by Hairdo.\" \/>\n<meta name=\"robots\" content=\"index, follow, max-snippet:-1, max-image-preview:large, max-video-preview:-1\" \/>\n<link rel=\"canonical\" href=\"https:\/\/www.hairuwear.com\/es\/product\/6-piece-straight-color-extension-kit\/\" \/>\n<meta property=\"og:locale\" content=\"es_MX\" \/>\n<meta property=\"og:type\" content=\"article\" \/>\n<meta property=\"og:title\" content=\"6-Piece Straight Color Extension Kit - HairUWear\" \/>\n<meta property=\"og:description\" content=\"Poshly pastel or stunning steel add the ultimate hair enhancement! Soft metallic colors create the perfect amount of pop with the Color Extension Kits by Hairdo.\" \/>\n<meta property=\"og:url\" content=\"https:\/\/www.hairuwear.com\/es\/product\/6-piece-straight-color-extension-kit\/\" \/>\n<meta property=\"og:site_name\" content=\"HairUWear\" \/>\n<meta property=\"article:publisher\" content=\"https:\/\/www.facebook.com\/HairUWearINC\" \/>\n<meta property=\"article:modified_time\" content=\"2025-04-21T16:30:38+00:00\" \/>\n<meta property=\"og:image\" content=\"https:\/\/www.hairuwear.com\/wp-content\/uploads\/2023\/12\/HD-6-Piece-Straight-Color-Extension-Kit-Model-Front-1-scaled.jpg\" \/>\n\t<meta property=\"og:image:width\" content=\"2046\" \/>\n\t<meta property=\"og:image:height\" content=\"2560\" \/>\n\t<meta property=\"og:image:type\" content=\"image\/jpeg\" \/>\n<meta name=\"twitter:card\" content=\"summary_large_image\" \/>\n<meta name=\"twitter:label1\" content=\"Est. reading time\" \/>\n\t<meta name=\"twitter:data1\" content=\"1 minute\" \/>\n<script type=\"application\/ld+json\" class=\"yoast-schema-graph\">{\"@context\":\"https:\/\/schema.org\",\"@graph\":[{\"@type\":\"WebPage\",\"@id\":\"https:\/\/www.hairuwear.com\/fr\/product\/6-piece-straight-color-extension-kit\/\",\"url\":\"https:\/\/www.hairuwear.com\/fr\/product\/6-piece-straight-color-extension-kit\/\",\"name\":\"6-Piece Straight Color Extension Kit - HairUWear\",\"isPartOf\":{\"@id\":\"https:\/\/www.hairuwear.com\/nl\/#website\"},\"primaryImageOfPage\":{\"@id\":\"https:\/\/www.hairuwear.com\/fr\/product\/6-piece-straight-color-extension-kit\/#primaryimage\"},\"image\":{\"@id\":\"https:\/\/www.hairuwear.com\/fr\/product\/6-piece-straight-color-extension-kit\/#primaryimage\"},\"thumbnailUrl\":\"https:\/\/www.hairuwear.com\/wp-content\/uploads\/2023\/12\/HD-6-Piece-Straight-Color-Extension-Kit-Model-Front-1-scaled.jpg\",\"datePublished\":\"2023-01-18T15:18:55+00:00\",\"dateModified\":\"2025-04-21T16:30:38+00:00\",\"description\":\"Poshly pastel or stunning steel add the ultimate hair enhancement! Soft metallic colors create the perfect amount of pop with the Color Extension Kits by Hairdo.\",\"breadcrumb\":{\"@id\":\"https:\/\/www.hairuwear.com\/fr\/product\/6-piece-straight-color-extension-kit\/#breadcrumb\"},\"inLanguage\":\"es-MX\",\"potentialAction\":[{\"@type\":\"ReadAction\",\"target\":[\"https:\/\/www.hairuwear.com\/fr\/product\/6-piece-straight-color-extension-kit\/\"]}]},{\"@type\":\"ImageObject\",\"inLanguage\":\"es-MX\",\"@id\":\"https:\/\/www.hairuwear.com\/fr\/product\/6-piece-straight-color-extension-kit\/#primaryimage\",\"url\":\"https:\/\/www.hairuwear.com\/wp-content\/uploads\/2023\/12\/HD-6-Piece-Straight-Color-Extension-Kit-Model-Front-1-scaled.jpg\",\"contentUrl\":\"https:\/\/www.hairuwear.com\/wp-content\/uploads\/2023\/12\/HD-6-Piece-Straight-Color-Extension-Kit-Model-Front-1-scaled.jpg\",\"width\":2046,\"height\":2560,\"caption\":\"6-Piece Straight Color Extension Kit in Stormy Blue\"},{\"@type\":\"BreadcrumbList\",\"@id\":\"https:\/\/www.hairuwear.com\/fr\/product\/6-piece-straight-color-extension-kit\/#breadcrumb\",\"itemListElement\":[{\"@type\":\"ListItem\",\"position\":1,\"name\":\"Home\",\"item\":\"https:\/\/www.hairuwear.com\/\"},{\"@type\":\"ListItem\",\"position\":2,\"name\":\"Products &#038; Solutions\",\"item\":\"https:\/\/www.hairuwear.com\/es\/products-solutions\/\"},{\"@type\":\"ListItem\",\"position\":3,\"name\":\"6-Piece Straight Color Extension Kit\"}]},{\"@type\":\"WebSite\",\"@id\":\"https:\/\/www.hairuwear.com\/nl\/#website\",\"url\":\"https:\/\/www.hairuwear.com\/nl\/\",\"name\":\"HairUWear\",\"description\":\"We inspire women and men throughout the world to see all the possibilities of alternative hair.\",\"publisher\":{\"@id\":\"https:\/\/www.hairuwear.com\/nl\/#organization\"},\"potentialAction\":[{\"@type\":\"SearchAction\",\"target\":{\"@type\":\"EntryPoint\",\"urlTemplate\":\"https:\/\/www.hairuwear.com\/nl\/?s={search_term_string}\"},\"query-input\":{\"@type\":\"PropertyValueSpecification\",\"valueRequired\":true,\"valueName\":\"search_term_string\"}}],\"inLanguage\":\"es-MX\"},{\"@type\":\"Organization\",\"@id\":\"https:\/\/www.hairuwear.com\/nl\/#organization\",\"name\":\"HairUWear\",\"url\":\"https:\/\/www.hairuwear.com\/nl\/\",\"logo\":{\"@type\":\"ImageObject\",\"inLanguage\":\"es-MX\",\"@id\":\"https:\/\/www.hairuwear.com\/nl\/#\/schema\/logo\/image\/\",\"url\":\"https:\/\/hairuwear.com\/wp-content\/uploads\/2024\/02\/HUW-logo-black-square.jpg\",\"contentUrl\":\"https:\/\/hairuwear.com\/wp-content\/uploads\/2024\/02\/HUW-logo-black-square.jpg\",\"width\":1000,\"height\":1000,\"caption\":\"HairUWear\"},\"image\":{\"@id\":\"https:\/\/www.hairuwear.com\/nl\/#\/schema\/logo\/image\/\"},\"sameAs\":[\"https:\/\/www.facebook.com\/HairUWearINC\",\"https:\/\/www.instagram.com\/hairuwear_inc\/\",\"https:\/\/www.youtube.com\/channel\/UCooHA3ZvNM3CfbjxHAUUZlg\",\"https:\/\/www.linkedin.com\/company\/hairuwear\/\",\"https:\/\/www.pinterest.com\/hairuwear\/?invite_code=060417bbf4384977ac59e5e49e9e2f4a\"]}]}<\/script>\n<!-- \/ Yoast SEO plugin. -->","yoast_head_json":{"title":"6-Piece Straight Color Extension Kit - HairUWear","description":"Poshly pastel or stunning steel add the ultimate hair enhancement! Soft metallic colors create the perfect amount of pop with the Color Extension Kits by Hairdo.","robots":{"index":"index","follow":"follow","max-snippet":"max-snippet:-1","max-image-preview":"max-image-preview:large","max-video-preview":"max-video-preview:-1"},"canonical":"https:\/\/www.hairuwear.com\/es\/product\/6-piece-straight-color-extension-kit\/","og_locale":"es_MX","og_type":"article","og_title":"6-Piece Straight Color Extension Kit - HairUWear","og_description":"Poshly pastel or stunning steel add the ultimate hair enhancement! Soft metallic colors create the perfect amount of pop with the Color Extension Kits by Hairdo.","og_url":"https:\/\/www.hairuwear.com\/es\/product\/6-piece-straight-color-extension-kit\/","og_site_name":"HairUWear","article_publisher":"https:\/\/www.facebook.com\/HairUWearINC","article_modified_time":"2025-04-21T16:30:38+00:00","og_image":[{"width":2046,"height":2560,"url":"https:\/\/www.hairuwear.com\/wp-content\/uploads\/2023\/12\/HD-6-Piece-Straight-Color-Extension-Kit-Model-Front-1-scaled.jpg","type":"image\/jpeg"}],"twitter_card":"summary_large_image","twitter_misc":{"Est. reading time":"1 minute"},"schema":{"@context":"https:\/\/schema.org","@graph":[{"@type":"WebPage","@id":"https:\/\/www.hairuwear.com\/fr\/product\/6-piece-straight-color-extension-kit\/","url":"https:\/\/www.hairuwear.com\/fr\/product\/6-piece-straight-color-extension-kit\/","name":"6-Piece Straight Color Extension Kit - HairUWear","isPartOf":{"@id":"https:\/\/www.hairuwear.com\/nl\/#website"},"primaryImageOfPage":{"@id":"https:\/\/www.hairuwear.com\/fr\/product\/6-piece-straight-color-extension-kit\/#primaryimage"},"image":{"@id":"https:\/\/www.hairuwear.com\/fr\/product\/6-piece-straight-color-extension-kit\/#primaryimage"},"thumbnailUrl":"https:\/\/www.hairuwear.com\/wp-content\/uploads\/2023\/12\/HD-6-Piece-Straight-Color-Extension-Kit-Model-Front-1-scaled.jpg","datePublished":"2023-01-18T15:18:55+00:00","dateModified":"2025-04-21T16:30:38+00:00","description":"Poshly pastel or stunning steel add the ultimate hair enhancement! Soft metallic colors create the perfect amount of pop with the Color Extension Kits by Hairdo.","breadcrumb":{"@id":"https:\/\/www.hairuwear.com\/fr\/product\/6-piece-straight-color-extension-kit\/#breadcrumb"},"inLanguage":"es-MX","potentialAction":[{"@type":"ReadAction","target":["https:\/\/www.hairuwear.com\/fr\/product\/6-piece-straight-color-extension-kit\/"]}]},{"@type":"ImageObject","inLanguage":"es-MX","@id":"https:\/\/www.hairuwear.com\/fr\/product\/6-piece-straight-color-extension-kit\/#primaryimage","url":"https:\/\/www.hairuwear.com\/wp-content\/uploads\/2023\/12\/HD-6-Piece-Straight-Color-Extension-Kit-Model-Front-1-scaled.jpg","contentUrl":"https:\/\/www.hairuwear.com\/wp-content\/uploads\/2023\/12\/HD-6-Piece-Straight-Color-Extension-Kit-Model-Front-1-scaled.jpg","width":2046,"height":2560,"caption":"6-Piece Straight Color Extension Kit in Stormy Blue"},{"@type":"BreadcrumbList","@id":"https:\/\/www.hairuwear.com\/fr\/product\/6-piece-straight-color-extension-kit\/#breadcrumb","itemListElement":[{"@type":"ListItem","position":1,"name":"Home","item":"https:\/\/www.hairuwear.com\/"},{"@type":"ListItem","position":2,"name":"Products &#038; Solutions","item":"https:\/\/www.hairuwear.com\/es\/products-solutions\/"},{"@type":"ListItem","position":3,"name":"6-Piece Straight Color Extension Kit"}]},{"@type":"WebSite","@id":"https:\/\/www.hairuwear.com\/nl\/#website","url":"https:\/\/www.hairuwear.com\/nl\/","name":"HairUWear","description":"We inspire women and men throughout the world to see all the possibilities of alternative hair.","publisher":{"@id":"https:\/\/www.hairuwear.com\/nl\/#organization"},"potentialAction":[{"@type":"SearchAction","target":{"@type":"EntryPoint","urlTemplate":"https:\/\/www.hairuwear.com\/nl\/?s={search_term_string}"},"query-input":{"@type":"PropertyValueSpecification","valueRequired":true,"valueName":"search_term_string"}}],"inLanguage":"es-MX"},{"@type":"Organization","@id":"https:\/\/www.hairuwear.com\/nl\/#organization","name":"HairUWear","url":"https:\/\/www.hairuwear.com\/nl\/","logo":{"@type":"ImageObject","inLanguage":"es-MX","@id":"https:\/\/www.hairuwear.com\/nl\/#\/schema\/logo\/image\/","url":"https:\/\/hairuwear.com\/wp-content\/uploads\/2024\/02\/HUW-logo-black-square.jpg","contentUrl":"https:\/\/hairuwear.com\/wp-content\/uploads\/2024\/02\/HUW-logo-black-square.jpg","width":1000,"height":1000,"caption":"HairUWear"},"image":{"@id":"https:\/\/www.hairuwear.com\/nl\/#\/schema\/logo\/image\/"},"sameAs":["https:\/\/www.facebook.com\/HairUWearINC","https:\/\/www.instagram.com\/hairuwear_inc\/","https:\/\/www.youtube.com\/channel\/UCooHA3ZvNM3CfbjxHAUUZlg","https:\/\/www.linkedin.com\/company\/hairuwear\/","https:\/\/www.pinterest.com\/hairuwear\/?invite_code=060417bbf4384977ac59e5e49e9e2f4a"]}]}},"_links":{"self":[{"href":"https:\/\/www.hairuwear.com\/es\/wp-json\/wp\/v2\/product\/91795","targetHints":{"allow":["GET"]}}],"collection":[{"href":"https:\/\/www.hairuwear.com\/es\/wp-json\/wp\/v2\/product"}],"about":[{"href":"https:\/\/www.hairuwear.com\/es\/wp-json\/wp\/v2\/types\/product"}],"version-history":[{"count":5,"href":"https:\/\/www.hairuwear.com\/es\/wp-json\/wp\/v2\/product\/91795\/revisions"}],"predecessor-version":[{"id":262917,"href":"https:\/\/www.hairuwear.com\/es\/wp-json\/wp\/v2\/product\/91795\/revisions\/262917"}],"wp:featuredmedia":[{"embeddable":true,"href":"https:\/\/www.hairuwear.com\/es\/wp-json\/wp\/v2\/media\/91793"}],"wp:attachment":[{"href":"https:\/\/www.hairuwear.com\/es\/wp-json\/wp\/v2\/media?parent=91795"}],"wp:term":[{"taxonomy":"product_brand","embeddable":true,"href":"https:\/\/www.hairuwear.com\/es\/wp-json\/wp\/v2\/product_brand?post=91795"},{"taxonomy":"product_cat","embeddable":true,"href":"https:\/\/www.hairuwear.com\/es\/wp-json\/wp\/v2\/product_cat?post=91795"},{"taxonomy":"product_tag","embeddable":true,"href":"https:\/\/www.hairuwear.com\/es\/wp-json\/wp\/v2\/product_tag?post=91795"}],"curies":[{"name":"wp","href":"https:\/\/api.w.org\/{rel}","templated":true}]}}