{"id":159531,"date":"2024-04-12T11:51:02","date_gmt":"2024-04-12T16:51:02","guid":{"rendered":"https:\/\/hairuwear.com\/?page_id=159531"},"modified":"2024-09-17T15:18:05","modified_gmt":"2024-09-17T20:18:05","slug":"wig-faq","status":"publish","type":"page","link":"https:\/\/www.hairuwear.com\/fr\/wig-faq\/","title":{"rendered":"FAQ sur les perruques"},"content":{"rendered":"<div data-elementor-type=\"wp-page\" data-elementor-id=\"159531\" class=\"elementor elementor-159531\" data-elementor-post-type=\"page\">\n\t\t\t\t\t\t<section class=\"elementor-section elementor-top-section elementor-element elementor-element-36e254c elementor-section-boxed elementor-section-height-default elementor-section-height-default\" data-id=\"36e254c\" data-element_type=\"section\">\n\t\t\t\t\t\t<div class=\"elementor-container elementor-column-gap-default\">\n\t\t\t\t\t<div class=\"elementor-column elementor-col-100 elementor-top-column elementor-element elementor-element-38fb514\" data-id=\"38fb514\" data-element_type=\"column\">\n\t\t\t<div class=\"elementor-widget-wrap elementor-element-populated\">\n\t\t\t\t\t\t<div class=\"elementor-element elementor-element-b4ebd17 elementor-widget elementor-widget-heading\" data-id=\"b4ebd17\" data-element_type=\"widget\" data-widget_type=\"heading.default\">\n\t\t\t\t<div class=\"elementor-widget-container\">\n\t\t\t\t\t<h2 class=\"elementor-heading-title elementor-size-default\">FAQ sur les perruques<\/h2>\t\t\t\t<\/div>\n\t\t\t\t<\/div>\n\t\t\t\t<div class=\"elementor-element elementor-element-4cd95d8 elementor-widget elementor-widget-heading\" data-id=\"4cd95d8\" data-element_type=\"widget\" data-widget_type=\"heading.default\">\n\t\t\t\t<div class=\"elementor-widget-container\">\n\t\t\t\t\t<h3 class=\"elementor-heading-title elementor-size-default\">par hairuwear<\/h3>\t\t\t\t<\/div>\n\t\t\t\t<\/div>\n\t\t\t\t\t<\/div>\n\t\t<\/div>\n\t\t\t\t\t<\/div>\n\t\t<\/section>\n\t\t\t\t<section class=\"elementor-section elementor-top-section elementor-element elementor-element-7a4f19b elementor-section-boxed elementor-section-height-default elementor-section-height-default\" data-id=\"7a4f19b\" data-element_type=\"section\">\n\t\t\t\t\t\t<div class=\"elementor-container elementor-column-gap-wider\">\n\t\t\t\t\t<div class=\"elementor-column elementor-col-50 elementor-top-column elementor-element elementor-element-1d5131f\" data-id=\"1d5131f\" data-element_type=\"column\">\n\t\t\t<div class=\"elementor-widget-wrap elementor-element-populated\">\n\t\t\t\t\t\t<div class=\"elementor-element elementor-element-732c7c7 elementor-widget elementor-widget-heading\" data-id=\"732c7c7\" data-element_type=\"widget\" data-widget_type=\"heading.default\">\n\t\t\t\t<div class=\"elementor-widget-container\">\n\t\t\t\t\t<h4 class=\"elementor-heading-title elementor-size-default\">G\u00e9n\u00e9ral<\/h4>\t\t\t\t<\/div>\n\t\t\t\t<\/div>\n\t\t\t\t<div class=\"elementor-element elementor-element-620d6c6 elementor-widget elementor-widget-toggle\" data-id=\"620d6c6\" data-element_type=\"widget\" data-widget_type=\"toggle.default\">\n\t\t\t\t<div class=\"elementor-widget-container\">\n\t\t\t\t\t\t\t<div class=\"elementor-toggle\">\n\t\t\t\t\t\t\t<div class=\"elementor-toggle-item\">\n\t\t\t\t\t<div id=\"elementor-tab-title-1021\" class=\"elementor-tab-title\" data-tab=\"1\" role=\"button\" aria-controls=\"elementor-tab-content-1021\" aria-expanded=\"false\">\n\t\t\t\t\t\t\t\t\t\t\t\t<span class=\"elementor-toggle-icon elementor-toggle-icon-left\" aria-hidden=\"true\">\n\t\t\t\t\t\t\t\t\t\t\t\t\t\t\t<span class=\"elementor-toggle-icon-closed\"><i class=\"fas fa-caret-right\"><\/i><\/span>\n\t\t\t\t\t\t\t\t<span class=\"elementor-toggle-icon-opened\"><i class=\"elementor-toggle-icon-opened fas fa-caret-up\"><\/i><\/span>\n\t\t\t\t\t\t\t\t\t\t\t\t\t<\/span>\n\t\t\t\t\t\t\t\t\t\t\t\t<a class=\"elementor-toggle-title\" tabindex=\"0\">Comment mesurez-vous votre t\u00eate ?<\/a>\n\t\t\t\t\t<\/div>\n\n\t\t\t\t\t<div id=\"elementor-tab-content-1021\" class=\"elementor-tab-content elementor-clearfix\" data-tab=\"1\" role=\"region\" aria-labelledby=\"elementor-tab-title-1021\"><p>Trouvez la taille de votre bonnet de perruque en mesurant la circonf\u00e9rence autour de la racine des cheveux. Les perruques sur mesure n\u00e9cessitent \u00e9galement des mesures d'oreille \u00e0 oreille et d'avant en arri\u00e8re. HairUWear propose <a href=\"\/fr\/products-solutions\/?swoof=1&amp;pa_cap-size=petite\" target=\"_blank\" rel=\"noopener\">Petite<\/a>, <a href=\"\/fr\/products-solutions\/?swoof=1&amp;pa_cap-size=petite-average\" target=\"_blank\" rel=\"noopener\">Petite Average<\/a>, <a href=\"\/fr\/products-solutions\/?swoof=1&amp;pa_cap-size=average\" target=\"_blank\" rel=\"noopener\">Average<\/a>, <a href=\"\/fr\/products-solutions\/?swoof=1&amp;pa_cap-size=average-large\" target=\"_blank\" rel=\"noopener\">Average Large<\/a> et <a href=\"\/fr\/products-solutions\/?swoof=1&amp;pa_cap-size=large\" target=\"_blank\" rel=\"noopener\">Large<\/a> perruques de la taille d'un bonnet. <a href=\"https:\/\/www.youtube.com\/watch?v=lOtBUgeVL9Y\" target=\"_blank\" rel=\"noopener\">Regardez un tutoriel ici.<\/a><\/p><\/div>\n\t\t\t\t<\/div>\n\t\t\t\t\t\t\t<div class=\"elementor-toggle-item\">\n\t\t\t\t\t<div id=\"elementor-tab-title-1022\" class=\"elementor-tab-title\" data-tab=\"2\" role=\"button\" aria-controls=\"elementor-tab-content-1022\" aria-expanded=\"false\">\n\t\t\t\t\t\t\t\t\t\t\t\t<span class=\"elementor-toggle-icon elementor-toggle-icon-left\" aria-hidden=\"true\">\n\t\t\t\t\t\t\t\t\t\t\t\t\t\t\t<span class=\"elementor-toggle-icon-closed\"><i class=\"fas fa-caret-right\"><\/i><\/span>\n\t\t\t\t\t\t\t\t<span class=\"elementor-toggle-icon-opened\"><i class=\"elementor-toggle-icon-opened fas fa-caret-up\"><\/i><\/span>\n\t\t\t\t\t\t\t\t\t\t\t\t\t<\/span>\n\t\t\t\t\t\t\t\t\t\t\t\t<a class=\"elementor-toggle-title\" tabindex=\"0\">Comment mettre une perruque ?<\/a>\n\t\t\t\t\t<\/div>\n\n\t\t\t\t\t<div id=\"elementor-tab-content-1022\" class=\"elementor-tab-content elementor-clearfix\" data-tab=\"2\" role=\"region\" aria-labelledby=\"elementor-tab-title-1022\"><p>Pr\u00e9parez les cheveux longs pour le port d'une perruque en les fixant avec des \u00e9pingles \u00e0 cheveux de fa\u00e7on \u00e0 ce qu'ils soient bien enroul\u00e9s autour de la t\u00eate. <a href=\"https:\/\/www.youtube.com\/watch?v=44XiI-ylDU8\" target=\"_blank\" rel=\"noopener\">Regardez une vid\u00e9o sur l'enroulement des cheveux ici.<\/a><\/p><p>Pour mettre une perruque, commencez par la secouer l\u00e9g\u00e8rement. Les \u00e9tiquettes sont situ\u00e9es sur la nuque de la perruque. Placez l'avant de la perruque contre votre front et tirez la perruque vers l'arri\u00e8re et sur votre t\u00eate. Serrez ou desserrez les lani\u00e8res si n\u00e9cessaire. <a href=\"https:\/\/www.youtube.com\/watch?v=DrEbyWmQivk\" target=\"_blank\" rel=\"noopener\">Regardez un tutoriel sur la mise en place d'une perruque ici.<\/a><\/p><p><a href=\"\/fr\/how-to-put-on-a-wig\/\">Pour des instructions dans d'autres langues, cliquez ici.<\/a><\/p><\/div>\n\t\t\t\t<\/div>\n\t\t\t\t\t\t\t<div class=\"elementor-toggle-item\">\n\t\t\t\t\t<div id=\"elementor-tab-title-1023\" class=\"elementor-tab-title\" data-tab=\"3\" role=\"button\" aria-controls=\"elementor-tab-content-1023\" aria-expanded=\"false\">\n\t\t\t\t\t\t\t\t\t\t\t\t<span class=\"elementor-toggle-icon elementor-toggle-icon-left\" aria-hidden=\"true\">\n\t\t\t\t\t\t\t\t\t\t\t\t\t\t\t<span class=\"elementor-toggle-icon-closed\"><i class=\"fas fa-caret-right\"><\/i><\/span>\n\t\t\t\t\t\t\t\t<span class=\"elementor-toggle-icon-opened\"><i class=\"elementor-toggle-icon-opened fas fa-caret-up\"><\/i><\/span>\n\t\t\t\t\t\t\t\t\t\t\t\t\t<\/span>\n\t\t\t\t\t\t\t\t\t\t\t\t<a class=\"elementor-toggle-title\" tabindex=\"0\">Choisir une perruque<\/a>\n\t\t\t\t\t<\/div>\n\n\t\t\t\t\t<div id=\"elementor-tab-content-1023\" class=\"elementor-tab-content elementor-clearfix\" data-tab=\"3\" role=\"region\" aria-labelledby=\"elementor-tab-title-1023\"><p>Lorsque vous choisissez une perruque, vous devez tenir compte de la structure du bonnet, des caract\u00e9ristiques sp\u00e9ciales telles que les fa\u00e7ades en dentelle et les zones monofilament, des cheveux humains ou des fibres synth\u00e9tiques, ainsi que de la longueur, de la coupe, de la texture et de la couleur. <a href=\"https:\/\/www.youtube.com\/watch?v=K1yzdvaNVWI\" target=\"_blank\" rel=\"noopener\">Ce qu'il faut prendre en compte lors du choix d'une perruque.<\/a><\/p><p>D\u00e9terminer la forme de votre visage peut vous donner des suggestions de style lorsque vous choisissez une nouvelle perruque. <a href=\"\/fr\/wig-faq\/face-shape\/\">Trouvez la forme de votre visage.<\/a><\/p><\/div>\n\t\t\t\t<\/div>\n\t\t\t\t\t\t\t\t<\/div>\n\t\t\t\t\t\t<\/div>\n\t\t\t\t<\/div>\n\t\t\t\t\t<\/div>\n\t\t<\/div>\n\t\t\t\t<div class=\"elementor-column elementor-col-50 elementor-top-column elementor-element elementor-element-33a530a\" data-id=\"33a530a\" data-element_type=\"column\">\n\t\t\t<div class=\"elementor-widget-wrap elementor-element-populated\">\n\t\t\t\t\t\t<div class=\"elementor-element elementor-element-b4d8392 elementor-widget elementor-widget-heading\" data-id=\"b4d8392\" data-element_type=\"widget\" data-widget_type=\"heading.default\">\n\t\t\t\t<div class=\"elementor-widget-container\">\n\t\t\t\t\t<h4 class=\"elementor-heading-title elementor-size-default\">Styling &amp; Care<\/h4>\t\t\t\t<\/div>\n\t\t\t\t<\/div>\n\t\t\t\t<div class=\"elementor-element elementor-element-a97b246 elementor-widget elementor-widget-toggle\" data-id=\"a97b246\" data-element_type=\"widget\" data-widget_type=\"toggle.default\">\n\t\t\t\t<div class=\"elementor-widget-container\">\n\t\t\t\t\t\t\t<div class=\"elementor-toggle\">\n\t\t\t\t\t\t\t<div class=\"elementor-toggle-item\">\n\t\t\t\t\t<div id=\"elementor-tab-title-1771\" class=\"elementor-tab-title\" data-tab=\"1\" role=\"button\" aria-controls=\"elementor-tab-content-1771\" aria-expanded=\"false\">\n\t\t\t\t\t\t\t\t\t\t\t\t<span class=\"elementor-toggle-icon elementor-toggle-icon-left\" aria-hidden=\"true\">\n\t\t\t\t\t\t\t\t\t\t\t\t\t\t\t<span class=\"elementor-toggle-icon-closed\"><i class=\"fas fa-caret-right\"><\/i><\/span>\n\t\t\t\t\t\t\t\t<span class=\"elementor-toggle-icon-opened\"><i class=\"elementor-toggle-icon-opened fas fa-caret-up\"><\/i><\/span>\n\t\t\t\t\t\t\t\t\t\t\t\t\t<\/span>\n\t\t\t\t\t\t\t\t\t\t\t\t<a class=\"elementor-toggle-title\" tabindex=\"0\">D\u00e9ballage de la perruque<\/a>\n\t\t\t\t\t<\/div>\n\n\t\t\t\t\t<div id=\"elementor-tab-content-1771\" class=\"elementor-tab-content elementor-clearfix\" data-tab=\"1\" role=\"region\" aria-labelledby=\"elementor-tab-title-1771\"><p>Certaines perruques sont emball\u00e9es \u00e0 l'envers pour pr\u00e9server leur style. Lorsque vous recevez votre nouvelle perruque, veillez \u00e0 lire toutes les instructions figurant dans la bo\u00eete, sur l'\u00e9tiquette de suspension et sur les \u00e9tiquettes \u00e0 l'int\u00e9rieur de la perruque. <a href=\"https:\/\/www.youtube.com\/watch?v=TEt1udiYTNU\" target=\"_blank\" rel=\"noopener\">Ce qu'il faut garder \u00e0 l'esprit lors du d\u00e9ballage d'une perruque.<\/a><\/p><p>Certaines perruques sont dot\u00e9es d'une doublure protectrice qui offre une protection hygi\u00e9nique suppl\u00e9mentaire. <a href=\"https:\/\/www.youtube.com\/watch?v=pQZ3x5JMAgw\" target=\"_blank\" rel=\"noopener\">Qu'est-ce qu'une doublure de protection ?<\/a> Essayez la perruque avec la doublure protectrice en place. Comme la doublure ne s'\u00e9tire pas, l'ajustement peut sembler serr\u00e9 et\/ou la perruque peut ne pas se tenir correctement. Ne jugez pas la coupe avec la doublure protectrice en place. Si vous aimez votre nouvelle perruque et que vous avez d\u00e9cid\u00e9 de la garder, il est temps de retirer la doublure protectrice. Retirez la doublure protectrice en coupant soigneusement les fils qui la fixent au bonnet de la perruque. Une petite paire de ciseaux ou un d\u00e9couseur conviennent le mieux. Travaillez lentement et veillez \u00e0 ne pas tirer, d\u00e9chirer ou couper le bonnet de perruque. <em>La perruque ne peut \u00eatre ni rembours\u00e9e ni \u00e9chang\u00e9e si la doublure ou l'\u00e9tiquette a \u00e9t\u00e9 enlev\u00e9e.<\/em><\/p><\/div>\n\t\t\t\t<\/div>\n\t\t\t\t\t\t\t<div class=\"elementor-toggle-item\">\n\t\t\t\t\t<div id=\"elementor-tab-title-1772\" class=\"elementor-tab-title\" data-tab=\"2\" role=\"button\" aria-controls=\"elementor-tab-content-1772\" aria-expanded=\"false\">\n\t\t\t\t\t\t\t\t\t\t\t\t<span class=\"elementor-toggle-icon elementor-toggle-icon-left\" aria-hidden=\"true\">\n\t\t\t\t\t\t\t\t\t\t\t\t\t\t\t<span class=\"elementor-toggle-icon-closed\"><i class=\"fas fa-caret-right\"><\/i><\/span>\n\t\t\t\t\t\t\t\t<span class=\"elementor-toggle-icon-opened\"><i class=\"elementor-toggle-icon-opened fas fa-caret-up\"><\/i><\/span>\n\t\t\t\t\t\t\t\t\t\t\t\t\t<\/span>\n\t\t\t\t\t\t\t\t\t\t\t\t<a class=\"elementor-toggle-title\" tabindex=\"0\">Comment coiffer et entretenir une perruque<\/a>\n\t\t\t\t\t<\/div>\n\n\t\t\t\t\t<div id=\"elementor-tab-content-1772\" class=\"elementor-tab-content elementor-clearfix\" data-tab=\"2\" role=\"region\" aria-labelledby=\"elementor-tab-title-1772\"><p>Les instructions d'entretien d\u00e9pendent des fibres capillaires de la perruque.<\/p><p><a href=\"\/fr\/hair-fibers-care\/#huw-kff\" target=\"_blank\" rel=\"noopener\">Kanekalon Flexlite Fiber Care<\/a><\/p><p><a href=\"\/fr\/hair-fibers-care\/#huw-kehfsh\" target=\"_blank\" rel=\"noopener\">Kanekalon Excelle - Soins pour cheveux synth\u00e9tiques r\u00e9sistants \u00e0 la chaleur<\/a><\/p><p><a href=\"\/fr\/hair-fibers-care\/#huw-t2l\" target=\"_blank\" rel=\"noopener\">Tru2Life Soins pour cheveux synth\u00e9tiques r\u00e9sistants \u00e0 la chaleur<\/a><\/p><p><a href=\"\/fr\/hair-fibers-care\/#huw-kvf\" target=\"_blank\" rel=\"noopener\">Kanekalon Vibralite Soins des fibres<\/a><\/p><p><a href=\"\/fr\/hair-fibers-care\/#huw-crhh\" target=\"_blank\" rel=\"noopener\">Soins capillaires certifi\u00e9s Remy<\/a><\/p><p><a href=\"\/fr\/hair-fibers-care\/#huw-hh\" target=\"_blank\" rel=\"noopener\">Soins des cheveux humains<\/a><\/p><\/div>\n\t\t\t\t<\/div>\n\t\t\t\t\t\t\t<div class=\"elementor-toggle-item\">\n\t\t\t\t\t<div id=\"elementor-tab-title-1773\" class=\"elementor-tab-title\" data-tab=\"3\" role=\"button\" aria-controls=\"elementor-tab-content-1773\" aria-expanded=\"false\">\n\t\t\t\t\t\t\t\t\t\t\t\t<span class=\"elementor-toggle-icon elementor-toggle-icon-left\" aria-hidden=\"true\">\n\t\t\t\t\t\t\t\t\t\t\t\t\t\t\t<span class=\"elementor-toggle-icon-closed\"><i class=\"fas fa-caret-right\"><\/i><\/span>\n\t\t\t\t\t\t\t\t<span class=\"elementor-toggle-icon-opened\"><i class=\"elementor-toggle-icon-opened fas fa-caret-up\"><\/i><\/span>\n\t\t\t\t\t\t\t\t\t\t\t\t\t<\/span>\n\t\t\t\t\t\t\t\t\t\t\t\t<a class=\"elementor-toggle-title\" tabindex=\"0\">Comment laver une perruque<\/a>\n\t\t\t\t\t<\/div>\n\n\t\t\t\t\t<div id=\"elementor-tab-content-1773\" class=\"elementor-tab-content elementor-clearfix\" data-tab=\"3\" role=\"region\" aria-labelledby=\"elementor-tab-title-1773\"><p>Prenez soin de laver votre perruque synth\u00e9tique en suivant ces \u00e9tapes faciles pour d\u00e9m\u00ealer, nettoyer, rincer et s\u00e9cher en douceur. <a href=\"https:\/\/www.youtube.com\/watch?v=ymohn4XDcII\" target=\"_blank\" rel=\"noopener\">Etapes pour d\u00e9m\u00ealer, nettoyer, rincer et s\u00e9cher en douceur les perruques synth\u00e9tiques.<\/a> En outre, veuillez lire les instructions d'entretien fournies avec votre perruque Raquel Welch, Gabor, Hairdo ou HIM.<\/p><p>Pour lisser les fibres Tru2Life ou Excelle r\u00e9sistantes \u00e0 la chaleur : laver, conditionner et vaporiser avec <a href=\"\/fr\/product\/restore\/\" target=\"_blank\" rel=\"noopener\">Conditionneur sans rin\u00e7age Restore<\/a> de HairUWear, puis s\u00e9chez-les en utilisant une chaleur faible \u00e0 moyenne. La fibre sera endommag\u00e9e si la chaleur est trop \u00e9lev\u00e9e. Il est d\u00e9conseill\u00e9 de boucler, de s\u00e9cher ou de lisser les cheveux pendant que vous les portez ; la fibre synth\u00e9tique thermocompatible devient tr\u00e8s chaude et peut provoquer des br\u00fblures. <a href=\"https:\/\/www.youtube.com\/watch?v=dt3nWKdB6Ew\" target=\"_blank\" rel=\"noopener\">Comment maintenir les fibres \u00e0 temp\u00e9rature agr\u00e9able.<\/a><\/p><\/div>\n\t\t\t\t<\/div>\n\t\t\t\t\t\t\t\t<\/div>\n\t\t\t\t\t\t<\/div>\n\t\t\t\t<\/div>\n\t\t\t\t\t<\/div>\n\t\t<\/div>\n\t\t\t\t\t<\/div>\n\t\t<\/section>\n\t\t\t\t<\/div>","protected":false},"excerpt":{"rendered":"<p>Wig FAQ's by hairuwear General Comment mesurer votre t\u00eate ? Trouvez la taille de votre bonnet de perruque en mesurant la circonf\u00e9rence autour de la racine des cheveux. Les perruques sur mesure n\u00e9cessitent \u00e9galement des mesures d'une oreille \u00e0 l'autre et de l'avant \u00e0 l'arri\u00e8re. HairUWear propose des perruques de taille Petite, Petite Moyenne, Moyenne, Moyenne Grande et Grande. Regardez un tutoriel ici. Comment [...]<\/p>","protected":false},"author":2,"featured_media":33245,"parent":0,"menu_order":0,"comment_status":"closed","ping_status":"closed","template":"page-templates\/homepage.php","meta":{"footnotes":""},"class_list":["post-159531","page","type-page","status-publish","has-post-thumbnail","hentry"],"yoast_head":"<!-- This site is optimized with the Yoast SEO plugin v25.3.1 - https:\/\/yoast.com\/wordpress\/plugins\/seo\/ -->\n<title>Wig FAQ&#039;s - HairUWear<\/title>\n<meta name=\"robots\" content=\"index, follow, max-snippet:-1, max-image-preview:large, max-video-preview:-1\" \/>\n<link rel=\"canonical\" href=\"http:\/\/www.hairuwear.com\/fr\/wig-faq\/\" \/>\n<meta property=\"og:locale\" content=\"fr_FR\" \/>\n<meta property=\"og:type\" content=\"article\" \/>\n<meta property=\"og:title\" content=\"Wig FAQ&#039;s - HairUWear\" \/>\n<meta property=\"og:description\" content=\"Wig FAQ&#8217;s by hairuwear General How do you measure your head? Find your wig cap size by measuring the circumference around the hairline. Custom wigs require ear to ear and front to back measurements as well. HairUWear offers Petite, Petite Average, Average, Average Large and Large cap size wigs. Watch a tutorial here. How do [&hellip;]\" \/>\n<meta property=\"og:url\" content=\"http:\/\/www.hairuwear.com\/fr\/wig-faq\/\" \/>\n<meta property=\"og:site_name\" content=\"HairUWear\" \/>\n<meta property=\"article:publisher\" content=\"https:\/\/www.facebook.com\/HairUWearINC\" \/>\n<meta property=\"article:modified_time\" content=\"2024-09-17T20:18:05+00:00\" \/>\n<meta property=\"og:image\" content=\"http:\/\/www.hairuwear.com\/wp-content\/uploads\/2022\/08\/RW-Group-Model-Cool-Tones-2019-1-square-scaled.jpg\" \/>\n\t<meta property=\"og:image:width\" content=\"2560\" \/>\n\t<meta property=\"og:image:height\" content=\"2560\" \/>\n\t<meta property=\"og:image:type\" content=\"image\/jpeg\" \/>\n<meta name=\"twitter:card\" content=\"summary_large_image\" \/>\n<meta name=\"twitter:label1\" content=\"Est. reading time\" \/>\n\t<meta name=\"twitter:data1\" content=\"3 minutes\" \/>\n<script type=\"application\/ld+json\" class=\"yoast-schema-graph\">{\"@context\":\"https:\/\/schema.org\",\"@graph\":[{\"@type\":\"WebPage\",\"@id\":\"http:\/\/www.hairuwear.com\/wig-faq\/\",\"url\":\"http:\/\/www.hairuwear.com\/wig-faq\/\",\"name\":\"Wig FAQ's - HairUWear\",\"isPartOf\":{\"@id\":\"https:\/\/www.hairuwear.com\/nl\/#website\"},\"primaryImageOfPage\":{\"@id\":\"http:\/\/www.hairuwear.com\/wig-faq\/#primaryimage\"},\"image\":{\"@id\":\"http:\/\/www.hairuwear.com\/wig-faq\/#primaryimage\"},\"thumbnailUrl\":\"https:\/\/www.hairuwear.com\/wp-content\/uploads\/2022\/08\/RW-Group-Model-Cool-Tones-2019-1-square-scaled.jpg\",\"datePublished\":\"2024-04-12T16:51:02+00:00\",\"dateModified\":\"2024-09-17T20:18:05+00:00\",\"breadcrumb\":{\"@id\":\"http:\/\/www.hairuwear.com\/wig-faq\/#breadcrumb\"},\"inLanguage\":\"fr-FR\",\"potentialAction\":[{\"@type\":\"ReadAction\",\"target\":[\"http:\/\/www.hairuwear.com\/wig-faq\/\"]}]},{\"@type\":\"ImageObject\",\"inLanguage\":\"fr-FR\",\"@id\":\"http:\/\/www.hairuwear.com\/wig-faq\/#primaryimage\",\"url\":\"https:\/\/www.hairuwear.com\/wp-content\/uploads\/2022\/08\/RW-Group-Model-Cool-Tones-2019-1-square-scaled.jpg\",\"contentUrl\":\"https:\/\/www.hairuwear.com\/wp-content\/uploads\/2022\/08\/RW-Group-Model-Cool-Tones-2019-1-square-scaled.jpg\",\"width\":2560,\"height\":2560,\"caption\":\"Models wearing Raquel Welch wigs in cool tones\"},{\"@type\":\"BreadcrumbList\",\"@id\":\"http:\/\/www.hairuwear.com\/wig-faq\/#breadcrumb\",\"itemListElement\":[{\"@type\":\"ListItem\",\"position\":1,\"name\":\"Home\",\"item\":\"https:\/\/www.hairuwear.com\/\"},{\"@type\":\"ListItem\",\"position\":2,\"name\":\"Wig FAQ&#8217;s\"}]},{\"@type\":\"WebSite\",\"@id\":\"https:\/\/www.hairuwear.com\/nl\/#website\",\"url\":\"https:\/\/www.hairuwear.com\/nl\/\",\"name\":\"HairUWear\",\"description\":\"We inspire women and men throughout the world to see all the possibilities of alternative hair.\",\"publisher\":{\"@id\":\"https:\/\/www.hairuwear.com\/nl\/#organization\"},\"potentialAction\":[{\"@type\":\"SearchAction\",\"target\":{\"@type\":\"EntryPoint\",\"urlTemplate\":\"https:\/\/www.hairuwear.com\/nl\/?s={search_term_string}\"},\"query-input\":{\"@type\":\"PropertyValueSpecification\",\"valueRequired\":true,\"valueName\":\"search_term_string\"}}],\"inLanguage\":\"fr-FR\"},{\"@type\":\"Organization\",\"@id\":\"https:\/\/www.hairuwear.com\/nl\/#organization\",\"name\":\"HairUWear\",\"url\":\"https:\/\/www.hairuwear.com\/nl\/\",\"logo\":{\"@type\":\"ImageObject\",\"inLanguage\":\"fr-FR\",\"@id\":\"https:\/\/www.hairuwear.com\/nl\/#\/schema\/logo\/image\/\",\"url\":\"https:\/\/hairuwear.com\/wp-content\/uploads\/2024\/02\/HUW-logo-black-square.jpg\",\"contentUrl\":\"https:\/\/hairuwear.com\/wp-content\/uploads\/2024\/02\/HUW-logo-black-square.jpg\",\"width\":1000,\"height\":1000,\"caption\":\"HairUWear\"},\"image\":{\"@id\":\"https:\/\/www.hairuwear.com\/nl\/#\/schema\/logo\/image\/\"},\"sameAs\":[\"https:\/\/www.facebook.com\/HairUWearINC\",\"https:\/\/www.instagram.com\/hairuwear_inc\/\",\"https:\/\/www.youtube.com\/channel\/UCooHA3ZvNM3CfbjxHAUUZlg\",\"https:\/\/www.linkedin.com\/company\/hairuwear\/\",\"https:\/\/www.pinterest.com\/hairuwear\/?invite_code=060417bbf4384977ac59e5e49e9e2f4a\"]}]}<\/script>\n<!-- \/ Yoast SEO plugin. -->","yoast_head_json":{"title":"Wig FAQ's - HairUWear","robots":{"index":"index","follow":"follow","max-snippet":"max-snippet:-1","max-image-preview":"max-image-preview:large","max-video-preview":"max-video-preview:-1"},"canonical":"http:\/\/www.hairuwear.com\/fr\/wig-faq\/","og_locale":"fr_FR","og_type":"article","og_title":"Wig FAQ's - HairUWear","og_description":"Wig FAQ&#8217;s by hairuwear General How do you measure your head? Find your wig cap size by measuring the circumference around the hairline. Custom wigs require ear to ear and front to back measurements as well. HairUWear offers Petite, Petite Average, Average, Average Large and Large cap size wigs. Watch a tutorial here. How do [&hellip;]","og_url":"http:\/\/www.hairuwear.com\/fr\/wig-faq\/","og_site_name":"HairUWear","article_publisher":"https:\/\/www.facebook.com\/HairUWearINC","article_modified_time":"2024-09-17T20:18:05+00:00","og_image":[{"width":2560,"height":2560,"url":"http:\/\/www.hairuwear.com\/wp-content\/uploads\/2022\/08\/RW-Group-Model-Cool-Tones-2019-1-square-scaled.jpg","type":"image\/jpeg"}],"twitter_card":"summary_large_image","twitter_misc":{"Est. reading time":"3 minutes"},"schema":{"@context":"https:\/\/schema.org","@graph":[{"@type":"WebPage","@id":"http:\/\/www.hairuwear.com\/wig-faq\/","url":"http:\/\/www.hairuwear.com\/wig-faq\/","name":"Wig FAQ's - HairUWear","isPartOf":{"@id":"https:\/\/www.hairuwear.com\/nl\/#website"},"primaryImageOfPage":{"@id":"http:\/\/www.hairuwear.com\/wig-faq\/#primaryimage"},"image":{"@id":"http:\/\/www.hairuwear.com\/wig-faq\/#primaryimage"},"thumbnailUrl":"https:\/\/www.hairuwear.com\/wp-content\/uploads\/2022\/08\/RW-Group-Model-Cool-Tones-2019-1-square-scaled.jpg","datePublished":"2024-04-12T16:51:02+00:00","dateModified":"2024-09-17T20:18:05+00:00","breadcrumb":{"@id":"http:\/\/www.hairuwear.com\/wig-faq\/#breadcrumb"},"inLanguage":"fr-FR","potentialAction":[{"@type":"ReadAction","target":["http:\/\/www.hairuwear.com\/wig-faq\/"]}]},{"@type":"ImageObject","inLanguage":"fr-FR","@id":"http:\/\/www.hairuwear.com\/wig-faq\/#primaryimage","url":"https:\/\/www.hairuwear.com\/wp-content\/uploads\/2022\/08\/RW-Group-Model-Cool-Tones-2019-1-square-scaled.jpg","contentUrl":"https:\/\/www.hairuwear.com\/wp-content\/uploads\/2022\/08\/RW-Group-Model-Cool-Tones-2019-1-square-scaled.jpg","width":2560,"height":2560,"caption":"Models wearing Raquel Welch wigs in cool tones"},{"@type":"BreadcrumbList","@id":"http:\/\/www.hairuwear.com\/wig-faq\/#breadcrumb","itemListElement":[{"@type":"ListItem","position":1,"name":"Home","item":"https:\/\/www.hairuwear.com\/"},{"@type":"ListItem","position":2,"name":"Wig FAQ&#8217;s"}]},{"@type":"WebSite","@id":"https:\/\/www.hairuwear.com\/nl\/#website","url":"https:\/\/www.hairuwear.com\/nl\/","name":"HairUWear","description":"We inspire women and men throughout the world to see all the possibilities of alternative hair.","publisher":{"@id":"https:\/\/www.hairuwear.com\/nl\/#organization"},"potentialAction":[{"@type":"SearchAction","target":{"@type":"EntryPoint","urlTemplate":"https:\/\/www.hairuwear.com\/nl\/?s={search_term_string}"},"query-input":{"@type":"PropertyValueSpecification","valueRequired":true,"valueName":"search_term_string"}}],"inLanguage":"fr-FR"},{"@type":"Organization","@id":"https:\/\/www.hairuwear.com\/nl\/#organization","name":"HairUWear","url":"https:\/\/www.hairuwear.com\/nl\/","logo":{"@type":"ImageObject","inLanguage":"fr-FR","@id":"https:\/\/www.hairuwear.com\/nl\/#\/schema\/logo\/image\/","url":"https:\/\/hairuwear.com\/wp-content\/uploads\/2024\/02\/HUW-logo-black-square.jpg","contentUrl":"https:\/\/hairuwear.com\/wp-content\/uploads\/2024\/02\/HUW-logo-black-square.jpg","width":1000,"height":1000,"caption":"HairUWear"},"image":{"@id":"https:\/\/www.hairuwear.com\/nl\/#\/schema\/logo\/image\/"},"sameAs":["https:\/\/www.facebook.com\/HairUWearINC","https:\/\/www.instagram.com\/hairuwear_inc\/","https:\/\/www.youtube.com\/channel\/UCooHA3ZvNM3CfbjxHAUUZlg","https:\/\/www.linkedin.com\/company\/hairuwear\/","https:\/\/www.pinterest.com\/hairuwear\/?invite_code=060417bbf4384977ac59e5e49e9e2f4a"]}]}},"_links":{"self":[{"href":"https:\/\/www.hairuwear.com\/fr\/wp-json\/wp\/v2\/pages\/159531","targetHints":{"allow":["GET"]}}],"collection":[{"href":"https:\/\/www.hairuwear.com\/fr\/wp-json\/wp\/v2\/pages"}],"about":[{"href":"https:\/\/www.hairuwear.com\/fr\/wp-json\/wp\/v2\/types\/page"}],"author":[{"embeddable":true,"href":"https:\/\/www.hairuwear.com\/fr\/wp-json\/wp\/v2\/users\/2"}],"replies":[{"embeddable":true,"href":"https:\/\/www.hairuwear.com\/fr\/wp-json\/wp\/v2\/comments?post=159531"}],"version-history":[{"count":21,"href":"https:\/\/www.hairuwear.com\/fr\/wp-json\/wp\/v2\/pages\/159531\/revisions"}],"predecessor-version":[{"id":245297,"href":"https:\/\/www.hairuwear.com\/fr\/wp-json\/wp\/v2\/pages\/159531\/revisions\/245297"}],"wp:featuredmedia":[{"embeddable":true,"href":"https:\/\/www.hairuwear.com\/fr\/wp-json\/wp\/v2\/media\/33245"}],"wp:attachment":[{"href":"https:\/\/www.hairuwear.com\/fr\/wp-json\/wp\/v2\/media?parent=159531"}],"curies":[{"name":"wp","href":"https:\/\/api.w.org\/{rel}","templated":true}]}}