{"id":120738,"date":"2024-02-09T13:20:23","date_gmt":"2024-02-09T19:20:23","guid":{"rendered":"https:\/\/hairuwear.com\/?post_type=product&#038;p=120738"},"modified":"2024-02-29T06:59:17","modified_gmt":"2024-02-29T12:59:17","slug":"necessities-travel-kit","status":"publish","type":"product","link":"https:\/\/www.hairuwear.com\/fr\/product\/necessities-travel-kit\/","title":{"rendered":"NOUVEAU ! Necessities Travel Kit"},"content":{"rendered":"","protected":false},"excerpt":{"rendered":"<p>Ce kit de voyage pratique est parfait pour l'entretien en d\u00e9placement des perruques synth\u00e9tiques, des postiches et des extensions. Comprend 3,4 oz <a href=\"\/fr\/product\/cleanse\/\" target=\"_blank\" rel=\"noopener\">Cleanse<\/a>, 3.4oz <a href=\"\/fr\/product\/restore\/\" target=\"_blank\" rel=\"noopener\">Restore<\/a>, 3.4oz <a href=\"\/fr\/product\/protect\/\">Prot\u00e9ger<\/a>et notre <a href=\"\/fr\/product\/detangling-comb\/\">Detangling Comb<\/a> pour un d\u00e9m\u00ealage sans \u00e9lectricit\u00e9 statique tout au long de la journ\u00e9e. Le tout dans un sac transparent \u00e0 fermeture \u00e9clair pour r\u00e9pondre aux normes TSA.<\/p>\n<hr \/>\n<p>Gentle nourishing and specially formulated for synthetic hair, HairUWear hair care products are environmentally safe and contain no animal products. Absolutely no animal testing involved.<\/p>","protected":false},"featured_media":120740,"template":"","meta":[],"product_brand":[],"product_cat":[209,208],"product_tag":[],"class_list":{"0":"post-120738","1":"product","2":"type-product","3":"status-publish","4":"has-post-thumbnail","6":"product_cat-view-all","7":"product_cat-huw-hair-care","8":"pa_categories-styling-and-care-products","11":"first","12":"instock","13":"shipping-taxable","14":"product-type-simple"},"yoast_head":"<!-- This site is optimized with the Yoast SEO plugin v25.3.1 - https:\/\/yoast.com\/wordpress\/plugins\/seo\/ -->\n<title>NEW! Necessities Travel Kit - HairUWear<\/title>\n<meta name=\"robots\" content=\"index, follow, max-snippet:-1, max-image-preview:large, max-video-preview:-1\" \/>\n<link rel=\"canonical\" href=\"https:\/\/www.hairuwear.com\/fr\/product\/necessities-travel-kit\/\" \/>\n<meta property=\"og:locale\" content=\"fr_FR\" \/>\n<meta property=\"og:type\" content=\"article\" \/>\n<meta property=\"og:title\" content=\"NEW! Necessities Travel Kit - HairUWear\" \/>\n<meta property=\"og:description\" content=\"This convenient travel kit is perfect for on-the-go care for synthetic wigs, hairpieces and extensions. Includes 3.4oz Cleanse, 3.4oz Restore, 3.4oz Protect, and our Detangling Comb for static-free detangling throughout the day. All in a transparent zippered bag to meet TSA standards.    Gentle nourishing and specially formulated for synthetic hair, HairUWear hair care products are environmentally safe and contain no animal products. Absolutely no animal testing involved.\" \/>\n<meta property=\"og:url\" content=\"https:\/\/www.hairuwear.com\/fr\/product\/necessities-travel-kit\/\" \/>\n<meta property=\"og:site_name\" content=\"HairUWear\" \/>\n<meta property=\"article:publisher\" content=\"https:\/\/www.facebook.com\/HairUWearINC\" \/>\n<meta property=\"article:modified_time\" content=\"2024-02-29T12:59:17+00:00\" \/>\n<meta property=\"og:image\" content=\"https:\/\/www.hairuwear.com\/wp-content\/uploads\/2024\/02\/HUW-Necessities-Travel-Kit-scaled.jpg\" \/>\n\t<meta property=\"og:image:width\" content=\"2046\" \/>\n\t<meta property=\"og:image:height\" content=\"2560\" \/>\n\t<meta property=\"og:image:type\" content=\"image\/jpeg\" \/>\n<meta name=\"twitter:card\" content=\"summary_large_image\" \/>\n<script type=\"application\/ld+json\" class=\"yoast-schema-graph\">{\"@context\":\"https:\/\/schema.org\",\"@graph\":[{\"@type\":\"WebPage\",\"@id\":\"https:\/\/www.hairuwear.com\/da\/product\/necessities-travel-kit\/\",\"url\":\"https:\/\/www.hairuwear.com\/da\/product\/necessities-travel-kit\/\",\"name\":\"NEW! Necessities Travel Kit - HairUWear\",\"isPartOf\":{\"@id\":\"https:\/\/www.hairuwear.com\/nl\/#website\"},\"primaryImageOfPage\":{\"@id\":\"https:\/\/www.hairuwear.com\/da\/product\/necessities-travel-kit\/#primaryimage\"},\"image\":{\"@id\":\"https:\/\/www.hairuwear.com\/da\/product\/necessities-travel-kit\/#primaryimage\"},\"thumbnailUrl\":\"https:\/\/www.hairuwear.com\/wp-content\/uploads\/2024\/02\/HUW-Necessities-Travel-Kit-scaled.jpg\",\"datePublished\":\"2024-02-09T19:20:23+00:00\",\"dateModified\":\"2024-02-29T12:59:17+00:00\",\"breadcrumb\":{\"@id\":\"https:\/\/www.hairuwear.com\/da\/product\/necessities-travel-kit\/#breadcrumb\"},\"inLanguage\":\"fr-FR\",\"potentialAction\":[{\"@type\":\"ReadAction\",\"target\":[\"https:\/\/www.hairuwear.com\/da\/product\/necessities-travel-kit\/\"]}]},{\"@type\":\"ImageObject\",\"inLanguage\":\"fr-FR\",\"@id\":\"https:\/\/www.hairuwear.com\/da\/product\/necessities-travel-kit\/#primaryimage\",\"url\":\"https:\/\/www.hairuwear.com\/wp-content\/uploads\/2024\/02\/HUW-Necessities-Travel-Kit-scaled.jpg\",\"contentUrl\":\"https:\/\/www.hairuwear.com\/wp-content\/uploads\/2024\/02\/HUW-Necessities-Travel-Kit-scaled.jpg\",\"width\":2046,\"height\":2560,\"caption\":\"Necessities Travel Kit\"},{\"@type\":\"BreadcrumbList\",\"@id\":\"https:\/\/www.hairuwear.com\/da\/product\/necessities-travel-kit\/#breadcrumb\",\"itemListElement\":[{\"@type\":\"ListItem\",\"position\":1,\"name\":\"Home\",\"item\":\"https:\/\/www.hairuwear.com\/\"},{\"@type\":\"ListItem\",\"position\":2,\"name\":\"Products &#038; Solutions\",\"item\":\"https:\/\/www.hairuwear.com\/es\/products-solutions\/\"},{\"@type\":\"ListItem\",\"position\":3,\"name\":\"NEW! Necessities Travel Kit\"}]},{\"@type\":\"WebSite\",\"@id\":\"https:\/\/www.hairuwear.com\/nl\/#website\",\"url\":\"https:\/\/www.hairuwear.com\/nl\/\",\"name\":\"HairUWear\",\"description\":\"We inspire women and men throughout the world to see all the possibilities of alternative hair.\",\"publisher\":{\"@id\":\"https:\/\/www.hairuwear.com\/nl\/#organization\"},\"potentialAction\":[{\"@type\":\"SearchAction\",\"target\":{\"@type\":\"EntryPoint\",\"urlTemplate\":\"https:\/\/www.hairuwear.com\/nl\/?s={search_term_string}\"},\"query-input\":{\"@type\":\"PropertyValueSpecification\",\"valueRequired\":true,\"valueName\":\"search_term_string\"}}],\"inLanguage\":\"fr-FR\"},{\"@type\":\"Organization\",\"@id\":\"https:\/\/www.hairuwear.com\/nl\/#organization\",\"name\":\"HairUWear\",\"url\":\"https:\/\/www.hairuwear.com\/nl\/\",\"logo\":{\"@type\":\"ImageObject\",\"inLanguage\":\"fr-FR\",\"@id\":\"https:\/\/www.hairuwear.com\/nl\/#\/schema\/logo\/image\/\",\"url\":\"https:\/\/hairuwear.com\/wp-content\/uploads\/2024\/02\/HUW-logo-black-square.jpg\",\"contentUrl\":\"https:\/\/hairuwear.com\/wp-content\/uploads\/2024\/02\/HUW-logo-black-square.jpg\",\"width\":1000,\"height\":1000,\"caption\":\"HairUWear\"},\"image\":{\"@id\":\"https:\/\/www.hairuwear.com\/nl\/#\/schema\/logo\/image\/\"},\"sameAs\":[\"https:\/\/www.facebook.com\/HairUWearINC\",\"https:\/\/www.instagram.com\/hairuwear_inc\/\",\"https:\/\/www.youtube.com\/channel\/UCooHA3ZvNM3CfbjxHAUUZlg\",\"https:\/\/www.linkedin.com\/company\/hairuwear\/\",\"https:\/\/www.pinterest.com\/hairuwear\/?invite_code=060417bbf4384977ac59e5e49e9e2f4a\"]}]}<\/script>\n<!-- \/ Yoast SEO plugin. -->","yoast_head_json":{"title":"NEW! Necessities Travel Kit - HairUWear","robots":{"index":"index","follow":"follow","max-snippet":"max-snippet:-1","max-image-preview":"max-image-preview:large","max-video-preview":"max-video-preview:-1"},"canonical":"https:\/\/www.hairuwear.com\/fr\/product\/necessities-travel-kit\/","og_locale":"fr_FR","og_type":"article","og_title":"NEW! Necessities Travel Kit - HairUWear","og_description":"This convenient travel kit is perfect for on-the-go care for synthetic wigs, hairpieces and extensions. Includes 3.4oz Cleanse, 3.4oz Restore, 3.4oz Protect, and our Detangling Comb for static-free detangling throughout the day. All in a transparent zippered bag to meet TSA standards.    Gentle nourishing and specially formulated for synthetic hair, HairUWear hair care products are environmentally safe and contain no animal products. Absolutely no animal testing involved.","og_url":"https:\/\/www.hairuwear.com\/fr\/product\/necessities-travel-kit\/","og_site_name":"HairUWear","article_publisher":"https:\/\/www.facebook.com\/HairUWearINC","article_modified_time":"2024-02-29T12:59:17+00:00","og_image":[{"width":2046,"height":2560,"url":"https:\/\/www.hairuwear.com\/wp-content\/uploads\/2024\/02\/HUW-Necessities-Travel-Kit-scaled.jpg","type":"image\/jpeg"}],"twitter_card":"summary_large_image","schema":{"@context":"https:\/\/schema.org","@graph":[{"@type":"WebPage","@id":"https:\/\/www.hairuwear.com\/da\/product\/necessities-travel-kit\/","url":"https:\/\/www.hairuwear.com\/da\/product\/necessities-travel-kit\/","name":"NEW! Necessities Travel Kit - HairUWear","isPartOf":{"@id":"https:\/\/www.hairuwear.com\/nl\/#website"},"primaryImageOfPage":{"@id":"https:\/\/www.hairuwear.com\/da\/product\/necessities-travel-kit\/#primaryimage"},"image":{"@id":"https:\/\/www.hairuwear.com\/da\/product\/necessities-travel-kit\/#primaryimage"},"thumbnailUrl":"https:\/\/www.hairuwear.com\/wp-content\/uploads\/2024\/02\/HUW-Necessities-Travel-Kit-scaled.jpg","datePublished":"2024-02-09T19:20:23+00:00","dateModified":"2024-02-29T12:59:17+00:00","breadcrumb":{"@id":"https:\/\/www.hairuwear.com\/da\/product\/necessities-travel-kit\/#breadcrumb"},"inLanguage":"fr-FR","potentialAction":[{"@type":"ReadAction","target":["https:\/\/www.hairuwear.com\/da\/product\/necessities-travel-kit\/"]}]},{"@type":"ImageObject","inLanguage":"fr-FR","@id":"https:\/\/www.hairuwear.com\/da\/product\/necessities-travel-kit\/#primaryimage","url":"https:\/\/www.hairuwear.com\/wp-content\/uploads\/2024\/02\/HUW-Necessities-Travel-Kit-scaled.jpg","contentUrl":"https:\/\/www.hairuwear.com\/wp-content\/uploads\/2024\/02\/HUW-Necessities-Travel-Kit-scaled.jpg","width":2046,"height":2560,"caption":"Necessities Travel Kit"},{"@type":"BreadcrumbList","@id":"https:\/\/www.hairuwear.com\/da\/product\/necessities-travel-kit\/#breadcrumb","itemListElement":[{"@type":"ListItem","position":1,"name":"Home","item":"https:\/\/www.hairuwear.com\/"},{"@type":"ListItem","position":2,"name":"Products &#038; Solutions","item":"https:\/\/www.hairuwear.com\/es\/products-solutions\/"},{"@type":"ListItem","position":3,"name":"NEW! Necessities Travel Kit"}]},{"@type":"WebSite","@id":"https:\/\/www.hairuwear.com\/nl\/#website","url":"https:\/\/www.hairuwear.com\/nl\/","name":"HairUWear","description":"We inspire women and men throughout the world to see all the possibilities of alternative hair.","publisher":{"@id":"https:\/\/www.hairuwear.com\/nl\/#organization"},"potentialAction":[{"@type":"SearchAction","target":{"@type":"EntryPoint","urlTemplate":"https:\/\/www.hairuwear.com\/nl\/?s={search_term_string}"},"query-input":{"@type":"PropertyValueSpecification","valueRequired":true,"valueName":"search_term_string"}}],"inLanguage":"fr-FR"},{"@type":"Organization","@id":"https:\/\/www.hairuwear.com\/nl\/#organization","name":"HairUWear","url":"https:\/\/www.hairuwear.com\/nl\/","logo":{"@type":"ImageObject","inLanguage":"fr-FR","@id":"https:\/\/www.hairuwear.com\/nl\/#\/schema\/logo\/image\/","url":"https:\/\/hairuwear.com\/wp-content\/uploads\/2024\/02\/HUW-logo-black-square.jpg","contentUrl":"https:\/\/hairuwear.com\/wp-content\/uploads\/2024\/02\/HUW-logo-black-square.jpg","width":1000,"height":1000,"caption":"HairUWear"},"image":{"@id":"https:\/\/www.hairuwear.com\/nl\/#\/schema\/logo\/image\/"},"sameAs":["https:\/\/www.facebook.com\/HairUWearINC","https:\/\/www.instagram.com\/hairuwear_inc\/","https:\/\/www.youtube.com\/channel\/UCooHA3ZvNM3CfbjxHAUUZlg","https:\/\/www.linkedin.com\/company\/hairuwear\/","https:\/\/www.pinterest.com\/hairuwear\/?invite_code=060417bbf4384977ac59e5e49e9e2f4a"]}]}},"_links":{"self":[{"href":"https:\/\/www.hairuwear.com\/fr\/wp-json\/wp\/v2\/product\/120738","targetHints":{"allow":["GET"]}}],"collection":[{"href":"https:\/\/www.hairuwear.com\/fr\/wp-json\/wp\/v2\/product"}],"about":[{"href":"https:\/\/www.hairuwear.com\/fr\/wp-json\/wp\/v2\/types\/product"}],"version-history":[{"count":4,"href":"https:\/\/www.hairuwear.com\/fr\/wp-json\/wp\/v2\/product\/120738\/revisions"}],"predecessor-version":[{"id":134237,"href":"https:\/\/www.hairuwear.com\/fr\/wp-json\/wp\/v2\/product\/120738\/revisions\/134237"}],"wp:featuredmedia":[{"embeddable":true,"href":"https:\/\/www.hairuwear.com\/fr\/wp-json\/wp\/v2\/media\/120740"}],"wp:attachment":[{"href":"https:\/\/www.hairuwear.com\/fr\/wp-json\/wp\/v2\/media?parent=120738"}],"wp:term":[{"taxonomy":"product_brand","embeddable":true,"href":"https:\/\/www.hairuwear.com\/fr\/wp-json\/wp\/v2\/product_brand?post=120738"},{"taxonomy":"product_cat","embeddable":true,"href":"https:\/\/www.hairuwear.com\/fr\/wp-json\/wp\/v2\/product_cat?post=120738"},{"taxonomy":"product_tag","embeddable":true,"href":"https:\/\/www.hairuwear.com\/fr\/wp-json\/wp\/v2\/product_tag?post=120738"}],"curies":[{"name":"wp","href":"https:\/\/api.w.org\/{rel}","templated":true}]}}