{"id":158795,"date":"2024-04-10T11:35:19","date_gmt":"2024-04-10T16:35:19","guid":{"rendered":"https:\/\/hairuwear.com\/?post_type=product&#038;p=158795"},"modified":"2025-01-27T15:21:03","modified_gmt":"2025-01-27T21:21:03","slug":"anastasia","status":"publish","type":"product","link":"https:\/\/www.hairuwear.com\/fr\/product\/anastasia\/","title":{"rendered":"Anastasia"},"content":{"rendered":"<div id=\"content-desktop\">\n<div id='gallery-1' class='gallery galleryid-158795 gallery-columns-6 gallery-size-full'><figure class='gallery-item'>\n\t\t\t<div class='gallery-icon landscape'>\n\t\t\t\t<img fetchpriority=\"high\" decoding=\"async\" width=\"350\" height=\"350\" src=\"https:\/\/www.hairuwear.com\/wp-content\/uploads\/2023\/06\/Kim-Kimble-MC1.png\" class=\"attachment-full size-full\" alt=\"MC1 Caviar\" aria-describedby=\"gallery-1-46114\" \/>\n\t\t\t<\/div>\n\t\t\t\t<figcaption class='wp-caption-text gallery-caption' id='gallery-1-46114'>\n\t\t\t\tMC1 Caviar\n\t\t\t\t<\/figcaption><\/figure><figure class='gallery-item'>\n\t\t\t<div class='gallery-icon landscape'>\n\t\t\t\t<img decoding=\"async\" width=\"350\" height=\"350\" src=\"https:\/\/www.hairuwear.com\/wp-content\/uploads\/2023\/06\/Kim-Kimble-MC2-4.png\" class=\"attachment-full size-full\" alt=\"MC2-4 Chocolate Truffle\" aria-describedby=\"gallery-1-46115\" \/>\n\t\t\t<\/div>\n\t\t\t\t<figcaption class='wp-caption-text gallery-caption' id='gallery-1-46115'>\n\t\t\t\tMC2-4 Truffe au chocolat\n\t\t\t\t<\/figcaption><\/figure><figure class='gallery-item'>\n\t\t\t<div class='gallery-icon landscape'>\n\t\t\t\t<img decoding=\"async\" width=\"350\" height=\"350\" src=\"https:\/\/www.hairuwear.com\/wp-content\/uploads\/2023\/06\/Kim-Kimble-MC4-10SS.png\" class=\"attachment-full size-full\" alt=\"MC4-10SS Espresso Martini\" aria-describedby=\"gallery-1-46116\" \/>\n\t\t\t<\/div>\n\t\t\t\t<figcaption class='wp-caption-text gallery-caption' id='gallery-1-46116'>\n\t\t\t\tMC4-10SS Espresso Martini\n\t\t\t\t<\/figcaption><\/figure><figure class='gallery-item'>\n\t\t\t<div class='gallery-icon landscape'>\n\t\t\t\t<img loading=\"lazy\" decoding=\"async\" width=\"350\" height=\"350\" src=\"https:\/\/www.hairuwear.com\/wp-content\/uploads\/2023\/06\/Kim-Kimble-MC8-29BKSS.png\" class=\"attachment-full size-full\" alt=\"MC8-29SS Chocolate Toffee\" aria-describedby=\"gallery-1-46118\" \/>\n\t\t\t<\/div>\n\t\t\t\t<figcaption class='wp-caption-text gallery-caption' id='gallery-1-46118'>\n\t\t\t\tMC8-29SS Caramel au chocolat\n\t\t\t\t<\/figcaption><\/figure><figure class='gallery-item'>\n\t\t\t<div class='gallery-icon landscape'>\n\t\t\t\t<img loading=\"lazy\" decoding=\"async\" width=\"350\" height=\"350\" src=\"https:\/\/www.hairuwear.com\/wp-content\/uploads\/2023\/06\/Kim-Kimble-MC9-14SS.png\" class=\"attachment-full size-full\" alt=\"MC9-14SS Caramel Latte\" aria-describedby=\"gallery-1-46119\" \/>\n\t\t\t<\/div>\n\t\t\t\t<figcaption class='wp-caption-text gallery-caption' id='gallery-1-46119'>\n\t\t\t\tMC9-14SS Caramel Latte\n\t\t\t\t<\/figcaption><\/figure><figure class='gallery-item'>\n\t\t\t<div class='gallery-icon landscape'>\n\t\t\t\t<img loading=\"lazy\" decoding=\"async\" width=\"350\" height=\"350\" src=\"https:\/\/www.hairuwear.com\/wp-content\/uploads\/2023\/06\/Kim-Kimble-MC11S.png\" class=\"attachment-full size-full\" alt=\"MC11S Butter Pecan\" aria-describedby=\"gallery-1-46120\" \/>\n\t\t\t<\/div>\n\t\t\t\t<figcaption class='wp-caption-text gallery-caption' id='gallery-1-46120'>\n\t\t\t\tMC11S P\u00e9can au beurre\n\t\t\t\t<\/figcaption><\/figure><figure class='gallery-item'>\n\t\t\t<div class='gallery-icon landscape'>\n\t\t\t\t<img loading=\"lazy\" decoding=\"async\" width=\"350\" height=\"350\" src=\"https:\/\/www.hairuwear.com\/wp-content\/uploads\/2023\/06\/Kim-Kimble-MC88SS.png\" class=\"attachment-full size-full\" alt=\"MC25-88SS Honey\" aria-describedby=\"gallery-1-46124\" \/>\n\t\t\t<\/div>\n\t\t\t\t<figcaption class='wp-caption-text gallery-caption' id='gallery-1-46124'>\n\t\t\t\tMC25-88SS Miel\n\t\t\t\t<\/figcaption><\/figure><figure class='gallery-item'>\n\t\t\t<div class='gallery-icon landscape'>\n\t\t\t\t<img loading=\"lazy\" decoding=\"async\" width=\"350\" height=\"350\" src=\"https:\/\/www.hairuwear.com\/wp-content\/uploads\/2023\/06\/Kim-Kimble-MC119-23SS.png\" class=\"attachment-full size-full\" alt=\"MC119-23SS Sweet Cream\" aria-describedby=\"gallery-1-46125\" \/>\n\t\t\t<\/div>\n\t\t\t\t<figcaption class='wp-caption-text gallery-caption' id='gallery-1-46125'>\n\t\t\t\tMC119-23SS Cr\u00e8me douce\n\t\t\t\t<\/figcaption><\/figure><figure class='gallery-item'>\n\t\t\t<div class='gallery-icon landscape'>\n\t\t\t\t<img loading=\"lazy\" decoding=\"async\" width=\"350\" height=\"350\" src=\"https:\/\/www.hairuwear.com\/wp-content\/uploads\/2023\/06\/Kim-Kimble-MC4-35SS.png\" class=\"attachment-full size-full\" alt=\"MC4-35SS Sangria\" aria-describedby=\"gallery-1-46117\" \/>\n\t\t\t<\/div>\n\t\t\t\t<figcaption class='wp-caption-text gallery-caption' id='gallery-1-46117'>\n\t\t\t\tMC4-35SS Sangria\n\t\t\t\t<\/figcaption><\/figure><figure class='gallery-item'>\n\t\t\t<div class='gallery-icon landscape'>\n\t\t\t\t<img loading=\"lazy\" decoding=\"async\" width=\"350\" height=\"350\" src=\"https:\/\/www.hairuwear.com\/wp-content\/uploads\/2023\/06\/Kim-Kimble-MC30-130SS.png\" class=\"attachment-full size-full\" alt=\"MC30-130SS Cherry Cola\" aria-describedby=\"gallery-1-46122\" \/>\n\t\t\t<\/div>\n\t\t\t\t<figcaption class='wp-caption-text gallery-caption' id='gallery-1-46122'>\n\t\t\t\tMC30-130SS Cerise Cola\n\t\t\t\t<\/figcaption><\/figure><figure class='gallery-item'>\n\t\t\t<div class='gallery-icon landscape'>\n\t\t\t\t<img loading=\"lazy\" decoding=\"async\" width=\"350\" height=\"350\" src=\"https:\/\/www.hairuwear.com\/wp-content\/uploads\/2023\/06\/Kim-Kimble-MC511SS.png\" class=\"attachment-full size-full\" alt=\"MC511SS Powdered Licorice\" aria-describedby=\"gallery-1-46126\" \/>\n\t\t\t<\/div>\n\t\t\t\t<figcaption class='wp-caption-text gallery-caption' id='gallery-1-46126'>\n\t\t\t\tMC511SS R\u00e9glisse en poudre\n\t\t\t\t<\/figcaption><\/figure><figure class='gallery-item'>\n\t\t\t<div class='gallery-icon landscape'>\n\t\t\t\t<img loading=\"lazy\" decoding=\"async\" width=\"350\" height=\"350\" src=\"https:\/\/www.hairuwear.com\/wp-content\/uploads\/2023\/06\/Kim-Kimble-MC65-60.png\" class=\"attachment-full size-full\" alt=\"MC56-60 Iced Sugar\" aria-describedby=\"gallery-1-46123\" \/>\n\t\t\t<\/div>\n\t\t\t\t<figcaption class='wp-caption-text gallery-caption' id='gallery-1-46123'>\n\t\t\t\tMC56-60 Sucre glac\u00e9\n\t\t\t\t<\/figcaption><\/figure>\n\t\t<\/div>\n\n<\/div>\n<div id=\"content-mobile\">\n<div id='gallery-2' class='gallery galleryid-158795 gallery-columns-3 gallery-size-thumbnail'><figure class='gallery-item'>\n\t\t\t<div class='gallery-icon landscape'>\n\t\t\t\t<img loading=\"lazy\" decoding=\"async\" width=\"150\" height=\"150\" src=\"https:\/\/www.hairuwear.com\/wp-content\/uploads\/2023\/06\/Kim-Kimble-MC1-150x150.png\" class=\"attachment-thumbnail size-thumbnail\" alt=\"MC1 Caviar\" aria-describedby=\"gallery-2-46114\" \/>\n\t\t\t<\/div>\n\t\t\t\t<figcaption class='wp-caption-text gallery-caption' id='gallery-2-46114'>\n\t\t\t\tMC1 Caviar\n\t\t\t\t<\/figcaption><\/figure><figure class='gallery-item'>\n\t\t\t<div class='gallery-icon landscape'>\n\t\t\t\t<img loading=\"lazy\" decoding=\"async\" width=\"150\" height=\"150\" src=\"https:\/\/www.hairuwear.com\/wp-content\/uploads\/2023\/06\/Kim-Kimble-MC2-4-150x150.png\" class=\"attachment-thumbnail size-thumbnail\" alt=\"MC2-4 Chocolate Truffle\" aria-describedby=\"gallery-2-46115\" \/>\n\t\t\t<\/div>\n\t\t\t\t<figcaption class='wp-caption-text gallery-caption' id='gallery-2-46115'>\n\t\t\t\tMC2-4 Truffe au chocolat\n\t\t\t\t<\/figcaption><\/figure><figure class='gallery-item'>\n\t\t\t<div class='gallery-icon landscape'>\n\t\t\t\t<img loading=\"lazy\" decoding=\"async\" width=\"150\" height=\"150\" src=\"https:\/\/www.hairuwear.com\/wp-content\/uploads\/2023\/06\/Kim-Kimble-MC4-10SS-150x150.png\" class=\"attachment-thumbnail size-thumbnail\" alt=\"MC4-10SS Espresso Martini\" aria-describedby=\"gallery-2-46116\" \/>\n\t\t\t<\/div>\n\t\t\t\t<figcaption class='wp-caption-text gallery-caption' id='gallery-2-46116'>\n\t\t\t\tMC4-10SS Espresso Martini\n\t\t\t\t<\/figcaption><\/figure><figure class='gallery-item'>\n\t\t\t<div class='gallery-icon landscape'>\n\t\t\t\t<img loading=\"lazy\" decoding=\"async\" width=\"150\" height=\"150\" src=\"https:\/\/www.hairuwear.com\/wp-content\/uploads\/2023\/06\/Kim-Kimble-MC8-29BKSS-150x150.png\" class=\"attachment-thumbnail size-thumbnail\" alt=\"MC8-29SS Chocolate Toffee\" aria-describedby=\"gallery-2-46118\" \/>\n\t\t\t<\/div>\n\t\t\t\t<figcaption class='wp-caption-text gallery-caption' id='gallery-2-46118'>\n\t\t\t\tMC8-29SS Caramel au chocolat\n\t\t\t\t<\/figcaption><\/figure><figure class='gallery-item'>\n\t\t\t<div class='gallery-icon landscape'>\n\t\t\t\t<img loading=\"lazy\" decoding=\"async\" width=\"150\" height=\"150\" src=\"https:\/\/www.hairuwear.com\/wp-content\/uploads\/2023\/06\/Kim-Kimble-MC9-14SS-150x150.png\" class=\"attachment-thumbnail size-thumbnail\" alt=\"MC9-14SS Caramel Latte\" aria-describedby=\"gallery-2-46119\" \/>\n\t\t\t<\/div>\n\t\t\t\t<figcaption class='wp-caption-text gallery-caption' id='gallery-2-46119'>\n\t\t\t\tMC9-14SS Caramel Latte\n\t\t\t\t<\/figcaption><\/figure><figure class='gallery-item'>\n\t\t\t<div class='gallery-icon landscape'>\n\t\t\t\t<img loading=\"lazy\" decoding=\"async\" width=\"150\" height=\"150\" src=\"https:\/\/www.hairuwear.com\/wp-content\/uploads\/2023\/06\/Kim-Kimble-MC11S-150x150.png\" class=\"attachment-thumbnail size-thumbnail\" alt=\"MC11S Butter Pecan\" aria-describedby=\"gallery-2-46120\" \/>\n\t\t\t<\/div>\n\t\t\t\t<figcaption class='wp-caption-text gallery-caption' id='gallery-2-46120'>\n\t\t\t\tMC11S P\u00e9can au beurre\n\t\t\t\t<\/figcaption><\/figure><figure class='gallery-item'>\n\t\t\t<div class='gallery-icon landscape'>\n\t\t\t\t<img loading=\"lazy\" decoding=\"async\" width=\"150\" height=\"150\" src=\"https:\/\/www.hairuwear.com\/wp-content\/uploads\/2023\/06\/Kim-Kimble-MC88SS-150x150.png\" class=\"attachment-thumbnail size-thumbnail\" alt=\"MC25-88SS Honey\" aria-describedby=\"gallery-2-46124\" \/>\n\t\t\t<\/div>\n\t\t\t\t<figcaption class='wp-caption-text gallery-caption' id='gallery-2-46124'>\n\t\t\t\tMC25-88SS Miel\n\t\t\t\t<\/figcaption><\/figure><figure class='gallery-item'>\n\t\t\t<div class='gallery-icon landscape'>\n\t\t\t\t<img loading=\"lazy\" decoding=\"async\" width=\"150\" height=\"150\" src=\"https:\/\/www.hairuwear.com\/wp-content\/uploads\/2023\/06\/Kim-Kimble-MC119-23SS-150x150.png\" class=\"attachment-thumbnail size-thumbnail\" alt=\"MC119-23SS Sweet Cream\" aria-describedby=\"gallery-2-46125\" \/>\n\t\t\t<\/div>\n\t\t\t\t<figcaption class='wp-caption-text gallery-caption' id='gallery-2-46125'>\n\t\t\t\tMC119-23SS Cr\u00e8me douce\n\t\t\t\t<\/figcaption><\/figure><figure class='gallery-item'>\n\t\t\t<div class='gallery-icon landscape'>\n\t\t\t\t<img loading=\"lazy\" decoding=\"async\" width=\"150\" height=\"150\" src=\"https:\/\/www.hairuwear.com\/wp-content\/uploads\/2023\/06\/Kim-Kimble-MC4-35SS-150x150.png\" class=\"attachment-thumbnail size-thumbnail\" alt=\"MC4-35SS Sangria\" aria-describedby=\"gallery-2-46117\" \/>\n\t\t\t<\/div>\n\t\t\t\t<figcaption class='wp-caption-text gallery-caption' id='gallery-2-46117'>\n\t\t\t\tMC4-35SS Sangria\n\t\t\t\t<\/figcaption><\/figure><figure class='gallery-item'>\n\t\t\t<div class='gallery-icon landscape'>\n\t\t\t\t<img loading=\"lazy\" decoding=\"async\" width=\"150\" height=\"150\" src=\"https:\/\/www.hairuwear.com\/wp-content\/uploads\/2023\/06\/Kim-Kimble-MC30-130SS-150x150.png\" class=\"attachment-thumbnail size-thumbnail\" alt=\"MC30-130SS Cherry Cola\" aria-describedby=\"gallery-2-46122\" \/>\n\t\t\t<\/div>\n\t\t\t\t<figcaption class='wp-caption-text gallery-caption' id='gallery-2-46122'>\n\t\t\t\tMC30-130SS Cerise Cola\n\t\t\t\t<\/figcaption><\/figure><figure class='gallery-item'>\n\t\t\t<div class='gallery-icon landscape'>\n\t\t\t\t<img loading=\"lazy\" decoding=\"async\" width=\"150\" height=\"150\" src=\"https:\/\/www.hairuwear.com\/wp-content\/uploads\/2023\/06\/Kim-Kimble-MC511SS-150x150.png\" class=\"attachment-thumbnail size-thumbnail\" alt=\"MC511SS Powdered Licorice\" aria-describedby=\"gallery-2-46126\" \/>\n\t\t\t<\/div>\n\t\t\t\t<figcaption class='wp-caption-text gallery-caption' id='gallery-2-46126'>\n\t\t\t\tMC511SS R\u00e9glisse en poudre\n\t\t\t\t<\/figcaption><\/figure><figure class='gallery-item'>\n\t\t\t<div class='gallery-icon landscape'>\n\t\t\t\t<img loading=\"lazy\" decoding=\"async\" width=\"150\" height=\"150\" src=\"https:\/\/www.hairuwear.com\/wp-content\/uploads\/2023\/06\/Kim-Kimble-MC65-60-150x150.png\" class=\"attachment-thumbnail size-thumbnail\" alt=\"MC56-60 Iced Sugar\" aria-describedby=\"gallery-2-46123\" \/>\n\t\t\t<\/div>\n\t\t\t\t<figcaption class='wp-caption-text gallery-caption' id='gallery-2-46123'>\n\t\t\t\tMC56-60 Sucre glac\u00e9\n\t\t\t\t<\/figcaption><\/figure>\n\t\t<\/div>\n\n<\/div>","protected":false},"excerpt":{"rendered":"<p>Cette coupe asym\u00e9trique \u00e9l\u00e9gante pr\u00e9sente une texture \u00e9clat\u00e9e sur l'ensemble du cheveu et de longues franges lat\u00e9rales pour une touche de sophistication royale. Nomm\u00e9e d'apr\u00e8s une guerri\u00e8re passionn\u00e9e et un symbole de r\u00e9silience, ANASTASIA incarne l'esprit qui consiste \u00e0 relever les d\u00e9fis avec gr\u00e2ce et style.<\/p>\n<hr \/>\n<p>Temple-To-Temple Lace Front<br \/>\nPattes d'oreilles doubl\u00e9es de velours<br \/>\nNuque allong\u00e9e doubl\u00e9e de velours<br \/>\n<a href=\"\/fr\/kim-kimble\/colors-and-care\/#KK-T2L\" target=\"_blank\" rel=\"noopener\">Tru2Life\u00ae Cheveux synth\u00e9tiques r\u00e9sistants \u00e0 la chaleur<\/a><\/p>\n<hr \/>\n<p>Taille du capuchon : Moyenne<\/p>\n<hr \/>\n<p>Avant : 7\u00be\"<\/p>\n<hr \/>\n<p>Couronne : 5\u00bd\"<\/p>\n<hr \/>\n<p>C\u00f4t\u00e9s : 4\u00bc\"<\/p>\n<hr \/>\n<p>Dos : 3\u00bc\"<\/p>\n<hr \/>\n<p>Nuque : 1\u00bd\"<\/p>\n<hr \/>\n<p>Poids : 2,8 oz<\/p>","protected":false},"featured_media":158756,"template":"","meta":[],"product_brand":[315],"product_cat":[321,314,341,209],"product_tag":[],"class_list":{"0":"post-158795","1":"product","2":"type-product","3":"status-publish","4":"has-post-thumbnail","6":"product_brand-kim-kimble","7":"product_cat-kk-bestsellers","8":"product_cat-kim-kimble","9":"product_cat-kk-wigs","10":"product_cat-view-all","11":"pa_application-type-ready-to-wear","12":"pa_brand-kim-kimble","13":"pa_cap-size-average","14":"pa_categories-wigs","15":"pa_color-family-blonde","16":"pa_color-family-brunette","17":"pa_color-family-gray","18":"pa_color-family-red","19":"pa_color-family-shadow-shades","20":"pa_department-women","21":"pa_hair-type-heat-styleable-synthetic","22":"pa_popular-best-sellers","23":"pa_wig-features-lace-front","24":"pa_wig-length-short","25":"pa_wig-style-straight","28":"first","29":"instock","30":"shipping-taxable","31":"product-type-simple"},"yoast_head":"<!-- This site is optimized with the Yoast SEO plugin v25.3.1 - https:\/\/yoast.com\/wordpress\/plugins\/seo\/ -->\n<title>Anastasia - HairUWear<\/title>\n<meta name=\"description\" content=\"This sleek asymmetrical cut has shattered texture throughout, and long, side-swept bangs for a touch of regal sophistication. Named after a passionate battle warrior and symbol of resilience, ANASTASIA embodies the spirit of rising above challenges with grace and style.\" \/>\n<meta name=\"robots\" content=\"index, follow, max-snippet:-1, max-image-preview:large, max-video-preview:-1\" \/>\n<link rel=\"canonical\" href=\"https:\/\/www.hairuwear.com\/fr\/product\/anastasia\/\" \/>\n<meta property=\"og:locale\" content=\"fr_FR\" \/>\n<meta property=\"og:type\" content=\"article\" \/>\n<meta property=\"og:title\" content=\"Anastasia - HairUWear\" \/>\n<meta property=\"og:description\" content=\"This sleek asymmetrical cut has shattered texture throughout, and long, side-swept bangs for a touch of regal sophistication. Named after a passionate battle warrior and symbol of resilience, ANASTASIA embodies the spirit of rising above challenges with grace and style.\" \/>\n<meta property=\"og:url\" content=\"https:\/\/www.hairuwear.com\/fr\/product\/anastasia\/\" \/>\n<meta property=\"og:site_name\" content=\"HairUWear\" \/>\n<meta property=\"article:publisher\" content=\"https:\/\/www.facebook.com\/HairUWearINC\" \/>\n<meta property=\"article:modified_time\" content=\"2025-01-27T21:21:03+00:00\" \/>\n<meta property=\"og:image\" content=\"https:\/\/www.hairuwear.com\/wp-content\/uploads\/2024\/04\/KK-Anastasia-Model-2-Front-2.jpg\" \/>\n\t<meta property=\"og:image:width\" content=\"1250\" \/>\n\t<meta property=\"og:image:height\" content=\"1562\" \/>\n\t<meta property=\"og:image:type\" content=\"image\/jpeg\" \/>\n<meta name=\"twitter:card\" content=\"summary_large_image\" \/>\n<meta name=\"twitter:label1\" content=\"Est. reading time\" \/>\n\t<meta name=\"twitter:data1\" content=\"1 minute\" \/>\n<script type=\"application\/ld+json\" class=\"yoast-schema-graph\">{\"@context\":\"https:\/\/schema.org\",\"@graph\":[{\"@type\":\"WebPage\",\"@id\":\"https:\/\/www.hairuwear.com\/da\/product\/anastasia\/\",\"url\":\"https:\/\/www.hairuwear.com\/da\/product\/anastasia\/\",\"name\":\"Anastasia - HairUWear\",\"isPartOf\":{\"@id\":\"https:\/\/www.hairuwear.com\/nl\/#website\"},\"primaryImageOfPage\":{\"@id\":\"https:\/\/www.hairuwear.com\/da\/product\/anastasia\/#primaryimage\"},\"image\":{\"@id\":\"https:\/\/www.hairuwear.com\/da\/product\/anastasia\/#primaryimage\"},\"thumbnailUrl\":\"https:\/\/www.hairuwear.com\/wp-content\/uploads\/2024\/04\/KK-Anastasia-Model-2-Front-2.jpg\",\"datePublished\":\"2024-04-10T16:35:19+00:00\",\"dateModified\":\"2025-01-27T21:21:03+00:00\",\"description\":\"This sleek asymmetrical cut has shattered texture throughout, and long, side-swept bangs for a touch of regal sophistication. Named after a passionate battle warrior and symbol of resilience, ANASTASIA embodies the spirit of rising above challenges with grace and style.\",\"breadcrumb\":{\"@id\":\"https:\/\/www.hairuwear.com\/da\/product\/anastasia\/#breadcrumb\"},\"inLanguage\":\"fr-FR\",\"potentialAction\":[{\"@type\":\"ReadAction\",\"target\":[\"https:\/\/www.hairuwear.com\/da\/product\/anastasia\/\"]}]},{\"@type\":\"ImageObject\",\"inLanguage\":\"fr-FR\",\"@id\":\"https:\/\/www.hairuwear.com\/da\/product\/anastasia\/#primaryimage\",\"url\":\"https:\/\/www.hairuwear.com\/wp-content\/uploads\/2024\/04\/KK-Anastasia-Model-2-Front-2.jpg\",\"contentUrl\":\"https:\/\/www.hairuwear.com\/wp-content\/uploads\/2024\/04\/KK-Anastasia-Model-2-Front-2.jpg\",\"width\":1250,\"height\":1562,\"caption\":\"Anastasia in MC119-23SS Sweet Cream\"},{\"@type\":\"BreadcrumbList\",\"@id\":\"https:\/\/www.hairuwear.com\/da\/product\/anastasia\/#breadcrumb\",\"itemListElement\":[{\"@type\":\"ListItem\",\"position\":1,\"name\":\"Home\",\"item\":\"https:\/\/www.hairuwear.com\/\"},{\"@type\":\"ListItem\",\"position\":2,\"name\":\"Products &#038; Solutions\",\"item\":\"https:\/\/www.hairuwear.com\/es\/products-solutions\/\"},{\"@type\":\"ListItem\",\"position\":3,\"name\":\"Anastasia\"}]},{\"@type\":\"WebSite\",\"@id\":\"https:\/\/www.hairuwear.com\/nl\/#website\",\"url\":\"https:\/\/www.hairuwear.com\/nl\/\",\"name\":\"HairUWear\",\"description\":\"We inspire women and men throughout the world to see all the possibilities of alternative hair.\",\"publisher\":{\"@id\":\"https:\/\/www.hairuwear.com\/nl\/#organization\"},\"potentialAction\":[{\"@type\":\"SearchAction\",\"target\":{\"@type\":\"EntryPoint\",\"urlTemplate\":\"https:\/\/www.hairuwear.com\/nl\/?s={search_term_string}\"},\"query-input\":{\"@type\":\"PropertyValueSpecification\",\"valueRequired\":true,\"valueName\":\"search_term_string\"}}],\"inLanguage\":\"fr-FR\"},{\"@type\":\"Organization\",\"@id\":\"https:\/\/www.hairuwear.com\/nl\/#organization\",\"name\":\"HairUWear\",\"url\":\"https:\/\/www.hairuwear.com\/nl\/\",\"logo\":{\"@type\":\"ImageObject\",\"inLanguage\":\"fr-FR\",\"@id\":\"https:\/\/www.hairuwear.com\/nl\/#\/schema\/logo\/image\/\",\"url\":\"https:\/\/hairuwear.com\/wp-content\/uploads\/2024\/02\/HUW-logo-black-square.jpg\",\"contentUrl\":\"https:\/\/hairuwear.com\/wp-content\/uploads\/2024\/02\/HUW-logo-black-square.jpg\",\"width\":1000,\"height\":1000,\"caption\":\"HairUWear\"},\"image\":{\"@id\":\"https:\/\/www.hairuwear.com\/nl\/#\/schema\/logo\/image\/\"},\"sameAs\":[\"https:\/\/www.facebook.com\/HairUWearINC\",\"https:\/\/www.instagram.com\/hairuwear_inc\/\",\"https:\/\/www.youtube.com\/channel\/UCooHA3ZvNM3CfbjxHAUUZlg\",\"https:\/\/www.linkedin.com\/company\/hairuwear\/\",\"https:\/\/www.pinterest.com\/hairuwear\/?invite_code=060417bbf4384977ac59e5e49e9e2f4a\"]}]}<\/script>\n<!-- \/ Yoast SEO plugin. -->","yoast_head_json":{"title":"Anastasia - HairUWear","description":"This sleek asymmetrical cut has shattered texture throughout, and long, side-swept bangs for a touch of regal sophistication. Named after a passionate battle warrior and symbol of resilience, ANASTASIA embodies the spirit of rising above challenges with grace and style.","robots":{"index":"index","follow":"follow","max-snippet":"max-snippet:-1","max-image-preview":"max-image-preview:large","max-video-preview":"max-video-preview:-1"},"canonical":"https:\/\/www.hairuwear.com\/fr\/product\/anastasia\/","og_locale":"fr_FR","og_type":"article","og_title":"Anastasia - HairUWear","og_description":"This sleek asymmetrical cut has shattered texture throughout, and long, side-swept bangs for a touch of regal sophistication. Named after a passionate battle warrior and symbol of resilience, ANASTASIA embodies the spirit of rising above challenges with grace and style.","og_url":"https:\/\/www.hairuwear.com\/fr\/product\/anastasia\/","og_site_name":"HairUWear","article_publisher":"https:\/\/www.facebook.com\/HairUWearINC","article_modified_time":"2025-01-27T21:21:03+00:00","og_image":[{"width":1250,"height":1562,"url":"https:\/\/www.hairuwear.com\/wp-content\/uploads\/2024\/04\/KK-Anastasia-Model-2-Front-2.jpg","type":"image\/jpeg"}],"twitter_card":"summary_large_image","twitter_misc":{"Est. reading time":"1 minute"},"schema":{"@context":"https:\/\/schema.org","@graph":[{"@type":"WebPage","@id":"https:\/\/www.hairuwear.com\/da\/product\/anastasia\/","url":"https:\/\/www.hairuwear.com\/da\/product\/anastasia\/","name":"Anastasia - HairUWear","isPartOf":{"@id":"https:\/\/www.hairuwear.com\/nl\/#website"},"primaryImageOfPage":{"@id":"https:\/\/www.hairuwear.com\/da\/product\/anastasia\/#primaryimage"},"image":{"@id":"https:\/\/www.hairuwear.com\/da\/product\/anastasia\/#primaryimage"},"thumbnailUrl":"https:\/\/www.hairuwear.com\/wp-content\/uploads\/2024\/04\/KK-Anastasia-Model-2-Front-2.jpg","datePublished":"2024-04-10T16:35:19+00:00","dateModified":"2025-01-27T21:21:03+00:00","description":"This sleek asymmetrical cut has shattered texture throughout, and long, side-swept bangs for a touch of regal sophistication. Named after a passionate battle warrior and symbol of resilience, ANASTASIA embodies the spirit of rising above challenges with grace and style.","breadcrumb":{"@id":"https:\/\/www.hairuwear.com\/da\/product\/anastasia\/#breadcrumb"},"inLanguage":"fr-FR","potentialAction":[{"@type":"ReadAction","target":["https:\/\/www.hairuwear.com\/da\/product\/anastasia\/"]}]},{"@type":"ImageObject","inLanguage":"fr-FR","@id":"https:\/\/www.hairuwear.com\/da\/product\/anastasia\/#primaryimage","url":"https:\/\/www.hairuwear.com\/wp-content\/uploads\/2024\/04\/KK-Anastasia-Model-2-Front-2.jpg","contentUrl":"https:\/\/www.hairuwear.com\/wp-content\/uploads\/2024\/04\/KK-Anastasia-Model-2-Front-2.jpg","width":1250,"height":1562,"caption":"Anastasia in MC119-23SS Sweet Cream"},{"@type":"BreadcrumbList","@id":"https:\/\/www.hairuwear.com\/da\/product\/anastasia\/#breadcrumb","itemListElement":[{"@type":"ListItem","position":1,"name":"Home","item":"https:\/\/www.hairuwear.com\/"},{"@type":"ListItem","position":2,"name":"Products &#038; Solutions","item":"https:\/\/www.hairuwear.com\/es\/products-solutions\/"},{"@type":"ListItem","position":3,"name":"Anastasia"}]},{"@type":"WebSite","@id":"https:\/\/www.hairuwear.com\/nl\/#website","url":"https:\/\/www.hairuwear.com\/nl\/","name":"HairUWear","description":"We inspire women and men throughout the world to see all the possibilities of alternative hair.","publisher":{"@id":"https:\/\/www.hairuwear.com\/nl\/#organization"},"potentialAction":[{"@type":"SearchAction","target":{"@type":"EntryPoint","urlTemplate":"https:\/\/www.hairuwear.com\/nl\/?s={search_term_string}"},"query-input":{"@type":"PropertyValueSpecification","valueRequired":true,"valueName":"search_term_string"}}],"inLanguage":"fr-FR"},{"@type":"Organization","@id":"https:\/\/www.hairuwear.com\/nl\/#organization","name":"HairUWear","url":"https:\/\/www.hairuwear.com\/nl\/","logo":{"@type":"ImageObject","inLanguage":"fr-FR","@id":"https:\/\/www.hairuwear.com\/nl\/#\/schema\/logo\/image\/","url":"https:\/\/hairuwear.com\/wp-content\/uploads\/2024\/02\/HUW-logo-black-square.jpg","contentUrl":"https:\/\/hairuwear.com\/wp-content\/uploads\/2024\/02\/HUW-logo-black-square.jpg","width":1000,"height":1000,"caption":"HairUWear"},"image":{"@id":"https:\/\/www.hairuwear.com\/nl\/#\/schema\/logo\/image\/"},"sameAs":["https:\/\/www.facebook.com\/HairUWearINC","https:\/\/www.instagram.com\/hairuwear_inc\/","https:\/\/www.youtube.com\/channel\/UCooHA3ZvNM3CfbjxHAUUZlg","https:\/\/www.linkedin.com\/company\/hairuwear\/","https:\/\/www.pinterest.com\/hairuwear\/?invite_code=060417bbf4384977ac59e5e49e9e2f4a"]}]}},"_links":{"self":[{"href":"https:\/\/www.hairuwear.com\/fr\/wp-json\/wp\/v2\/product\/158795","targetHints":{"allow":["GET"]}}],"collection":[{"href":"https:\/\/www.hairuwear.com\/fr\/wp-json\/wp\/v2\/product"}],"about":[{"href":"https:\/\/www.hairuwear.com\/fr\/wp-json\/wp\/v2\/types\/product"}],"version-history":[{"count":8,"href":"https:\/\/www.hairuwear.com\/fr\/wp-json\/wp\/v2\/product\/158795\/revisions"}],"predecessor-version":[{"id":261428,"href":"https:\/\/www.hairuwear.com\/fr\/wp-json\/wp\/v2\/product\/158795\/revisions\/261428"}],"wp:featuredmedia":[{"embeddable":true,"href":"https:\/\/www.hairuwear.com\/fr\/wp-json\/wp\/v2\/media\/158756"}],"wp:attachment":[{"href":"https:\/\/www.hairuwear.com\/fr\/wp-json\/wp\/v2\/media?parent=158795"}],"wp:term":[{"taxonomy":"product_brand","embeddable":true,"href":"https:\/\/www.hairuwear.com\/fr\/wp-json\/wp\/v2\/product_brand?post=158795"},{"taxonomy":"product_cat","embeddable":true,"href":"https:\/\/www.hairuwear.com\/fr\/wp-json\/wp\/v2\/product_cat?post=158795"},{"taxonomy":"product_tag","embeddable":true,"href":"https:\/\/www.hairuwear.com\/fr\/wp-json\/wp\/v2\/product_tag?post=158795"}],"curies":[{"name":"wp","href":"https:\/\/api.w.org\/{rel}","templated":true}]}}