{"id":262894,"date":"2025-05-29T08:30:11","date_gmt":"2025-05-29T13:30:11","guid":{"rendered":"https:\/\/www.hairuwear.com\/?post_type=product&#038;p=262894"},"modified":"2025-12-30T11:02:55","modified_gmt":"2025-12-30T17:02:55","slug":"21in-lux-curls-claw-clip-pony","status":"publish","type":"product","link":"https:\/\/www.hairuwear.com\/fr\/product\/21in-lux-curls-claw-clip-pony\/","title":{"rendered":"21&#8243; Lux Curls Claw Clip Pony"},"content":{"rendered":"<div id=\"content-desktop\">\n<div id='gallery-1' class='gallery galleryid-262894 gallery-columns-6 gallery-size-full'><figure class='gallery-item'>\n\t\t\t<div class='gallery-icon landscape'>\n\t\t\t\t<img fetchpriority=\"high\" decoding=\"async\" width=\"350\" height=\"350\" src=\"https:\/\/www.hairuwear.com\/wp-content\/uploads\/2023\/06\/Kim-Kimble-MC1.png\" class=\"attachment-full size-full\" alt=\"MC1 Caviar\" aria-describedby=\"gallery-1-46114\" \/>\n\t\t\t<\/div>\n\t\t\t\t<figcaption class='wp-caption-text gallery-caption' id='gallery-1-46114'>\n\t\t\t\tMC1 Caviar\n\t\t\t\t<\/figcaption><\/figure><figure class='gallery-item'>\n\t\t\t<div class='gallery-icon landscape'>\n\t\t\t\t<img decoding=\"async\" width=\"350\" height=\"350\" src=\"https:\/\/www.hairuwear.com\/wp-content\/uploads\/2023\/06\/Kim-Kimble-MC2-4.png\" class=\"attachment-full size-full\" alt=\"MC2-4 Chocolate Truffle\" aria-describedby=\"gallery-1-46115\" \/>\n\t\t\t<\/div>\n\t\t\t\t<figcaption class='wp-caption-text gallery-caption' id='gallery-1-46115'>\n\t\t\t\tMC2-4 Truffe au chocolat\n\t\t\t\t<\/figcaption><\/figure><figure class='gallery-item'>\n\t\t\t<div class='gallery-icon landscape'>\n\t\t\t\t<img decoding=\"async\" width=\"350\" height=\"350\" src=\"https:\/\/www.hairuwear.com\/wp-content\/uploads\/2023\/06\/Kim-Kimble-MC4-10SS.png\" class=\"attachment-full size-full\" alt=\"MC4-10SS Espresso Martini\" aria-describedby=\"gallery-1-46116\" \/>\n\t\t\t<\/div>\n\t\t\t\t<figcaption class='wp-caption-text gallery-caption' id='gallery-1-46116'>\n\t\t\t\tMC4-10SS Espresso Martini\n\t\t\t\t<\/figcaption><\/figure><figure class='gallery-item'>\n\t\t\t<div class='gallery-icon landscape'>\n\t\t\t\t<img loading=\"lazy\" decoding=\"async\" width=\"350\" height=\"350\" src=\"https:\/\/www.hairuwear.com\/wp-content\/uploads\/2023\/06\/Kim-Kimble-MC8-29BKSS.png\" class=\"attachment-full size-full\" alt=\"MC8-29SS Chocolate Toffee\" aria-describedby=\"gallery-1-46118\" \/>\n\t\t\t<\/div>\n\t\t\t\t<figcaption class='wp-caption-text gallery-caption' id='gallery-1-46118'>\n\t\t\t\tMC8-29SS Caramel au chocolat\n\t\t\t\t<\/figcaption><\/figure><figure class='gallery-item'>\n\t\t\t<div class='gallery-icon landscape'>\n\t\t\t\t<img loading=\"lazy\" decoding=\"async\" width=\"350\" height=\"350\" src=\"https:\/\/www.hairuwear.com\/wp-content\/uploads\/2023\/06\/Kim-Kimble-MC9-14SS.png\" class=\"attachment-full size-full\" alt=\"MC9-14SS Caramel Latte\" aria-describedby=\"gallery-1-46119\" \/>\n\t\t\t<\/div>\n\t\t\t\t<figcaption class='wp-caption-text gallery-caption' id='gallery-1-46119'>\n\t\t\t\tMC9-14SS Caramel Latte\n\t\t\t\t<\/figcaption><\/figure><figure class='gallery-item'>\n\t\t\t<div class='gallery-icon landscape'>\n\t\t\t\t<img loading=\"lazy\" decoding=\"async\" width=\"350\" height=\"350\" src=\"https:\/\/www.hairuwear.com\/wp-content\/uploads\/2023\/06\/Kim-Kimble-MC11S.png\" class=\"attachment-full size-full\" alt=\"MC11S Butter Pecan\" aria-describedby=\"gallery-1-46120\" \/>\n\t\t\t<\/div>\n\t\t\t\t<figcaption class='wp-caption-text gallery-caption' id='gallery-1-46120'>\n\t\t\t\tMC11S P\u00e9can au beurre\n\t\t\t\t<\/figcaption><\/figure><figure class='gallery-item'>\n\t\t\t<div class='gallery-icon landscape'>\n\t\t\t\t<img loading=\"lazy\" decoding=\"async\" width=\"350\" height=\"350\" src=\"https:\/\/www.hairuwear.com\/wp-content\/uploads\/2023\/06\/Kim-Kimble-MC88SS.png\" class=\"attachment-full size-full\" alt=\"MC25-88SS Honey\" aria-describedby=\"gallery-1-46124\" \/>\n\t\t\t<\/div>\n\t\t\t\t<figcaption class='wp-caption-text gallery-caption' id='gallery-1-46124'>\n\t\t\t\tMC25-88SS Miel\n\t\t\t\t<\/figcaption><\/figure><figure class='gallery-item'>\n\t\t\t<div class='gallery-icon landscape'>\n\t\t\t\t<img loading=\"lazy\" decoding=\"async\" width=\"350\" height=\"350\" src=\"https:\/\/www.hairuwear.com\/wp-content\/uploads\/2023\/06\/Kim-Kimble-MC4-35SS.png\" class=\"attachment-full size-full\" alt=\"MC4-35SS Sangria\" aria-describedby=\"gallery-1-46117\" \/>\n\t\t\t<\/div>\n\t\t\t\t<figcaption class='wp-caption-text gallery-caption' id='gallery-1-46117'>\n\t\t\t\tMC4-35SS Sangria\n\t\t\t\t<\/figcaption><\/figure><figure class='gallery-item'>\n\t\t\t<div class='gallery-icon landscape'>\n\t\t\t\t<img loading=\"lazy\" decoding=\"async\" width=\"350\" height=\"350\" src=\"https:\/\/www.hairuwear.com\/wp-content\/uploads\/2023\/06\/Kim-Kimble-MC30-130SS.png\" class=\"attachment-full size-full\" alt=\"MC30-130SS Cherry Cola\" aria-describedby=\"gallery-1-46122\" \/>\n\t\t\t<\/div>\n\t\t\t\t<figcaption class='wp-caption-text gallery-caption' id='gallery-1-46122'>\n\t\t\t\tMC30-130SS Cerise Cola\n\t\t\t\t<\/figcaption><\/figure><figure class='gallery-item'>\n\t\t\t<div class='gallery-icon landscape'>\n\t\t\t\t<img loading=\"lazy\" decoding=\"async\" width=\"350\" height=\"350\" src=\"https:\/\/www.hairuwear.com\/wp-content\/uploads\/2023\/06\/Kim-Kimble-MC30-29SS.png\" class=\"attachment-full size-full\" alt=\"MC30-29SS Cinnamon Spice\" aria-describedby=\"gallery-1-46121\" \/>\n\t\t\t<\/div>\n\t\t\t\t<figcaption class='wp-caption-text gallery-caption' id='gallery-1-46121'>\n\t\t\t\tMC30-29SS Cannelle et \u00e9pices\n\t\t\t\t<\/figcaption><\/figure><figure class='gallery-item'>\n\t\t\t<div class='gallery-icon landscape'>\n\t\t\t\t<img loading=\"lazy\" decoding=\"async\" width=\"350\" height=\"350\" src=\"https:\/\/www.hairuwear.com\/wp-content\/uploads\/2023\/06\/Kim-Kimble-MC511SS.png\" class=\"attachment-full size-full\" alt=\"MC511SS Powdered Licorice\" aria-describedby=\"gallery-1-46126\" \/>\n\t\t\t<\/div>\n\t\t\t\t<figcaption class='wp-caption-text gallery-caption' id='gallery-1-46126'>\n\t\t\t\tMC511SS R\u00e9glisse en poudre\n\t\t\t\t<\/figcaption><\/figure><figure class='gallery-item'>\n\t\t\t<div class='gallery-icon landscape'>\n\t\t\t\t<img loading=\"lazy\" decoding=\"async\" width=\"350\" height=\"350\" src=\"https:\/\/www.hairuwear.com\/wp-content\/uploads\/2023\/06\/Kim-Kimble-MC65-60.png\" class=\"attachment-full size-full\" alt=\"MC56-60 Iced Sugar\" aria-describedby=\"gallery-1-46123\" \/>\n\t\t\t<\/div>\n\t\t\t\t<figcaption class='wp-caption-text gallery-caption' id='gallery-1-46123'>\n\t\t\t\tMC56-60 Sucre glac\u00e9\n\t\t\t\t<\/figcaption><\/figure>\n\t\t<\/div>\n\n<\/div>\n<div id=\"content-mobile\">\n<div id='gallery-2' class='gallery galleryid-262894 gallery-columns-3 gallery-size-thumbnail'><figure class='gallery-item'>\n\t\t\t<div class='gallery-icon landscape'>\n\t\t\t\t<img loading=\"lazy\" decoding=\"async\" width=\"150\" height=\"150\" src=\"https:\/\/www.hairuwear.com\/wp-content\/uploads\/2023\/06\/Kim-Kimble-MC1-150x150.png\" class=\"attachment-thumbnail size-thumbnail\" alt=\"MC1 Caviar\" aria-describedby=\"gallery-2-46114\" \/>\n\t\t\t<\/div>\n\t\t\t\t<figcaption class='wp-caption-text gallery-caption' id='gallery-2-46114'>\n\t\t\t\tMC1 Caviar\n\t\t\t\t<\/figcaption><\/figure><figure class='gallery-item'>\n\t\t\t<div class='gallery-icon landscape'>\n\t\t\t\t<img loading=\"lazy\" decoding=\"async\" width=\"150\" height=\"150\" src=\"https:\/\/www.hairuwear.com\/wp-content\/uploads\/2023\/06\/Kim-Kimble-MC2-4-150x150.png\" class=\"attachment-thumbnail size-thumbnail\" alt=\"MC2-4 Chocolate Truffle\" aria-describedby=\"gallery-2-46115\" \/>\n\t\t\t<\/div>\n\t\t\t\t<figcaption class='wp-caption-text gallery-caption' id='gallery-2-46115'>\n\t\t\t\tMC2-4 Truffe au chocolat\n\t\t\t\t<\/figcaption><\/figure><figure class='gallery-item'>\n\t\t\t<div class='gallery-icon landscape'>\n\t\t\t\t<img loading=\"lazy\" decoding=\"async\" width=\"150\" height=\"150\" src=\"https:\/\/www.hairuwear.com\/wp-content\/uploads\/2023\/06\/Kim-Kimble-MC4-10SS-150x150.png\" class=\"attachment-thumbnail size-thumbnail\" alt=\"MC4-10SS Espresso Martini\" aria-describedby=\"gallery-2-46116\" \/>\n\t\t\t<\/div>\n\t\t\t\t<figcaption class='wp-caption-text gallery-caption' id='gallery-2-46116'>\n\t\t\t\tMC4-10SS Espresso Martini\n\t\t\t\t<\/figcaption><\/figure><figure class='gallery-item'>\n\t\t\t<div class='gallery-icon landscape'>\n\t\t\t\t<img loading=\"lazy\" decoding=\"async\" width=\"150\" height=\"150\" src=\"https:\/\/www.hairuwear.com\/wp-content\/uploads\/2023\/06\/Kim-Kimble-MC8-29BKSS-150x150.png\" class=\"attachment-thumbnail size-thumbnail\" alt=\"MC8-29SS Chocolate Toffee\" aria-describedby=\"gallery-2-46118\" \/>\n\t\t\t<\/div>\n\t\t\t\t<figcaption class='wp-caption-text gallery-caption' id='gallery-2-46118'>\n\t\t\t\tMC8-29SS Caramel au chocolat\n\t\t\t\t<\/figcaption><\/figure><figure class='gallery-item'>\n\t\t\t<div class='gallery-icon landscape'>\n\t\t\t\t<img loading=\"lazy\" decoding=\"async\" width=\"150\" height=\"150\" src=\"https:\/\/www.hairuwear.com\/wp-content\/uploads\/2023\/06\/Kim-Kimble-MC9-14SS-150x150.png\" class=\"attachment-thumbnail size-thumbnail\" alt=\"MC9-14SS Caramel Latte\" aria-describedby=\"gallery-2-46119\" \/>\n\t\t\t<\/div>\n\t\t\t\t<figcaption class='wp-caption-text gallery-caption' id='gallery-2-46119'>\n\t\t\t\tMC9-14SS Caramel Latte\n\t\t\t\t<\/figcaption><\/figure><figure class='gallery-item'>\n\t\t\t<div class='gallery-icon landscape'>\n\t\t\t\t<img loading=\"lazy\" decoding=\"async\" width=\"150\" height=\"150\" src=\"https:\/\/www.hairuwear.com\/wp-content\/uploads\/2023\/06\/Kim-Kimble-MC11S-150x150.png\" class=\"attachment-thumbnail size-thumbnail\" alt=\"MC11S Butter Pecan\" aria-describedby=\"gallery-2-46120\" \/>\n\t\t\t<\/div>\n\t\t\t\t<figcaption class='wp-caption-text gallery-caption' id='gallery-2-46120'>\n\t\t\t\tMC11S P\u00e9can au beurre\n\t\t\t\t<\/figcaption><\/figure><figure class='gallery-item'>\n\t\t\t<div class='gallery-icon landscape'>\n\t\t\t\t<img loading=\"lazy\" decoding=\"async\" width=\"150\" height=\"150\" src=\"https:\/\/www.hairuwear.com\/wp-content\/uploads\/2023\/06\/Kim-Kimble-MC88SS-150x150.png\" class=\"attachment-thumbnail size-thumbnail\" alt=\"MC25-88SS Honey\" aria-describedby=\"gallery-2-46124\" \/>\n\t\t\t<\/div>\n\t\t\t\t<figcaption class='wp-caption-text gallery-caption' id='gallery-2-46124'>\n\t\t\t\tMC25-88SS Miel\n\t\t\t\t<\/figcaption><\/figure><figure class='gallery-item'>\n\t\t\t<div class='gallery-icon landscape'>\n\t\t\t\t<img loading=\"lazy\" decoding=\"async\" width=\"150\" height=\"150\" src=\"https:\/\/www.hairuwear.com\/wp-content\/uploads\/2023\/06\/Kim-Kimble-MC4-35SS-150x150.png\" class=\"attachment-thumbnail size-thumbnail\" alt=\"MC4-35SS Sangria\" aria-describedby=\"gallery-2-46117\" \/>\n\t\t\t<\/div>\n\t\t\t\t<figcaption class='wp-caption-text gallery-caption' id='gallery-2-46117'>\n\t\t\t\tMC4-35SS Sangria\n\t\t\t\t<\/figcaption><\/figure><figure class='gallery-item'>\n\t\t\t<div class='gallery-icon landscape'>\n\t\t\t\t<img loading=\"lazy\" decoding=\"async\" width=\"150\" height=\"150\" src=\"https:\/\/www.hairuwear.com\/wp-content\/uploads\/2023\/06\/Kim-Kimble-MC30-130SS-150x150.png\" class=\"attachment-thumbnail size-thumbnail\" alt=\"MC30-130SS Cherry Cola\" aria-describedby=\"gallery-2-46122\" \/>\n\t\t\t<\/div>\n\t\t\t\t<figcaption class='wp-caption-text gallery-caption' id='gallery-2-46122'>\n\t\t\t\tMC30-130SS Cerise Cola\n\t\t\t\t<\/figcaption><\/figure><figure class='gallery-item'>\n\t\t\t<div class='gallery-icon landscape'>\n\t\t\t\t<img loading=\"lazy\" decoding=\"async\" width=\"150\" height=\"150\" src=\"https:\/\/www.hairuwear.com\/wp-content\/uploads\/2023\/06\/Kim-Kimble-MC30-29SS-150x150.png\" class=\"attachment-thumbnail size-thumbnail\" alt=\"MC30-29SS Cinnamon Spice\" aria-describedby=\"gallery-2-46121\" \/>\n\t\t\t<\/div>\n\t\t\t\t<figcaption class='wp-caption-text gallery-caption' id='gallery-2-46121'>\n\t\t\t\tMC30-29SS Cannelle et \u00e9pices\n\t\t\t\t<\/figcaption><\/figure><figure class='gallery-item'>\n\t\t\t<div class='gallery-icon landscape'>\n\t\t\t\t<img loading=\"lazy\" decoding=\"async\" width=\"150\" height=\"150\" src=\"https:\/\/www.hairuwear.com\/wp-content\/uploads\/2023\/06\/Kim-Kimble-MC511SS-150x150.png\" class=\"attachment-thumbnail size-thumbnail\" alt=\"MC511SS Powdered Licorice\" aria-describedby=\"gallery-2-46126\" \/>\n\t\t\t<\/div>\n\t\t\t\t<figcaption class='wp-caption-text gallery-caption' id='gallery-2-46126'>\n\t\t\t\tMC511SS R\u00e9glisse en poudre\n\t\t\t\t<\/figcaption><\/figure><figure class='gallery-item'>\n\t\t\t<div class='gallery-icon landscape'>\n\t\t\t\t<img loading=\"lazy\" decoding=\"async\" width=\"150\" height=\"150\" src=\"https:\/\/www.hairuwear.com\/wp-content\/uploads\/2023\/06\/Kim-Kimble-MC65-60-150x150.png\" class=\"attachment-thumbnail size-thumbnail\" alt=\"MC56-60 Iced Sugar\" aria-describedby=\"gallery-2-46123\" \/>\n\t\t\t<\/div>\n\t\t\t\t<figcaption class='wp-caption-text gallery-caption' id='gallery-2-46123'>\n\t\t\t\tMC56-60 Sucre glac\u00e9\n\t\t\t\t<\/figcaption><\/figure>\n\t\t<\/div>\n\n<\/div>","protected":false},"excerpt":{"rendered":"<p>Switch up your look in seconds! This ponytail extension is soft, wavy and full of luxe vibes. It blends effortlessly with your natural texture and brings that extra pop without the fuss\u2014just clip it on and go! Lightweight, bouncy, and ready to slay whenever you are.<\/p>\n<hr \/>\n<p><a href=\"\/fr\/kim-kimble\/colors-and-care\/#KK-T2L\" target=\"_blank\" rel=\"noopener\">Tru2Life\u00ae Cheveux synth\u00e9tiques r\u00e9sistants \u00e0 la chaleur<\/a><\/p>\n<hr \/>\n<p>Hair Length: 21\u201d<\/p>\n<hr \/>\n<p>Weight: 4 oz<\/p>","protected":false},"featured_media":262900,"template":"","meta":[],"product_brand":[315],"product_cat":[314,338,209],"product_tag":[],"class_list":{"0":"post-262894","1":"product","2":"type-product","3":"status-publish","4":"has-post-thumbnail","6":"product_brand-kim-kimble","7":"product_cat-kim-kimble","8":"product_cat-kk-hairpieces","9":"product_cat-view-all","10":"pa_application-type-ready-to-wear","11":"pa_brand-kim-kimble","12":"pa_categories-hair-additions","13":"pa_categories-ponytails","14":"pa_color-family-blonde","15":"pa_color-family-brunette","16":"pa_color-family-gray","17":"pa_color-family-red","18":"pa_color-family-shadow-shades","19":"pa_department-women","20":"pa_hair-type-heat-styleable-synthetic","23":"first","24":"instock","25":"shipping-taxable","26":"product-type-simple"},"yoast_head":"<!-- This site is optimized with the Yoast SEO plugin v25.3.1 - https:\/\/yoast.com\/wordpress\/plugins\/seo\/ -->\n<title>21&quot; Lux Curls Claw Clip Pony - HairUWear<\/title>\n<meta name=\"description\" content=\"Switch up your look in seconds! This ponytail extension is soft, wavy and full of luxe vibes. It blends effortlessly with your natural texture and brings that extra pop without the fuss\u2014just clip it on and go!\" \/>\n<meta name=\"robots\" content=\"index, follow, max-snippet:-1, max-image-preview:large, max-video-preview:-1\" \/>\n<link rel=\"canonical\" href=\"https:\/\/www.hairuwear.com\/fr\/product\/21in-lux-curls-claw-clip-pony\/\" \/>\n<meta property=\"og:locale\" content=\"fr_FR\" \/>\n<meta property=\"og:type\" content=\"article\" \/>\n<meta property=\"og:title\" content=\"21&quot; Lux Curls Claw Clip Pony - HairUWear\" \/>\n<meta property=\"og:description\" content=\"Switch up your look in seconds! This ponytail extension is soft, wavy and full of luxe vibes. It blends effortlessly with your natural texture and brings that extra pop without the fuss\u2014just clip it on and go!\" \/>\n<meta property=\"og:url\" content=\"https:\/\/www.hairuwear.com\/fr\/product\/21in-lux-curls-claw-clip-pony\/\" \/>\n<meta property=\"og:site_name\" content=\"HairUWear\" \/>\n<meta property=\"article:publisher\" content=\"https:\/\/www.facebook.com\/HairUWearINC\" \/>\n<meta property=\"article:modified_time\" content=\"2025-12-30T17:02:55+00:00\" \/>\n<meta property=\"og:image\" content=\"https:\/\/www.hairuwear.com\/wp-content\/uploads\/2025\/04\/KK-21in-Lux-Curls-Claw-Clip-Pony-Model-Front-3.jpg\" \/>\n\t<meta property=\"og:image:width\" content=\"1500\" \/>\n\t<meta property=\"og:image:height\" content=\"1877\" \/>\n\t<meta property=\"og:image:type\" content=\"image\/jpeg\" \/>\n<meta name=\"twitter:card\" content=\"summary_large_image\" \/>\n<meta name=\"twitter:label1\" content=\"Est. reading time\" \/>\n\t<meta name=\"twitter:data1\" content=\"1 minute\" \/>\n<script type=\"application\/ld+json\" class=\"yoast-schema-graph\">{\"@context\":\"https:\/\/schema.org\",\"@graph\":[{\"@type\":\"WebPage\",\"@id\":\"https:\/\/www.hairuwear.com\/product\/21in-lux-curls-claw-clip-pony\/\",\"url\":\"https:\/\/www.hairuwear.com\/product\/21in-lux-curls-claw-clip-pony\/\",\"name\":\"21\\\" Lux Curls Claw Clip Pony - HairUWear\",\"isPartOf\":{\"@id\":\"https:\/\/www.hairuwear.com\/nl\/#website\"},\"primaryImageOfPage\":{\"@id\":\"https:\/\/www.hairuwear.com\/product\/21in-lux-curls-claw-clip-pony\/#primaryimage\"},\"image\":{\"@id\":\"https:\/\/www.hairuwear.com\/product\/21in-lux-curls-claw-clip-pony\/#primaryimage\"},\"thumbnailUrl\":\"https:\/\/www.hairuwear.com\/wp-content\/uploads\/2025\/04\/KK-21in-Lux-Curls-Claw-Clip-Pony-Model-Front-3.jpg\",\"datePublished\":\"2025-05-29T13:30:11+00:00\",\"dateModified\":\"2025-12-30T17:02:55+00:00\",\"description\":\"Switch up your look in seconds! This ponytail extension is soft, wavy and full of luxe vibes. It blends effortlessly with your natural texture and brings that extra pop without the fuss\u2014just clip it on and go!\",\"breadcrumb\":{\"@id\":\"https:\/\/www.hairuwear.com\/product\/21in-lux-curls-claw-clip-pony\/#breadcrumb\"},\"inLanguage\":\"fr-FR\",\"potentialAction\":[{\"@type\":\"ReadAction\",\"target\":[\"https:\/\/www.hairuwear.com\/product\/21in-lux-curls-claw-clip-pony\/\"]}]},{\"@type\":\"ImageObject\",\"inLanguage\":\"fr-FR\",\"@id\":\"https:\/\/www.hairuwear.com\/product\/21in-lux-curls-claw-clip-pony\/#primaryimage\",\"url\":\"https:\/\/www.hairuwear.com\/wp-content\/uploads\/2025\/04\/KK-21in-Lux-Curls-Claw-Clip-Pony-Model-Front-3.jpg\",\"contentUrl\":\"https:\/\/www.hairuwear.com\/wp-content\/uploads\/2025\/04\/KK-21in-Lux-Curls-Claw-Clip-Pony-Model-Front-3.jpg\",\"width\":1500,\"height\":1877,\"caption\":\"21\\\" Lux Curls Claw Clip Pony in MC2-4 Chocolate Truffle\"},{\"@type\":\"BreadcrumbList\",\"@id\":\"https:\/\/www.hairuwear.com\/product\/21in-lux-curls-claw-clip-pony\/#breadcrumb\",\"itemListElement\":[{\"@type\":\"ListItem\",\"position\":1,\"name\":\"Home\",\"item\":\"https:\/\/www.hairuwear.com\/\"},{\"@type\":\"ListItem\",\"position\":2,\"name\":\"Products &#038; Solutions\",\"item\":\"https:\/\/www.hairuwear.com\/es\/products-solutions\/\"},{\"@type\":\"ListItem\",\"position\":3,\"name\":\"21&#8243; Lux Curls Claw Clip Pony\"}]},{\"@type\":\"WebSite\",\"@id\":\"https:\/\/www.hairuwear.com\/nl\/#website\",\"url\":\"https:\/\/www.hairuwear.com\/nl\/\",\"name\":\"HairUWear\",\"description\":\"We inspire women and men throughout the world to see all the possibilities of alternative hair.\",\"publisher\":{\"@id\":\"https:\/\/www.hairuwear.com\/nl\/#organization\"},\"potentialAction\":[{\"@type\":\"SearchAction\",\"target\":{\"@type\":\"EntryPoint\",\"urlTemplate\":\"https:\/\/www.hairuwear.com\/nl\/?s={search_term_string}\"},\"query-input\":{\"@type\":\"PropertyValueSpecification\",\"valueRequired\":true,\"valueName\":\"search_term_string\"}}],\"inLanguage\":\"fr-FR\"},{\"@type\":\"Organization\",\"@id\":\"https:\/\/www.hairuwear.com\/nl\/#organization\",\"name\":\"HairUWear\",\"url\":\"https:\/\/www.hairuwear.com\/nl\/\",\"logo\":{\"@type\":\"ImageObject\",\"inLanguage\":\"fr-FR\",\"@id\":\"https:\/\/www.hairuwear.com\/nl\/#\/schema\/logo\/image\/\",\"url\":\"https:\/\/hairuwear.com\/wp-content\/uploads\/2024\/02\/HUW-logo-black-square.jpg\",\"contentUrl\":\"https:\/\/hairuwear.com\/wp-content\/uploads\/2024\/02\/HUW-logo-black-square.jpg\",\"width\":1000,\"height\":1000,\"caption\":\"HairUWear\"},\"image\":{\"@id\":\"https:\/\/www.hairuwear.com\/nl\/#\/schema\/logo\/image\/\"},\"sameAs\":[\"https:\/\/www.facebook.com\/HairUWearINC\",\"https:\/\/www.instagram.com\/hairuwear_inc\/\",\"https:\/\/www.youtube.com\/channel\/UCooHA3ZvNM3CfbjxHAUUZlg\",\"https:\/\/www.linkedin.com\/company\/hairuwear\/\",\"https:\/\/www.pinterest.com\/hairuwear\/?invite_code=060417bbf4384977ac59e5e49e9e2f4a\"]}]}<\/script>\n<!-- \/ Yoast SEO plugin. -->","yoast_head_json":{"title":"21\" Lux Curls Claw Clip Pony - HairUWear","description":"Switch up your look in seconds! This ponytail extension is soft, wavy and full of luxe vibes. It blends effortlessly with your natural texture and brings that extra pop without the fuss\u2014just clip it on and go!","robots":{"index":"index","follow":"follow","max-snippet":"max-snippet:-1","max-image-preview":"max-image-preview:large","max-video-preview":"max-video-preview:-1"},"canonical":"https:\/\/www.hairuwear.com\/fr\/product\/21in-lux-curls-claw-clip-pony\/","og_locale":"fr_FR","og_type":"article","og_title":"21\" Lux Curls Claw Clip Pony - HairUWear","og_description":"Switch up your look in seconds! This ponytail extension is soft, wavy and full of luxe vibes. It blends effortlessly with your natural texture and brings that extra pop without the fuss\u2014just clip it on and go!","og_url":"https:\/\/www.hairuwear.com\/fr\/product\/21in-lux-curls-claw-clip-pony\/","og_site_name":"HairUWear","article_publisher":"https:\/\/www.facebook.com\/HairUWearINC","article_modified_time":"2025-12-30T17:02:55+00:00","og_image":[{"width":1500,"height":1877,"url":"https:\/\/www.hairuwear.com\/wp-content\/uploads\/2025\/04\/KK-21in-Lux-Curls-Claw-Clip-Pony-Model-Front-3.jpg","type":"image\/jpeg"}],"twitter_card":"summary_large_image","twitter_misc":{"Est. reading time":"1 minute"},"schema":{"@context":"https:\/\/schema.org","@graph":[{"@type":"WebPage","@id":"https:\/\/www.hairuwear.com\/product\/21in-lux-curls-claw-clip-pony\/","url":"https:\/\/www.hairuwear.com\/product\/21in-lux-curls-claw-clip-pony\/","name":"21\" Lux Curls Claw Clip Pony - HairUWear","isPartOf":{"@id":"https:\/\/www.hairuwear.com\/nl\/#website"},"primaryImageOfPage":{"@id":"https:\/\/www.hairuwear.com\/product\/21in-lux-curls-claw-clip-pony\/#primaryimage"},"image":{"@id":"https:\/\/www.hairuwear.com\/product\/21in-lux-curls-claw-clip-pony\/#primaryimage"},"thumbnailUrl":"https:\/\/www.hairuwear.com\/wp-content\/uploads\/2025\/04\/KK-21in-Lux-Curls-Claw-Clip-Pony-Model-Front-3.jpg","datePublished":"2025-05-29T13:30:11+00:00","dateModified":"2025-12-30T17:02:55+00:00","description":"Switch up your look in seconds! This ponytail extension is soft, wavy and full of luxe vibes. It blends effortlessly with your natural texture and brings that extra pop without the fuss\u2014just clip it on and go!","breadcrumb":{"@id":"https:\/\/www.hairuwear.com\/product\/21in-lux-curls-claw-clip-pony\/#breadcrumb"},"inLanguage":"fr-FR","potentialAction":[{"@type":"ReadAction","target":["https:\/\/www.hairuwear.com\/product\/21in-lux-curls-claw-clip-pony\/"]}]},{"@type":"ImageObject","inLanguage":"fr-FR","@id":"https:\/\/www.hairuwear.com\/product\/21in-lux-curls-claw-clip-pony\/#primaryimage","url":"https:\/\/www.hairuwear.com\/wp-content\/uploads\/2025\/04\/KK-21in-Lux-Curls-Claw-Clip-Pony-Model-Front-3.jpg","contentUrl":"https:\/\/www.hairuwear.com\/wp-content\/uploads\/2025\/04\/KK-21in-Lux-Curls-Claw-Clip-Pony-Model-Front-3.jpg","width":1500,"height":1877,"caption":"21\" Lux Curls Claw Clip Pony in MC2-4 Chocolate Truffle"},{"@type":"BreadcrumbList","@id":"https:\/\/www.hairuwear.com\/product\/21in-lux-curls-claw-clip-pony\/#breadcrumb","itemListElement":[{"@type":"ListItem","position":1,"name":"Home","item":"https:\/\/www.hairuwear.com\/"},{"@type":"ListItem","position":2,"name":"Products &#038; Solutions","item":"https:\/\/www.hairuwear.com\/es\/products-solutions\/"},{"@type":"ListItem","position":3,"name":"21&#8243; Lux Curls Claw Clip Pony"}]},{"@type":"WebSite","@id":"https:\/\/www.hairuwear.com\/nl\/#website","url":"https:\/\/www.hairuwear.com\/nl\/","name":"HairUWear","description":"We inspire women and men throughout the world to see all the possibilities of alternative hair.","publisher":{"@id":"https:\/\/www.hairuwear.com\/nl\/#organization"},"potentialAction":[{"@type":"SearchAction","target":{"@type":"EntryPoint","urlTemplate":"https:\/\/www.hairuwear.com\/nl\/?s={search_term_string}"},"query-input":{"@type":"PropertyValueSpecification","valueRequired":true,"valueName":"search_term_string"}}],"inLanguage":"fr-FR"},{"@type":"Organization","@id":"https:\/\/www.hairuwear.com\/nl\/#organization","name":"HairUWear","url":"https:\/\/www.hairuwear.com\/nl\/","logo":{"@type":"ImageObject","inLanguage":"fr-FR","@id":"https:\/\/www.hairuwear.com\/nl\/#\/schema\/logo\/image\/","url":"https:\/\/hairuwear.com\/wp-content\/uploads\/2024\/02\/HUW-logo-black-square.jpg","contentUrl":"https:\/\/hairuwear.com\/wp-content\/uploads\/2024\/02\/HUW-logo-black-square.jpg","width":1000,"height":1000,"caption":"HairUWear"},"image":{"@id":"https:\/\/www.hairuwear.com\/nl\/#\/schema\/logo\/image\/"},"sameAs":["https:\/\/www.facebook.com\/HairUWearINC","https:\/\/www.instagram.com\/hairuwear_inc\/","https:\/\/www.youtube.com\/channel\/UCooHA3ZvNM3CfbjxHAUUZlg","https:\/\/www.linkedin.com\/company\/hairuwear\/","https:\/\/www.pinterest.com\/hairuwear\/?invite_code=060417bbf4384977ac59e5e49e9e2f4a"]}]}},"_links":{"self":[{"href":"https:\/\/www.hairuwear.com\/fr\/wp-json\/wp\/v2\/product\/262894","targetHints":{"allow":["GET"]}}],"collection":[{"href":"https:\/\/www.hairuwear.com\/fr\/wp-json\/wp\/v2\/product"}],"about":[{"href":"https:\/\/www.hairuwear.com\/fr\/wp-json\/wp\/v2\/types\/product"}],"version-history":[{"count":2,"href":"https:\/\/www.hairuwear.com\/fr\/wp-json\/wp\/v2\/product\/262894\/revisions"}],"predecessor-version":[{"id":279102,"href":"https:\/\/www.hairuwear.com\/fr\/wp-json\/wp\/v2\/product\/262894\/revisions\/279102"}],"wp:featuredmedia":[{"embeddable":true,"href":"https:\/\/www.hairuwear.com\/fr\/wp-json\/wp\/v2\/media\/262900"}],"wp:attachment":[{"href":"https:\/\/www.hairuwear.com\/fr\/wp-json\/wp\/v2\/media?parent=262894"}],"wp:term":[{"taxonomy":"product_brand","embeddable":true,"href":"https:\/\/www.hairuwear.com\/fr\/wp-json\/wp\/v2\/product_brand?post=262894"},{"taxonomy":"product_cat","embeddable":true,"href":"https:\/\/www.hairuwear.com\/fr\/wp-json\/wp\/v2\/product_cat?post=262894"},{"taxonomy":"product_tag","embeddable":true,"href":"https:\/\/www.hairuwear.com\/fr\/wp-json\/wp\/v2\/product_tag?post=262894"}],"curies":[{"name":"wp","href":"https:\/\/api.w.org\/{rel}","templated":true}]}}