{"id":38642,"date":"2023-01-04T14:24:35","date_gmt":"2023-01-04T20:24:35","guid":{"rendered":"https:\/\/live-huw-2023.pantheonsite.io\/?post_type=product&#038;p=38642"},"modified":"2024-01-03T13:55:09","modified_gmt":"2024-01-03T19:55:09","slug":"accu-cap-set","status":"publish","type":"product","link":"https:\/\/www.hairuwear.com\/fr\/product\/accu-cap-set\/","title":{"rendered":"Accu-Cap Set"},"content":{"rendered":"","protected":false},"excerpt":{"rendered":"<p>Les Accu-Caps, souples et flexibles, \u00e9pousent la forme de la t\u00eate de votre client pour une mesure aussi pr\u00e9cise que possible. Indiquez facilement l'emplacement de la ligne frontale des cheveux et le meilleur contour sup\u00e9rieur pour votre client. Il n'est pas n\u00e9cessaire de cr\u00e9er un mod\u00e8le de ruban adh\u00e9sif lorsque vous pouvez simplement s\u00e9lectionner l'un des six mod\u00e8les inclus dans chaque ensemble Accu-Cap.<\/p>\n<hr \/>\n<div>\n<p>Jeu de 6 capuchons de fixation<\/p>\n<\/div>","protected":false},"featured_media":38645,"template":"","meta":[],"product_brand":[],"product_cat":[324,293,209],"product_tag":[],"class_list":{"0":"post-38642","1":"product","2":"type-product","3":"status-publish","4":"has-post-thumbnail","6":"product_cat-ahl-professional-tools","7":"product_cat-for-professionals","8":"product_cat-view-all","9":"pa_categories-styling-and-care-products","12":"first","13":"instock","14":"shipping-taxable","15":"product-type-simple"},"yoast_head":"<!-- This site is optimized with the Yoast SEO plugin v25.3.1 - https:\/\/yoast.com\/wordpress\/plugins\/seo\/ -->\n<title>Accu-Cap Set - HairUWear<\/title>\n<meta name=\"description\" content=\"Soft and pliable Accu-Caps conform to your client\u2019s head for the most accurate measurement possible. Easily indicate placement of the front hairline and the best top-contour for your client. There\u2019s no need to create a tape template when you can simply select one of the six patterns included in each Accu-Cap set.\" \/>\n<meta name=\"robots\" content=\"index, follow, max-snippet:-1, max-image-preview:large, max-video-preview:-1\" \/>\n<link rel=\"canonical\" href=\"https:\/\/www.hairuwear.com\/fr\/product\/accu-cap-set\/\" \/>\n<meta property=\"og:locale\" content=\"fr_FR\" \/>\n<meta property=\"og:type\" content=\"article\" \/>\n<meta property=\"og:title\" content=\"Accu-Cap Set - HairUWear\" \/>\n<meta property=\"og:description\" content=\"Soft and pliable Accu-Caps conform to your client\u2019s head for the most accurate measurement possible. Easily indicate placement of the front hairline and the best top-contour for your client. There\u2019s no need to create a tape template when you can simply select one of the six patterns included in each Accu-Cap set.\" \/>\n<meta property=\"og:url\" content=\"https:\/\/www.hairuwear.com\/fr\/product\/accu-cap-set\/\" \/>\n<meta property=\"og:site_name\" content=\"HairUWear\" \/>\n<meta property=\"article:publisher\" content=\"https:\/\/www.facebook.com\/HairUWearINC\" \/>\n<meta property=\"article:modified_time\" content=\"2024-01-03T19:55:09+00:00\" \/>\n<meta property=\"og:image\" content=\"https:\/\/www.hairuwear.com\/wp-content\/uploads\/2023\/01\/AHL-Accu-Cap-Set-2-scaled.jpg\" \/>\n\t<meta property=\"og:image:width\" content=\"2046\" \/>\n\t<meta property=\"og:image:height\" content=\"2560\" \/>\n\t<meta property=\"og:image:type\" content=\"image\/jpeg\" \/>\n<meta name=\"twitter:card\" content=\"summary_large_image\" \/>\n<script type=\"application\/ld+json\" class=\"yoast-schema-graph\">{\"@context\":\"https:\/\/schema.org\",\"@graph\":[{\"@type\":\"WebPage\",\"@id\":\"https:\/\/www.hairuwear.com\/it\/product\/accu-cap-set\/\",\"url\":\"https:\/\/www.hairuwear.com\/it\/product\/accu-cap-set\/\",\"name\":\"Accu-Cap Set - HairUWear\",\"isPartOf\":{\"@id\":\"https:\/\/www.hairuwear.com\/nl\/#website\"},\"primaryImageOfPage\":{\"@id\":\"https:\/\/www.hairuwear.com\/it\/product\/accu-cap-set\/#primaryimage\"},\"image\":{\"@id\":\"https:\/\/www.hairuwear.com\/it\/product\/accu-cap-set\/#primaryimage\"},\"thumbnailUrl\":\"https:\/\/www.hairuwear.com\/wp-content\/uploads\/2023\/01\/AHL-Accu-Cap-Set-2-scaled.jpg\",\"datePublished\":\"2023-01-04T20:24:35+00:00\",\"dateModified\":\"2024-01-03T19:55:09+00:00\",\"description\":\"Soft and pliable Accu-Caps conform to your client\u2019s head for the most accurate measurement possible. Easily indicate placement of the front hairline and the best top-contour for your client. There\u2019s no need to create a tape template when you can simply select one of the six patterns included in each Accu-Cap set.\",\"breadcrumb\":{\"@id\":\"https:\/\/www.hairuwear.com\/it\/product\/accu-cap-set\/#breadcrumb\"},\"inLanguage\":\"fr-FR\",\"potentialAction\":[{\"@type\":\"ReadAction\",\"target\":[\"https:\/\/www.hairuwear.com\/it\/product\/accu-cap-set\/\"]}]},{\"@type\":\"ImageObject\",\"inLanguage\":\"fr-FR\",\"@id\":\"https:\/\/www.hairuwear.com\/it\/product\/accu-cap-set\/#primaryimage\",\"url\":\"https:\/\/www.hairuwear.com\/wp-content\/uploads\/2023\/01\/AHL-Accu-Cap-Set-2-scaled.jpg\",\"contentUrl\":\"https:\/\/www.hairuwear.com\/wp-content\/uploads\/2023\/01\/AHL-Accu-Cap-Set-2-scaled.jpg\",\"width\":2046,\"height\":2560,\"caption\":\"Accu-Cap Set\"},{\"@type\":\"BreadcrumbList\",\"@id\":\"https:\/\/www.hairuwear.com\/it\/product\/accu-cap-set\/#breadcrumb\",\"itemListElement\":[{\"@type\":\"ListItem\",\"position\":1,\"name\":\"Home\",\"item\":\"https:\/\/www.hairuwear.com\/\"},{\"@type\":\"ListItem\",\"position\":2,\"name\":\"Products &#038; Solutions\",\"item\":\"https:\/\/www.hairuwear.com\/es\/products-solutions\/\"},{\"@type\":\"ListItem\",\"position\":3,\"name\":\"Accu-Cap Set\"}]},{\"@type\":\"WebSite\",\"@id\":\"https:\/\/www.hairuwear.com\/nl\/#website\",\"url\":\"https:\/\/www.hairuwear.com\/nl\/\",\"name\":\"HairUWear\",\"description\":\"We inspire women and men throughout the world to see all the possibilities of alternative hair.\",\"publisher\":{\"@id\":\"https:\/\/www.hairuwear.com\/nl\/#organization\"},\"potentialAction\":[{\"@type\":\"SearchAction\",\"target\":{\"@type\":\"EntryPoint\",\"urlTemplate\":\"https:\/\/www.hairuwear.com\/nl\/?s={search_term_string}\"},\"query-input\":{\"@type\":\"PropertyValueSpecification\",\"valueRequired\":true,\"valueName\":\"search_term_string\"}}],\"inLanguage\":\"fr-FR\"},{\"@type\":\"Organization\",\"@id\":\"https:\/\/www.hairuwear.com\/nl\/#organization\",\"name\":\"HairUWear\",\"url\":\"https:\/\/www.hairuwear.com\/nl\/\",\"logo\":{\"@type\":\"ImageObject\",\"inLanguage\":\"fr-FR\",\"@id\":\"https:\/\/www.hairuwear.com\/nl\/#\/schema\/logo\/image\/\",\"url\":\"https:\/\/hairuwear.com\/wp-content\/uploads\/2024\/02\/HUW-logo-black-square.jpg\",\"contentUrl\":\"https:\/\/hairuwear.com\/wp-content\/uploads\/2024\/02\/HUW-logo-black-square.jpg\",\"width\":1000,\"height\":1000,\"caption\":\"HairUWear\"},\"image\":{\"@id\":\"https:\/\/www.hairuwear.com\/nl\/#\/schema\/logo\/image\/\"},\"sameAs\":[\"https:\/\/www.facebook.com\/HairUWearINC\",\"https:\/\/www.instagram.com\/hairuwear_inc\/\",\"https:\/\/www.youtube.com\/channel\/UCooHA3ZvNM3CfbjxHAUUZlg\",\"https:\/\/www.linkedin.com\/company\/hairuwear\/\",\"https:\/\/www.pinterest.com\/hairuwear\/?invite_code=060417bbf4384977ac59e5e49e9e2f4a\"]}]}<\/script>\n<!-- \/ Yoast SEO plugin. -->","yoast_head_json":{"title":"Accu-Cap Set - HairUWear","description":"Soft and pliable Accu-Caps conform to your client\u2019s head for the most accurate measurement possible. Easily indicate placement of the front hairline and the best top-contour for your client. There\u2019s no need to create a tape template when you can simply select one of the six patterns included in each Accu-Cap set.","robots":{"index":"index","follow":"follow","max-snippet":"max-snippet:-1","max-image-preview":"max-image-preview:large","max-video-preview":"max-video-preview:-1"},"canonical":"https:\/\/www.hairuwear.com\/fr\/product\/accu-cap-set\/","og_locale":"fr_FR","og_type":"article","og_title":"Accu-Cap Set - HairUWear","og_description":"Soft and pliable Accu-Caps conform to your client\u2019s head for the most accurate measurement possible. Easily indicate placement of the front hairline and the best top-contour for your client. There\u2019s no need to create a tape template when you can simply select one of the six patterns included in each Accu-Cap set.","og_url":"https:\/\/www.hairuwear.com\/fr\/product\/accu-cap-set\/","og_site_name":"HairUWear","article_publisher":"https:\/\/www.facebook.com\/HairUWearINC","article_modified_time":"2024-01-03T19:55:09+00:00","og_image":[{"width":2046,"height":2560,"url":"https:\/\/www.hairuwear.com\/wp-content\/uploads\/2023\/01\/AHL-Accu-Cap-Set-2-scaled.jpg","type":"image\/jpeg"}],"twitter_card":"summary_large_image","schema":{"@context":"https:\/\/schema.org","@graph":[{"@type":"WebPage","@id":"https:\/\/www.hairuwear.com\/it\/product\/accu-cap-set\/","url":"https:\/\/www.hairuwear.com\/it\/product\/accu-cap-set\/","name":"Accu-Cap Set - HairUWear","isPartOf":{"@id":"https:\/\/www.hairuwear.com\/nl\/#website"},"primaryImageOfPage":{"@id":"https:\/\/www.hairuwear.com\/it\/product\/accu-cap-set\/#primaryimage"},"image":{"@id":"https:\/\/www.hairuwear.com\/it\/product\/accu-cap-set\/#primaryimage"},"thumbnailUrl":"https:\/\/www.hairuwear.com\/wp-content\/uploads\/2023\/01\/AHL-Accu-Cap-Set-2-scaled.jpg","datePublished":"2023-01-04T20:24:35+00:00","dateModified":"2024-01-03T19:55:09+00:00","description":"Soft and pliable Accu-Caps conform to your client\u2019s head for the most accurate measurement possible. Easily indicate placement of the front hairline and the best top-contour for your client. There\u2019s no need to create a tape template when you can simply select one of the six patterns included in each Accu-Cap set.","breadcrumb":{"@id":"https:\/\/www.hairuwear.com\/it\/product\/accu-cap-set\/#breadcrumb"},"inLanguage":"fr-FR","potentialAction":[{"@type":"ReadAction","target":["https:\/\/www.hairuwear.com\/it\/product\/accu-cap-set\/"]}]},{"@type":"ImageObject","inLanguage":"fr-FR","@id":"https:\/\/www.hairuwear.com\/it\/product\/accu-cap-set\/#primaryimage","url":"https:\/\/www.hairuwear.com\/wp-content\/uploads\/2023\/01\/AHL-Accu-Cap-Set-2-scaled.jpg","contentUrl":"https:\/\/www.hairuwear.com\/wp-content\/uploads\/2023\/01\/AHL-Accu-Cap-Set-2-scaled.jpg","width":2046,"height":2560,"caption":"Accu-Cap Set"},{"@type":"BreadcrumbList","@id":"https:\/\/www.hairuwear.com\/it\/product\/accu-cap-set\/#breadcrumb","itemListElement":[{"@type":"ListItem","position":1,"name":"Home","item":"https:\/\/www.hairuwear.com\/"},{"@type":"ListItem","position":2,"name":"Products &#038; Solutions","item":"https:\/\/www.hairuwear.com\/es\/products-solutions\/"},{"@type":"ListItem","position":3,"name":"Accu-Cap Set"}]},{"@type":"WebSite","@id":"https:\/\/www.hairuwear.com\/nl\/#website","url":"https:\/\/www.hairuwear.com\/nl\/","name":"HairUWear","description":"We inspire women and men throughout the world to see all the possibilities of alternative hair.","publisher":{"@id":"https:\/\/www.hairuwear.com\/nl\/#organization"},"potentialAction":[{"@type":"SearchAction","target":{"@type":"EntryPoint","urlTemplate":"https:\/\/www.hairuwear.com\/nl\/?s={search_term_string}"},"query-input":{"@type":"PropertyValueSpecification","valueRequired":true,"valueName":"search_term_string"}}],"inLanguage":"fr-FR"},{"@type":"Organization","@id":"https:\/\/www.hairuwear.com\/nl\/#organization","name":"HairUWear","url":"https:\/\/www.hairuwear.com\/nl\/","logo":{"@type":"ImageObject","inLanguage":"fr-FR","@id":"https:\/\/www.hairuwear.com\/nl\/#\/schema\/logo\/image\/","url":"https:\/\/hairuwear.com\/wp-content\/uploads\/2024\/02\/HUW-logo-black-square.jpg","contentUrl":"https:\/\/hairuwear.com\/wp-content\/uploads\/2024\/02\/HUW-logo-black-square.jpg","width":1000,"height":1000,"caption":"HairUWear"},"image":{"@id":"https:\/\/www.hairuwear.com\/nl\/#\/schema\/logo\/image\/"},"sameAs":["https:\/\/www.facebook.com\/HairUWearINC","https:\/\/www.instagram.com\/hairuwear_inc\/","https:\/\/www.youtube.com\/channel\/UCooHA3ZvNM3CfbjxHAUUZlg","https:\/\/www.linkedin.com\/company\/hairuwear\/","https:\/\/www.pinterest.com\/hairuwear\/?invite_code=060417bbf4384977ac59e5e49e9e2f4a"]}]}},"_links":{"self":[{"href":"https:\/\/www.hairuwear.com\/fr\/wp-json\/wp\/v2\/product\/38642","targetHints":{"allow":["GET"]}}],"collection":[{"href":"https:\/\/www.hairuwear.com\/fr\/wp-json\/wp\/v2\/product"}],"about":[{"href":"https:\/\/www.hairuwear.com\/fr\/wp-json\/wp\/v2\/types\/product"}],"version-history":[{"count":2,"href":"https:\/\/www.hairuwear.com\/fr\/wp-json\/wp\/v2\/product\/38642\/revisions"}],"predecessor-version":[{"id":38646,"href":"https:\/\/www.hairuwear.com\/fr\/wp-json\/wp\/v2\/product\/38642\/revisions\/38646"}],"wp:featuredmedia":[{"embeddable":true,"href":"https:\/\/www.hairuwear.com\/fr\/wp-json\/wp\/v2\/media\/38645"}],"wp:attachment":[{"href":"https:\/\/www.hairuwear.com\/fr\/wp-json\/wp\/v2\/media?parent=38642"}],"wp:term":[{"taxonomy":"product_brand","embeddable":true,"href":"https:\/\/www.hairuwear.com\/fr\/wp-json\/wp\/v2\/product_brand?post=38642"},{"taxonomy":"product_cat","embeddable":true,"href":"https:\/\/www.hairuwear.com\/fr\/wp-json\/wp\/v2\/product_cat?post=38642"},{"taxonomy":"product_tag","embeddable":true,"href":"https:\/\/www.hairuwear.com\/fr\/wp-json\/wp\/v2\/product_tag?post=38642"}],"curies":[{"name":"wp","href":"https:\/\/api.w.org\/{rel}","templated":true}]}}