{"id":38647,"date":"2023-07-14T01:00:45","date_gmt":"2023-07-14T06:00:45","guid":{"rendered":"https:\/\/live-huw-2023.pantheonsite.io\/?post_type=product&#038;p=38647"},"modified":"2023-09-20T08:54:04","modified_gmt":"2023-09-20T13:54:04","slug":"extenda-bond-plus-strips","status":"publish","type":"product","link":"https:\/\/www.hairuwear.com\/fr\/product\/extenda-bond-plus-strips\/","title":{"rendered":"Extenda-Bond Plus Strips"},"content":{"rendered":"","protected":false},"excerpt":{"rendered":"<p>Ruban double face \u00e0 longue tenue avec des trous distinctifs pour la respirabilit\u00e9, la flexibilit\u00e9 et le confort. La finition peu brillante est pratiquement invisible sous l'unit\u00e9. La doublure est bleue et blanche ; la bande est transparente.<\/p>\n<hr \/>\n<div>\n<p>100 bandes<\/p>\n<hr \/>\n<p>1\u00bd\" x 12\u2033<\/p>\n<\/div>","protected":false},"featured_media":38648,"template":"","meta":[],"product_brand":[],"product_cat":[293,209],"product_tag":[],"class_list":{"0":"post-38647","1":"product","2":"type-product","3":"status-publish","4":"has-post-thumbnail","6":"product_cat-for-professionals","7":"product_cat-view-all","8":"pa_categories-styling-and-care-products","11":"first","12":"instock","13":"shipping-taxable","14":"product-type-simple"},"yoast_head":"<!-- This site is optimized with the Yoast SEO plugin v25.3.1 - https:\/\/yoast.com\/wordpress\/plugins\/seo\/ -->\n<title>Extenda-Bond Plus Strips - HairUWear<\/title>\n<meta name=\"description\" content=\"Double-sided, long-holding tape with distinctive holes for breathability, flexibility and comfort. The low-shine finish is virtually invisible under the unit. The liner is blue and white; the tape is clear.\" \/>\n<meta name=\"robots\" content=\"index, follow, max-snippet:-1, max-image-preview:large, max-video-preview:-1\" \/>\n<link rel=\"canonical\" href=\"http:\/\/www.hairuwear.com\/fr\/product\/extenda-bond-plus-strips\/\" \/>\n<meta property=\"og:locale\" content=\"fr_FR\" \/>\n<meta property=\"og:type\" content=\"article\" \/>\n<meta property=\"og:title\" content=\"Extenda-Bond Plus Strips - HairUWear\" \/>\n<meta property=\"og:description\" content=\"Double-sided, long-holding tape with distinctive holes for breathability, flexibility and comfort. The low-shine finish is virtually invisible under the unit. The liner is blue and white; the tape is clear.\" \/>\n<meta property=\"og:url\" content=\"http:\/\/www.hairuwear.com\/fr\/product\/extenda-bond-plus-strips\/\" \/>\n<meta property=\"og:site_name\" content=\"HairUWear\" \/>\n<meta property=\"article:publisher\" content=\"https:\/\/www.facebook.com\/HairUWearINC\" \/>\n<meta property=\"article:modified_time\" content=\"2023-09-20T13:54:04+00:00\" \/>\n<meta property=\"og:image\" content=\"http:\/\/www.hairuwear.com\/wp-content\/uploads\/2023\/01\/AHL-Bio-Fusion-Bonding-Strips-scaled.jpg\" \/>\n\t<meta property=\"og:image:width\" content=\"2046\" \/>\n\t<meta property=\"og:image:height\" content=\"2560\" \/>\n\t<meta property=\"og:image:type\" content=\"image\/jpeg\" \/>\n<meta name=\"twitter:card\" content=\"summary_large_image\" \/>\n<script type=\"application\/ld+json\" class=\"yoast-schema-graph\">{\"@context\":\"https:\/\/schema.org\",\"@graph\":[{\"@type\":\"WebPage\",\"@id\":\"http:\/\/www.hairuwear.com\/product\/extenda-bond-plus-strips\/\",\"url\":\"http:\/\/www.hairuwear.com\/product\/extenda-bond-plus-strips\/\",\"name\":\"Extenda-Bond Plus Strips - HairUWear\",\"isPartOf\":{\"@id\":\"https:\/\/www.hairuwear.com\/nl\/#website\"},\"primaryImageOfPage\":{\"@id\":\"http:\/\/www.hairuwear.com\/product\/extenda-bond-plus-strips\/#primaryimage\"},\"image\":{\"@id\":\"http:\/\/www.hairuwear.com\/product\/extenda-bond-plus-strips\/#primaryimage\"},\"thumbnailUrl\":\"https:\/\/www.hairuwear.com\/wp-content\/uploads\/2023\/01\/AHL-Bio-Fusion-Bonding-Strips-scaled.jpg\",\"datePublished\":\"2023-07-14T06:00:45+00:00\",\"dateModified\":\"2023-09-20T13:54:04+00:00\",\"description\":\"Double-sided, long-holding tape with distinctive holes for breathability, flexibility and comfort. The low-shine finish is virtually invisible under the unit. The liner is blue and white; the tape is clear.\",\"breadcrumb\":{\"@id\":\"http:\/\/www.hairuwear.com\/product\/extenda-bond-plus-strips\/#breadcrumb\"},\"inLanguage\":\"fr-FR\",\"potentialAction\":[{\"@type\":\"ReadAction\",\"target\":[\"http:\/\/www.hairuwear.com\/product\/extenda-bond-plus-strips\/\"]}]},{\"@type\":\"ImageObject\",\"inLanguage\":\"fr-FR\",\"@id\":\"http:\/\/www.hairuwear.com\/product\/extenda-bond-plus-strips\/#primaryimage\",\"url\":\"https:\/\/www.hairuwear.com\/wp-content\/uploads\/2023\/01\/AHL-Bio-Fusion-Bonding-Strips-scaled.jpg\",\"contentUrl\":\"https:\/\/www.hairuwear.com\/wp-content\/uploads\/2023\/01\/AHL-Bio-Fusion-Bonding-Strips-scaled.jpg\",\"width\":2046,\"height\":2560,\"caption\":\"Extenda-Bond Plus Strips\"},{\"@type\":\"BreadcrumbList\",\"@id\":\"http:\/\/www.hairuwear.com\/product\/extenda-bond-plus-strips\/#breadcrumb\",\"itemListElement\":[{\"@type\":\"ListItem\",\"position\":1,\"name\":\"Home\",\"item\":\"https:\/\/www.hairuwear.com\/\"},{\"@type\":\"ListItem\",\"position\":2,\"name\":\"Products &#038; Solutions\",\"item\":\"https:\/\/www.hairuwear.com\/es\/products-solutions\/\"},{\"@type\":\"ListItem\",\"position\":3,\"name\":\"Extenda-Bond Plus Strips\"}]},{\"@type\":\"WebSite\",\"@id\":\"https:\/\/www.hairuwear.com\/nl\/#website\",\"url\":\"https:\/\/www.hairuwear.com\/nl\/\",\"name\":\"HairUWear\",\"description\":\"We inspire women and men throughout the world to see all the possibilities of alternative hair.\",\"publisher\":{\"@id\":\"https:\/\/www.hairuwear.com\/nl\/#organization\"},\"potentialAction\":[{\"@type\":\"SearchAction\",\"target\":{\"@type\":\"EntryPoint\",\"urlTemplate\":\"https:\/\/www.hairuwear.com\/nl\/?s={search_term_string}\"},\"query-input\":{\"@type\":\"PropertyValueSpecification\",\"valueRequired\":true,\"valueName\":\"search_term_string\"}}],\"inLanguage\":\"fr-FR\"},{\"@type\":\"Organization\",\"@id\":\"https:\/\/www.hairuwear.com\/nl\/#organization\",\"name\":\"HairUWear\",\"url\":\"https:\/\/www.hairuwear.com\/nl\/\",\"logo\":{\"@type\":\"ImageObject\",\"inLanguage\":\"fr-FR\",\"@id\":\"https:\/\/www.hairuwear.com\/nl\/#\/schema\/logo\/image\/\",\"url\":\"https:\/\/hairuwear.com\/wp-content\/uploads\/2024\/02\/HUW-logo-black-square.jpg\",\"contentUrl\":\"https:\/\/hairuwear.com\/wp-content\/uploads\/2024\/02\/HUW-logo-black-square.jpg\",\"width\":1000,\"height\":1000,\"caption\":\"HairUWear\"},\"image\":{\"@id\":\"https:\/\/www.hairuwear.com\/nl\/#\/schema\/logo\/image\/\"},\"sameAs\":[\"https:\/\/www.facebook.com\/HairUWearINC\",\"https:\/\/www.instagram.com\/hairuwear_inc\/\",\"https:\/\/www.youtube.com\/channel\/UCooHA3ZvNM3CfbjxHAUUZlg\",\"https:\/\/www.linkedin.com\/company\/hairuwear\/\",\"https:\/\/www.pinterest.com\/hairuwear\/?invite_code=060417bbf4384977ac59e5e49e9e2f4a\"]}]}<\/script>\n<!-- \/ Yoast SEO plugin. -->","yoast_head_json":{"title":"Extenda-Bond Plus Strips - HairUWear","description":"Double-sided, long-holding tape with distinctive holes for breathability, flexibility and comfort. The low-shine finish is virtually invisible under the unit. The liner is blue and white; the tape is clear.","robots":{"index":"index","follow":"follow","max-snippet":"max-snippet:-1","max-image-preview":"max-image-preview:large","max-video-preview":"max-video-preview:-1"},"canonical":"http:\/\/www.hairuwear.com\/fr\/product\/extenda-bond-plus-strips\/","og_locale":"fr_FR","og_type":"article","og_title":"Extenda-Bond Plus Strips - HairUWear","og_description":"Double-sided, long-holding tape with distinctive holes for breathability, flexibility and comfort. The low-shine finish is virtually invisible under the unit. The liner is blue and white; the tape is clear.","og_url":"http:\/\/www.hairuwear.com\/fr\/product\/extenda-bond-plus-strips\/","og_site_name":"HairUWear","article_publisher":"https:\/\/www.facebook.com\/HairUWearINC","article_modified_time":"2023-09-20T13:54:04+00:00","og_image":[{"width":2046,"height":2560,"url":"http:\/\/www.hairuwear.com\/wp-content\/uploads\/2023\/01\/AHL-Bio-Fusion-Bonding-Strips-scaled.jpg","type":"image\/jpeg"}],"twitter_card":"summary_large_image","schema":{"@context":"https:\/\/schema.org","@graph":[{"@type":"WebPage","@id":"http:\/\/www.hairuwear.com\/product\/extenda-bond-plus-strips\/","url":"http:\/\/www.hairuwear.com\/product\/extenda-bond-plus-strips\/","name":"Extenda-Bond Plus Strips - HairUWear","isPartOf":{"@id":"https:\/\/www.hairuwear.com\/nl\/#website"},"primaryImageOfPage":{"@id":"http:\/\/www.hairuwear.com\/product\/extenda-bond-plus-strips\/#primaryimage"},"image":{"@id":"http:\/\/www.hairuwear.com\/product\/extenda-bond-plus-strips\/#primaryimage"},"thumbnailUrl":"https:\/\/www.hairuwear.com\/wp-content\/uploads\/2023\/01\/AHL-Bio-Fusion-Bonding-Strips-scaled.jpg","datePublished":"2023-07-14T06:00:45+00:00","dateModified":"2023-09-20T13:54:04+00:00","description":"Double-sided, long-holding tape with distinctive holes for breathability, flexibility and comfort. The low-shine finish is virtually invisible under the unit. The liner is blue and white; the tape is clear.","breadcrumb":{"@id":"http:\/\/www.hairuwear.com\/product\/extenda-bond-plus-strips\/#breadcrumb"},"inLanguage":"fr-FR","potentialAction":[{"@type":"ReadAction","target":["http:\/\/www.hairuwear.com\/product\/extenda-bond-plus-strips\/"]}]},{"@type":"ImageObject","inLanguage":"fr-FR","@id":"http:\/\/www.hairuwear.com\/product\/extenda-bond-plus-strips\/#primaryimage","url":"https:\/\/www.hairuwear.com\/wp-content\/uploads\/2023\/01\/AHL-Bio-Fusion-Bonding-Strips-scaled.jpg","contentUrl":"https:\/\/www.hairuwear.com\/wp-content\/uploads\/2023\/01\/AHL-Bio-Fusion-Bonding-Strips-scaled.jpg","width":2046,"height":2560,"caption":"Extenda-Bond Plus Strips"},{"@type":"BreadcrumbList","@id":"http:\/\/www.hairuwear.com\/product\/extenda-bond-plus-strips\/#breadcrumb","itemListElement":[{"@type":"ListItem","position":1,"name":"Home","item":"https:\/\/www.hairuwear.com\/"},{"@type":"ListItem","position":2,"name":"Products &#038; Solutions","item":"https:\/\/www.hairuwear.com\/es\/products-solutions\/"},{"@type":"ListItem","position":3,"name":"Extenda-Bond Plus Strips"}]},{"@type":"WebSite","@id":"https:\/\/www.hairuwear.com\/nl\/#website","url":"https:\/\/www.hairuwear.com\/nl\/","name":"HairUWear","description":"We inspire women and men throughout the world to see all the possibilities of alternative hair.","publisher":{"@id":"https:\/\/www.hairuwear.com\/nl\/#organization"},"potentialAction":[{"@type":"SearchAction","target":{"@type":"EntryPoint","urlTemplate":"https:\/\/www.hairuwear.com\/nl\/?s={search_term_string}"},"query-input":{"@type":"PropertyValueSpecification","valueRequired":true,"valueName":"search_term_string"}}],"inLanguage":"fr-FR"},{"@type":"Organization","@id":"https:\/\/www.hairuwear.com\/nl\/#organization","name":"HairUWear","url":"https:\/\/www.hairuwear.com\/nl\/","logo":{"@type":"ImageObject","inLanguage":"fr-FR","@id":"https:\/\/www.hairuwear.com\/nl\/#\/schema\/logo\/image\/","url":"https:\/\/hairuwear.com\/wp-content\/uploads\/2024\/02\/HUW-logo-black-square.jpg","contentUrl":"https:\/\/hairuwear.com\/wp-content\/uploads\/2024\/02\/HUW-logo-black-square.jpg","width":1000,"height":1000,"caption":"HairUWear"},"image":{"@id":"https:\/\/www.hairuwear.com\/nl\/#\/schema\/logo\/image\/"},"sameAs":["https:\/\/www.facebook.com\/HairUWearINC","https:\/\/www.instagram.com\/hairuwear_inc\/","https:\/\/www.youtube.com\/channel\/UCooHA3ZvNM3CfbjxHAUUZlg","https:\/\/www.linkedin.com\/company\/hairuwear\/","https:\/\/www.pinterest.com\/hairuwear\/?invite_code=060417bbf4384977ac59e5e49e9e2f4a"]}]}},"_links":{"self":[{"href":"https:\/\/www.hairuwear.com\/fr\/wp-json\/wp\/v2\/product\/38647","targetHints":{"allow":["GET"]}}],"collection":[{"href":"https:\/\/www.hairuwear.com\/fr\/wp-json\/wp\/v2\/product"}],"about":[{"href":"https:\/\/www.hairuwear.com\/fr\/wp-json\/wp\/v2\/types\/product"}],"version-history":[{"count":2,"href":"https:\/\/www.hairuwear.com\/fr\/wp-json\/wp\/v2\/product\/38647\/revisions"}],"predecessor-version":[{"id":38799,"href":"https:\/\/www.hairuwear.com\/fr\/wp-json\/wp\/v2\/product\/38647\/revisions\/38799"}],"wp:featuredmedia":[{"embeddable":true,"href":"https:\/\/www.hairuwear.com\/fr\/wp-json\/wp\/v2\/media\/38648"}],"wp:attachment":[{"href":"https:\/\/www.hairuwear.com\/fr\/wp-json\/wp\/v2\/media?parent=38647"}],"wp:term":[{"taxonomy":"product_brand","embeddable":true,"href":"https:\/\/www.hairuwear.com\/fr\/wp-json\/wp\/v2\/product_brand?post=38647"},{"taxonomy":"product_cat","embeddable":true,"href":"https:\/\/www.hairuwear.com\/fr\/wp-json\/wp\/v2\/product_cat?post=38647"},{"taxonomy":"product_tag","embeddable":true,"href":"https:\/\/www.hairuwear.com\/fr\/wp-json\/wp\/v2\/product_tag?post=38647"}],"curies":[{"name":"wp","href":"https:\/\/api.w.org\/{rel}","templated":true}]}}