{"id":38671,"date":"2023-07-14T01:00:21","date_gmt":"2023-07-14T06:00:21","guid":{"rendered":"https:\/\/live-huw-2023.pantheonsite.io\/?post_type=product&#038;p=38671"},"modified":"2023-09-20T08:54:37","modified_gmt":"2023-09-20T13:54:37","slug":"red-liner-tape","status":"publish","type":"product","link":"https:\/\/www.hairuwear.com\/fr\/product\/red-liner-tape\/","title":{"rendered":"Red Liner Tape"},"content":{"rendered":"","protected":false},"excerpt":{"rendered":"<p>Contour avant B, double face avec tr\u00e8s peu de r\u00e9sidus. Id\u00e9al pour la fixation de polyur\u00e9thane et le remplacement quotidien gr\u00e2ce \u00e0 sa facilit\u00e9 de nettoyage. La doublure est rouge, le ruban est transparent.<\/p>\n<hr \/>\n<p>36 bandes<\/p>","protected":false},"featured_media":38674,"template":"","meta":[],"product_brand":[],"product_cat":[293,209],"product_tag":[],"class_list":{"0":"post-38671","1":"product","2":"type-product","3":"status-publish","4":"has-post-thumbnail","6":"product_cat-for-professionals","7":"product_cat-view-all","8":"pa_categories-styling-and-care-products","11":"first","12":"instock","13":"shipping-taxable","14":"product-type-simple"},"yoast_head":"<!-- This site is optimized with the Yoast SEO plugin v25.3.1 - https:\/\/yoast.com\/wordpress\/plugins\/seo\/ -->\n<title>Red Liner Tape - HairUWear<\/title>\n<meta name=\"description\" content=\"Front Contour B, double-sided with very low residue. Ideal for polyurethane attachment and daily replacement due to its easy cleanup. The liner is red; the tape is clear.\" \/>\n<meta name=\"robots\" content=\"index, follow, max-snippet:-1, max-image-preview:large, max-video-preview:-1\" \/>\n<link rel=\"canonical\" href=\"http:\/\/www.hairuwear.com\/fr\/product\/red-liner-tape\/\" \/>\n<meta property=\"og:locale\" content=\"fr_FR\" \/>\n<meta property=\"og:type\" content=\"article\" \/>\n<meta property=\"og:title\" content=\"Red Liner Tape - HairUWear\" \/>\n<meta property=\"og:description\" content=\"Front Contour B, double-sided with very low residue. Ideal for polyurethane attachment and daily replacement due to its easy cleanup. The liner is red; the tape is clear.\" \/>\n<meta property=\"og:url\" content=\"http:\/\/www.hairuwear.com\/fr\/product\/red-liner-tape\/\" \/>\n<meta property=\"og:site_name\" content=\"HairUWear\" \/>\n<meta property=\"article:publisher\" content=\"https:\/\/www.facebook.com\/HairUWearINC\" \/>\n<meta property=\"article:modified_time\" content=\"2023-09-20T13:54:37+00:00\" \/>\n<meta property=\"og:image\" content=\"http:\/\/www.hairuwear.com\/wp-content\/uploads\/2023\/01\/Red-Liner-Tape-Front-Contour-B-scaled.jpg\" \/>\n\t<meta property=\"og:image:width\" content=\"2046\" \/>\n\t<meta property=\"og:image:height\" content=\"2560\" \/>\n\t<meta property=\"og:image:type\" content=\"image\/jpeg\" \/>\n<meta name=\"twitter:card\" content=\"summary_large_image\" \/>\n<script type=\"application\/ld+json\" class=\"yoast-schema-graph\">{\"@context\":\"https:\/\/schema.org\",\"@graph\":[{\"@type\":\"WebPage\",\"@id\":\"http:\/\/www.hairuwear.com\/product\/red-liner-tape\/\",\"url\":\"http:\/\/www.hairuwear.com\/product\/red-liner-tape\/\",\"name\":\"Red Liner Tape - HairUWear\",\"isPartOf\":{\"@id\":\"https:\/\/www.hairuwear.com\/nl\/#website\"},\"primaryImageOfPage\":{\"@id\":\"http:\/\/www.hairuwear.com\/product\/red-liner-tape\/#primaryimage\"},\"image\":{\"@id\":\"http:\/\/www.hairuwear.com\/product\/red-liner-tape\/#primaryimage\"},\"thumbnailUrl\":\"https:\/\/www.hairuwear.com\/wp-content\/uploads\/2023\/01\/Red-Liner-Tape-Front-Contour-B-scaled.jpg\",\"datePublished\":\"2023-07-14T06:00:21+00:00\",\"dateModified\":\"2023-09-20T13:54:37+00:00\",\"description\":\"Front Contour B, double-sided with very low residue. Ideal for polyurethane attachment and daily replacement due to its easy cleanup. The liner is red; the tape is clear.\",\"breadcrumb\":{\"@id\":\"http:\/\/www.hairuwear.com\/product\/red-liner-tape\/#breadcrumb\"},\"inLanguage\":\"fr-FR\",\"potentialAction\":[{\"@type\":\"ReadAction\",\"target\":[\"http:\/\/www.hairuwear.com\/product\/red-liner-tape\/\"]}]},{\"@type\":\"ImageObject\",\"inLanguage\":\"fr-FR\",\"@id\":\"http:\/\/www.hairuwear.com\/product\/red-liner-tape\/#primaryimage\",\"url\":\"https:\/\/www.hairuwear.com\/wp-content\/uploads\/2023\/01\/Red-Liner-Tape-Front-Contour-B-scaled.jpg\",\"contentUrl\":\"https:\/\/www.hairuwear.com\/wp-content\/uploads\/2023\/01\/Red-Liner-Tape-Front-Contour-B-scaled.jpg\",\"width\":2046,\"height\":2560,\"caption\":\"Red Liner Tape\"},{\"@type\":\"BreadcrumbList\",\"@id\":\"http:\/\/www.hairuwear.com\/product\/red-liner-tape\/#breadcrumb\",\"itemListElement\":[{\"@type\":\"ListItem\",\"position\":1,\"name\":\"Home\",\"item\":\"https:\/\/www.hairuwear.com\/\"},{\"@type\":\"ListItem\",\"position\":2,\"name\":\"Products &#038; Solutions\",\"item\":\"https:\/\/www.hairuwear.com\/es\/products-solutions\/\"},{\"@type\":\"ListItem\",\"position\":3,\"name\":\"Red Liner Tape\"}]},{\"@type\":\"WebSite\",\"@id\":\"https:\/\/www.hairuwear.com\/nl\/#website\",\"url\":\"https:\/\/www.hairuwear.com\/nl\/\",\"name\":\"HairUWear\",\"description\":\"We inspire women and men throughout the world to see all the possibilities of alternative hair.\",\"publisher\":{\"@id\":\"https:\/\/www.hairuwear.com\/nl\/#organization\"},\"potentialAction\":[{\"@type\":\"SearchAction\",\"target\":{\"@type\":\"EntryPoint\",\"urlTemplate\":\"https:\/\/www.hairuwear.com\/nl\/?s={search_term_string}\"},\"query-input\":{\"@type\":\"PropertyValueSpecification\",\"valueRequired\":true,\"valueName\":\"search_term_string\"}}],\"inLanguage\":\"fr-FR\"},{\"@type\":\"Organization\",\"@id\":\"https:\/\/www.hairuwear.com\/nl\/#organization\",\"name\":\"HairUWear\",\"url\":\"https:\/\/www.hairuwear.com\/nl\/\",\"logo\":{\"@type\":\"ImageObject\",\"inLanguage\":\"fr-FR\",\"@id\":\"https:\/\/www.hairuwear.com\/nl\/#\/schema\/logo\/image\/\",\"url\":\"https:\/\/hairuwear.com\/wp-content\/uploads\/2024\/02\/HUW-logo-black-square.jpg\",\"contentUrl\":\"https:\/\/hairuwear.com\/wp-content\/uploads\/2024\/02\/HUW-logo-black-square.jpg\",\"width\":1000,\"height\":1000,\"caption\":\"HairUWear\"},\"image\":{\"@id\":\"https:\/\/www.hairuwear.com\/nl\/#\/schema\/logo\/image\/\"},\"sameAs\":[\"https:\/\/www.facebook.com\/HairUWearINC\",\"https:\/\/www.instagram.com\/hairuwear_inc\/\",\"https:\/\/www.youtube.com\/channel\/UCooHA3ZvNM3CfbjxHAUUZlg\",\"https:\/\/www.linkedin.com\/company\/hairuwear\/\",\"https:\/\/www.pinterest.com\/hairuwear\/?invite_code=060417bbf4384977ac59e5e49e9e2f4a\"]}]}<\/script>\n<!-- \/ Yoast SEO plugin. -->","yoast_head_json":{"title":"Red Liner Tape - HairUWear","description":"Front Contour B, double-sided with very low residue. Ideal for polyurethane attachment and daily replacement due to its easy cleanup. The liner is red; the tape is clear.","robots":{"index":"index","follow":"follow","max-snippet":"max-snippet:-1","max-image-preview":"max-image-preview:large","max-video-preview":"max-video-preview:-1"},"canonical":"http:\/\/www.hairuwear.com\/fr\/product\/red-liner-tape\/","og_locale":"fr_FR","og_type":"article","og_title":"Red Liner Tape - HairUWear","og_description":"Front Contour B, double-sided with very low residue. Ideal for polyurethane attachment and daily replacement due to its easy cleanup. The liner is red; the tape is clear.","og_url":"http:\/\/www.hairuwear.com\/fr\/product\/red-liner-tape\/","og_site_name":"HairUWear","article_publisher":"https:\/\/www.facebook.com\/HairUWearINC","article_modified_time":"2023-09-20T13:54:37+00:00","og_image":[{"width":2046,"height":2560,"url":"http:\/\/www.hairuwear.com\/wp-content\/uploads\/2023\/01\/Red-Liner-Tape-Front-Contour-B-scaled.jpg","type":"image\/jpeg"}],"twitter_card":"summary_large_image","schema":{"@context":"https:\/\/schema.org","@graph":[{"@type":"WebPage","@id":"http:\/\/www.hairuwear.com\/product\/red-liner-tape\/","url":"http:\/\/www.hairuwear.com\/product\/red-liner-tape\/","name":"Red Liner Tape - HairUWear","isPartOf":{"@id":"https:\/\/www.hairuwear.com\/nl\/#website"},"primaryImageOfPage":{"@id":"http:\/\/www.hairuwear.com\/product\/red-liner-tape\/#primaryimage"},"image":{"@id":"http:\/\/www.hairuwear.com\/product\/red-liner-tape\/#primaryimage"},"thumbnailUrl":"https:\/\/www.hairuwear.com\/wp-content\/uploads\/2023\/01\/Red-Liner-Tape-Front-Contour-B-scaled.jpg","datePublished":"2023-07-14T06:00:21+00:00","dateModified":"2023-09-20T13:54:37+00:00","description":"Front Contour B, double-sided with very low residue. Ideal for polyurethane attachment and daily replacement due to its easy cleanup. The liner is red; the tape is clear.","breadcrumb":{"@id":"http:\/\/www.hairuwear.com\/product\/red-liner-tape\/#breadcrumb"},"inLanguage":"fr-FR","potentialAction":[{"@type":"ReadAction","target":["http:\/\/www.hairuwear.com\/product\/red-liner-tape\/"]}]},{"@type":"ImageObject","inLanguage":"fr-FR","@id":"http:\/\/www.hairuwear.com\/product\/red-liner-tape\/#primaryimage","url":"https:\/\/www.hairuwear.com\/wp-content\/uploads\/2023\/01\/Red-Liner-Tape-Front-Contour-B-scaled.jpg","contentUrl":"https:\/\/www.hairuwear.com\/wp-content\/uploads\/2023\/01\/Red-Liner-Tape-Front-Contour-B-scaled.jpg","width":2046,"height":2560,"caption":"Red Liner Tape"},{"@type":"BreadcrumbList","@id":"http:\/\/www.hairuwear.com\/product\/red-liner-tape\/#breadcrumb","itemListElement":[{"@type":"ListItem","position":1,"name":"Home","item":"https:\/\/www.hairuwear.com\/"},{"@type":"ListItem","position":2,"name":"Products &#038; Solutions","item":"https:\/\/www.hairuwear.com\/es\/products-solutions\/"},{"@type":"ListItem","position":3,"name":"Red Liner Tape"}]},{"@type":"WebSite","@id":"https:\/\/www.hairuwear.com\/nl\/#website","url":"https:\/\/www.hairuwear.com\/nl\/","name":"HairUWear","description":"We inspire women and men throughout the world to see all the possibilities of alternative hair.","publisher":{"@id":"https:\/\/www.hairuwear.com\/nl\/#organization"},"potentialAction":[{"@type":"SearchAction","target":{"@type":"EntryPoint","urlTemplate":"https:\/\/www.hairuwear.com\/nl\/?s={search_term_string}"},"query-input":{"@type":"PropertyValueSpecification","valueRequired":true,"valueName":"search_term_string"}}],"inLanguage":"fr-FR"},{"@type":"Organization","@id":"https:\/\/www.hairuwear.com\/nl\/#organization","name":"HairUWear","url":"https:\/\/www.hairuwear.com\/nl\/","logo":{"@type":"ImageObject","inLanguage":"fr-FR","@id":"https:\/\/www.hairuwear.com\/nl\/#\/schema\/logo\/image\/","url":"https:\/\/hairuwear.com\/wp-content\/uploads\/2024\/02\/HUW-logo-black-square.jpg","contentUrl":"https:\/\/hairuwear.com\/wp-content\/uploads\/2024\/02\/HUW-logo-black-square.jpg","width":1000,"height":1000,"caption":"HairUWear"},"image":{"@id":"https:\/\/www.hairuwear.com\/nl\/#\/schema\/logo\/image\/"},"sameAs":["https:\/\/www.facebook.com\/HairUWearINC","https:\/\/www.instagram.com\/hairuwear_inc\/","https:\/\/www.youtube.com\/channel\/UCooHA3ZvNM3CfbjxHAUUZlg","https:\/\/www.linkedin.com\/company\/hairuwear\/","https:\/\/www.pinterest.com\/hairuwear\/?invite_code=060417bbf4384977ac59e5e49e9e2f4a"]}]}},"_links":{"self":[{"href":"https:\/\/www.hairuwear.com\/fr\/wp-json\/wp\/v2\/product\/38671","targetHints":{"allow":["GET"]}}],"collection":[{"href":"https:\/\/www.hairuwear.com\/fr\/wp-json\/wp\/v2\/product"}],"about":[{"href":"https:\/\/www.hairuwear.com\/fr\/wp-json\/wp\/v2\/types\/product"}],"version-history":[{"count":2,"href":"https:\/\/www.hairuwear.com\/fr\/wp-json\/wp\/v2\/product\/38671\/revisions"}],"predecessor-version":[{"id":38675,"href":"https:\/\/www.hairuwear.com\/fr\/wp-json\/wp\/v2\/product\/38671\/revisions\/38675"}],"wp:featuredmedia":[{"embeddable":true,"href":"https:\/\/www.hairuwear.com\/fr\/wp-json\/wp\/v2\/media\/38674"}],"wp:attachment":[{"href":"https:\/\/www.hairuwear.com\/fr\/wp-json\/wp\/v2\/media?parent=38671"}],"wp:term":[{"taxonomy":"product_brand","embeddable":true,"href":"https:\/\/www.hairuwear.com\/fr\/wp-json\/wp\/v2\/product_brand?post=38671"},{"taxonomy":"product_cat","embeddable":true,"href":"https:\/\/www.hairuwear.com\/fr\/wp-json\/wp\/v2\/product_cat?post=38671"},{"taxonomy":"product_tag","embeddable":true,"href":"https:\/\/www.hairuwear.com\/fr\/wp-json\/wp\/v2\/product_tag?post=38671"}],"curies":[{"name":"wp","href":"https:\/\/api.w.org\/{rel}","templated":true}]}}