{"id":38771,"date":"2023-07-14T01:00:17","date_gmt":"2023-07-14T06:00:17","guid":{"rendered":"https:\/\/live-huw-2023.pantheonsite.io\/?post_type=product&#038;p=38771"},"modified":"2023-09-20T08:54:55","modified_gmt":"2023-09-20T13:54:55","slug":"topstick-clear-tape","status":"publish","type":"product","link":"https:\/\/www.hairuwear.com\/fr\/product\/topstick-clear-tape\/","title":{"rendered":"Topstick\u00ae Clear Tape"},"content":{"rendered":"","protected":false},"excerpt":{"rendered":"<p>Double face, flexible, confortable et s\u00fbr. Le mat\u00e9riau doux et hypoallerg\u00e9nique r\u00e9siste \u00e0 la chaleur et \u00e0 l'humidit\u00e9. \u00c0 utiliser sur le p\u00e9rim\u00e8tre, le d\u00f4me ou tout l'int\u00e9rieur des perruques et des postiches.<\/p>\n<hr \/>\n<p>Disponible en rouleaux de 3 yd et 24 yd.<\/p>","protected":false},"featured_media":38774,"template":"","meta":[],"product_brand":[],"product_cat":[293,209],"product_tag":[],"class_list":{"0":"post-38771","1":"product","2":"type-product","3":"status-publish","4":"has-post-thumbnail","6":"product_cat-for-professionals","7":"product_cat-view-all","8":"pa_categories-styling-and-care-products","11":"first","12":"instock","13":"shipping-taxable","14":"product-type-simple"},"yoast_head":"<!-- This site is optimized with the Yoast SEO plugin v25.3.1 - https:\/\/yoast.com\/wordpress\/plugins\/seo\/ -->\n<title>Topstick\u00ae Clear Tape - HairUWear<\/title>\n<meta name=\"description\" content=\"Double-sided, flexible, comfortable and secure. The soft, hypo-allergenic material is resistant to heat and moisture. Use on the perimeter, dome or entire interior of wigs and hairpieces.\" \/>\n<meta name=\"robots\" content=\"index, follow, max-snippet:-1, max-image-preview:large, max-video-preview:-1\" \/>\n<link rel=\"canonical\" href=\"https:\/\/www.hairuwear.com\/fr\/product\/topstick-clear-tape\/\" \/>\n<meta property=\"og:locale\" content=\"fr_FR\" \/>\n<meta property=\"og:type\" content=\"article\" \/>\n<meta property=\"og:title\" content=\"Topstick\u00ae Clear Tape - HairUWear\" \/>\n<meta property=\"og:description\" content=\"Double-sided, flexible, comfortable and secure. The soft, hypo-allergenic material is resistant to heat and moisture. Use on the perimeter, dome or entire interior of wigs and hairpieces.\" \/>\n<meta property=\"og:url\" content=\"https:\/\/www.hairuwear.com\/fr\/product\/topstick-clear-tape\/\" \/>\n<meta property=\"og:site_name\" content=\"HairUWear\" \/>\n<meta property=\"article:publisher\" content=\"https:\/\/www.facebook.com\/HairUWearINC\" \/>\n<meta property=\"article:modified_time\" content=\"2023-09-20T13:54:55+00:00\" \/>\n<meta property=\"og:image\" content=\"https:\/\/www.hairuwear.com\/wp-content\/uploads\/2023\/01\/HUW-Topstick-Clear-Tape-1-scaled.jpg\" \/>\n\t<meta property=\"og:image:width\" content=\"2045\" \/>\n\t<meta property=\"og:image:height\" content=\"2560\" \/>\n\t<meta property=\"og:image:type\" content=\"image\/jpeg\" \/>\n<meta name=\"twitter:card\" content=\"summary_large_image\" \/>\n<script type=\"application\/ld+json\" class=\"yoast-schema-graph\">{\"@context\":\"https:\/\/schema.org\",\"@graph\":[{\"@type\":\"WebPage\",\"@id\":\"https:\/\/www.hairuwear.com\/fr\/product\/topstick-clear-tape\/\",\"url\":\"https:\/\/www.hairuwear.com\/fr\/product\/topstick-clear-tape\/\",\"name\":\"Topstick\u00ae Clear Tape - HairUWear\",\"isPartOf\":{\"@id\":\"https:\/\/www.hairuwear.com\/nl\/#website\"},\"primaryImageOfPage\":{\"@id\":\"https:\/\/www.hairuwear.com\/fr\/product\/topstick-clear-tape\/#primaryimage\"},\"image\":{\"@id\":\"https:\/\/www.hairuwear.com\/fr\/product\/topstick-clear-tape\/#primaryimage\"},\"thumbnailUrl\":\"https:\/\/www.hairuwear.com\/wp-content\/uploads\/2023\/01\/HUW-Topstick-Clear-Tape-1-scaled.jpg\",\"datePublished\":\"2023-07-14T06:00:17+00:00\",\"dateModified\":\"2023-09-20T13:54:55+00:00\",\"description\":\"Double-sided, flexible, comfortable and secure. The soft, hypo-allergenic material is resistant to heat and moisture. Use on the perimeter, dome or entire interior of wigs and hairpieces.\",\"breadcrumb\":{\"@id\":\"https:\/\/www.hairuwear.com\/fr\/product\/topstick-clear-tape\/#breadcrumb\"},\"inLanguage\":\"fr-FR\",\"potentialAction\":[{\"@type\":\"ReadAction\",\"target\":[\"https:\/\/www.hairuwear.com\/fr\/product\/topstick-clear-tape\/\"]}]},{\"@type\":\"ImageObject\",\"inLanguage\":\"fr-FR\",\"@id\":\"https:\/\/www.hairuwear.com\/fr\/product\/topstick-clear-tape\/#primaryimage\",\"url\":\"https:\/\/www.hairuwear.com\/wp-content\/uploads\/2023\/01\/HUW-Topstick-Clear-Tape-1-scaled.jpg\",\"contentUrl\":\"https:\/\/www.hairuwear.com\/wp-content\/uploads\/2023\/01\/HUW-Topstick-Clear-Tape-1-scaled.jpg\",\"width\":2045,\"height\":2560,\"caption\":\"Topstick\u00ae Clear Tape\"},{\"@type\":\"BreadcrumbList\",\"@id\":\"https:\/\/www.hairuwear.com\/fr\/product\/topstick-clear-tape\/#breadcrumb\",\"itemListElement\":[{\"@type\":\"ListItem\",\"position\":1,\"name\":\"Home\",\"item\":\"https:\/\/www.hairuwear.com\/\"},{\"@type\":\"ListItem\",\"position\":2,\"name\":\"Products &#038; Solutions\",\"item\":\"https:\/\/www.hairuwear.com\/es\/products-solutions\/\"},{\"@type\":\"ListItem\",\"position\":3,\"name\":\"Topstick\u00ae Clear Tape\"}]},{\"@type\":\"WebSite\",\"@id\":\"https:\/\/www.hairuwear.com\/nl\/#website\",\"url\":\"https:\/\/www.hairuwear.com\/nl\/\",\"name\":\"HairUWear\",\"description\":\"We inspire women and men throughout the world to see all the possibilities of alternative hair.\",\"publisher\":{\"@id\":\"https:\/\/www.hairuwear.com\/nl\/#organization\"},\"potentialAction\":[{\"@type\":\"SearchAction\",\"target\":{\"@type\":\"EntryPoint\",\"urlTemplate\":\"https:\/\/www.hairuwear.com\/nl\/?s={search_term_string}\"},\"query-input\":{\"@type\":\"PropertyValueSpecification\",\"valueRequired\":true,\"valueName\":\"search_term_string\"}}],\"inLanguage\":\"fr-FR\"},{\"@type\":\"Organization\",\"@id\":\"https:\/\/www.hairuwear.com\/nl\/#organization\",\"name\":\"HairUWear\",\"url\":\"https:\/\/www.hairuwear.com\/nl\/\",\"logo\":{\"@type\":\"ImageObject\",\"inLanguage\":\"fr-FR\",\"@id\":\"https:\/\/www.hairuwear.com\/nl\/#\/schema\/logo\/image\/\",\"url\":\"https:\/\/hairuwear.com\/wp-content\/uploads\/2024\/02\/HUW-logo-black-square.jpg\",\"contentUrl\":\"https:\/\/hairuwear.com\/wp-content\/uploads\/2024\/02\/HUW-logo-black-square.jpg\",\"width\":1000,\"height\":1000,\"caption\":\"HairUWear\"},\"image\":{\"@id\":\"https:\/\/www.hairuwear.com\/nl\/#\/schema\/logo\/image\/\"},\"sameAs\":[\"https:\/\/www.facebook.com\/HairUWearINC\",\"https:\/\/www.instagram.com\/hairuwear_inc\/\",\"https:\/\/www.youtube.com\/channel\/UCooHA3ZvNM3CfbjxHAUUZlg\",\"https:\/\/www.linkedin.com\/company\/hairuwear\/\",\"https:\/\/www.pinterest.com\/hairuwear\/?invite_code=060417bbf4384977ac59e5e49e9e2f4a\"]}]}<\/script>\n<!-- \/ Yoast SEO plugin. -->","yoast_head_json":{"title":"Topstick\u00ae Clear Tape - HairUWear","description":"Double-sided, flexible, comfortable and secure. The soft, hypo-allergenic material is resistant to heat and moisture. Use on the perimeter, dome or entire interior of wigs and hairpieces.","robots":{"index":"index","follow":"follow","max-snippet":"max-snippet:-1","max-image-preview":"max-image-preview:large","max-video-preview":"max-video-preview:-1"},"canonical":"https:\/\/www.hairuwear.com\/fr\/product\/topstick-clear-tape\/","og_locale":"fr_FR","og_type":"article","og_title":"Topstick\u00ae Clear Tape - HairUWear","og_description":"Double-sided, flexible, comfortable and secure. The soft, hypo-allergenic material is resistant to heat and moisture. Use on the perimeter, dome or entire interior of wigs and hairpieces.","og_url":"https:\/\/www.hairuwear.com\/fr\/product\/topstick-clear-tape\/","og_site_name":"HairUWear","article_publisher":"https:\/\/www.facebook.com\/HairUWearINC","article_modified_time":"2023-09-20T13:54:55+00:00","og_image":[{"width":2045,"height":2560,"url":"https:\/\/www.hairuwear.com\/wp-content\/uploads\/2023\/01\/HUW-Topstick-Clear-Tape-1-scaled.jpg","type":"image\/jpeg"}],"twitter_card":"summary_large_image","schema":{"@context":"https:\/\/schema.org","@graph":[{"@type":"WebPage","@id":"https:\/\/www.hairuwear.com\/fr\/product\/topstick-clear-tape\/","url":"https:\/\/www.hairuwear.com\/fr\/product\/topstick-clear-tape\/","name":"Topstick\u00ae Clear Tape - HairUWear","isPartOf":{"@id":"https:\/\/www.hairuwear.com\/nl\/#website"},"primaryImageOfPage":{"@id":"https:\/\/www.hairuwear.com\/fr\/product\/topstick-clear-tape\/#primaryimage"},"image":{"@id":"https:\/\/www.hairuwear.com\/fr\/product\/topstick-clear-tape\/#primaryimage"},"thumbnailUrl":"https:\/\/www.hairuwear.com\/wp-content\/uploads\/2023\/01\/HUW-Topstick-Clear-Tape-1-scaled.jpg","datePublished":"2023-07-14T06:00:17+00:00","dateModified":"2023-09-20T13:54:55+00:00","description":"Double-sided, flexible, comfortable and secure. The soft, hypo-allergenic material is resistant to heat and moisture. Use on the perimeter, dome or entire interior of wigs and hairpieces.","breadcrumb":{"@id":"https:\/\/www.hairuwear.com\/fr\/product\/topstick-clear-tape\/#breadcrumb"},"inLanguage":"fr-FR","potentialAction":[{"@type":"ReadAction","target":["https:\/\/www.hairuwear.com\/fr\/product\/topstick-clear-tape\/"]}]},{"@type":"ImageObject","inLanguage":"fr-FR","@id":"https:\/\/www.hairuwear.com\/fr\/product\/topstick-clear-tape\/#primaryimage","url":"https:\/\/www.hairuwear.com\/wp-content\/uploads\/2023\/01\/HUW-Topstick-Clear-Tape-1-scaled.jpg","contentUrl":"https:\/\/www.hairuwear.com\/wp-content\/uploads\/2023\/01\/HUW-Topstick-Clear-Tape-1-scaled.jpg","width":2045,"height":2560,"caption":"Topstick\u00ae Clear Tape"},{"@type":"BreadcrumbList","@id":"https:\/\/www.hairuwear.com\/fr\/product\/topstick-clear-tape\/#breadcrumb","itemListElement":[{"@type":"ListItem","position":1,"name":"Home","item":"https:\/\/www.hairuwear.com\/"},{"@type":"ListItem","position":2,"name":"Products &#038; Solutions","item":"https:\/\/www.hairuwear.com\/es\/products-solutions\/"},{"@type":"ListItem","position":3,"name":"Topstick\u00ae Clear Tape"}]},{"@type":"WebSite","@id":"https:\/\/www.hairuwear.com\/nl\/#website","url":"https:\/\/www.hairuwear.com\/nl\/","name":"HairUWear","description":"We inspire women and men throughout the world to see all the possibilities of alternative hair.","publisher":{"@id":"https:\/\/www.hairuwear.com\/nl\/#organization"},"potentialAction":[{"@type":"SearchAction","target":{"@type":"EntryPoint","urlTemplate":"https:\/\/www.hairuwear.com\/nl\/?s={search_term_string}"},"query-input":{"@type":"PropertyValueSpecification","valueRequired":true,"valueName":"search_term_string"}}],"inLanguage":"fr-FR"},{"@type":"Organization","@id":"https:\/\/www.hairuwear.com\/nl\/#organization","name":"HairUWear","url":"https:\/\/www.hairuwear.com\/nl\/","logo":{"@type":"ImageObject","inLanguage":"fr-FR","@id":"https:\/\/www.hairuwear.com\/nl\/#\/schema\/logo\/image\/","url":"https:\/\/hairuwear.com\/wp-content\/uploads\/2024\/02\/HUW-logo-black-square.jpg","contentUrl":"https:\/\/hairuwear.com\/wp-content\/uploads\/2024\/02\/HUW-logo-black-square.jpg","width":1000,"height":1000,"caption":"HairUWear"},"image":{"@id":"https:\/\/www.hairuwear.com\/nl\/#\/schema\/logo\/image\/"},"sameAs":["https:\/\/www.facebook.com\/HairUWearINC","https:\/\/www.instagram.com\/hairuwear_inc\/","https:\/\/www.youtube.com\/channel\/UCooHA3ZvNM3CfbjxHAUUZlg","https:\/\/www.linkedin.com\/company\/hairuwear\/","https:\/\/www.pinterest.com\/hairuwear\/?invite_code=060417bbf4384977ac59e5e49e9e2f4a"]}]}},"_links":{"self":[{"href":"https:\/\/www.hairuwear.com\/fr\/wp-json\/wp\/v2\/product\/38771","targetHints":{"allow":["GET"]}}],"collection":[{"href":"https:\/\/www.hairuwear.com\/fr\/wp-json\/wp\/v2\/product"}],"about":[{"href":"https:\/\/www.hairuwear.com\/fr\/wp-json\/wp\/v2\/types\/product"}],"version-history":[{"count":1,"href":"https:\/\/www.hairuwear.com\/fr\/wp-json\/wp\/v2\/product\/38771\/revisions"}],"predecessor-version":[{"id":38772,"href":"https:\/\/www.hairuwear.com\/fr\/wp-json\/wp\/v2\/product\/38771\/revisions\/38772"}],"wp:featuredmedia":[{"embeddable":true,"href":"https:\/\/www.hairuwear.com\/fr\/wp-json\/wp\/v2\/media\/38774"}],"wp:attachment":[{"href":"https:\/\/www.hairuwear.com\/fr\/wp-json\/wp\/v2\/media?parent=38771"}],"wp:term":[{"taxonomy":"product_brand","embeddable":true,"href":"https:\/\/www.hairuwear.com\/fr\/wp-json\/wp\/v2\/product_brand?post=38771"},{"taxonomy":"product_cat","embeddable":true,"href":"https:\/\/www.hairuwear.com\/fr\/wp-json\/wp\/v2\/product_cat?post=38771"},{"taxonomy":"product_tag","embeddable":true,"href":"https:\/\/www.hairuwear.com\/fr\/wp-json\/wp\/v2\/product_tag?post=38771"}],"curies":[{"name":"wp","href":"https:\/\/api.w.org\/{rel}","templated":true}]}}