{"id":38812,"date":"2023-01-10T10:45:38","date_gmt":"2023-01-10T16:45:38","guid":{"rendered":"https:\/\/live-huw-2023.pantheonsite.io\/?post_type=product&#038;p=38812"},"modified":"2023-09-20T12:05:42","modified_gmt":"2023-09-20T17:05:42","slug":"max-hold-sport","status":"publish","type":"product","link":"https:\/\/www.hairuwear.com\/fr\/product\/max-hold-sport\/","title":{"rendered":"Max Hold Sport\u2122"},"content":{"rendered":"","protected":false},"excerpt":{"rendered":"<p>Pr\u00e9pare pour une tenue instantan\u00e9e et une endurance maximale. Prot\u00e8ge le cuir chevelu de l'irritation caus\u00e9e par l'adh\u00e9sif. La barri\u00e8re aide \u00e9galement \u00e0 maintenir la tenue de l'adh\u00e9sif en le prot\u00e9geant de la sueur, de l'huile et de l'eau. Application par tamponnage.<\/p>\n<hr \/>\n<p>1,4 oz<\/p>","protected":false},"featured_media":38814,"template":"","meta":[],"product_brand":[],"product_cat":[293,209],"product_tag":[],"class_list":{"0":"post-38812","1":"product","2":"type-product","3":"status-publish","4":"has-post-thumbnail","6":"product_cat-for-professionals","7":"product_cat-view-all","8":"pa_categories-styling-and-care-products","11":"first","12":"instock","13":"shipping-taxable","14":"product-type-simple"},"yoast_head":"<!-- This site is optimized with the Yoast SEO plugin v25.3.1 - https:\/\/yoast.com\/wordpress\/plugins\/seo\/ -->\n<title>Max Hold Sport\u2122 - HairUWear<\/title>\n<meta name=\"description\" content=\"Prep for instant hold and maximum endurance. Protects the scalp from adhesive irritation. The barrier also helps to maintain the adhesive\u2019s hold by protecting it from sweat, oil, and water. Dab-on application.\" \/>\n<meta name=\"robots\" content=\"index, follow, max-snippet:-1, max-image-preview:large, max-video-preview:-1\" \/>\n<link rel=\"canonical\" href=\"http:\/\/www.hairuwear.com\/fr\/product\/max-hold-sport\/\" \/>\n<meta property=\"og:locale\" content=\"fr_FR\" \/>\n<meta property=\"og:type\" content=\"article\" \/>\n<meta property=\"og:title\" content=\"Max Hold Sport\u2122 - HairUWear\" \/>\n<meta property=\"og:description\" content=\"Prep for instant hold and maximum endurance. Protects the scalp from adhesive irritation. The barrier also helps to maintain the adhesive\u2019s hold by protecting it from sweat, oil, and water. Dab-on application.\" \/>\n<meta property=\"og:url\" content=\"http:\/\/www.hairuwear.com\/fr\/product\/max-hold-sport\/\" \/>\n<meta property=\"og:site_name\" content=\"HairUWear\" \/>\n<meta property=\"article:publisher\" content=\"https:\/\/www.facebook.com\/HairUWearINC\" \/>\n<meta property=\"article:modified_time\" content=\"2023-09-20T17:05:42+00:00\" \/>\n<meta property=\"og:image\" content=\"http:\/\/www.hairuwear.com\/wp-content\/uploads\/2023\/01\/AHL-Max-Hold-Sport-Adhesive-scaled.jpg\" \/>\n\t<meta property=\"og:image:width\" content=\"2045\" \/>\n\t<meta property=\"og:image:height\" content=\"2560\" \/>\n\t<meta property=\"og:image:type\" content=\"image\/jpeg\" \/>\n<meta name=\"twitter:card\" content=\"summary_large_image\" \/>\n<script type=\"application\/ld+json\" class=\"yoast-schema-graph\">{\"@context\":\"https:\/\/schema.org\",\"@graph\":[{\"@type\":\"WebPage\",\"@id\":\"http:\/\/www.hairuwear.com\/product\/max-hold-sport\/\",\"url\":\"http:\/\/www.hairuwear.com\/product\/max-hold-sport\/\",\"name\":\"Max Hold Sport\u2122 - HairUWear\",\"isPartOf\":{\"@id\":\"https:\/\/www.hairuwear.com\/nl\/#website\"},\"primaryImageOfPage\":{\"@id\":\"http:\/\/www.hairuwear.com\/product\/max-hold-sport\/#primaryimage\"},\"image\":{\"@id\":\"http:\/\/www.hairuwear.com\/product\/max-hold-sport\/#primaryimage\"},\"thumbnailUrl\":\"https:\/\/www.hairuwear.com\/wp-content\/uploads\/2023\/01\/AHL-Max-Hold-Sport-Adhesive-scaled.jpg\",\"datePublished\":\"2023-01-10T16:45:38+00:00\",\"dateModified\":\"2023-09-20T17:05:42+00:00\",\"description\":\"Prep for instant hold and maximum endurance. Protects the scalp from adhesive irritation. The barrier also helps to maintain the adhesive\u2019s hold by protecting it from sweat, oil, and water. Dab-on application.\",\"breadcrumb\":{\"@id\":\"http:\/\/www.hairuwear.com\/product\/max-hold-sport\/#breadcrumb\"},\"inLanguage\":\"fr-FR\",\"potentialAction\":[{\"@type\":\"ReadAction\",\"target\":[\"http:\/\/www.hairuwear.com\/product\/max-hold-sport\/\"]}]},{\"@type\":\"ImageObject\",\"inLanguage\":\"fr-FR\",\"@id\":\"http:\/\/www.hairuwear.com\/product\/max-hold-sport\/#primaryimage\",\"url\":\"https:\/\/www.hairuwear.com\/wp-content\/uploads\/2023\/01\/AHL-Max-Hold-Sport-Adhesive-scaled.jpg\",\"contentUrl\":\"https:\/\/www.hairuwear.com\/wp-content\/uploads\/2023\/01\/AHL-Max-Hold-Sport-Adhesive-scaled.jpg\",\"width\":2045,\"height\":2560,\"caption\":\"Max Hold Sport\u2122\"},{\"@type\":\"BreadcrumbList\",\"@id\":\"http:\/\/www.hairuwear.com\/product\/max-hold-sport\/#breadcrumb\",\"itemListElement\":[{\"@type\":\"ListItem\",\"position\":1,\"name\":\"Home\",\"item\":\"https:\/\/www.hairuwear.com\/\"},{\"@type\":\"ListItem\",\"position\":2,\"name\":\"Products &#038; Solutions\",\"item\":\"https:\/\/www.hairuwear.com\/es\/products-solutions\/\"},{\"@type\":\"ListItem\",\"position\":3,\"name\":\"Max Hold Sport\u2122\"}]},{\"@type\":\"WebSite\",\"@id\":\"https:\/\/www.hairuwear.com\/nl\/#website\",\"url\":\"https:\/\/www.hairuwear.com\/nl\/\",\"name\":\"HairUWear\",\"description\":\"We inspire women and men throughout the world to see all the possibilities of alternative hair.\",\"publisher\":{\"@id\":\"https:\/\/www.hairuwear.com\/nl\/#organization\"},\"potentialAction\":[{\"@type\":\"SearchAction\",\"target\":{\"@type\":\"EntryPoint\",\"urlTemplate\":\"https:\/\/www.hairuwear.com\/nl\/?s={search_term_string}\"},\"query-input\":{\"@type\":\"PropertyValueSpecification\",\"valueRequired\":true,\"valueName\":\"search_term_string\"}}],\"inLanguage\":\"fr-FR\"},{\"@type\":\"Organization\",\"@id\":\"https:\/\/www.hairuwear.com\/nl\/#organization\",\"name\":\"HairUWear\",\"url\":\"https:\/\/www.hairuwear.com\/nl\/\",\"logo\":{\"@type\":\"ImageObject\",\"inLanguage\":\"fr-FR\",\"@id\":\"https:\/\/www.hairuwear.com\/nl\/#\/schema\/logo\/image\/\",\"url\":\"https:\/\/hairuwear.com\/wp-content\/uploads\/2024\/02\/HUW-logo-black-square.jpg\",\"contentUrl\":\"https:\/\/hairuwear.com\/wp-content\/uploads\/2024\/02\/HUW-logo-black-square.jpg\",\"width\":1000,\"height\":1000,\"caption\":\"HairUWear\"},\"image\":{\"@id\":\"https:\/\/www.hairuwear.com\/nl\/#\/schema\/logo\/image\/\"},\"sameAs\":[\"https:\/\/www.facebook.com\/HairUWearINC\",\"https:\/\/www.instagram.com\/hairuwear_inc\/\",\"https:\/\/www.youtube.com\/channel\/UCooHA3ZvNM3CfbjxHAUUZlg\",\"https:\/\/www.linkedin.com\/company\/hairuwear\/\",\"https:\/\/www.pinterest.com\/hairuwear\/?invite_code=060417bbf4384977ac59e5e49e9e2f4a\"]}]}<\/script>\n<!-- \/ Yoast SEO plugin. -->","yoast_head_json":{"title":"Max Hold Sport\u2122 - HairUWear","description":"Prep for instant hold and maximum endurance. Protects the scalp from adhesive irritation. The barrier also helps to maintain the adhesive\u2019s hold by protecting it from sweat, oil, and water. Dab-on application.","robots":{"index":"index","follow":"follow","max-snippet":"max-snippet:-1","max-image-preview":"max-image-preview:large","max-video-preview":"max-video-preview:-1"},"canonical":"http:\/\/www.hairuwear.com\/fr\/product\/max-hold-sport\/","og_locale":"fr_FR","og_type":"article","og_title":"Max Hold Sport\u2122 - HairUWear","og_description":"Prep for instant hold and maximum endurance. Protects the scalp from adhesive irritation. The barrier also helps to maintain the adhesive\u2019s hold by protecting it from sweat, oil, and water. Dab-on application.","og_url":"http:\/\/www.hairuwear.com\/fr\/product\/max-hold-sport\/","og_site_name":"HairUWear","article_publisher":"https:\/\/www.facebook.com\/HairUWearINC","article_modified_time":"2023-09-20T17:05:42+00:00","og_image":[{"width":2045,"height":2560,"url":"http:\/\/www.hairuwear.com\/wp-content\/uploads\/2023\/01\/AHL-Max-Hold-Sport-Adhesive-scaled.jpg","type":"image\/jpeg"}],"twitter_card":"summary_large_image","schema":{"@context":"https:\/\/schema.org","@graph":[{"@type":"WebPage","@id":"http:\/\/www.hairuwear.com\/product\/max-hold-sport\/","url":"http:\/\/www.hairuwear.com\/product\/max-hold-sport\/","name":"Max Hold Sport\u2122 - HairUWear","isPartOf":{"@id":"https:\/\/www.hairuwear.com\/nl\/#website"},"primaryImageOfPage":{"@id":"http:\/\/www.hairuwear.com\/product\/max-hold-sport\/#primaryimage"},"image":{"@id":"http:\/\/www.hairuwear.com\/product\/max-hold-sport\/#primaryimage"},"thumbnailUrl":"https:\/\/www.hairuwear.com\/wp-content\/uploads\/2023\/01\/AHL-Max-Hold-Sport-Adhesive-scaled.jpg","datePublished":"2023-01-10T16:45:38+00:00","dateModified":"2023-09-20T17:05:42+00:00","description":"Prep for instant hold and maximum endurance. Protects the scalp from adhesive irritation. The barrier also helps to maintain the adhesive\u2019s hold by protecting it from sweat, oil, and water. Dab-on application.","breadcrumb":{"@id":"http:\/\/www.hairuwear.com\/product\/max-hold-sport\/#breadcrumb"},"inLanguage":"fr-FR","potentialAction":[{"@type":"ReadAction","target":["http:\/\/www.hairuwear.com\/product\/max-hold-sport\/"]}]},{"@type":"ImageObject","inLanguage":"fr-FR","@id":"http:\/\/www.hairuwear.com\/product\/max-hold-sport\/#primaryimage","url":"https:\/\/www.hairuwear.com\/wp-content\/uploads\/2023\/01\/AHL-Max-Hold-Sport-Adhesive-scaled.jpg","contentUrl":"https:\/\/www.hairuwear.com\/wp-content\/uploads\/2023\/01\/AHL-Max-Hold-Sport-Adhesive-scaled.jpg","width":2045,"height":2560,"caption":"Max Hold Sport\u2122"},{"@type":"BreadcrumbList","@id":"http:\/\/www.hairuwear.com\/product\/max-hold-sport\/#breadcrumb","itemListElement":[{"@type":"ListItem","position":1,"name":"Home","item":"https:\/\/www.hairuwear.com\/"},{"@type":"ListItem","position":2,"name":"Products &#038; Solutions","item":"https:\/\/www.hairuwear.com\/es\/products-solutions\/"},{"@type":"ListItem","position":3,"name":"Max Hold Sport\u2122"}]},{"@type":"WebSite","@id":"https:\/\/www.hairuwear.com\/nl\/#website","url":"https:\/\/www.hairuwear.com\/nl\/","name":"HairUWear","description":"We inspire women and men throughout the world to see all the possibilities of alternative hair.","publisher":{"@id":"https:\/\/www.hairuwear.com\/nl\/#organization"},"potentialAction":[{"@type":"SearchAction","target":{"@type":"EntryPoint","urlTemplate":"https:\/\/www.hairuwear.com\/nl\/?s={search_term_string}"},"query-input":{"@type":"PropertyValueSpecification","valueRequired":true,"valueName":"search_term_string"}}],"inLanguage":"fr-FR"},{"@type":"Organization","@id":"https:\/\/www.hairuwear.com\/nl\/#organization","name":"HairUWear","url":"https:\/\/www.hairuwear.com\/nl\/","logo":{"@type":"ImageObject","inLanguage":"fr-FR","@id":"https:\/\/www.hairuwear.com\/nl\/#\/schema\/logo\/image\/","url":"https:\/\/hairuwear.com\/wp-content\/uploads\/2024\/02\/HUW-logo-black-square.jpg","contentUrl":"https:\/\/hairuwear.com\/wp-content\/uploads\/2024\/02\/HUW-logo-black-square.jpg","width":1000,"height":1000,"caption":"HairUWear"},"image":{"@id":"https:\/\/www.hairuwear.com\/nl\/#\/schema\/logo\/image\/"},"sameAs":["https:\/\/www.facebook.com\/HairUWearINC","https:\/\/www.instagram.com\/hairuwear_inc\/","https:\/\/www.youtube.com\/channel\/UCooHA3ZvNM3CfbjxHAUUZlg","https:\/\/www.linkedin.com\/company\/hairuwear\/","https:\/\/www.pinterest.com\/hairuwear\/?invite_code=060417bbf4384977ac59e5e49e9e2f4a"]}]}},"_links":{"self":[{"href":"https:\/\/www.hairuwear.com\/fr\/wp-json\/wp\/v2\/product\/38812","targetHints":{"allow":["GET"]}}],"collection":[{"href":"https:\/\/www.hairuwear.com\/fr\/wp-json\/wp\/v2\/product"}],"about":[{"href":"https:\/\/www.hairuwear.com\/fr\/wp-json\/wp\/v2\/types\/product"}],"version-history":[{"count":1,"href":"https:\/\/www.hairuwear.com\/fr\/wp-json\/wp\/v2\/product\/38812\/revisions"}],"predecessor-version":[{"id":38813,"href":"https:\/\/www.hairuwear.com\/fr\/wp-json\/wp\/v2\/product\/38812\/revisions\/38813"}],"wp:featuredmedia":[{"embeddable":true,"href":"https:\/\/www.hairuwear.com\/fr\/wp-json\/wp\/v2\/media\/38814"}],"wp:attachment":[{"href":"https:\/\/www.hairuwear.com\/fr\/wp-json\/wp\/v2\/media?parent=38812"}],"wp:term":[{"taxonomy":"product_brand","embeddable":true,"href":"https:\/\/www.hairuwear.com\/fr\/wp-json\/wp\/v2\/product_brand?post=38812"},{"taxonomy":"product_cat","embeddable":true,"href":"https:\/\/www.hairuwear.com\/fr\/wp-json\/wp\/v2\/product_cat?post=38812"},{"taxonomy":"product_tag","embeddable":true,"href":"https:\/\/www.hairuwear.com\/fr\/wp-json\/wp\/v2\/product_tag?post=38812"}],"curies":[{"name":"wp","href":"https:\/\/api.w.org\/{rel}","templated":true}]}}