{"id":40038,"date":"2023-02-27T07:28:48","date_gmt":"2023-02-27T13:28:48","guid":{"rendered":"https:\/\/live-huw-2023.pantheonsite.io\/?post_type=product&#038;p=40038"},"modified":"2024-01-25T08:14:27","modified_gmt":"2024-01-25T14:14:27","slug":"honesty","status":"publish","type":"product","link":"https:\/\/www.hairuwear.com\/fr\/product\/honesty\/","title":{"rendered":"Honesty"},"content":{"rendered":"<div id=\"content-desktop\">\n<div id='gallery-1' class='gallery galleryid-40038 gallery-columns-6 gallery-size-full'><figure class='gallery-item'>\n\t\t\t<div class='gallery-icon landscape'>\n\t\t\t\t<img fetchpriority=\"high\" decoding=\"async\" width=\"350\" height=\"350\" src=\"https:\/\/www.hairuwear.com\/wp-content\/uploads\/2023\/02\/GB-Kanekalon-Excelle-Black-swatch.jpg\" class=\"attachment-full size-full\" alt=\"Black\" aria-describedby=\"gallery-1-40049\" \/>\n\t\t\t<\/div>\n\t\t\t\t<figcaption class='wp-caption-text gallery-caption' id='gallery-1-40049'>\n\t\t\t\tBlack\n\t\t\t\t<\/figcaption><\/figure><figure class='gallery-item'>\n\t\t\t<div class='gallery-icon landscape'>\n\t\t\t\t<img decoding=\"async\" width=\"350\" height=\"350\" src=\"https:\/\/www.hairuwear.com\/wp-content\/uploads\/2023\/02\/GB-Kanekalon-Excelle-Dark-Brown-swatch.jpg\" class=\"attachment-full size-full\" alt=\"Dark Brown\" aria-describedby=\"gallery-1-40053\" \/>\n\t\t\t<\/div>\n\t\t\t\t<figcaption class='wp-caption-text gallery-caption' id='gallery-1-40053'>\n\t\t\t\tDark Brown\n\t\t\t\t<\/figcaption><\/figure><figure class='gallery-item'>\n\t\t\t<div class='gallery-icon landscape'>\n\t\t\t\t<img decoding=\"async\" width=\"350\" height=\"350\" src=\"https:\/\/www.hairuwear.com\/wp-content\/uploads\/2023\/02\/GB-Kanekalon-Excelle-Medium-Brown-swatch.jpg\" class=\"attachment-full size-full\" alt=\"Medium Brown\" aria-describedby=\"gallery-1-40059\" \/>\n\t\t\t<\/div>\n\t\t\t\t<figcaption class='wp-caption-text gallery-caption' id='gallery-1-40059'>\n\t\t\t\tMedium Brown\n\t\t\t\t<\/figcaption><\/figure><figure class='gallery-item'>\n\t\t\t<div class='gallery-icon landscape'>\n\t\t\t\t<img loading=\"lazy\" decoding=\"async\" width=\"350\" height=\"350\" src=\"https:\/\/www.hairuwear.com\/wp-content\/uploads\/2023\/02\/GB-Kanekalon-Excelle-Light-Brown-swatch.jpg\" class=\"attachment-full size-full\" alt=\"Light Brown\" aria-describedby=\"gallery-1-40055\" \/>\n\t\t\t<\/div>\n\t\t\t\t<figcaption class='wp-caption-text gallery-caption' id='gallery-1-40055'>\n\t\t\t\tLight Brown\n\t\t\t\t<\/figcaption><\/figure><figure class='gallery-item'>\n\t\t\t<div class='gallery-icon landscape'>\n\t\t\t\t<img loading=\"lazy\" decoding=\"async\" width=\"350\" height=\"350\" src=\"https:\/\/www.hairuwear.com\/wp-content\/uploads\/2023\/02\/GB-Kanekalon-Excelle-Brown-Blonde-swatch.jpg\" class=\"attachment-full size-full\" alt=\"Brown\/Blonde\" aria-describedby=\"gallery-1-40051\" \/>\n\t\t\t<\/div>\n\t\t\t\t<figcaption class='wp-caption-text gallery-caption' id='gallery-1-40051'>\n\t\t\t\tBrown\/Blonde\n\t\t\t\t<\/figcaption><\/figure><figure class='gallery-item'>\n\t\t\t<div class='gallery-icon landscape'>\n\t\t\t\t<img loading=\"lazy\" decoding=\"async\" width=\"350\" height=\"350\" src=\"https:\/\/www.hairuwear.com\/wp-content\/uploads\/2023\/02\/GB-Kanekalon-Excelle-Dark-Blonde-swatch.jpg\" class=\"attachment-full size-full\" alt=\"Dark Blonde\" aria-describedby=\"gallery-1-40052\" \/>\n\t\t\t<\/div>\n\t\t\t\t<figcaption class='wp-caption-text gallery-caption' id='gallery-1-40052'>\n\t\t\t\tDark Blonde\n\t\t\t\t<\/figcaption><\/figure><figure class='gallery-item'>\n\t\t\t<div class='gallery-icon landscape'>\n\t\t\t\t<img loading=\"lazy\" decoding=\"async\" width=\"350\" height=\"350\" src=\"https:\/\/www.hairuwear.com\/wp-content\/uploads\/2023\/02\/GB-Kanekalon-Excelle-Medium-Blonde-swatch.jpg\" class=\"attachment-full size-full\" alt=\"Medium Blonde\" aria-describedby=\"gallery-1-40058\" \/>\n\t\t\t<\/div>\n\t\t\t\t<figcaption class='wp-caption-text gallery-caption' id='gallery-1-40058'>\n\t\t\t\tMedium Blonde\n\t\t\t\t<\/figcaption><\/figure><figure class='gallery-item'>\n\t\t\t<div class='gallery-icon landscape'>\n\t\t\t\t<img loading=\"lazy\" decoding=\"async\" width=\"350\" height=\"350\" src=\"https:\/\/www.hairuwear.com\/wp-content\/uploads\/2023\/02\/GB-Kanekalon-Excelle-Light-Blonde-swatch.jpg\" class=\"attachment-full size-full\" alt=\"Light Blonde\" aria-describedby=\"gallery-1-40054\" \/>\n\t\t\t<\/div>\n\t\t\t\t<figcaption class='wp-caption-text gallery-caption' id='gallery-1-40054'>\n\t\t\t\tLight Blonde\n\t\t\t\t<\/figcaption><\/figure><figure class='gallery-item'>\n\t\t\t<div class='gallery-icon landscape'>\n\t\t\t\t<img loading=\"lazy\" decoding=\"async\" width=\"350\" height=\"350\" src=\"https:\/\/www.hairuwear.com\/wp-content\/uploads\/2023\/02\/GB-Kanekalon-Excelle-Light-Red-swatch.jpg\" class=\"attachment-full size-full\" alt=\"Light Red\" aria-describedby=\"gallery-1-40057\" \/>\n\t\t\t<\/div>\n\t\t\t\t<figcaption class='wp-caption-text gallery-caption' id='gallery-1-40057'>\n\t\t\t\tLight Red\n\t\t\t\t<\/figcaption><\/figure><figure class='gallery-item'>\n\t\t\t<div class='gallery-icon landscape'>\n\t\t\t\t<img loading=\"lazy\" decoding=\"async\" width=\"350\" height=\"350\" src=\"https:\/\/www.hairuwear.com\/wp-content\/uploads\/2023\/02\/GB-Kanekalon-Excelle-Medium-Red-swatch.jpg\" class=\"attachment-full size-full\" alt=\"Medium Red\" aria-describedby=\"gallery-1-40060\" \/>\n\t\t\t<\/div>\n\t\t\t\t<figcaption class='wp-caption-text gallery-caption' id='gallery-1-40060'>\n\t\t\t\tMedium Red\n\t\t\t\t<\/figcaption><\/figure><figure class='gallery-item'>\n\t\t\t<div class='gallery-icon landscape'>\n\t\t\t\t<img loading=\"lazy\" decoding=\"async\" width=\"350\" height=\"350\" src=\"https:\/\/www.hairuwear.com\/wp-content\/uploads\/2023\/02\/GB-Kanekalon-Excelle-Brown-Grey-swatch.jpg\" class=\"attachment-full size-full\" alt=\"Brown Grey\" aria-describedby=\"gallery-1-40050\" \/>\n\t\t\t<\/div>\n\t\t\t\t<figcaption class='wp-caption-text gallery-caption' id='gallery-1-40050'>\n\t\t\t\tBrown Grey\n\t\t\t\t<\/figcaption><\/figure><figure class='gallery-item'>\n\t\t\t<div class='gallery-icon landscape'>\n\t\t\t\t<img loading=\"lazy\" decoding=\"async\" width=\"350\" height=\"350\" src=\"https:\/\/www.hairuwear.com\/wp-content\/uploads\/2023\/02\/GB-Kanekalon-Excelle-Light-Grey-swatch.jpg\" class=\"attachment-full size-full\" alt=\"Light Grey\" aria-describedby=\"gallery-1-40056\" \/>\n\t\t\t<\/div>\n\t\t\t\t<figcaption class='wp-caption-text gallery-caption' id='gallery-1-40056'>\n\t\t\t\tLight Grey\n\t\t\t\t<\/figcaption><\/figure>\n\t\t<\/div>\n\n<\/div>\n<div id=\"content-mobile\">\n<div id='gallery-2' class='gallery galleryid-40038 gallery-columns-3 gallery-size-thumbnail'><figure class='gallery-item'>\n\t\t\t<div class='gallery-icon landscape'>\n\t\t\t\t<img loading=\"lazy\" decoding=\"async\" width=\"150\" height=\"150\" src=\"https:\/\/www.hairuwear.com\/wp-content\/uploads\/2023\/02\/GB-Kanekalon-Excelle-Black-swatch-150x150.jpg\" class=\"attachment-thumbnail size-thumbnail\" alt=\"Black\" aria-describedby=\"gallery-2-40049\" \/>\n\t\t\t<\/div>\n\t\t\t\t<figcaption class='wp-caption-text gallery-caption' id='gallery-2-40049'>\n\t\t\t\tBlack\n\t\t\t\t<\/figcaption><\/figure><figure class='gallery-item'>\n\t\t\t<div class='gallery-icon landscape'>\n\t\t\t\t<img loading=\"lazy\" decoding=\"async\" width=\"150\" height=\"150\" src=\"https:\/\/www.hairuwear.com\/wp-content\/uploads\/2023\/02\/GB-Kanekalon-Excelle-Dark-Brown-swatch-150x150.jpg\" class=\"attachment-thumbnail size-thumbnail\" alt=\"Dark Brown\" aria-describedby=\"gallery-2-40053\" \/>\n\t\t\t<\/div>\n\t\t\t\t<figcaption class='wp-caption-text gallery-caption' id='gallery-2-40053'>\n\t\t\t\tDark Brown\n\t\t\t\t<\/figcaption><\/figure><figure class='gallery-item'>\n\t\t\t<div class='gallery-icon landscape'>\n\t\t\t\t<img loading=\"lazy\" decoding=\"async\" width=\"150\" height=\"150\" src=\"https:\/\/www.hairuwear.com\/wp-content\/uploads\/2023\/02\/GB-Kanekalon-Excelle-Medium-Brown-swatch-150x150.jpg\" class=\"attachment-thumbnail size-thumbnail\" alt=\"Medium Brown\" aria-describedby=\"gallery-2-40059\" \/>\n\t\t\t<\/div>\n\t\t\t\t<figcaption class='wp-caption-text gallery-caption' id='gallery-2-40059'>\n\t\t\t\tMedium Brown\n\t\t\t\t<\/figcaption><\/figure><figure class='gallery-item'>\n\t\t\t<div class='gallery-icon landscape'>\n\t\t\t\t<img loading=\"lazy\" decoding=\"async\" width=\"150\" height=\"150\" src=\"https:\/\/www.hairuwear.com\/wp-content\/uploads\/2023\/02\/GB-Kanekalon-Excelle-Light-Brown-swatch-150x150.jpg\" class=\"attachment-thumbnail size-thumbnail\" alt=\"Light Brown\" aria-describedby=\"gallery-2-40055\" \/>\n\t\t\t<\/div>\n\t\t\t\t<figcaption class='wp-caption-text gallery-caption' id='gallery-2-40055'>\n\t\t\t\tLight Brown\n\t\t\t\t<\/figcaption><\/figure><figure class='gallery-item'>\n\t\t\t<div class='gallery-icon landscape'>\n\t\t\t\t<img loading=\"lazy\" decoding=\"async\" width=\"150\" height=\"150\" src=\"https:\/\/www.hairuwear.com\/wp-content\/uploads\/2023\/02\/GB-Kanekalon-Excelle-Brown-Blonde-swatch-150x150.jpg\" class=\"attachment-thumbnail size-thumbnail\" alt=\"Brown\/Blonde\" aria-describedby=\"gallery-2-40051\" \/>\n\t\t\t<\/div>\n\t\t\t\t<figcaption class='wp-caption-text gallery-caption' id='gallery-2-40051'>\n\t\t\t\tBrown\/Blonde\n\t\t\t\t<\/figcaption><\/figure><figure class='gallery-item'>\n\t\t\t<div class='gallery-icon landscape'>\n\t\t\t\t<img loading=\"lazy\" decoding=\"async\" width=\"150\" height=\"150\" src=\"https:\/\/www.hairuwear.com\/wp-content\/uploads\/2023\/02\/GB-Kanekalon-Excelle-Dark-Blonde-swatch-150x150.jpg\" class=\"attachment-thumbnail size-thumbnail\" alt=\"Dark Blonde\" aria-describedby=\"gallery-2-40052\" \/>\n\t\t\t<\/div>\n\t\t\t\t<figcaption class='wp-caption-text gallery-caption' id='gallery-2-40052'>\n\t\t\t\tDark Blonde\n\t\t\t\t<\/figcaption><\/figure><figure class='gallery-item'>\n\t\t\t<div class='gallery-icon landscape'>\n\t\t\t\t<img loading=\"lazy\" decoding=\"async\" width=\"150\" height=\"150\" src=\"https:\/\/www.hairuwear.com\/wp-content\/uploads\/2023\/02\/GB-Kanekalon-Excelle-Medium-Blonde-swatch-150x150.jpg\" class=\"attachment-thumbnail size-thumbnail\" alt=\"Medium Blonde\" aria-describedby=\"gallery-2-40058\" \/>\n\t\t\t<\/div>\n\t\t\t\t<figcaption class='wp-caption-text gallery-caption' id='gallery-2-40058'>\n\t\t\t\tMedium Blonde\n\t\t\t\t<\/figcaption><\/figure><figure class='gallery-item'>\n\t\t\t<div class='gallery-icon landscape'>\n\t\t\t\t<img loading=\"lazy\" decoding=\"async\" width=\"150\" height=\"150\" src=\"https:\/\/www.hairuwear.com\/wp-content\/uploads\/2023\/02\/GB-Kanekalon-Excelle-Light-Blonde-swatch-150x150.jpg\" class=\"attachment-thumbnail size-thumbnail\" alt=\"Light Blonde\" aria-describedby=\"gallery-2-40054\" \/>\n\t\t\t<\/div>\n\t\t\t\t<figcaption class='wp-caption-text gallery-caption' id='gallery-2-40054'>\n\t\t\t\tLight Blonde\n\t\t\t\t<\/figcaption><\/figure><figure class='gallery-item'>\n\t\t\t<div class='gallery-icon landscape'>\n\t\t\t\t<img loading=\"lazy\" decoding=\"async\" width=\"150\" height=\"150\" src=\"https:\/\/www.hairuwear.com\/wp-content\/uploads\/2023\/02\/GB-Kanekalon-Excelle-Light-Red-swatch-150x150.jpg\" class=\"attachment-thumbnail size-thumbnail\" alt=\"Light Red\" aria-describedby=\"gallery-2-40057\" \/>\n\t\t\t<\/div>\n\t\t\t\t<figcaption class='wp-caption-text gallery-caption' id='gallery-2-40057'>\n\t\t\t\tLight Red\n\t\t\t\t<\/figcaption><\/figure><figure class='gallery-item'>\n\t\t\t<div class='gallery-icon landscape'>\n\t\t\t\t<img loading=\"lazy\" decoding=\"async\" width=\"150\" height=\"150\" src=\"https:\/\/www.hairuwear.com\/wp-content\/uploads\/2023\/02\/GB-Kanekalon-Excelle-Medium-Red-swatch-150x150.jpg\" class=\"attachment-thumbnail size-thumbnail\" alt=\"Medium Red\" aria-describedby=\"gallery-2-40060\" \/>\n\t\t\t<\/div>\n\t\t\t\t<figcaption class='wp-caption-text gallery-caption' id='gallery-2-40060'>\n\t\t\t\tMedium Red\n\t\t\t\t<\/figcaption><\/figure><figure class='gallery-item'>\n\t\t\t<div class='gallery-icon landscape'>\n\t\t\t\t<img loading=\"lazy\" decoding=\"async\" width=\"150\" height=\"150\" src=\"https:\/\/www.hairuwear.com\/wp-content\/uploads\/2023\/02\/GB-Kanekalon-Excelle-Brown-Grey-swatch-150x150.jpg\" class=\"attachment-thumbnail size-thumbnail\" alt=\"Brown Grey\" aria-describedby=\"gallery-2-40050\" \/>\n\t\t\t<\/div>\n\t\t\t\t<figcaption class='wp-caption-text gallery-caption' id='gallery-2-40050'>\n\t\t\t\tBrown Grey\n\t\t\t\t<\/figcaption><\/figure><figure class='gallery-item'>\n\t\t\t<div class='gallery-icon landscape'>\n\t\t\t\t<img loading=\"lazy\" decoding=\"async\" width=\"150\" height=\"150\" src=\"https:\/\/www.hairuwear.com\/wp-content\/uploads\/2023\/02\/GB-Kanekalon-Excelle-Light-Grey-swatch-150x150.jpg\" class=\"attachment-thumbnail size-thumbnail\" alt=\"Light Grey\" aria-describedby=\"gallery-2-40056\" \/>\n\t\t\t<\/div>\n\t\t\t\t<figcaption class='wp-caption-text gallery-caption' id='gallery-2-40056'>\n\t\t\t\tLight Grey\n\t\t\t\t<\/figcaption><\/figure>\n\t\t<\/div>\n\n<\/div>","protected":false},"excerpt":{"rendered":"<p>All over gently waved layers give this style sophisticated volume while softly framing the face. Delicately sculpted bangs give her the option of wearing the hair onto the face or swept away. This style also looks great with eyeglasses or tucked behind the ears!<\/p>\n<hr \/>\n<p>Velvet Front Rim<br \/>\nOpen Wefted Top<br \/>\nTrame int\u00e9rieure \"cach\u00e9e<br \/>\nOpen Ear Tabs<br \/>\nOpen Extended Nape<br \/>\n<a href=\"\/fr\/gabor\/hair-types\/#kanekalon-excelle\" target=\"_blank\" rel=\"noopener\">Kanekalon Excelle<sup>\u00ae<\/sup> Cheveux synth\u00e9tiques r\u00e9sistants \u00e0 la chaleur<\/a><\/p>\n<hr \/>\n<p>Taille du capuchon : Moyenne<\/p>\n<hr \/>\n<p>Front: 3\u201d<\/p>\n<hr \/>\n<p>Couronne : 3\u00bd\"<\/p>\n<hr \/>\n<p>Sides: 2\u201d<\/p>\n<hr \/>\n<p>Back: 3\u201d<\/p>\n<hr \/>\n<p>Nuque : 2\"<\/p>\n<hr \/>\n<p>Weight: 2.4 oz<\/p>","protected":false},"featured_media":40043,"template":"","meta":[],"product_brand":[160],"product_cat":[209,193,197],"product_tag":[],"class_list":{"0":"post-40038","1":"product","2":"type-product","3":"status-publish","4":"has-post-thumbnail","6":"product_brand-gabor","7":"product_cat-view-all","8":"product_cat-gabor","9":"product_cat-gb-essentials","10":"pa_application-type-ready-to-wear","11":"pa_brand-gabor","12":"pa_cap-size-average","13":"pa_categories-wigs","14":"pa_color-family-blonde","15":"pa_color-family-brunette","16":"pa_color-family-gray","17":"pa_color-family-red","18":"pa_department-women","19":"pa_hair-type-heat-styleable-synthetic","20":"pa_wig-length-short","21":"pa_wig-style-wavy","24":"first","25":"instock","26":"shipping-taxable","27":"product-type-simple"},"yoast_head":"<!-- This site is optimized with the Yoast SEO plugin v25.3.1 - https:\/\/yoast.com\/wordpress\/plugins\/seo\/ -->\n<title>Honesty - HairUWear<\/title>\n<meta name=\"description\" content=\"All over gently waved layers give this style sophisticated volume while softly framing the face. Delicately sculpted bangs give her the option of wearing the hair onto the face or swept away. This style also looks great with eyeglasses or tucked behind the ears!\" \/>\n<meta name=\"robots\" content=\"index, follow, max-snippet:-1, max-image-preview:large, max-video-preview:-1\" \/>\n<link rel=\"canonical\" href=\"http:\/\/www.hairuwear.com\/fr\/product\/honesty\/\" \/>\n<meta property=\"og:locale\" content=\"fr_FR\" \/>\n<meta property=\"og:type\" content=\"article\" \/>\n<meta property=\"og:title\" content=\"Honesty - HairUWear\" \/>\n<meta property=\"og:description\" content=\"All over gently waved layers give this style sophisticated volume while softly framing the face. Delicately sculpted bangs give her the option of wearing the hair onto the face or swept away. This style also looks great with eyeglasses or tucked behind the ears!\" \/>\n<meta property=\"og:url\" content=\"http:\/\/www.hairuwear.com\/fr\/product\/honesty\/\" \/>\n<meta property=\"og:site_name\" content=\"HairUWear\" \/>\n<meta property=\"article:publisher\" content=\"https:\/\/www.facebook.com\/HairUWearINC\" \/>\n<meta property=\"article:modified_time\" content=\"2024-01-25T14:14:27+00:00\" \/>\n<meta property=\"og:image\" content=\"http:\/\/www.hairuwear.com\/wp-content\/uploads\/2023\/02\/GB-Honesty-Model-Front-1-scaled.jpg\" \/>\n\t<meta property=\"og:image:width\" content=\"2046\" \/>\n\t<meta property=\"og:image:height\" content=\"2560\" \/>\n\t<meta property=\"og:image:type\" content=\"image\/jpeg\" \/>\n<meta name=\"twitter:card\" content=\"summary_large_image\" \/>\n<meta name=\"twitter:label1\" content=\"Est. reading time\" \/>\n\t<meta name=\"twitter:data1\" content=\"1 minute\" \/>\n<script type=\"application\/ld+json\" class=\"yoast-schema-graph\">{\"@context\":\"https:\/\/schema.org\",\"@graph\":[{\"@type\":\"WebPage\",\"@id\":\"http:\/\/www.hairuwear.com\/product\/honesty\/\",\"url\":\"http:\/\/www.hairuwear.com\/product\/honesty\/\",\"name\":\"Honesty - HairUWear\",\"isPartOf\":{\"@id\":\"https:\/\/www.hairuwear.com\/nl\/#website\"},\"primaryImageOfPage\":{\"@id\":\"http:\/\/www.hairuwear.com\/product\/honesty\/#primaryimage\"},\"image\":{\"@id\":\"http:\/\/www.hairuwear.com\/product\/honesty\/#primaryimage\"},\"thumbnailUrl\":\"https:\/\/www.hairuwear.com\/wp-content\/uploads\/2023\/02\/GB-Honesty-Model-Front-1-scaled.jpg\",\"datePublished\":\"2023-02-27T13:28:48+00:00\",\"dateModified\":\"2024-01-25T14:14:27+00:00\",\"description\":\"All over gently waved layers give this style sophisticated volume while softly framing the face. Delicately sculpted bangs give her the option of wearing the hair onto the face or swept away. This style also looks great with eyeglasses or tucked behind the ears!\",\"breadcrumb\":{\"@id\":\"http:\/\/www.hairuwear.com\/product\/honesty\/#breadcrumb\"},\"inLanguage\":\"fr-FR\",\"potentialAction\":[{\"@type\":\"ReadAction\",\"target\":[\"http:\/\/www.hairuwear.com\/product\/honesty\/\"]}]},{\"@type\":\"ImageObject\",\"inLanguage\":\"fr-FR\",\"@id\":\"http:\/\/www.hairuwear.com\/product\/honesty\/#primaryimage\",\"url\":\"https:\/\/www.hairuwear.com\/wp-content\/uploads\/2023\/02\/GB-Honesty-Model-Front-1-scaled.jpg\",\"contentUrl\":\"https:\/\/www.hairuwear.com\/wp-content\/uploads\/2023\/02\/GB-Honesty-Model-Front-1-scaled.jpg\",\"width\":2046,\"height\":2560,\"caption\":\"Honesty in Dark Blonde\"},{\"@type\":\"BreadcrumbList\",\"@id\":\"http:\/\/www.hairuwear.com\/product\/honesty\/#breadcrumb\",\"itemListElement\":[{\"@type\":\"ListItem\",\"position\":1,\"name\":\"Home\",\"item\":\"https:\/\/www.hairuwear.com\/\"},{\"@type\":\"ListItem\",\"position\":2,\"name\":\"Products &#038; Solutions\",\"item\":\"https:\/\/www.hairuwear.com\/es\/products-solutions\/\"},{\"@type\":\"ListItem\",\"position\":3,\"name\":\"Honesty\"}]},{\"@type\":\"WebSite\",\"@id\":\"https:\/\/www.hairuwear.com\/nl\/#website\",\"url\":\"https:\/\/www.hairuwear.com\/nl\/\",\"name\":\"HairUWear\",\"description\":\"We inspire women and men throughout the world to see all the possibilities of alternative hair.\",\"publisher\":{\"@id\":\"https:\/\/www.hairuwear.com\/nl\/#organization\"},\"potentialAction\":[{\"@type\":\"SearchAction\",\"target\":{\"@type\":\"EntryPoint\",\"urlTemplate\":\"https:\/\/www.hairuwear.com\/nl\/?s={search_term_string}\"},\"query-input\":{\"@type\":\"PropertyValueSpecification\",\"valueRequired\":true,\"valueName\":\"search_term_string\"}}],\"inLanguage\":\"fr-FR\"},{\"@type\":\"Organization\",\"@id\":\"https:\/\/www.hairuwear.com\/nl\/#organization\",\"name\":\"HairUWear\",\"url\":\"https:\/\/www.hairuwear.com\/nl\/\",\"logo\":{\"@type\":\"ImageObject\",\"inLanguage\":\"fr-FR\",\"@id\":\"https:\/\/www.hairuwear.com\/nl\/#\/schema\/logo\/image\/\",\"url\":\"https:\/\/hairuwear.com\/wp-content\/uploads\/2024\/02\/HUW-logo-black-square.jpg\",\"contentUrl\":\"https:\/\/hairuwear.com\/wp-content\/uploads\/2024\/02\/HUW-logo-black-square.jpg\",\"width\":1000,\"height\":1000,\"caption\":\"HairUWear\"},\"image\":{\"@id\":\"https:\/\/www.hairuwear.com\/nl\/#\/schema\/logo\/image\/\"},\"sameAs\":[\"https:\/\/www.facebook.com\/HairUWearINC\",\"https:\/\/www.instagram.com\/hairuwear_inc\/\",\"https:\/\/www.youtube.com\/channel\/UCooHA3ZvNM3CfbjxHAUUZlg\",\"https:\/\/www.linkedin.com\/company\/hairuwear\/\",\"https:\/\/www.pinterest.com\/hairuwear\/?invite_code=060417bbf4384977ac59e5e49e9e2f4a\"]}]}<\/script>\n<!-- \/ Yoast SEO plugin. -->","yoast_head_json":{"title":"Honesty - HairUWear","description":"All over gently waved layers give this style sophisticated volume while softly framing the face. Delicately sculpted bangs give her the option of wearing the hair onto the face or swept away. This style also looks great with eyeglasses or tucked behind the ears!","robots":{"index":"index","follow":"follow","max-snippet":"max-snippet:-1","max-image-preview":"max-image-preview:large","max-video-preview":"max-video-preview:-1"},"canonical":"http:\/\/www.hairuwear.com\/fr\/product\/honesty\/","og_locale":"fr_FR","og_type":"article","og_title":"Honesty - HairUWear","og_description":"All over gently waved layers give this style sophisticated volume while softly framing the face. Delicately sculpted bangs give her the option of wearing the hair onto the face or swept away. This style also looks great with eyeglasses or tucked behind the ears!","og_url":"http:\/\/www.hairuwear.com\/fr\/product\/honesty\/","og_site_name":"HairUWear","article_publisher":"https:\/\/www.facebook.com\/HairUWearINC","article_modified_time":"2024-01-25T14:14:27+00:00","og_image":[{"width":2046,"height":2560,"url":"http:\/\/www.hairuwear.com\/wp-content\/uploads\/2023\/02\/GB-Honesty-Model-Front-1-scaled.jpg","type":"image\/jpeg"}],"twitter_card":"summary_large_image","twitter_misc":{"Est. reading time":"1 minute"},"schema":{"@context":"https:\/\/schema.org","@graph":[{"@type":"WebPage","@id":"http:\/\/www.hairuwear.com\/product\/honesty\/","url":"http:\/\/www.hairuwear.com\/product\/honesty\/","name":"Honesty - HairUWear","isPartOf":{"@id":"https:\/\/www.hairuwear.com\/nl\/#website"},"primaryImageOfPage":{"@id":"http:\/\/www.hairuwear.com\/product\/honesty\/#primaryimage"},"image":{"@id":"http:\/\/www.hairuwear.com\/product\/honesty\/#primaryimage"},"thumbnailUrl":"https:\/\/www.hairuwear.com\/wp-content\/uploads\/2023\/02\/GB-Honesty-Model-Front-1-scaled.jpg","datePublished":"2023-02-27T13:28:48+00:00","dateModified":"2024-01-25T14:14:27+00:00","description":"All over gently waved layers give this style sophisticated volume while softly framing the face. Delicately sculpted bangs give her the option of wearing the hair onto the face or swept away. This style also looks great with eyeglasses or tucked behind the ears!","breadcrumb":{"@id":"http:\/\/www.hairuwear.com\/product\/honesty\/#breadcrumb"},"inLanguage":"fr-FR","potentialAction":[{"@type":"ReadAction","target":["http:\/\/www.hairuwear.com\/product\/honesty\/"]}]},{"@type":"ImageObject","inLanguage":"fr-FR","@id":"http:\/\/www.hairuwear.com\/product\/honesty\/#primaryimage","url":"https:\/\/www.hairuwear.com\/wp-content\/uploads\/2023\/02\/GB-Honesty-Model-Front-1-scaled.jpg","contentUrl":"https:\/\/www.hairuwear.com\/wp-content\/uploads\/2023\/02\/GB-Honesty-Model-Front-1-scaled.jpg","width":2046,"height":2560,"caption":"Honesty in Dark Blonde"},{"@type":"BreadcrumbList","@id":"http:\/\/www.hairuwear.com\/product\/honesty\/#breadcrumb","itemListElement":[{"@type":"ListItem","position":1,"name":"Home","item":"https:\/\/www.hairuwear.com\/"},{"@type":"ListItem","position":2,"name":"Products &#038; Solutions","item":"https:\/\/www.hairuwear.com\/es\/products-solutions\/"},{"@type":"ListItem","position":3,"name":"Honesty"}]},{"@type":"WebSite","@id":"https:\/\/www.hairuwear.com\/nl\/#website","url":"https:\/\/www.hairuwear.com\/nl\/","name":"HairUWear","description":"We inspire women and men throughout the world to see all the possibilities of alternative hair.","publisher":{"@id":"https:\/\/www.hairuwear.com\/nl\/#organization"},"potentialAction":[{"@type":"SearchAction","target":{"@type":"EntryPoint","urlTemplate":"https:\/\/www.hairuwear.com\/nl\/?s={search_term_string}"},"query-input":{"@type":"PropertyValueSpecification","valueRequired":true,"valueName":"search_term_string"}}],"inLanguage":"fr-FR"},{"@type":"Organization","@id":"https:\/\/www.hairuwear.com\/nl\/#organization","name":"HairUWear","url":"https:\/\/www.hairuwear.com\/nl\/","logo":{"@type":"ImageObject","inLanguage":"fr-FR","@id":"https:\/\/www.hairuwear.com\/nl\/#\/schema\/logo\/image\/","url":"https:\/\/hairuwear.com\/wp-content\/uploads\/2024\/02\/HUW-logo-black-square.jpg","contentUrl":"https:\/\/hairuwear.com\/wp-content\/uploads\/2024\/02\/HUW-logo-black-square.jpg","width":1000,"height":1000,"caption":"HairUWear"},"image":{"@id":"https:\/\/www.hairuwear.com\/nl\/#\/schema\/logo\/image\/"},"sameAs":["https:\/\/www.facebook.com\/HairUWearINC","https:\/\/www.instagram.com\/hairuwear_inc\/","https:\/\/www.youtube.com\/channel\/UCooHA3ZvNM3CfbjxHAUUZlg","https:\/\/www.linkedin.com\/company\/hairuwear\/","https:\/\/www.pinterest.com\/hairuwear\/?invite_code=060417bbf4384977ac59e5e49e9e2f4a"]}]}},"_links":{"self":[{"href":"https:\/\/www.hairuwear.com\/fr\/wp-json\/wp\/v2\/product\/40038","targetHints":{"allow":["GET"]}}],"collection":[{"href":"https:\/\/www.hairuwear.com\/fr\/wp-json\/wp\/v2\/product"}],"about":[{"href":"https:\/\/www.hairuwear.com\/fr\/wp-json\/wp\/v2\/types\/product"}],"version-history":[{"count":5,"href":"https:\/\/www.hairuwear.com\/fr\/wp-json\/wp\/v2\/product\/40038\/revisions"}],"predecessor-version":[{"id":40064,"href":"https:\/\/www.hairuwear.com\/fr\/wp-json\/wp\/v2\/product\/40038\/revisions\/40064"}],"wp:featuredmedia":[{"embeddable":true,"href":"https:\/\/www.hairuwear.com\/fr\/wp-json\/wp\/v2\/media\/40043"}],"wp:attachment":[{"href":"https:\/\/www.hairuwear.com\/fr\/wp-json\/wp\/v2\/media?parent=40038"}],"wp:term":[{"taxonomy":"product_brand","embeddable":true,"href":"https:\/\/www.hairuwear.com\/fr\/wp-json\/wp\/v2\/product_brand?post=40038"},{"taxonomy":"product_cat","embeddable":true,"href":"https:\/\/www.hairuwear.com\/fr\/wp-json\/wp\/v2\/product_cat?post=40038"},{"taxonomy":"product_tag","embeddable":true,"href":"https:\/\/www.hairuwear.com\/fr\/wp-json\/wp\/v2\/product_tag?post=40038"}],"curies":[{"name":"wp","href":"https:\/\/api.w.org\/{rel}","templated":true}]}}