{"id":42205,"date":"2023-04-06T11:09:40","date_gmt":"2023-04-06T16:09:40","guid":{"rendered":"https:\/\/live-huw-2023.pantheonsite.io\/?post_type=product&#038;p=42205"},"modified":"2024-01-29T10:49:38","modified_gmt":"2024-01-29T16:49:38","slug":"hope","status":"publish","type":"product","link":"https:\/\/www.hairuwear.com\/fr\/product\/hope\/","title":{"rendered":"Hope"},"content":{"rendered":"<div id=\"content-desktop\">\n<div id='gallery-1' class='gallery galleryid-42205 gallery-columns-6 gallery-size-full'><figure class='gallery-item'>\n\t\t\t<div class='gallery-icon landscape'>\n\t\t\t\t<img fetchpriority=\"high\" decoding=\"async\" width=\"350\" height=\"350\" src=\"https:\/\/www.hairuwear.com\/wp-content\/uploads\/2022\/05\/Tru2Life-black-swatch.jpg\" class=\"attachment-full size-full\" alt=\"Black\" aria-describedby=\"gallery-1-28049\" \/>\n\t\t\t<\/div>\n\t\t\t\t<figcaption class='wp-caption-text gallery-caption' id='gallery-1-28049'>\n\t\t\t\tBlack\n\t\t\t\t<\/figcaption><\/figure><figure class='gallery-item'>\n\t\t\t<div class='gallery-icon landscape'>\n\t\t\t\t<img decoding=\"async\" width=\"350\" height=\"350\" src=\"https:\/\/www.hairuwear.com\/wp-content\/uploads\/2022\/05\/Tru2Life-dark-brown-swatch.jpg\" class=\"attachment-full size-full\" alt=\"Dark Brown\" aria-describedby=\"gallery-1-28053\" \/>\n\t\t\t<\/div>\n\t\t\t\t<figcaption class='wp-caption-text gallery-caption' id='gallery-1-28053'>\n\t\t\t\tDark Brown\n\t\t\t\t<\/figcaption><\/figure><figure class='gallery-item'>\n\t\t\t<div class='gallery-icon landscape'>\n\t\t\t\t<img decoding=\"async\" width=\"350\" height=\"350\" src=\"https:\/\/www.hairuwear.com\/wp-content\/uploads\/2022\/05\/Tru2Life-medium-brown-swatch.jpg\" class=\"attachment-full size-full\" alt=\"Medium Brown\" aria-describedby=\"gallery-1-28067\" \/>\n\t\t\t<\/div>\n\t\t\t\t<figcaption class='wp-caption-text gallery-caption' id='gallery-1-28067'>\n\t\t\t\tMedium Brown\n\t\t\t\t<\/figcaption><\/figure><figure class='gallery-item'>\n\t\t\t<div class='gallery-icon landscape'>\n\t\t\t\t<img loading=\"lazy\" decoding=\"async\" width=\"350\" height=\"350\" src=\"https:\/\/www.hairuwear.com\/wp-content\/uploads\/2022\/05\/Tru2Life-light-brown-swatch.jpg\" class=\"attachment-full size-full\" alt=\"Light Brown\" aria-describedby=\"gallery-1-28073\" \/>\n\t\t\t<\/div>\n\t\t\t\t<figcaption class='wp-caption-text gallery-caption' id='gallery-1-28073'>\n\t\t\t\tLight Brown\n\t\t\t\t<\/figcaption><\/figure><figure class='gallery-item'>\n\t\t\t<div class='gallery-icon landscape'>\n\t\t\t\t<img loading=\"lazy\" decoding=\"async\" width=\"350\" height=\"350\" src=\"https:\/\/www.hairuwear.com\/wp-content\/uploads\/2022\/05\/Tru2Life-medium-blonde-swatch.jpg\" class=\"attachment-full size-full\" alt=\"Medium Blonde\" aria-describedby=\"gallery-1-28072\" \/>\n\t\t\t<\/div>\n\t\t\t\t<figcaption class='wp-caption-text gallery-caption' id='gallery-1-28072'>\n\t\t\t\tMedium Blonde\n\t\t\t\t<\/figcaption><\/figure><figure class='gallery-item'>\n\t\t\t<div class='gallery-icon landscape'>\n\t\t\t\t<img loading=\"lazy\" decoding=\"async\" width=\"350\" height=\"350\" src=\"https:\/\/www.hairuwear.com\/wp-content\/uploads\/2022\/05\/Tru2Life-light-blonde-swatch.jpg\" class=\"attachment-full size-full\" alt=\"Light Blonde\" aria-describedby=\"gallery-1-28075\" \/>\n\t\t\t<\/div>\n\t\t\t\t<figcaption class='wp-caption-text gallery-caption' id='gallery-1-28075'>\n\t\t\t\tLight Blonde\n\t\t\t\t<\/figcaption><\/figure><figure class='gallery-item'>\n\t\t\t<div class='gallery-icon landscape'>\n\t\t\t\t<img loading=\"lazy\" decoding=\"async\" width=\"350\" height=\"350\" src=\"https:\/\/www.hairuwear.com\/wp-content\/uploads\/2022\/05\/Tru2Life-light-red-swatch.jpg\" class=\"attachment-full size-full\" alt=\"Light Red\" aria-describedby=\"gallery-1-28071\" \/>\n\t\t\t<\/div>\n\t\t\t\t<figcaption class='wp-caption-text gallery-caption' id='gallery-1-28071'>\n\t\t\t\tLight Red\n\t\t\t\t<\/figcaption><\/figure><figure class='gallery-item'>\n\t\t\t<div class='gallery-icon landscape'>\n\t\t\t\t<img loading=\"lazy\" decoding=\"async\" width=\"350\" height=\"350\" src=\"https:\/\/www.hairuwear.com\/wp-content\/uploads\/2022\/05\/GB-Essentials-Colors-Medium-Red-swatch.jpg\" class=\"attachment-full size-full\" alt=\"Medium Red\" aria-describedby=\"gallery-1-28068\" \/>\n\t\t\t<\/div>\n\t\t\t\t<figcaption class='wp-caption-text gallery-caption' id='gallery-1-28068'>\n\t\t\t\tMedium Red\n\t\t\t\t<\/figcaption><\/figure><figure class='gallery-item'>\n\t\t\t<div class='gallery-icon landscape'>\n\t\t\t\t<img loading=\"lazy\" decoding=\"async\" width=\"350\" height=\"350\" src=\"https:\/\/www.hairuwear.com\/wp-content\/uploads\/2022\/05\/Tru2Life-light-grey-swatch.jpg\" class=\"attachment-full size-full\" alt=\"Light Grey\" aria-describedby=\"gallery-1-28074\" \/>\n\t\t\t<\/div>\n\t\t\t\t<figcaption class='wp-caption-text gallery-caption' id='gallery-1-28074'>\n\t\t\t\tLight Grey\n\t\t\t\t<\/figcaption><\/figure>\n\t\t<\/div>\n\n<\/div>\n<div id=\"content-mobile\">\n<div id='gallery-2' class='gallery galleryid-42205 gallery-columns-3 gallery-size-thumbnail'><figure class='gallery-item'>\n\t\t\t<div class='gallery-icon landscape'>\n\t\t\t\t<img loading=\"lazy\" decoding=\"async\" width=\"150\" height=\"150\" src=\"https:\/\/www.hairuwear.com\/wp-content\/uploads\/2022\/05\/Tru2Life-black-swatch-150x150.jpg\" class=\"attachment-thumbnail size-thumbnail\" alt=\"Black\" aria-describedby=\"gallery-2-28049\" \/>\n\t\t\t<\/div>\n\t\t\t\t<figcaption class='wp-caption-text gallery-caption' id='gallery-2-28049'>\n\t\t\t\tBlack\n\t\t\t\t<\/figcaption><\/figure><figure class='gallery-item'>\n\t\t\t<div class='gallery-icon landscape'>\n\t\t\t\t<img loading=\"lazy\" decoding=\"async\" width=\"150\" height=\"150\" src=\"https:\/\/www.hairuwear.com\/wp-content\/uploads\/2022\/05\/Tru2Life-dark-brown-swatch-150x150.jpg\" class=\"attachment-thumbnail size-thumbnail\" alt=\"Dark Brown\" aria-describedby=\"gallery-2-28053\" \/>\n\t\t\t<\/div>\n\t\t\t\t<figcaption class='wp-caption-text gallery-caption' id='gallery-2-28053'>\n\t\t\t\tDark Brown\n\t\t\t\t<\/figcaption><\/figure><figure class='gallery-item'>\n\t\t\t<div class='gallery-icon landscape'>\n\t\t\t\t<img loading=\"lazy\" decoding=\"async\" width=\"150\" height=\"150\" src=\"https:\/\/www.hairuwear.com\/wp-content\/uploads\/2022\/05\/Tru2Life-medium-brown-swatch-150x150.jpg\" class=\"attachment-thumbnail size-thumbnail\" alt=\"Medium Brown\" aria-describedby=\"gallery-2-28067\" \/>\n\t\t\t<\/div>\n\t\t\t\t<figcaption class='wp-caption-text gallery-caption' id='gallery-2-28067'>\n\t\t\t\tMedium Brown\n\t\t\t\t<\/figcaption><\/figure><figure class='gallery-item'>\n\t\t\t<div class='gallery-icon landscape'>\n\t\t\t\t<img loading=\"lazy\" decoding=\"async\" width=\"150\" height=\"150\" src=\"https:\/\/www.hairuwear.com\/wp-content\/uploads\/2022\/05\/Tru2Life-light-brown-swatch-150x150.jpg\" class=\"attachment-thumbnail size-thumbnail\" alt=\"Light Brown\" aria-describedby=\"gallery-2-28073\" \/>\n\t\t\t<\/div>\n\t\t\t\t<figcaption class='wp-caption-text gallery-caption' id='gallery-2-28073'>\n\t\t\t\tLight Brown\n\t\t\t\t<\/figcaption><\/figure><figure class='gallery-item'>\n\t\t\t<div class='gallery-icon landscape'>\n\t\t\t\t<img loading=\"lazy\" decoding=\"async\" width=\"150\" height=\"150\" src=\"https:\/\/www.hairuwear.com\/wp-content\/uploads\/2022\/05\/Tru2Life-medium-blonde-swatch-150x150.jpg\" class=\"attachment-thumbnail size-thumbnail\" alt=\"Medium Blonde\" aria-describedby=\"gallery-2-28072\" \/>\n\t\t\t<\/div>\n\t\t\t\t<figcaption class='wp-caption-text gallery-caption' id='gallery-2-28072'>\n\t\t\t\tMedium Blonde\n\t\t\t\t<\/figcaption><\/figure><figure class='gallery-item'>\n\t\t\t<div class='gallery-icon landscape'>\n\t\t\t\t<img loading=\"lazy\" decoding=\"async\" width=\"150\" height=\"150\" src=\"https:\/\/www.hairuwear.com\/wp-content\/uploads\/2022\/05\/Tru2Life-light-blonde-swatch-150x150.jpg\" class=\"attachment-thumbnail size-thumbnail\" alt=\"Light Blonde\" aria-describedby=\"gallery-2-28075\" \/>\n\t\t\t<\/div>\n\t\t\t\t<figcaption class='wp-caption-text gallery-caption' id='gallery-2-28075'>\n\t\t\t\tLight Blonde\n\t\t\t\t<\/figcaption><\/figure><figure class='gallery-item'>\n\t\t\t<div class='gallery-icon landscape'>\n\t\t\t\t<img loading=\"lazy\" decoding=\"async\" width=\"150\" height=\"150\" src=\"https:\/\/www.hairuwear.com\/wp-content\/uploads\/2022\/05\/Tru2Life-light-red-swatch-150x150.jpg\" class=\"attachment-thumbnail size-thumbnail\" alt=\"Light Red\" aria-describedby=\"gallery-2-28071\" \/>\n\t\t\t<\/div>\n\t\t\t\t<figcaption class='wp-caption-text gallery-caption' id='gallery-2-28071'>\n\t\t\t\tLight Red\n\t\t\t\t<\/figcaption><\/figure><figure class='gallery-item'>\n\t\t\t<div class='gallery-icon landscape'>\n\t\t\t\t<img loading=\"lazy\" decoding=\"async\" width=\"150\" height=\"150\" src=\"https:\/\/www.hairuwear.com\/wp-content\/uploads\/2022\/05\/GB-Essentials-Colors-Medium-Red-swatch-150x150.jpg\" class=\"attachment-thumbnail size-thumbnail\" alt=\"Medium Red\" aria-describedby=\"gallery-2-28068\" \/>\n\t\t\t<\/div>\n\t\t\t\t<figcaption class='wp-caption-text gallery-caption' id='gallery-2-28068'>\n\t\t\t\tMedium Red\n\t\t\t\t<\/figcaption><\/figure><figure class='gallery-item'>\n\t\t\t<div class='gallery-icon landscape'>\n\t\t\t\t<img loading=\"lazy\" decoding=\"async\" width=\"150\" height=\"150\" src=\"https:\/\/www.hairuwear.com\/wp-content\/uploads\/2022\/05\/Tru2Life-light-grey-swatch-150x150.jpg\" class=\"attachment-thumbnail size-thumbnail\" alt=\"Light Grey\" aria-describedby=\"gallery-2-28074\" \/>\n\t\t\t<\/div>\n\t\t\t\t<figcaption class='wp-caption-text gallery-caption' id='gallery-2-28074'>\n\t\t\t\tLight Grey\n\t\t\t\t<\/figcaption><\/figure>\n\t\t<\/div>\n\n<\/div>","protected":false},"excerpt":{"rendered":"<p>Des superpositions textur\u00e9es et des longueurs plumeuses avec une frange douce pour un look \" d\u00e9contract\u00e9 \" parfaitement styl\u00e9. Les c\u00f4t\u00e9s qui encadrent le visage sont suffisamment longs pour \u00eatre repli\u00e9s derri\u00e8re les oreilles.<\/p>\n<hr \/>\n<p>Large Velvet Comfort Band\u2122<br \/>\nOpen Wefted Top<br \/>\nTrame int\u00e9rieure \"cach\u00e9e<br \/>\nOpen Ear Tabs<br \/>\nNuque allong\u00e9e doubl\u00e9e de velours<br \/>\n<a href=\"\/fr\/gabor\/hair-types\/#kanekalon-excelle\" target=\"_blank\" rel=\"noopener\">Kanekalon Excelle<sup>\u00ae<\/sup> Cheveux synth\u00e9tiques r\u00e9sistants \u00e0 la chaleur<\/a><\/p>\n<hr \/>\n<p>Taille du capuchon : Moyenne<\/p>\n<hr \/>\n<p>Avant : 6\u00be\"<\/p>\n<hr \/>\n<p>Couronne : 6\u00be\"<\/p>\n<hr \/>\n<p>C\u00f4t\u00e9s : 5\"<\/p>\n<hr \/>\n<p>Back: 4\u00bc\u201d<\/p>\n<hr \/>\n<p>Nuque : 2\u00be\"<\/p>\n<hr \/>\n<p>Weight: 2.5 oz<\/p>","protected":false},"featured_media":42211,"template":"","meta":[],"product_brand":[160],"product_cat":[209,193,197],"product_tag":[],"class_list":{"0":"post-42205","1":"product","2":"type-product","3":"status-publish","4":"has-post-thumbnail","6":"product_brand-gabor","7":"product_cat-view-all","8":"product_cat-gabor","9":"product_cat-gb-essentials","10":"pa_application-type-ready-to-wear","11":"pa_brand-gabor","12":"pa_cap-size-average","13":"pa_categories-wigs","14":"pa_color-family-blonde","15":"pa_color-family-brunette","16":"pa_color-family-gray","17":"pa_color-family-red","18":"pa_department-women","19":"pa_discontinued-discontinued","20":"pa_hair-type-heat-styleable-synthetic","21":"pa_wig-length-short","22":"pa_wig-style-straight","25":"first","26":"instock","27":"shipping-taxable","28":"product-type-simple"},"yoast_head":"<!-- This site is optimized with the Yoast SEO plugin v25.3.1 - https:\/\/yoast.com\/wordpress\/plugins\/seo\/ -->\n<title>Hope - HairUWear<\/title>\n<meta name=\"description\" content=\"Textured layering and feathered lengths with a soft fringe for a perfectly stylish \u2018undone\u2019 look. Face-framing sides are long enough to be tucked behind the ears.\" \/>\n<meta name=\"robots\" content=\"index, follow, max-snippet:-1, max-image-preview:large, max-video-preview:-1\" \/>\n<link rel=\"canonical\" href=\"https:\/\/www.hairuwear.com\/fr\/product\/hope\/\" \/>\n<meta property=\"og:locale\" content=\"fr_FR\" \/>\n<meta property=\"og:type\" content=\"article\" \/>\n<meta property=\"og:title\" content=\"Hope - HairUWear\" \/>\n<meta property=\"og:description\" content=\"Textured layering and feathered lengths with a soft fringe for a perfectly stylish \u2018undone\u2019 look. Face-framing sides are long enough to be tucked behind the ears.\" \/>\n<meta property=\"og:url\" content=\"https:\/\/www.hairuwear.com\/fr\/product\/hope\/\" \/>\n<meta property=\"og:site_name\" content=\"HairUWear\" \/>\n<meta property=\"article:publisher\" content=\"https:\/\/www.facebook.com\/HairUWearINC\" \/>\n<meta property=\"article:modified_time\" content=\"2024-01-29T16:49:38+00:00\" \/>\n<meta property=\"og:image\" content=\"https:\/\/www.hairuwear.com\/wp-content\/uploads\/2023\/04\/GB-Hope-Model-Front-3-scaled.jpg\" \/>\n\t<meta property=\"og:image:width\" content=\"2046\" \/>\n\t<meta property=\"og:image:height\" content=\"2560\" \/>\n\t<meta property=\"og:image:type\" content=\"image\/jpeg\" \/>\n<meta name=\"twitter:card\" content=\"summary_large_image\" \/>\n<meta name=\"twitter:label1\" content=\"Est. reading time\" \/>\n\t<meta name=\"twitter:data1\" content=\"1 minute\" \/>\n<script type=\"application\/ld+json\" class=\"yoast-schema-graph\">{\"@context\":\"https:\/\/schema.org\",\"@graph\":[{\"@type\":\"WebPage\",\"@id\":\"https:\/\/www.hairuwear.com\/fr\/product\/hope\/\",\"url\":\"https:\/\/www.hairuwear.com\/fr\/product\/hope\/\",\"name\":\"Hope - HairUWear\",\"isPartOf\":{\"@id\":\"https:\/\/www.hairuwear.com\/nl\/#website\"},\"primaryImageOfPage\":{\"@id\":\"https:\/\/www.hairuwear.com\/fr\/product\/hope\/#primaryimage\"},\"image\":{\"@id\":\"https:\/\/www.hairuwear.com\/fr\/product\/hope\/#primaryimage\"},\"thumbnailUrl\":\"https:\/\/www.hairuwear.com\/wp-content\/uploads\/2023\/04\/GB-Hope-Model-Front-3-scaled.jpg\",\"datePublished\":\"2023-04-06T16:09:40+00:00\",\"dateModified\":\"2024-01-29T16:49:38+00:00\",\"description\":\"Textured layering and feathered lengths with a soft fringe for a perfectly stylish \u2018undone\u2019 look. Face-framing sides are long enough to be tucked behind the ears.\",\"breadcrumb\":{\"@id\":\"https:\/\/www.hairuwear.com\/fr\/product\/hope\/#breadcrumb\"},\"inLanguage\":\"fr-FR\",\"potentialAction\":[{\"@type\":\"ReadAction\",\"target\":[\"https:\/\/www.hairuwear.com\/fr\/product\/hope\/\"]}]},{\"@type\":\"ImageObject\",\"inLanguage\":\"fr-FR\",\"@id\":\"https:\/\/www.hairuwear.com\/fr\/product\/hope\/#primaryimage\",\"url\":\"https:\/\/www.hairuwear.com\/wp-content\/uploads\/2023\/04\/GB-Hope-Model-Front-3-scaled.jpg\",\"contentUrl\":\"https:\/\/www.hairuwear.com\/wp-content\/uploads\/2023\/04\/GB-Hope-Model-Front-3-scaled.jpg\",\"width\":2046,\"height\":2560,\"caption\":\"Hope in Brown\/Blonde (Discontinued color)\"},{\"@type\":\"BreadcrumbList\",\"@id\":\"https:\/\/www.hairuwear.com\/fr\/product\/hope\/#breadcrumb\",\"itemListElement\":[{\"@type\":\"ListItem\",\"position\":1,\"name\":\"Home\",\"item\":\"https:\/\/www.hairuwear.com\/\"},{\"@type\":\"ListItem\",\"position\":2,\"name\":\"Products &#038; Solutions\",\"item\":\"https:\/\/www.hairuwear.com\/es\/products-solutions\/\"},{\"@type\":\"ListItem\",\"position\":3,\"name\":\"Hope\"}]},{\"@type\":\"WebSite\",\"@id\":\"https:\/\/www.hairuwear.com\/nl\/#website\",\"url\":\"https:\/\/www.hairuwear.com\/nl\/\",\"name\":\"HairUWear\",\"description\":\"We inspire women and men throughout the world to see all the possibilities of alternative hair.\",\"publisher\":{\"@id\":\"https:\/\/www.hairuwear.com\/nl\/#organization\"},\"potentialAction\":[{\"@type\":\"SearchAction\",\"target\":{\"@type\":\"EntryPoint\",\"urlTemplate\":\"https:\/\/www.hairuwear.com\/nl\/?s={search_term_string}\"},\"query-input\":{\"@type\":\"PropertyValueSpecification\",\"valueRequired\":true,\"valueName\":\"search_term_string\"}}],\"inLanguage\":\"fr-FR\"},{\"@type\":\"Organization\",\"@id\":\"https:\/\/www.hairuwear.com\/nl\/#organization\",\"name\":\"HairUWear\",\"url\":\"https:\/\/www.hairuwear.com\/nl\/\",\"logo\":{\"@type\":\"ImageObject\",\"inLanguage\":\"fr-FR\",\"@id\":\"https:\/\/www.hairuwear.com\/nl\/#\/schema\/logo\/image\/\",\"url\":\"https:\/\/hairuwear.com\/wp-content\/uploads\/2024\/02\/HUW-logo-black-square.jpg\",\"contentUrl\":\"https:\/\/hairuwear.com\/wp-content\/uploads\/2024\/02\/HUW-logo-black-square.jpg\",\"width\":1000,\"height\":1000,\"caption\":\"HairUWear\"},\"image\":{\"@id\":\"https:\/\/www.hairuwear.com\/nl\/#\/schema\/logo\/image\/\"},\"sameAs\":[\"https:\/\/www.facebook.com\/HairUWearINC\",\"https:\/\/www.instagram.com\/hairuwear_inc\/\",\"https:\/\/www.youtube.com\/channel\/UCooHA3ZvNM3CfbjxHAUUZlg\",\"https:\/\/www.linkedin.com\/company\/hairuwear\/\",\"https:\/\/www.pinterest.com\/hairuwear\/?invite_code=060417bbf4384977ac59e5e49e9e2f4a\"]}]}<\/script>\n<!-- \/ Yoast SEO plugin. -->","yoast_head_json":{"title":"Hope - HairUWear","description":"Textured layering and feathered lengths with a soft fringe for a perfectly stylish \u2018undone\u2019 look. Face-framing sides are long enough to be tucked behind the ears.","robots":{"index":"index","follow":"follow","max-snippet":"max-snippet:-1","max-image-preview":"max-image-preview:large","max-video-preview":"max-video-preview:-1"},"canonical":"https:\/\/www.hairuwear.com\/fr\/product\/hope\/","og_locale":"fr_FR","og_type":"article","og_title":"Hope - HairUWear","og_description":"Textured layering and feathered lengths with a soft fringe for a perfectly stylish \u2018undone\u2019 look. Face-framing sides are long enough to be tucked behind the ears.","og_url":"https:\/\/www.hairuwear.com\/fr\/product\/hope\/","og_site_name":"HairUWear","article_publisher":"https:\/\/www.facebook.com\/HairUWearINC","article_modified_time":"2024-01-29T16:49:38+00:00","og_image":[{"width":2046,"height":2560,"url":"https:\/\/www.hairuwear.com\/wp-content\/uploads\/2023\/04\/GB-Hope-Model-Front-3-scaled.jpg","type":"image\/jpeg"}],"twitter_card":"summary_large_image","twitter_misc":{"Est. reading time":"1 minute"},"schema":{"@context":"https:\/\/schema.org","@graph":[{"@type":"WebPage","@id":"https:\/\/www.hairuwear.com\/fr\/product\/hope\/","url":"https:\/\/www.hairuwear.com\/fr\/product\/hope\/","name":"Hope - HairUWear","isPartOf":{"@id":"https:\/\/www.hairuwear.com\/nl\/#website"},"primaryImageOfPage":{"@id":"https:\/\/www.hairuwear.com\/fr\/product\/hope\/#primaryimage"},"image":{"@id":"https:\/\/www.hairuwear.com\/fr\/product\/hope\/#primaryimage"},"thumbnailUrl":"https:\/\/www.hairuwear.com\/wp-content\/uploads\/2023\/04\/GB-Hope-Model-Front-3-scaled.jpg","datePublished":"2023-04-06T16:09:40+00:00","dateModified":"2024-01-29T16:49:38+00:00","description":"Textured layering and feathered lengths with a soft fringe for a perfectly stylish \u2018undone\u2019 look. Face-framing sides are long enough to be tucked behind the ears.","breadcrumb":{"@id":"https:\/\/www.hairuwear.com\/fr\/product\/hope\/#breadcrumb"},"inLanguage":"fr-FR","potentialAction":[{"@type":"ReadAction","target":["https:\/\/www.hairuwear.com\/fr\/product\/hope\/"]}]},{"@type":"ImageObject","inLanguage":"fr-FR","@id":"https:\/\/www.hairuwear.com\/fr\/product\/hope\/#primaryimage","url":"https:\/\/www.hairuwear.com\/wp-content\/uploads\/2023\/04\/GB-Hope-Model-Front-3-scaled.jpg","contentUrl":"https:\/\/www.hairuwear.com\/wp-content\/uploads\/2023\/04\/GB-Hope-Model-Front-3-scaled.jpg","width":2046,"height":2560,"caption":"Hope in Brown\/Blonde (Discontinued color)"},{"@type":"BreadcrumbList","@id":"https:\/\/www.hairuwear.com\/fr\/product\/hope\/#breadcrumb","itemListElement":[{"@type":"ListItem","position":1,"name":"Home","item":"https:\/\/www.hairuwear.com\/"},{"@type":"ListItem","position":2,"name":"Products &#038; Solutions","item":"https:\/\/www.hairuwear.com\/es\/products-solutions\/"},{"@type":"ListItem","position":3,"name":"Hope"}]},{"@type":"WebSite","@id":"https:\/\/www.hairuwear.com\/nl\/#website","url":"https:\/\/www.hairuwear.com\/nl\/","name":"HairUWear","description":"We inspire women and men throughout the world to see all the possibilities of alternative hair.","publisher":{"@id":"https:\/\/www.hairuwear.com\/nl\/#organization"},"potentialAction":[{"@type":"SearchAction","target":{"@type":"EntryPoint","urlTemplate":"https:\/\/www.hairuwear.com\/nl\/?s={search_term_string}"},"query-input":{"@type":"PropertyValueSpecification","valueRequired":true,"valueName":"search_term_string"}}],"inLanguage":"fr-FR"},{"@type":"Organization","@id":"https:\/\/www.hairuwear.com\/nl\/#organization","name":"HairUWear","url":"https:\/\/www.hairuwear.com\/nl\/","logo":{"@type":"ImageObject","inLanguage":"fr-FR","@id":"https:\/\/www.hairuwear.com\/nl\/#\/schema\/logo\/image\/","url":"https:\/\/hairuwear.com\/wp-content\/uploads\/2024\/02\/HUW-logo-black-square.jpg","contentUrl":"https:\/\/hairuwear.com\/wp-content\/uploads\/2024\/02\/HUW-logo-black-square.jpg","width":1000,"height":1000,"caption":"HairUWear"},"image":{"@id":"https:\/\/www.hairuwear.com\/nl\/#\/schema\/logo\/image\/"},"sameAs":["https:\/\/www.facebook.com\/HairUWearINC","https:\/\/www.instagram.com\/hairuwear_inc\/","https:\/\/www.youtube.com\/channel\/UCooHA3ZvNM3CfbjxHAUUZlg","https:\/\/www.linkedin.com\/company\/hairuwear\/","https:\/\/www.pinterest.com\/hairuwear\/?invite_code=060417bbf4384977ac59e5e49e9e2f4a"]}]}},"_links":{"self":[{"href":"https:\/\/www.hairuwear.com\/fr\/wp-json\/wp\/v2\/product\/42205","targetHints":{"allow":["GET"]}}],"collection":[{"href":"https:\/\/www.hairuwear.com\/fr\/wp-json\/wp\/v2\/product"}],"about":[{"href":"https:\/\/www.hairuwear.com\/fr\/wp-json\/wp\/v2\/types\/product"}],"version-history":[{"count":4,"href":"https:\/\/www.hairuwear.com\/fr\/wp-json\/wp\/v2\/product\/42205\/revisions"}],"predecessor-version":[{"id":98736,"href":"https:\/\/www.hairuwear.com\/fr\/wp-json\/wp\/v2\/product\/42205\/revisions\/98736"}],"wp:featuredmedia":[{"embeddable":true,"href":"https:\/\/www.hairuwear.com\/fr\/wp-json\/wp\/v2\/media\/42211"}],"wp:attachment":[{"href":"https:\/\/www.hairuwear.com\/fr\/wp-json\/wp\/v2\/media?parent=42205"}],"wp:term":[{"taxonomy":"product_brand","embeddable":true,"href":"https:\/\/www.hairuwear.com\/fr\/wp-json\/wp\/v2\/product_brand?post=42205"},{"taxonomy":"product_cat","embeddable":true,"href":"https:\/\/www.hairuwear.com\/fr\/wp-json\/wp\/v2\/product_cat?post=42205"},{"taxonomy":"product_tag","embeddable":true,"href":"https:\/\/www.hairuwear.com\/fr\/wp-json\/wp\/v2\/product_tag?post=42205"}],"curies":[{"name":"wp","href":"https:\/\/api.w.org\/{rel}","templated":true}]}}