{"id":47153,"date":"2023-07-06T07:43:10","date_gmt":"2023-07-06T12:43:10","guid":{"rendered":"https:\/\/live-huw-2023.pantheonsite.io\/?post_type=product&#038;p=47153"},"modified":"2023-09-20T09:22:45","modified_gmt":"2023-09-20T14:22:45","slug":"its-always-sunny","status":"publish","type":"product","link":"https:\/\/www.hairuwear.com\/fr\/product\/its-always-sunny\/","title":{"rendered":"C'est toujours ensoleill\u00e9"},"content":{"rendered":"","protected":false},"excerpt":{"rendered":"<p><em>Le point fort de votre journ\u00e9e<\/em><\/p>\n<p>Lumineux, audacieux et magnifique ! Des cheveux jaunes fantaisie sans engagement, coiff\u00e9s en ligne droite avec une raie centrale et un front en dentelle. La racine plus profonde ajoute de la dimension et de la cr\u00e9dibilit\u00e9 en s'associant \u00e0 la couleur naturelle de vos cheveux et de vos sourcils. Portez cette nuance dor\u00e9e avec une tenue neutre et laissez vos cheveux parler d'eux-m\u00eames.<\/p>\n<hr \/>\n<p>Dentelle sur le devant<br \/>\nMonofilament Partie<br \/>\nPattes d'oreilles doubl\u00e9es de velours<br \/>\nOpen Extended Nape<br \/>\n<a href=\"\/fr\/hairdo\/hair-types\/#HD-tru2life\" target=\"_blank\" rel=\"noopener\">Tru2Life\u00ae Cheveux synth\u00e9tiques r\u00e9sistants \u00e0 la chaleur<\/a><\/p>\n<hr \/>\n<p>Taille du capuchon : Moyenne<\/p>\n<hr \/>\n<p>Avant : 15\u2033.<\/p>\n<hr \/>\n<p>Crown: 15\u2033<\/p>\n<hr \/>\n<p>C\u00f4t\u00e9s : 11\u2033<\/p>\n<hr \/>\n<p>Dos : 11\u00bd\u2033.<\/p>\n<hr \/>\n<p>Nuque : 7\u2033.<\/p>\n<hr \/>\n<p>Weight: 4.4 oz<\/p>","protected":false},"featured_media":47159,"template":"","meta":[],"product_brand":[161],"product_cat":[209,174,179],"product_tag":[],"class_list":{"0":"post-47153","1":"product","2":"type-product","3":"status-publish","4":"has-post-thumbnail","6":"product_brand-hairdo","7":"product_cat-view-all","8":"product_cat-hairdo","9":"product_cat-hd-fantasy-wigs","10":"pa_application-type-ready-to-wear","11":"pa_brand-hairdo","12":"pa_cap-size-average","13":"pa_categories-wigs","14":"pa_color-family-fantasy-colors","15":"pa_department-women","16":"pa_hair-type-heat-styleable-synthetic","17":"pa_wig-features-lace-front","18":"pa_wig-features-monofilament","19":"pa_wig-length-long","20":"pa_wig-style-straight","23":"first","24":"instock","25":"shipping-taxable","26":"product-type-simple"},"yoast_head":"<!-- This site is optimized with the Yoast SEO plugin v25.3.1 - https:\/\/yoast.com\/wordpress\/plugins\/seo\/ -->\n<title>It&#039;s Always Sunny - HairUWear<\/title>\n<meta name=\"description\" content=\"Bright, bold and beautiful! Commitment-free fantasy yellow hair styled straight with a center part and lace front. The deeper root adds dimension and believability by tying in with your natural hair and brow color. Wear this golden shade with a neutral outfit and let your hair do all the talking.\" \/>\n<meta name=\"robots\" content=\"index, follow, max-snippet:-1, max-image-preview:large, max-video-preview:-1\" \/>\n<link rel=\"canonical\" href=\"https:\/\/www.hairuwear.com\/fr\/product\/its-always-sunny\/\" \/>\n<meta property=\"og:locale\" content=\"fr_FR\" \/>\n<meta property=\"og:type\" content=\"article\" \/>\n<meta property=\"og:title\" content=\"It&#039;s Always Sunny - HairUWear\" \/>\n<meta property=\"og:description\" content=\"Bright, bold and beautiful! Commitment-free fantasy yellow hair styled straight with a center part and lace front. The deeper root adds dimension and believability by tying in with your natural hair and brow color. Wear this golden shade with a neutral outfit and let your hair do all the talking.\" \/>\n<meta property=\"og:url\" content=\"https:\/\/www.hairuwear.com\/fr\/product\/its-always-sunny\/\" \/>\n<meta property=\"og:site_name\" content=\"HairUWear\" \/>\n<meta property=\"article:publisher\" content=\"https:\/\/www.facebook.com\/HairUWearINC\" \/>\n<meta property=\"article:modified_time\" content=\"2023-09-20T14:22:45+00:00\" \/>\n<meta property=\"og:image\" content=\"https:\/\/www.hairuwear.com\/wp-content\/uploads\/2023\/06\/HD-Its-Always-Sunny-Model-Front-4-scaled.jpg\" \/>\n\t<meta property=\"og:image:width\" content=\"2046\" \/>\n\t<meta property=\"og:image:height\" content=\"2560\" \/>\n\t<meta property=\"og:image:type\" content=\"image\/jpeg\" \/>\n<meta name=\"twitter:card\" content=\"summary_large_image\" \/>\n<script type=\"application\/ld+json\" class=\"yoast-schema-graph\">{\"@context\":\"https:\/\/schema.org\",\"@graph\":[{\"@type\":\"WebPage\",\"@id\":\"https:\/\/www.hairuwear.com\/nl\/product\/its-always-sunny\/\",\"url\":\"https:\/\/www.hairuwear.com\/nl\/product\/its-always-sunny\/\",\"name\":\"It's Always Sunny - HairUWear\",\"isPartOf\":{\"@id\":\"https:\/\/www.hairuwear.com\/nl\/#website\"},\"primaryImageOfPage\":{\"@id\":\"https:\/\/www.hairuwear.com\/nl\/product\/its-always-sunny\/#primaryimage\"},\"image\":{\"@id\":\"https:\/\/www.hairuwear.com\/nl\/product\/its-always-sunny\/#primaryimage\"},\"thumbnailUrl\":\"https:\/\/www.hairuwear.com\/wp-content\/uploads\/2023\/06\/HD-Its-Always-Sunny-Model-Front-4-scaled.jpg\",\"datePublished\":\"2023-07-06T12:43:10+00:00\",\"dateModified\":\"2023-09-20T14:22:45+00:00\",\"description\":\"Bright, bold and beautiful! Commitment-free fantasy yellow hair styled straight with a center part and lace front. The deeper root adds dimension and believability by tying in with your natural hair and brow color. Wear this golden shade with a neutral outfit and let your hair do all the talking.\",\"breadcrumb\":{\"@id\":\"https:\/\/www.hairuwear.com\/nl\/product\/its-always-sunny\/#breadcrumb\"},\"inLanguage\":\"fr-FR\",\"potentialAction\":[{\"@type\":\"ReadAction\",\"target\":[\"https:\/\/www.hairuwear.com\/nl\/product\/its-always-sunny\/\"]}]},{\"@type\":\"ImageObject\",\"inLanguage\":\"fr-FR\",\"@id\":\"https:\/\/www.hairuwear.com\/nl\/product\/its-always-sunny\/#primaryimage\",\"url\":\"https:\/\/www.hairuwear.com\/wp-content\/uploads\/2023\/06\/HD-Its-Always-Sunny-Model-Front-4-scaled.jpg\",\"contentUrl\":\"https:\/\/www.hairuwear.com\/wp-content\/uploads\/2023\/06\/HD-Its-Always-Sunny-Model-Front-4-scaled.jpg\",\"width\":2046,\"height\":2560,\"caption\":\"It's Always Sunny\"},{\"@type\":\"BreadcrumbList\",\"@id\":\"https:\/\/www.hairuwear.com\/nl\/product\/its-always-sunny\/#breadcrumb\",\"itemListElement\":[{\"@type\":\"ListItem\",\"position\":1,\"name\":\"Home\",\"item\":\"https:\/\/www.hairuwear.com\/\"},{\"@type\":\"ListItem\",\"position\":2,\"name\":\"Products &#038; Solutions\",\"item\":\"https:\/\/www.hairuwear.com\/es\/products-solutions\/\"},{\"@type\":\"ListItem\",\"position\":3,\"name\":\"It&#8217;s Always Sunny\"}]},{\"@type\":\"WebSite\",\"@id\":\"https:\/\/www.hairuwear.com\/nl\/#website\",\"url\":\"https:\/\/www.hairuwear.com\/nl\/\",\"name\":\"HairUWear\",\"description\":\"We inspire women and men throughout the world to see all the possibilities of alternative hair.\",\"publisher\":{\"@id\":\"https:\/\/www.hairuwear.com\/nl\/#organization\"},\"potentialAction\":[{\"@type\":\"SearchAction\",\"target\":{\"@type\":\"EntryPoint\",\"urlTemplate\":\"https:\/\/www.hairuwear.com\/nl\/?s={search_term_string}\"},\"query-input\":{\"@type\":\"PropertyValueSpecification\",\"valueRequired\":true,\"valueName\":\"search_term_string\"}}],\"inLanguage\":\"fr-FR\"},{\"@type\":\"Organization\",\"@id\":\"https:\/\/www.hairuwear.com\/nl\/#organization\",\"name\":\"HairUWear\",\"url\":\"https:\/\/www.hairuwear.com\/nl\/\",\"logo\":{\"@type\":\"ImageObject\",\"inLanguage\":\"fr-FR\",\"@id\":\"https:\/\/www.hairuwear.com\/nl\/#\/schema\/logo\/image\/\",\"url\":\"https:\/\/hairuwear.com\/wp-content\/uploads\/2024\/02\/HUW-logo-black-square.jpg\",\"contentUrl\":\"https:\/\/hairuwear.com\/wp-content\/uploads\/2024\/02\/HUW-logo-black-square.jpg\",\"width\":1000,\"height\":1000,\"caption\":\"HairUWear\"},\"image\":{\"@id\":\"https:\/\/www.hairuwear.com\/nl\/#\/schema\/logo\/image\/\"},\"sameAs\":[\"https:\/\/www.facebook.com\/HairUWearINC\",\"https:\/\/www.instagram.com\/hairuwear_inc\/\",\"https:\/\/www.youtube.com\/channel\/UCooHA3ZvNM3CfbjxHAUUZlg\",\"https:\/\/www.linkedin.com\/company\/hairuwear\/\",\"https:\/\/www.pinterest.com\/hairuwear\/?invite_code=060417bbf4384977ac59e5e49e9e2f4a\"]}]}<\/script>\n<!-- \/ Yoast SEO plugin. -->","yoast_head_json":{"title":"It's Always Sunny - HairUWear","description":"Bright, bold and beautiful! Commitment-free fantasy yellow hair styled straight with a center part and lace front. The deeper root adds dimension and believability by tying in with your natural hair and brow color. Wear this golden shade with a neutral outfit and let your hair do all the talking.","robots":{"index":"index","follow":"follow","max-snippet":"max-snippet:-1","max-image-preview":"max-image-preview:large","max-video-preview":"max-video-preview:-1"},"canonical":"https:\/\/www.hairuwear.com\/fr\/product\/its-always-sunny\/","og_locale":"fr_FR","og_type":"article","og_title":"It's Always Sunny - HairUWear","og_description":"Bright, bold and beautiful! Commitment-free fantasy yellow hair styled straight with a center part and lace front. The deeper root adds dimension and believability by tying in with your natural hair and brow color. Wear this golden shade with a neutral outfit and let your hair do all the talking.","og_url":"https:\/\/www.hairuwear.com\/fr\/product\/its-always-sunny\/","og_site_name":"HairUWear","article_publisher":"https:\/\/www.facebook.com\/HairUWearINC","article_modified_time":"2023-09-20T14:22:45+00:00","og_image":[{"width":2046,"height":2560,"url":"https:\/\/www.hairuwear.com\/wp-content\/uploads\/2023\/06\/HD-Its-Always-Sunny-Model-Front-4-scaled.jpg","type":"image\/jpeg"}],"twitter_card":"summary_large_image","schema":{"@context":"https:\/\/schema.org","@graph":[{"@type":"WebPage","@id":"https:\/\/www.hairuwear.com\/nl\/product\/its-always-sunny\/","url":"https:\/\/www.hairuwear.com\/nl\/product\/its-always-sunny\/","name":"It's Always Sunny - HairUWear","isPartOf":{"@id":"https:\/\/www.hairuwear.com\/nl\/#website"},"primaryImageOfPage":{"@id":"https:\/\/www.hairuwear.com\/nl\/product\/its-always-sunny\/#primaryimage"},"image":{"@id":"https:\/\/www.hairuwear.com\/nl\/product\/its-always-sunny\/#primaryimage"},"thumbnailUrl":"https:\/\/www.hairuwear.com\/wp-content\/uploads\/2023\/06\/HD-Its-Always-Sunny-Model-Front-4-scaled.jpg","datePublished":"2023-07-06T12:43:10+00:00","dateModified":"2023-09-20T14:22:45+00:00","description":"Bright, bold and beautiful! Commitment-free fantasy yellow hair styled straight with a center part and lace front. The deeper root adds dimension and believability by tying in with your natural hair and brow color. Wear this golden shade with a neutral outfit and let your hair do all the talking.","breadcrumb":{"@id":"https:\/\/www.hairuwear.com\/nl\/product\/its-always-sunny\/#breadcrumb"},"inLanguage":"fr-FR","potentialAction":[{"@type":"ReadAction","target":["https:\/\/www.hairuwear.com\/nl\/product\/its-always-sunny\/"]}]},{"@type":"ImageObject","inLanguage":"fr-FR","@id":"https:\/\/www.hairuwear.com\/nl\/product\/its-always-sunny\/#primaryimage","url":"https:\/\/www.hairuwear.com\/wp-content\/uploads\/2023\/06\/HD-Its-Always-Sunny-Model-Front-4-scaled.jpg","contentUrl":"https:\/\/www.hairuwear.com\/wp-content\/uploads\/2023\/06\/HD-Its-Always-Sunny-Model-Front-4-scaled.jpg","width":2046,"height":2560,"caption":"It's Always Sunny"},{"@type":"BreadcrumbList","@id":"https:\/\/www.hairuwear.com\/nl\/product\/its-always-sunny\/#breadcrumb","itemListElement":[{"@type":"ListItem","position":1,"name":"Home","item":"https:\/\/www.hairuwear.com\/"},{"@type":"ListItem","position":2,"name":"Products &#038; Solutions","item":"https:\/\/www.hairuwear.com\/es\/products-solutions\/"},{"@type":"ListItem","position":3,"name":"It&#8217;s Always Sunny"}]},{"@type":"WebSite","@id":"https:\/\/www.hairuwear.com\/nl\/#website","url":"https:\/\/www.hairuwear.com\/nl\/","name":"HairUWear","description":"We inspire women and men throughout the world to see all the possibilities of alternative hair.","publisher":{"@id":"https:\/\/www.hairuwear.com\/nl\/#organization"},"potentialAction":[{"@type":"SearchAction","target":{"@type":"EntryPoint","urlTemplate":"https:\/\/www.hairuwear.com\/nl\/?s={search_term_string}"},"query-input":{"@type":"PropertyValueSpecification","valueRequired":true,"valueName":"search_term_string"}}],"inLanguage":"fr-FR"},{"@type":"Organization","@id":"https:\/\/www.hairuwear.com\/nl\/#organization","name":"HairUWear","url":"https:\/\/www.hairuwear.com\/nl\/","logo":{"@type":"ImageObject","inLanguage":"fr-FR","@id":"https:\/\/www.hairuwear.com\/nl\/#\/schema\/logo\/image\/","url":"https:\/\/hairuwear.com\/wp-content\/uploads\/2024\/02\/HUW-logo-black-square.jpg","contentUrl":"https:\/\/hairuwear.com\/wp-content\/uploads\/2024\/02\/HUW-logo-black-square.jpg","width":1000,"height":1000,"caption":"HairUWear"},"image":{"@id":"https:\/\/www.hairuwear.com\/nl\/#\/schema\/logo\/image\/"},"sameAs":["https:\/\/www.facebook.com\/HairUWearINC","https:\/\/www.instagram.com\/hairuwear_inc\/","https:\/\/www.youtube.com\/channel\/UCooHA3ZvNM3CfbjxHAUUZlg","https:\/\/www.linkedin.com\/company\/hairuwear\/","https:\/\/www.pinterest.com\/hairuwear\/?invite_code=060417bbf4384977ac59e5e49e9e2f4a"]}]}},"_links":{"self":[{"href":"https:\/\/www.hairuwear.com\/fr\/wp-json\/wp\/v2\/product\/47153","targetHints":{"allow":["GET"]}}],"collection":[{"href":"https:\/\/www.hairuwear.com\/fr\/wp-json\/wp\/v2\/product"}],"about":[{"href":"https:\/\/www.hairuwear.com\/fr\/wp-json\/wp\/v2\/types\/product"}],"version-history":[{"count":1,"href":"https:\/\/www.hairuwear.com\/fr\/wp-json\/wp\/v2\/product\/47153\/revisions"}],"predecessor-version":[{"id":47154,"href":"https:\/\/www.hairuwear.com\/fr\/wp-json\/wp\/v2\/product\/47153\/revisions\/47154"}],"wp:featuredmedia":[{"embeddable":true,"href":"https:\/\/www.hairuwear.com\/fr\/wp-json\/wp\/v2\/media\/47159"}],"wp:attachment":[{"href":"https:\/\/www.hairuwear.com\/fr\/wp-json\/wp\/v2\/media?parent=47153"}],"wp:term":[{"taxonomy":"product_brand","embeddable":true,"href":"https:\/\/www.hairuwear.com\/fr\/wp-json\/wp\/v2\/product_brand?post=47153"},{"taxonomy":"product_cat","embeddable":true,"href":"https:\/\/www.hairuwear.com\/fr\/wp-json\/wp\/v2\/product_cat?post=47153"},{"taxonomy":"product_tag","embeddable":true,"href":"https:\/\/www.hairuwear.com\/fr\/wp-json\/wp\/v2\/product_tag?post=47153"}],"curies":[{"name":"wp","href":"https:\/\/api.w.org\/{rel}","templated":true}]}}