{"id":47365,"date":"2023-06-26T11:03:52","date_gmt":"2023-06-26T16:03:52","guid":{"rendered":"https:\/\/live-huw-2023.pantheonsite.io\/?post_type=product&#038;p=47365"},"modified":"2023-09-20T09:34:15","modified_gmt":"2023-09-20T14:34:15","slug":"fierce-fire","status":"publish","type":"product","link":"https:\/\/www.hairuwear.com\/fr\/product\/fierce-fire\/","title":{"rendered":"Fierce Fire"},"content":{"rendered":"","protected":false},"excerpt":{"rendered":"<p><em>Cheveux orange, je m'en fiche !<\/em><\/p>\n<p>Embrassez votre f\u00e9rocit\u00e9 dans des nuances d'orange flamboyant. Cette silhouette impertinente ouvre une nouvelle voie avec un m\u00e9lange de couleurs vives qui sont enflamm\u00e9es et n'ont pas l'intention de s'estomper. C'est votre nouveau style de pr\u00e9dilection chaque fois que vous \u00eates d'humeur \u00e0 avoir l'air chaud comme la braise.<\/p>\n<hr \/>\n<p>Velvet Front Rim<br \/>\nTrame int\u00e9rieure \"cach\u00e9e<br \/>\nOpen Ear Tabs<br \/>\nNuque allong\u00e9e doubl\u00e9e de velours<br \/>\n<a href=\"\/fr\/hairdo\/hair-types\/#HD-tru2life\" target=\"_blank\" rel=\"noopener\">Tru2Life\u00ae Cheveux synth\u00e9tiques r\u00e9sistants \u00e0 la chaleur<\/a><\/p>\n<hr \/>\n<p>Taille du capuchon : Moyenne<\/p>\n<hr \/>\n<p>Front: 3\u00be\u201d<\/p>\n<hr \/>\n<p>Crown: 14\u2033<\/p>\n<hr \/>\n<p>C\u00f4t\u00e9s : 10\u2033<\/p>\n<hr \/>\n<p>Dos : 12\u00bd\u2033.<\/p>\n<hr \/>\n<p>Collet : 12\u00bd\u2033.<\/p>\n<hr \/>\n<p>Weight: 4.9 oz<\/p>","protected":false},"featured_media":47368,"template":"","meta":[],"product_brand":[161],"product_cat":[209,174,179],"product_tag":[],"class_list":{"0":"post-47365","1":"product","2":"type-product","3":"status-publish","4":"has-post-thumbnail","6":"product_brand-hairdo","7":"product_cat-view-all","8":"product_cat-hairdo","9":"product_cat-hd-fantasy-wigs","10":"pa_application-type-ready-to-wear","11":"pa_brand-hairdo","12":"pa_cap-size-average","13":"pa_categories-wigs","14":"pa_color-family-fantasy-colors","15":"pa_department-women","16":"pa_hair-type-heat-styleable-synthetic","17":"pa_wig-length-mid-length","18":"pa_wig-style-straight","21":"first","22":"instock","23":"shipping-taxable","24":"product-type-simple"},"yoast_head":"<!-- This site is optimized with the Yoast SEO plugin v25.3.1 - https:\/\/yoast.com\/wordpress\/plugins\/seo\/ -->\n<title>Fierce Fire - HairUWear<\/title>\n<meta name=\"description\" content=\"Embrace your fierceness in shades of flaming orange. This sassy silhouette blazes a new trail with a vivid color blend that\u2019s all fired up with no intention of fading. It\u2019s your new go-to style whenever you\u2019re in the mood to look smokin\u2019 hot.\" \/>\n<meta name=\"robots\" content=\"index, follow, max-snippet:-1, max-image-preview:large, max-video-preview:-1\" \/>\n<link rel=\"canonical\" href=\"https:\/\/www.hairuwear.com\/fr\/product\/fierce-fire\/\" \/>\n<meta property=\"og:locale\" content=\"fr_FR\" \/>\n<meta property=\"og:type\" content=\"article\" \/>\n<meta property=\"og:title\" content=\"Fierce Fire - HairUWear\" \/>\n<meta property=\"og:description\" content=\"Embrace your fierceness in shades of flaming orange. This sassy silhouette blazes a new trail with a vivid color blend that\u2019s all fired up with no intention of fading. It\u2019s your new go-to style whenever you\u2019re in the mood to look smokin\u2019 hot.\" \/>\n<meta property=\"og:url\" content=\"https:\/\/www.hairuwear.com\/fr\/product\/fierce-fire\/\" \/>\n<meta property=\"og:site_name\" content=\"HairUWear\" \/>\n<meta property=\"article:publisher\" content=\"https:\/\/www.facebook.com\/HairUWearINC\" \/>\n<meta property=\"article:modified_time\" content=\"2023-09-20T14:34:15+00:00\" \/>\n<meta property=\"og:image\" content=\"https:\/\/www.hairuwear.com\/wp-content\/uploads\/2023\/06\/HD-Fierce-Fire-Model-Editorial-1-scaled.jpg\" \/>\n\t<meta property=\"og:image:width\" content=\"2045\" \/>\n\t<meta property=\"og:image:height\" content=\"2560\" \/>\n\t<meta property=\"og:image:type\" content=\"image\/jpeg\" \/>\n<meta name=\"twitter:card\" content=\"summary_large_image\" \/>\n<script type=\"application\/ld+json\" class=\"yoast-schema-graph\">{\"@context\":\"https:\/\/schema.org\",\"@graph\":[{\"@type\":\"WebPage\",\"@id\":\"https:\/\/www.hairuwear.com\/de\/product\/fierce-fire\/\",\"url\":\"https:\/\/www.hairuwear.com\/de\/product\/fierce-fire\/\",\"name\":\"Fierce Fire - HairUWear\",\"isPartOf\":{\"@id\":\"https:\/\/www.hairuwear.com\/nl\/#website\"},\"primaryImageOfPage\":{\"@id\":\"https:\/\/www.hairuwear.com\/de\/product\/fierce-fire\/#primaryimage\"},\"image\":{\"@id\":\"https:\/\/www.hairuwear.com\/de\/product\/fierce-fire\/#primaryimage\"},\"thumbnailUrl\":\"https:\/\/www.hairuwear.com\/wp-content\/uploads\/2023\/06\/HD-Fierce-Fire-Model-Editorial-1-scaled.jpg\",\"datePublished\":\"2023-06-26T16:03:52+00:00\",\"dateModified\":\"2023-09-20T14:34:15+00:00\",\"description\":\"Embrace your fierceness in shades of flaming orange. This sassy silhouette blazes a new trail with a vivid color blend that\u2019s all fired up with no intention of fading. It\u2019s your new go-to style whenever you\u2019re in the mood to look smokin\u2019 hot.\",\"breadcrumb\":{\"@id\":\"https:\/\/www.hairuwear.com\/de\/product\/fierce-fire\/#breadcrumb\"},\"inLanguage\":\"fr-FR\",\"potentialAction\":[{\"@type\":\"ReadAction\",\"target\":[\"https:\/\/www.hairuwear.com\/de\/product\/fierce-fire\/\"]}]},{\"@type\":\"ImageObject\",\"inLanguage\":\"fr-FR\",\"@id\":\"https:\/\/www.hairuwear.com\/de\/product\/fierce-fire\/#primaryimage\",\"url\":\"https:\/\/www.hairuwear.com\/wp-content\/uploads\/2023\/06\/HD-Fierce-Fire-Model-Editorial-1-scaled.jpg\",\"contentUrl\":\"https:\/\/www.hairuwear.com\/wp-content\/uploads\/2023\/06\/HD-Fierce-Fire-Model-Editorial-1-scaled.jpg\",\"width\":2045,\"height\":2560,\"caption\":\"Fierce Fire\"},{\"@type\":\"BreadcrumbList\",\"@id\":\"https:\/\/www.hairuwear.com\/de\/product\/fierce-fire\/#breadcrumb\",\"itemListElement\":[{\"@type\":\"ListItem\",\"position\":1,\"name\":\"Home\",\"item\":\"https:\/\/www.hairuwear.com\/\"},{\"@type\":\"ListItem\",\"position\":2,\"name\":\"Products &#038; Solutions\",\"item\":\"https:\/\/www.hairuwear.com\/es\/products-solutions\/\"},{\"@type\":\"ListItem\",\"position\":3,\"name\":\"Fierce Fire\"}]},{\"@type\":\"WebSite\",\"@id\":\"https:\/\/www.hairuwear.com\/nl\/#website\",\"url\":\"https:\/\/www.hairuwear.com\/nl\/\",\"name\":\"HairUWear\",\"description\":\"We inspire women and men throughout the world to see all the possibilities of alternative hair.\",\"publisher\":{\"@id\":\"https:\/\/www.hairuwear.com\/nl\/#organization\"},\"potentialAction\":[{\"@type\":\"SearchAction\",\"target\":{\"@type\":\"EntryPoint\",\"urlTemplate\":\"https:\/\/www.hairuwear.com\/nl\/?s={search_term_string}\"},\"query-input\":{\"@type\":\"PropertyValueSpecification\",\"valueRequired\":true,\"valueName\":\"search_term_string\"}}],\"inLanguage\":\"fr-FR\"},{\"@type\":\"Organization\",\"@id\":\"https:\/\/www.hairuwear.com\/nl\/#organization\",\"name\":\"HairUWear\",\"url\":\"https:\/\/www.hairuwear.com\/nl\/\",\"logo\":{\"@type\":\"ImageObject\",\"inLanguage\":\"fr-FR\",\"@id\":\"https:\/\/www.hairuwear.com\/nl\/#\/schema\/logo\/image\/\",\"url\":\"https:\/\/hairuwear.com\/wp-content\/uploads\/2024\/02\/HUW-logo-black-square.jpg\",\"contentUrl\":\"https:\/\/hairuwear.com\/wp-content\/uploads\/2024\/02\/HUW-logo-black-square.jpg\",\"width\":1000,\"height\":1000,\"caption\":\"HairUWear\"},\"image\":{\"@id\":\"https:\/\/www.hairuwear.com\/nl\/#\/schema\/logo\/image\/\"},\"sameAs\":[\"https:\/\/www.facebook.com\/HairUWearINC\",\"https:\/\/www.instagram.com\/hairuwear_inc\/\",\"https:\/\/www.youtube.com\/channel\/UCooHA3ZvNM3CfbjxHAUUZlg\",\"https:\/\/www.linkedin.com\/company\/hairuwear\/\",\"https:\/\/www.pinterest.com\/hairuwear\/?invite_code=060417bbf4384977ac59e5e49e9e2f4a\"]}]}<\/script>\n<!-- \/ Yoast SEO plugin. -->","yoast_head_json":{"title":"Fierce Fire - HairUWear","description":"Embrace your fierceness in shades of flaming orange. This sassy silhouette blazes a new trail with a vivid color blend that\u2019s all fired up with no intention of fading. It\u2019s your new go-to style whenever you\u2019re in the mood to look smokin\u2019 hot.","robots":{"index":"index","follow":"follow","max-snippet":"max-snippet:-1","max-image-preview":"max-image-preview:large","max-video-preview":"max-video-preview:-1"},"canonical":"https:\/\/www.hairuwear.com\/fr\/product\/fierce-fire\/","og_locale":"fr_FR","og_type":"article","og_title":"Fierce Fire - HairUWear","og_description":"Embrace your fierceness in shades of flaming orange. This sassy silhouette blazes a new trail with a vivid color blend that\u2019s all fired up with no intention of fading. It\u2019s your new go-to style whenever you\u2019re in the mood to look smokin\u2019 hot.","og_url":"https:\/\/www.hairuwear.com\/fr\/product\/fierce-fire\/","og_site_name":"HairUWear","article_publisher":"https:\/\/www.facebook.com\/HairUWearINC","article_modified_time":"2023-09-20T14:34:15+00:00","og_image":[{"width":2045,"height":2560,"url":"https:\/\/www.hairuwear.com\/wp-content\/uploads\/2023\/06\/HD-Fierce-Fire-Model-Editorial-1-scaled.jpg","type":"image\/jpeg"}],"twitter_card":"summary_large_image","schema":{"@context":"https:\/\/schema.org","@graph":[{"@type":"WebPage","@id":"https:\/\/www.hairuwear.com\/de\/product\/fierce-fire\/","url":"https:\/\/www.hairuwear.com\/de\/product\/fierce-fire\/","name":"Fierce Fire - HairUWear","isPartOf":{"@id":"https:\/\/www.hairuwear.com\/nl\/#website"},"primaryImageOfPage":{"@id":"https:\/\/www.hairuwear.com\/de\/product\/fierce-fire\/#primaryimage"},"image":{"@id":"https:\/\/www.hairuwear.com\/de\/product\/fierce-fire\/#primaryimage"},"thumbnailUrl":"https:\/\/www.hairuwear.com\/wp-content\/uploads\/2023\/06\/HD-Fierce-Fire-Model-Editorial-1-scaled.jpg","datePublished":"2023-06-26T16:03:52+00:00","dateModified":"2023-09-20T14:34:15+00:00","description":"Embrace your fierceness in shades of flaming orange. This sassy silhouette blazes a new trail with a vivid color blend that\u2019s all fired up with no intention of fading. It\u2019s your new go-to style whenever you\u2019re in the mood to look smokin\u2019 hot.","breadcrumb":{"@id":"https:\/\/www.hairuwear.com\/de\/product\/fierce-fire\/#breadcrumb"},"inLanguage":"fr-FR","potentialAction":[{"@type":"ReadAction","target":["https:\/\/www.hairuwear.com\/de\/product\/fierce-fire\/"]}]},{"@type":"ImageObject","inLanguage":"fr-FR","@id":"https:\/\/www.hairuwear.com\/de\/product\/fierce-fire\/#primaryimage","url":"https:\/\/www.hairuwear.com\/wp-content\/uploads\/2023\/06\/HD-Fierce-Fire-Model-Editorial-1-scaled.jpg","contentUrl":"https:\/\/www.hairuwear.com\/wp-content\/uploads\/2023\/06\/HD-Fierce-Fire-Model-Editorial-1-scaled.jpg","width":2045,"height":2560,"caption":"Fierce Fire"},{"@type":"BreadcrumbList","@id":"https:\/\/www.hairuwear.com\/de\/product\/fierce-fire\/#breadcrumb","itemListElement":[{"@type":"ListItem","position":1,"name":"Home","item":"https:\/\/www.hairuwear.com\/"},{"@type":"ListItem","position":2,"name":"Products &#038; Solutions","item":"https:\/\/www.hairuwear.com\/es\/products-solutions\/"},{"@type":"ListItem","position":3,"name":"Fierce Fire"}]},{"@type":"WebSite","@id":"https:\/\/www.hairuwear.com\/nl\/#website","url":"https:\/\/www.hairuwear.com\/nl\/","name":"HairUWear","description":"We inspire women and men throughout the world to see all the possibilities of alternative hair.","publisher":{"@id":"https:\/\/www.hairuwear.com\/nl\/#organization"},"potentialAction":[{"@type":"SearchAction","target":{"@type":"EntryPoint","urlTemplate":"https:\/\/www.hairuwear.com\/nl\/?s={search_term_string}"},"query-input":{"@type":"PropertyValueSpecification","valueRequired":true,"valueName":"search_term_string"}}],"inLanguage":"fr-FR"},{"@type":"Organization","@id":"https:\/\/www.hairuwear.com\/nl\/#organization","name":"HairUWear","url":"https:\/\/www.hairuwear.com\/nl\/","logo":{"@type":"ImageObject","inLanguage":"fr-FR","@id":"https:\/\/www.hairuwear.com\/nl\/#\/schema\/logo\/image\/","url":"https:\/\/hairuwear.com\/wp-content\/uploads\/2024\/02\/HUW-logo-black-square.jpg","contentUrl":"https:\/\/hairuwear.com\/wp-content\/uploads\/2024\/02\/HUW-logo-black-square.jpg","width":1000,"height":1000,"caption":"HairUWear"},"image":{"@id":"https:\/\/www.hairuwear.com\/nl\/#\/schema\/logo\/image\/"},"sameAs":["https:\/\/www.facebook.com\/HairUWearINC","https:\/\/www.instagram.com\/hairuwear_inc\/","https:\/\/www.youtube.com\/channel\/UCooHA3ZvNM3CfbjxHAUUZlg","https:\/\/www.linkedin.com\/company\/hairuwear\/","https:\/\/www.pinterest.com\/hairuwear\/?invite_code=060417bbf4384977ac59e5e49e9e2f4a"]}]}},"_links":{"self":[{"href":"https:\/\/www.hairuwear.com\/fr\/wp-json\/wp\/v2\/product\/47365","targetHints":{"allow":["GET"]}}],"collection":[{"href":"https:\/\/www.hairuwear.com\/fr\/wp-json\/wp\/v2\/product"}],"about":[{"href":"https:\/\/www.hairuwear.com\/fr\/wp-json\/wp\/v2\/types\/product"}],"version-history":[{"count":1,"href":"https:\/\/www.hairuwear.com\/fr\/wp-json\/wp\/v2\/product\/47365\/revisions"}],"predecessor-version":[{"id":47366,"href":"https:\/\/www.hairuwear.com\/fr\/wp-json\/wp\/v2\/product\/47365\/revisions\/47366"}],"wp:featuredmedia":[{"embeddable":true,"href":"https:\/\/www.hairuwear.com\/fr\/wp-json\/wp\/v2\/media\/47368"}],"wp:attachment":[{"href":"https:\/\/www.hairuwear.com\/fr\/wp-json\/wp\/v2\/media?parent=47365"}],"wp:term":[{"taxonomy":"product_brand","embeddable":true,"href":"https:\/\/www.hairuwear.com\/fr\/wp-json\/wp\/v2\/product_brand?post=47365"},{"taxonomy":"product_cat","embeddable":true,"href":"https:\/\/www.hairuwear.com\/fr\/wp-json\/wp\/v2\/product_cat?post=47365"},{"taxonomy":"product_tag","embeddable":true,"href":"https:\/\/www.hairuwear.com\/fr\/wp-json\/wp\/v2\/product_tag?post=47365"}],"curies":[{"name":"wp","href":"https:\/\/api.w.org\/{rel}","templated":true}]}}