{"id":47434,"date":"2023-06-27T09:37:12","date_gmt":"2023-06-27T14:37:12","guid":{"rendered":"https:\/\/live-huw-2023.pantheonsite.io\/?post_type=product&#038;p=47434"},"modified":"2023-09-20T09:28:57","modified_gmt":"2023-09-20T14:28:57","slug":"pinky-promise","status":"publish","type":"product","link":"https:\/\/www.hairuwear.com\/fr\/product\/pinky-promise\/","title":{"rendered":"Promesse Pinky"},"content":{"rendered":"","protected":false},"excerpt":{"rendered":"<p><em>Un joli coup de c\u0153ur rose<\/em><\/p>\n<p>Une nuance de rose enjou\u00e9e rend cette coupe d\u00e9grad\u00e9e classique tout sauf ordinaire ! La racine fonc\u00e9e ajoute un contraste et une profondeur naturelle. Coiff\u00e9s en boucles, ondul\u00e9s ou m\u00eame coup\u00e9s court, ces cheveux rougis sont parfaits sous tous les angles et sur tous les tons de peau.<\/p>\n<hr \/>\n<p>Large Velvet Comfort Band\u2122<br \/>\nTrame int\u00e9rieure \"cach\u00e9e<br \/>\nOpen Ear Tabs<br \/>\nVelvet-Lined Nape<br \/>\n<a href=\"\/fr\/hairdo\/hair-types\/#HD-tru2life\" target=\"_blank\" rel=\"noopener\">Tru2Life\u00ae Cheveux synth\u00e9tiques r\u00e9sistants \u00e0 la chaleur<\/a><\/p>\n<hr \/>\n<p>Taille du capuchon : Moyenne<\/p>\n<hr \/>\n<p>Front: 8\u00bd\u201d<\/p>\n<hr \/>\n<p>Couronne : 13\u00be\"<\/p>\n<hr \/>\n<p>C\u00f4t\u00e9s : 12\u00be\"<\/p>\n<hr \/>\n<p>Dos : 14\u2033.<\/p>\n<hr \/>\n<p>Collet : 12\u00bc\u2033.<\/p>\n<hr \/>\n<p>Weight: 5.4 oz<\/p>","protected":false},"featured_media":47433,"template":"","meta":[],"product_brand":[161],"product_cat":[209,174,179],"product_tag":[],"class_list":{"0":"post-47434","1":"product","2":"type-product","3":"status-publish","4":"has-post-thumbnail","6":"product_brand-hairdo","7":"product_cat-view-all","8":"product_cat-hairdo","9":"product_cat-hd-fantasy-wigs","10":"pa_application-type-ready-to-wear","11":"pa_brand-hairdo","12":"pa_cap-size-average","13":"pa_categories-wigs","14":"pa_color-family-fantasy-colors","15":"pa_department-women","16":"pa_hair-type-heat-styleable-synthetic","17":"pa_wig-length-long","18":"pa_wig-style-straight","21":"first","22":"instock","23":"shipping-taxable","24":"product-type-simple"},"yoast_head":"<!-- This site is optimized with the Yoast SEO plugin v25.3.1 - https:\/\/yoast.com\/wordpress\/plugins\/seo\/ -->\n<title>Pinky Promise - HairUWear<\/title>\n<meta name=\"description\" content=\"A playful shade of pink makes this classic layered cut anything but ordinary! The dark root adds contrast and natural depth. Style it curled, waved or even cut it short \u2013 this blushing beauty looks good at every angle and with any skin tone.\" \/>\n<meta name=\"robots\" content=\"index, follow, max-snippet:-1, max-image-preview:large, max-video-preview:-1\" \/>\n<link rel=\"canonical\" href=\"https:\/\/www.hairuwear.com\/fr\/product\/pinky-promise\/\" \/>\n<meta property=\"og:locale\" content=\"fr_FR\" \/>\n<meta property=\"og:type\" content=\"article\" \/>\n<meta property=\"og:title\" content=\"Pinky Promise - HairUWear\" \/>\n<meta property=\"og:description\" content=\"A playful shade of pink makes this classic layered cut anything but ordinary! The dark root adds contrast and natural depth. Style it curled, waved or even cut it short \u2013 this blushing beauty looks good at every angle and with any skin tone.\" \/>\n<meta property=\"og:url\" content=\"https:\/\/www.hairuwear.com\/fr\/product\/pinky-promise\/\" \/>\n<meta property=\"og:site_name\" content=\"HairUWear\" \/>\n<meta property=\"article:publisher\" content=\"https:\/\/www.facebook.com\/HairUWearINC\" \/>\n<meta property=\"article:modified_time\" content=\"2023-09-20T14:28:57+00:00\" \/>\n<meta property=\"og:image\" content=\"https:\/\/www.hairuwear.com\/wp-content\/uploads\/2023\/06\/HD-Pinky-Promise-Model-Front-1-scaled.jpg\" \/>\n\t<meta property=\"og:image:width\" content=\"2046\" \/>\n\t<meta property=\"og:image:height\" content=\"2560\" \/>\n\t<meta property=\"og:image:type\" content=\"image\/jpeg\" \/>\n<meta name=\"twitter:card\" content=\"summary_large_image\" \/>\n<script type=\"application\/ld+json\" class=\"yoast-schema-graph\">{\"@context\":\"https:\/\/schema.org\",\"@graph\":[{\"@type\":\"WebPage\",\"@id\":\"https:\/\/www.hairuwear.com\/da\/product\/pinky-promise\/\",\"url\":\"https:\/\/www.hairuwear.com\/da\/product\/pinky-promise\/\",\"name\":\"Pinky Promise - HairUWear\",\"isPartOf\":{\"@id\":\"https:\/\/www.hairuwear.com\/nl\/#website\"},\"primaryImageOfPage\":{\"@id\":\"https:\/\/www.hairuwear.com\/da\/product\/pinky-promise\/#primaryimage\"},\"image\":{\"@id\":\"https:\/\/www.hairuwear.com\/da\/product\/pinky-promise\/#primaryimage\"},\"thumbnailUrl\":\"https:\/\/www.hairuwear.com\/wp-content\/uploads\/2023\/06\/HD-Pinky-Promise-Model-Front-1-scaled.jpg\",\"datePublished\":\"2023-06-27T14:37:12+00:00\",\"dateModified\":\"2023-09-20T14:28:57+00:00\",\"description\":\"A playful shade of pink makes this classic layered cut anything but ordinary! The dark root adds contrast and natural depth. Style it curled, waved or even cut it short \u2013 this blushing beauty looks good at every angle and with any skin tone.\",\"breadcrumb\":{\"@id\":\"https:\/\/www.hairuwear.com\/da\/product\/pinky-promise\/#breadcrumb\"},\"inLanguage\":\"fr-FR\",\"potentialAction\":[{\"@type\":\"ReadAction\",\"target\":[\"https:\/\/www.hairuwear.com\/da\/product\/pinky-promise\/\"]}]},{\"@type\":\"ImageObject\",\"inLanguage\":\"fr-FR\",\"@id\":\"https:\/\/www.hairuwear.com\/da\/product\/pinky-promise\/#primaryimage\",\"url\":\"https:\/\/www.hairuwear.com\/wp-content\/uploads\/2023\/06\/HD-Pinky-Promise-Model-Front-1-scaled.jpg\",\"contentUrl\":\"https:\/\/www.hairuwear.com\/wp-content\/uploads\/2023\/06\/HD-Pinky-Promise-Model-Front-1-scaled.jpg\",\"width\":2046,\"height\":2560,\"caption\":\"Pinky Promise\"},{\"@type\":\"BreadcrumbList\",\"@id\":\"https:\/\/www.hairuwear.com\/da\/product\/pinky-promise\/#breadcrumb\",\"itemListElement\":[{\"@type\":\"ListItem\",\"position\":1,\"name\":\"Home\",\"item\":\"https:\/\/www.hairuwear.com\/\"},{\"@type\":\"ListItem\",\"position\":2,\"name\":\"Products &#038; Solutions\",\"item\":\"https:\/\/www.hairuwear.com\/es\/products-solutions\/\"},{\"@type\":\"ListItem\",\"position\":3,\"name\":\"Pinky Promise\"}]},{\"@type\":\"WebSite\",\"@id\":\"https:\/\/www.hairuwear.com\/nl\/#website\",\"url\":\"https:\/\/www.hairuwear.com\/nl\/\",\"name\":\"HairUWear\",\"description\":\"We inspire women and men throughout the world to see all the possibilities of alternative hair.\",\"publisher\":{\"@id\":\"https:\/\/www.hairuwear.com\/nl\/#organization\"},\"potentialAction\":[{\"@type\":\"SearchAction\",\"target\":{\"@type\":\"EntryPoint\",\"urlTemplate\":\"https:\/\/www.hairuwear.com\/nl\/?s={search_term_string}\"},\"query-input\":{\"@type\":\"PropertyValueSpecification\",\"valueRequired\":true,\"valueName\":\"search_term_string\"}}],\"inLanguage\":\"fr-FR\"},{\"@type\":\"Organization\",\"@id\":\"https:\/\/www.hairuwear.com\/nl\/#organization\",\"name\":\"HairUWear\",\"url\":\"https:\/\/www.hairuwear.com\/nl\/\",\"logo\":{\"@type\":\"ImageObject\",\"inLanguage\":\"fr-FR\",\"@id\":\"https:\/\/www.hairuwear.com\/nl\/#\/schema\/logo\/image\/\",\"url\":\"https:\/\/hairuwear.com\/wp-content\/uploads\/2024\/02\/HUW-logo-black-square.jpg\",\"contentUrl\":\"https:\/\/hairuwear.com\/wp-content\/uploads\/2024\/02\/HUW-logo-black-square.jpg\",\"width\":1000,\"height\":1000,\"caption\":\"HairUWear\"},\"image\":{\"@id\":\"https:\/\/www.hairuwear.com\/nl\/#\/schema\/logo\/image\/\"},\"sameAs\":[\"https:\/\/www.facebook.com\/HairUWearINC\",\"https:\/\/www.instagram.com\/hairuwear_inc\/\",\"https:\/\/www.youtube.com\/channel\/UCooHA3ZvNM3CfbjxHAUUZlg\",\"https:\/\/www.linkedin.com\/company\/hairuwear\/\",\"https:\/\/www.pinterest.com\/hairuwear\/?invite_code=060417bbf4384977ac59e5e49e9e2f4a\"]}]}<\/script>\n<!-- \/ Yoast SEO plugin. -->","yoast_head_json":{"title":"Pinky Promise - HairUWear","description":"A playful shade of pink makes this classic layered cut anything but ordinary! The dark root adds contrast and natural depth. Style it curled, waved or even cut it short \u2013 this blushing beauty looks good at every angle and with any skin tone.","robots":{"index":"index","follow":"follow","max-snippet":"max-snippet:-1","max-image-preview":"max-image-preview:large","max-video-preview":"max-video-preview:-1"},"canonical":"https:\/\/www.hairuwear.com\/fr\/product\/pinky-promise\/","og_locale":"fr_FR","og_type":"article","og_title":"Pinky Promise - HairUWear","og_description":"A playful shade of pink makes this classic layered cut anything but ordinary! The dark root adds contrast and natural depth. Style it curled, waved or even cut it short \u2013 this blushing beauty looks good at every angle and with any skin tone.","og_url":"https:\/\/www.hairuwear.com\/fr\/product\/pinky-promise\/","og_site_name":"HairUWear","article_publisher":"https:\/\/www.facebook.com\/HairUWearINC","article_modified_time":"2023-09-20T14:28:57+00:00","og_image":[{"width":2046,"height":2560,"url":"https:\/\/www.hairuwear.com\/wp-content\/uploads\/2023\/06\/HD-Pinky-Promise-Model-Front-1-scaled.jpg","type":"image\/jpeg"}],"twitter_card":"summary_large_image","schema":{"@context":"https:\/\/schema.org","@graph":[{"@type":"WebPage","@id":"https:\/\/www.hairuwear.com\/da\/product\/pinky-promise\/","url":"https:\/\/www.hairuwear.com\/da\/product\/pinky-promise\/","name":"Pinky Promise - HairUWear","isPartOf":{"@id":"https:\/\/www.hairuwear.com\/nl\/#website"},"primaryImageOfPage":{"@id":"https:\/\/www.hairuwear.com\/da\/product\/pinky-promise\/#primaryimage"},"image":{"@id":"https:\/\/www.hairuwear.com\/da\/product\/pinky-promise\/#primaryimage"},"thumbnailUrl":"https:\/\/www.hairuwear.com\/wp-content\/uploads\/2023\/06\/HD-Pinky-Promise-Model-Front-1-scaled.jpg","datePublished":"2023-06-27T14:37:12+00:00","dateModified":"2023-09-20T14:28:57+00:00","description":"A playful shade of pink makes this classic layered cut anything but ordinary! The dark root adds contrast and natural depth. Style it curled, waved or even cut it short \u2013 this blushing beauty looks good at every angle and with any skin tone.","breadcrumb":{"@id":"https:\/\/www.hairuwear.com\/da\/product\/pinky-promise\/#breadcrumb"},"inLanguage":"fr-FR","potentialAction":[{"@type":"ReadAction","target":["https:\/\/www.hairuwear.com\/da\/product\/pinky-promise\/"]}]},{"@type":"ImageObject","inLanguage":"fr-FR","@id":"https:\/\/www.hairuwear.com\/da\/product\/pinky-promise\/#primaryimage","url":"https:\/\/www.hairuwear.com\/wp-content\/uploads\/2023\/06\/HD-Pinky-Promise-Model-Front-1-scaled.jpg","contentUrl":"https:\/\/www.hairuwear.com\/wp-content\/uploads\/2023\/06\/HD-Pinky-Promise-Model-Front-1-scaled.jpg","width":2046,"height":2560,"caption":"Pinky Promise"},{"@type":"BreadcrumbList","@id":"https:\/\/www.hairuwear.com\/da\/product\/pinky-promise\/#breadcrumb","itemListElement":[{"@type":"ListItem","position":1,"name":"Home","item":"https:\/\/www.hairuwear.com\/"},{"@type":"ListItem","position":2,"name":"Products &#038; Solutions","item":"https:\/\/www.hairuwear.com\/es\/products-solutions\/"},{"@type":"ListItem","position":3,"name":"Pinky Promise"}]},{"@type":"WebSite","@id":"https:\/\/www.hairuwear.com\/nl\/#website","url":"https:\/\/www.hairuwear.com\/nl\/","name":"HairUWear","description":"We inspire women and men throughout the world to see all the possibilities of alternative hair.","publisher":{"@id":"https:\/\/www.hairuwear.com\/nl\/#organization"},"potentialAction":[{"@type":"SearchAction","target":{"@type":"EntryPoint","urlTemplate":"https:\/\/www.hairuwear.com\/nl\/?s={search_term_string}"},"query-input":{"@type":"PropertyValueSpecification","valueRequired":true,"valueName":"search_term_string"}}],"inLanguage":"fr-FR"},{"@type":"Organization","@id":"https:\/\/www.hairuwear.com\/nl\/#organization","name":"HairUWear","url":"https:\/\/www.hairuwear.com\/nl\/","logo":{"@type":"ImageObject","inLanguage":"fr-FR","@id":"https:\/\/www.hairuwear.com\/nl\/#\/schema\/logo\/image\/","url":"https:\/\/hairuwear.com\/wp-content\/uploads\/2024\/02\/HUW-logo-black-square.jpg","contentUrl":"https:\/\/hairuwear.com\/wp-content\/uploads\/2024\/02\/HUW-logo-black-square.jpg","width":1000,"height":1000,"caption":"HairUWear"},"image":{"@id":"https:\/\/www.hairuwear.com\/nl\/#\/schema\/logo\/image\/"},"sameAs":["https:\/\/www.facebook.com\/HairUWearINC","https:\/\/www.instagram.com\/hairuwear_inc\/","https:\/\/www.youtube.com\/channel\/UCooHA3ZvNM3CfbjxHAUUZlg","https:\/\/www.linkedin.com\/company\/hairuwear\/","https:\/\/www.pinterest.com\/hairuwear\/?invite_code=060417bbf4384977ac59e5e49e9e2f4a"]}]}},"_links":{"self":[{"href":"https:\/\/www.hairuwear.com\/fr\/wp-json\/wp\/v2\/product\/47434","targetHints":{"allow":["GET"]}}],"collection":[{"href":"https:\/\/www.hairuwear.com\/fr\/wp-json\/wp\/v2\/product"}],"about":[{"href":"https:\/\/www.hairuwear.com\/fr\/wp-json\/wp\/v2\/types\/product"}],"version-history":[{"count":1,"href":"https:\/\/www.hairuwear.com\/fr\/wp-json\/wp\/v2\/product\/47434\/revisions"}],"predecessor-version":[{"id":47440,"href":"https:\/\/www.hairuwear.com\/fr\/wp-json\/wp\/v2\/product\/47434\/revisions\/47440"}],"wp:featuredmedia":[{"embeddable":true,"href":"https:\/\/www.hairuwear.com\/fr\/wp-json\/wp\/v2\/media\/47433"}],"wp:attachment":[{"href":"https:\/\/www.hairuwear.com\/fr\/wp-json\/wp\/v2\/media?parent=47434"}],"wp:term":[{"taxonomy":"product_brand","embeddable":true,"href":"https:\/\/www.hairuwear.com\/fr\/wp-json\/wp\/v2\/product_brand?post=47434"},{"taxonomy":"product_cat","embeddable":true,"href":"https:\/\/www.hairuwear.com\/fr\/wp-json\/wp\/v2\/product_cat?post=47434"},{"taxonomy":"product_tag","embeddable":true,"href":"https:\/\/www.hairuwear.com\/fr\/wp-json\/wp\/v2\/product_tag?post=47434"}],"curies":[{"name":"wp","href":"https:\/\/api.w.org\/{rel}","templated":true}]}}