{"id":287138,"date":"2026-04-01T14:36:55","date_gmt":"2026-04-01T19:36:55","guid":{"rendered":"https:\/\/www.hairuwear.com\/?post_type=product&#038;p=287138"},"modified":"2026-04-30T21:09:43","modified_gmt":"2026-05-01T02:09:43","slug":"graceful-touch","status":"publish","type":"product","link":"https:\/\/www.hairuwear.com\/pl\/product\/graceful-touch\/","title":{"rendered":"NEW! Graceful Touch"},"content":{"rendered":"<div id=\"content-desktop\">\n<div id='gallery-1' class='gallery galleryid-287138 gallery-columns-6 gallery-size-full'><figure class='gallery-item'>\n\t\t\t<div class='gallery-icon landscape'>\n\t\t\t\t<img fetchpriority=\"high\" decoding=\"async\" width=\"350\" height=\"350\" src=\"https:\/\/www.hairuwear.com\/wp-content\/uploads\/2022\/05\/Tru2Life-dark-brown-swatch.jpg\" class=\"attachment-full size-full\" alt=\"Dark Brown\" aria-describedby=\"gallery-1-28053\" \/>\n\t\t\t<\/div>\n\t\t\t\t<figcaption class='wp-caption-text gallery-caption' id='gallery-1-28053'>\n\t\t\t\tDark Brown\n\t\t\t\t<\/figcaption><\/figure><figure class='gallery-item'>\n\t\t\t<div class='gallery-icon landscape'>\n\t\t\t\t<img decoding=\"async\" width=\"350\" height=\"350\" src=\"https:\/\/www.hairuwear.com\/wp-content\/uploads\/2022\/05\/Tru2Life-medium-brown-swatch.jpg\" class=\"attachment-full size-full\" alt=\"Medium Brown\" aria-describedby=\"gallery-1-28067\" \/>\n\t\t\t<\/div>\n\t\t\t\t<figcaption class='wp-caption-text gallery-caption' id='gallery-1-28067'>\n\t\t\t\tMedium Brown\n\t\t\t\t<\/figcaption><\/figure><figure class='gallery-item'>\n\t\t\t<div class='gallery-icon landscape'>\n\t\t\t\t<img decoding=\"async\" width=\"350\" height=\"350\" src=\"https:\/\/www.hairuwear.com\/wp-content\/uploads\/2022\/05\/Tru2Life-light-brown-swatch.jpg\" class=\"attachment-full size-full\" alt=\"Light Brown\" aria-describedby=\"gallery-1-28073\" \/>\n\t\t\t<\/div>\n\t\t\t\t<figcaption class='wp-caption-text gallery-caption' id='gallery-1-28073'>\n\t\t\t\tLight Brown\n\t\t\t\t<\/figcaption><\/figure><figure class='gallery-item'>\n\t\t\t<div class='gallery-icon landscape'>\n\t\t\t\t<img loading=\"lazy\" decoding=\"async\" width=\"350\" height=\"350\" src=\"https:\/\/www.hairuwear.com\/wp-content\/uploads\/2023\/02\/GB-Kanekalon-Excelle-Brown-Blonde-swatch.jpg\" class=\"attachment-full size-full\" alt=\"Brown\/Blonde\" aria-describedby=\"gallery-1-40051\" \/>\n\t\t\t<\/div>\n\t\t\t\t<figcaption class='wp-caption-text gallery-caption' id='gallery-1-40051'>\n\t\t\t\tBrown\/Blonde\n\t\t\t\t<\/figcaption><\/figure><figure class='gallery-item'>\n\t\t\t<div class='gallery-icon landscape'>\n\t\t\t\t<img loading=\"lazy\" decoding=\"async\" width=\"350\" height=\"350\" src=\"https:\/\/www.hairuwear.com\/wp-content\/uploads\/2022\/05\/Tru2Life-medium-blonde-swatch.jpg\" class=\"attachment-full size-full\" alt=\"Medium Blonde\" aria-describedby=\"gallery-1-28072\" \/>\n\t\t\t<\/div>\n\t\t\t\t<figcaption class='wp-caption-text gallery-caption' id='gallery-1-28072'>\n\t\t\t\tMedium Blonde\n\t\t\t\t<\/figcaption><\/figure><figure class='gallery-item'>\n\t\t\t<div class='gallery-icon landscape'>\n\t\t\t\t<img loading=\"lazy\" decoding=\"async\" width=\"350\" height=\"350\" src=\"https:\/\/www.hairuwear.com\/wp-content\/uploads\/2022\/05\/Tru2Life-light-blonde-swatch.jpg\" class=\"attachment-full size-full\" alt=\"Light Blonde\" aria-describedby=\"gallery-1-28075\" \/>\n\t\t\t<\/div>\n\t\t\t\t<figcaption class='wp-caption-text gallery-caption' id='gallery-1-28075'>\n\t\t\t\tLight Blonde\n\t\t\t\t<\/figcaption><\/figure><figure class='gallery-item'>\n\t\t\t<div class='gallery-icon landscape'>\n\t\t\t\t<img loading=\"lazy\" decoding=\"async\" width=\"350\" height=\"350\" src=\"https:\/\/www.hairuwear.com\/wp-content\/uploads\/2022\/05\/GB-Essentials-Colors-Medium-Red-swatch.jpg\" class=\"attachment-full size-full\" alt=\"Medium Red\" aria-describedby=\"gallery-1-28068\" \/>\n\t\t\t<\/div>\n\t\t\t\t<figcaption class='wp-caption-text gallery-caption' id='gallery-1-28068'>\n\t\t\t\tMedium Red\n\t\t\t\t<\/figcaption><\/figure><figure class='gallery-item'>\n\t\t\t<div class='gallery-icon landscape'>\n\t\t\t\t<img loading=\"lazy\" decoding=\"async\" width=\"350\" height=\"350\" src=\"https:\/\/www.hairuwear.com\/wp-content\/uploads\/2022\/05\/Tru2Life-light-grey-swatch.jpg\" class=\"attachment-full size-full\" alt=\"Light Grey\" aria-describedby=\"gallery-1-28074\" \/>\n\t\t\t<\/div>\n\t\t\t\t<figcaption class='wp-caption-text gallery-caption' id='gallery-1-28074'>\n\t\t\t\tLight Grey\n\t\t\t\t<\/figcaption><\/figure><figure class='gallery-item'>\n\t\t\t<div class='gallery-icon landscape'>\n\t\t\t\t<img loading=\"lazy\" decoding=\"async\" width=\"350\" height=\"350\" src=\"https:\/\/www.hairuwear.com\/wp-content\/uploads\/2023\/02\/GB-Kanekalon-Excelle-SS-Medium-Blonde-swatch.jpg\" class=\"attachment-full size-full\" alt=\"SS Medium Blonde\" aria-describedby=\"gallery-1-40062\" \/>\n\t\t\t<\/div>\n\t\t\t\t<figcaption class='wp-caption-text gallery-caption' id='gallery-1-40062'>\n\t\t\t\tSS Medium Blonde\n\t\t\t\t<\/figcaption><\/figure><figure class='gallery-item'>\n\t\t\t<div class='gallery-icon landscape'>\n\t\t\t\t<img loading=\"lazy\" decoding=\"async\" width=\"350\" height=\"350\" src=\"https:\/\/www.hairuwear.com\/wp-content\/uploads\/2023\/02\/GB-Kanekalon-Excelle-SS-Light-Blonde-swatch.jpg\" class=\"attachment-full size-full\" alt=\"SS Light Blonde\" aria-describedby=\"gallery-1-40061\" \/>\n\t\t\t<\/div>\n\t\t\t\t<figcaption class='wp-caption-text gallery-caption' id='gallery-1-40061'>\n\t\t\t\tSS Light Blonde\n\t\t\t\t<\/figcaption><\/figure>\n\t\t<\/div>\n\n<\/div>\n<div id=\"content-mobile\">\n<div id='gallery-2' class='gallery galleryid-287138 gallery-columns-3 gallery-size-thumbnail'><figure class='gallery-item'>\n\t\t\t<div class='gallery-icon landscape'>\n\t\t\t\t<img loading=\"lazy\" decoding=\"async\" width=\"150\" height=\"150\" src=\"https:\/\/www.hairuwear.com\/wp-content\/uploads\/2022\/05\/Tru2Life-dark-brown-swatch-150x150.jpg\" class=\"attachment-thumbnail size-thumbnail\" alt=\"Dark Brown\" aria-describedby=\"gallery-2-28053\" \/>\n\t\t\t<\/div>\n\t\t\t\t<figcaption class='wp-caption-text gallery-caption' id='gallery-2-28053'>\n\t\t\t\tDark Brown\n\t\t\t\t<\/figcaption><\/figure><figure class='gallery-item'>\n\t\t\t<div class='gallery-icon landscape'>\n\t\t\t\t<img loading=\"lazy\" decoding=\"async\" width=\"150\" height=\"150\" src=\"https:\/\/www.hairuwear.com\/wp-content\/uploads\/2022\/05\/Tru2Life-medium-brown-swatch-150x150.jpg\" class=\"attachment-thumbnail size-thumbnail\" alt=\"Medium Brown\" aria-describedby=\"gallery-2-28067\" \/>\n\t\t\t<\/div>\n\t\t\t\t<figcaption class='wp-caption-text gallery-caption' id='gallery-2-28067'>\n\t\t\t\tMedium Brown\n\t\t\t\t<\/figcaption><\/figure><figure class='gallery-item'>\n\t\t\t<div class='gallery-icon landscape'>\n\t\t\t\t<img loading=\"lazy\" decoding=\"async\" width=\"150\" height=\"150\" src=\"https:\/\/www.hairuwear.com\/wp-content\/uploads\/2022\/05\/Tru2Life-light-brown-swatch-150x150.jpg\" class=\"attachment-thumbnail size-thumbnail\" alt=\"Light Brown\" aria-describedby=\"gallery-2-28073\" \/>\n\t\t\t<\/div>\n\t\t\t\t<figcaption class='wp-caption-text gallery-caption' id='gallery-2-28073'>\n\t\t\t\tLight Brown\n\t\t\t\t<\/figcaption><\/figure><figure class='gallery-item'>\n\t\t\t<div class='gallery-icon landscape'>\n\t\t\t\t<img loading=\"lazy\" decoding=\"async\" width=\"150\" height=\"150\" src=\"https:\/\/www.hairuwear.com\/wp-content\/uploads\/2023\/02\/GB-Kanekalon-Excelle-Brown-Blonde-swatch-150x150.jpg\" class=\"attachment-thumbnail size-thumbnail\" alt=\"Brown\/Blonde\" aria-describedby=\"gallery-2-40051\" \/>\n\t\t\t<\/div>\n\t\t\t\t<figcaption class='wp-caption-text gallery-caption' id='gallery-2-40051'>\n\t\t\t\tBrown\/Blonde\n\t\t\t\t<\/figcaption><\/figure><figure class='gallery-item'>\n\t\t\t<div class='gallery-icon landscape'>\n\t\t\t\t<img loading=\"lazy\" decoding=\"async\" width=\"150\" height=\"150\" src=\"https:\/\/www.hairuwear.com\/wp-content\/uploads\/2022\/05\/Tru2Life-medium-blonde-swatch-150x150.jpg\" class=\"attachment-thumbnail size-thumbnail\" alt=\"Medium Blonde\" aria-describedby=\"gallery-2-28072\" \/>\n\t\t\t<\/div>\n\t\t\t\t<figcaption class='wp-caption-text gallery-caption' id='gallery-2-28072'>\n\t\t\t\tMedium Blonde\n\t\t\t\t<\/figcaption><\/figure><figure class='gallery-item'>\n\t\t\t<div class='gallery-icon landscape'>\n\t\t\t\t<img loading=\"lazy\" decoding=\"async\" width=\"150\" height=\"150\" src=\"https:\/\/www.hairuwear.com\/wp-content\/uploads\/2022\/05\/Tru2Life-light-blonde-swatch-150x150.jpg\" class=\"attachment-thumbnail size-thumbnail\" alt=\"Light Blonde\" aria-describedby=\"gallery-2-28075\" \/>\n\t\t\t<\/div>\n\t\t\t\t<figcaption class='wp-caption-text gallery-caption' id='gallery-2-28075'>\n\t\t\t\tLight Blonde\n\t\t\t\t<\/figcaption><\/figure><figure class='gallery-item'>\n\t\t\t<div class='gallery-icon landscape'>\n\t\t\t\t<img loading=\"lazy\" decoding=\"async\" width=\"150\" height=\"150\" src=\"https:\/\/www.hairuwear.com\/wp-content\/uploads\/2022\/05\/GB-Essentials-Colors-Medium-Red-swatch-150x150.jpg\" class=\"attachment-thumbnail size-thumbnail\" alt=\"Medium Red\" aria-describedby=\"gallery-2-28068\" \/>\n\t\t\t<\/div>\n\t\t\t\t<figcaption class='wp-caption-text gallery-caption' id='gallery-2-28068'>\n\t\t\t\tMedium Red\n\t\t\t\t<\/figcaption><\/figure><figure class='gallery-item'>\n\t\t\t<div class='gallery-icon landscape'>\n\t\t\t\t<img loading=\"lazy\" decoding=\"async\" width=\"150\" height=\"150\" src=\"https:\/\/www.hairuwear.com\/wp-content\/uploads\/2022\/05\/Tru2Life-light-grey-swatch-150x150.jpg\" class=\"attachment-thumbnail size-thumbnail\" alt=\"Light Grey\" aria-describedby=\"gallery-2-28074\" \/>\n\t\t\t<\/div>\n\t\t\t\t<figcaption class='wp-caption-text gallery-caption' id='gallery-2-28074'>\n\t\t\t\tLight Grey\n\t\t\t\t<\/figcaption><\/figure><figure class='gallery-item'>\n\t\t\t<div class='gallery-icon landscape'>\n\t\t\t\t<img loading=\"lazy\" decoding=\"async\" width=\"150\" height=\"150\" src=\"https:\/\/www.hairuwear.com\/wp-content\/uploads\/2023\/02\/GB-Kanekalon-Excelle-SS-Medium-Blonde-swatch-150x150.jpg\" class=\"attachment-thumbnail size-thumbnail\" alt=\"SS Medium Blonde\" aria-describedby=\"gallery-2-40062\" \/>\n\t\t\t<\/div>\n\t\t\t\t<figcaption class='wp-caption-text gallery-caption' id='gallery-2-40062'>\n\t\t\t\tSS Medium Blonde\n\t\t\t\t<\/figcaption><\/figure><figure class='gallery-item'>\n\t\t\t<div class='gallery-icon landscape'>\n\t\t\t\t<img loading=\"lazy\" decoding=\"async\" width=\"150\" height=\"150\" src=\"https:\/\/www.hairuwear.com\/wp-content\/uploads\/2023\/02\/GB-Kanekalon-Excelle-SS-Light-Blonde-swatch-150x150.jpg\" class=\"attachment-thumbnail size-thumbnail\" alt=\"SS Light Blonde\" aria-describedby=\"gallery-2-40061\" \/>\n\t\t\t<\/div>\n\t\t\t\t<figcaption class='wp-caption-text gallery-caption' id='gallery-2-40061'>\n\t\t\t\tSS Light Blonde\n\t\t\t\t<\/figcaption><\/figure>\n\t\t<\/div>\n\n<\/div>","protected":false},"excerpt":{"rendered":"<p>Grace meets ease in this sassy short cut. Longer front layers sweep softly to the side, giving you that fresh-from-the-salon look \u2013 without the upkeep natural hair often demands.<\/p>\n<hr \/>\n<p>Wewn\u0105trz \"ukrytego\" w\u0105tku<br \/>\nZak\u0142adki na uszy wy\u015bcie\u0142ane aksamitem<br \/>\nPrzed\u0142u\u017cony karczek z aksamitn\u0105 podszewk\u0105<br \/>\n<a href=\"\/pl\/gabor\/colors-and-care\/#kanekalon-excelle\" target=\"_blank\" rel=\"noopener\">Kanekalon Excelle<sup>\u00ae<\/sup> W\u0142osy syntetyczne przyjazne dla ciep\u0142a<\/a><\/p>\n<hr \/>\n<p>Rozmiar kapsla: \u015aredni<\/p>\n<hr \/>\n<p>Front: 5\u00be\u201d<\/p>\n<hr \/>\n<p>Crown: 5\u201d<\/p>\n<hr \/>\n<p>Sides: 2\u00bd\u201d<\/p>\n<hr \/>\n<p>Back: 3\u00bd\u201d<\/p>\n<hr \/>\n<p>Nape: 1\u00be\u201d<\/p>\n<hr \/>\n<p>Waga: 2,5 uncji<\/p>","protected":false},"featured_media":287140,"template":"","meta":[],"product_brand":[160],"product_cat":[326,209,193,194,197],"product_tag":[],"class_list":{"0":"post-287138","1":"product","2":"type-product","3":"status-publish","4":"has-post-thumbnail","6":"product_brand-gabor","7":"product_cat-new-gabor-essentials","8":"product_cat-view-all","9":"product_cat-gabor","10":"product_cat-gb-new-products","11":"product_cat-gb-essentials","12":"pa_application-type-ready-to-wear","13":"pa_brand-gabor","14":"pa_cap-size-average","15":"pa_categories-wigs","16":"pa_color-family-blonde","17":"pa_color-family-brunette","18":"pa_color-family-gray","19":"pa_color-family-red","20":"pa_color-family-shadow-shades","21":"pa_color-family-soft-shades","22":"pa_department-women","23":"pa_hair-type-heat-styleable-synthetic","24":"pa_popular-new-styles","25":"pa_wig-features-with-bangs","26":"pa_wig-length-short","27":"pa_wig-style-straight","30":"first","31":"instock","32":"shipping-taxable","33":"product-type-simple"},"yoast_head":"<!-- This site is optimized with the Yoast SEO plugin v25.3.1 - https:\/\/yoast.com\/wordpress\/plugins\/seo\/ -->\n<title>NEW! Graceful Touch - HairUWear<\/title>\n<meta name=\"description\" content=\"Grace meets ease in this sassy short cut. Longer front layers sweep softly to the side, giving you that fresh-from-the-salon look.\" \/>\n<meta name=\"robots\" content=\"index, follow, max-snippet:-1, max-image-preview:large, max-video-preview:-1\" \/>\n<link rel=\"canonical\" href=\"https:\/\/www.hairuwear.com\/pl\/product\/graceful-touch\/\" \/>\n<meta property=\"og:locale\" content=\"pl_PL\" \/>\n<meta property=\"og:type\" content=\"article\" \/>\n<meta property=\"og:title\" content=\"NEW! Graceful Touch - HairUWear\" \/>\n<meta property=\"og:description\" content=\"Grace meets ease in this sassy short cut. Longer front layers sweep softly to the side, giving you that fresh-from-the-salon look.\" \/>\n<meta property=\"og:url\" content=\"https:\/\/www.hairuwear.com\/pl\/product\/graceful-touch\/\" \/>\n<meta property=\"og:site_name\" content=\"HairUWear\" \/>\n<meta property=\"article:publisher\" content=\"https:\/\/www.facebook.com\/HairUWearINC\" \/>\n<meta property=\"article:modified_time\" content=\"2026-05-01T02:09:43+00:00\" \/>\n<meta property=\"og:image\" content=\"https:\/\/www.hairuwear.com\/wp-content\/uploads\/2026\/04\/GB-Essentials-Graceful-Touch-Model-Front-2.jpg\" \/>\n\t<meta property=\"og:image:width\" content=\"1000\" \/>\n\t<meta property=\"og:image:height\" content=\"1251\" \/>\n\t<meta property=\"og:image:type\" content=\"image\/jpeg\" \/>\n<meta name=\"twitter:card\" content=\"summary_large_image\" \/>\n<meta name=\"twitter:label1\" content=\"Est. reading time\" \/>\n\t<meta name=\"twitter:data1\" content=\"1 minute\" \/>\n<script type=\"application\/ld+json\" class=\"yoast-schema-graph\">{\"@context\":\"https:\/\/schema.org\",\"@graph\":[{\"@type\":\"WebPage\",\"@id\":\"https:\/\/www.hairuwear.com\/product\/graceful-touch\/\",\"url\":\"https:\/\/www.hairuwear.com\/product\/graceful-touch\/\",\"name\":\"NEW! Graceful Touch - HairUWear\",\"isPartOf\":{\"@id\":\"https:\/\/www.hairuwear.com\/nl\/#website\"},\"primaryImageOfPage\":{\"@id\":\"https:\/\/www.hairuwear.com\/product\/graceful-touch\/#primaryimage\"},\"image\":{\"@id\":\"https:\/\/www.hairuwear.com\/product\/graceful-touch\/#primaryimage\"},\"thumbnailUrl\":\"https:\/\/www.hairuwear.com\/wp-content\/uploads\/2026\/04\/GB-Essentials-Graceful-Touch-Model-Front-2.jpg\",\"datePublished\":\"2026-04-01T19:36:55+00:00\",\"dateModified\":\"2026-05-01T02:09:43+00:00\",\"description\":\"Grace meets ease in this sassy short cut. Longer front layers sweep softly to the side, giving you that fresh-from-the-salon look.\",\"breadcrumb\":{\"@id\":\"https:\/\/www.hairuwear.com\/product\/graceful-touch\/#breadcrumb\"},\"inLanguage\":\"pl-PL\",\"potentialAction\":[{\"@type\":\"ReadAction\",\"target\":[\"https:\/\/www.hairuwear.com\/product\/graceful-touch\/\"]}]},{\"@type\":\"ImageObject\",\"inLanguage\":\"pl-PL\",\"@id\":\"https:\/\/www.hairuwear.com\/product\/graceful-touch\/#primaryimage\",\"url\":\"https:\/\/www.hairuwear.com\/wp-content\/uploads\/2026\/04\/GB-Essentials-Graceful-Touch-Model-Front-2.jpg\",\"contentUrl\":\"https:\/\/www.hairuwear.com\/wp-content\/uploads\/2026\/04\/GB-Essentials-Graceful-Touch-Model-Front-2.jpg\",\"width\":1000,\"height\":1251,\"caption\":\"Graceful Touch in SS Medium Blonde\"},{\"@type\":\"BreadcrumbList\",\"@id\":\"https:\/\/www.hairuwear.com\/product\/graceful-touch\/#breadcrumb\",\"itemListElement\":[{\"@type\":\"ListItem\",\"position\":1,\"name\":\"Home\",\"item\":\"https:\/\/www.hairuwear.com\/\"},{\"@type\":\"ListItem\",\"position\":2,\"name\":\"Products &#038; Solutions\",\"item\":\"https:\/\/www.hairuwear.com\/es\/products-solutions\/\"},{\"@type\":\"ListItem\",\"position\":3,\"name\":\"NEW! Graceful Touch\"}]},{\"@type\":\"WebSite\",\"@id\":\"https:\/\/www.hairuwear.com\/nl\/#website\",\"url\":\"https:\/\/www.hairuwear.com\/nl\/\",\"name\":\"HairUWear\",\"description\":\"We inspire women and men throughout the world to see all the possibilities of alternative hair.\",\"publisher\":{\"@id\":\"https:\/\/www.hairuwear.com\/nl\/#organization\"},\"potentialAction\":[{\"@type\":\"SearchAction\",\"target\":{\"@type\":\"EntryPoint\",\"urlTemplate\":\"https:\/\/www.hairuwear.com\/nl\/?s={search_term_string}\"},\"query-input\":{\"@type\":\"PropertyValueSpecification\",\"valueRequired\":true,\"valueName\":\"search_term_string\"}}],\"inLanguage\":\"pl-PL\"},{\"@type\":\"Organization\",\"@id\":\"https:\/\/www.hairuwear.com\/nl\/#organization\",\"name\":\"HairUWear\",\"url\":\"https:\/\/www.hairuwear.com\/nl\/\",\"logo\":{\"@type\":\"ImageObject\",\"inLanguage\":\"pl-PL\",\"@id\":\"https:\/\/www.hairuwear.com\/nl\/#\/schema\/logo\/image\/\",\"url\":\"https:\/\/hairuwear.com\/wp-content\/uploads\/2024\/02\/HUW-logo-black-square.jpg\",\"contentUrl\":\"https:\/\/hairuwear.com\/wp-content\/uploads\/2024\/02\/HUW-logo-black-square.jpg\",\"width\":1000,\"height\":1000,\"caption\":\"HairUWear\"},\"image\":{\"@id\":\"https:\/\/www.hairuwear.com\/nl\/#\/schema\/logo\/image\/\"},\"sameAs\":[\"https:\/\/www.facebook.com\/HairUWearINC\",\"https:\/\/www.instagram.com\/hairuwear_inc\/\",\"https:\/\/www.youtube.com\/channel\/UCooHA3ZvNM3CfbjxHAUUZlg\",\"https:\/\/www.linkedin.com\/company\/hairuwear\/\",\"https:\/\/www.pinterest.com\/hairuwear\/?invite_code=060417bbf4384977ac59e5e49e9e2f4a\"]}]}<\/script>\n<!-- \/ Yoast SEO plugin. -->","yoast_head_json":{"title":"NEW! Graceful Touch - HairUWear","description":"Grace meets ease in this sassy short cut. Longer front layers sweep softly to the side, giving you that fresh-from-the-salon look.","robots":{"index":"index","follow":"follow","max-snippet":"max-snippet:-1","max-image-preview":"max-image-preview:large","max-video-preview":"max-video-preview:-1"},"canonical":"https:\/\/www.hairuwear.com\/pl\/product\/graceful-touch\/","og_locale":"pl_PL","og_type":"article","og_title":"NEW! Graceful Touch - HairUWear","og_description":"Grace meets ease in this sassy short cut. Longer front layers sweep softly to the side, giving you that fresh-from-the-salon look.","og_url":"https:\/\/www.hairuwear.com\/pl\/product\/graceful-touch\/","og_site_name":"HairUWear","article_publisher":"https:\/\/www.facebook.com\/HairUWearINC","article_modified_time":"2026-05-01T02:09:43+00:00","og_image":[{"width":1000,"height":1251,"url":"https:\/\/www.hairuwear.com\/wp-content\/uploads\/2026\/04\/GB-Essentials-Graceful-Touch-Model-Front-2.jpg","type":"image\/jpeg"}],"twitter_card":"summary_large_image","twitter_misc":{"Est. reading time":"1 minute"},"schema":{"@context":"https:\/\/schema.org","@graph":[{"@type":"WebPage","@id":"https:\/\/www.hairuwear.com\/product\/graceful-touch\/","url":"https:\/\/www.hairuwear.com\/product\/graceful-touch\/","name":"NEW! Graceful Touch - HairUWear","isPartOf":{"@id":"https:\/\/www.hairuwear.com\/nl\/#website"},"primaryImageOfPage":{"@id":"https:\/\/www.hairuwear.com\/product\/graceful-touch\/#primaryimage"},"image":{"@id":"https:\/\/www.hairuwear.com\/product\/graceful-touch\/#primaryimage"},"thumbnailUrl":"https:\/\/www.hairuwear.com\/wp-content\/uploads\/2026\/04\/GB-Essentials-Graceful-Touch-Model-Front-2.jpg","datePublished":"2026-04-01T19:36:55+00:00","dateModified":"2026-05-01T02:09:43+00:00","description":"Grace meets ease in this sassy short cut. Longer front layers sweep softly to the side, giving you that fresh-from-the-salon look.","breadcrumb":{"@id":"https:\/\/www.hairuwear.com\/product\/graceful-touch\/#breadcrumb"},"inLanguage":"pl-PL","potentialAction":[{"@type":"ReadAction","target":["https:\/\/www.hairuwear.com\/product\/graceful-touch\/"]}]},{"@type":"ImageObject","inLanguage":"pl-PL","@id":"https:\/\/www.hairuwear.com\/product\/graceful-touch\/#primaryimage","url":"https:\/\/www.hairuwear.com\/wp-content\/uploads\/2026\/04\/GB-Essentials-Graceful-Touch-Model-Front-2.jpg","contentUrl":"https:\/\/www.hairuwear.com\/wp-content\/uploads\/2026\/04\/GB-Essentials-Graceful-Touch-Model-Front-2.jpg","width":1000,"height":1251,"caption":"Graceful Touch in SS Medium Blonde"},{"@type":"BreadcrumbList","@id":"https:\/\/www.hairuwear.com\/product\/graceful-touch\/#breadcrumb","itemListElement":[{"@type":"ListItem","position":1,"name":"Home","item":"https:\/\/www.hairuwear.com\/"},{"@type":"ListItem","position":2,"name":"Products &#038; Solutions","item":"https:\/\/www.hairuwear.com\/es\/products-solutions\/"},{"@type":"ListItem","position":3,"name":"NEW! Graceful Touch"}]},{"@type":"WebSite","@id":"https:\/\/www.hairuwear.com\/nl\/#website","url":"https:\/\/www.hairuwear.com\/nl\/","name":"HairUWear","description":"We inspire women and men throughout the world to see all the possibilities of alternative hair.","publisher":{"@id":"https:\/\/www.hairuwear.com\/nl\/#organization"},"potentialAction":[{"@type":"SearchAction","target":{"@type":"EntryPoint","urlTemplate":"https:\/\/www.hairuwear.com\/nl\/?s={search_term_string}"},"query-input":{"@type":"PropertyValueSpecification","valueRequired":true,"valueName":"search_term_string"}}],"inLanguage":"pl-PL"},{"@type":"Organization","@id":"https:\/\/www.hairuwear.com\/nl\/#organization","name":"HairUWear","url":"https:\/\/www.hairuwear.com\/nl\/","logo":{"@type":"ImageObject","inLanguage":"pl-PL","@id":"https:\/\/www.hairuwear.com\/nl\/#\/schema\/logo\/image\/","url":"https:\/\/hairuwear.com\/wp-content\/uploads\/2024\/02\/HUW-logo-black-square.jpg","contentUrl":"https:\/\/hairuwear.com\/wp-content\/uploads\/2024\/02\/HUW-logo-black-square.jpg","width":1000,"height":1000,"caption":"HairUWear"},"image":{"@id":"https:\/\/www.hairuwear.com\/nl\/#\/schema\/logo\/image\/"},"sameAs":["https:\/\/www.facebook.com\/HairUWearINC","https:\/\/www.instagram.com\/hairuwear_inc\/","https:\/\/www.youtube.com\/channel\/UCooHA3ZvNM3CfbjxHAUUZlg","https:\/\/www.linkedin.com\/company\/hairuwear\/","https:\/\/www.pinterest.com\/hairuwear\/?invite_code=060417bbf4384977ac59e5e49e9e2f4a"]}]}},"_links":{"self":[{"href":"https:\/\/www.hairuwear.com\/pl\/wp-json\/wp\/v2\/product\/287138","targetHints":{"allow":["GET"]}}],"collection":[{"href":"https:\/\/www.hairuwear.com\/pl\/wp-json\/wp\/v2\/product"}],"about":[{"href":"https:\/\/www.hairuwear.com\/pl\/wp-json\/wp\/v2\/types\/product"}],"version-history":[{"count":1,"href":"https:\/\/www.hairuwear.com\/pl\/wp-json\/wp\/v2\/product\/287138\/revisions"}],"predecessor-version":[{"id":287144,"href":"https:\/\/www.hairuwear.com\/pl\/wp-json\/wp\/v2\/product\/287138\/revisions\/287144"}],"wp:featuredmedia":[{"embeddable":true,"href":"https:\/\/www.hairuwear.com\/pl\/wp-json\/wp\/v2\/media\/287140"}],"wp:attachment":[{"href":"https:\/\/www.hairuwear.com\/pl\/wp-json\/wp\/v2\/media?parent=287138"}],"wp:term":[{"taxonomy":"product_brand","embeddable":true,"href":"https:\/\/www.hairuwear.com\/pl\/wp-json\/wp\/v2\/product_brand?post=287138"},{"taxonomy":"product_cat","embeddable":true,"href":"https:\/\/www.hairuwear.com\/pl\/wp-json\/wp\/v2\/product_cat?post=287138"},{"taxonomy":"product_tag","embeddable":true,"href":"https:\/\/www.hairuwear.com\/pl\/wp-json\/wp\/v2\/product_tag?post=287138"}],"curies":[{"name":"wp","href":"https:\/\/api.w.org\/{rel}","templated":true}]}}