{"id":47245,"date":"2023-06-23T10:15:10","date_gmt":"2023-06-23T15:15:10","guid":{"rendered":"https:\/\/live-huw-2023.pantheonsite.io\/?post_type=product&#038;p=47245"},"modified":"2023-09-20T09:34:54","modified_gmt":"2023-09-20T14:34:54","slug":"tousled-with-love","status":"publish","type":"product","link":"https:\/\/www.hairuwear.com\/pl\/product\/tousled-with-love\/","title":{"rendered":"Tousled With Love"},"content":{"rendered":"<div id=\"content-desktop\">\n<div id='gallery-1' class='gallery galleryid-47245 gallery-columns-6 gallery-size-full'><figure class='gallery-item'>\n\t\t\t<div class='gallery-icon landscape'>\n\t\t\t\t<img fetchpriority=\"high\" decoding=\"async\" width=\"350\" height=\"350\" src=\"https:\/\/www.hairuwear.com\/wp-content\/uploads\/2022\/04\/Tru2Life-R4-midnight-brown-swatch.jpg\" class=\"attachment-full size-full\" alt=\"R4 Midnight Brown\" aria-describedby=\"gallery-1-27465\" \/>\n\t\t\t<\/div>\n\t\t\t\t<figcaption class='wp-caption-text gallery-caption' id='gallery-1-27465'>\n\t\t\t\tR4 Midnight Brown\n\t\t\t\t<\/figcaption><\/figure><figure class='gallery-item'>\n\t\t\t<div class='gallery-icon landscape'>\n\t\t\t\t<img decoding=\"async\" width=\"350\" height=\"350\" src=\"https:\/\/www.hairuwear.com\/wp-content\/uploads\/2022\/04\/Tru2Life-R6-dark-chocolate-swatch.jpg\" class=\"attachment-full size-full\" alt=\"R6 Dark Chocolate\" aria-describedby=\"gallery-1-27467\" \/>\n\t\t\t<\/div>\n\t\t\t\t<figcaption class='wp-caption-text gallery-caption' id='gallery-1-27467'>\n\t\t\t\tR6 Dark Chocolate\n\t\t\t\t<\/figcaption><\/figure><figure class='gallery-item'>\n\t\t\t<div class='gallery-icon landscape'>\n\t\t\t\t<img decoding=\"async\" width=\"350\" height=\"350\" src=\"https:\/\/www.hairuwear.com\/wp-content\/uploads\/2023\/06\/HD-Tru2Life-R10-Chestnut.jpg\" class=\"attachment-full size-full\" alt=\"R10 Chestnut\" aria-describedby=\"gallery-1-46521\" \/>\n\t\t\t<\/div>\n\t\t\t\t<figcaption class='wp-caption-text gallery-caption' id='gallery-1-46521'>\n\t\t\t\tR10 Chestnut\n\t\t\t\t<\/figcaption><\/figure><figure class='gallery-item'>\n\t\t\t<div class='gallery-icon landscape'>\n\t\t\t\t<img loading=\"lazy\" decoding=\"async\" width=\"350\" height=\"350\" src=\"https:\/\/www.hairuwear.com\/wp-content\/uploads\/2022\/04\/HD-tru2life-R12T-PECAN-BROWN-swatch.jpg\" class=\"attachment-full size-full\" alt=\"R12T Pecan Brown\" aria-describedby=\"gallery-1-27471\" \/>\n\t\t\t<\/div>\n\t\t\t\t<figcaption class='wp-caption-text gallery-caption' id='gallery-1-27471'>\n\t\t\t\tR12T Pecan Brown\n\t\t\t\t<\/figcaption><\/figure><figure class='gallery-item'>\n\t\t\t<div class='gallery-icon landscape'>\n\t\t\t\t<img loading=\"lazy\" decoding=\"async\" width=\"350\" height=\"350\" src=\"https:\/\/www.hairuwear.com\/wp-content\/uploads\/2022\/04\/Tru2Life-R27T-ginger-red-swatch.jpg\" class=\"attachment-full size-full\" alt=\"R27T Ginger Red\" aria-describedby=\"gallery-1-27483\" \/>\n\t\t\t<\/div>\n\t\t\t\t<figcaption class='wp-caption-text gallery-caption' id='gallery-1-27483'>\n\t\t\t\tR27T Ginger Red\n\t\t\t\t<\/figcaption><\/figure><figure class='gallery-item'>\n\t\t\t<div class='gallery-icon landscape'>\n\t\t\t\t<img loading=\"lazy\" decoding=\"async\" width=\"350\" height=\"350\" src=\"https:\/\/www.hairuwear.com\/wp-content\/uploads\/2022\/04\/Tru2Life-R1416T-buttered-toast-swatch.jpg\" class=\"attachment-full size-full\" alt=\"R1416T Buttered Toast\" aria-describedby=\"gallery-1-27497\" \/>\n\t\t\t<\/div>\n\t\t\t\t<figcaption class='wp-caption-text gallery-caption' id='gallery-1-27497'>\n\t\t\t\tR1416T Buttered Toast\n\t\t\t\t<\/figcaption><\/figure><figure class='gallery-item'>\n\t\t\t<div class='gallery-icon landscape'>\n\t\t\t\t<img loading=\"lazy\" decoding=\"async\" width=\"350\" height=\"350\" src=\"https:\/\/www.hairuwear.com\/wp-content\/uploads\/2023\/06\/KIDZ-Tru2Life-R16-Honey-Blonde-swatch.jpg\" class=\"attachment-full size-full\" alt=\"R16 Honey Blonde\" aria-describedby=\"gallery-1-47184\" \/>\n\t\t\t<\/div>\n\t\t\t\t<figcaption class='wp-caption-text gallery-caption' id='gallery-1-47184'>\n\t\t\t\tR16 Honey Blonde\n\t\t\t\t<\/figcaption><\/figure><figure class='gallery-item'>\n\t\t\t<div class='gallery-icon landscape'>\n\t\t\t\t<img loading=\"lazy\" decoding=\"async\" width=\"350\" height=\"350\" src=\"https:\/\/www.hairuwear.com\/wp-content\/uploads\/2023\/06\/HD-Tru2Life-R14-88H-Golden-Wheat.jpg\" class=\"attachment-full size-full\" alt=\"R14\/88H Golden Wheat\" aria-describedby=\"gallery-1-46557\" \/>\n\t\t\t<\/div>\n\t\t\t\t<figcaption class='wp-caption-text gallery-caption' id='gallery-1-46557'>\n\t\t\t\tR14\/88H Golden Wheat\n\t\t\t\t<\/figcaption><\/figure>\n\t\t<\/div>\n\n<\/div>\n<div id=\"content-mobile\">\n<div id='gallery-2' class='gallery galleryid-47245 gallery-columns-3 gallery-size-thumbnail'><figure class='gallery-item'>\n\t\t\t<div class='gallery-icon landscape'>\n\t\t\t\t<img loading=\"lazy\" decoding=\"async\" width=\"150\" height=\"150\" src=\"https:\/\/www.hairuwear.com\/wp-content\/uploads\/2022\/04\/Tru2Life-R4-midnight-brown-swatch-150x150.jpg\" class=\"attachment-thumbnail size-thumbnail\" alt=\"R4 Midnight Brown\" aria-describedby=\"gallery-2-27465\" \/>\n\t\t\t<\/div>\n\t\t\t\t<figcaption class='wp-caption-text gallery-caption' id='gallery-2-27465'>\n\t\t\t\tR4 Midnight Brown\n\t\t\t\t<\/figcaption><\/figure><figure class='gallery-item'>\n\t\t\t<div class='gallery-icon landscape'>\n\t\t\t\t<img loading=\"lazy\" decoding=\"async\" width=\"150\" height=\"150\" src=\"https:\/\/www.hairuwear.com\/wp-content\/uploads\/2022\/04\/Tru2Life-R6-dark-chocolate-swatch-150x150.jpg\" class=\"attachment-thumbnail size-thumbnail\" alt=\"R6 Dark Chocolate\" aria-describedby=\"gallery-2-27467\" \/>\n\t\t\t<\/div>\n\t\t\t\t<figcaption class='wp-caption-text gallery-caption' id='gallery-2-27467'>\n\t\t\t\tR6 Dark Chocolate\n\t\t\t\t<\/figcaption><\/figure><figure class='gallery-item'>\n\t\t\t<div class='gallery-icon landscape'>\n\t\t\t\t<img loading=\"lazy\" decoding=\"async\" width=\"150\" height=\"150\" src=\"https:\/\/www.hairuwear.com\/wp-content\/uploads\/2023\/06\/HD-Tru2Life-R10-Chestnut-150x150.jpg\" class=\"attachment-thumbnail size-thumbnail\" alt=\"R10 Chestnut\" aria-describedby=\"gallery-2-46521\" \/>\n\t\t\t<\/div>\n\t\t\t\t<figcaption class='wp-caption-text gallery-caption' id='gallery-2-46521'>\n\t\t\t\tR10 Chestnut\n\t\t\t\t<\/figcaption><\/figure><figure class='gallery-item'>\n\t\t\t<div class='gallery-icon landscape'>\n\t\t\t\t<img loading=\"lazy\" decoding=\"async\" width=\"150\" height=\"150\" src=\"https:\/\/www.hairuwear.com\/wp-content\/uploads\/2022\/04\/HD-tru2life-R12T-PECAN-BROWN-swatch-150x150.jpg\" class=\"attachment-thumbnail size-thumbnail\" alt=\"R12T Pecan Brown\" aria-describedby=\"gallery-2-27471\" \/>\n\t\t\t<\/div>\n\t\t\t\t<figcaption class='wp-caption-text gallery-caption' id='gallery-2-27471'>\n\t\t\t\tR12T Pecan Brown\n\t\t\t\t<\/figcaption><\/figure><figure class='gallery-item'>\n\t\t\t<div class='gallery-icon landscape'>\n\t\t\t\t<img loading=\"lazy\" decoding=\"async\" width=\"150\" height=\"150\" src=\"https:\/\/www.hairuwear.com\/wp-content\/uploads\/2022\/04\/Tru2Life-R27T-ginger-red-swatch-150x150.jpg\" class=\"attachment-thumbnail size-thumbnail\" alt=\"R27T Ginger Red\" aria-describedby=\"gallery-2-27483\" \/>\n\t\t\t<\/div>\n\t\t\t\t<figcaption class='wp-caption-text gallery-caption' id='gallery-2-27483'>\n\t\t\t\tR27T Ginger Red\n\t\t\t\t<\/figcaption><\/figure><figure class='gallery-item'>\n\t\t\t<div class='gallery-icon landscape'>\n\t\t\t\t<img loading=\"lazy\" decoding=\"async\" width=\"150\" height=\"150\" src=\"https:\/\/www.hairuwear.com\/wp-content\/uploads\/2022\/04\/Tru2Life-R1416T-buttered-toast-swatch-150x150.jpg\" class=\"attachment-thumbnail size-thumbnail\" alt=\"R1416T Buttered Toast\" aria-describedby=\"gallery-2-27497\" \/>\n\t\t\t<\/div>\n\t\t\t\t<figcaption class='wp-caption-text gallery-caption' id='gallery-2-27497'>\n\t\t\t\tR1416T Buttered Toast\n\t\t\t\t<\/figcaption><\/figure><figure class='gallery-item'>\n\t\t\t<div class='gallery-icon landscape'>\n\t\t\t\t<img loading=\"lazy\" decoding=\"async\" width=\"150\" height=\"150\" src=\"https:\/\/www.hairuwear.com\/wp-content\/uploads\/2023\/06\/KIDZ-Tru2Life-R16-Honey-Blonde-swatch-150x150.jpg\" class=\"attachment-thumbnail size-thumbnail\" alt=\"R16 Honey Blonde\" aria-describedby=\"gallery-2-47184\" \/>\n\t\t\t<\/div>\n\t\t\t\t<figcaption class='wp-caption-text gallery-caption' id='gallery-2-47184'>\n\t\t\t\tR16 Honey Blonde\n\t\t\t\t<\/figcaption><\/figure><figure class='gallery-item'>\n\t\t\t<div class='gallery-icon landscape'>\n\t\t\t\t<img loading=\"lazy\" decoding=\"async\" width=\"150\" height=\"150\" src=\"https:\/\/www.hairuwear.com\/wp-content\/uploads\/2023\/06\/HD-Tru2Life-R14-88H-Golden-Wheat-150x150.jpg\" class=\"attachment-thumbnail size-thumbnail\" alt=\"R14\/88H Golden Wheat\" aria-describedby=\"gallery-2-46557\" \/>\n\t\t\t<\/div>\n\t\t\t\t<figcaption class='wp-caption-text gallery-caption' id='gallery-2-46557'>\n\t\t\t\tR14\/88H Golden Wheat\n\t\t\t\t<\/figcaption><\/figure>\n\t\t<\/div>\n\n<\/div>","protected":false},"excerpt":{"rendered":"<p>Soft natural waves in a casual crop. What\u2019s not to love? She\u2019ll instantly adore this easygoing style for its familiar texture and flawless features.<\/p>\n<hr \/>\n<p>Koronkowy prz\u00f3d<br \/>\nCz\u0119\u015b\u0107 monofilamentowa<br \/>\nZak\u0142adki na uszy wy\u015bcie\u0142ane aksamitem<br \/>\nVelvet-Lined Nape<br \/>\n<a href=\"\/pl\/hairdo\/hair-types\/#HD-tru2life\" target=\"_blank\" rel=\"noopener\">W\u0142osy syntetyczne Tru2Life\u00ae przyjazne dla ciep\u0142a<\/a><\/p>\n<hr \/>\n<p>Head Size: Ultra Petite<\/p>\n<hr \/>\n<p>Front: 10\u00bd\u201d<\/p>\n<hr \/>\n<p>Crown: 11\u00bd\u201d<\/p>\n<hr \/>\n<p>Sides: 8\u00bc\u201d<\/p>\n<hr \/>\n<p>Back: 9\u00bc\u201d<\/p>\n<hr \/>\n<p>Nape: 4\u2033<\/p>\n<hr \/>\n<p>Weight: 2.7 oz.<\/p>","protected":false},"featured_media":47247,"template":"","meta":[],"product_brand":[163],"product_cat":[209,174,181],"product_tag":[],"class_list":{"0":"post-47245","1":"product","2":"type-product","3":"status-publish","4":"has-post-thumbnail","6":"product_brand-kidz-hairdo","7":"product_cat-view-all","8":"product_cat-hairdo","9":"product_cat-hd-kidz","10":"pa_application-type-ready-to-wear","11":"pa_brand-hairdo","12":"pa_brand-kidz-by-hairdo","13":"pa_cap-size-ultra-petite","14":"pa_categories-wigs","15":"pa_color-family-blonde","16":"pa_color-family-brunette","17":"pa_color-family-red","18":"pa_department-children","19":"pa_hair-type-heat-styleable-synthetic","20":"pa_wig-features-lace-front","21":"pa_wig-features-monofilament","22":"pa_wig-length-mid-length","23":"pa_wig-length-short","24":"pa_wig-style-wavy","27":"first","28":"instock","29":"shipping-taxable","30":"product-type-simple"},"yoast_head":"<!-- This site is optimized with the Yoast SEO plugin v25.3.1 - https:\/\/yoast.com\/wordpress\/plugins\/seo\/ -->\n<title>Tousled With Love - HairUWear<\/title>\n<meta name=\"description\" content=\"Soft natural waves in a casual crop. What\u2019s not to love? She\u2019ll instantly adore this easygoing style for its familiar texture and flawless features.\" \/>\n<meta name=\"robots\" content=\"index, follow, max-snippet:-1, max-image-preview:large, max-video-preview:-1\" \/>\n<link rel=\"canonical\" href=\"http:\/\/www.hairuwear.com\/pl\/product\/tousled-with-love\/\" \/>\n<meta property=\"og:locale\" content=\"pl_PL\" \/>\n<meta property=\"og:type\" content=\"article\" \/>\n<meta property=\"og:title\" content=\"Tousled With Love - HairUWear\" \/>\n<meta property=\"og:description\" content=\"Soft natural waves in a casual crop. What\u2019s not to love? She\u2019ll instantly adore this easygoing style for its familiar texture and flawless features.\" \/>\n<meta property=\"og:url\" content=\"http:\/\/www.hairuwear.com\/pl\/product\/tousled-with-love\/\" \/>\n<meta property=\"og:site_name\" content=\"HairUWear\" \/>\n<meta property=\"article:publisher\" content=\"https:\/\/www.facebook.com\/HairUWearINC\" \/>\n<meta property=\"article:modified_time\" content=\"2023-09-20T14:34:54+00:00\" \/>\n<meta property=\"og:image\" content=\"http:\/\/www.hairuwear.com\/wp-content\/uploads\/2023\/06\/KIDZ-Tousled-With-Love-Model-Front-2-scaled.jpg\" \/>\n\t<meta property=\"og:image:width\" content=\"2046\" \/>\n\t<meta property=\"og:image:height\" content=\"2560\" \/>\n\t<meta property=\"og:image:type\" content=\"image\/jpeg\" \/>\n<meta name=\"twitter:card\" content=\"summary_large_image\" \/>\n<meta name=\"twitter:label1\" content=\"Est. reading time\" \/>\n\t<meta name=\"twitter:data1\" content=\"1 minute\" \/>\n<script type=\"application\/ld+json\" class=\"yoast-schema-graph\">{\"@context\":\"https:\/\/schema.org\",\"@graph\":[{\"@type\":\"WebPage\",\"@id\":\"http:\/\/www.hairuwear.com\/product\/tousled-with-love\/\",\"url\":\"http:\/\/www.hairuwear.com\/product\/tousled-with-love\/\",\"name\":\"Tousled With Love - HairUWear\",\"isPartOf\":{\"@id\":\"https:\/\/www.hairuwear.com\/nl\/#website\"},\"primaryImageOfPage\":{\"@id\":\"http:\/\/www.hairuwear.com\/product\/tousled-with-love\/#primaryimage\"},\"image\":{\"@id\":\"http:\/\/www.hairuwear.com\/product\/tousled-with-love\/#primaryimage\"},\"thumbnailUrl\":\"https:\/\/www.hairuwear.com\/wp-content\/uploads\/2023\/06\/KIDZ-Tousled-With-Love-Model-Front-2-scaled.jpg\",\"datePublished\":\"2023-06-23T15:15:10+00:00\",\"dateModified\":\"2023-09-20T14:34:54+00:00\",\"description\":\"Soft natural waves in a casual crop. What\u2019s not to love? She\u2019ll instantly adore this easygoing style for its familiar texture and flawless features.\",\"breadcrumb\":{\"@id\":\"http:\/\/www.hairuwear.com\/product\/tousled-with-love\/#breadcrumb\"},\"inLanguage\":\"pl-PL\",\"potentialAction\":[{\"@type\":\"ReadAction\",\"target\":[\"http:\/\/www.hairuwear.com\/product\/tousled-with-love\/\"]}]},{\"@type\":\"ImageObject\",\"inLanguage\":\"pl-PL\",\"@id\":\"http:\/\/www.hairuwear.com\/product\/tousled-with-love\/#primaryimage\",\"url\":\"https:\/\/www.hairuwear.com\/wp-content\/uploads\/2023\/06\/KIDZ-Tousled-With-Love-Model-Front-2-scaled.jpg\",\"contentUrl\":\"https:\/\/www.hairuwear.com\/wp-content\/uploads\/2023\/06\/KIDZ-Tousled-With-Love-Model-Front-2-scaled.jpg\",\"width\":2046,\"height\":2560,\"caption\":\"Tousled With Love in R27T Ginger Red\"},{\"@type\":\"BreadcrumbList\",\"@id\":\"http:\/\/www.hairuwear.com\/product\/tousled-with-love\/#breadcrumb\",\"itemListElement\":[{\"@type\":\"ListItem\",\"position\":1,\"name\":\"Home\",\"item\":\"https:\/\/www.hairuwear.com\/\"},{\"@type\":\"ListItem\",\"position\":2,\"name\":\"Products &#038; Solutions\",\"item\":\"https:\/\/www.hairuwear.com\/es\/products-solutions\/\"},{\"@type\":\"ListItem\",\"position\":3,\"name\":\"Tousled With Love\"}]},{\"@type\":\"WebSite\",\"@id\":\"https:\/\/www.hairuwear.com\/nl\/#website\",\"url\":\"https:\/\/www.hairuwear.com\/nl\/\",\"name\":\"HairUWear\",\"description\":\"We inspire women and men throughout the world to see all the possibilities of alternative hair.\",\"publisher\":{\"@id\":\"https:\/\/www.hairuwear.com\/nl\/#organization\"},\"potentialAction\":[{\"@type\":\"SearchAction\",\"target\":{\"@type\":\"EntryPoint\",\"urlTemplate\":\"https:\/\/www.hairuwear.com\/nl\/?s={search_term_string}\"},\"query-input\":{\"@type\":\"PropertyValueSpecification\",\"valueRequired\":true,\"valueName\":\"search_term_string\"}}],\"inLanguage\":\"pl-PL\"},{\"@type\":\"Organization\",\"@id\":\"https:\/\/www.hairuwear.com\/nl\/#organization\",\"name\":\"HairUWear\",\"url\":\"https:\/\/www.hairuwear.com\/nl\/\",\"logo\":{\"@type\":\"ImageObject\",\"inLanguage\":\"pl-PL\",\"@id\":\"https:\/\/www.hairuwear.com\/nl\/#\/schema\/logo\/image\/\",\"url\":\"https:\/\/hairuwear.com\/wp-content\/uploads\/2024\/02\/HUW-logo-black-square.jpg\",\"contentUrl\":\"https:\/\/hairuwear.com\/wp-content\/uploads\/2024\/02\/HUW-logo-black-square.jpg\",\"width\":1000,\"height\":1000,\"caption\":\"HairUWear\"},\"image\":{\"@id\":\"https:\/\/www.hairuwear.com\/nl\/#\/schema\/logo\/image\/\"},\"sameAs\":[\"https:\/\/www.facebook.com\/HairUWearINC\",\"https:\/\/www.instagram.com\/hairuwear_inc\/\",\"https:\/\/www.youtube.com\/channel\/UCooHA3ZvNM3CfbjxHAUUZlg\",\"https:\/\/www.linkedin.com\/company\/hairuwear\/\",\"https:\/\/www.pinterest.com\/hairuwear\/?invite_code=060417bbf4384977ac59e5e49e9e2f4a\"]}]}<\/script>\n<!-- \/ Yoast SEO plugin. -->","yoast_head_json":{"title":"Tousled With Love - HairUWear","description":"Soft natural waves in a casual crop. What\u2019s not to love? She\u2019ll instantly adore this easygoing style for its familiar texture and flawless features.","robots":{"index":"index","follow":"follow","max-snippet":"max-snippet:-1","max-image-preview":"max-image-preview:large","max-video-preview":"max-video-preview:-1"},"canonical":"http:\/\/www.hairuwear.com\/pl\/product\/tousled-with-love\/","og_locale":"pl_PL","og_type":"article","og_title":"Tousled With Love - HairUWear","og_description":"Soft natural waves in a casual crop. What\u2019s not to love? She\u2019ll instantly adore this easygoing style for its familiar texture and flawless features.","og_url":"http:\/\/www.hairuwear.com\/pl\/product\/tousled-with-love\/","og_site_name":"HairUWear","article_publisher":"https:\/\/www.facebook.com\/HairUWearINC","article_modified_time":"2023-09-20T14:34:54+00:00","og_image":[{"width":2046,"height":2560,"url":"http:\/\/www.hairuwear.com\/wp-content\/uploads\/2023\/06\/KIDZ-Tousled-With-Love-Model-Front-2-scaled.jpg","type":"image\/jpeg"}],"twitter_card":"summary_large_image","twitter_misc":{"Est. reading time":"1 minute"},"schema":{"@context":"https:\/\/schema.org","@graph":[{"@type":"WebPage","@id":"http:\/\/www.hairuwear.com\/product\/tousled-with-love\/","url":"http:\/\/www.hairuwear.com\/product\/tousled-with-love\/","name":"Tousled With Love - HairUWear","isPartOf":{"@id":"https:\/\/www.hairuwear.com\/nl\/#website"},"primaryImageOfPage":{"@id":"http:\/\/www.hairuwear.com\/product\/tousled-with-love\/#primaryimage"},"image":{"@id":"http:\/\/www.hairuwear.com\/product\/tousled-with-love\/#primaryimage"},"thumbnailUrl":"https:\/\/www.hairuwear.com\/wp-content\/uploads\/2023\/06\/KIDZ-Tousled-With-Love-Model-Front-2-scaled.jpg","datePublished":"2023-06-23T15:15:10+00:00","dateModified":"2023-09-20T14:34:54+00:00","description":"Soft natural waves in a casual crop. What\u2019s not to love? She\u2019ll instantly adore this easygoing style for its familiar texture and flawless features.","breadcrumb":{"@id":"http:\/\/www.hairuwear.com\/product\/tousled-with-love\/#breadcrumb"},"inLanguage":"pl-PL","potentialAction":[{"@type":"ReadAction","target":["http:\/\/www.hairuwear.com\/product\/tousled-with-love\/"]}]},{"@type":"ImageObject","inLanguage":"pl-PL","@id":"http:\/\/www.hairuwear.com\/product\/tousled-with-love\/#primaryimage","url":"https:\/\/www.hairuwear.com\/wp-content\/uploads\/2023\/06\/KIDZ-Tousled-With-Love-Model-Front-2-scaled.jpg","contentUrl":"https:\/\/www.hairuwear.com\/wp-content\/uploads\/2023\/06\/KIDZ-Tousled-With-Love-Model-Front-2-scaled.jpg","width":2046,"height":2560,"caption":"Tousled With Love in R27T Ginger Red"},{"@type":"BreadcrumbList","@id":"http:\/\/www.hairuwear.com\/product\/tousled-with-love\/#breadcrumb","itemListElement":[{"@type":"ListItem","position":1,"name":"Home","item":"https:\/\/www.hairuwear.com\/"},{"@type":"ListItem","position":2,"name":"Products &#038; Solutions","item":"https:\/\/www.hairuwear.com\/es\/products-solutions\/"},{"@type":"ListItem","position":3,"name":"Tousled With Love"}]},{"@type":"WebSite","@id":"https:\/\/www.hairuwear.com\/nl\/#website","url":"https:\/\/www.hairuwear.com\/nl\/","name":"HairUWear","description":"We inspire women and men throughout the world to see all the possibilities of alternative hair.","publisher":{"@id":"https:\/\/www.hairuwear.com\/nl\/#organization"},"potentialAction":[{"@type":"SearchAction","target":{"@type":"EntryPoint","urlTemplate":"https:\/\/www.hairuwear.com\/nl\/?s={search_term_string}"},"query-input":{"@type":"PropertyValueSpecification","valueRequired":true,"valueName":"search_term_string"}}],"inLanguage":"pl-PL"},{"@type":"Organization","@id":"https:\/\/www.hairuwear.com\/nl\/#organization","name":"HairUWear","url":"https:\/\/www.hairuwear.com\/nl\/","logo":{"@type":"ImageObject","inLanguage":"pl-PL","@id":"https:\/\/www.hairuwear.com\/nl\/#\/schema\/logo\/image\/","url":"https:\/\/hairuwear.com\/wp-content\/uploads\/2024\/02\/HUW-logo-black-square.jpg","contentUrl":"https:\/\/hairuwear.com\/wp-content\/uploads\/2024\/02\/HUW-logo-black-square.jpg","width":1000,"height":1000,"caption":"HairUWear"},"image":{"@id":"https:\/\/www.hairuwear.com\/nl\/#\/schema\/logo\/image\/"},"sameAs":["https:\/\/www.facebook.com\/HairUWearINC","https:\/\/www.instagram.com\/hairuwear_inc\/","https:\/\/www.youtube.com\/channel\/UCooHA3ZvNM3CfbjxHAUUZlg","https:\/\/www.linkedin.com\/company\/hairuwear\/","https:\/\/www.pinterest.com\/hairuwear\/?invite_code=060417bbf4384977ac59e5e49e9e2f4a"]}]}},"_links":{"self":[{"href":"https:\/\/www.hairuwear.com\/pl\/wp-json\/wp\/v2\/product\/47245","targetHints":{"allow":["GET"]}}],"collection":[{"href":"https:\/\/www.hairuwear.com\/pl\/wp-json\/wp\/v2\/product"}],"about":[{"href":"https:\/\/www.hairuwear.com\/pl\/wp-json\/wp\/v2\/types\/product"}],"version-history":[{"count":4,"href":"https:\/\/www.hairuwear.com\/pl\/wp-json\/wp\/v2\/product\/47245\/revisions"}],"predecessor-version":[{"id":47289,"href":"https:\/\/www.hairuwear.com\/pl\/wp-json\/wp\/v2\/product\/47245\/revisions\/47289"}],"wp:featuredmedia":[{"embeddable":true,"href":"https:\/\/www.hairuwear.com\/pl\/wp-json\/wp\/v2\/media\/47247"}],"wp:attachment":[{"href":"https:\/\/www.hairuwear.com\/pl\/wp-json\/wp\/v2\/media?parent=47245"}],"wp:term":[{"taxonomy":"product_brand","embeddable":true,"href":"https:\/\/www.hairuwear.com\/pl\/wp-json\/wp\/v2\/product_brand?post=47245"},{"taxonomy":"product_cat","embeddable":true,"href":"https:\/\/www.hairuwear.com\/pl\/wp-json\/wp\/v2\/product_cat?post=47245"},{"taxonomy":"product_tag","embeddable":true,"href":"https:\/\/www.hairuwear.com\/pl\/wp-json\/wp\/v2\/product_tag?post=47245"}],"curies":[{"name":"wp","href":"https:\/\/api.w.org\/{rel}","templated":true}]}}