{"id":56161,"date":"2023-07-28T11:20:14","date_gmt":"2023-07-28T16:20:14","guid":{"rendered":"https:\/\/live-huw-2023.pantheonsite.io\/?post_type=product&#038;p=56161"},"modified":"2024-03-11T09:24:48","modified_gmt":"2024-03-11T14:24:48","slug":"blue-babe","status":"publish","type":"product","link":"https:\/\/www.hairuwear.com\/pl\/product\/blue-babe\/","title":{"rendered":"Blue Babe"},"content":{"rendered":"","protected":false},"excerpt":{"rendered":"<p>This sweetheart of an angled bob in a tart blue raspberry shade is more than just eye candy with its monofilament part and lace front hairline. It\u2019s a sugary treat of a dream \u2018do that you can make your own. Heat style the Tru2Life synthetic hair for a look that\u2019s sleek and straight.<\/p>\n<hr \/>\n<p>Temple-To-Temple Lace Front<br \/>\nCz\u0119\u015b\u0107 monofilamentowa<br \/>\nZak\u0142adki na uszy wy\u015bcie\u0142ane aksamitem<br \/>\nPrzed\u0142u\u017cony karczek z aksamitn\u0105 podszewk\u0105<br \/>\n<a href=\"\/pl\/hairdo\/hair-types\/#HD-tru2life\" target=\"_blank\" rel=\"noopener\">W\u0142osy syntetyczne Tru2Life\u00ae przyjazne dla ciep\u0142a<\/a><\/p>\n<hr \/>\n<p>Rozmiar kapsla: \u015aredni<\/p>\n<hr \/>\n<p>Front: 14\u00bd\u201d<\/p>\n<hr \/>\n<p>Crown: 12\u00bd\u201d<\/p>\n<hr \/>\n<p>Sides: 8\u00bd\u2033<\/p>\n<hr \/>\n<p>Back: 9\u00bd\u2033<\/p>\n<hr \/>\n<p>Nape: 4\u2033<\/p>\n<hr \/>\n<p>Waga: 4,9 uncji<\/p>","protected":false},"featured_media":52959,"template":"","meta":[],"product_brand":[161],"product_cat":[209,174,179],"product_tag":[],"class_list":{"0":"post-56161","1":"product","2":"type-product","3":"status-publish","4":"has-post-thumbnail","6":"product_brand-hairdo","7":"product_cat-view-all","8":"product_cat-hairdo","9":"product_cat-hd-fantasy-wigs","10":"pa_application-type-ready-to-wear","11":"pa_brand-hairdo","12":"pa_cap-size-average","13":"pa_categories-wigs","14":"pa_color-family-fantasy-colors","15":"pa_department-women","16":"pa_hair-type-heat-styleable-synthetic","17":"pa_wig-features-lace-front","18":"pa_wig-features-monofilament","19":"pa_wig-length-mid-length","20":"pa_wig-style-wavy","23":"first","24":"instock","25":"shipping-taxable","26":"product-type-simple"},"yoast_head":"<!-- This site is optimized with the Yoast SEO plugin v25.3.1 - https:\/\/yoast.com\/wordpress\/plugins\/seo\/ -->\n<title>Blue Babe - HairUWear<\/title>\n<meta name=\"description\" content=\"This sweetheart of an angled bob in a tart blue raspberry shade is more than just eye candy with its monofilament part and lace front hairline. It\u2019s a sugary treat of a dream \u2018do that you can make your own. Heat style the Tru2Life synthetic hair for a look that\u2019s sleek and straight.\" \/>\n<meta name=\"robots\" content=\"index, follow, max-snippet:-1, max-image-preview:large, max-video-preview:-1\" \/>\n<link rel=\"canonical\" href=\"https:\/\/www.hairuwear.com\/pl\/product\/blue-babe\/\" \/>\n<meta property=\"og:locale\" content=\"pl_PL\" \/>\n<meta property=\"og:type\" content=\"article\" \/>\n<meta property=\"og:title\" content=\"Blue Babe - HairUWear\" \/>\n<meta property=\"og:description\" content=\"This sweetheart of an angled bob in a tart blue raspberry shade is more than just eye candy with its monofilament part and lace front hairline. It\u2019s a sugary treat of a dream \u2018do that you can make your own. Heat style the Tru2Life synthetic hair for a look that\u2019s sleek and straight.\" \/>\n<meta property=\"og:url\" content=\"https:\/\/www.hairuwear.com\/pl\/product\/blue-babe\/\" \/>\n<meta property=\"og:site_name\" content=\"HairUWear\" \/>\n<meta property=\"article:publisher\" content=\"https:\/\/www.facebook.com\/HairUWearINC\" \/>\n<meta property=\"article:modified_time\" content=\"2024-03-11T14:24:48+00:00\" \/>\n<meta property=\"og:image\" content=\"https:\/\/www.hairuwear.com\/wp-content\/uploads\/2023\/07\/HD-Blue-Babe-Model-2-Front-2-model-2-scaled.jpg\" \/>\n\t<meta property=\"og:image:width\" content=\"2046\" \/>\n\t<meta property=\"og:image:height\" content=\"2560\" \/>\n\t<meta property=\"og:image:type\" content=\"image\/jpeg\" \/>\n<meta name=\"twitter:card\" content=\"summary_large_image\" \/>\n<script type=\"application\/ld+json\" class=\"yoast-schema-graph\">{\"@context\":\"https:\/\/schema.org\",\"@graph\":[{\"@type\":\"WebPage\",\"@id\":\"https:\/\/www.hairuwear.com\/it\/product\/blue-babe\/\",\"url\":\"https:\/\/www.hairuwear.com\/it\/product\/blue-babe\/\",\"name\":\"Blue Babe - HairUWear\",\"isPartOf\":{\"@id\":\"https:\/\/www.hairuwear.com\/nl\/#website\"},\"primaryImageOfPage\":{\"@id\":\"https:\/\/www.hairuwear.com\/it\/product\/blue-babe\/#primaryimage\"},\"image\":{\"@id\":\"https:\/\/www.hairuwear.com\/it\/product\/blue-babe\/#primaryimage\"},\"thumbnailUrl\":\"https:\/\/www.hairuwear.com\/wp-content\/uploads\/2023\/07\/HD-Blue-Babe-Model-2-Front-2-model-2-scaled.jpg\",\"datePublished\":\"2023-07-28T16:20:14+00:00\",\"dateModified\":\"2024-03-11T14:24:48+00:00\",\"description\":\"This sweetheart of an angled bob in a tart blue raspberry shade is more than just eye candy with its monofilament part and lace front hairline. It\u2019s a sugary treat of a dream \u2018do that you can make your own. Heat style the Tru2Life synthetic hair for a look that\u2019s sleek and straight.\",\"breadcrumb\":{\"@id\":\"https:\/\/www.hairuwear.com\/it\/product\/blue-babe\/#breadcrumb\"},\"inLanguage\":\"pl-PL\",\"potentialAction\":[{\"@type\":\"ReadAction\",\"target\":[\"https:\/\/www.hairuwear.com\/it\/product\/blue-babe\/\"]}]},{\"@type\":\"ImageObject\",\"inLanguage\":\"pl-PL\",\"@id\":\"https:\/\/www.hairuwear.com\/it\/product\/blue-babe\/#primaryimage\",\"url\":\"https:\/\/www.hairuwear.com\/wp-content\/uploads\/2023\/07\/HD-Blue-Babe-Model-2-Front-2-model-2-scaled.jpg\",\"contentUrl\":\"https:\/\/www.hairuwear.com\/wp-content\/uploads\/2023\/07\/HD-Blue-Babe-Model-2-Front-2-model-2-scaled.jpg\",\"width\":2046,\"height\":2560,\"caption\":\"Blue Babe\"},{\"@type\":\"BreadcrumbList\",\"@id\":\"https:\/\/www.hairuwear.com\/it\/product\/blue-babe\/#breadcrumb\",\"itemListElement\":[{\"@type\":\"ListItem\",\"position\":1,\"name\":\"Home\",\"item\":\"https:\/\/www.hairuwear.com\/nl\/\"},{\"@type\":\"ListItem\",\"position\":2,\"name\":\"Products &#038; Solutions\",\"item\":\"https:\/\/www.hairuwear.com\/es\/products-solutions\/\"},{\"@type\":\"ListItem\",\"position\":3,\"name\":\"Blue Babe\"}]},{\"@type\":\"WebSite\",\"@id\":\"https:\/\/www.hairuwear.com\/nl\/#website\",\"url\":\"https:\/\/www.hairuwear.com\/nl\/\",\"name\":\"HairUWear\",\"description\":\"We inspire women and men throughout the world to see all the possibilities of alternative hair.\",\"publisher\":{\"@id\":\"https:\/\/www.hairuwear.com\/nl\/#organization\"},\"potentialAction\":[{\"@type\":\"SearchAction\",\"target\":{\"@type\":\"EntryPoint\",\"urlTemplate\":\"https:\/\/www.hairuwear.com\/nl\/?s={search_term_string}\"},\"query-input\":{\"@type\":\"PropertyValueSpecification\",\"valueRequired\":true,\"valueName\":\"search_term_string\"}}],\"inLanguage\":\"pl-PL\"},{\"@type\":\"Organization\",\"@id\":\"https:\/\/www.hairuwear.com\/nl\/#organization\",\"name\":\"HairUWear\",\"url\":\"https:\/\/www.hairuwear.com\/nl\/\",\"logo\":{\"@type\":\"ImageObject\",\"inLanguage\":\"pl-PL\",\"@id\":\"https:\/\/www.hairuwear.com\/nl\/#\/schema\/logo\/image\/\",\"url\":\"https:\/\/hairuwear.com\/wp-content\/uploads\/2024\/02\/HUW-logo-black-square.jpg\",\"contentUrl\":\"https:\/\/hairuwear.com\/wp-content\/uploads\/2024\/02\/HUW-logo-black-square.jpg\",\"width\":1000,\"height\":1000,\"caption\":\"HairUWear\"},\"image\":{\"@id\":\"https:\/\/www.hairuwear.com\/nl\/#\/schema\/logo\/image\/\"},\"sameAs\":[\"https:\/\/www.facebook.com\/HairUWearINC\",\"https:\/\/www.instagram.com\/hairuwear_inc\/\",\"https:\/\/www.youtube.com\/channel\/UCooHA3ZvNM3CfbjxHAUUZlg\",\"https:\/\/www.linkedin.com\/company\/hairuwear\/\",\"https:\/\/www.pinterest.com\/hairuwear\/?invite_code=060417bbf4384977ac59e5e49e9e2f4a\"]}]}<\/script>\n<!-- \/ Yoast SEO plugin. -->","yoast_head_json":{"title":"Blue Babe - HairUWear","description":"This sweetheart of an angled bob in a tart blue raspberry shade is more than just eye candy with its monofilament part and lace front hairline. It\u2019s a sugary treat of a dream \u2018do that you can make your own. Heat style the Tru2Life synthetic hair for a look that\u2019s sleek and straight.","robots":{"index":"index","follow":"follow","max-snippet":"max-snippet:-1","max-image-preview":"max-image-preview:large","max-video-preview":"max-video-preview:-1"},"canonical":"https:\/\/www.hairuwear.com\/pl\/product\/blue-babe\/","og_locale":"pl_PL","og_type":"article","og_title":"Blue Babe - HairUWear","og_description":"This sweetheart of an angled bob in a tart blue raspberry shade is more than just eye candy with its monofilament part and lace front hairline. It\u2019s a sugary treat of a dream \u2018do that you can make your own. Heat style the Tru2Life synthetic hair for a look that\u2019s sleek and straight.","og_url":"https:\/\/www.hairuwear.com\/pl\/product\/blue-babe\/","og_site_name":"HairUWear","article_publisher":"https:\/\/www.facebook.com\/HairUWearINC","article_modified_time":"2024-03-11T14:24:48+00:00","og_image":[{"width":2046,"height":2560,"url":"https:\/\/www.hairuwear.com\/wp-content\/uploads\/2023\/07\/HD-Blue-Babe-Model-2-Front-2-model-2-scaled.jpg","type":"image\/jpeg"}],"twitter_card":"summary_large_image","schema":{"@context":"https:\/\/schema.org","@graph":[{"@type":"WebPage","@id":"https:\/\/www.hairuwear.com\/it\/product\/blue-babe\/","url":"https:\/\/www.hairuwear.com\/it\/product\/blue-babe\/","name":"Blue Babe - HairUWear","isPartOf":{"@id":"https:\/\/www.hairuwear.com\/nl\/#website"},"primaryImageOfPage":{"@id":"https:\/\/www.hairuwear.com\/it\/product\/blue-babe\/#primaryimage"},"image":{"@id":"https:\/\/www.hairuwear.com\/it\/product\/blue-babe\/#primaryimage"},"thumbnailUrl":"https:\/\/www.hairuwear.com\/wp-content\/uploads\/2023\/07\/HD-Blue-Babe-Model-2-Front-2-model-2-scaled.jpg","datePublished":"2023-07-28T16:20:14+00:00","dateModified":"2024-03-11T14:24:48+00:00","description":"This sweetheart of an angled bob in a tart blue raspberry shade is more than just eye candy with its monofilament part and lace front hairline. It\u2019s a sugary treat of a dream \u2018do that you can make your own. Heat style the Tru2Life synthetic hair for a look that\u2019s sleek and straight.","breadcrumb":{"@id":"https:\/\/www.hairuwear.com\/it\/product\/blue-babe\/#breadcrumb"},"inLanguage":"pl-PL","potentialAction":[{"@type":"ReadAction","target":["https:\/\/www.hairuwear.com\/it\/product\/blue-babe\/"]}]},{"@type":"ImageObject","inLanguage":"pl-PL","@id":"https:\/\/www.hairuwear.com\/it\/product\/blue-babe\/#primaryimage","url":"https:\/\/www.hairuwear.com\/wp-content\/uploads\/2023\/07\/HD-Blue-Babe-Model-2-Front-2-model-2-scaled.jpg","contentUrl":"https:\/\/www.hairuwear.com\/wp-content\/uploads\/2023\/07\/HD-Blue-Babe-Model-2-Front-2-model-2-scaled.jpg","width":2046,"height":2560,"caption":"Blue Babe"},{"@type":"BreadcrumbList","@id":"https:\/\/www.hairuwear.com\/it\/product\/blue-babe\/#breadcrumb","itemListElement":[{"@type":"ListItem","position":1,"name":"Home","item":"https:\/\/www.hairuwear.com\/nl\/"},{"@type":"ListItem","position":2,"name":"Products &#038; Solutions","item":"https:\/\/www.hairuwear.com\/es\/products-solutions\/"},{"@type":"ListItem","position":3,"name":"Blue Babe"}]},{"@type":"WebSite","@id":"https:\/\/www.hairuwear.com\/nl\/#website","url":"https:\/\/www.hairuwear.com\/nl\/","name":"HairUWear","description":"We inspire women and men throughout the world to see all the possibilities of alternative hair.","publisher":{"@id":"https:\/\/www.hairuwear.com\/nl\/#organization"},"potentialAction":[{"@type":"SearchAction","target":{"@type":"EntryPoint","urlTemplate":"https:\/\/www.hairuwear.com\/nl\/?s={search_term_string}"},"query-input":{"@type":"PropertyValueSpecification","valueRequired":true,"valueName":"search_term_string"}}],"inLanguage":"pl-PL"},{"@type":"Organization","@id":"https:\/\/www.hairuwear.com\/nl\/#organization","name":"HairUWear","url":"https:\/\/www.hairuwear.com\/nl\/","logo":{"@type":"ImageObject","inLanguage":"pl-PL","@id":"https:\/\/www.hairuwear.com\/nl\/#\/schema\/logo\/image\/","url":"https:\/\/hairuwear.com\/wp-content\/uploads\/2024\/02\/HUW-logo-black-square.jpg","contentUrl":"https:\/\/hairuwear.com\/wp-content\/uploads\/2024\/02\/HUW-logo-black-square.jpg","width":1000,"height":1000,"caption":"HairUWear"},"image":{"@id":"https:\/\/www.hairuwear.com\/nl\/#\/schema\/logo\/image\/"},"sameAs":["https:\/\/www.facebook.com\/HairUWearINC","https:\/\/www.instagram.com\/hairuwear_inc\/","https:\/\/www.youtube.com\/channel\/UCooHA3ZvNM3CfbjxHAUUZlg","https:\/\/www.linkedin.com\/company\/hairuwear\/","https:\/\/www.pinterest.com\/hairuwear\/?invite_code=060417bbf4384977ac59e5e49e9e2f4a"]}]}},"_links":{"self":[{"href":"https:\/\/www.hairuwear.com\/pl\/wp-json\/wp\/v2\/product\/56161","targetHints":{"allow":["GET"]}}],"collection":[{"href":"https:\/\/www.hairuwear.com\/pl\/wp-json\/wp\/v2\/product"}],"about":[{"href":"https:\/\/www.hairuwear.com\/pl\/wp-json\/wp\/v2\/types\/product"}],"version-history":[{"count":2,"href":"https:\/\/www.hairuwear.com\/pl\/wp-json\/wp\/v2\/product\/56161\/revisions"}],"predecessor-version":[{"id":139913,"href":"https:\/\/www.hairuwear.com\/pl\/wp-json\/wp\/v2\/product\/56161\/revisions\/139913"}],"wp:featuredmedia":[{"embeddable":true,"href":"https:\/\/www.hairuwear.com\/pl\/wp-json\/wp\/v2\/media\/52959"}],"wp:attachment":[{"href":"https:\/\/www.hairuwear.com\/pl\/wp-json\/wp\/v2\/media?parent=56161"}],"wp:term":[{"taxonomy":"product_brand","embeddable":true,"href":"https:\/\/www.hairuwear.com\/pl\/wp-json\/wp\/v2\/product_brand?post=56161"},{"taxonomy":"product_cat","embeddable":true,"href":"https:\/\/www.hairuwear.com\/pl\/wp-json\/wp\/v2\/product_cat?post=56161"},{"taxonomy":"product_tag","embeddable":true,"href":"https:\/\/www.hairuwear.com\/pl\/wp-json\/wp\/v2\/product_tag?post=56161"}],"curies":[{"name":"wp","href":"https:\/\/api.w.org\/{rel}","templated":true}]}}