{"id":159531,"date":"2024-04-12T11:51:02","date_gmt":"2024-04-12T16:51:02","guid":{"rendered":"https:\/\/hairuwear.com\/?page_id=159531"},"modified":"2024-09-17T15:18:05","modified_gmt":"2024-09-17T20:18:05","slug":"wig-faq","status":"publish","type":"page","link":"https:\/\/www.hairuwear.com\/pt\/wig-faq\/","title":{"rendered":"Wig FAQ\u2019s"},"content":{"rendered":"<div data-elementor-type=\"wp-page\" data-elementor-id=\"159531\" class=\"elementor elementor-159531\" data-elementor-post-type=\"page\">\n\t\t\t\t\t\t<section class=\"elementor-section elementor-top-section elementor-element elementor-element-36e254c elementor-section-boxed elementor-section-height-default elementor-section-height-default\" data-id=\"36e254c\" data-element_type=\"section\">\n\t\t\t\t\t\t<div class=\"elementor-container elementor-column-gap-default\">\n\t\t\t\t\t<div class=\"elementor-column elementor-col-100 elementor-top-column elementor-element elementor-element-38fb514\" data-id=\"38fb514\" data-element_type=\"column\">\n\t\t\t<div class=\"elementor-widget-wrap elementor-element-populated\">\n\t\t\t\t\t\t<div class=\"elementor-element elementor-element-b4ebd17 elementor-widget elementor-widget-heading\" data-id=\"b4ebd17\" data-element_type=\"widget\" data-widget_type=\"heading.default\">\n\t\t\t\t<div class=\"elementor-widget-container\">\n\t\t\t\t\t<h2 class=\"elementor-heading-title elementor-size-default\">Perguntas frequentes sobre perucas<\/h2>\t\t\t\t<\/div>\n\t\t\t\t<\/div>\n\t\t\t\t<div class=\"elementor-element elementor-element-4cd95d8 elementor-widget elementor-widget-heading\" data-id=\"4cd95d8\" data-element_type=\"widget\" data-widget_type=\"heading.default\">\n\t\t\t\t<div class=\"elementor-widget-container\">\n\t\t\t\t\t<h3 class=\"elementor-heading-title elementor-size-default\">por hairuwear<\/h3>\t\t\t\t<\/div>\n\t\t\t\t<\/div>\n\t\t\t\t\t<\/div>\n\t\t<\/div>\n\t\t\t\t\t<\/div>\n\t\t<\/section>\n\t\t\t\t<section class=\"elementor-section elementor-top-section elementor-element elementor-element-7a4f19b elementor-section-boxed elementor-section-height-default elementor-section-height-default\" data-id=\"7a4f19b\" data-element_type=\"section\">\n\t\t\t\t\t\t<div class=\"elementor-container elementor-column-gap-wider\">\n\t\t\t\t\t<div class=\"elementor-column elementor-col-50 elementor-top-column elementor-element elementor-element-1d5131f\" data-id=\"1d5131f\" data-element_type=\"column\">\n\t\t\t<div class=\"elementor-widget-wrap elementor-element-populated\">\n\t\t\t\t\t\t<div class=\"elementor-element elementor-element-732c7c7 elementor-widget elementor-widget-heading\" data-id=\"732c7c7\" data-element_type=\"widget\" data-widget_type=\"heading.default\">\n\t\t\t\t<div class=\"elementor-widget-container\">\n\t\t\t\t\t<h4 class=\"elementor-heading-title elementor-size-default\">Geral<\/h4>\t\t\t\t<\/div>\n\t\t\t\t<\/div>\n\t\t\t\t<div class=\"elementor-element elementor-element-620d6c6 elementor-widget elementor-widget-toggle\" data-id=\"620d6c6\" data-element_type=\"widget\" data-widget_type=\"toggle.default\">\n\t\t\t\t<div class=\"elementor-widget-container\">\n\t\t\t\t\t\t\t<div class=\"elementor-toggle\">\n\t\t\t\t\t\t\t<div class=\"elementor-toggle-item\">\n\t\t\t\t\t<div id=\"elementor-tab-title-1021\" class=\"elementor-tab-title\" data-tab=\"1\" role=\"button\" aria-controls=\"elementor-tab-content-1021\" aria-expanded=\"false\">\n\t\t\t\t\t\t\t\t\t\t\t\t<span class=\"elementor-toggle-icon elementor-toggle-icon-left\" aria-hidden=\"true\">\n\t\t\t\t\t\t\t\t\t\t\t\t\t\t\t<span class=\"elementor-toggle-icon-closed\"><i class=\"fas fa-caret-right\"><\/i><\/span>\n\t\t\t\t\t\t\t\t<span class=\"elementor-toggle-icon-opened\"><i class=\"elementor-toggle-icon-opened fas fa-caret-up\"><\/i><\/span>\n\t\t\t\t\t\t\t\t\t\t\t\t\t<\/span>\n\t\t\t\t\t\t\t\t\t\t\t\t<a class=\"elementor-toggle-title\" tabindex=\"0\">Como voc\u00ea mede sua cabe\u00e7a?<\/a>\n\t\t\t\t\t<\/div>\n\n\t\t\t\t\t<div id=\"elementor-tab-content-1021\" class=\"elementor-tab-content elementor-clearfix\" data-tab=\"1\" role=\"region\" aria-labelledby=\"elementor-tab-title-1021\"><p>Encontre o tamanho da sua touca de peruca medindo a circunfer\u00eancia ao redor da linha do cabelo. Perucas personalizadas exigem medidas de orelha a orelha e da frente para tr\u00e1s tamb\u00e9m. HairUWear oferece <a href=\"\/pt\/products-solutions\/?swoof=1&amp;pa_cap-size=petite\" target=\"_blank\" rel=\"noopener\">Petite<\/a>, <a href=\"\/pt\/products-solutions\/?swoof=1&amp;pa_cap-size=petite-average\" target=\"_blank\" rel=\"noopener\">Petite Average<\/a>, <a href=\"\/pt\/products-solutions\/?swoof=1&amp;pa_cap-size=average\" target=\"_blank\" rel=\"noopener\">Average<\/a>, <a href=\"\/pt\/products-solutions\/?swoof=1&amp;pa_cap-size=average-large\" target=\"_blank\" rel=\"noopener\">Average Large<\/a> e <a href=\"\/pt\/products-solutions\/?swoof=1&amp;pa_cap-size=large\" target=\"_blank\" rel=\"noopener\">Large<\/a> perucas tamanho bon\u00e9. <a href=\"https:\/\/www.youtube.com\/watch?v=lOtBUgeVL9Y\" target=\"_blank\" rel=\"noopener\">Assista a um tutorial aqui.<\/a><\/p><\/div>\n\t\t\t\t<\/div>\n\t\t\t\t\t\t\t<div class=\"elementor-toggle-item\">\n\t\t\t\t\t<div id=\"elementor-tab-title-1022\" class=\"elementor-tab-title\" data-tab=\"2\" role=\"button\" aria-controls=\"elementor-tab-content-1022\" aria-expanded=\"false\">\n\t\t\t\t\t\t\t\t\t\t\t\t<span class=\"elementor-toggle-icon elementor-toggle-icon-left\" aria-hidden=\"true\">\n\t\t\t\t\t\t\t\t\t\t\t\t\t\t\t<span class=\"elementor-toggle-icon-closed\"><i class=\"fas fa-caret-right\"><\/i><\/span>\n\t\t\t\t\t\t\t\t<span class=\"elementor-toggle-icon-opened\"><i class=\"elementor-toggle-icon-opened fas fa-caret-up\"><\/i><\/span>\n\t\t\t\t\t\t\t\t\t\t\t\t\t<\/span>\n\t\t\t\t\t\t\t\t\t\t\t\t<a class=\"elementor-toggle-title\" tabindex=\"0\">Como se coloca uma peruca?<\/a>\n\t\t\t\t\t<\/div>\n\n\t\t\t\t\t<div id=\"elementor-tab-content-1022\" class=\"elementor-tab-content elementor-clearfix\" data-tab=\"2\" role=\"region\" aria-labelledby=\"elementor-tab-title-1022\"><p>Prepare cabelos longos para usar uma peruca prendendo-os com grampos em um padr\u00e3o suave e enrolado, pr\u00f3ximo \u00e0 cabe\u00e7a. <a href=\"https:\/\/www.youtube.com\/watch?v=44XiI-ylDU8\" target=\"_blank\" rel=\"noopener\">Assista a um v\u00eddeo sobre como enrolar o cabelo aqui.<\/a><\/p><p>Para colocar uma peruca, comece sacudindo-a suavemente. As etiquetas est\u00e3o localizadas na nuca da peruca. Posicione a parte da frente da peruca contra sua testa e puxe-a para tr\u00e1s e sobre sua cabe\u00e7a. Aperte ou afrouxe as tiras, se necess\u00e1rio. <a href=\"https:\/\/www.youtube.com\/watch?v=DrEbyWmQivk\" target=\"_blank\" rel=\"noopener\">Assista a um tutorial sobre como colocar uma peruca aqui.<\/a><\/p><p><a href=\"\/pt\/how-to-put-on-a-wig\/\">Para instru\u00e7\u00f5es em mais idiomas, clique aqui.<\/a><\/p><\/div>\n\t\t\t\t<\/div>\n\t\t\t\t\t\t\t<div class=\"elementor-toggle-item\">\n\t\t\t\t\t<div id=\"elementor-tab-title-1023\" class=\"elementor-tab-title\" data-tab=\"3\" role=\"button\" aria-controls=\"elementor-tab-content-1023\" aria-expanded=\"false\">\n\t\t\t\t\t\t\t\t\t\t\t\t<span class=\"elementor-toggle-icon elementor-toggle-icon-left\" aria-hidden=\"true\">\n\t\t\t\t\t\t\t\t\t\t\t\t\t\t\t<span class=\"elementor-toggle-icon-closed\"><i class=\"fas fa-caret-right\"><\/i><\/span>\n\t\t\t\t\t\t\t\t<span class=\"elementor-toggle-icon-opened\"><i class=\"elementor-toggle-icon-opened fas fa-caret-up\"><\/i><\/span>\n\t\t\t\t\t\t\t\t\t\t\t\t\t<\/span>\n\t\t\t\t\t\t\t\t\t\t\t\t<a class=\"elementor-toggle-title\" tabindex=\"0\">Escolhendo uma peruca<\/a>\n\t\t\t\t\t<\/div>\n\n\t\t\t\t\t<div id=\"elementor-tab-content-1023\" class=\"elementor-tab-content elementor-clearfix\" data-tab=\"3\" role=\"region\" aria-labelledby=\"elementor-tab-title-1023\"><p>Ao escolher uma peruca, voc\u00ea deve considerar a constru\u00e7\u00e3o da touca, caracter\u00edsticas especiais como frentes de renda e \u00e1reas de monofilamento, cabelo humano ou fibra sint\u00e9tica, bem como comprimento, corte, textura e cor. <a href=\"https:\/\/www.youtube.com\/watch?v=K1yzdvaNVWI\" target=\"_blank\" rel=\"noopener\">O que considerar ao escolher uma peruca.<\/a><\/p><p>Determinar o formato do seu rosto pode fornecer sugest\u00f5es de estilo na hora de escolher uma nova peruca. <a href=\"\/pt\/wig-faq\/face-shape\/\">Encontre o formato do seu rosto.<\/a><\/p><\/div>\n\t\t\t\t<\/div>\n\t\t\t\t\t\t\t\t<\/div>\n\t\t\t\t\t\t<\/div>\n\t\t\t\t<\/div>\n\t\t\t\t\t<\/div>\n\t\t<\/div>\n\t\t\t\t<div class=\"elementor-column elementor-col-50 elementor-top-column elementor-element elementor-element-33a530a\" data-id=\"33a530a\" data-element_type=\"column\">\n\t\t\t<div class=\"elementor-widget-wrap elementor-element-populated\">\n\t\t\t\t\t\t<div class=\"elementor-element elementor-element-b4d8392 elementor-widget elementor-widget-heading\" data-id=\"b4d8392\" data-element_type=\"widget\" data-widget_type=\"heading.default\">\n\t\t\t\t<div class=\"elementor-widget-container\">\n\t\t\t\t\t<h4 class=\"elementor-heading-title elementor-size-default\">Estilo e Cuidados<\/h4>\t\t\t\t<\/div>\n\t\t\t\t<\/div>\n\t\t\t\t<div class=\"elementor-element elementor-element-a97b246 elementor-widget elementor-widget-toggle\" data-id=\"a97b246\" data-element_type=\"widget\" data-widget_type=\"toggle.default\">\n\t\t\t\t<div class=\"elementor-widget-container\">\n\t\t\t\t\t\t\t<div class=\"elementor-toggle\">\n\t\t\t\t\t\t\t<div class=\"elementor-toggle-item\">\n\t\t\t\t\t<div id=\"elementor-tab-title-1771\" class=\"elementor-tab-title\" data-tab=\"1\" role=\"button\" aria-controls=\"elementor-tab-content-1771\" aria-expanded=\"false\">\n\t\t\t\t\t\t\t\t\t\t\t\t<span class=\"elementor-toggle-icon elementor-toggle-icon-left\" aria-hidden=\"true\">\n\t\t\t\t\t\t\t\t\t\t\t\t\t\t\t<span class=\"elementor-toggle-icon-closed\"><i class=\"fas fa-caret-right\"><\/i><\/span>\n\t\t\t\t\t\t\t\t<span class=\"elementor-toggle-icon-opened\"><i class=\"elementor-toggle-icon-opened fas fa-caret-up\"><\/i><\/span>\n\t\t\t\t\t\t\t\t\t\t\t\t\t<\/span>\n\t\t\t\t\t\t\t\t\t\t\t\t<a class=\"elementor-toggle-title\" tabindex=\"0\">Desembalando peruca<\/a>\n\t\t\t\t\t<\/div>\n\n\t\t\t\t\t<div id=\"elementor-tab-content-1771\" class=\"elementor-tab-content elementor-clearfix\" data-tab=\"1\" role=\"region\" aria-labelledby=\"elementor-tab-title-1771\"><p>Alguns estilos de perucas s\u00e3o embalados do avesso para preservar o estilo. Quando voc\u00ea receber sua nova peruca pela primeira vez, certifique-se de ler todas as instru\u00e7\u00f5es inclu\u00eddas na caixa, na etiqueta de pendurar e nas etiquetas dentro da peruca. <a href=\"https:\/\/www.youtube.com\/watch?v=TEt1udiYTNU\" target=\"_blank\" rel=\"noopener\">O que ter em mente ao desembalar uma peruca.<\/a><\/p><p>Algumas perucas incluem um forro protetor para fornecer uma camada adicional de prote\u00e7\u00e3o higi\u00eanica. <a href=\"https:\/\/www.youtube.com\/watch?v=pQZ3x5JMAgw\" target=\"_blank\" rel=\"noopener\">O que \u00e9 um liner protetor?<\/a> Experimente a peruca com o Forro Protetor no lugar. Como o forro n\u00e3o estica, o ajuste pode ficar justo e\/ou a peruca pode n\u00e3o ficar bem assentada. N\u00e3o julgue o ajuste com o Forro Protetor no lugar. Se voc\u00ea ama sua nova peruca e decidiu mant\u00ea-la, agora \u00e9 a hora de remover o Forro Protetor. Remova o Forro Protetor cortando cuidadosamente os fios que o prendem \u00e0 touca da peruca. Uma tesoura pequena ou um abridor de costura funcionam melhor. Trabalhe lentamente e tome cuidado para n\u00e3o puxar, rasgar ou cortar a touca da peruca. <em>A peruca n\u00e3o poder\u00e1 ser devolvida para reembolso ou troca se o forro ou a etiqueta forem removidos.<\/em><\/p><\/div>\n\t\t\t\t<\/div>\n\t\t\t\t\t\t\t<div class=\"elementor-toggle-item\">\n\t\t\t\t\t<div id=\"elementor-tab-title-1772\" class=\"elementor-tab-title\" data-tab=\"2\" role=\"button\" aria-controls=\"elementor-tab-content-1772\" aria-expanded=\"false\">\n\t\t\t\t\t\t\t\t\t\t\t\t<span class=\"elementor-toggle-icon elementor-toggle-icon-left\" aria-hidden=\"true\">\n\t\t\t\t\t\t\t\t\t\t\t\t\t\t\t<span class=\"elementor-toggle-icon-closed\"><i class=\"fas fa-caret-right\"><\/i><\/span>\n\t\t\t\t\t\t\t\t<span class=\"elementor-toggle-icon-opened\"><i class=\"elementor-toggle-icon-opened fas fa-caret-up\"><\/i><\/span>\n\t\t\t\t\t\t\t\t\t\t\t\t\t<\/span>\n\t\t\t\t\t\t\t\t\t\t\t\t<a class=\"elementor-toggle-title\" tabindex=\"0\">Como estilizar e cuidar de uma peruca<\/a>\n\t\t\t\t\t<\/div>\n\n\t\t\t\t\t<div id=\"elementor-tab-content-1772\" class=\"elementor-tab-content elementor-clearfix\" data-tab=\"2\" role=\"region\" aria-labelledby=\"elementor-tab-title-1772\"><p>As instru\u00e7\u00f5es de cuidado depender\u00e3o das fibras capilares da peruca.<\/p><p><a href=\"\/pt\/hair-fibers-care\/#huw-kff\" target=\"_blank\" rel=\"noopener\">Kanekalon Flexlite Cuidados com a fibra<\/a><\/p><p><a href=\"\/pt\/hair-fibers-care\/#huw-kehfsh\" target=\"_blank\" rel=\"noopener\">Kanekalon Excelle Cuidados com cabelos sint\u00e9ticos que n\u00e3o agridem o calor<\/a><\/p><p><a href=\"\/pt\/hair-fibers-care\/#huw-t2l\" target=\"_blank\" rel=\"noopener\">Tru2Life Cuidados com cabelos sint\u00e9ticos que n\u00e3o agridem o calor<\/a><\/p><p><a href=\"\/pt\/hair-fibers-care\/#huw-kvf\" target=\"_blank\" rel=\"noopener\">Kanekalon Vibralite Cuidados com a fibra<\/a><\/p><p><a href=\"\/pt\/hair-fibers-care\/#huw-crhh\" target=\"_blank\" rel=\"noopener\">Cuidados com o cabelo humano Remy certificado<\/a><\/p><p><a href=\"\/pt\/hair-fibers-care\/#huw-hh\" target=\"_blank\" rel=\"noopener\">Cuidados com o cabelo humano<\/a><\/p><\/div>\n\t\t\t\t<\/div>\n\t\t\t\t\t\t\t<div class=\"elementor-toggle-item\">\n\t\t\t\t\t<div id=\"elementor-tab-title-1773\" class=\"elementor-tab-title\" data-tab=\"3\" role=\"button\" aria-controls=\"elementor-tab-content-1773\" aria-expanded=\"false\">\n\t\t\t\t\t\t\t\t\t\t\t\t<span class=\"elementor-toggle-icon elementor-toggle-icon-left\" aria-hidden=\"true\">\n\t\t\t\t\t\t\t\t\t\t\t\t\t\t\t<span class=\"elementor-toggle-icon-closed\"><i class=\"fas fa-caret-right\"><\/i><\/span>\n\t\t\t\t\t\t\t\t<span class=\"elementor-toggle-icon-opened\"><i class=\"elementor-toggle-icon-opened fas fa-caret-up\"><\/i><\/span>\n\t\t\t\t\t\t\t\t\t\t\t\t\t<\/span>\n\t\t\t\t\t\t\t\t\t\t\t\t<a class=\"elementor-toggle-title\" tabindex=\"0\">Como lavar uma peruca<\/a>\n\t\t\t\t\t<\/div>\n\n\t\t\t\t\t<div id=\"elementor-tab-content-1773\" class=\"elementor-tab-content elementor-clearfix\" data-tab=\"3\" role=\"region\" aria-labelledby=\"elementor-tab-title-1773\"><p>Tenha cuidado ao lavar sua peruca sint\u00e9tica seguindo estes passos simples para desembara\u00e7ar, limpar, enxaguar e secar suavemente. <a href=\"https:\/\/www.youtube.com\/watch?v=ymohn4XDcII\" target=\"_blank\" rel=\"noopener\">Passos para desembara\u00e7ar suavemente, limpar, enxaguar e secar perucas sint\u00e9ticas.<\/a> Al\u00e9m disso, revise as instru\u00e7\u00f5es de cuidados fornecidas com seu estilo de peruca Raquel Welch, Gabor, Hairdo ou HIM.<\/p><p>Para alisar a fibra Tru2Life ou Excelle resistente ao calor: lave, condicione e borrife com <a href=\"\/pt\/product\/restore\/\" target=\"_blank\" rel=\"noopener\">Restore Leave-in Conditioner<\/a> da HairUWear, depois seque com secador usando calor baixo-m\u00e9dio. A fibra ser\u00e1 danificada se a configura\u00e7\u00e3o de calor for muito alta. N\u00e3o recomendamos enrolar, secar com secador ou alisar o cabelo enquanto estiver usando; a fibra sint\u00e9tica resistente ao calor ficar\u00e1 muito quente e pode causar queimaduras. <a href=\"https:\/\/www.youtube.com\/watch?v=dt3nWKdB6Ew\" target=\"_blank\" rel=\"noopener\">Como manter fibras resistentes ao calor.<\/a><\/p><\/div>\n\t\t\t\t<\/div>\n\t\t\t\t\t\t\t\t<\/div>\n\t\t\t\t\t\t<\/div>\n\t\t\t\t<\/div>\n\t\t\t\t\t<\/div>\n\t\t<\/div>\n\t\t\t\t\t<\/div>\n\t\t<\/section>\n\t\t\t\t<\/div>","protected":false},"excerpt":{"rendered":"<p>Wig FAQ\u2019s by hairuwear General How do you measure your head? Find your wig cap size by measuring the circumference around the hairline. Custom wigs require ear to ear and front to back measurements as well. HairUWear offers Petite, Petite Average, Average, Average Large and Large cap size wigs. Watch a tutorial here. How do [\u2026]<\/p>","protected":false},"author":2,"featured_media":33245,"parent":0,"menu_order":0,"comment_status":"closed","ping_status":"closed","template":"page-templates\/homepage.php","meta":{"footnotes":""},"class_list":["post-159531","page","type-page","status-publish","has-post-thumbnail","hentry"],"yoast_head":"<!-- This site is optimized with the Yoast SEO plugin v25.3.1 - https:\/\/yoast.com\/wordpress\/plugins\/seo\/ -->\n<title>Wig FAQ&#039;s - HairUWear<\/title>\n<meta name=\"robots\" content=\"index, follow, max-snippet:-1, max-image-preview:large, max-video-preview:-1\" \/>\n<link rel=\"canonical\" href=\"http:\/\/www.hairuwear.com\/pt\/wig-faq\/\" \/>\n<meta property=\"og:locale\" content=\"pt_PT\" \/>\n<meta property=\"og:type\" content=\"article\" \/>\n<meta property=\"og:title\" content=\"Wig FAQ&#039;s - HairUWear\" \/>\n<meta property=\"og:description\" content=\"Wig FAQ&#8217;s by hairuwear General How do you measure your head? Find your wig cap size by measuring the circumference around the hairline. Custom wigs require ear to ear and front to back measurements as well. HairUWear offers Petite, Petite Average, Average, Average Large and Large cap size wigs. Watch a tutorial here. How do [&hellip;]\" \/>\n<meta property=\"og:url\" content=\"http:\/\/www.hairuwear.com\/pt\/wig-faq\/\" \/>\n<meta property=\"og:site_name\" content=\"HairUWear\" \/>\n<meta property=\"article:publisher\" content=\"https:\/\/www.facebook.com\/HairUWearINC\" \/>\n<meta property=\"article:modified_time\" content=\"2024-09-17T20:18:05+00:00\" \/>\n<meta property=\"og:image\" content=\"http:\/\/www.hairuwear.com\/wp-content\/uploads\/2022\/08\/RW-Group-Model-Cool-Tones-2019-1-square-scaled.jpg\" \/>\n\t<meta property=\"og:image:width\" content=\"2560\" \/>\n\t<meta property=\"og:image:height\" content=\"2560\" \/>\n\t<meta property=\"og:image:type\" content=\"image\/jpeg\" \/>\n<meta name=\"twitter:card\" content=\"summary_large_image\" \/>\n<meta name=\"twitter:label1\" content=\"Est. reading time\" \/>\n\t<meta name=\"twitter:data1\" content=\"3 minutes\" \/>\n<script type=\"application\/ld+json\" class=\"yoast-schema-graph\">{\"@context\":\"https:\/\/schema.org\",\"@graph\":[{\"@type\":\"WebPage\",\"@id\":\"http:\/\/www.hairuwear.com\/wig-faq\/\",\"url\":\"http:\/\/www.hairuwear.com\/wig-faq\/\",\"name\":\"Wig FAQ's - HairUWear\",\"isPartOf\":{\"@id\":\"https:\/\/www.hairuwear.com\/nl\/#website\"},\"primaryImageOfPage\":{\"@id\":\"http:\/\/www.hairuwear.com\/wig-faq\/#primaryimage\"},\"image\":{\"@id\":\"http:\/\/www.hairuwear.com\/wig-faq\/#primaryimage\"},\"thumbnailUrl\":\"https:\/\/www.hairuwear.com\/wp-content\/uploads\/2022\/08\/RW-Group-Model-Cool-Tones-2019-1-square-scaled.jpg\",\"datePublished\":\"2024-04-12T16:51:02+00:00\",\"dateModified\":\"2024-09-17T20:18:05+00:00\",\"breadcrumb\":{\"@id\":\"http:\/\/www.hairuwear.com\/wig-faq\/#breadcrumb\"},\"inLanguage\":\"pt-PT\",\"potentialAction\":[{\"@type\":\"ReadAction\",\"target\":[\"http:\/\/www.hairuwear.com\/wig-faq\/\"]}]},{\"@type\":\"ImageObject\",\"inLanguage\":\"pt-PT\",\"@id\":\"http:\/\/www.hairuwear.com\/wig-faq\/#primaryimage\",\"url\":\"https:\/\/www.hairuwear.com\/wp-content\/uploads\/2022\/08\/RW-Group-Model-Cool-Tones-2019-1-square-scaled.jpg\",\"contentUrl\":\"https:\/\/www.hairuwear.com\/wp-content\/uploads\/2022\/08\/RW-Group-Model-Cool-Tones-2019-1-square-scaled.jpg\",\"width\":2560,\"height\":2560,\"caption\":\"Models wearing Raquel Welch wigs in cool tones\"},{\"@type\":\"BreadcrumbList\",\"@id\":\"http:\/\/www.hairuwear.com\/wig-faq\/#breadcrumb\",\"itemListElement\":[{\"@type\":\"ListItem\",\"position\":1,\"name\":\"Home\",\"item\":\"https:\/\/www.hairuwear.com\/\"},{\"@type\":\"ListItem\",\"position\":2,\"name\":\"Wig FAQ&#8217;s\"}]},{\"@type\":\"WebSite\",\"@id\":\"https:\/\/www.hairuwear.com\/nl\/#website\",\"url\":\"https:\/\/www.hairuwear.com\/nl\/\",\"name\":\"HairUWear\",\"description\":\"We inspire women and men throughout the world to see all the possibilities of alternative hair.\",\"publisher\":{\"@id\":\"https:\/\/www.hairuwear.com\/nl\/#organization\"},\"potentialAction\":[{\"@type\":\"SearchAction\",\"target\":{\"@type\":\"EntryPoint\",\"urlTemplate\":\"https:\/\/www.hairuwear.com\/nl\/?s={search_term_string}\"},\"query-input\":{\"@type\":\"PropertyValueSpecification\",\"valueRequired\":true,\"valueName\":\"search_term_string\"}}],\"inLanguage\":\"pt-PT\"},{\"@type\":\"Organization\",\"@id\":\"https:\/\/www.hairuwear.com\/nl\/#organization\",\"name\":\"HairUWear\",\"url\":\"https:\/\/www.hairuwear.com\/nl\/\",\"logo\":{\"@type\":\"ImageObject\",\"inLanguage\":\"pt-PT\",\"@id\":\"https:\/\/www.hairuwear.com\/nl\/#\/schema\/logo\/image\/\",\"url\":\"https:\/\/hairuwear.com\/wp-content\/uploads\/2024\/02\/HUW-logo-black-square.jpg\",\"contentUrl\":\"https:\/\/hairuwear.com\/wp-content\/uploads\/2024\/02\/HUW-logo-black-square.jpg\",\"width\":1000,\"height\":1000,\"caption\":\"HairUWear\"},\"image\":{\"@id\":\"https:\/\/www.hairuwear.com\/nl\/#\/schema\/logo\/image\/\"},\"sameAs\":[\"https:\/\/www.facebook.com\/HairUWearINC\",\"https:\/\/www.instagram.com\/hairuwear_inc\/\",\"https:\/\/www.youtube.com\/channel\/UCooHA3ZvNM3CfbjxHAUUZlg\",\"https:\/\/www.linkedin.com\/company\/hairuwear\/\",\"https:\/\/www.pinterest.com\/hairuwear\/?invite_code=060417bbf4384977ac59e5e49e9e2f4a\"]}]}<\/script>\n<!-- \/ Yoast SEO plugin. -->","yoast_head_json":{"title":"Wig FAQ's - HairUWear","robots":{"index":"index","follow":"follow","max-snippet":"max-snippet:-1","max-image-preview":"max-image-preview:large","max-video-preview":"max-video-preview:-1"},"canonical":"http:\/\/www.hairuwear.com\/pt\/wig-faq\/","og_locale":"pt_PT","og_type":"article","og_title":"Wig FAQ's - HairUWear","og_description":"Wig FAQ&#8217;s by hairuwear General How do you measure your head? Find your wig cap size by measuring the circumference around the hairline. Custom wigs require ear to ear and front to back measurements as well. HairUWear offers Petite, Petite Average, Average, Average Large and Large cap size wigs. Watch a tutorial here. How do [&hellip;]","og_url":"http:\/\/www.hairuwear.com\/pt\/wig-faq\/","og_site_name":"HairUWear","article_publisher":"https:\/\/www.facebook.com\/HairUWearINC","article_modified_time":"2024-09-17T20:18:05+00:00","og_image":[{"width":2560,"height":2560,"url":"http:\/\/www.hairuwear.com\/wp-content\/uploads\/2022\/08\/RW-Group-Model-Cool-Tones-2019-1-square-scaled.jpg","type":"image\/jpeg"}],"twitter_card":"summary_large_image","twitter_misc":{"Est. reading time":"3 minutes"},"schema":{"@context":"https:\/\/schema.org","@graph":[{"@type":"WebPage","@id":"http:\/\/www.hairuwear.com\/wig-faq\/","url":"http:\/\/www.hairuwear.com\/wig-faq\/","name":"Wig FAQ's - HairUWear","isPartOf":{"@id":"https:\/\/www.hairuwear.com\/nl\/#website"},"primaryImageOfPage":{"@id":"http:\/\/www.hairuwear.com\/wig-faq\/#primaryimage"},"image":{"@id":"http:\/\/www.hairuwear.com\/wig-faq\/#primaryimage"},"thumbnailUrl":"https:\/\/www.hairuwear.com\/wp-content\/uploads\/2022\/08\/RW-Group-Model-Cool-Tones-2019-1-square-scaled.jpg","datePublished":"2024-04-12T16:51:02+00:00","dateModified":"2024-09-17T20:18:05+00:00","breadcrumb":{"@id":"http:\/\/www.hairuwear.com\/wig-faq\/#breadcrumb"},"inLanguage":"pt-PT","potentialAction":[{"@type":"ReadAction","target":["http:\/\/www.hairuwear.com\/wig-faq\/"]}]},{"@type":"ImageObject","inLanguage":"pt-PT","@id":"http:\/\/www.hairuwear.com\/wig-faq\/#primaryimage","url":"https:\/\/www.hairuwear.com\/wp-content\/uploads\/2022\/08\/RW-Group-Model-Cool-Tones-2019-1-square-scaled.jpg","contentUrl":"https:\/\/www.hairuwear.com\/wp-content\/uploads\/2022\/08\/RW-Group-Model-Cool-Tones-2019-1-square-scaled.jpg","width":2560,"height":2560,"caption":"Models wearing Raquel Welch wigs in cool tones"},{"@type":"BreadcrumbList","@id":"http:\/\/www.hairuwear.com\/wig-faq\/#breadcrumb","itemListElement":[{"@type":"ListItem","position":1,"name":"Home","item":"https:\/\/www.hairuwear.com\/"},{"@type":"ListItem","position":2,"name":"Wig FAQ&#8217;s"}]},{"@type":"WebSite","@id":"https:\/\/www.hairuwear.com\/nl\/#website","url":"https:\/\/www.hairuwear.com\/nl\/","name":"HairUWear","description":"We inspire women and men throughout the world to see all the possibilities of alternative hair.","publisher":{"@id":"https:\/\/www.hairuwear.com\/nl\/#organization"},"potentialAction":[{"@type":"SearchAction","target":{"@type":"EntryPoint","urlTemplate":"https:\/\/www.hairuwear.com\/nl\/?s={search_term_string}"},"query-input":{"@type":"PropertyValueSpecification","valueRequired":true,"valueName":"search_term_string"}}],"inLanguage":"pt-PT"},{"@type":"Organization","@id":"https:\/\/www.hairuwear.com\/nl\/#organization","name":"HairUWear","url":"https:\/\/www.hairuwear.com\/nl\/","logo":{"@type":"ImageObject","inLanguage":"pt-PT","@id":"https:\/\/www.hairuwear.com\/nl\/#\/schema\/logo\/image\/","url":"https:\/\/hairuwear.com\/wp-content\/uploads\/2024\/02\/HUW-logo-black-square.jpg","contentUrl":"https:\/\/hairuwear.com\/wp-content\/uploads\/2024\/02\/HUW-logo-black-square.jpg","width":1000,"height":1000,"caption":"HairUWear"},"image":{"@id":"https:\/\/www.hairuwear.com\/nl\/#\/schema\/logo\/image\/"},"sameAs":["https:\/\/www.facebook.com\/HairUWearINC","https:\/\/www.instagram.com\/hairuwear_inc\/","https:\/\/www.youtube.com\/channel\/UCooHA3ZvNM3CfbjxHAUUZlg","https:\/\/www.linkedin.com\/company\/hairuwear\/","https:\/\/www.pinterest.com\/hairuwear\/?invite_code=060417bbf4384977ac59e5e49e9e2f4a"]}]}},"_links":{"self":[{"href":"https:\/\/www.hairuwear.com\/pt\/wp-json\/wp\/v2\/pages\/159531","targetHints":{"allow":["GET"]}}],"collection":[{"href":"https:\/\/www.hairuwear.com\/pt\/wp-json\/wp\/v2\/pages"}],"about":[{"href":"https:\/\/www.hairuwear.com\/pt\/wp-json\/wp\/v2\/types\/page"}],"author":[{"embeddable":true,"href":"https:\/\/www.hairuwear.com\/pt\/wp-json\/wp\/v2\/users\/2"}],"replies":[{"embeddable":true,"href":"https:\/\/www.hairuwear.com\/pt\/wp-json\/wp\/v2\/comments?post=159531"}],"version-history":[{"count":21,"href":"https:\/\/www.hairuwear.com\/pt\/wp-json\/wp\/v2\/pages\/159531\/revisions"}],"predecessor-version":[{"id":245297,"href":"https:\/\/www.hairuwear.com\/pt\/wp-json\/wp\/v2\/pages\/159531\/revisions\/245297"}],"wp:featuredmedia":[{"embeddable":true,"href":"https:\/\/www.hairuwear.com\/pt\/wp-json\/wp\/v2\/media\/33245"}],"wp:attachment":[{"href":"https:\/\/www.hairuwear.com\/pt\/wp-json\/wp\/v2\/media?parent=159531"}],"curies":[{"name":"wp","href":"https:\/\/api.w.org\/{rel}","templated":true}]}}