{"id":91351,"date":"2023-01-18T07:25:52","date_gmt":"2023-01-18T13:25:52","guid":{"rendered":"https:\/\/live-huw-2023.pantheonsite.io\/?post_type=product&#038;p=91351"},"modified":"2023-12-07T12:24:11","modified_gmt":"2023-12-07T18:24:11","slug":"shattered-bob","status":"publish","type":"product","link":"https:\/\/www.hairuwear.com\/pt\/product\/shattered-bob\/","title":{"rendered":"Shattered Bob"},"content":{"rendered":"<div id=\"content-desktop\">\n<div id='gallery-1' class='gallery galleryid-91351 gallery-columns-6 gallery-size-full'><figure class='gallery-item'>\n\t\t\t<div class='gallery-icon landscape'>\n\t\t\t\t<img fetchpriority=\"high\" decoding=\"async\" width=\"350\" height=\"350\" src=\"https:\/\/www.hairuwear.com\/wp-content\/uploads\/2022\/04\/Tru2Life-R2-ebony-swatch.jpg\" class=\"attachment-full size-full\" alt=\"R2 Ebony\" aria-describedby=\"gallery-1-27462\" \/>\n\t\t\t<\/div>\n\t\t\t\t<figcaption class='wp-caption-text gallery-caption' id='gallery-1-27462'>\n\t\t\t\tR2 Ebony\n\t\t\t\t<\/figcaption><\/figure><figure class='gallery-item'>\n\t\t\t<div class='gallery-icon landscape'>\n\t\t\t\t<img decoding=\"async\" width=\"350\" height=\"350\" src=\"https:\/\/www.hairuwear.com\/wp-content\/uploads\/2022\/04\/Tru2Life-R4-midnight-brown-swatch.jpg\" class=\"attachment-full size-full\" alt=\"R4 Midnight Brown\" aria-describedby=\"gallery-1-27465\" \/>\n\t\t\t<\/div>\n\t\t\t\t<figcaption class='wp-caption-text gallery-caption' id='gallery-1-27465'>\n\t\t\t\tR4 Midnight Brown\n\t\t\t\t<\/figcaption><\/figure><figure class='gallery-item'>\n\t\t\t<div class='gallery-icon landscape'>\n\t\t\t\t<img decoding=\"async\" width=\"350\" height=\"350\" src=\"https:\/\/www.hairuwear.com\/wp-content\/uploads\/2023\/06\/HD-Tru2Life-R6-30H-Chocolate-Copper-swatch.jpg\" class=\"attachment-full size-full\" alt=\"R6\/30H Chocolate Copper\" aria-describedby=\"gallery-1-46520\" \/>\n\t\t\t<\/div>\n\t\t\t\t<figcaption class='wp-caption-text gallery-caption' id='gallery-1-46520'>\n\t\t\t\tR6\/30H Chocolate Copper\n\t\t\t\t<\/figcaption><\/figure><figure class='gallery-item'>\n\t\t\t<div class='gallery-icon landscape'>\n\t\t\t\t<img loading=\"lazy\" decoding=\"async\" width=\"350\" height=\"350\" src=\"https:\/\/www.hairuwear.com\/wp-content\/uploads\/2022\/04\/RW-Vibralite-R10-Chestnut.jpg\" class=\"attachment-full size-full\" alt=\"R10 Chestnut\" aria-describedby=\"gallery-1-27469\" \/>\n\t\t\t<\/div>\n\t\t\t\t<figcaption class='wp-caption-text gallery-caption' id='gallery-1-27469'>\n\t\t\t\tR10 Chestnut\n\t\t\t\t<\/figcaption><\/figure><figure class='gallery-item'>\n\t\t\t<div class='gallery-icon landscape'>\n\t\t\t\t<img loading=\"lazy\" decoding=\"async\" width=\"350\" height=\"350\" src=\"https:\/\/www.hairuwear.com\/wp-content\/uploads\/2023\/06\/HD-Tru2life-R11S-Glazed-Mocha.jpg\" class=\"attachment-full size-full\" alt=\"R11S+ Glazed Mocha\" aria-describedby=\"gallery-1-46527\" \/>\n\t\t\t<\/div>\n\t\t\t\t<figcaption class='wp-caption-text gallery-caption' id='gallery-1-46527'>\n\t\t\t\tR11S+ Mocha vidrado\n\t\t\t\t<\/figcaption><\/figure><figure class='gallery-item'>\n\t\t\t<div class='gallery-icon landscape'>\n\t\t\t\t<img loading=\"lazy\" decoding=\"async\" width=\"350\" height=\"350\" src=\"https:\/\/www.hairuwear.com\/wp-content\/uploads\/2023\/06\/HD-Tru2Life-R3025S-Glazed-Cinnamon.jpg\" class=\"attachment-full size-full\" alt=\"R3025S+ Glazed Cinnamon\" aria-describedby=\"gallery-1-46529\" \/>\n\t\t\t<\/div>\n\t\t\t\t<figcaption class='wp-caption-text gallery-caption' id='gallery-1-46529'>\n\t\t\t\tR3025S+ Glazed Cinnamon\n\t\t\t\t<\/figcaption><\/figure><figure class='gallery-item'>\n\t\t\t<div class='gallery-icon landscape'>\n\t\t\t\t<img loading=\"lazy\" decoding=\"async\" width=\"350\" height=\"350\" src=\"https:\/\/www.hairuwear.com\/wp-content\/uploads\/2022\/04\/Tru2Life-R56-60-silver-mist-swatch.jpg\" class=\"attachment-full size-full\" alt=\"R56\/60 Silver Mist\" aria-describedby=\"gallery-1-27489\" \/>\n\t\t\t<\/div>\n\t\t\t\t<figcaption class='wp-caption-text gallery-caption' id='gallery-1-27489'>\n\t\t\t\tR56\/60 Silver Mist\n\t\t\t\t<\/figcaption><\/figure><figure class='gallery-item'>\n\t\t\t<div class='gallery-icon landscape'>\n\t\t\t\t<img loading=\"lazy\" decoding=\"async\" width=\"350\" height=\"350\" src=\"https:\/\/www.hairuwear.com\/wp-content\/uploads\/2023\/06\/HD-Tru2Life-RL511-Sugar-Charcoal.jpg\" class=\"attachment-full size-full\" alt=\"RL511 Sugar &amp; Charcoal\" aria-describedby=\"gallery-1-46565\" \/>\n\t\t\t<\/div>\n\t\t\t\t<figcaption class='wp-caption-text gallery-caption' id='gallery-1-46565'>\n\t\t\t\tRL511 A\u00e7\u00facar e carv\u00e3o vegetal\n\t\t\t\t<\/figcaption><\/figure><figure class='gallery-item'>\n\t\t\t<div class='gallery-icon landscape'>\n\t\t\t\t<img loading=\"lazy\" decoding=\"async\" width=\"350\" height=\"350\" src=\"https:\/\/www.hairuwear.com\/wp-content\/uploads\/2022\/04\/Tru2Life-SS14-88-rooted-golden-wheat-swatch.jpg\" class=\"attachment-full size-full\" alt=\"SS14\/88 Rooted Golden Wheat\" aria-describedby=\"gallery-1-27510\" \/>\n\t\t\t<\/div>\n\t\t\t\t<figcaption class='wp-caption-text gallery-caption' id='gallery-1-27510'>\n\t\t\t\tSS14\/88 Trigo dourado enraizado\n\t\t\t\t<\/figcaption><\/figure><figure class='gallery-item'>\n\t\t\t<div class='gallery-icon landscape'>\n\t\t\t\t<img loading=\"lazy\" decoding=\"async\" width=\"350\" height=\"350\" src=\"https:\/\/www.hairuwear.com\/wp-content\/uploads\/2022\/04\/Tru2Life-SS25-rooted-ginger-blonde-swatch.jpg\" class=\"attachment-full size-full\" alt=\"SS25 Rooted Ginger Blonde\" aria-describedby=\"gallery-1-27512\" \/>\n\t\t\t<\/div>\n\t\t\t\t<figcaption class='wp-caption-text gallery-caption' id='gallery-1-27512'>\n\t\t\t\tSS25 Rooted Ginger Blonde\n\t\t\t\t<\/figcaption><\/figure>\n\t\t<\/div>\n\n<\/div>\n<div id=\"content-mobile\">\n<div id='gallery-2' class='gallery galleryid-91351 gallery-columns-3 gallery-size-thumbnail'><figure class='gallery-item'>\n\t\t\t<div class='gallery-icon landscape'>\n\t\t\t\t<img loading=\"lazy\" decoding=\"async\" width=\"150\" height=\"150\" src=\"https:\/\/www.hairuwear.com\/wp-content\/uploads\/2022\/04\/Tru2Life-R2-ebony-swatch-150x150.jpg\" class=\"attachment-thumbnail size-thumbnail\" alt=\"R2 Ebony\" aria-describedby=\"gallery-2-27462\" \/>\n\t\t\t<\/div>\n\t\t\t\t<figcaption class='wp-caption-text gallery-caption' id='gallery-2-27462'>\n\t\t\t\tR2 Ebony\n\t\t\t\t<\/figcaption><\/figure><figure class='gallery-item'>\n\t\t\t<div class='gallery-icon landscape'>\n\t\t\t\t<img loading=\"lazy\" decoding=\"async\" width=\"150\" height=\"150\" src=\"https:\/\/www.hairuwear.com\/wp-content\/uploads\/2022\/04\/Tru2Life-R4-midnight-brown-swatch-150x150.jpg\" class=\"attachment-thumbnail size-thumbnail\" alt=\"R4 Midnight Brown\" aria-describedby=\"gallery-2-27465\" \/>\n\t\t\t<\/div>\n\t\t\t\t<figcaption class='wp-caption-text gallery-caption' id='gallery-2-27465'>\n\t\t\t\tR4 Midnight Brown\n\t\t\t\t<\/figcaption><\/figure><figure class='gallery-item'>\n\t\t\t<div class='gallery-icon landscape'>\n\t\t\t\t<img loading=\"lazy\" decoding=\"async\" width=\"150\" height=\"150\" src=\"https:\/\/www.hairuwear.com\/wp-content\/uploads\/2023\/06\/HD-Tru2Life-R6-30H-Chocolate-Copper-swatch-150x150.jpg\" class=\"attachment-thumbnail size-thumbnail\" alt=\"R6\/30H Chocolate Copper\" aria-describedby=\"gallery-2-46520\" \/>\n\t\t\t<\/div>\n\t\t\t\t<figcaption class='wp-caption-text gallery-caption' id='gallery-2-46520'>\n\t\t\t\tR6\/30H Chocolate Copper\n\t\t\t\t<\/figcaption><\/figure><figure class='gallery-item'>\n\t\t\t<div class='gallery-icon landscape'>\n\t\t\t\t<img loading=\"lazy\" decoding=\"async\" width=\"150\" height=\"150\" src=\"https:\/\/www.hairuwear.com\/wp-content\/uploads\/2022\/04\/RW-Vibralite-R10-Chestnut-150x150.jpg\" class=\"attachment-thumbnail size-thumbnail\" alt=\"R10 Chestnut\" aria-describedby=\"gallery-2-27469\" \/>\n\t\t\t<\/div>\n\t\t\t\t<figcaption class='wp-caption-text gallery-caption' id='gallery-2-27469'>\n\t\t\t\tR10 Chestnut\n\t\t\t\t<\/figcaption><\/figure><figure class='gallery-item'>\n\t\t\t<div class='gallery-icon landscape'>\n\t\t\t\t<img loading=\"lazy\" decoding=\"async\" width=\"150\" height=\"150\" src=\"https:\/\/www.hairuwear.com\/wp-content\/uploads\/2023\/06\/HD-Tru2life-R11S-Glazed-Mocha-150x150.jpg\" class=\"attachment-thumbnail size-thumbnail\" alt=\"R11S+ Glazed Mocha\" aria-describedby=\"gallery-2-46527\" \/>\n\t\t\t<\/div>\n\t\t\t\t<figcaption class='wp-caption-text gallery-caption' id='gallery-2-46527'>\n\t\t\t\tR11S+ Mocha vidrado\n\t\t\t\t<\/figcaption><\/figure><figure class='gallery-item'>\n\t\t\t<div class='gallery-icon landscape'>\n\t\t\t\t<img loading=\"lazy\" decoding=\"async\" width=\"150\" height=\"150\" src=\"https:\/\/www.hairuwear.com\/wp-content\/uploads\/2023\/06\/HD-Tru2Life-R3025S-Glazed-Cinnamon-150x150.jpg\" class=\"attachment-thumbnail size-thumbnail\" alt=\"R3025S+ Glazed Cinnamon\" aria-describedby=\"gallery-2-46529\" \/>\n\t\t\t<\/div>\n\t\t\t\t<figcaption class='wp-caption-text gallery-caption' id='gallery-2-46529'>\n\t\t\t\tR3025S+ Glazed Cinnamon\n\t\t\t\t<\/figcaption><\/figure><figure class='gallery-item'>\n\t\t\t<div class='gallery-icon landscape'>\n\t\t\t\t<img loading=\"lazy\" decoding=\"async\" width=\"150\" height=\"150\" src=\"https:\/\/www.hairuwear.com\/wp-content\/uploads\/2022\/04\/Tru2Life-R56-60-silver-mist-swatch-150x150.jpg\" class=\"attachment-thumbnail size-thumbnail\" alt=\"R56\/60 Silver Mist\" aria-describedby=\"gallery-2-27489\" \/>\n\t\t\t<\/div>\n\t\t\t\t<figcaption class='wp-caption-text gallery-caption' id='gallery-2-27489'>\n\t\t\t\tR56\/60 Silver Mist\n\t\t\t\t<\/figcaption><\/figure><figure class='gallery-item'>\n\t\t\t<div class='gallery-icon landscape'>\n\t\t\t\t<img loading=\"lazy\" decoding=\"async\" width=\"150\" height=\"150\" src=\"https:\/\/www.hairuwear.com\/wp-content\/uploads\/2023\/06\/HD-Tru2Life-RL511-Sugar-Charcoal-150x150.jpg\" class=\"attachment-thumbnail size-thumbnail\" alt=\"RL511 Sugar &amp; Charcoal\" aria-describedby=\"gallery-2-46565\" \/>\n\t\t\t<\/div>\n\t\t\t\t<figcaption class='wp-caption-text gallery-caption' id='gallery-2-46565'>\n\t\t\t\tRL511 A\u00e7\u00facar e carv\u00e3o vegetal\n\t\t\t\t<\/figcaption><\/figure><figure class='gallery-item'>\n\t\t\t<div class='gallery-icon landscape'>\n\t\t\t\t<img loading=\"lazy\" decoding=\"async\" width=\"150\" height=\"150\" src=\"https:\/\/www.hairuwear.com\/wp-content\/uploads\/2022\/04\/Tru2Life-SS14-88-rooted-golden-wheat-swatch-150x150.jpg\" class=\"attachment-thumbnail size-thumbnail\" alt=\"SS14\/88 Rooted Golden Wheat\" aria-describedby=\"gallery-2-27510\" \/>\n\t\t\t<\/div>\n\t\t\t\t<figcaption class='wp-caption-text gallery-caption' id='gallery-2-27510'>\n\t\t\t\tSS14\/88 Trigo dourado enraizado\n\t\t\t\t<\/figcaption><\/figure><figure class='gallery-item'>\n\t\t\t<div class='gallery-icon landscape'>\n\t\t\t\t<img loading=\"lazy\" decoding=\"async\" width=\"150\" height=\"150\" src=\"https:\/\/www.hairuwear.com\/wp-content\/uploads\/2022\/04\/Tru2Life-SS25-rooted-ginger-blonde-swatch-150x150.jpg\" class=\"attachment-thumbnail size-thumbnail\" alt=\"SS25 Rooted Ginger Blonde\" aria-describedby=\"gallery-2-27512\" \/>\n\t\t\t<\/div>\n\t\t\t\t<figcaption class='wp-caption-text gallery-caption' id='gallery-2-27512'>\n\t\t\t\tSS25 Rooted Ginger Blonde\n\t\t\t\t<\/figcaption><\/figure>\n\t\t<\/div>\n\n<\/div>","protected":false},"excerpt":{"rendered":"<p>Tousled layers throughout make this trendy bob cut so easy to style. Textured bangs are easily worn onto the face or swept to the side. The ample layers and nape hugging lengths result in a flattering rounder silhouette that is at once chic and contemporary, yet perfectly classic too.<\/p>\n<hr \/>\n<p><a href=\"\/pt\/hairdo\/hair-types\/#HD-tru2life\" target=\"_blank\" rel=\"noopener\">Cabelo sint\u00e9tico resistente ao calor Tru2Life<\/a><\/p>\n<hr \/>\n<p>Tamanho da tampa: M\u00e9dia<\/p>\n<hr \/>\n<p>Front: 5\u00bd\u201d<\/p>\n<hr \/>\n<p>Crown: 6\u00bd\u201d<\/p>\n<hr \/>\n<p>Sides: 5\u2033<\/p>\n<hr \/>\n<p>Back: 5\u2033<\/p>\n<hr \/>\n<p>Nape: 2\u2033<\/p>\n<hr \/>\n<p>Weight: 2.9 oz<\/p>","protected":false},"featured_media":91353,"template":"","meta":[],"product_brand":[161],"product_cat":[209,174,180],"product_tag":[],"class_list":{"0":"post-91351","1":"product","2":"type-product","3":"status-publish","4":"has-post-thumbnail","6":"product_brand-hairdo","7":"product_cat-view-all","8":"product_cat-hairdo","9":"product_cat-hd-fashion-wigs","10":"pa_application-type-ready-to-wear","11":"pa_brand-hairdo","12":"pa_cap-size-average","13":"pa_categories-wigs","14":"pa_color-family-blonde","15":"pa_color-family-brunette","16":"pa_color-family-gray","17":"pa_color-family-red","18":"pa_color-family-shadow-shades","19":"pa_department-women","20":"pa_discontinued-discontinued","21":"pa_hair-type-heat-styleable-synthetic","22":"pa_wig-features-with-bangs","23":"pa_wig-length-short","24":"pa_wig-style-straight","27":"first","28":"instock","29":"shipping-taxable","30":"product-type-simple"},"yoast_head":"<!-- This site is optimized with the Yoast SEO plugin v25.3.1 - https:\/\/yoast.com\/wordpress\/plugins\/seo\/ -->\n<title>Shattered Bob - HairUWear<\/title>\n<meta name=\"description\" content=\"Tousled layers throughout make this trendy bob cut so easy to style. Textured bangs are easily worn onto the face or swept to the side.\" \/>\n<meta name=\"robots\" content=\"index, follow, max-snippet:-1, max-image-preview:large, max-video-preview:-1\" \/>\n<link rel=\"canonical\" href=\"https:\/\/www.hairuwear.com\/pt\/product\/shattered-bob\/\" \/>\n<meta property=\"og:locale\" content=\"pt_PT\" \/>\n<meta property=\"og:type\" content=\"article\" \/>\n<meta property=\"og:title\" content=\"Shattered Bob - HairUWear\" \/>\n<meta property=\"og:description\" content=\"Tousled layers throughout make this trendy bob cut so easy to style. Textured bangs are easily worn onto the face or swept to the side.\" \/>\n<meta property=\"og:url\" content=\"https:\/\/www.hairuwear.com\/pt\/product\/shattered-bob\/\" \/>\n<meta property=\"og:site_name\" content=\"HairUWear\" \/>\n<meta property=\"article:publisher\" content=\"https:\/\/www.facebook.com\/HairUWearINC\" \/>\n<meta property=\"article:modified_time\" content=\"2023-12-07T18:24:11+00:00\" \/>\n<meta property=\"og:image\" content=\"https:\/\/www.hairuwear.com\/wp-content\/uploads\/2023\/12\/HD-Shattered-Bob-Model-Front-1-scaled.jpg\" \/>\n\t<meta property=\"og:image:width\" content=\"2046\" \/>\n\t<meta property=\"og:image:height\" content=\"2560\" \/>\n\t<meta property=\"og:image:type\" content=\"image\/jpeg\" \/>\n<meta name=\"twitter:card\" content=\"summary_large_image\" \/>\n<meta name=\"twitter:label1\" content=\"Est. reading time\" \/>\n\t<meta name=\"twitter:data1\" content=\"1 minute\" \/>\n<script type=\"application\/ld+json\" class=\"yoast-schema-graph\">{\"@context\":\"https:\/\/schema.org\",\"@graph\":[{\"@type\":\"WebPage\",\"@id\":\"https:\/\/www.hairuwear.com\/sv\/product\/shattered-bob\/\",\"url\":\"https:\/\/www.hairuwear.com\/sv\/product\/shattered-bob\/\",\"name\":\"Shattered Bob - HairUWear\",\"isPartOf\":{\"@id\":\"https:\/\/www.hairuwear.com\/nl\/#website\"},\"primaryImageOfPage\":{\"@id\":\"https:\/\/www.hairuwear.com\/sv\/product\/shattered-bob\/#primaryimage\"},\"image\":{\"@id\":\"https:\/\/www.hairuwear.com\/sv\/product\/shattered-bob\/#primaryimage\"},\"thumbnailUrl\":\"https:\/\/www.hairuwear.com\/wp-content\/uploads\/2023\/12\/HD-Shattered-Bob-Model-Front-1-scaled.jpg\",\"datePublished\":\"2023-01-18T13:25:52+00:00\",\"dateModified\":\"2023-12-07T18:24:11+00:00\",\"description\":\"Tousled layers throughout make this trendy bob cut so easy to style. Textured bangs are easily worn onto the face or swept to the side.\",\"breadcrumb\":{\"@id\":\"https:\/\/www.hairuwear.com\/sv\/product\/shattered-bob\/#breadcrumb\"},\"inLanguage\":\"pt-PT\",\"potentialAction\":[{\"@type\":\"ReadAction\",\"target\":[\"https:\/\/www.hairuwear.com\/sv\/product\/shattered-bob\/\"]}]},{\"@type\":\"ImageObject\",\"inLanguage\":\"pt-PT\",\"@id\":\"https:\/\/www.hairuwear.com\/sv\/product\/shattered-bob\/#primaryimage\",\"url\":\"https:\/\/www.hairuwear.com\/wp-content\/uploads\/2023\/12\/HD-Shattered-Bob-Model-Front-1-scaled.jpg\",\"contentUrl\":\"https:\/\/www.hairuwear.com\/wp-content\/uploads\/2023\/12\/HD-Shattered-Bob-Model-Front-1-scaled.jpg\",\"width\":2046,\"height\":2560,\"caption\":\"Shattered Bob in SS25 Rooted Ginger Blonde\"},{\"@type\":\"BreadcrumbList\",\"@id\":\"https:\/\/www.hairuwear.com\/sv\/product\/shattered-bob\/#breadcrumb\",\"itemListElement\":[{\"@type\":\"ListItem\",\"position\":1,\"name\":\"Home\",\"item\":\"https:\/\/www.hairuwear.com\/\"},{\"@type\":\"ListItem\",\"position\":2,\"name\":\"Products &#038; Solutions\",\"item\":\"https:\/\/www.hairuwear.com\/es\/products-solutions\/\"},{\"@type\":\"ListItem\",\"position\":3,\"name\":\"Shattered Bob\"}]},{\"@type\":\"WebSite\",\"@id\":\"https:\/\/www.hairuwear.com\/nl\/#website\",\"url\":\"https:\/\/www.hairuwear.com\/nl\/\",\"name\":\"HairUWear\",\"description\":\"We inspire women and men throughout the world to see all the possibilities of alternative hair.\",\"publisher\":{\"@id\":\"https:\/\/www.hairuwear.com\/nl\/#organization\"},\"potentialAction\":[{\"@type\":\"SearchAction\",\"target\":{\"@type\":\"EntryPoint\",\"urlTemplate\":\"https:\/\/www.hairuwear.com\/nl\/?s={search_term_string}\"},\"query-input\":{\"@type\":\"PropertyValueSpecification\",\"valueRequired\":true,\"valueName\":\"search_term_string\"}}],\"inLanguage\":\"pt-PT\"},{\"@type\":\"Organization\",\"@id\":\"https:\/\/www.hairuwear.com\/nl\/#organization\",\"name\":\"HairUWear\",\"url\":\"https:\/\/www.hairuwear.com\/nl\/\",\"logo\":{\"@type\":\"ImageObject\",\"inLanguage\":\"pt-PT\",\"@id\":\"https:\/\/www.hairuwear.com\/nl\/#\/schema\/logo\/image\/\",\"url\":\"https:\/\/hairuwear.com\/wp-content\/uploads\/2024\/02\/HUW-logo-black-square.jpg\",\"contentUrl\":\"https:\/\/hairuwear.com\/wp-content\/uploads\/2024\/02\/HUW-logo-black-square.jpg\",\"width\":1000,\"height\":1000,\"caption\":\"HairUWear\"},\"image\":{\"@id\":\"https:\/\/www.hairuwear.com\/nl\/#\/schema\/logo\/image\/\"},\"sameAs\":[\"https:\/\/www.facebook.com\/HairUWearINC\",\"https:\/\/www.instagram.com\/hairuwear_inc\/\",\"https:\/\/www.youtube.com\/channel\/UCooHA3ZvNM3CfbjxHAUUZlg\",\"https:\/\/www.linkedin.com\/company\/hairuwear\/\",\"https:\/\/www.pinterest.com\/hairuwear\/?invite_code=060417bbf4384977ac59e5e49e9e2f4a\"]}]}<\/script>\n<!-- \/ Yoast SEO plugin. -->","yoast_head_json":{"title":"Shattered Bob - HairUWear","description":"Tousled layers throughout make this trendy bob cut so easy to style. Textured bangs are easily worn onto the face or swept to the side.","robots":{"index":"index","follow":"follow","max-snippet":"max-snippet:-1","max-image-preview":"max-image-preview:large","max-video-preview":"max-video-preview:-1"},"canonical":"https:\/\/www.hairuwear.com\/pt\/product\/shattered-bob\/","og_locale":"pt_PT","og_type":"article","og_title":"Shattered Bob - HairUWear","og_description":"Tousled layers throughout make this trendy bob cut so easy to style. Textured bangs are easily worn onto the face or swept to the side.","og_url":"https:\/\/www.hairuwear.com\/pt\/product\/shattered-bob\/","og_site_name":"HairUWear","article_publisher":"https:\/\/www.facebook.com\/HairUWearINC","article_modified_time":"2023-12-07T18:24:11+00:00","og_image":[{"width":2046,"height":2560,"url":"https:\/\/www.hairuwear.com\/wp-content\/uploads\/2023\/12\/HD-Shattered-Bob-Model-Front-1-scaled.jpg","type":"image\/jpeg"}],"twitter_card":"summary_large_image","twitter_misc":{"Est. reading time":"1 minute"},"schema":{"@context":"https:\/\/schema.org","@graph":[{"@type":"WebPage","@id":"https:\/\/www.hairuwear.com\/sv\/product\/shattered-bob\/","url":"https:\/\/www.hairuwear.com\/sv\/product\/shattered-bob\/","name":"Shattered Bob - HairUWear","isPartOf":{"@id":"https:\/\/www.hairuwear.com\/nl\/#website"},"primaryImageOfPage":{"@id":"https:\/\/www.hairuwear.com\/sv\/product\/shattered-bob\/#primaryimage"},"image":{"@id":"https:\/\/www.hairuwear.com\/sv\/product\/shattered-bob\/#primaryimage"},"thumbnailUrl":"https:\/\/www.hairuwear.com\/wp-content\/uploads\/2023\/12\/HD-Shattered-Bob-Model-Front-1-scaled.jpg","datePublished":"2023-01-18T13:25:52+00:00","dateModified":"2023-12-07T18:24:11+00:00","description":"Tousled layers throughout make this trendy bob cut so easy to style. Textured bangs are easily worn onto the face or swept to the side.","breadcrumb":{"@id":"https:\/\/www.hairuwear.com\/sv\/product\/shattered-bob\/#breadcrumb"},"inLanguage":"pt-PT","potentialAction":[{"@type":"ReadAction","target":["https:\/\/www.hairuwear.com\/sv\/product\/shattered-bob\/"]}]},{"@type":"ImageObject","inLanguage":"pt-PT","@id":"https:\/\/www.hairuwear.com\/sv\/product\/shattered-bob\/#primaryimage","url":"https:\/\/www.hairuwear.com\/wp-content\/uploads\/2023\/12\/HD-Shattered-Bob-Model-Front-1-scaled.jpg","contentUrl":"https:\/\/www.hairuwear.com\/wp-content\/uploads\/2023\/12\/HD-Shattered-Bob-Model-Front-1-scaled.jpg","width":2046,"height":2560,"caption":"Shattered Bob in SS25 Rooted Ginger Blonde"},{"@type":"BreadcrumbList","@id":"https:\/\/www.hairuwear.com\/sv\/product\/shattered-bob\/#breadcrumb","itemListElement":[{"@type":"ListItem","position":1,"name":"Home","item":"https:\/\/www.hairuwear.com\/"},{"@type":"ListItem","position":2,"name":"Products &#038; Solutions","item":"https:\/\/www.hairuwear.com\/es\/products-solutions\/"},{"@type":"ListItem","position":3,"name":"Shattered Bob"}]},{"@type":"WebSite","@id":"https:\/\/www.hairuwear.com\/nl\/#website","url":"https:\/\/www.hairuwear.com\/nl\/","name":"HairUWear","description":"We inspire women and men throughout the world to see all the possibilities of alternative hair.","publisher":{"@id":"https:\/\/www.hairuwear.com\/nl\/#organization"},"potentialAction":[{"@type":"SearchAction","target":{"@type":"EntryPoint","urlTemplate":"https:\/\/www.hairuwear.com\/nl\/?s={search_term_string}"},"query-input":{"@type":"PropertyValueSpecification","valueRequired":true,"valueName":"search_term_string"}}],"inLanguage":"pt-PT"},{"@type":"Organization","@id":"https:\/\/www.hairuwear.com\/nl\/#organization","name":"HairUWear","url":"https:\/\/www.hairuwear.com\/nl\/","logo":{"@type":"ImageObject","inLanguage":"pt-PT","@id":"https:\/\/www.hairuwear.com\/nl\/#\/schema\/logo\/image\/","url":"https:\/\/hairuwear.com\/wp-content\/uploads\/2024\/02\/HUW-logo-black-square.jpg","contentUrl":"https:\/\/hairuwear.com\/wp-content\/uploads\/2024\/02\/HUW-logo-black-square.jpg","width":1000,"height":1000,"caption":"HairUWear"},"image":{"@id":"https:\/\/www.hairuwear.com\/nl\/#\/schema\/logo\/image\/"},"sameAs":["https:\/\/www.facebook.com\/HairUWearINC","https:\/\/www.instagram.com\/hairuwear_inc\/","https:\/\/www.youtube.com\/channel\/UCooHA3ZvNM3CfbjxHAUUZlg","https:\/\/www.linkedin.com\/company\/hairuwear\/","https:\/\/www.pinterest.com\/hairuwear\/?invite_code=060417bbf4384977ac59e5e49e9e2f4a"]}]}},"_links":{"self":[{"href":"https:\/\/www.hairuwear.com\/pt\/wp-json\/wp\/v2\/product\/91351","targetHints":{"allow":["GET"]}}],"collection":[{"href":"https:\/\/www.hairuwear.com\/pt\/wp-json\/wp\/v2\/product"}],"about":[{"href":"https:\/\/www.hairuwear.com\/pt\/wp-json\/wp\/v2\/types\/product"}],"version-history":[{"count":1,"href":"https:\/\/www.hairuwear.com\/pt\/wp-json\/wp\/v2\/product\/91351\/revisions"}],"predecessor-version":[{"id":91352,"href":"https:\/\/www.hairuwear.com\/pt\/wp-json\/wp\/v2\/product\/91351\/revisions\/91352"}],"wp:featuredmedia":[{"embeddable":true,"href":"https:\/\/www.hairuwear.com\/pt\/wp-json\/wp\/v2\/media\/91353"}],"wp:attachment":[{"href":"https:\/\/www.hairuwear.com\/pt\/wp-json\/wp\/v2\/media?parent=91351"}],"wp:term":[{"taxonomy":"product_brand","embeddable":true,"href":"https:\/\/www.hairuwear.com\/pt\/wp-json\/wp\/v2\/product_brand?post=91351"},{"taxonomy":"product_cat","embeddable":true,"href":"https:\/\/www.hairuwear.com\/pt\/wp-json\/wp\/v2\/product_cat?post=91351"},{"taxonomy":"product_tag","embeddable":true,"href":"https:\/\/www.hairuwear.com\/pt\/wp-json\/wp\/v2\/product_tag?post=91351"}],"curies":[{"name":"wp","href":"https:\/\/api.w.org\/{rel}","templated":true}]}}