{"id":159531,"date":"2024-04-12T11:51:02","date_gmt":"2024-04-12T16:51:02","guid":{"rendered":"https:\/\/hairuwear.com\/?page_id=159531"},"modified":"2024-09-17T15:18:05","modified_gmt":"2024-09-17T20:18:05","slug":"wig-faq","status":"publish","type":"page","link":"https:\/\/www.hairuwear.com\/sv\/wig-faq\/","title":{"rendered":"Wig FAQ\u2019s"},"content":{"rendered":"<div data-elementor-type=\"wp-page\" data-elementor-id=\"159531\" class=\"elementor elementor-159531\" data-elementor-post-type=\"page\">\n\t\t\t\t\t\t<section class=\"elementor-section elementor-top-section elementor-element elementor-element-36e254c elementor-section-boxed elementor-section-height-default elementor-section-height-default\" data-id=\"36e254c\" data-element_type=\"section\">\n\t\t\t\t\t\t<div class=\"elementor-container elementor-column-gap-default\">\n\t\t\t\t\t<div class=\"elementor-column elementor-col-100 elementor-top-column elementor-element elementor-element-38fb514\" data-id=\"38fb514\" data-element_type=\"column\">\n\t\t\t<div class=\"elementor-widget-wrap elementor-element-populated\">\n\t\t\t\t\t\t<div class=\"elementor-element elementor-element-b4ebd17 elementor-widget elementor-widget-heading\" data-id=\"b4ebd17\" data-element_type=\"widget\" data-widget_type=\"heading.default\">\n\t\t\t\t<div class=\"elementor-widget-container\">\n\t\t\t\t\t<h2 class=\"elementor-heading-title elementor-size-default\">Vanliga fr\u00e5gor om peruk<\/h2>\t\t\t\t<\/div>\n\t\t\t\t<\/div>\n\t\t\t\t<div class=\"elementor-element elementor-element-4cd95d8 elementor-widget elementor-widget-heading\" data-id=\"4cd95d8\" data-element_type=\"widget\" data-widget_type=\"heading.default\">\n\t\t\t\t<div class=\"elementor-widget-container\">\n\t\t\t\t\t<h3 class=\"elementor-heading-title elementor-size-default\">av hairwear<\/h3>\t\t\t\t<\/div>\n\t\t\t\t<\/div>\n\t\t\t\t\t<\/div>\n\t\t<\/div>\n\t\t\t\t\t<\/div>\n\t\t<\/section>\n\t\t\t\t<section class=\"elementor-section elementor-top-section elementor-element elementor-element-7a4f19b elementor-section-boxed elementor-section-height-default elementor-section-height-default\" data-id=\"7a4f19b\" data-element_type=\"section\">\n\t\t\t\t\t\t<div class=\"elementor-container elementor-column-gap-wider\">\n\t\t\t\t\t<div class=\"elementor-column elementor-col-50 elementor-top-column elementor-element elementor-element-1d5131f\" data-id=\"1d5131f\" data-element_type=\"column\">\n\t\t\t<div class=\"elementor-widget-wrap elementor-element-populated\">\n\t\t\t\t\t\t<div class=\"elementor-element elementor-element-732c7c7 elementor-widget elementor-widget-heading\" data-id=\"732c7c7\" data-element_type=\"widget\" data-widget_type=\"heading.default\">\n\t\t\t\t<div class=\"elementor-widget-container\">\n\t\t\t\t\t<h4 class=\"elementor-heading-title elementor-size-default\">Allm\u00e4n<\/h4>\t\t\t\t<\/div>\n\t\t\t\t<\/div>\n\t\t\t\t<div class=\"elementor-element elementor-element-620d6c6 elementor-widget elementor-widget-toggle\" data-id=\"620d6c6\" data-element_type=\"widget\" data-widget_type=\"toggle.default\">\n\t\t\t\t<div class=\"elementor-widget-container\">\n\t\t\t\t\t\t\t<div class=\"elementor-toggle\">\n\t\t\t\t\t\t\t<div class=\"elementor-toggle-item\">\n\t\t\t\t\t<div id=\"elementor-tab-title-1021\" class=\"elementor-tab-title\" data-tab=\"1\" role=\"button\" aria-controls=\"elementor-tab-content-1021\" aria-expanded=\"false\">\n\t\t\t\t\t\t\t\t\t\t\t\t<span class=\"elementor-toggle-icon elementor-toggle-icon-left\" aria-hidden=\"true\">\n\t\t\t\t\t\t\t\t\t\t\t\t\t\t\t<span class=\"elementor-toggle-icon-closed\"><i class=\"fas fa-caret-right\"><\/i><\/span>\n\t\t\t\t\t\t\t\t<span class=\"elementor-toggle-icon-opened\"><i class=\"elementor-toggle-icon-opened fas fa-caret-up\"><\/i><\/span>\n\t\t\t\t\t\t\t\t\t\t\t\t\t<\/span>\n\t\t\t\t\t\t\t\t\t\t\t\t<a class=\"elementor-toggle-title\" tabindex=\"0\">Hur m\u00e4ter du ditt huvud?<\/a>\n\t\t\t\t\t<\/div>\n\n\t\t\t\t\t<div id=\"elementor-tab-content-1021\" class=\"elementor-tab-content elementor-clearfix\" data-tab=\"1\" role=\"region\" aria-labelledby=\"elementor-tab-title-1021\"><p>Hitta storleken p\u00e5 din peruklock genom att m\u00e4ta omkretsen runt h\u00e5rf\u00e4stet. Anpassade peruker kr\u00e4ver \u00f6ra till \u00f6ra och fram-till-bak-m\u00e5tt ocks\u00e5. HairUWear erbjuder <a href=\"\/sv\/products-solutions\/?swoof=1&amp;pa_cap-size=petite\" target=\"_blank\" rel=\"noopener\">Petite<\/a>, <a href=\"\/sv\/products-solutions\/?swoof=1&amp;pa_cap-size=petite-average\" target=\"_blank\" rel=\"noopener\">Petite Average<\/a>, <a href=\"\/sv\/products-solutions\/?swoof=1&amp;pa_cap-size=average\" target=\"_blank\" rel=\"noopener\">Average<\/a>, <a href=\"\/sv\/products-solutions\/?swoof=1&amp;pa_cap-size=average-large\" target=\"_blank\" rel=\"noopener\">Average Large<\/a> och <a href=\"\/sv\/products-solutions\/?swoof=1&amp;pa_cap-size=large\" target=\"_blank\" rel=\"noopener\">Large<\/a> keps storlek peruker. <a href=\"https:\/\/www.youtube.com\/watch?v=lOtBUgeVL9Y\" target=\"_blank\" rel=\"noopener\">Se en handledning h\u00e4r.<\/a><\/p><\/div>\n\t\t\t\t<\/div>\n\t\t\t\t\t\t\t<div class=\"elementor-toggle-item\">\n\t\t\t\t\t<div id=\"elementor-tab-title-1022\" class=\"elementor-tab-title\" data-tab=\"2\" role=\"button\" aria-controls=\"elementor-tab-content-1022\" aria-expanded=\"false\">\n\t\t\t\t\t\t\t\t\t\t\t\t<span class=\"elementor-toggle-icon elementor-toggle-icon-left\" aria-hidden=\"true\">\n\t\t\t\t\t\t\t\t\t\t\t\t\t\t\t<span class=\"elementor-toggle-icon-closed\"><i class=\"fas fa-caret-right\"><\/i><\/span>\n\t\t\t\t\t\t\t\t<span class=\"elementor-toggle-icon-opened\"><i class=\"elementor-toggle-icon-opened fas fa-caret-up\"><\/i><\/span>\n\t\t\t\t\t\t\t\t\t\t\t\t\t<\/span>\n\t\t\t\t\t\t\t\t\t\t\t\t<a class=\"elementor-toggle-title\" tabindex=\"0\">Hur s\u00e4tter man p\u00e5 sig en peruk?<\/a>\n\t\t\t\t\t<\/div>\n\n\t\t\t\t\t<div id=\"elementor-tab-content-1022\" class=\"elementor-tab-content elementor-clearfix\" data-tab=\"2\" role=\"region\" aria-labelledby=\"elementor-tab-title-1022\"><p>F\u00f6rbered l\u00e4ngre h\u00e5r f\u00f6r att b\u00e4ra en peruk genom att f\u00e4sta med bobbyn\u00e5lar i ett sl\u00e4tt omlottm\u00f6nster som ligger n\u00e4ra huvudet. <a href=\"https:\/\/www.youtube.com\/watch?v=44XiI-ylDU8\" target=\"_blank\" rel=\"noopener\">Se en video om h\u00e5rinpackning h\u00e4r.<\/a><\/p><p>F\u00f6r att ta p\u00e5 en peruk, b\u00f6rja med att skaka den f\u00f6rsiktigt. Taggarna sitter i nacken p\u00e5 peruken. Placera framsidan av peruken mot din panna och dra peruken bak\u00e5t och \u00f6ver huvudet. Dra \u00e5t eller lossa remmarna om det beh\u00f6vs. <a href=\"https:\/\/www.youtube.com\/watch?v=DrEbyWmQivk\" target=\"_blank\" rel=\"noopener\">Se en handledning om att ta p\u00e5 en peruk h\u00e4r.<\/a><\/p><p><a href=\"\/sv\/how-to-put-on-a-wig\/\">F\u00f6r instruktioner p\u00e5 fler spr\u00e5k klicka h\u00e4r.<\/a><\/p><\/div>\n\t\t\t\t<\/div>\n\t\t\t\t\t\t\t<div class=\"elementor-toggle-item\">\n\t\t\t\t\t<div id=\"elementor-tab-title-1023\" class=\"elementor-tab-title\" data-tab=\"3\" role=\"button\" aria-controls=\"elementor-tab-content-1023\" aria-expanded=\"false\">\n\t\t\t\t\t\t\t\t\t\t\t\t<span class=\"elementor-toggle-icon elementor-toggle-icon-left\" aria-hidden=\"true\">\n\t\t\t\t\t\t\t\t\t\t\t\t\t\t\t<span class=\"elementor-toggle-icon-closed\"><i class=\"fas fa-caret-right\"><\/i><\/span>\n\t\t\t\t\t\t\t\t<span class=\"elementor-toggle-icon-opened\"><i class=\"elementor-toggle-icon-opened fas fa-caret-up\"><\/i><\/span>\n\t\t\t\t\t\t\t\t\t\t\t\t\t<\/span>\n\t\t\t\t\t\t\t\t\t\t\t\t<a class=\"elementor-toggle-title\" tabindex=\"0\">Att v\u00e4lja en peruk<\/a>\n\t\t\t\t\t<\/div>\n\n\t\t\t\t\t<div id=\"elementor-tab-content-1023\" class=\"elementor-tab-content elementor-clearfix\" data-tab=\"3\" role=\"region\" aria-labelledby=\"elementor-tab-title-1023\"><p>N\u00e4r du v\u00e4ljer en peruk kommer du att \u00f6verv\u00e4ga kepskonstruktion, speciella egenskaper som spetsfronter och monofilamentomr\u00e5den, m\u00e4nniskoh\u00e5r eller syntetfiber, samt l\u00e4ngd, sk\u00e4rning, struktur och f\u00e4rg. <a href=\"https:\/\/www.youtube.com\/watch?v=K1yzdvaNVWI\" target=\"_blank\" rel=\"noopener\">Vad ska man t\u00e4nka p\u00e5 n\u00e4r man v\u00e4ljer peruk.<\/a><\/p><p>Att best\u00e4mma formen p\u00e5 ditt ansikte kan ge stilf\u00f6rslag n\u00e4r du v\u00e4ljer en ny peruk. <a href=\"\/sv\/wig-faq\/face-shape\/\">Hitta din ansiktsform.<\/a><\/p><\/div>\n\t\t\t\t<\/div>\n\t\t\t\t\t\t\t\t<\/div>\n\t\t\t\t\t\t<\/div>\n\t\t\t\t<\/div>\n\t\t\t\t\t<\/div>\n\t\t<\/div>\n\t\t\t\t<div class=\"elementor-column elementor-col-50 elementor-top-column elementor-element elementor-element-33a530a\" data-id=\"33a530a\" data-element_type=\"column\">\n\t\t\t<div class=\"elementor-widget-wrap elementor-element-populated\">\n\t\t\t\t\t\t<div class=\"elementor-element elementor-element-b4d8392 elementor-widget elementor-widget-heading\" data-id=\"b4d8392\" data-element_type=\"widget\" data-widget_type=\"heading.default\">\n\t\t\t\t<div class=\"elementor-widget-container\">\n\t\t\t\t\t<h4 class=\"elementor-heading-title elementor-size-default\">Styling &amp; V\u00e5rd<\/h4>\t\t\t\t<\/div>\n\t\t\t\t<\/div>\n\t\t\t\t<div class=\"elementor-element elementor-element-a97b246 elementor-widget elementor-widget-toggle\" data-id=\"a97b246\" data-element_type=\"widget\" data-widget_type=\"toggle.default\">\n\t\t\t\t<div class=\"elementor-widget-container\">\n\t\t\t\t\t\t\t<div class=\"elementor-toggle\">\n\t\t\t\t\t\t\t<div class=\"elementor-toggle-item\">\n\t\t\t\t\t<div id=\"elementor-tab-title-1771\" class=\"elementor-tab-title\" data-tab=\"1\" role=\"button\" aria-controls=\"elementor-tab-content-1771\" aria-expanded=\"false\">\n\t\t\t\t\t\t\t\t\t\t\t\t<span class=\"elementor-toggle-icon elementor-toggle-icon-left\" aria-hidden=\"true\">\n\t\t\t\t\t\t\t\t\t\t\t\t\t\t\t<span class=\"elementor-toggle-icon-closed\"><i class=\"fas fa-caret-right\"><\/i><\/span>\n\t\t\t\t\t\t\t\t<span class=\"elementor-toggle-icon-opened\"><i class=\"elementor-toggle-icon-opened fas fa-caret-up\"><\/i><\/span>\n\t\t\t\t\t\t\t\t\t\t\t\t\t<\/span>\n\t\t\t\t\t\t\t\t\t\t\t\t<a class=\"elementor-toggle-title\" tabindex=\"0\">Peruk uppackning<\/a>\n\t\t\t\t\t<\/div>\n\n\t\t\t\t\t<div id=\"elementor-tab-content-1771\" class=\"elementor-tab-content elementor-clearfix\" data-tab=\"1\" role=\"region\" aria-labelledby=\"elementor-tab-title-1771\"><p>Vissa perukstilar \u00e4r packade ut och in f\u00f6r att bevara stylingen. N\u00e4r du f\u00f6rst f\u00e5r din nya peruk, se till att l\u00e4sa alla instruktioner som ing\u00e5r i kartongen, p\u00e5 h\u00e4ngetiketten och etiketterna inuti peruken. <a href=\"https:\/\/www.youtube.com\/watch?v=TEt1udiYTNU\" target=\"_blank\" rel=\"noopener\">Vad man ska t\u00e4nka p\u00e5 n\u00e4r man packar upp en peruk.<\/a><\/p><p>Vissa peruker inkluderar ett skyddande foder f\u00f6r att ge ett extra lager av hygieniskt skydd. <a href=\"https:\/\/www.youtube.com\/watch?v=pQZ3x5JMAgw\" target=\"_blank\" rel=\"noopener\">Vad \u00e4r ett skyddande foder?<\/a> Prova peruken med skyddsfodret p\u00e5 plats. Eftersom fodret inte str\u00e4cker sig kan passformen k\u00e4nnas \u00e5tsittande och\/eller att peruken inte sitter ordentligt. Bed\u00f6m inte passformen med skyddsfodret p\u00e5 plats. Om du \u00e4lskar din nya peruk och har best\u00e4mt dig f\u00f6r att beh\u00e5lla den \u00e4r det nu dags att ta bort skyddsfodret. Ta bort skyddsfodret genom att f\u00f6rsiktigt klippa av tr\u00e5darna som f\u00e4ster den p\u00e5 peruklocket. En liten sax eller en s\u00f6mklippare fungerar b\u00e4st. Arbeta l\u00e5ngsamt och var noga med att inte dra, slita eller sk\u00e4ra i perukk\u00e5pan. <em>Peruken f\u00e5r inte returneras f\u00f6r \u00e5terbetalning eller bytas ut om antingen fodret eller h\u00e4nglappen tas bort.<\/em><\/p><\/div>\n\t\t\t\t<\/div>\n\t\t\t\t\t\t\t<div class=\"elementor-toggle-item\">\n\t\t\t\t\t<div id=\"elementor-tab-title-1772\" class=\"elementor-tab-title\" data-tab=\"2\" role=\"button\" aria-controls=\"elementor-tab-content-1772\" aria-expanded=\"false\">\n\t\t\t\t\t\t\t\t\t\t\t\t<span class=\"elementor-toggle-icon elementor-toggle-icon-left\" aria-hidden=\"true\">\n\t\t\t\t\t\t\t\t\t\t\t\t\t\t\t<span class=\"elementor-toggle-icon-closed\"><i class=\"fas fa-caret-right\"><\/i><\/span>\n\t\t\t\t\t\t\t\t<span class=\"elementor-toggle-icon-opened\"><i class=\"elementor-toggle-icon-opened fas fa-caret-up\"><\/i><\/span>\n\t\t\t\t\t\t\t\t\t\t\t\t\t<\/span>\n\t\t\t\t\t\t\t\t\t\t\t\t<a class=\"elementor-toggle-title\" tabindex=\"0\">Hur man stylar och v\u00e5rdar en peruk<\/a>\n\t\t\t\t\t<\/div>\n\n\t\t\t\t\t<div id=\"elementor-tab-content-1772\" class=\"elementor-tab-content elementor-clearfix\" data-tab=\"2\" role=\"region\" aria-labelledby=\"elementor-tab-title-1772\"><p>Sk\u00f6tselanvisningar beror p\u00e5 perukens h\u00e5rfibrer.<\/p><p><a href=\"\/sv\/hair-fibers-care\/#huw-kff\" target=\"_blank\" rel=\"noopener\">Kanekalon Flexlite Fiberv\u00e5rd<\/a><\/p><p><a href=\"\/sv\/hair-fibers-care\/#huw-kehfsh\" target=\"_blank\" rel=\"noopener\">Kanekalon Excelle V\u00e4rmev\u00e4nlig syntetisk h\u00e5rv\u00e5rd<\/a><\/p><p><a href=\"\/sv\/hair-fibers-care\/#huw-t2l\" target=\"_blank\" rel=\"noopener\">Tru2Life V\u00e4rmev\u00e4nlig syntetisk h\u00e5rv\u00e5rd<\/a><\/p><p><a href=\"\/sv\/hair-fibers-care\/#huw-kvf\" target=\"_blank\" rel=\"noopener\">Kanekalon Vibralite Fiberv\u00e5rd<\/a><\/p><p><a href=\"\/sv\/hair-fibers-care\/#huw-crhh\" target=\"_blank\" rel=\"noopener\">Certifierad remy m\u00e4nsklig h\u00e5rv\u00e5rd<\/a><\/p><p><a href=\"\/sv\/hair-fibers-care\/#huw-hh\" target=\"_blank\" rel=\"noopener\">M\u00e4nniskoh\u00e5rv\u00e5rd<\/a><\/p><\/div>\n\t\t\t\t<\/div>\n\t\t\t\t\t\t\t<div class=\"elementor-toggle-item\">\n\t\t\t\t\t<div id=\"elementor-tab-title-1773\" class=\"elementor-tab-title\" data-tab=\"3\" role=\"button\" aria-controls=\"elementor-tab-content-1773\" aria-expanded=\"false\">\n\t\t\t\t\t\t\t\t\t\t\t\t<span class=\"elementor-toggle-icon elementor-toggle-icon-left\" aria-hidden=\"true\">\n\t\t\t\t\t\t\t\t\t\t\t\t\t\t\t<span class=\"elementor-toggle-icon-closed\"><i class=\"fas fa-caret-right\"><\/i><\/span>\n\t\t\t\t\t\t\t\t<span class=\"elementor-toggle-icon-opened\"><i class=\"elementor-toggle-icon-opened fas fa-caret-up\"><\/i><\/span>\n\t\t\t\t\t\t\t\t\t\t\t\t\t<\/span>\n\t\t\t\t\t\t\t\t\t\t\t\t<a class=\"elementor-toggle-title\" tabindex=\"0\">Hur man tv\u00e4ttar en peruk<\/a>\n\t\t\t\t\t<\/div>\n\n\t\t\t\t\t<div id=\"elementor-tab-content-1773\" class=\"elementor-tab-content elementor-clearfix\" data-tab=\"3\" role=\"region\" aria-labelledby=\"elementor-tab-title-1773\"><p>Var f\u00f6rsiktig n\u00e4r du tv\u00e4ttar din syntetiska peruk genom att f\u00f6lja dessa enkla steg f\u00f6r skonsam trassel, reng\u00f6ring, sk\u00f6ljning och torkning. <a href=\"https:\/\/www.youtube.com\/watch?v=ymohn4XDcII\" target=\"_blank\" rel=\"noopener\">Steg f\u00f6r skonsam avtrassel, reng\u00f6ring, sk\u00f6ljning och torkning av syntetiska peruker.<\/a> L\u00e4s dessutom sk\u00f6tselinstruktionerna som medf\u00f6ljer din Raquel Welch-, Gabor-, Hairdo- eller HIM-perukstil.<\/p><p>F\u00f6r att j\u00e4mna ut v\u00e4rmev\u00e4nliga Tru2Life- eller Excelle-fiber: tv\u00e4tta, konditionera och spraya med <a href=\"\/sv\/product\/restore\/\" target=\"_blank\" rel=\"noopener\">Restore Leave-in Conditioner<\/a> fr\u00e5n HairUWear, f\u00f6na sedan med l\u00e5g-medelv\u00e4rme. Fiber kommer att skadas om v\u00e4rmeinst\u00e4llningen \u00e4r f\u00f6r h\u00f6g. Vi rekommenderar inte att locka, f\u00f6na eller r\u00e4ta ut h\u00e5ret medan du b\u00e4r; v\u00e4rmev\u00e4nlig syntetfiber blir mycket het och kan orsaka br\u00e4nnskador. <a href=\"https:\/\/www.youtube.com\/watch?v=dt3nWKdB6Ew\" target=\"_blank\" rel=\"noopener\">Hur man bibeh\u00e5ller v\u00e4rmev\u00e4nlig fiber.<\/a><\/p><\/div>\n\t\t\t\t<\/div>\n\t\t\t\t\t\t\t\t<\/div>\n\t\t\t\t\t\t<\/div>\n\t\t\t\t<\/div>\n\t\t\t\t\t<\/div>\n\t\t<\/div>\n\t\t\t\t\t<\/div>\n\t\t<\/section>\n\t\t\t\t<\/div>","protected":false},"excerpt":{"rendered":"<p>Wig FAQ\u2019s by hairuwear General How do you measure your head? Find your wig cap size by measuring the circumference around the hairline. Custom wigs require ear to ear and front to back measurements as well. HairUWear offers Petite, Petite Average, Average, Average Large and Large cap size wigs. Watch a tutorial here. How do [\u2026]<\/p>","protected":false},"author":2,"featured_media":33245,"parent":0,"menu_order":0,"comment_status":"closed","ping_status":"closed","template":"page-templates\/homepage.php","meta":{"footnotes":""},"class_list":["post-159531","page","type-page","status-publish","has-post-thumbnail","hentry"],"yoast_head":"<!-- This site is optimized with the Yoast SEO plugin v25.3.1 - https:\/\/yoast.com\/wordpress\/plugins\/seo\/ -->\n<title>Wig FAQ&#039;s - HairUWear<\/title>\n<meta name=\"robots\" content=\"index, follow, max-snippet:-1, max-image-preview:large, max-video-preview:-1\" \/>\n<link rel=\"canonical\" href=\"http:\/\/www.hairuwear.com\/sv\/wig-faq\/\" \/>\n<meta property=\"og:locale\" content=\"sv_SE\" \/>\n<meta property=\"og:type\" content=\"article\" \/>\n<meta property=\"og:title\" content=\"Wig FAQ&#039;s - HairUWear\" \/>\n<meta property=\"og:description\" content=\"Wig FAQ&#8217;s by hairuwear General How do you measure your head? Find your wig cap size by measuring the circumference around the hairline. Custom wigs require ear to ear and front to back measurements as well. HairUWear offers Petite, Petite Average, Average, Average Large and Large cap size wigs. Watch a tutorial here. How do [&hellip;]\" \/>\n<meta property=\"og:url\" content=\"http:\/\/www.hairuwear.com\/sv\/wig-faq\/\" \/>\n<meta property=\"og:site_name\" content=\"HairUWear\" \/>\n<meta property=\"article:publisher\" content=\"https:\/\/www.facebook.com\/HairUWearINC\" \/>\n<meta property=\"article:modified_time\" content=\"2024-09-17T20:18:05+00:00\" \/>\n<meta property=\"og:image\" content=\"http:\/\/www.hairuwear.com\/wp-content\/uploads\/2022\/08\/RW-Group-Model-Cool-Tones-2019-1-square-scaled.jpg\" \/>\n\t<meta property=\"og:image:width\" content=\"2560\" \/>\n\t<meta property=\"og:image:height\" content=\"2560\" \/>\n\t<meta property=\"og:image:type\" content=\"image\/jpeg\" \/>\n<meta name=\"twitter:card\" content=\"summary_large_image\" \/>\n<meta name=\"twitter:label1\" content=\"Est. reading time\" \/>\n\t<meta name=\"twitter:data1\" content=\"3 minutes\" \/>\n<script type=\"application\/ld+json\" class=\"yoast-schema-graph\">{\"@context\":\"https:\/\/schema.org\",\"@graph\":[{\"@type\":\"WebPage\",\"@id\":\"http:\/\/www.hairuwear.com\/wig-faq\/\",\"url\":\"http:\/\/www.hairuwear.com\/wig-faq\/\",\"name\":\"Wig FAQ's - HairUWear\",\"isPartOf\":{\"@id\":\"https:\/\/www.hairuwear.com\/nl\/#website\"},\"primaryImageOfPage\":{\"@id\":\"http:\/\/www.hairuwear.com\/wig-faq\/#primaryimage\"},\"image\":{\"@id\":\"http:\/\/www.hairuwear.com\/wig-faq\/#primaryimage\"},\"thumbnailUrl\":\"https:\/\/www.hairuwear.com\/wp-content\/uploads\/2022\/08\/RW-Group-Model-Cool-Tones-2019-1-square-scaled.jpg\",\"datePublished\":\"2024-04-12T16:51:02+00:00\",\"dateModified\":\"2024-09-17T20:18:05+00:00\",\"breadcrumb\":{\"@id\":\"http:\/\/www.hairuwear.com\/wig-faq\/#breadcrumb\"},\"inLanguage\":\"sv-SE\",\"potentialAction\":[{\"@type\":\"ReadAction\",\"target\":[\"http:\/\/www.hairuwear.com\/wig-faq\/\"]}]},{\"@type\":\"ImageObject\",\"inLanguage\":\"sv-SE\",\"@id\":\"http:\/\/www.hairuwear.com\/wig-faq\/#primaryimage\",\"url\":\"https:\/\/www.hairuwear.com\/wp-content\/uploads\/2022\/08\/RW-Group-Model-Cool-Tones-2019-1-square-scaled.jpg\",\"contentUrl\":\"https:\/\/www.hairuwear.com\/wp-content\/uploads\/2022\/08\/RW-Group-Model-Cool-Tones-2019-1-square-scaled.jpg\",\"width\":2560,\"height\":2560,\"caption\":\"Models wearing Raquel Welch wigs in cool tones\"},{\"@type\":\"BreadcrumbList\",\"@id\":\"http:\/\/www.hairuwear.com\/wig-faq\/#breadcrumb\",\"itemListElement\":[{\"@type\":\"ListItem\",\"position\":1,\"name\":\"Home\",\"item\":\"https:\/\/www.hairuwear.com\/\"},{\"@type\":\"ListItem\",\"position\":2,\"name\":\"Wig FAQ&#8217;s\"}]},{\"@type\":\"WebSite\",\"@id\":\"https:\/\/www.hairuwear.com\/nl\/#website\",\"url\":\"https:\/\/www.hairuwear.com\/nl\/\",\"name\":\"HairUWear\",\"description\":\"We inspire women and men throughout the world to see all the possibilities of alternative hair.\",\"publisher\":{\"@id\":\"https:\/\/www.hairuwear.com\/nl\/#organization\"},\"potentialAction\":[{\"@type\":\"SearchAction\",\"target\":{\"@type\":\"EntryPoint\",\"urlTemplate\":\"https:\/\/www.hairuwear.com\/nl\/?s={search_term_string}\"},\"query-input\":{\"@type\":\"PropertyValueSpecification\",\"valueRequired\":true,\"valueName\":\"search_term_string\"}}],\"inLanguage\":\"sv-SE\"},{\"@type\":\"Organization\",\"@id\":\"https:\/\/www.hairuwear.com\/nl\/#organization\",\"name\":\"HairUWear\",\"url\":\"https:\/\/www.hairuwear.com\/nl\/\",\"logo\":{\"@type\":\"ImageObject\",\"inLanguage\":\"sv-SE\",\"@id\":\"https:\/\/www.hairuwear.com\/nl\/#\/schema\/logo\/image\/\",\"url\":\"https:\/\/hairuwear.com\/wp-content\/uploads\/2024\/02\/HUW-logo-black-square.jpg\",\"contentUrl\":\"https:\/\/hairuwear.com\/wp-content\/uploads\/2024\/02\/HUW-logo-black-square.jpg\",\"width\":1000,\"height\":1000,\"caption\":\"HairUWear\"},\"image\":{\"@id\":\"https:\/\/www.hairuwear.com\/nl\/#\/schema\/logo\/image\/\"},\"sameAs\":[\"https:\/\/www.facebook.com\/HairUWearINC\",\"https:\/\/www.instagram.com\/hairuwear_inc\/\",\"https:\/\/www.youtube.com\/channel\/UCooHA3ZvNM3CfbjxHAUUZlg\",\"https:\/\/www.linkedin.com\/company\/hairuwear\/\",\"https:\/\/www.pinterest.com\/hairuwear\/?invite_code=060417bbf4384977ac59e5e49e9e2f4a\"]}]}<\/script>\n<!-- \/ Yoast SEO plugin. -->","yoast_head_json":{"title":"Wig FAQ's - HairUWear","robots":{"index":"index","follow":"follow","max-snippet":"max-snippet:-1","max-image-preview":"max-image-preview:large","max-video-preview":"max-video-preview:-1"},"canonical":"http:\/\/www.hairuwear.com\/sv\/wig-faq\/","og_locale":"sv_SE","og_type":"article","og_title":"Wig FAQ's - HairUWear","og_description":"Wig FAQ&#8217;s by hairuwear General How do you measure your head? Find your wig cap size by measuring the circumference around the hairline. Custom wigs require ear to ear and front to back measurements as well. HairUWear offers Petite, Petite Average, Average, Average Large and Large cap size wigs. Watch a tutorial here. How do [&hellip;]","og_url":"http:\/\/www.hairuwear.com\/sv\/wig-faq\/","og_site_name":"HairUWear","article_publisher":"https:\/\/www.facebook.com\/HairUWearINC","article_modified_time":"2024-09-17T20:18:05+00:00","og_image":[{"width":2560,"height":2560,"url":"http:\/\/www.hairuwear.com\/wp-content\/uploads\/2022\/08\/RW-Group-Model-Cool-Tones-2019-1-square-scaled.jpg","type":"image\/jpeg"}],"twitter_card":"summary_large_image","twitter_misc":{"Est. reading time":"3 minutes"},"schema":{"@context":"https:\/\/schema.org","@graph":[{"@type":"WebPage","@id":"http:\/\/www.hairuwear.com\/wig-faq\/","url":"http:\/\/www.hairuwear.com\/wig-faq\/","name":"Wig FAQ's - HairUWear","isPartOf":{"@id":"https:\/\/www.hairuwear.com\/nl\/#website"},"primaryImageOfPage":{"@id":"http:\/\/www.hairuwear.com\/wig-faq\/#primaryimage"},"image":{"@id":"http:\/\/www.hairuwear.com\/wig-faq\/#primaryimage"},"thumbnailUrl":"https:\/\/www.hairuwear.com\/wp-content\/uploads\/2022\/08\/RW-Group-Model-Cool-Tones-2019-1-square-scaled.jpg","datePublished":"2024-04-12T16:51:02+00:00","dateModified":"2024-09-17T20:18:05+00:00","breadcrumb":{"@id":"http:\/\/www.hairuwear.com\/wig-faq\/#breadcrumb"},"inLanguage":"sv-SE","potentialAction":[{"@type":"ReadAction","target":["http:\/\/www.hairuwear.com\/wig-faq\/"]}]},{"@type":"ImageObject","inLanguage":"sv-SE","@id":"http:\/\/www.hairuwear.com\/wig-faq\/#primaryimage","url":"https:\/\/www.hairuwear.com\/wp-content\/uploads\/2022\/08\/RW-Group-Model-Cool-Tones-2019-1-square-scaled.jpg","contentUrl":"https:\/\/www.hairuwear.com\/wp-content\/uploads\/2022\/08\/RW-Group-Model-Cool-Tones-2019-1-square-scaled.jpg","width":2560,"height":2560,"caption":"Models wearing Raquel Welch wigs in cool tones"},{"@type":"BreadcrumbList","@id":"http:\/\/www.hairuwear.com\/wig-faq\/#breadcrumb","itemListElement":[{"@type":"ListItem","position":1,"name":"Home","item":"https:\/\/www.hairuwear.com\/"},{"@type":"ListItem","position":2,"name":"Wig FAQ&#8217;s"}]},{"@type":"WebSite","@id":"https:\/\/www.hairuwear.com\/nl\/#website","url":"https:\/\/www.hairuwear.com\/nl\/","name":"HairUWear","description":"We inspire women and men throughout the world to see all the possibilities of alternative hair.","publisher":{"@id":"https:\/\/www.hairuwear.com\/nl\/#organization"},"potentialAction":[{"@type":"SearchAction","target":{"@type":"EntryPoint","urlTemplate":"https:\/\/www.hairuwear.com\/nl\/?s={search_term_string}"},"query-input":{"@type":"PropertyValueSpecification","valueRequired":true,"valueName":"search_term_string"}}],"inLanguage":"sv-SE"},{"@type":"Organization","@id":"https:\/\/www.hairuwear.com\/nl\/#organization","name":"HairUWear","url":"https:\/\/www.hairuwear.com\/nl\/","logo":{"@type":"ImageObject","inLanguage":"sv-SE","@id":"https:\/\/www.hairuwear.com\/nl\/#\/schema\/logo\/image\/","url":"https:\/\/hairuwear.com\/wp-content\/uploads\/2024\/02\/HUW-logo-black-square.jpg","contentUrl":"https:\/\/hairuwear.com\/wp-content\/uploads\/2024\/02\/HUW-logo-black-square.jpg","width":1000,"height":1000,"caption":"HairUWear"},"image":{"@id":"https:\/\/www.hairuwear.com\/nl\/#\/schema\/logo\/image\/"},"sameAs":["https:\/\/www.facebook.com\/HairUWearINC","https:\/\/www.instagram.com\/hairuwear_inc\/","https:\/\/www.youtube.com\/channel\/UCooHA3ZvNM3CfbjxHAUUZlg","https:\/\/www.linkedin.com\/company\/hairuwear\/","https:\/\/www.pinterest.com\/hairuwear\/?invite_code=060417bbf4384977ac59e5e49e9e2f4a"]}]}},"_links":{"self":[{"href":"https:\/\/www.hairuwear.com\/sv\/wp-json\/wp\/v2\/pages\/159531","targetHints":{"allow":["GET"]}}],"collection":[{"href":"https:\/\/www.hairuwear.com\/sv\/wp-json\/wp\/v2\/pages"}],"about":[{"href":"https:\/\/www.hairuwear.com\/sv\/wp-json\/wp\/v2\/types\/page"}],"author":[{"embeddable":true,"href":"https:\/\/www.hairuwear.com\/sv\/wp-json\/wp\/v2\/users\/2"}],"replies":[{"embeddable":true,"href":"https:\/\/www.hairuwear.com\/sv\/wp-json\/wp\/v2\/comments?post=159531"}],"version-history":[{"count":21,"href":"https:\/\/www.hairuwear.com\/sv\/wp-json\/wp\/v2\/pages\/159531\/revisions"}],"predecessor-version":[{"id":245297,"href":"https:\/\/www.hairuwear.com\/sv\/wp-json\/wp\/v2\/pages\/159531\/revisions\/245297"}],"wp:featuredmedia":[{"embeddable":true,"href":"https:\/\/www.hairuwear.com\/sv\/wp-json\/wp\/v2\/media\/33245"}],"wp:attachment":[{"href":"https:\/\/www.hairuwear.com\/sv\/wp-json\/wp\/v2\/media?parent=159531"}],"curies":[{"name":"wp","href":"https:\/\/api.w.org\/{rel}","templated":true}]}}